





{"id":78334,"date":"2024-11-24T12:20:47","date_gmt":"2024-11-24T11:20:47","guid":{"rendered":"https:\/\/repliquemangacine.fr\/?post_type=product&#038;p=78334"},"modified":"2026-04-12T17:59:02","modified_gmt":"2026-04-12T15:59:02","slug":"confedere-revolver-1860-envejecido","status":"publish","type":"product","link":"https:\/\/repliquemangacine.fr\/es\/colt-pistolet\/revolver-confedere-1860-vieilli\/","title":{"rendered":"Antiguo rev\u00f3lver confederado de 1860"},"content":{"rendered":"<h2>R\u00e9plica del rev\u00f3lver confederado de 1860: una obra de arte hist\u00f3rica<\/h2>\n<p>Empiece por sumergirse en la historia de la Guerra Civil estadounidense con este <strong>Antiguo rev\u00f3lver confederado de 1860<\/strong>. Fabricado por <a href=\"https:\/\/www.denix.fr\/fr\/\" target=\"_blank\" rel=\"noopener noreferrer\">Denix<\/a>, esta reproducci\u00f3n patinada y envejecida evoca el realismo y la autenticidad del pasado. Cada detalle, desde el ca\u00f1\u00f3n grabado hasta las elegantes l\u00edneas de la culata de madera. Cuidadosamente trabajada para reflejar el arma original utilizada por los oficiales confederados. Adem\u00e1s, el efecto patinado da una impresi\u00f3n de desgaste natural, como si esta pieza hubiera atravesado los campos de batalla de la \u00e9poca.<\/p>\n<p>Ideal para coleccionistas, recreaciones hist\u00f3ricas o exposiciones, este rev\u00f3lver es una aut\u00e9ntica inmersi\u00f3n en la historia. Ofrece un encanto atemporal a cualquier apasionado de las armas antiguas.<\/p>\n<h2>Una colecci\u00f3n completa de r\u00e9plicas patinadas de Denix<\/h2>\n<p>Adem\u00e1s del rev\u00f3lver confederado de 1860, Denix ha ampliado recientemente su cat\u00e1logo con una colecci\u00f3n de r\u00e9plicas de armas con un aspecto patinado y envejecido. De este modo, ofrece un mayor realismo a los coleccionistas y apasionados de la historia. Estas r\u00e9plicas simulan el desgaste del paso del tiempo, lo que confiere una autenticidad adicional a las piezas.<\/p>\n<p>Entre los modelos disponibles se encuentra la pistola Luger P08 Parabellum, utilizada durante las dos guerras mundiales. Esta r\u00e9plica met\u00e1lica presenta un acabado envejecido, con mecanismos funcionales como un cerrojo m\u00f3vil y un cargador extra\u00edble, aunque no es apta para disparar. Tambi\u00e9n est\u00e1 el M1 Garand, el primer rifle semiautom\u00e1tico est\u00e1ndar del ej\u00e9rcito estadounidense. Arma emblem\u00e1tica de la Segunda Guerra Mundial. Esta versi\u00f3n patinada y envejecida de este rifle ofrece a los coleccionistas y apasionados de la historia una reproducci\u00f3n fiel. Y mucho m\u00e1s por descubrir en nuestra tienda online R\u00e9plique Manga Cin\u00e9. Sin duda, Denix da un golpe de efecto con esta nueva gama.<\/p>\n<h2>\u00bfPor qu\u00e9 elegir el Rev\u00f3lver Confederado 1860 y c\u00f3mo se fabrica?<\/h2>\n<p>El rev\u00f3lver confederado de 1860 no es s\u00f3lo una r\u00e9plica, es un pedazo de historia en sus manos. Elegir este modelo significa apostar por la autenticidad y la artesan\u00eda. Fabricado en metal y madera de primera calidad. Dise\u00f1ada para ser fiel a la original sin dejar de ser inerte, en cumplimiento de la normativa sobre r\u00e9plicas de armas. De hecho, todos los mecanismos funcionan, pero est\u00e1 totalmente inutilizada para el disparo. Cada rev\u00f3lver se envejece a mano para crear un acabado \u00fanico que simula los efectos del tiempo. Cabe destacar que este proceso artesanal garantiza una pieza tan bella como aut\u00e9ntica, perfecta para realzar una colecci\u00f3n o sublimar una decoraci\u00f3n. En conclusi\u00f3n, con Denix, est\u00e1 invirtiendo en una r\u00e9plica que combina est\u00e9tica, historia y durabilidad.<\/p>\n<p>&nbsp;<\/p>\n<p>&nbsp;<\/p>","protected":false},"excerpt":{"rendered":"<p>Sublime reproducci\u00f3n del Rev\u00f3lver Confederado 1860 envejecido por Denix<\/p>\n<ul>\n<li>Todo metal (Zamac) y madera<\/li>\n<li>Patinado y envejecido a mano<\/li>\n<li>Stock de madera<\/li>\n<li>Mecanismos funcionales, pero incapaces de disparar<\/li>\n<li>Barril giratorio<\/li>\n<li><strong>No se requiere autorizaci\u00f3n. Venta y posesi\u00f3n libres.<\/strong><\/li>\n<li>Longitud total: 35 cm - Peso: 975 gr<\/li>\n<\/ul>","protected":false},"featured_media":84705,"template":"","meta":[],"product_brand":[896],"product_cat":[33,102,52,28,27],"product_tag":[],"class_list":{"0":"post-78334","1":"product","2":"type-product","3":"status-publish","4":"has-post-thumbnail","6":"product_brand-replique-manga-cine","7":"product_cat-colt-pistolet","8":"product_cat-denix","9":"product_cat-pistolet-ancien","10":"product_cat-repliques-darmes","11":"product_cat-armes-et-accessoires-western","13":"first","14":"instock","15":"sale","16":"taxable","17":"shipping-taxable","18":"purchasable","19":"product-type-simple"},"yoast_head":"<!-- This site is optimized with the Yoast SEO plugin v27.5 - https:\/\/yoast.com\/product\/yoast-seo-wordpress\/ -->\n<title>Revolver Conf\u00e9d\u00e9r\u00e9 1860 vieilli - Reproduction armes Denix | RMC<\/title>\n<meta name=\"description\" content=\"D\u00e9couvrez le Revolver Conf\u00e9d\u00e9r\u00e9 1860 vieilli par Denix : une r\u00e9plique authentique et d\u00e9taill\u00e9e, id\u00e9ale pour collectionneurs et passionn\u00e9s d\u2019histoire.\" \/>\n<meta name=\"robots\" content=\"index, follow, max-snippet:-1, max-image-preview:large, max-video-preview:-1\" \/>\n<link rel=\"canonical\" href=\"https:\/\/repliquemangacine.fr\/es\/pistola-colt\/confedere-revolver-1860-envejecido\/\" \/>\n<meta property=\"og:locale\" content=\"es_ES\" \/>\n<meta property=\"og:type\" content=\"article\" \/>\n<meta property=\"og:title\" content=\"Revolver Conf\u00e9d\u00e9r\u00e9 1860 vieilli - Reproduction armes Denix | RMC\" \/>\n<meta property=\"og:description\" content=\"D\u00e9couvrez le Revolver Conf\u00e9d\u00e9r\u00e9 1860 vieilli par Denix : une r\u00e9plique authentique et d\u00e9taill\u00e9e, id\u00e9ale pour collectionneurs et passionn\u00e9s d\u2019histoire.\" \/>\n<meta property=\"og:url\" content=\"https:\/\/repliquemangacine.fr\/es\/pistola-colt\/confedere-revolver-1860-envejecido\/\" \/>\n<meta property=\"og:site_name\" content=\"R\u00e9plique Manga Cin\u00e9\" \/>\n<meta property=\"article:publisher\" content=\"https:\/\/www.facebook.com\/RepliqueMangaCine\" \/>\n<meta property=\"article:modified_time\" content=\"2026-04-12T15:59:02+00:00\" \/>\n<meta property=\"og:image\" content=\"https:\/\/repliquemangacine.fr\/wp-content\/uploads\/2024\/11\/Revolver-Confedere-1860-vieilli.jpg\" \/>\n\t<meta property=\"og:image:width\" content=\"800\" \/>\n\t<meta property=\"og:image:height\" content=\"800\" \/>\n\t<meta property=\"og:image:type\" content=\"image\/jpeg\" \/>\n<meta name=\"twitter:card\" content=\"summary_large_image\" \/>\n<meta name=\"twitter:label1\" content=\"Tiempo de lectura\" \/>\n\t<meta name=\"twitter:data1\" content=\"3 minutos\" \/>\n<script type=\"application\/ld+json\" class=\"yoast-schema-graph\">{\"@context\":\"https:\\\/\\\/schema.org\",\"@graph\":[{\"@type\":\"WebPage\",\"@id\":\"https:\\\/\\\/repliquemangacine.fr\\\/colt-pistolet\\\/revolver-confedere-1860-vieilli\\\/\",\"url\":\"https:\\\/\\\/repliquemangacine.fr\\\/colt-pistolet\\\/revolver-confedere-1860-vieilli\\\/\",\"name\":\"Revolver Conf\u00e9d\u00e9r\u00e9 1860 vieilli - Reproduction armes Denix | RMC\",\"isPartOf\":{\"@id\":\"https:\\\/\\\/repliquemangacine.fr\\\/#website\"},\"primaryImageOfPage\":{\"@id\":\"https:\\\/\\\/repliquemangacine.fr\\\/colt-pistolet\\\/revolver-confedere-1860-vieilli\\\/#primaryimage\"},\"image\":{\"@id\":\"https:\\\/\\\/repliquemangacine.fr\\\/colt-pistolet\\\/revolver-confedere-1860-vieilli\\\/#primaryimage\"},\"thumbnailUrl\":\"https:\\\/\\\/repliquemangacine.fr\\\/wp-content\\\/uploads\\\/2024\\\/11\\\/Revolver-Confedere-1860-vieilli.jpg\",\"datePublished\":\"2024-11-24T11:20:47+00:00\",\"dateModified\":\"2026-04-12T15:59:02+00:00\",\"description\":\"D\u00e9couvrez le Revolver Conf\u00e9d\u00e9r\u00e9 1860 vieilli par Denix : une r\u00e9plique authentique et d\u00e9taill\u00e9e, id\u00e9ale pour collectionneurs et passionn\u00e9s d\u2019histoire.\",\"breadcrumb\":{\"@id\":\"https:\\\/\\\/repliquemangacine.fr\\\/colt-pistolet\\\/revolver-confedere-1860-vieilli\\\/#breadcrumb\"},\"inLanguage\":\"es\",\"potentialAction\":[{\"@type\":\"ReadAction\",\"target\":[\"https:\\\/\\\/repliquemangacine.fr\\\/colt-pistolet\\\/revolver-confedere-1860-vieilli\\\/\"]}]},{\"@type\":\"ImageObject\",\"inLanguage\":\"es\",\"@id\":\"https:\\\/\\\/repliquemangacine.fr\\\/colt-pistolet\\\/revolver-confedere-1860-vieilli\\\/#primaryimage\",\"url\":\"https:\\\/\\\/repliquemangacine.fr\\\/wp-content\\\/uploads\\\/2024\\\/11\\\/Revolver-Confedere-1860-vieilli.jpg\",\"contentUrl\":\"https:\\\/\\\/repliquemangacine.fr\\\/wp-content\\\/uploads\\\/2024\\\/11\\\/Revolver-Confedere-1860-vieilli.jpg\",\"width\":800,\"height\":800,\"caption\":\"Revolver Conf\u00e9d\u00e9r\u00e9 1860 vieilli denix\"},{\"@type\":\"BreadcrumbList\",\"@id\":\"https:\\\/\\\/repliquemangacine.fr\\\/colt-pistolet\\\/revolver-confedere-1860-vieilli\\\/#breadcrumb\",\"itemListElement\":[{\"@type\":\"ListItem\",\"position\":1,\"name\":\"Accueil\",\"item\":\"https:\\\/\\\/repliquemangacine.fr\\\/\"},{\"@type\":\"ListItem\",\"position\":2,\"name\":\"Produits\",\"item\":\"https:\\\/\\\/repliquemangacine.fr\\\/boutique\\\/\"},{\"@type\":\"ListItem\",\"position\":3,\"name\":\"Revolver Conf\u00e9d\u00e9r\u00e9 1860 vieilli\"}]},{\"@type\":\"WebSite\",\"@id\":\"https:\\\/\\\/repliquemangacine.fr\\\/#website\",\"url\":\"https:\\\/\\\/repliquemangacine.fr\\\/\",\"name\":\"R\u00e9plique Manga Cin\u00e9\",\"description\":\"\",\"publisher\":{\"@id\":\"https:\\\/\\\/repliquemangacine.fr\\\/#organization\"},\"potentialAction\":[{\"@type\":\"SearchAction\",\"target\":{\"@type\":\"EntryPoint\",\"urlTemplate\":\"https:\\\/\\\/repliquemangacine.fr\\\/?s={search_term_string}\"},\"query-input\":{\"@type\":\"PropertyValueSpecification\",\"valueRequired\":true,\"valueName\":\"search_term_string\"}}],\"inLanguage\":\"es\"},{\"@type\":\"Organization\",\"@id\":\"https:\\\/\\\/repliquemangacine.fr\\\/#organization\",\"name\":\"R\u00e9plique Manga Cin\u00e9\",\"url\":\"https:\\\/\\\/repliquemangacine.fr\\\/\",\"logo\":{\"@type\":\"ImageObject\",\"inLanguage\":\"es\",\"@id\":\"https:\\\/\\\/repliquemangacine.fr\\\/#\\\/schema\\\/logo\\\/image\\\/\",\"url\":\"https:\\\/\\\/repliquemangacine.fr\\\/wp-content\\\/uploads\\\/2023\\\/10\\\/RMC-500250.png\",\"contentUrl\":\"https:\\\/\\\/repliquemangacine.fr\\\/wp-content\\\/uploads\\\/2023\\\/10\\\/RMC-500250.png\",\"width\":500,\"height\":250,\"caption\":\"R\u00e9plique Manga Cin\u00e9\"},\"image\":{\"@id\":\"https:\\\/\\\/repliquemangacine.fr\\\/#\\\/schema\\\/logo\\\/image\\\/\"},\"sameAs\":[\"https:\\\/\\\/www.facebook.com\\\/RepliqueMangaCine\",\"https:\\\/\\\/www.instagram.com\\\/repliquemangacine.fr\\\/\"]}]}<\/script>\n<!-- \/ Yoast SEO plugin. -->","yoast_head_json":{"title":"Rev\u00f3lver Confederado Antiguo 1860 - Reproducci\u00f3n Armas Denix | RMC","description":"Descubra el Rev\u00f3lver Confederado de 1860 envejecido por Denix: una r\u00e9plica aut\u00e9ntica y detallada, ideal para coleccionistas y aficionados a la historia.","robots":{"index":"index","follow":"follow","max-snippet":"max-snippet:-1","max-image-preview":"max-image-preview:large","max-video-preview":"max-video-preview:-1"},"canonical":"https:\/\/repliquemangacine.fr\/es\/pistola-colt\/confedere-revolver-1860-envejecido\/","og_locale":"es_ES","og_type":"article","og_title":"Revolver Conf\u00e9d\u00e9r\u00e9 1860 vieilli - Reproduction armes Denix | RMC","og_description":"D\u00e9couvrez le Revolver Conf\u00e9d\u00e9r\u00e9 1860 vieilli par Denix : une r\u00e9plique authentique et d\u00e9taill\u00e9e, id\u00e9ale pour collectionneurs et passionn\u00e9s d\u2019histoire.","og_url":"https:\/\/repliquemangacine.fr\/es\/pistola-colt\/confedere-revolver-1860-envejecido\/","og_site_name":"R\u00e9plique Manga Cin\u00e9","article_publisher":"https:\/\/www.facebook.com\/RepliqueMangaCine","article_modified_time":"2026-04-12T15:59:02+00:00","og_image":[{"width":800,"height":800,"url":"https:\/\/repliquemangacine.fr\/wp-content\/uploads\/2024\/11\/Revolver-Confedere-1860-vieilli.jpg","type":"image\/jpeg"}],"twitter_card":"summary_large_image","twitter_misc":{"Tiempo de lectura":"3 minutos"},"schema":{"@context":"https:\/\/schema.org","@graph":[{"@type":"WebPage","@id":"https:\/\/repliquemangacine.fr\/colt-pistolet\/revolver-confedere-1860-vieilli\/","url":"https:\/\/repliquemangacine.fr\/colt-pistolet\/revolver-confedere-1860-vieilli\/","name":"Rev\u00f3lver Confederado Antiguo 1860 - Reproducci\u00f3n Armas Denix | RMC","isPartOf":{"@id":"https:\/\/repliquemangacine.fr\/#website"},"primaryImageOfPage":{"@id":"https:\/\/repliquemangacine.fr\/colt-pistolet\/revolver-confedere-1860-vieilli\/#primaryimage"},"image":{"@id":"https:\/\/repliquemangacine.fr\/colt-pistolet\/revolver-confedere-1860-vieilli\/#primaryimage"},"thumbnailUrl":"https:\/\/repliquemangacine.fr\/wp-content\/uploads\/2024\/11\/Revolver-Confedere-1860-vieilli.jpg","datePublished":"2024-11-24T11:20:47+00:00","dateModified":"2026-04-12T15:59:02+00:00","description":"Descubra el Rev\u00f3lver Confederado de 1860 envejecido por Denix: una r\u00e9plica aut\u00e9ntica y detallada, ideal para coleccionistas y aficionados a la historia.","breadcrumb":{"@id":"https:\/\/repliquemangacine.fr\/colt-pistolet\/revolver-confedere-1860-vieilli\/#breadcrumb"},"inLanguage":"es","potentialAction":[{"@type":"ReadAction","target":["https:\/\/repliquemangacine.fr\/colt-pistolet\/revolver-confedere-1860-vieilli\/"]}]},{"@type":"ImageObject","inLanguage":"es","@id":"https:\/\/repliquemangacine.fr\/colt-pistolet\/revolver-confedere-1860-vieilli\/#primaryimage","url":"https:\/\/repliquemangacine.fr\/wp-content\/uploads\/2024\/11\/Revolver-Confedere-1860-vieilli.jpg","contentUrl":"https:\/\/repliquemangacine.fr\/wp-content\/uploads\/2024\/11\/Revolver-Confedere-1860-vieilli.jpg","width":800,"height":800,"caption":"Revolver Conf\u00e9d\u00e9r\u00e9 1860 vieilli denix"},{"@type":"BreadcrumbList","@id":"https:\/\/repliquemangacine.fr\/colt-pistolet\/revolver-confedere-1860-vieilli\/#breadcrumb","itemListElement":[{"@type":"ListItem","position":1,"name":"Accueil","item":"https:\/\/repliquemangacine.fr\/"},{"@type":"ListItem","position":2,"name":"Produits","item":"https:\/\/repliquemangacine.fr\/boutique\/"},{"@type":"ListItem","position":3,"name":"Revolver Conf\u00e9d\u00e9r\u00e9 1860 vieilli"}]},{"@type":"WebSite","@id":"https:\/\/repliquemangacine.fr\/#website","url":"https:\/\/repliquemangacine.fr\/","name":"R\u00e9plique Manga Cin\u00e9","description":"","publisher":{"@id":"https:\/\/repliquemangacine.fr\/#organization"},"potentialAction":[{"@type":"SearchAction","target":{"@type":"EntryPoint","urlTemplate":"https:\/\/repliquemangacine.fr\/?s={search_term_string}"},"query-input":{"@type":"PropertyValueSpecification","valueRequired":true,"valueName":"search_term_string"}}],"inLanguage":"es"},{"@type":"Organization","@id":"https:\/\/repliquemangacine.fr\/#organization","name":"R\u00e9plique Manga Cin\u00e9","url":"https:\/\/repliquemangacine.fr\/","logo":{"@type":"ImageObject","inLanguage":"es","@id":"https:\/\/repliquemangacine.fr\/#\/schema\/logo\/image\/","url":"https:\/\/repliquemangacine.fr\/wp-content\/uploads\/2023\/10\/RMC-500250.png","contentUrl":"https:\/\/repliquemangacine.fr\/wp-content\/uploads\/2023\/10\/RMC-500250.png","width":500,"height":250,"caption":"R\u00e9plique Manga Cin\u00e9"},"image":{"@id":"https:\/\/repliquemangacine.fr\/#\/schema\/logo\/image\/"},"sameAs":["https:\/\/www.facebook.com\/RepliqueMangaCine","https:\/\/www.instagram.com\/repliquemangacine.fr\/"]}]}},"_links":{"self":[{"href":"https:\/\/repliquemangacine.fr\/es\/wp-json\/wp\/v2\/product\/78334","targetHints":{"allow":["GET"]}}],"collection":[{"href":"https:\/\/repliquemangacine.fr\/es\/wp-json\/wp\/v2\/product"}],"about":[{"href":"https:\/\/repliquemangacine.fr\/es\/wp-json\/wp\/v2\/types\/product"}],"wp:featuredmedia":[{"embeddable":true,"href":"https:\/\/repliquemangacine.fr\/es\/wp-json\/wp\/v2\/media\/84705"}],"wp:attachment":[{"href":"https:\/\/repliquemangacine.fr\/es\/wp-json\/wp\/v2\/media?parent=78334"}],"wp:term":[{"taxonomy":"product_brand","embeddable":true,"href":"https:\/\/repliquemangacine.fr\/es\/wp-json\/wp\/v2\/product_brand?post=78334"},{"taxonomy":"product_cat","embeddable":true,"href":"https:\/\/repliquemangacine.fr\/es\/wp-json\/wp\/v2\/product_cat?post=78334"},{"taxonomy":"product_tag","embeddable":true,"href":"https:\/\/repliquemangacine.fr\/es\/wp-json\/wp\/v2\/product_tag?post=78334"}],"curies":[{"name":"wp","href":"https:\/\/api.w.org\/{rel}","templated":true}]}}