





{"id":78310,"date":"2024-11-23T17:41:33","date_gmt":"2024-11-23T16:41:33","guid":{"rendered":"https:\/\/repliquemangacine.fr\/?post_type=product&#038;p=78310"},"modified":"2026-04-30T11:50:14","modified_gmt":"2026-04-30T09:50:14","slug":"katana-shuisui-hecha-a-mano-de-una-pieza","status":"publish","type":"product","link":"https:\/\/repliquemangacine.fr\/es\/katana-en-metal-one-piece\/katana-shuisui-hand-made-one-piece\/","title":{"rendered":"Katana Shusui Hecha a Mano - Una Pieza"},"content":{"rendered":"<h2>La Katana Artesanal Shusui: La Maldita con Prestigio Legendario<\/h2>\n<p>La Shusui Hand Made Katana, tambi\u00e9n conocida como \"la maldita\", un arma emblem\u00e1tica de <a href=\"https:\/\/onepiece.fandom.com\/fr\/wiki\/Roronoa_Zoro\" target=\"_blank\" rel=\"noopener noreferrer\">Roronoa Zoro<\/a> de una pieza. Parte del 21 \u014c Wazamono, esta hoja negra es conocida por su excepcional resistencia y fascinante dise\u00f1o. Fabricada totalmente a mano, esta katana presenta una hoja de acero al carbono preafilada, ideal para coleccionistas que buscan autenticidad y calidad. Su vaina de madera, recubierta de laca negra con ideogramas rosas, refleja a la perfecci\u00f3n su car\u00e1cter misterioso y temible. Su empu\u00f1adura, de piel de raya trenzada con algod\u00f3n negro, ofrece un agarre firme y agradable. La Shusui es mucho m\u00e1s que una espada: simboliza la tenacidad y la herencia de los grandes guerreros, encarnando el v\u00ednculo entre el arte del combate y el dominio de la espada. Una espada legendaria para los que se atreven a desafiar al destino.<\/p>\n<h2>Otras espadas m\u00edticas de One Piece<\/h2>\n<p>El universo One Piece est\u00e1 lleno de espadas y armas tan \u00fanicas como sus portadores. La p\u00e1gina <a href=\"https:\/\/repliquemangacine.fr\/es\/katana-de-metal-de-una-pieza\/katana-wado-ichimonji-hecho-a-mano-de-una-pieza\/\">Wado Ichimonji<\/a>una de las espadas m\u00e1s preciadas de Zoro, es un s\u00edmbolo de honor y respeto hacia su antiguo maestro. El <a href=\"https:\/\/repliquemangacine.fr\/es\/replica-de-videojuegos-manga\/cana-brook-epee\/\">Bast\u00f3n de Brook<\/a>La katana, que oculta una fina espada, refleja la elegancia y el estilo inimitable de este at\u00edpico personaje. La katana <a href=\"https:\/\/repliquemangacine.fr\/es\/replica-de-videojuegos-manga\/ame-no-habakiri-katana-de-zoro-one-piece\/\">Ame no Habakiri<\/a>es famoso por su terror\u00edfico poder y su capacidad para absorber la energ\u00eda de su portador, lo que requiere un dominio absoluto. Por \u00faltimo, el <a href=\"https:\/\/repliquemangacine.fr\/es\/katana-de-metal-de-una-pieza\/rogers-de-oro-espada-de-una-pieza\/\">Gol D espada Roger<\/a> sigue siendo un misterio fascinante, cargado de un aura m\u00edtica, al igual que su due\u00f1o. Es m\u00e1s, cada arma de este universo tiene una historia cautivadora, y estas fieles r\u00e9plicas permiten a los fans conectar con la esencia de los personajes que las empu\u00f1an.<\/p>\n<h2>\u00bfPor qu\u00e9 elegir la Shusui Hand Made Katana y c\u00f3mo cuidarla?<\/h2>\n<p>La Shusui es una pieza imprescindible para los entusiastas de One Piece y los amantes de las espadas excepcionales. Su dise\u00f1o artesanal y sus meticulosos detalles la convierten en una pieza \u00fanica. Es el complemento perfecto para cualquier colecci\u00f3n o decoraci\u00f3n. Esta misteriosa y prestigiosa katana encarna el poder y la determinaci\u00f3n del samur\u00e1i. Para cuidarla, limpie la hoja regularmente con un pa\u00f1o suave. Aplique una fina capa de aceite para evitar la oxidaci\u00f3n. Manipule la vaina con cuidado para preservar su dise\u00f1o lacado. Mantenga seca la empu\u00f1adura para conservar en buen estado el tejido de algod\u00f3n negro. Por \u00faltimo, gu\u00e1rdela en un lugar seguro y seco para garantizar su longevidad. En conclusi\u00f3n, con la Shusui, no s\u00f3lo posees una espada: adoptas una parte de la leyenda de One Piece.<\/p>","protected":false},"excerpt":{"rendered":"<p>Magn\u00edfica r\u00e9plica de la katana Shusui conocida como \"La Maldita\" en One Piece.<\/p>\n<ul>\n<li>Totalmente a mano<\/li>\n<li>Hoja de acero al carbono con ranura decorada<\/li>\n<li>Cuchilla preafilada<\/li>\n<li>Vaina de madera lacada en negro con ideograma<\/li>\n<li>Mango de piel de raya recubierto de trenzado de algod\u00f3n negro<\/li>\n<li>Se suministra con una funda protectora.<\/li>\n<li>Longitud de la hoja: 71,5 cm - Longitud total: 105 cm<\/li>\n<li>Peso con vaina: 1262 g<\/li>\n<\/ul>","protected":false},"featured_media":78311,"template":"","meta":[],"product_brand":[896],"product_cat":[123,36],"product_tag":[],"class_list":{"0":"post-78310","1":"product","2":"type-product","3":"status-publish","4":"has-post-thumbnail","6":"product_brand-replique-manga-cine","7":"product_cat-katana-en-metal-one-piece","8":"product_cat-katana-one-piece","10":"first","11":"outofstock","12":"taxable","13":"shipping-taxable","14":"purchasable","15":"product-type-simple"},"yoast_head":"<!-- This site is optimized with the Yoast SEO plugin v27.5 - https:\/\/yoast.com\/product\/yoast-seo-wordpress\/ -->\n<title>Katana Shusui Hand Made - One Piece - R\u00e9plique Manga Cin\u00e9<\/title>\n<meta name=\"description\" content=\"Superbe r\u00e9plique du Katana Shusui Hand Made dans One Piece. Lame en acier carbone d\u00e9cor\u00e9e et pr\u00e9-aff\u00fbt\u00e9e. Fait \u00e0 la main. Fourreau laqu\u00e9 avec d\u00e9cors\" \/>\n<meta name=\"robots\" content=\"index, follow, max-snippet:-1, max-image-preview:large, max-video-preview:-1\" \/>\n<link rel=\"canonical\" href=\"https:\/\/repliquemangacine.fr\/es\/katana-de-metal-de-una-pieza\/katana-shuisui-hecha-a-mano-de-una-pieza\/\" \/>\n<meta property=\"og:locale\" content=\"es_ES\" \/>\n<meta property=\"og:type\" content=\"article\" \/>\n<meta property=\"og:title\" content=\"Katana Shusui Hand Made - One Piece - R\u00e9plique Manga Cin\u00e9\" \/>\n<meta property=\"og:description\" content=\"Superbe r\u00e9plique du Katana Shusui Hand Made dans One Piece. Lame en acier carbone d\u00e9cor\u00e9e et pr\u00e9-aff\u00fbt\u00e9e. Fait \u00e0 la main. Fourreau laqu\u00e9 avec d\u00e9cors\" \/>\n<meta property=\"og:url\" content=\"https:\/\/repliquemangacine.fr\/es\/katana-de-metal-de-una-pieza\/katana-shuisui-hecha-a-mano-de-una-pieza\/\" \/>\n<meta property=\"og:site_name\" content=\"R\u00e9plique Manga Cin\u00e9\" \/>\n<meta property=\"article:publisher\" content=\"https:\/\/www.facebook.com\/RepliqueMangaCine\" \/>\n<meta property=\"article:modified_time\" content=\"2026-04-30T09:50:14+00:00\" \/>\n<meta property=\"og:image\" content=\"https:\/\/repliquemangacine.fr\/wp-content\/uploads\/2024\/11\/katana-shushui-one-piece.jpg\" \/>\n\t<meta property=\"og:image:width\" content=\"500\" \/>\n\t<meta property=\"og:image:height\" content=\"500\" \/>\n\t<meta property=\"og:image:type\" content=\"image\/jpeg\" \/>\n<meta name=\"twitter:card\" content=\"summary_large_image\" \/>\n<meta name=\"twitter:label1\" content=\"Tiempo de lectura\" \/>\n\t<meta name=\"twitter:data1\" content=\"3 minutos\" \/>\n<script type=\"application\/ld+json\" class=\"yoast-schema-graph\">{\"@context\":\"https:\\\/\\\/schema.org\",\"@graph\":[{\"@type\":\"WebPage\",\"@id\":\"https:\\\/\\\/repliquemangacine.fr\\\/katana-en-metal-one-piece\\\/katana-shuisui-hand-made-one-piece\\\/\",\"url\":\"https:\\\/\\\/repliquemangacine.fr\\\/katana-en-metal-one-piece\\\/katana-shuisui-hand-made-one-piece\\\/\",\"name\":\"Katana Shusui Hand Made - One Piece - R\u00e9plique Manga Cin\u00e9\",\"isPartOf\":{\"@id\":\"https:\\\/\\\/repliquemangacine.fr\\\/#website\"},\"primaryImageOfPage\":{\"@id\":\"https:\\\/\\\/repliquemangacine.fr\\\/katana-en-metal-one-piece\\\/katana-shuisui-hand-made-one-piece\\\/#primaryimage\"},\"image\":{\"@id\":\"https:\\\/\\\/repliquemangacine.fr\\\/katana-en-metal-one-piece\\\/katana-shuisui-hand-made-one-piece\\\/#primaryimage\"},\"thumbnailUrl\":\"https:\\\/\\\/repliquemangacine.fr\\\/wp-content\\\/uploads\\\/2024\\\/11\\\/katana-shushui-one-piece.jpg\",\"datePublished\":\"2024-11-23T16:41:33+00:00\",\"dateModified\":\"2026-04-30T09:50:14+00:00\",\"description\":\"Superbe r\u00e9plique du Katana Shusui Hand Made dans One Piece. Lame en acier carbone d\u00e9cor\u00e9e et pr\u00e9-aff\u00fbt\u00e9e. Fait \u00e0 la main. Fourreau laqu\u00e9 avec d\u00e9cors\",\"breadcrumb\":{\"@id\":\"https:\\\/\\\/repliquemangacine.fr\\\/katana-en-metal-one-piece\\\/katana-shuisui-hand-made-one-piece\\\/#breadcrumb\"},\"inLanguage\":\"es\",\"potentialAction\":[{\"@type\":\"ReadAction\",\"target\":[\"https:\\\/\\\/repliquemangacine.fr\\\/katana-en-metal-one-piece\\\/katana-shuisui-hand-made-one-piece\\\/\"]}]},{\"@type\":\"ImageObject\",\"inLanguage\":\"es\",\"@id\":\"https:\\\/\\\/repliquemangacine.fr\\\/katana-en-metal-one-piece\\\/katana-shuisui-hand-made-one-piece\\\/#primaryimage\",\"url\":\"https:\\\/\\\/repliquemangacine.fr\\\/wp-content\\\/uploads\\\/2024\\\/11\\\/katana-shushui-one-piece.jpg\",\"contentUrl\":\"https:\\\/\\\/repliquemangacine.fr\\\/wp-content\\\/uploads\\\/2024\\\/11\\\/katana-shushui-one-piece.jpg\",\"width\":500,\"height\":500,\"caption\":\"Katana Shuisui Hand Made One Piece\"},{\"@type\":\"BreadcrumbList\",\"@id\":\"https:\\\/\\\/repliquemangacine.fr\\\/katana-en-metal-one-piece\\\/katana-shuisui-hand-made-one-piece\\\/#breadcrumb\",\"itemListElement\":[{\"@type\":\"ListItem\",\"position\":1,\"name\":\"Accueil\",\"item\":\"https:\\\/\\\/repliquemangacine.fr\\\/\"},{\"@type\":\"ListItem\",\"position\":2,\"name\":\"Produits\",\"item\":\"https:\\\/\\\/repliquemangacine.fr\\\/boutique\\\/\"},{\"@type\":\"ListItem\",\"position\":3,\"name\":\"Katana Shusui Hand Made &#8211; One Piece\"}]},{\"@type\":\"WebSite\",\"@id\":\"https:\\\/\\\/repliquemangacine.fr\\\/#website\",\"url\":\"https:\\\/\\\/repliquemangacine.fr\\\/\",\"name\":\"R\u00e9plique Manga Cin\u00e9\",\"description\":\"\",\"publisher\":{\"@id\":\"https:\\\/\\\/repliquemangacine.fr\\\/#organization\"},\"potentialAction\":[{\"@type\":\"SearchAction\",\"target\":{\"@type\":\"EntryPoint\",\"urlTemplate\":\"https:\\\/\\\/repliquemangacine.fr\\\/?s={search_term_string}\"},\"query-input\":{\"@type\":\"PropertyValueSpecification\",\"valueRequired\":true,\"valueName\":\"search_term_string\"}}],\"inLanguage\":\"es\"},{\"@type\":\"Organization\",\"@id\":\"https:\\\/\\\/repliquemangacine.fr\\\/#organization\",\"name\":\"R\u00e9plique Manga Cin\u00e9\",\"url\":\"https:\\\/\\\/repliquemangacine.fr\\\/\",\"logo\":{\"@type\":\"ImageObject\",\"inLanguage\":\"es\",\"@id\":\"https:\\\/\\\/repliquemangacine.fr\\\/#\\\/schema\\\/logo\\\/image\\\/\",\"url\":\"https:\\\/\\\/repliquemangacine.fr\\\/wp-content\\\/uploads\\\/2023\\\/10\\\/RMC-500250.png\",\"contentUrl\":\"https:\\\/\\\/repliquemangacine.fr\\\/wp-content\\\/uploads\\\/2023\\\/10\\\/RMC-500250.png\",\"width\":500,\"height\":250,\"caption\":\"R\u00e9plique Manga Cin\u00e9\"},\"image\":{\"@id\":\"https:\\\/\\\/repliquemangacine.fr\\\/#\\\/schema\\\/logo\\\/image\\\/\"},\"sameAs\":[\"https:\\\/\\\/www.facebook.com\\\/RepliqueMangaCine\",\"https:\\\/\\\/www.instagram.com\\\/repliquemangacine.fr\\\/\"]}]}<\/script>\n<!-- \/ Yoast SEO plugin. -->","yoast_head_json":{"title":"Katana Shusui Hecha a Mano - Una Pieza - R\u00e9plique Manga Cin\u00e9","description":"Magn\u00edfica r\u00e9plica de la Katana Shusui hecha a mano de One Piece. Hoja de acero al carbono decorada y preafilada. Hecha a mano. Vaina lacada con decoraciones.","robots":{"index":"index","follow":"follow","max-snippet":"max-snippet:-1","max-image-preview":"max-image-preview:large","max-video-preview":"max-video-preview:-1"},"canonical":"https:\/\/repliquemangacine.fr\/es\/katana-de-metal-de-una-pieza\/katana-shuisui-hecha-a-mano-de-una-pieza\/","og_locale":"es_ES","og_type":"article","og_title":"Katana Shusui Hand Made - One Piece - R\u00e9plique Manga Cin\u00e9","og_description":"Superbe r\u00e9plique du Katana Shusui Hand Made dans One Piece. Lame en acier carbone d\u00e9cor\u00e9e et pr\u00e9-aff\u00fbt\u00e9e. Fait \u00e0 la main. Fourreau laqu\u00e9 avec d\u00e9cors","og_url":"https:\/\/repliquemangacine.fr\/es\/katana-de-metal-de-una-pieza\/katana-shuisui-hecha-a-mano-de-una-pieza\/","og_site_name":"R\u00e9plique Manga Cin\u00e9","article_publisher":"https:\/\/www.facebook.com\/RepliqueMangaCine","article_modified_time":"2026-04-30T09:50:14+00:00","og_image":[{"width":500,"height":500,"url":"https:\/\/repliquemangacine.fr\/wp-content\/uploads\/2024\/11\/katana-shushui-one-piece.jpg","type":"image\/jpeg"}],"twitter_card":"summary_large_image","twitter_misc":{"Tiempo de lectura":"3 minutos"},"schema":{"@context":"https:\/\/schema.org","@graph":[{"@type":"WebPage","@id":"https:\/\/repliquemangacine.fr\/katana-en-metal-one-piece\/katana-shuisui-hand-made-one-piece\/","url":"https:\/\/repliquemangacine.fr\/katana-en-metal-one-piece\/katana-shuisui-hand-made-one-piece\/","name":"Katana Shusui Hecha a Mano - Una Pieza - R\u00e9plique Manga Cin\u00e9","isPartOf":{"@id":"https:\/\/repliquemangacine.fr\/#website"},"primaryImageOfPage":{"@id":"https:\/\/repliquemangacine.fr\/katana-en-metal-one-piece\/katana-shuisui-hand-made-one-piece\/#primaryimage"},"image":{"@id":"https:\/\/repliquemangacine.fr\/katana-en-metal-one-piece\/katana-shuisui-hand-made-one-piece\/#primaryimage"},"thumbnailUrl":"https:\/\/repliquemangacine.fr\/wp-content\/uploads\/2024\/11\/katana-shushui-one-piece.jpg","datePublished":"2024-11-23T16:41:33+00:00","dateModified":"2026-04-30T09:50:14+00:00","description":"Magn\u00edfica r\u00e9plica de la Katana Shusui hecha a mano de One Piece. Hoja de acero al carbono decorada y preafilada. Hecha a mano. Vaina lacada con decoraciones.","breadcrumb":{"@id":"https:\/\/repliquemangacine.fr\/katana-en-metal-one-piece\/katana-shuisui-hand-made-one-piece\/#breadcrumb"},"inLanguage":"es","potentialAction":[{"@type":"ReadAction","target":["https:\/\/repliquemangacine.fr\/katana-en-metal-one-piece\/katana-shuisui-hand-made-one-piece\/"]}]},{"@type":"ImageObject","inLanguage":"es","@id":"https:\/\/repliquemangacine.fr\/katana-en-metal-one-piece\/katana-shuisui-hand-made-one-piece\/#primaryimage","url":"https:\/\/repliquemangacine.fr\/wp-content\/uploads\/2024\/11\/katana-shushui-one-piece.jpg","contentUrl":"https:\/\/repliquemangacine.fr\/wp-content\/uploads\/2024\/11\/katana-shushui-one-piece.jpg","width":500,"height":500,"caption":"Katana Shuisui Hand Made One Piece"},{"@type":"BreadcrumbList","@id":"https:\/\/repliquemangacine.fr\/katana-en-metal-one-piece\/katana-shuisui-hand-made-one-piece\/#breadcrumb","itemListElement":[{"@type":"ListItem","position":1,"name":"Accueil","item":"https:\/\/repliquemangacine.fr\/"},{"@type":"ListItem","position":2,"name":"Produits","item":"https:\/\/repliquemangacine.fr\/boutique\/"},{"@type":"ListItem","position":3,"name":"Katana Shusui Hand Made &#8211; One Piece"}]},{"@type":"WebSite","@id":"https:\/\/repliquemangacine.fr\/#website","url":"https:\/\/repliquemangacine.fr\/","name":"R\u00e9plique Manga Cin\u00e9","description":"","publisher":{"@id":"https:\/\/repliquemangacine.fr\/#organization"},"potentialAction":[{"@type":"SearchAction","target":{"@type":"EntryPoint","urlTemplate":"https:\/\/repliquemangacine.fr\/?s={search_term_string}"},"query-input":{"@type":"PropertyValueSpecification","valueRequired":true,"valueName":"search_term_string"}}],"inLanguage":"es"},{"@type":"Organization","@id":"https:\/\/repliquemangacine.fr\/#organization","name":"R\u00e9plique Manga Cin\u00e9","url":"https:\/\/repliquemangacine.fr\/","logo":{"@type":"ImageObject","inLanguage":"es","@id":"https:\/\/repliquemangacine.fr\/#\/schema\/logo\/image\/","url":"https:\/\/repliquemangacine.fr\/wp-content\/uploads\/2023\/10\/RMC-500250.png","contentUrl":"https:\/\/repliquemangacine.fr\/wp-content\/uploads\/2023\/10\/RMC-500250.png","width":500,"height":250,"caption":"R\u00e9plique Manga Cin\u00e9"},"image":{"@id":"https:\/\/repliquemangacine.fr\/#\/schema\/logo\/image\/"},"sameAs":["https:\/\/www.facebook.com\/RepliqueMangaCine","https:\/\/www.instagram.com\/repliquemangacine.fr\/"]}]}},"_links":{"self":[{"href":"https:\/\/repliquemangacine.fr\/es\/wp-json\/wp\/v2\/product\/78310","targetHints":{"allow":["GET"]}}],"collection":[{"href":"https:\/\/repliquemangacine.fr\/es\/wp-json\/wp\/v2\/product"}],"about":[{"href":"https:\/\/repliquemangacine.fr\/es\/wp-json\/wp\/v2\/types\/product"}],"wp:featuredmedia":[{"embeddable":true,"href":"https:\/\/repliquemangacine.fr\/es\/wp-json\/wp\/v2\/media\/78311"}],"wp:attachment":[{"href":"https:\/\/repliquemangacine.fr\/es\/wp-json\/wp\/v2\/media?parent=78310"}],"wp:term":[{"taxonomy":"product_brand","embeddable":true,"href":"https:\/\/repliquemangacine.fr\/es\/wp-json\/wp\/v2\/product_brand?post=78310"},{"taxonomy":"product_cat","embeddable":true,"href":"https:\/\/repliquemangacine.fr\/es\/wp-json\/wp\/v2\/product_cat?post=78310"},{"taxonomy":"product_tag","embeddable":true,"href":"https:\/\/repliquemangacine.fr\/es\/wp-json\/wp\/v2\/product_tag?post=78310"}],"curies":[{"name":"wp","href":"https:\/\/api.w.org\/{rel}","templated":true}]}}