





{"id":78303,"date":"2024-11-23T16:56:58","date_gmt":"2024-11-23T15:56:58","guid":{"rendered":"https:\/\/repliquemangacine.fr\/?post_type=product&#038;p=78303"},"modified":"2026-04-11T00:11:46","modified_gmt":"2026-04-10T22:11:46","slug":"katana-sandai-kitetsu-hecho-a-mano-de-una-pieza","status":"publish","type":"product","link":"https:\/\/repliquemangacine.fr\/es\/katana-one-piece\/katana-sandai-kitetsu-handmade-one-piece\/","title":{"rendered":"Katana Sanda\u00ef Kitetsu HandMade - Una pieza"},"content":{"rendered":"<h2>La Katana Sanda\u00ef Kitetsu HandMade: La sombra de la perdici\u00f3n<\/h2>\n<p>En primer lugar, la katana Sanda\u00ef Kitetsu HandMade, empu\u00f1ada por Roronoa Zoro en One Piece, una de las espadas m\u00e1s intrigantes del universo. Perteneciente a la familia Wazamono, tiene fama de ser una espada maldita que trae la desgracia a sus incautos portadores. Fabricada a mano con meticuloso cuidado, esta katana se distingue por su hoja de acero al carbono preafilada, ideal para coleccionistas en busca de autenticidad. Su vaina de madera lacada en rojo, adornada con decoraciones de metal dorado y una trenza de algod\u00f3n rojo en el centro, es una obra maestra de la elegancia. Su empu\u00f1adura, recubierta de piel de raya y trenzada en algod\u00f3n rojo, ofrece un agarre c\u00f3modo y estable. En resumen, el Sanda\u00ef Kitetsu encarna el desaf\u00edo y la determinaci\u00f3n de <a href=\"https:\/\/onepiece.fandom.com\/fr\/wiki\/Roronoa_Zoro\" target=\"_blank\" rel=\"noopener noreferrer\">Zoro<\/a>listo para dominar esta legendaria espada a pesar de sus peligros.<\/p>\n<h2>Las otras hojas legendarias de One Piece<\/h2>\n<p>El universo de One Piece est\u00e1 lleno de espadas y sables fascinantes. Para empezar, las <a href=\"https:\/\/repliquemangacine.fr\/es\/replica-de-videojuegos-manga\/nidai-kitetsu-la-espada-de-luffy-one-piece\/\">Nidai Kitetsu<\/a>Una espada utilizada durante un tiempo por Luffy. Una espada legendaria a\u00fan m\u00e1s poderosa que la Sanda\u00ef Kitetsu, con una reputaci\u00f3n similar de maldecir. Tambi\u00e9n est\u00e1 la<a href=\"https:\/\/repliquemangacine.fr\/es\/replica-de-videojuegos-manga\/shanks-le-roux-espada\/\">espada de Shanks el Rojo<\/a>Aunque misterioso, simboliza el poder y el carisma de uno de los Cuatro Emperadores. En cuanto al <a href=\"https:\/\/repliquemangacine.fr\/es\/replica-de-videojuegos-manga\/enma-katana-de-zoro-one-piece\/\">Enma katana<\/a>empu\u00f1ada por Zoro, famosa por su capacidad de drenar la energ\u00eda de su portador. Requiere un dominio absoluto. Por \u00faltimo, la <a href=\"https:\/\/repliquemangacine.fr\/es\/replica-de-videojuegos-manga\/espada-kokuto-yoru-dracula-espada-mihawk-one-piece\/\">Espada Yoru<\/a>blandida por Mihawk, una gigantesca espada negra. Considerada una de las doce Saijo \u014c Wazamono, las mejores espadas del mundo. Estas r\u00e9plicas, emblemas de los h\u00e9roes y antagonistas de One Piece, son ideales para los fans que quieran acercarse a sus personajes favoritos.<\/p>\n<h2>\u00bfPor qu\u00e9 elegir la Katana HandMade Sanda\u00ef Kitetsu y c\u00f3mo cuidarla?<\/h2>\n<p>La Sanda\u00ef Kitetsu es la elecci\u00f3n perfecta para cualquier coleccionista o amante de las espadas de One Piece. Su artesan\u00eda, la calidad de sus materiales y su dise\u00f1o fiel al manga la convierten en una pieza excepcional. Esta katana combina belleza, historia y misterio, encarnando el esp\u00edritu del samur\u00e1i. Dicho esto, para conservar su brillo, limpie la hoja regularmente con un pa\u00f1o suave. Aplique una fina capa de aceite para evitar la oxidaci\u00f3n. La vaina de madera lacada debe manipularse con cuidado para evitar ara\u00f1azos. La empu\u00f1adura de algod\u00f3n debe mantenerse limpia y seca. Guarde su espada en un lugar seco, lejos de la humedad, para garantizar su longevidad. En conclusi\u00f3n, al elegir la Sanda\u00ef Kitetsu, est\u00e1 adoptando una hoja legendaria, para dar un toque \u00fanico a su colecci\u00f3n.<\/p>","protected":false},"excerpt":{"rendered":"<p>Magn\u00edfica r\u00e9plica de la katana de Zoro Sanda\u00ef Kitetsu en One Piece.<\/p>\n<ul>\n<li><strong>Totalmente a mano<\/strong><\/li>\n<li>Hoja de acero al carbono con ranura <strong>preafilado<\/strong><\/li>\n<li>Vaina de madera lacada en rojo con adornos dorados y trenza de algod\u00f3n.<\/li>\n<li>Mango de piel de raya recubierto de trenzado de algod\u00f3n rojo<\/li>\n<li>Se suministra con una funda protectora.<\/li>\n<li>Longitud de la hoja: 72,5 cm - Longitud total: 106 cm<\/li>\n<li>Peso con vaina: 1266 gr<\/li>\n<\/ul>","protected":false},"featured_media":78306,"template":"","meta":[],"product_brand":[896],"product_cat":[123,36],"product_tag":[],"class_list":{"0":"post-78303","1":"product","2":"type-product","3":"status-publish","4":"has-post-thumbnail","6":"product_brand-replique-manga-cine","7":"product_cat-katana-en-metal-one-piece","8":"product_cat-katana-one-piece","10":"first","11":"outofstock","12":"taxable","13":"shipping-taxable","14":"purchasable","15":"product-type-simple"},"yoast_head":"<!-- This site is optimized with the Yoast SEO plugin v27.4 - https:\/\/yoast.com\/product\/yoast-seo-wordpress\/ -->\n<title>Katana Sanda\u00ef Kitetsu HandMade - One Piece | R\u00e9plique Manga Cin\u00e9<\/title>\n<meta name=\"description\" content=\"Magnifique r\u00e9plique du Katana Sanda\u00ef Kitetsu HandMade dans One Piece. Ce sabre de Zoro \u00e0 une lame en acier carbone. Fait \u00e0 la main. Fourreau laqu\u00e9 et d\u00e9cor\u00e9\" \/>\n<meta name=\"robots\" content=\"index, follow, max-snippet:-1, max-image-preview:large, max-video-preview:-1\" \/>\n<link rel=\"canonical\" href=\"https:\/\/repliquemangacine.fr\/es\/katana-de-una-pieza\/katana-sandai-kitetsu-hecho-a-mano-de-una-pieza\/\" \/>\n<meta property=\"og:locale\" content=\"es_ES\" \/>\n<meta property=\"og:type\" content=\"article\" \/>\n<meta property=\"og:title\" content=\"Katana Sanda\u00ef Kitetsu HandMade - One Piece | R\u00e9plique Manga Cin\u00e9\" \/>\n<meta property=\"og:description\" content=\"Magnifique r\u00e9plique du Katana Sanda\u00ef Kitetsu HandMade dans One Piece. Ce sabre de Zoro \u00e0 une lame en acier carbone. Fait \u00e0 la main. Fourreau laqu\u00e9 et d\u00e9cor\u00e9\" \/>\n<meta property=\"og:url\" content=\"https:\/\/repliquemangacine.fr\/es\/katana-de-una-pieza\/katana-sandai-kitetsu-hecho-a-mano-de-una-pieza\/\" \/>\n<meta property=\"og:site_name\" content=\"R\u00e9plique Manga Cin\u00e9\" \/>\n<meta property=\"article:publisher\" content=\"https:\/\/www.facebook.com\/RepliqueMangaCine\" \/>\n<meta property=\"article:modified_time\" content=\"2026-04-10T22:11:46+00:00\" \/>\n<meta property=\"og:image\" content=\"https:\/\/repliquemangacine.fr\/wp-content\/uploads\/2024\/11\/katana-sandai-kitetsu-one-piece.jpg\" \/>\n\t<meta property=\"og:image:width\" content=\"500\" \/>\n\t<meta property=\"og:image:height\" content=\"500\" \/>\n\t<meta property=\"og:image:type\" content=\"image\/jpeg\" \/>\n<meta name=\"twitter:card\" content=\"summary_large_image\" \/>\n<meta name=\"twitter:label1\" content=\"Tiempo de lectura\" \/>\n\t<meta name=\"twitter:data1\" content=\"3 minutos\" \/>\n<script type=\"application\/ld+json\" class=\"yoast-schema-graph\">{\"@context\":\"https:\\\/\\\/schema.org\",\"@graph\":[{\"@type\":\"WebPage\",\"@id\":\"https:\\\/\\\/repliquemangacine.fr\\\/katana-one-piece\\\/katana-sandai-kitetsu-handmade-one-piece\\\/\",\"url\":\"https:\\\/\\\/repliquemangacine.fr\\\/katana-one-piece\\\/katana-sandai-kitetsu-handmade-one-piece\\\/\",\"name\":\"Katana Sanda\u00ef Kitetsu HandMade - One Piece | R\u00e9plique Manga Cin\u00e9\",\"isPartOf\":{\"@id\":\"https:\\\/\\\/repliquemangacine.fr\\\/#website\"},\"primaryImageOfPage\":{\"@id\":\"https:\\\/\\\/repliquemangacine.fr\\\/katana-one-piece\\\/katana-sandai-kitetsu-handmade-one-piece\\\/#primaryimage\"},\"image\":{\"@id\":\"https:\\\/\\\/repliquemangacine.fr\\\/katana-one-piece\\\/katana-sandai-kitetsu-handmade-one-piece\\\/#primaryimage\"},\"thumbnailUrl\":\"https:\\\/\\\/repliquemangacine.fr\\\/wp-content\\\/uploads\\\/2024\\\/11\\\/katana-sandai-kitetsu-one-piece.jpg\",\"datePublished\":\"2024-11-23T15:56:58+00:00\",\"dateModified\":\"2026-04-10T22:11:46+00:00\",\"description\":\"Magnifique r\u00e9plique du Katana Sanda\u00ef Kitetsu HandMade dans One Piece. Ce sabre de Zoro \u00e0 une lame en acier carbone. Fait \u00e0 la main. Fourreau laqu\u00e9 et d\u00e9cor\u00e9\",\"breadcrumb\":{\"@id\":\"https:\\\/\\\/repliquemangacine.fr\\\/katana-one-piece\\\/katana-sandai-kitetsu-handmade-one-piece\\\/#breadcrumb\"},\"inLanguage\":\"es\",\"potentialAction\":[{\"@type\":\"ReadAction\",\"target\":[\"https:\\\/\\\/repliquemangacine.fr\\\/katana-one-piece\\\/katana-sandai-kitetsu-handmade-one-piece\\\/\"]}]},{\"@type\":\"ImageObject\",\"inLanguage\":\"es\",\"@id\":\"https:\\\/\\\/repliquemangacine.fr\\\/katana-one-piece\\\/katana-sandai-kitetsu-handmade-one-piece\\\/#primaryimage\",\"url\":\"https:\\\/\\\/repliquemangacine.fr\\\/wp-content\\\/uploads\\\/2024\\\/11\\\/katana-sandai-kitetsu-one-piece.jpg\",\"contentUrl\":\"https:\\\/\\\/repliquemangacine.fr\\\/wp-content\\\/uploads\\\/2024\\\/11\\\/katana-sandai-kitetsu-one-piece.jpg\",\"width\":500,\"height\":500,\"caption\":\"Katana Sanda\u00ef Kitetsu HandMade One Piece\"},{\"@type\":\"BreadcrumbList\",\"@id\":\"https:\\\/\\\/repliquemangacine.fr\\\/katana-one-piece\\\/katana-sandai-kitetsu-handmade-one-piece\\\/#breadcrumb\",\"itemListElement\":[{\"@type\":\"ListItem\",\"position\":1,\"name\":\"Accueil\",\"item\":\"https:\\\/\\\/repliquemangacine.fr\\\/\"},{\"@type\":\"ListItem\",\"position\":2,\"name\":\"Produits\",\"item\":\"https:\\\/\\\/repliquemangacine.fr\\\/boutique\\\/\"},{\"@type\":\"ListItem\",\"position\":3,\"name\":\"Katana Sanda\u00ef Kitetsu HandMade &#8211; One Piece\"}]},{\"@type\":\"WebSite\",\"@id\":\"https:\\\/\\\/repliquemangacine.fr\\\/#website\",\"url\":\"https:\\\/\\\/repliquemangacine.fr\\\/\",\"name\":\"R\u00e9plique Manga Cin\u00e9\",\"description\":\"\",\"publisher\":{\"@id\":\"https:\\\/\\\/repliquemangacine.fr\\\/#organization\"},\"potentialAction\":[{\"@type\":\"SearchAction\",\"target\":{\"@type\":\"EntryPoint\",\"urlTemplate\":\"https:\\\/\\\/repliquemangacine.fr\\\/?s={search_term_string}\"},\"query-input\":{\"@type\":\"PropertyValueSpecification\",\"valueRequired\":true,\"valueName\":\"search_term_string\"}}],\"inLanguage\":\"es\"},{\"@type\":\"Organization\",\"@id\":\"https:\\\/\\\/repliquemangacine.fr\\\/#organization\",\"name\":\"R\u00e9plique Manga Cin\u00e9\",\"url\":\"https:\\\/\\\/repliquemangacine.fr\\\/\",\"logo\":{\"@type\":\"ImageObject\",\"inLanguage\":\"es\",\"@id\":\"https:\\\/\\\/repliquemangacine.fr\\\/#\\\/schema\\\/logo\\\/image\\\/\",\"url\":\"https:\\\/\\\/repliquemangacine.fr\\\/wp-content\\\/uploads\\\/2023\\\/10\\\/RMC-500250.png\",\"contentUrl\":\"https:\\\/\\\/repliquemangacine.fr\\\/wp-content\\\/uploads\\\/2023\\\/10\\\/RMC-500250.png\",\"width\":500,\"height\":250,\"caption\":\"R\u00e9plique Manga Cin\u00e9\"},\"image\":{\"@id\":\"https:\\\/\\\/repliquemangacine.fr\\\/#\\\/schema\\\/logo\\\/image\\\/\"},\"sameAs\":[\"https:\\\/\\\/www.facebook.com\\\/RepliqueMangaCine\",\"https:\\\/\\\/www.instagram.com\\\/repliquemangacine.fr\\\/\"]}]}<\/script>\n<!-- \/ Yoast SEO plugin. -->","yoast_head_json":{"title":"Katana Sanda\u00ef Kitetsu HandMade - One Piece | R\u00e9plique Manga Cin\u00e9","description":"Magn\u00edfica r\u00e9plica de la Katana Sanda\u00ef Kitetsu HandMade en One Piece. Esta espada Zoro tiene una hoja de acero al carbono. Hecha a mano. Vaina lacada y decorada.","robots":{"index":"index","follow":"follow","max-snippet":"max-snippet:-1","max-image-preview":"max-image-preview:large","max-video-preview":"max-video-preview:-1"},"canonical":"https:\/\/repliquemangacine.fr\/es\/katana-de-una-pieza\/katana-sandai-kitetsu-hecho-a-mano-de-una-pieza\/","og_locale":"es_ES","og_type":"article","og_title":"Katana Sanda\u00ef Kitetsu HandMade - One Piece | R\u00e9plique Manga Cin\u00e9","og_description":"Magnifique r\u00e9plique du Katana Sanda\u00ef Kitetsu HandMade dans One Piece. Ce sabre de Zoro \u00e0 une lame en acier carbone. Fait \u00e0 la main. Fourreau laqu\u00e9 et d\u00e9cor\u00e9","og_url":"https:\/\/repliquemangacine.fr\/es\/katana-de-una-pieza\/katana-sandai-kitetsu-hecho-a-mano-de-una-pieza\/","og_site_name":"R\u00e9plique Manga Cin\u00e9","article_publisher":"https:\/\/www.facebook.com\/RepliqueMangaCine","article_modified_time":"2026-04-10T22:11:46+00:00","og_image":[{"width":500,"height":500,"url":"https:\/\/repliquemangacine.fr\/wp-content\/uploads\/2024\/11\/katana-sandai-kitetsu-one-piece.jpg","type":"image\/jpeg"}],"twitter_card":"summary_large_image","twitter_misc":{"Tiempo de lectura":"3 minutos"},"schema":{"@context":"https:\/\/schema.org","@graph":[{"@type":"WebPage","@id":"https:\/\/repliquemangacine.fr\/katana-one-piece\/katana-sandai-kitetsu-handmade-one-piece\/","url":"https:\/\/repliquemangacine.fr\/katana-one-piece\/katana-sandai-kitetsu-handmade-one-piece\/","name":"Katana Sanda\u00ef Kitetsu HandMade - One Piece | R\u00e9plique Manga Cin\u00e9","isPartOf":{"@id":"https:\/\/repliquemangacine.fr\/#website"},"primaryImageOfPage":{"@id":"https:\/\/repliquemangacine.fr\/katana-one-piece\/katana-sandai-kitetsu-handmade-one-piece\/#primaryimage"},"image":{"@id":"https:\/\/repliquemangacine.fr\/katana-one-piece\/katana-sandai-kitetsu-handmade-one-piece\/#primaryimage"},"thumbnailUrl":"https:\/\/repliquemangacine.fr\/wp-content\/uploads\/2024\/11\/katana-sandai-kitetsu-one-piece.jpg","datePublished":"2024-11-23T15:56:58+00:00","dateModified":"2026-04-10T22:11:46+00:00","description":"Magn\u00edfica r\u00e9plica de la Katana Sanda\u00ef Kitetsu HandMade en One Piece. Esta espada Zoro tiene una hoja de acero al carbono. Hecha a mano. Vaina lacada y decorada.","breadcrumb":{"@id":"https:\/\/repliquemangacine.fr\/katana-one-piece\/katana-sandai-kitetsu-handmade-one-piece\/#breadcrumb"},"inLanguage":"es","potentialAction":[{"@type":"ReadAction","target":["https:\/\/repliquemangacine.fr\/katana-one-piece\/katana-sandai-kitetsu-handmade-one-piece\/"]}]},{"@type":"ImageObject","inLanguage":"es","@id":"https:\/\/repliquemangacine.fr\/katana-one-piece\/katana-sandai-kitetsu-handmade-one-piece\/#primaryimage","url":"https:\/\/repliquemangacine.fr\/wp-content\/uploads\/2024\/11\/katana-sandai-kitetsu-one-piece.jpg","contentUrl":"https:\/\/repliquemangacine.fr\/wp-content\/uploads\/2024\/11\/katana-sandai-kitetsu-one-piece.jpg","width":500,"height":500,"caption":"Katana Sanda\u00ef Kitetsu HandMade One Piece"},{"@type":"BreadcrumbList","@id":"https:\/\/repliquemangacine.fr\/katana-one-piece\/katana-sandai-kitetsu-handmade-one-piece\/#breadcrumb","itemListElement":[{"@type":"ListItem","position":1,"name":"Accueil","item":"https:\/\/repliquemangacine.fr\/"},{"@type":"ListItem","position":2,"name":"Produits","item":"https:\/\/repliquemangacine.fr\/boutique\/"},{"@type":"ListItem","position":3,"name":"Katana Sanda\u00ef Kitetsu HandMade &#8211; One Piece"}]},{"@type":"WebSite","@id":"https:\/\/repliquemangacine.fr\/#website","url":"https:\/\/repliquemangacine.fr\/","name":"R\u00e9plique Manga Cin\u00e9","description":"","publisher":{"@id":"https:\/\/repliquemangacine.fr\/#organization"},"potentialAction":[{"@type":"SearchAction","target":{"@type":"EntryPoint","urlTemplate":"https:\/\/repliquemangacine.fr\/?s={search_term_string}"},"query-input":{"@type":"PropertyValueSpecification","valueRequired":true,"valueName":"search_term_string"}}],"inLanguage":"es"},{"@type":"Organization","@id":"https:\/\/repliquemangacine.fr\/#organization","name":"R\u00e9plique Manga Cin\u00e9","url":"https:\/\/repliquemangacine.fr\/","logo":{"@type":"ImageObject","inLanguage":"es","@id":"https:\/\/repliquemangacine.fr\/#\/schema\/logo\/image\/","url":"https:\/\/repliquemangacine.fr\/wp-content\/uploads\/2023\/10\/RMC-500250.png","contentUrl":"https:\/\/repliquemangacine.fr\/wp-content\/uploads\/2023\/10\/RMC-500250.png","width":500,"height":250,"caption":"R\u00e9plique Manga Cin\u00e9"},"image":{"@id":"https:\/\/repliquemangacine.fr\/#\/schema\/logo\/image\/"},"sameAs":["https:\/\/www.facebook.com\/RepliqueMangaCine","https:\/\/www.instagram.com\/repliquemangacine.fr\/"]}]}},"_links":{"self":[{"href":"https:\/\/repliquemangacine.fr\/es\/wp-json\/wp\/v2\/product\/78303","targetHints":{"allow":["GET"]}}],"collection":[{"href":"https:\/\/repliquemangacine.fr\/es\/wp-json\/wp\/v2\/product"}],"about":[{"href":"https:\/\/repliquemangacine.fr\/es\/wp-json\/wp\/v2\/types\/product"}],"wp:featuredmedia":[{"embeddable":true,"href":"https:\/\/repliquemangacine.fr\/es\/wp-json\/wp\/v2\/media\/78306"}],"wp:attachment":[{"href":"https:\/\/repliquemangacine.fr\/es\/wp-json\/wp\/v2\/media?parent=78303"}],"wp:term":[{"taxonomy":"product_brand","embeddable":true,"href":"https:\/\/repliquemangacine.fr\/es\/wp-json\/wp\/v2\/product_brand?post=78303"},{"taxonomy":"product_cat","embeddable":true,"href":"https:\/\/repliquemangacine.fr\/es\/wp-json\/wp\/v2\/product_cat?post=78303"},{"taxonomy":"product_tag","embeddable":true,"href":"https:\/\/repliquemangacine.fr\/es\/wp-json\/wp\/v2\/product_tag?post=78303"}],"curies":[{"name":"wp","href":"https:\/\/api.w.org\/{rel}","templated":true}]}}