





{"id":78295,"date":"2024-11-23T16:12:04","date_gmt":"2024-11-23T15:12:04","guid":{"rendered":"https:\/\/repliquemangacine.fr\/?post_type=product&#038;p=78295"},"modified":"2026-04-12T06:16:11","modified_gmt":"2026-04-12T04:16:11","slug":"katana-wado-ichimonji-hecho-a-mano-de-una-pieza","status":"publish","type":"product","link":"https:\/\/repliquemangacine.fr\/es\/katana-en-metal-one-piece\/katana-wado-ichimonji-handmade-one-piece\/","title":{"rendered":"Katana Wado Ichimonji HandMade - Una pieza"},"content":{"rendered":"<h2>La Katana Wado Ichimonji Hecha a Mano: El Legado de Roronoa Zoro<\/h2>\n<p>La primera es la katana Wado Ichimonji HandMade, la ic\u00f3nica espada de Roronoa Zoro en One Piece. M\u00e1s que un arma, es un s\u00edmbolo de honor y lealtad. Reconocida por su fuerza y precisi\u00f3n, esta katana es una de las 21 \u014c Wazamono, hojas de calidad superior. Totalmente artesanal, presenta una hoja de acero al carbono preafilada, ideal para los amantes del realismo y la autenticidad. Su funda de madera lacada en blanco es un homenaje a su elegancia, mientras que el mango recubierto de piel de raya trenzada en algod\u00f3n blanco garantiza un agarre perfecto. Por cierto, <a href=\"https:\/\/onepiece.fandom.com\/fr\/wiki\/Roronoa_Zoro\" target=\"_blank\" rel=\"noopener noreferrer\">Zoro<\/a> la sostiene entre los dientes, encarnando el poder y la disciplina de un espadach\u00edn sin igual. R\u00e9plica fiel, este modelo har\u00e1 las delicias de los aficionados que quieran hacer suyo un pedazo de esta leyenda.<\/p>\n<h2>Otras espadas m\u00edticas de One Piece<\/h2>\n<p>En el universo de One Piece, las espadas de Zoro y sus compa\u00f1eros tienen un aura \u00fanica. En primer lugar, las <a href=\"https:\/\/repliquemangacine.fr\/es\/replica-de-videojuegos-manga\/katana-shusui-zoro-una-pieza\/\">Katana shusui<\/a>tambi\u00e9n conocida como la Maldita, es una temible espada negra. Conocida por su fuerza y su misteriosa maldici\u00f3n. A continuaci\u00f3n, la <a href=\"https:\/\/repliquemangacine.fr\/es\/replica-de-videojuegos-manga\/katana-sandai-kitetsu-espada-zoro\/\">Sandai Kitetsu<\/a>una m\u00e1quina notoriamente peligrosa, desaf\u00eda a sus usuarios con su legendaria mala suerte. En cuanto a la <a href=\"https:\/\/repliquemangacine.fr\/es\/replica-de-videojuegos-manga\/purpura-enma-katana-una-pieza\/\">Enma katana<\/a>conocido por su incre\u00edble capacidad para extraer la energ\u00eda vital del portador, que requiere un control perfecto. Por \u00faltimo, no olvidemos el <a href=\"https:\/\/repliquemangacine.fr\/es\/replica-de-videojuegos-manga\/katana-trafalgar-law-violet-one-piece\/\">Trafalgar Law espada<\/a>Una nodachi de proporciones impresionantes con guarda de piel. Estas espadas encarnan la historia y los valores de los personajes que las empu\u00f1an. Descubre estas r\u00e9plicas para completar tu colecci\u00f3n y sum\u00e9rgete en el fascinante mundo de los samur\u00e1is de One Piece.<\/p>\n<h2>\u00bfPor qu\u00e9 elegir la Katana Artesanal Wado Ichimonji y c\u00f3mo cuidarla?<\/h2>\n<p>La Wado Ichimonji no es una simple katana, es una pieza excepcional para cualquier aficionado o coleccionista. Su fabricaci\u00f3n artesanal, sus materiales nobles y sus precisos detalles la convierten en un objeto \u00fanico que merece la pena poseer. Tanto si es un apasionado de las artes marciales como si es un aficionado a la decoraci\u00f3n, esta espada aportar\u00e1 un toque de autenticidad e historia a su colecci\u00f3n.<\/p>\n<p>Para mantenerlo en buen estado, limpie regularmente la hoja con un pa\u00f1o suave y aplique un aceite protector para evitar la oxidaci\u00f3n. Gu\u00e1rdelo en su funda de madera para protegerlo de los elementos y manip\u00falelo con cuidado para preservar su estado. En conclusi\u00f3n, con el Wado Ichimonji, una parte del mundo de One Piece cobra vida en su hogar.<\/p>","protected":false},"excerpt":{"rendered":"<p>Magn\u00edfica r\u00e9plica de la katana de Zoro Ichimonji en One Piece.<\/p>\n<ul>\n<li><strong>Totalmente a mano<\/strong><\/li>\n<li>Hoja de acero al carbono con ranura <strong>preafilado<\/strong><\/li>\n<li>Vaina de madera lacada en blanco<\/li>\n<li>Mango de piel de raya recubierto de trenza de algod\u00f3n blanco<\/li>\n<li>Se suministra con una funda protectora.<\/li>\n<li>Longitud de la hoja: 72,5 cm - Longitud total: 105 cm<\/li>\n<li>Peso con vaina: 1306 gr<\/li>\n<\/ul>","protected":false},"featured_media":78296,"template":"","meta":[],"product_brand":[896],"product_cat":[123,36],"product_tag":[],"class_list":{"0":"post-78295","1":"product","2":"type-product","3":"status-publish","4":"has-post-thumbnail","6":"product_brand-replique-manga-cine","7":"product_cat-katana-en-metal-one-piece","8":"product_cat-katana-one-piece","10":"first","11":"instock","12":"taxable","13":"shipping-taxable","14":"purchasable","15":"product-type-simple"},"yoast_head":"<!-- This site is optimized with the Yoast SEO plugin v27.5 - https:\/\/yoast.com\/product\/yoast-seo-wordpress\/ -->\n<title>Katana Wado Ichimonji HandMade - One Piece - R\u00e9plique Manga Cin\u00e9<\/title>\n<meta name=\"description\" content=\"Superbe r\u00e9plique du Katana Wado Ichimonji Handmade dans One Piece. Lame en acier carbone pr\u00e9-aff\u00fbt\u00e9e. Enti\u00e8rement fait \u00e0 la main. Fourreau laqu\u00e9. 105 cm\" \/>\n<meta name=\"robots\" content=\"index, follow, max-snippet:-1, max-image-preview:large, max-video-preview:-1\" \/>\n<link rel=\"canonical\" href=\"https:\/\/repliquemangacine.fr\/es\/katana-de-metal-de-una-pieza\/katana-wado-ichimonji-hecho-a-mano-de-una-pieza\/\" \/>\n<meta property=\"og:locale\" content=\"es_ES\" \/>\n<meta property=\"og:type\" content=\"article\" \/>\n<meta property=\"og:title\" content=\"Katana Wado Ichimonji HandMade - One Piece - R\u00e9plique Manga Cin\u00e9\" \/>\n<meta property=\"og:description\" content=\"Superbe r\u00e9plique du Katana Wado Ichimonji Handmade dans One Piece. Lame en acier carbone pr\u00e9-aff\u00fbt\u00e9e. Enti\u00e8rement fait \u00e0 la main. Fourreau laqu\u00e9. 105 cm\" \/>\n<meta property=\"og:url\" content=\"https:\/\/repliquemangacine.fr\/es\/katana-de-metal-de-una-pieza\/katana-wado-ichimonji-hecho-a-mano-de-una-pieza\/\" \/>\n<meta property=\"og:site_name\" content=\"R\u00e9plique Manga Cin\u00e9\" \/>\n<meta property=\"article:publisher\" content=\"https:\/\/www.facebook.com\/RepliqueMangaCine\" \/>\n<meta property=\"article:modified_time\" content=\"2026-04-12T04:16:11+00:00\" \/>\n<meta property=\"og:image\" content=\"https:\/\/repliquemangacine.fr\/wp-content\/uploads\/2024\/11\/katana-wado-ichimonji.jpg\" \/>\n\t<meta property=\"og:image:width\" content=\"500\" \/>\n\t<meta property=\"og:image:height\" content=\"500\" \/>\n\t<meta property=\"og:image:type\" content=\"image\/jpeg\" \/>\n<meta name=\"twitter:card\" content=\"summary_large_image\" \/>\n<meta name=\"twitter:label1\" content=\"Tiempo de lectura\" \/>\n\t<meta name=\"twitter:data1\" content=\"3 minutos\" \/>\n<script type=\"application\/ld+json\" class=\"yoast-schema-graph\">{\"@context\":\"https:\\\/\\\/schema.org\",\"@graph\":[{\"@type\":\"WebPage\",\"@id\":\"https:\\\/\\\/repliquemangacine.fr\\\/katana-en-metal-one-piece\\\/katana-wado-ichimonji-handmade-one-piece\\\/\",\"url\":\"https:\\\/\\\/repliquemangacine.fr\\\/katana-en-metal-one-piece\\\/katana-wado-ichimonji-handmade-one-piece\\\/\",\"name\":\"Katana Wado Ichimonji HandMade - One Piece - R\u00e9plique Manga Cin\u00e9\",\"isPartOf\":{\"@id\":\"https:\\\/\\\/repliquemangacine.fr\\\/#website\"},\"primaryImageOfPage\":{\"@id\":\"https:\\\/\\\/repliquemangacine.fr\\\/katana-en-metal-one-piece\\\/katana-wado-ichimonji-handmade-one-piece\\\/#primaryimage\"},\"image\":{\"@id\":\"https:\\\/\\\/repliquemangacine.fr\\\/katana-en-metal-one-piece\\\/katana-wado-ichimonji-handmade-one-piece\\\/#primaryimage\"},\"thumbnailUrl\":\"https:\\\/\\\/repliquemangacine.fr\\\/wp-content\\\/uploads\\\/2024\\\/11\\\/katana-wado-ichimonji.jpg\",\"datePublished\":\"2024-11-23T15:12:04+00:00\",\"dateModified\":\"2026-04-12T04:16:11+00:00\",\"description\":\"Superbe r\u00e9plique du Katana Wado Ichimonji Handmade dans One Piece. Lame en acier carbone pr\u00e9-aff\u00fbt\u00e9e. Enti\u00e8rement fait \u00e0 la main. Fourreau laqu\u00e9. 105 cm\",\"breadcrumb\":{\"@id\":\"https:\\\/\\\/repliquemangacine.fr\\\/katana-en-metal-one-piece\\\/katana-wado-ichimonji-handmade-one-piece\\\/#breadcrumb\"},\"inLanguage\":\"es\",\"potentialAction\":[{\"@type\":\"ReadAction\",\"target\":[\"https:\\\/\\\/repliquemangacine.fr\\\/katana-en-metal-one-piece\\\/katana-wado-ichimonji-handmade-one-piece\\\/\"]}]},{\"@type\":\"ImageObject\",\"inLanguage\":\"es\",\"@id\":\"https:\\\/\\\/repliquemangacine.fr\\\/katana-en-metal-one-piece\\\/katana-wado-ichimonji-handmade-one-piece\\\/#primaryimage\",\"url\":\"https:\\\/\\\/repliquemangacine.fr\\\/wp-content\\\/uploads\\\/2024\\\/11\\\/katana-wado-ichimonji.jpg\",\"contentUrl\":\"https:\\\/\\\/repliquemangacine.fr\\\/wp-content\\\/uploads\\\/2024\\\/11\\\/katana-wado-ichimonji.jpg\",\"width\":500,\"height\":500,\"caption\":\"Katana Wado Ichimonji Handmade\"},{\"@type\":\"BreadcrumbList\",\"@id\":\"https:\\\/\\\/repliquemangacine.fr\\\/katana-en-metal-one-piece\\\/katana-wado-ichimonji-handmade-one-piece\\\/#breadcrumb\",\"itemListElement\":[{\"@type\":\"ListItem\",\"position\":1,\"name\":\"Accueil\",\"item\":\"https:\\\/\\\/repliquemangacine.fr\\\/\"},{\"@type\":\"ListItem\",\"position\":2,\"name\":\"Produits\",\"item\":\"https:\\\/\\\/repliquemangacine.fr\\\/boutique\\\/\"},{\"@type\":\"ListItem\",\"position\":3,\"name\":\"Katana Wado Ichimonji HandMade &#8211; One Piece\"}]},{\"@type\":\"WebSite\",\"@id\":\"https:\\\/\\\/repliquemangacine.fr\\\/#website\",\"url\":\"https:\\\/\\\/repliquemangacine.fr\\\/\",\"name\":\"R\u00e9plique Manga Cin\u00e9\",\"description\":\"\",\"publisher\":{\"@id\":\"https:\\\/\\\/repliquemangacine.fr\\\/#organization\"},\"potentialAction\":[{\"@type\":\"SearchAction\",\"target\":{\"@type\":\"EntryPoint\",\"urlTemplate\":\"https:\\\/\\\/repliquemangacine.fr\\\/?s={search_term_string}\"},\"query-input\":{\"@type\":\"PropertyValueSpecification\",\"valueRequired\":true,\"valueName\":\"search_term_string\"}}],\"inLanguage\":\"es\"},{\"@type\":\"Organization\",\"@id\":\"https:\\\/\\\/repliquemangacine.fr\\\/#organization\",\"name\":\"R\u00e9plique Manga Cin\u00e9\",\"url\":\"https:\\\/\\\/repliquemangacine.fr\\\/\",\"logo\":{\"@type\":\"ImageObject\",\"inLanguage\":\"es\",\"@id\":\"https:\\\/\\\/repliquemangacine.fr\\\/#\\\/schema\\\/logo\\\/image\\\/\",\"url\":\"https:\\\/\\\/repliquemangacine.fr\\\/wp-content\\\/uploads\\\/2023\\\/10\\\/RMC-500250.png\",\"contentUrl\":\"https:\\\/\\\/repliquemangacine.fr\\\/wp-content\\\/uploads\\\/2023\\\/10\\\/RMC-500250.png\",\"width\":500,\"height\":250,\"caption\":\"R\u00e9plique Manga Cin\u00e9\"},\"image\":{\"@id\":\"https:\\\/\\\/repliquemangacine.fr\\\/#\\\/schema\\\/logo\\\/image\\\/\"},\"sameAs\":[\"https:\\\/\\\/www.facebook.com\\\/RepliqueMangaCine\",\"https:\\\/\\\/www.instagram.com\\\/repliquemangacine.fr\\\/\"]}]}<\/script>\n<!-- \/ Yoast SEO plugin. -->","yoast_head_json":{"title":"Katana Wado Ichimonji Hecha a Mano - Una Pieza - R\u00e9plique Manga Cin\u00e9","description":"Magn\u00edfica r\u00e9plica de la Katana Wado Ichimonji hecha a mano de One Piece. Hoja de acero al carbono preafilada. Totalmente hecha a mano. Vaina lacada. 105 cm","robots":{"index":"index","follow":"follow","max-snippet":"max-snippet:-1","max-image-preview":"max-image-preview:large","max-video-preview":"max-video-preview:-1"},"canonical":"https:\/\/repliquemangacine.fr\/es\/katana-de-metal-de-una-pieza\/katana-wado-ichimonji-hecho-a-mano-de-una-pieza\/","og_locale":"es_ES","og_type":"article","og_title":"Katana Wado Ichimonji HandMade - One Piece - R\u00e9plique Manga Cin\u00e9","og_description":"Superbe r\u00e9plique du Katana Wado Ichimonji Handmade dans One Piece. Lame en acier carbone pr\u00e9-aff\u00fbt\u00e9e. Enti\u00e8rement fait \u00e0 la main. Fourreau laqu\u00e9. 105 cm","og_url":"https:\/\/repliquemangacine.fr\/es\/katana-de-metal-de-una-pieza\/katana-wado-ichimonji-hecho-a-mano-de-una-pieza\/","og_site_name":"R\u00e9plique Manga Cin\u00e9","article_publisher":"https:\/\/www.facebook.com\/RepliqueMangaCine","article_modified_time":"2026-04-12T04:16:11+00:00","og_image":[{"width":500,"height":500,"url":"https:\/\/repliquemangacine.fr\/wp-content\/uploads\/2024\/11\/katana-wado-ichimonji.jpg","type":"image\/jpeg"}],"twitter_card":"summary_large_image","twitter_misc":{"Tiempo de lectura":"3 minutos"},"schema":{"@context":"https:\/\/schema.org","@graph":[{"@type":"WebPage","@id":"https:\/\/repliquemangacine.fr\/katana-en-metal-one-piece\/katana-wado-ichimonji-handmade-one-piece\/","url":"https:\/\/repliquemangacine.fr\/katana-en-metal-one-piece\/katana-wado-ichimonji-handmade-one-piece\/","name":"Katana Wado Ichimonji Hecha a Mano - Una Pieza - R\u00e9plique Manga Cin\u00e9","isPartOf":{"@id":"https:\/\/repliquemangacine.fr\/#website"},"primaryImageOfPage":{"@id":"https:\/\/repliquemangacine.fr\/katana-en-metal-one-piece\/katana-wado-ichimonji-handmade-one-piece\/#primaryimage"},"image":{"@id":"https:\/\/repliquemangacine.fr\/katana-en-metal-one-piece\/katana-wado-ichimonji-handmade-one-piece\/#primaryimage"},"thumbnailUrl":"https:\/\/repliquemangacine.fr\/wp-content\/uploads\/2024\/11\/katana-wado-ichimonji.jpg","datePublished":"2024-11-23T15:12:04+00:00","dateModified":"2026-04-12T04:16:11+00:00","description":"Magn\u00edfica r\u00e9plica de la Katana Wado Ichimonji hecha a mano de One Piece. Hoja de acero al carbono preafilada. Totalmente hecha a mano. Vaina lacada. 105 cm","breadcrumb":{"@id":"https:\/\/repliquemangacine.fr\/katana-en-metal-one-piece\/katana-wado-ichimonji-handmade-one-piece\/#breadcrumb"},"inLanguage":"es","potentialAction":[{"@type":"ReadAction","target":["https:\/\/repliquemangacine.fr\/katana-en-metal-one-piece\/katana-wado-ichimonji-handmade-one-piece\/"]}]},{"@type":"ImageObject","inLanguage":"es","@id":"https:\/\/repliquemangacine.fr\/katana-en-metal-one-piece\/katana-wado-ichimonji-handmade-one-piece\/#primaryimage","url":"https:\/\/repliquemangacine.fr\/wp-content\/uploads\/2024\/11\/katana-wado-ichimonji.jpg","contentUrl":"https:\/\/repliquemangacine.fr\/wp-content\/uploads\/2024\/11\/katana-wado-ichimonji.jpg","width":500,"height":500,"caption":"Katana Wado Ichimonji Handmade"},{"@type":"BreadcrumbList","@id":"https:\/\/repliquemangacine.fr\/katana-en-metal-one-piece\/katana-wado-ichimonji-handmade-one-piece\/#breadcrumb","itemListElement":[{"@type":"ListItem","position":1,"name":"Accueil","item":"https:\/\/repliquemangacine.fr\/"},{"@type":"ListItem","position":2,"name":"Produits","item":"https:\/\/repliquemangacine.fr\/boutique\/"},{"@type":"ListItem","position":3,"name":"Katana Wado Ichimonji HandMade &#8211; One Piece"}]},{"@type":"WebSite","@id":"https:\/\/repliquemangacine.fr\/#website","url":"https:\/\/repliquemangacine.fr\/","name":"R\u00e9plique Manga Cin\u00e9","description":"","publisher":{"@id":"https:\/\/repliquemangacine.fr\/#organization"},"potentialAction":[{"@type":"SearchAction","target":{"@type":"EntryPoint","urlTemplate":"https:\/\/repliquemangacine.fr\/?s={search_term_string}"},"query-input":{"@type":"PropertyValueSpecification","valueRequired":true,"valueName":"search_term_string"}}],"inLanguage":"es"},{"@type":"Organization","@id":"https:\/\/repliquemangacine.fr\/#organization","name":"R\u00e9plique Manga Cin\u00e9","url":"https:\/\/repliquemangacine.fr\/","logo":{"@type":"ImageObject","inLanguage":"es","@id":"https:\/\/repliquemangacine.fr\/#\/schema\/logo\/image\/","url":"https:\/\/repliquemangacine.fr\/wp-content\/uploads\/2023\/10\/RMC-500250.png","contentUrl":"https:\/\/repliquemangacine.fr\/wp-content\/uploads\/2023\/10\/RMC-500250.png","width":500,"height":250,"caption":"R\u00e9plique Manga Cin\u00e9"},"image":{"@id":"https:\/\/repliquemangacine.fr\/#\/schema\/logo\/image\/"},"sameAs":["https:\/\/www.facebook.com\/RepliqueMangaCine","https:\/\/www.instagram.com\/repliquemangacine.fr\/"]}]}},"_links":{"self":[{"href":"https:\/\/repliquemangacine.fr\/es\/wp-json\/wp\/v2\/product\/78295","targetHints":{"allow":["GET"]}}],"collection":[{"href":"https:\/\/repliquemangacine.fr\/es\/wp-json\/wp\/v2\/product"}],"about":[{"href":"https:\/\/repliquemangacine.fr\/es\/wp-json\/wp\/v2\/types\/product"}],"wp:featuredmedia":[{"embeddable":true,"href":"https:\/\/repliquemangacine.fr\/es\/wp-json\/wp\/v2\/media\/78296"}],"wp:attachment":[{"href":"https:\/\/repliquemangacine.fr\/es\/wp-json\/wp\/v2\/media?parent=78295"}],"wp:term":[{"taxonomy":"product_brand","embeddable":true,"href":"https:\/\/repliquemangacine.fr\/es\/wp-json\/wp\/v2\/product_brand?post=78295"},{"taxonomy":"product_cat","embeddable":true,"href":"https:\/\/repliquemangacine.fr\/es\/wp-json\/wp\/v2\/product_cat?post=78295"},{"taxonomy":"product_tag","embeddable":true,"href":"https:\/\/repliquemangacine.fr\/es\/wp-json\/wp\/v2\/product_tag?post=78295"}],"curies":[{"name":"wp","href":"https:\/\/api.w.org\/{rel}","templated":true}]}}