





{"id":78221,"date":"2024-11-21T19:26:25","date_gmt":"2024-11-21T18:26:25","guid":{"rendered":"https:\/\/repliquemangacine.fr\/?post_type=product&#038;p=78221"},"modified":"2025-11-29T20:02:56","modified_gmt":"2025-11-29T19:02:56","slug":"9-cuchillos-arrojadizos-y-funda","status":"publish","type":"product","link":"https:\/\/repliquemangacine.fr\/es\/kunai-et-shuriken-naruto\/9-couteaux-a-lancer-et-pochette\/","title":{"rendered":"9 cuchillos arrojadizos y funda"},"content":{"rendered":"<h2>Cuchillos arrojadizos con funda, dise\u00f1o japon\u00e9s<\/h2>\n<p>En primer lugar, descubre la elegancia y la precisi\u00f3n que encarna este exclusivo juego de 9 cuchillos para lanzar. Inspirados en el arte tradicional japon\u00e9s, cada cuchillo luce un distintivo s\u00edmbolo japon\u00e9s grabado en el metal. Simbolizando as\u00ed el poder, la armon\u00eda y el dominio.<\/p>\n<p>Estos cuchillos, dise\u00f1ados en una sola pieza de metal, ofrecen una robustez y estabilidad excepcionales al lanzarlos. Mango adornado con un cord\u00f3n rojo, que combina estilo y funcionalidad para un agarre \u00f3ptimo.<\/p>\n<p>Todo ello cuidadosamente guardado en una funda de cordura negra, resistente y pr\u00e1ctica. Ajustable, se puede llevar tanto en el muslo como en el brazo, para un acceso r\u00e1pido y un estilo marcial afirmado.<\/p>\n<h2>Descubre nuestros productos inspirados en el universo Naruto: Kunais, Shurikens y Cuchillas Chakra.<\/h2>\n<p>Sum\u00e9rgete en el fascinante mundo de Naruto con nuestra gama de r\u00e9plicas de las armas m\u00e1s emblem\u00e1ticas de la serie. Nuestras r\u00e9plicas imprescindibles incluyen la <a href=\"https:\/\/repliquemangacine.fr\/es\/naruto-kunai-y-shuriken\/set-de-3-naruto-kunai\/\">juego de 3 kunais<\/a> Se entrega en una pr\u00e1ctica bolsa. Ideal para los aficionados que quieran aprender a lanzar o ampliar su colecci\u00f3n. Para los coleccionistas apasionados, tambi\u00e9n ofrecemos el <a href=\"https:\/\/repliquemangacine.fr\/es\/naruto-kunai-y-shuriken\/naruto-kunai-grande\/\">kunai grande<\/a> de 25 cm. Una imponente pieza de exposici\u00f3n, perfecta para mostrar tu apego a este universo m\u00edtico.<\/p>\n<p>\u00bfTe gusta la agilidad y la precisi\u00f3n de los ninjas? D\u00e9jate seducir por nuestras shurikens met\u00e1licas, perfectamente equilibradas y con los dise\u00f1os cl\u00e1sicos del anime. Por \u00faltimo, los fans de Asuma Sarutobi estar\u00e1n encantados de descubrir las r\u00e9plicas de las <a href=\"https:\/\/repliquemangacine.fr\/es\/naruto-kunai-y-shuriken\/hoja-de-chakra-asuma\/\">hojas de chakra<\/a>, fielmente reproducidas con minuciosos detalles, ideales para completar un cosplay o enriquecer una colecci\u00f3n.<\/p>\n<p>En conclusi\u00f3n, cada producto ha sido cuidadosamente dise\u00f1ado para combinar calidad, autenticidad y pasi\u00f3n. Ya sea para uso decorativo, entrenamiento o para encarnar a tus personajes favoritos, nuestra selecci\u00f3n satisfar\u00e1 todas tus expectativas. A\u00f1ade un toque de <a href=\"https:\/\/naruto.fandom.com\/wiki\/Narutopedia\" target=\"_blank\" rel=\"noopener noreferrer\">Naruto<\/a> \u00a1y \u00fanete a las filas de los legendarios ninjas!<\/p>\n<h2>C\u00f3mo cuidar tus 9 cuchillos arrojadizos<\/h2>\n<p>Para garantizar la durabilidad y el rendimiento de sus 9 cuchillos de lanzamiento, es imprescindible realizar un mantenimiento regular. Estas piezas, fabricadas \u00edntegramente en metal de una sola pieza, son muy resistentes. Sin embargo, los impactos repetidos y las condiciones ambientales pueden afectar a su estado si no se mantienen correctamente.<\/p>\n<p>Comience por limpiar las cuchillas despu\u00e9s de cada uso para eliminar los residuos, el polvo o la humedad que podr\u00edan provocar corrosi\u00f3n. Utilice un pa\u00f1o suave ligeramente humedecido y, a continuaci\u00f3n, s\u00e9quelas completamente para evitar la formaci\u00f3n de \u00f3xido. Si las utiliza con frecuencia en exteriores, considere la posibilidad de aplicar una fina capa de\u2019<a href=\"https:\/\/repliquemangacine.fr\/es\/armas-historicas\/aceite-ballistol-universal\/\">Aceite Ballistoll<\/a> para proteger las cuchillas contra la oxidaci\u00f3n.<\/p>\n<p>Si sigues estos sencillos consejos, tus cuchillos no solo seguir\u00e1n siendo funcionales, sino que tambi\u00e9n mantendr\u00e1n un aspecto impecable, listos para impresionar en tus sesiones de lanzamiento o como pieza de colecci\u00f3n.<\/p>\n<p>&nbsp;<\/p>","protected":false},"excerpt":{"rendered":"<p>Magn\u00edfico juego de 10 piezas, que incluye 9 cuchillos arrojadizos y funda.<\/p>\n<ul>\n<li>Hoja de acero inoxidable 440 sin afilar<\/li>\n<li>Construcci\u00f3n de espiga completa<\/li>\n<li>Cada cuchillo tiene su propio signo japon\u00e9s.<\/li>\n<li>Asa cubierta con cord\u00f3n rojo<\/li>\n<li>Bolsa de almacenamiento de 9 posiciones, ajustable para brazo o muslo<\/li>\n<li>Longitud de cada cuchillo: 15 cm<\/li>\n<\/ul>","protected":false},"featured_media":78222,"template":"","meta":[],"product_brand":[896],"product_cat":[894,108,42],"product_tag":[],"class_list":{"0":"post-78221","1":"product","2":"type-product","3":"status-publish","4":"has-post-thumbnail","6":"product_brand-replique-manga-cine","7":"product_cat-couteaux-de-lancer-et-etoiles","8":"product_cat-kunai-et-shuriken-naruto","9":"product_cat-katana-goodies-naruto-kunai","11":"first","12":"instock","13":"taxable","14":"shipping-taxable","15":"purchasable","16":"product-type-simple"},"yoast_head":"<!-- This site is optimized with the Yoast SEO plugin v27.4 - https:\/\/yoast.com\/product\/yoast-seo-wordpress\/ -->\n<title>9 Couteaux \u00e0 lancer et pochette - R\u00e9plique Manga Cin\u00e9<\/title>\n<meta name=\"description\" content=\"Superbe set de 9 Couteaux \u00e0 lancer avec pochette de rangement. Tout en acier 440 stainless. Signe Japonais sur chaque couteau. Longueur totale : 15 cm\" \/>\n<meta name=\"robots\" content=\"index, follow, max-snippet:-1, max-image-preview:large, max-video-preview:-1\" \/>\n<link rel=\"canonical\" href=\"https:\/\/repliquemangacine.fr\/es\/naruto-kunai-y-shuriken\/9-cuchillos-arrojadizos-y-funda\/\" \/>\n<meta property=\"og:locale\" content=\"es_ES\" \/>\n<meta property=\"og:type\" content=\"article\" \/>\n<meta property=\"og:title\" content=\"9 Couteaux \u00e0 lancer et pochette - R\u00e9plique Manga Cin\u00e9\" \/>\n<meta property=\"og:description\" content=\"Superbe set de 9 Couteaux \u00e0 lancer avec pochette de rangement. Tout en acier 440 stainless. Signe Japonais sur chaque couteau. Longueur totale : 15 cm\" \/>\n<meta property=\"og:url\" content=\"https:\/\/repliquemangacine.fr\/es\/naruto-kunai-y-shuriken\/9-cuchillos-arrojadizos-y-funda\/\" \/>\n<meta property=\"og:site_name\" content=\"R\u00e9plique Manga Cin\u00e9\" \/>\n<meta property=\"article:publisher\" content=\"https:\/\/www.facebook.com\/RepliqueMangaCine\" \/>\n<meta property=\"article:modified_time\" content=\"2025-11-29T19:02:56+00:00\" \/>\n<meta property=\"og:image\" content=\"https:\/\/repliquemangacine.fr\/wp-content\/uploads\/2024\/11\/couteau-a-lancer-ensemble-de-10-pieces.jpg\" \/>\n\t<meta property=\"og:image:width\" content=\"500\" \/>\n\t<meta property=\"og:image:height\" content=\"500\" \/>\n\t<meta property=\"og:image:type\" content=\"image\/jpeg\" \/>\n<meta name=\"twitter:card\" content=\"summary_large_image\" \/>\n<meta name=\"twitter:label1\" content=\"Tiempo de lectura\" \/>\n\t<meta name=\"twitter:data1\" content=\"3 minutos\" \/>\n<script type=\"application\/ld+json\" class=\"yoast-schema-graph\">{\"@context\":\"https:\\\/\\\/schema.org\",\"@graph\":[{\"@type\":\"WebPage\",\"@id\":\"https:\\\/\\\/repliquemangacine.fr\\\/kunai-et-shuriken-naruto\\\/9-couteaux-a-lancer-et-pochette\\\/\",\"url\":\"https:\\\/\\\/repliquemangacine.fr\\\/kunai-et-shuriken-naruto\\\/9-couteaux-a-lancer-et-pochette\\\/\",\"name\":\"9 Couteaux \u00e0 lancer et pochette - R\u00e9plique Manga Cin\u00e9\",\"isPartOf\":{\"@id\":\"https:\\\/\\\/repliquemangacine.fr\\\/#website\"},\"primaryImageOfPage\":{\"@id\":\"https:\\\/\\\/repliquemangacine.fr\\\/kunai-et-shuriken-naruto\\\/9-couteaux-a-lancer-et-pochette\\\/#primaryimage\"},\"image\":{\"@id\":\"https:\\\/\\\/repliquemangacine.fr\\\/kunai-et-shuriken-naruto\\\/9-couteaux-a-lancer-et-pochette\\\/#primaryimage\"},\"thumbnailUrl\":\"https:\\\/\\\/repliquemangacine.fr\\\/wp-content\\\/uploads\\\/2024\\\/11\\\/couteau-a-lancer-ensemble-de-10-pieces.jpg\",\"datePublished\":\"2024-11-21T18:26:25+00:00\",\"dateModified\":\"2025-11-29T19:02:56+00:00\",\"description\":\"Superbe set de 9 Couteaux \u00e0 lancer avec pochette de rangement. Tout en acier 440 stainless. Signe Japonais sur chaque couteau. Longueur totale : 15 cm\",\"breadcrumb\":{\"@id\":\"https:\\\/\\\/repliquemangacine.fr\\\/kunai-et-shuriken-naruto\\\/9-couteaux-a-lancer-et-pochette\\\/#breadcrumb\"},\"inLanguage\":\"es\",\"potentialAction\":[{\"@type\":\"ReadAction\",\"target\":[\"https:\\\/\\\/repliquemangacine.fr\\\/kunai-et-shuriken-naruto\\\/9-couteaux-a-lancer-et-pochette\\\/\"]}]},{\"@type\":\"ImageObject\",\"inLanguage\":\"es\",\"@id\":\"https:\\\/\\\/repliquemangacine.fr\\\/kunai-et-shuriken-naruto\\\/9-couteaux-a-lancer-et-pochette\\\/#primaryimage\",\"url\":\"https:\\\/\\\/repliquemangacine.fr\\\/wp-content\\\/uploads\\\/2024\\\/11\\\/couteau-a-lancer-ensemble-de-10-pieces.jpg\",\"contentUrl\":\"https:\\\/\\\/repliquemangacine.fr\\\/wp-content\\\/uploads\\\/2024\\\/11\\\/couteau-a-lancer-ensemble-de-10-pieces.jpg\",\"width\":500,\"height\":500,\"caption\":\"9 couteaux \u00e0 lancer avec pochette\"},{\"@type\":\"BreadcrumbList\",\"@id\":\"https:\\\/\\\/repliquemangacine.fr\\\/kunai-et-shuriken-naruto\\\/9-couteaux-a-lancer-et-pochette\\\/#breadcrumb\",\"itemListElement\":[{\"@type\":\"ListItem\",\"position\":1,\"name\":\"Accueil\",\"item\":\"https:\\\/\\\/repliquemangacine.fr\\\/\"},{\"@type\":\"ListItem\",\"position\":2,\"name\":\"Produits\",\"item\":\"https:\\\/\\\/repliquemangacine.fr\\\/boutique\\\/\"},{\"@type\":\"ListItem\",\"position\":3,\"name\":\"9 Couteaux \u00e0 lancer et pochette\"}]},{\"@type\":\"WebSite\",\"@id\":\"https:\\\/\\\/repliquemangacine.fr\\\/#website\",\"url\":\"https:\\\/\\\/repliquemangacine.fr\\\/\",\"name\":\"R\u00e9plique Manga Cin\u00e9\",\"description\":\"\",\"publisher\":{\"@id\":\"https:\\\/\\\/repliquemangacine.fr\\\/#organization\"},\"potentialAction\":[{\"@type\":\"SearchAction\",\"target\":{\"@type\":\"EntryPoint\",\"urlTemplate\":\"https:\\\/\\\/repliquemangacine.fr\\\/?s={search_term_string}\"},\"query-input\":{\"@type\":\"PropertyValueSpecification\",\"valueRequired\":true,\"valueName\":\"search_term_string\"}}],\"inLanguage\":\"es\"},{\"@type\":\"Organization\",\"@id\":\"https:\\\/\\\/repliquemangacine.fr\\\/#organization\",\"name\":\"R\u00e9plique Manga Cin\u00e9\",\"url\":\"https:\\\/\\\/repliquemangacine.fr\\\/\",\"logo\":{\"@type\":\"ImageObject\",\"inLanguage\":\"es\",\"@id\":\"https:\\\/\\\/repliquemangacine.fr\\\/#\\\/schema\\\/logo\\\/image\\\/\",\"url\":\"https:\\\/\\\/repliquemangacine.fr\\\/wp-content\\\/uploads\\\/2023\\\/10\\\/RMC-500250.png\",\"contentUrl\":\"https:\\\/\\\/repliquemangacine.fr\\\/wp-content\\\/uploads\\\/2023\\\/10\\\/RMC-500250.png\",\"width\":500,\"height\":250,\"caption\":\"R\u00e9plique Manga Cin\u00e9\"},\"image\":{\"@id\":\"https:\\\/\\\/repliquemangacine.fr\\\/#\\\/schema\\\/logo\\\/image\\\/\"},\"sameAs\":[\"https:\\\/\\\/www.facebook.com\\\/RepliqueMangaCine\",\"https:\\\/\\\/www.instagram.com\\\/repliquemangacine.fr\\\/\"]}]}<\/script>\n<!-- \/ Yoast SEO plugin. -->","yoast_head_json":{"title":"9 cuchillos arrojadizos y funda - R\u00e9plique Manga Cin\u00e9","description":"Magn\u00edfico juego de 9 cuchillos arrojadizos con funda de almacenamiento. Todos de acero inoxidable 440. Signo japon\u00e9s en cada cuchillo. Longitud total: 15 cm","robots":{"index":"index","follow":"follow","max-snippet":"max-snippet:-1","max-image-preview":"max-image-preview:large","max-video-preview":"max-video-preview:-1"},"canonical":"https:\/\/repliquemangacine.fr\/es\/naruto-kunai-y-shuriken\/9-cuchillos-arrojadizos-y-funda\/","og_locale":"es_ES","og_type":"article","og_title":"9 Couteaux \u00e0 lancer et pochette - R\u00e9plique Manga Cin\u00e9","og_description":"Superbe set de 9 Couteaux \u00e0 lancer avec pochette de rangement. Tout en acier 440 stainless. Signe Japonais sur chaque couteau. Longueur totale : 15 cm","og_url":"https:\/\/repliquemangacine.fr\/es\/naruto-kunai-y-shuriken\/9-cuchillos-arrojadizos-y-funda\/","og_site_name":"R\u00e9plique Manga Cin\u00e9","article_publisher":"https:\/\/www.facebook.com\/RepliqueMangaCine","article_modified_time":"2025-11-29T19:02:56+00:00","og_image":[{"width":500,"height":500,"url":"https:\/\/repliquemangacine.fr\/wp-content\/uploads\/2024\/11\/couteau-a-lancer-ensemble-de-10-pieces.jpg","type":"image\/jpeg"}],"twitter_card":"summary_large_image","twitter_misc":{"Tiempo de lectura":"3 minutos"},"schema":{"@context":"https:\/\/schema.org","@graph":[{"@type":"WebPage","@id":"https:\/\/repliquemangacine.fr\/kunai-et-shuriken-naruto\/9-couteaux-a-lancer-et-pochette\/","url":"https:\/\/repliquemangacine.fr\/kunai-et-shuriken-naruto\/9-couteaux-a-lancer-et-pochette\/","name":"9 cuchillos arrojadizos y funda - R\u00e9plique Manga Cin\u00e9","isPartOf":{"@id":"https:\/\/repliquemangacine.fr\/#website"},"primaryImageOfPage":{"@id":"https:\/\/repliquemangacine.fr\/kunai-et-shuriken-naruto\/9-couteaux-a-lancer-et-pochette\/#primaryimage"},"image":{"@id":"https:\/\/repliquemangacine.fr\/kunai-et-shuriken-naruto\/9-couteaux-a-lancer-et-pochette\/#primaryimage"},"thumbnailUrl":"https:\/\/repliquemangacine.fr\/wp-content\/uploads\/2024\/11\/couteau-a-lancer-ensemble-de-10-pieces.jpg","datePublished":"2024-11-21T18:26:25+00:00","dateModified":"2025-11-29T19:02:56+00:00","description":"Magn\u00edfico juego de 9 cuchillos arrojadizos con funda de almacenamiento. Todos de acero inoxidable 440. Signo japon\u00e9s en cada cuchillo. Longitud total: 15 cm","breadcrumb":{"@id":"https:\/\/repliquemangacine.fr\/kunai-et-shuriken-naruto\/9-couteaux-a-lancer-et-pochette\/#breadcrumb"},"inLanguage":"es","potentialAction":[{"@type":"ReadAction","target":["https:\/\/repliquemangacine.fr\/kunai-et-shuriken-naruto\/9-couteaux-a-lancer-et-pochette\/"]}]},{"@type":"ImageObject","inLanguage":"es","@id":"https:\/\/repliquemangacine.fr\/kunai-et-shuriken-naruto\/9-couteaux-a-lancer-et-pochette\/#primaryimage","url":"https:\/\/repliquemangacine.fr\/wp-content\/uploads\/2024\/11\/couteau-a-lancer-ensemble-de-10-pieces.jpg","contentUrl":"https:\/\/repliquemangacine.fr\/wp-content\/uploads\/2024\/11\/couteau-a-lancer-ensemble-de-10-pieces.jpg","width":500,"height":500,"caption":"9 couteaux \u00e0 lancer avec pochette"},{"@type":"BreadcrumbList","@id":"https:\/\/repliquemangacine.fr\/kunai-et-shuriken-naruto\/9-couteaux-a-lancer-et-pochette\/#breadcrumb","itemListElement":[{"@type":"ListItem","position":1,"name":"Accueil","item":"https:\/\/repliquemangacine.fr\/"},{"@type":"ListItem","position":2,"name":"Produits","item":"https:\/\/repliquemangacine.fr\/boutique\/"},{"@type":"ListItem","position":3,"name":"9 Couteaux \u00e0 lancer et pochette"}]},{"@type":"WebSite","@id":"https:\/\/repliquemangacine.fr\/#website","url":"https:\/\/repliquemangacine.fr\/","name":"R\u00e9plique Manga Cin\u00e9","description":"","publisher":{"@id":"https:\/\/repliquemangacine.fr\/#organization"},"potentialAction":[{"@type":"SearchAction","target":{"@type":"EntryPoint","urlTemplate":"https:\/\/repliquemangacine.fr\/?s={search_term_string}"},"query-input":{"@type":"PropertyValueSpecification","valueRequired":true,"valueName":"search_term_string"}}],"inLanguage":"es"},{"@type":"Organization","@id":"https:\/\/repliquemangacine.fr\/#organization","name":"R\u00e9plique Manga Cin\u00e9","url":"https:\/\/repliquemangacine.fr\/","logo":{"@type":"ImageObject","inLanguage":"es","@id":"https:\/\/repliquemangacine.fr\/#\/schema\/logo\/image\/","url":"https:\/\/repliquemangacine.fr\/wp-content\/uploads\/2023\/10\/RMC-500250.png","contentUrl":"https:\/\/repliquemangacine.fr\/wp-content\/uploads\/2023\/10\/RMC-500250.png","width":500,"height":250,"caption":"R\u00e9plique Manga Cin\u00e9"},"image":{"@id":"https:\/\/repliquemangacine.fr\/#\/schema\/logo\/image\/"},"sameAs":["https:\/\/www.facebook.com\/RepliqueMangaCine","https:\/\/www.instagram.com\/repliquemangacine.fr\/"]}]}},"_links":{"self":[{"href":"https:\/\/repliquemangacine.fr\/es\/wp-json\/wp\/v2\/product\/78221","targetHints":{"allow":["GET"]}}],"collection":[{"href":"https:\/\/repliquemangacine.fr\/es\/wp-json\/wp\/v2\/product"}],"about":[{"href":"https:\/\/repliquemangacine.fr\/es\/wp-json\/wp\/v2\/types\/product"}],"wp:featuredmedia":[{"embeddable":true,"href":"https:\/\/repliquemangacine.fr\/es\/wp-json\/wp\/v2\/media\/78222"}],"wp:attachment":[{"href":"https:\/\/repliquemangacine.fr\/es\/wp-json\/wp\/v2\/media?parent=78221"}],"wp:term":[{"taxonomy":"product_brand","embeddable":true,"href":"https:\/\/repliquemangacine.fr\/es\/wp-json\/wp\/v2\/product_brand?post=78221"},{"taxonomy":"product_cat","embeddable":true,"href":"https:\/\/repliquemangacine.fr\/es\/wp-json\/wp\/v2\/product_cat?post=78221"},{"taxonomy":"product_tag","embeddable":true,"href":"https:\/\/repliquemangacine.fr\/es\/wp-json\/wp\/v2\/product_tag?post=78221"}],"curies":[{"name":"wp","href":"https:\/\/api.w.org\/{rel}","templated":true}]}}