





{"id":78140,"date":"2024-11-18T18:30:28","date_gmt":"2024-11-18T17:30:28","guid":{"rendered":"https:\/\/repliquemangacine.fr\/?post_type=product&#038;p=78140"},"modified":"2025-11-17T21:43:03","modified_gmt":"2025-11-17T20:43:03","slug":"ultima-katana-samurai-v2","status":"publish","type":"product","link":"https:\/\/repliquemangacine.fr\/es\/katanas-le-dernier-samourai\/katana-dernier-samourai-v2\/","title":{"rendered":"Katana \u00daltimo Samurai V2"},"content":{"rendered":"<h2>Katana Last Samurai V2 - Edici\u00f3n Nathan Algren<\/h2>\n<p>En primer lugar, la Katana \u00daltimo Samur\u00e1i V2, inspirada en la pel\u00edcula del mismo nombre. Ad\u00e9ntrate en el universo de los samur\u00e1is con esta r\u00e9plica que lleva Nathan Algren, el personaje interpretado por Tom Cruise en la pel\u00edcula de culto El \u00faltimo samur\u00e1i. S\u00edmbolo de honor y dominio, mucho m\u00e1s que un arma: es un homenaje al legado de los guerreros japoneses.<\/p>\n<p>La pel\u00edcula se desarrolla durante la transici\u00f3n de la era Edo a <a href=\"https:\/\/www.lhistoire.fr\/carte\/le-japon-de-l%C3%A8re-meiji\" target=\"_blank\" rel=\"noopener noreferrer\">la era Meiji<\/a> (1868-1912). Un periodo en el que Jap\u00f3n abandon\u00f3 sus estructuras feudales para adoptar una sociedad moderna, industrializada e influenciada por Occidente. Esta transici\u00f3n provoc\u00f3 profundos conflictos entre la tradici\u00f3n y la modernidad. Encarnados por personajes como Katsumoto y Nathan Algren en la pel\u00edcula.<\/p>\n<p>En conclusi\u00f3n, Nathan Algren no es un personaje hist\u00f3rico real, sino un personaje compuesto basado en figuras como Jules Brunet y acontecimientos de la \u00e9poca Meiji. Representa el choque cultural y la admiraci\u00f3n por el c\u00f3digo samur\u00e1i, que sigue fascinando al mundo hoy en d\u00eda.<\/p>\n<h2>\u00bfPor qu\u00e9 elegir esta katana Dernier Samoura\u00ef V2?<\/h2>\n<p>Esta katana destaca por sus detalles \u00fanicos y su excepcional calidad. La combinaci\u00f3n de la hoja grabada y la funda abierta la convierten en una pieza \u00fanica, perfecta para impresionar a tus amigos o enriquecer tu colecci\u00f3n. De hecho, la funda (saya) tiene una ranura cuidadosamente trabajada que permite ver los grabados de la hoja incluso cuando est\u00e1 guardada.<\/p>\n<p>R\u00e9plique Manga Cin\u00e9 tambi\u00e9n le ofrece el <a href=\"https:\/\/repliquemangacine.fr\/es\/katanas-el-ultimo-samurai\/katana-forja-al-ultimo-samurai\/\">Katana \u00daltimo Samurai<\/a> en su versi\u00f3n forjada. Se entrega en un estuche con un soporte de presentaci\u00f3n, un kit de mantenimiento y un manual.<\/p>\n<p>Tambi\u00e9n le ofrecemos el <a href=\"https:\/\/repliquemangacine.fr\/es\/nuevos-productos\/bokken-dragon-de-madera\/\">Bokken drag\u00f3n<\/a> para tu entrenamiento de Kendo o Aikido. Tal y como se ve en la pel\u00edcula. \u00danete al esp\u00edritu de los samur\u00e1is y d\u00e9jate llevar por la epopeya de El \u00faltimo samur\u00e1i. Haga clic en el bot\u00f3n \"A\u00f1adir a la cesta\" para obtener esta excepcional katana y convertir su colecci\u00f3n en un aut\u00e9ntico tesoro.<\/p>\n<h2>\u00bfC\u00f3mo se mantiene la hoja de la espada japonesa?<\/h2>\n<p>Las katanas de colecci\u00f3n y decorativas se fabrican y ensamblan de forma simplificada. Como su uso es decorativo, no disponen de los elementos de seguridad exigidos a una espada japonesa destinada al entrenamiento. Sin embargo, su katana Dernier Samoura\u00ef V2 tiene una hoja de acero que necesita un mantenimiento para evitar que se da\u00f1e con el tiempo. Si vas a exponer tu katana, tus amigos sentir\u00e1n curiosidad por ver la hoja y tocarla. Aqu\u00ed es donde hay que tener cuidado, porque la acidez de los dedos es muy perjudicial para el acero, sea cual sea su calidad. Sin embargo, si esto ocurre, no te asustes, simplemente utiliza un pa\u00f1o humedecido con un poco de aceite y limpia las huellas de los dedos. Si haces esto, tu espada durar\u00e1 mucho tiempo.<\/p>","protected":false},"excerpt":{"rendered":"<p>Magn\u00edfica r\u00e9plica de la Katana El \u00daltimo Samur\u00e1i V2 inspirada en la pel\u00edcula El \u00daltimo Samur\u00e1i.<\/p>\n<ul>\n<li>Hoja de acero inoxidable con grabado<\/li>\n<li>Protector met\u00e1lico redondo con forma especial<\/li>\n<li>Vaina de madera negra con cinta morada y abertura de la hoja grabada.<\/li>\n<li>Mango recubierto de trenza de algod\u00f3n negro.<\/li>\n<li>Longitud total: 102 cm<\/li>\n<\/ul>","protected":false},"featured_media":78141,"template":"","meta":[],"product_brand":[896],"product_cat":[32,88],"product_tag":[],"class_list":{"0":"post-78140","1":"product","2":"type-product","3":"status-publish","4":"has-post-thumbnail","6":"product_brand-replique-manga-cine","7":"product_cat-katana-decoration","8":"product_cat-katanas-le-dernier-samourai","10":"first","11":"outofstock","12":"taxable","13":"shipping-taxable","14":"purchasable","15":"product-type-simple"},"yoast_head":"<!-- This site is optimized with the Yoast SEO plugin v27.4 - https:\/\/yoast.com\/product\/yoast-seo-wordpress\/ -->\n<title>Katana Dernier Samoura\u00ef V2 - R\u00e9plique Manga Cin\u00e9<\/title>\n<meta name=\"description\" content=\"Superbe r\u00e9plique du Katana Dernier Samoura\u00ef V2. Lame en acier avec gravure. Fourreau bois avec ouverture sur la lame grav\u00e9e. Garde m\u00e9tal. 102 cm\" \/>\n<meta name=\"robots\" content=\"index, follow, max-snippet:-1, max-image-preview:large, max-video-preview:-1\" \/>\n<link rel=\"canonical\" href=\"https:\/\/repliquemangacine.fr\/es\/katanas-el-ultimo-samurai\/ultima-katana-samurai-v2\/\" \/>\n<meta property=\"og:locale\" content=\"es_ES\" \/>\n<meta property=\"og:type\" content=\"article\" \/>\n<meta property=\"og:title\" content=\"Katana Dernier Samoura\u00ef V2 - R\u00e9plique Manga Cin\u00e9\" \/>\n<meta property=\"og:description\" content=\"Superbe r\u00e9plique du Katana Dernier Samoura\u00ef V2. Lame en acier avec gravure. Fourreau bois avec ouverture sur la lame grav\u00e9e. Garde m\u00e9tal. 102 cm\" \/>\n<meta property=\"og:url\" content=\"https:\/\/repliquemangacine.fr\/es\/katanas-el-ultimo-samurai\/ultima-katana-samurai-v2\/\" \/>\n<meta property=\"og:site_name\" content=\"R\u00e9plique Manga Cin\u00e9\" \/>\n<meta property=\"article:publisher\" content=\"https:\/\/www.facebook.com\/RepliqueMangaCine\" \/>\n<meta property=\"article:modified_time\" content=\"2025-11-17T20:43:03+00:00\" \/>\n<meta property=\"og:image\" content=\"https:\/\/repliquemangacine.fr\/wp-content\/uploads\/2024\/11\/Katana-violet-hors-son-fourreau.jpg\" \/>\n\t<meta property=\"og:image:width\" content=\"500\" \/>\n\t<meta property=\"og:image:height\" content=\"500\" \/>\n\t<meta property=\"og:image:type\" content=\"image\/jpeg\" \/>\n<meta name=\"twitter:card\" content=\"summary_large_image\" \/>\n<meta name=\"twitter:label1\" content=\"Tiempo de lectura\" \/>\n\t<meta name=\"twitter:data1\" content=\"3 minutos\" \/>\n<script type=\"application\/ld+json\" class=\"yoast-schema-graph\">{\"@context\":\"https:\\\/\\\/schema.org\",\"@graph\":[{\"@type\":\"WebPage\",\"@id\":\"https:\\\/\\\/repliquemangacine.fr\\\/katanas-le-dernier-samourai\\\/katana-dernier-samourai-v2\\\/\",\"url\":\"https:\\\/\\\/repliquemangacine.fr\\\/katanas-le-dernier-samourai\\\/katana-dernier-samourai-v2\\\/\",\"name\":\"Katana Dernier Samoura\u00ef V2 - R\u00e9plique Manga Cin\u00e9\",\"isPartOf\":{\"@id\":\"https:\\\/\\\/repliquemangacine.fr\\\/#website\"},\"primaryImageOfPage\":{\"@id\":\"https:\\\/\\\/repliquemangacine.fr\\\/katanas-le-dernier-samourai\\\/katana-dernier-samourai-v2\\\/#primaryimage\"},\"image\":{\"@id\":\"https:\\\/\\\/repliquemangacine.fr\\\/katanas-le-dernier-samourai\\\/katana-dernier-samourai-v2\\\/#primaryimage\"},\"thumbnailUrl\":\"https:\\\/\\\/repliquemangacine.fr\\\/wp-content\\\/uploads\\\/2024\\\/11\\\/Katana-violet-hors-son-fourreau.jpg\",\"datePublished\":\"2024-11-18T17:30:28+00:00\",\"dateModified\":\"2025-11-17T20:43:03+00:00\",\"description\":\"Superbe r\u00e9plique du Katana Dernier Samoura\u00ef V2. Lame en acier avec gravure. Fourreau bois avec ouverture sur la lame grav\u00e9e. Garde m\u00e9tal. 102 cm\",\"breadcrumb\":{\"@id\":\"https:\\\/\\\/repliquemangacine.fr\\\/katanas-le-dernier-samourai\\\/katana-dernier-samourai-v2\\\/#breadcrumb\"},\"inLanguage\":\"es\",\"potentialAction\":[{\"@type\":\"ReadAction\",\"target\":[\"https:\\\/\\\/repliquemangacine.fr\\\/katanas-le-dernier-samourai\\\/katana-dernier-samourai-v2\\\/\"]}]},{\"@type\":\"ImageObject\",\"inLanguage\":\"es\",\"@id\":\"https:\\\/\\\/repliquemangacine.fr\\\/katanas-le-dernier-samourai\\\/katana-dernier-samourai-v2\\\/#primaryimage\",\"url\":\"https:\\\/\\\/repliquemangacine.fr\\\/wp-content\\\/uploads\\\/2024\\\/11\\\/Katana-violet-hors-son-fourreau.jpg\",\"contentUrl\":\"https:\\\/\\\/repliquemangacine.fr\\\/wp-content\\\/uploads\\\/2024\\\/11\\\/Katana-violet-hors-son-fourreau.jpg\",\"width\":500,\"height\":500,\"caption\":\"Katana Dernier Samoura\u00ef V2 hors de son fourreau\"},{\"@type\":\"BreadcrumbList\",\"@id\":\"https:\\\/\\\/repliquemangacine.fr\\\/katanas-le-dernier-samourai\\\/katana-dernier-samourai-v2\\\/#breadcrumb\",\"itemListElement\":[{\"@type\":\"ListItem\",\"position\":1,\"name\":\"Accueil\",\"item\":\"https:\\\/\\\/repliquemangacine.fr\\\/\"},{\"@type\":\"ListItem\",\"position\":2,\"name\":\"Produits\",\"item\":\"https:\\\/\\\/repliquemangacine.fr\\\/boutique\\\/\"},{\"@type\":\"ListItem\",\"position\":3,\"name\":\"Katana Dernier Samoura\u00ef V2\"}]},{\"@type\":\"WebSite\",\"@id\":\"https:\\\/\\\/repliquemangacine.fr\\\/#website\",\"url\":\"https:\\\/\\\/repliquemangacine.fr\\\/\",\"name\":\"R\u00e9plique Manga Cin\u00e9\",\"description\":\"\",\"publisher\":{\"@id\":\"https:\\\/\\\/repliquemangacine.fr\\\/#organization\"},\"potentialAction\":[{\"@type\":\"SearchAction\",\"target\":{\"@type\":\"EntryPoint\",\"urlTemplate\":\"https:\\\/\\\/repliquemangacine.fr\\\/?s={search_term_string}\"},\"query-input\":{\"@type\":\"PropertyValueSpecification\",\"valueRequired\":true,\"valueName\":\"search_term_string\"}}],\"inLanguage\":\"es\"},{\"@type\":\"Organization\",\"@id\":\"https:\\\/\\\/repliquemangacine.fr\\\/#organization\",\"name\":\"R\u00e9plique Manga Cin\u00e9\",\"url\":\"https:\\\/\\\/repliquemangacine.fr\\\/\",\"logo\":{\"@type\":\"ImageObject\",\"inLanguage\":\"es\",\"@id\":\"https:\\\/\\\/repliquemangacine.fr\\\/#\\\/schema\\\/logo\\\/image\\\/\",\"url\":\"https:\\\/\\\/repliquemangacine.fr\\\/wp-content\\\/uploads\\\/2023\\\/10\\\/RMC-500250.png\",\"contentUrl\":\"https:\\\/\\\/repliquemangacine.fr\\\/wp-content\\\/uploads\\\/2023\\\/10\\\/RMC-500250.png\",\"width\":500,\"height\":250,\"caption\":\"R\u00e9plique Manga Cin\u00e9\"},\"image\":{\"@id\":\"https:\\\/\\\/repliquemangacine.fr\\\/#\\\/schema\\\/logo\\\/image\\\/\"},\"sameAs\":[\"https:\\\/\\\/www.facebook.com\\\/RepliqueMangaCine\",\"https:\\\/\\\/www.instagram.com\\\/repliquemangacine.fr\\\/\"]}]}<\/script>\n<!-- \/ Yoast SEO plugin. -->","yoast_head_json":{"title":"Katana \u00daltimo Samurai V2 - R\u00e9plique Manga Cin\u00e9","description":"Magn\u00edfica r\u00e9plica de la Katana del \u00daltimo Samurai V2. Hoja de acero con grabado. Vaina de madera con apertura de hoja grabada. Guarda de metal. 102 cm de largo","robots":{"index":"index","follow":"follow","max-snippet":"max-snippet:-1","max-image-preview":"max-image-preview:large","max-video-preview":"max-video-preview:-1"},"canonical":"https:\/\/repliquemangacine.fr\/es\/katanas-el-ultimo-samurai\/ultima-katana-samurai-v2\/","og_locale":"es_ES","og_type":"article","og_title":"Katana Dernier Samoura\u00ef V2 - R\u00e9plique Manga Cin\u00e9","og_description":"Superbe r\u00e9plique du Katana Dernier Samoura\u00ef V2. Lame en acier avec gravure. Fourreau bois avec ouverture sur la lame grav\u00e9e. Garde m\u00e9tal. 102 cm","og_url":"https:\/\/repliquemangacine.fr\/es\/katanas-el-ultimo-samurai\/ultima-katana-samurai-v2\/","og_site_name":"R\u00e9plique Manga Cin\u00e9","article_publisher":"https:\/\/www.facebook.com\/RepliqueMangaCine","article_modified_time":"2025-11-17T20:43:03+00:00","og_image":[{"width":500,"height":500,"url":"https:\/\/repliquemangacine.fr\/wp-content\/uploads\/2024\/11\/Katana-violet-hors-son-fourreau.jpg","type":"image\/jpeg"}],"twitter_card":"summary_large_image","twitter_misc":{"Tiempo de lectura":"3 minutos"},"schema":{"@context":"https:\/\/schema.org","@graph":[{"@type":"WebPage","@id":"https:\/\/repliquemangacine.fr\/katanas-le-dernier-samourai\/katana-dernier-samourai-v2\/","url":"https:\/\/repliquemangacine.fr\/katanas-le-dernier-samourai\/katana-dernier-samourai-v2\/","name":"Katana \u00daltimo Samurai V2 - R\u00e9plique Manga Cin\u00e9","isPartOf":{"@id":"https:\/\/repliquemangacine.fr\/#website"},"primaryImageOfPage":{"@id":"https:\/\/repliquemangacine.fr\/katanas-le-dernier-samourai\/katana-dernier-samourai-v2\/#primaryimage"},"image":{"@id":"https:\/\/repliquemangacine.fr\/katanas-le-dernier-samourai\/katana-dernier-samourai-v2\/#primaryimage"},"thumbnailUrl":"https:\/\/repliquemangacine.fr\/wp-content\/uploads\/2024\/11\/Katana-violet-hors-son-fourreau.jpg","datePublished":"2024-11-18T17:30:28+00:00","dateModified":"2025-11-17T20:43:03+00:00","description":"Magn\u00edfica r\u00e9plica de la Katana del \u00daltimo Samurai V2. Hoja de acero con grabado. Vaina de madera con apertura de hoja grabada. Guarda de metal. 102 cm de largo","breadcrumb":{"@id":"https:\/\/repliquemangacine.fr\/katanas-le-dernier-samourai\/katana-dernier-samourai-v2\/#breadcrumb"},"inLanguage":"es","potentialAction":[{"@type":"ReadAction","target":["https:\/\/repliquemangacine.fr\/katanas-le-dernier-samourai\/katana-dernier-samourai-v2\/"]}]},{"@type":"ImageObject","inLanguage":"es","@id":"https:\/\/repliquemangacine.fr\/katanas-le-dernier-samourai\/katana-dernier-samourai-v2\/#primaryimage","url":"https:\/\/repliquemangacine.fr\/wp-content\/uploads\/2024\/11\/Katana-violet-hors-son-fourreau.jpg","contentUrl":"https:\/\/repliquemangacine.fr\/wp-content\/uploads\/2024\/11\/Katana-violet-hors-son-fourreau.jpg","width":500,"height":500,"caption":"Katana Dernier Samoura\u00ef V2 hors de son fourreau"},{"@type":"BreadcrumbList","@id":"https:\/\/repliquemangacine.fr\/katanas-le-dernier-samourai\/katana-dernier-samourai-v2\/#breadcrumb","itemListElement":[{"@type":"ListItem","position":1,"name":"Accueil","item":"https:\/\/repliquemangacine.fr\/"},{"@type":"ListItem","position":2,"name":"Produits","item":"https:\/\/repliquemangacine.fr\/boutique\/"},{"@type":"ListItem","position":3,"name":"Katana Dernier Samoura\u00ef V2"}]},{"@type":"WebSite","@id":"https:\/\/repliquemangacine.fr\/#website","url":"https:\/\/repliquemangacine.fr\/","name":"R\u00e9plique Manga Cin\u00e9","description":"","publisher":{"@id":"https:\/\/repliquemangacine.fr\/#organization"},"potentialAction":[{"@type":"SearchAction","target":{"@type":"EntryPoint","urlTemplate":"https:\/\/repliquemangacine.fr\/?s={search_term_string}"},"query-input":{"@type":"PropertyValueSpecification","valueRequired":true,"valueName":"search_term_string"}}],"inLanguage":"es"},{"@type":"Organization","@id":"https:\/\/repliquemangacine.fr\/#organization","name":"R\u00e9plique Manga Cin\u00e9","url":"https:\/\/repliquemangacine.fr\/","logo":{"@type":"ImageObject","inLanguage":"es","@id":"https:\/\/repliquemangacine.fr\/#\/schema\/logo\/image\/","url":"https:\/\/repliquemangacine.fr\/wp-content\/uploads\/2023\/10\/RMC-500250.png","contentUrl":"https:\/\/repliquemangacine.fr\/wp-content\/uploads\/2023\/10\/RMC-500250.png","width":500,"height":250,"caption":"R\u00e9plique Manga Cin\u00e9"},"image":{"@id":"https:\/\/repliquemangacine.fr\/#\/schema\/logo\/image\/"},"sameAs":["https:\/\/www.facebook.com\/RepliqueMangaCine","https:\/\/www.instagram.com\/repliquemangacine.fr\/"]}]}},"_links":{"self":[{"href":"https:\/\/repliquemangacine.fr\/es\/wp-json\/wp\/v2\/product\/78140","targetHints":{"allow":["GET"]}}],"collection":[{"href":"https:\/\/repliquemangacine.fr\/es\/wp-json\/wp\/v2\/product"}],"about":[{"href":"https:\/\/repliquemangacine.fr\/es\/wp-json\/wp\/v2\/types\/product"}],"wp:featuredmedia":[{"embeddable":true,"href":"https:\/\/repliquemangacine.fr\/es\/wp-json\/wp\/v2\/media\/78141"}],"wp:attachment":[{"href":"https:\/\/repliquemangacine.fr\/es\/wp-json\/wp\/v2\/media?parent=78140"}],"wp:term":[{"taxonomy":"product_brand","embeddable":true,"href":"https:\/\/repliquemangacine.fr\/es\/wp-json\/wp\/v2\/product_brand?post=78140"},{"taxonomy":"product_cat","embeddable":true,"href":"https:\/\/repliquemangacine.fr\/es\/wp-json\/wp\/v2\/product_cat?post=78140"},{"taxonomy":"product_tag","embeddable":true,"href":"https:\/\/repliquemangacine.fr\/es\/wp-json\/wp\/v2\/product_tag?post=78140"}],"curies":[{"name":"wp","href":"https:\/\/api.w.org\/{rel}","templated":true}]}}