





{"id":76049,"date":"2024-11-09T16:31:35","date_gmt":"2024-11-09T15:31:35","guid":{"rendered":"https:\/\/repliquemangacine.fr\/?post_type=product&#038;p=76049"},"modified":"2025-12-27T11:05:12","modified_gmt":"2025-12-27T10:05:12","slug":"mitsuri-luminous-katana-demon-slayer-figurine-gratis","status":"publish","type":"product","link":"https:\/\/repliquemangacine.fr\/es\/katana-lumineux-demon-slayer\/katana-lumineux-de-mitsuri-figurine-demon-slayer-offerte\/","title":{"rendered":"La katana luminosa de Mitsuri"},"content":{"rendered":"<h2>La katana luminosa de Mitsuri en Demon Slayer<\/h2>\n<p>En primer lugar, descubre una novedad excepcional: la Katana luminosa de Mitsuri, sin duda una de las armas m\u00e1s especiales entre los Cazadores de demonios. Dise\u00f1ada para su Aliento del Amor, un estilo de combate basado en el Aliento de la Llama.<\/p>\n<p>Esta katana \u00fanica funciona con pilas y se ilumina gracias a unos LED integrados. De este modo, aporta una dimensi\u00f3n deslumbrante a esta fiel r\u00e9plica. Con solo pulsar un bot\u00f3n de encendido\/apagado discretamente integrado en la empu\u00f1adura. La hoja se ilumina al instante, evocando la elegancia y la precisi\u00f3n de su estilo de combate inspirado en la naturaleza. Esta tecnolog\u00eda LED ofrece un realismo sin precedentes, lo que supone una novedad en las katanas luminosas de esta calidad. Perfecta para coleccionistas y aficionados. <a href=\"https:\/\/kimetsu-no-yaiba.fandom.com\/wiki\/Kimetsu_no_Yaiba_Wiki\" target=\"_blank\" rel=\"noopener noreferrer\">Cazador de demonios<\/a>. Esta katana combina autenticidad e innovaci\u00f3n para ofrecer una experiencia visual impactante. Ideal para exponer o recrear escenas \u00e9picas. \u00a1Un aut\u00e9ntico tesoro para cualquier fan del universo!<\/p>\n<h2>Descubre las otras katanas ligeras de Demon Slayer<\/h2>\n<p>Adem\u00e1s de la katana brillante de Mitsuri en Demon Slayer, la gama de katanas brillantes de Demon Slayer tambi\u00e9n incluye otras impresionantes r\u00e9plicas.<\/p>\n<ul>\n<li>En primer lugar, el <a href=\"https:\/\/repliquemangacine.fr\/es\/katana-luz-cazademonios\/kokushibo-katana-luminosa-figura-cazademonios\/\">Katana luminosa Kokushibo<\/a>Refleja su lado terror\u00edfico con su aspecto demon\u00edaco y amenazador.<\/li>\n<li>Tambi\u00e9n existe la<a href=\"https:\/\/repliquemangacine.fr\/es\/katana-luz-cazademonios\/led-nichirin-sword-tanjiro-demon-slayer-figurine-gratis\/\">Espada Nichirin Tanjiro<\/a>Un arma especial de los Cazadores de Demonios, forjada con un metal que absorbe la luz del sol, lo que hace que la hoja sea mortal para los demonios.<\/li>\n<li>As\u00ed como el <a href=\"https:\/\/repliquemangacine.fr\/es\/katana-luz-cazademonios\/katana-ligera-yoriichi\/\">La katana luminosa de Yoriichi<\/a> Tsugikuni, legendario cazador de demonios, brilla con luz propia para encarnar el poder sin igual de este personaje m\u00edtico.<br \/>\nSu estilo de lucha es El Aliento del Sol, tambi\u00e9n conocido como El Aliento Original. Y mucho m\u00e1s por descubrir en nuestra tienda.<\/li>\n<\/ul>\n<p>Cada katana de esta colecci\u00f3n, equipada con LED, permite vivir una experiencia inmersiva \u00fanica, que combina la innovaci\u00f3n tecnol\u00f3gica y el respeto por los detalles del universo Demon Slayer.<\/p>\n<p>Estas r\u00e9plicas luminosas son perfectas para los fans m\u00e1s apasionados.<\/p>\n<h2>La innovaci\u00f3n al servicio de los aficionados: excepcionales katanas luminosas<\/h2>\n<p>El mundo de las r\u00e9plicas de katanas ha dado un paso m\u00e1s con estos modelos luminosos. Y es toda una revoluci\u00f3n para los fans de Demon Slayer. Tanto por su calidad de construcci\u00f3n como por su fidelidad a las armas vistas en el anime. Estas katanas est\u00e1n equipadas con tecnolog\u00eda LED que a\u00f1ade toda una nueva dimensi\u00f3n inmersiva. Cada katana se convierte en mucho m\u00e1s que un simple objeto de coleccionista. Es un elemento verdaderamente interactivo, capaz de brillar y evocar el poder de los personajes que representa. Los LED se activan f\u00e1cilmente mediante un discreto bot\u00f3n, para disfrutar al m\u00e1ximo de la experiencia. Ya sea para exposiciones, fotos o incluso cosplays. Esta innovaci\u00f3n, que combina tradici\u00f3n y tecnolog\u00eda, convierte a las katanas luminosas en una revoluci\u00f3n para los aficionados que buscan r\u00e9plicas aut\u00e9nticas a la vez que innovadoras. Si buscas mejorar tu colecci\u00f3n con algo tan \u00fanico como llamativo, \u00a1estas katanas luminosas son para ti!<\/p>","protected":false},"excerpt":{"rendered":"<p>Magn\u00edfica r\u00e9plica de la katana luminosa de Mitsuri en versi\u00f3n LED de Demon Slayer.<\/p>\n<ul>\n<li>La hoja tiene una parte superior de metal con grabados<\/li>\n<li>La parte inferior es de ABS grueso con LED rosas en su interior.<\/li>\n<li>Bot\u00f3n de encendido\/apagado discreto y f\u00e1cil de usar<\/li>\n<li>Protector met\u00e1lico con forma especial<\/li>\n<li>Mango de imitaci\u00f3n de piel de raya rosa, recubierto de trenza de algod\u00f3n azul<\/li>\n<li>El extremo del mango se puede separar para insertar dos pilas AAA (no suministradas)<\/li>\n<li>Vaina de madera lacada en blanco.<\/li>\n<li>Longitud hoja: 67 cm - Longitud total: 103 cm - Peso: 1090 gr<\/li>\n<\/ul>","protected":false},"featured_media":76050,"template":"","meta":[],"product_brand":[896],"product_cat":[63,868,869,101],"product_tag":[],"class_list":{"0":"post-76049","1":"product","2":"type-product","3":"status-publish","4":"has-post-thumbnail","6":"product_brand-replique-manga-cine","7":"product_cat-katana-demon-slayer","8":"product_cat-katana-lumineux","9":"product_cat-katana-lumineux-demon-slayer","10":"product_cat-soldes","12":"first","13":"instock","14":"sale","15":"taxable","16":"shipping-taxable","17":"purchasable","18":"product-type-simple"},"yoast_head":"<!-- This site is optimized with the Yoast SEO plugin v27.4 - https:\/\/yoast.com\/product\/yoast-seo-wordpress\/ -->\n<title>Katana lumineux de Mitsuri | RMC<\/title>\n<meta name=\"description\" content=\"Superbe et incroyable r\u00e9plique du Katana lumineux de Mitsuri. Lame acier avec leds roses. Bouton Marche-Arr\u00eat. Fonctionnent avec piles. 103 cm\" \/>\n<meta name=\"robots\" content=\"index, follow, max-snippet:-1, max-image-preview:large, max-video-preview:-1\" \/>\n<link rel=\"canonical\" href=\"https:\/\/repliquemangacine.fr\/es\/katana-luz-cazademonios\/mitsuri-luminous-katana-demon-slayer-figurine-gratis\/\" \/>\n<meta property=\"og:locale\" content=\"es_ES\" \/>\n<meta property=\"og:type\" content=\"article\" \/>\n<meta property=\"og:title\" content=\"Katana lumineux de Mitsuri | RMC\" \/>\n<meta property=\"og:description\" content=\"Superbe et incroyable r\u00e9plique du Katana lumineux de Mitsuri. Lame acier avec leds roses. Bouton Marche-Arr\u00eat. Fonctionnent avec piles. 103 cm\" \/>\n<meta property=\"og:url\" content=\"https:\/\/repliquemangacine.fr\/es\/katana-luz-cazademonios\/mitsuri-luminous-katana-demon-slayer-figurine-gratis\/\" \/>\n<meta property=\"og:site_name\" content=\"R\u00e9plique Manga Cin\u00e9\" \/>\n<meta property=\"article:publisher\" content=\"https:\/\/www.facebook.com\/RepliqueMangaCine\" \/>\n<meta property=\"article:modified_time\" content=\"2025-12-27T10:05:12+00:00\" \/>\n<meta property=\"og:image\" content=\"https:\/\/repliquemangacine.fr\/wp-content\/uploads\/2024\/11\/Katana-lumineux-de-Mitsuri.jpg\" \/>\n\t<meta property=\"og:image:width\" content=\"500\" \/>\n\t<meta property=\"og:image:height\" content=\"500\" \/>\n\t<meta property=\"og:image:type\" content=\"image\/jpeg\" \/>\n<meta name=\"twitter:card\" content=\"summary_large_image\" \/>\n<meta name=\"twitter:label1\" content=\"Tiempo de lectura\" \/>\n\t<meta name=\"twitter:data1\" content=\"3 minutos\" \/>\n<script type=\"application\/ld+json\" class=\"yoast-schema-graph\">{\"@context\":\"https:\\\/\\\/schema.org\",\"@graph\":[{\"@type\":\"WebPage\",\"@id\":\"https:\\\/\\\/repliquemangacine.fr\\\/katana-lumineux-demon-slayer\\\/katana-lumineux-de-mitsuri-figurine-demon-slayer-offerte\\\/\",\"url\":\"https:\\\/\\\/repliquemangacine.fr\\\/katana-lumineux-demon-slayer\\\/katana-lumineux-de-mitsuri-figurine-demon-slayer-offerte\\\/\",\"name\":\"Katana lumineux de Mitsuri | RMC\",\"isPartOf\":{\"@id\":\"https:\\\/\\\/repliquemangacine.fr\\\/#website\"},\"primaryImageOfPage\":{\"@id\":\"https:\\\/\\\/repliquemangacine.fr\\\/katana-lumineux-demon-slayer\\\/katana-lumineux-de-mitsuri-figurine-demon-slayer-offerte\\\/#primaryimage\"},\"image\":{\"@id\":\"https:\\\/\\\/repliquemangacine.fr\\\/katana-lumineux-demon-slayer\\\/katana-lumineux-de-mitsuri-figurine-demon-slayer-offerte\\\/#primaryimage\"},\"thumbnailUrl\":\"https:\\\/\\\/repliquemangacine.fr\\\/wp-content\\\/uploads\\\/2024\\\/11\\\/Katana-lumineux-de-Mitsuri.jpg\",\"datePublished\":\"2024-11-09T15:31:35+00:00\",\"dateModified\":\"2025-12-27T10:05:12+00:00\",\"description\":\"Superbe et incroyable r\u00e9plique du Katana lumineux de Mitsuri. Lame acier avec leds roses. Bouton Marche-Arr\u00eat. Fonctionnent avec piles. 103 cm\",\"breadcrumb\":{\"@id\":\"https:\\\/\\\/repliquemangacine.fr\\\/katana-lumineux-demon-slayer\\\/katana-lumineux-de-mitsuri-figurine-demon-slayer-offerte\\\/#breadcrumb\"},\"inLanguage\":\"es\",\"potentialAction\":[{\"@type\":\"ReadAction\",\"target\":[\"https:\\\/\\\/repliquemangacine.fr\\\/katana-lumineux-demon-slayer\\\/katana-lumineux-de-mitsuri-figurine-demon-slayer-offerte\\\/\"]}]},{\"@type\":\"ImageObject\",\"inLanguage\":\"es\",\"@id\":\"https:\\\/\\\/repliquemangacine.fr\\\/katana-lumineux-demon-slayer\\\/katana-lumineux-de-mitsuri-figurine-demon-slayer-offerte\\\/#primaryimage\",\"url\":\"https:\\\/\\\/repliquemangacine.fr\\\/wp-content\\\/uploads\\\/2024\\\/11\\\/Katana-lumineux-de-Mitsuri.jpg\",\"contentUrl\":\"https:\\\/\\\/repliquemangacine.fr\\\/wp-content\\\/uploads\\\/2024\\\/11\\\/Katana-lumineux-de-Mitsuri.jpg\",\"width\":500,\"height\":500,\"caption\":\"Katana lumineux de Mitsuri demon slayer\"},{\"@type\":\"BreadcrumbList\",\"@id\":\"https:\\\/\\\/repliquemangacine.fr\\\/katana-lumineux-demon-slayer\\\/katana-lumineux-de-mitsuri-figurine-demon-slayer-offerte\\\/#breadcrumb\",\"itemListElement\":[{\"@type\":\"ListItem\",\"position\":1,\"name\":\"Accueil\",\"item\":\"https:\\\/\\\/repliquemangacine.fr\\\/\"},{\"@type\":\"ListItem\",\"position\":2,\"name\":\"Produits\",\"item\":\"https:\\\/\\\/repliquemangacine.fr\\\/boutique\\\/\"},{\"@type\":\"ListItem\",\"position\":3,\"name\":\"Katana lumineux de Mitsuri\"}]},{\"@type\":\"WebSite\",\"@id\":\"https:\\\/\\\/repliquemangacine.fr\\\/#website\",\"url\":\"https:\\\/\\\/repliquemangacine.fr\\\/\",\"name\":\"R\u00e9plique Manga Cin\u00e9\",\"description\":\"\",\"publisher\":{\"@id\":\"https:\\\/\\\/repliquemangacine.fr\\\/#organization\"},\"potentialAction\":[{\"@type\":\"SearchAction\",\"target\":{\"@type\":\"EntryPoint\",\"urlTemplate\":\"https:\\\/\\\/repliquemangacine.fr\\\/?s={search_term_string}\"},\"query-input\":{\"@type\":\"PropertyValueSpecification\",\"valueRequired\":true,\"valueName\":\"search_term_string\"}}],\"inLanguage\":\"es\"},{\"@type\":\"Organization\",\"@id\":\"https:\\\/\\\/repliquemangacine.fr\\\/#organization\",\"name\":\"R\u00e9plique Manga Cin\u00e9\",\"url\":\"https:\\\/\\\/repliquemangacine.fr\\\/\",\"logo\":{\"@type\":\"ImageObject\",\"inLanguage\":\"es\",\"@id\":\"https:\\\/\\\/repliquemangacine.fr\\\/#\\\/schema\\\/logo\\\/image\\\/\",\"url\":\"https:\\\/\\\/repliquemangacine.fr\\\/wp-content\\\/uploads\\\/2023\\\/10\\\/RMC-500250.png\",\"contentUrl\":\"https:\\\/\\\/repliquemangacine.fr\\\/wp-content\\\/uploads\\\/2023\\\/10\\\/RMC-500250.png\",\"width\":500,\"height\":250,\"caption\":\"R\u00e9plique Manga Cin\u00e9\"},\"image\":{\"@id\":\"https:\\\/\\\/repliquemangacine.fr\\\/#\\\/schema\\\/logo\\\/image\\\/\"},\"sameAs\":[\"https:\\\/\\\/www.facebook.com\\\/RepliqueMangaCine\",\"https:\\\/\\\/www.instagram.com\\\/repliquemangacine.fr\\\/\"]}]}<\/script>\n<!-- \/ Yoast SEO plugin. -->","yoast_head_json":{"title":"Katana luminosa de Mitsuri | RMC","description":"Magn\u00edfica e incre\u00edble r\u00e9plica de la Katana luminosa de Mitsuri. Hoja de acero con LED rosas. Bot\u00f3n de apagado. Funciona con pilas. 103 cm de largo","robots":{"index":"index","follow":"follow","max-snippet":"max-snippet:-1","max-image-preview":"max-image-preview:large","max-video-preview":"max-video-preview:-1"},"canonical":"https:\/\/repliquemangacine.fr\/es\/katana-luz-cazademonios\/mitsuri-luminous-katana-demon-slayer-figurine-gratis\/","og_locale":"es_ES","og_type":"article","og_title":"Katana lumineux de Mitsuri | RMC","og_description":"Superbe et incroyable r\u00e9plique du Katana lumineux de Mitsuri. Lame acier avec leds roses. Bouton Marche-Arr\u00eat. Fonctionnent avec piles. 103 cm","og_url":"https:\/\/repliquemangacine.fr\/es\/katana-luz-cazademonios\/mitsuri-luminous-katana-demon-slayer-figurine-gratis\/","og_site_name":"R\u00e9plique Manga Cin\u00e9","article_publisher":"https:\/\/www.facebook.com\/RepliqueMangaCine","article_modified_time":"2025-12-27T10:05:12+00:00","og_image":[{"width":500,"height":500,"url":"https:\/\/repliquemangacine.fr\/wp-content\/uploads\/2024\/11\/Katana-lumineux-de-Mitsuri.jpg","type":"image\/jpeg"}],"twitter_card":"summary_large_image","twitter_misc":{"Tiempo de lectura":"3 minutos"},"schema":{"@context":"https:\/\/schema.org","@graph":[{"@type":"WebPage","@id":"https:\/\/repliquemangacine.fr\/katana-lumineux-demon-slayer\/katana-lumineux-de-mitsuri-figurine-demon-slayer-offerte\/","url":"https:\/\/repliquemangacine.fr\/katana-lumineux-demon-slayer\/katana-lumineux-de-mitsuri-figurine-demon-slayer-offerte\/","name":"Katana luminosa de Mitsuri | RMC","isPartOf":{"@id":"https:\/\/repliquemangacine.fr\/#website"},"primaryImageOfPage":{"@id":"https:\/\/repliquemangacine.fr\/katana-lumineux-demon-slayer\/katana-lumineux-de-mitsuri-figurine-demon-slayer-offerte\/#primaryimage"},"image":{"@id":"https:\/\/repliquemangacine.fr\/katana-lumineux-demon-slayer\/katana-lumineux-de-mitsuri-figurine-demon-slayer-offerte\/#primaryimage"},"thumbnailUrl":"https:\/\/repliquemangacine.fr\/wp-content\/uploads\/2024\/11\/Katana-lumineux-de-Mitsuri.jpg","datePublished":"2024-11-09T15:31:35+00:00","dateModified":"2025-12-27T10:05:12+00:00","description":"Magn\u00edfica e incre\u00edble r\u00e9plica de la Katana luminosa de Mitsuri. Hoja de acero con LED rosas. Bot\u00f3n de apagado. Funciona con pilas. 103 cm de largo","breadcrumb":{"@id":"https:\/\/repliquemangacine.fr\/katana-lumineux-demon-slayer\/katana-lumineux-de-mitsuri-figurine-demon-slayer-offerte\/#breadcrumb"},"inLanguage":"es","potentialAction":[{"@type":"ReadAction","target":["https:\/\/repliquemangacine.fr\/katana-lumineux-demon-slayer\/katana-lumineux-de-mitsuri-figurine-demon-slayer-offerte\/"]}]},{"@type":"ImageObject","inLanguage":"es","@id":"https:\/\/repliquemangacine.fr\/katana-lumineux-demon-slayer\/katana-lumineux-de-mitsuri-figurine-demon-slayer-offerte\/#primaryimage","url":"https:\/\/repliquemangacine.fr\/wp-content\/uploads\/2024\/11\/Katana-lumineux-de-Mitsuri.jpg","contentUrl":"https:\/\/repliquemangacine.fr\/wp-content\/uploads\/2024\/11\/Katana-lumineux-de-Mitsuri.jpg","width":500,"height":500,"caption":"Katana lumineux de Mitsuri demon slayer"},{"@type":"BreadcrumbList","@id":"https:\/\/repliquemangacine.fr\/katana-lumineux-demon-slayer\/katana-lumineux-de-mitsuri-figurine-demon-slayer-offerte\/#breadcrumb","itemListElement":[{"@type":"ListItem","position":1,"name":"Accueil","item":"https:\/\/repliquemangacine.fr\/"},{"@type":"ListItem","position":2,"name":"Produits","item":"https:\/\/repliquemangacine.fr\/boutique\/"},{"@type":"ListItem","position":3,"name":"Katana lumineux de Mitsuri"}]},{"@type":"WebSite","@id":"https:\/\/repliquemangacine.fr\/#website","url":"https:\/\/repliquemangacine.fr\/","name":"R\u00e9plique Manga Cin\u00e9","description":"","publisher":{"@id":"https:\/\/repliquemangacine.fr\/#organization"},"potentialAction":[{"@type":"SearchAction","target":{"@type":"EntryPoint","urlTemplate":"https:\/\/repliquemangacine.fr\/?s={search_term_string}"},"query-input":{"@type":"PropertyValueSpecification","valueRequired":true,"valueName":"search_term_string"}}],"inLanguage":"es"},{"@type":"Organization","@id":"https:\/\/repliquemangacine.fr\/#organization","name":"R\u00e9plique Manga Cin\u00e9","url":"https:\/\/repliquemangacine.fr\/","logo":{"@type":"ImageObject","inLanguage":"es","@id":"https:\/\/repliquemangacine.fr\/#\/schema\/logo\/image\/","url":"https:\/\/repliquemangacine.fr\/wp-content\/uploads\/2023\/10\/RMC-500250.png","contentUrl":"https:\/\/repliquemangacine.fr\/wp-content\/uploads\/2023\/10\/RMC-500250.png","width":500,"height":250,"caption":"R\u00e9plique Manga Cin\u00e9"},"image":{"@id":"https:\/\/repliquemangacine.fr\/#\/schema\/logo\/image\/"},"sameAs":["https:\/\/www.facebook.com\/RepliqueMangaCine","https:\/\/www.instagram.com\/repliquemangacine.fr\/"]}]}},"_links":{"self":[{"href":"https:\/\/repliquemangacine.fr\/es\/wp-json\/wp\/v2\/product\/76049","targetHints":{"allow":["GET"]}}],"collection":[{"href":"https:\/\/repliquemangacine.fr\/es\/wp-json\/wp\/v2\/product"}],"about":[{"href":"https:\/\/repliquemangacine.fr\/es\/wp-json\/wp\/v2\/types\/product"}],"wp:featuredmedia":[{"embeddable":true,"href":"https:\/\/repliquemangacine.fr\/es\/wp-json\/wp\/v2\/media\/76050"}],"wp:attachment":[{"href":"https:\/\/repliquemangacine.fr\/es\/wp-json\/wp\/v2\/media?parent=76049"}],"wp:term":[{"taxonomy":"product_brand","embeddable":true,"href":"https:\/\/repliquemangacine.fr\/es\/wp-json\/wp\/v2\/product_brand?post=76049"},{"taxonomy":"product_cat","embeddable":true,"href":"https:\/\/repliquemangacine.fr\/es\/wp-json\/wp\/v2\/product_cat?post=76049"},{"taxonomy":"product_tag","embeddable":true,"href":"https:\/\/repliquemangacine.fr\/es\/wp-json\/wp\/v2\/product_tag?post=76049"}],"curies":[{"name":"wp","href":"https:\/\/api.w.org\/{rel}","templated":true}]}}