





{"id":76037,"date":"2024-11-09T15:10:01","date_gmt":"2024-11-09T14:10:01","guid":{"rendered":"https:\/\/repliquemangacine.fr\/?post_type=product&#038;p=76037"},"modified":"2026-04-19T21:38:05","modified_gmt":"2026-04-19T19:38:05","slug":"kokushibo-katana-luminosa-figura-cazademonios","status":"publish","type":"product","link":"https:\/\/repliquemangacine.fr\/es\/katana-lumineux-demon-slayer\/katana-lumineux-de-kokushibo-figurine-demon-slayer\/","title":{"rendered":"Katana luminosa Kokushibo"},"content":{"rendered":"<h2>Katana luminosa Kokushibo en Demon Slayer<\/h2>\n<p>En primer lugar, descubra una novedad extraordinaria: el <strong>Katana luminosa Kokushibo<\/strong>Refleja su lado terror\u00edfico con su aspecto demon\u00edaco y amenazador.<\/p>\n<p>Esta katana \u00fanica funciona con pilas y se ilumina gracias a unos LED integrados. De este modo, aporta una dimensi\u00f3n deslumbrante a esta fiel r\u00e9plica. Con solo pulsar un bot\u00f3n de encendido\/apagado discretamente integrado en la empu\u00f1adura. La hoja se ilumina al instante, evocando la elegancia y la precisi\u00f3n de su estilo de combate inspirado en la naturaleza. Esta tecnolog\u00eda LED ofrece un realismo sin precedentes, lo que supone una novedad en las katanas luminosas de esta calidad. Perfecta para coleccionistas y aficionados. <a href=\"https:\/\/kimetsu-no-yaiba.fandom.com\/wiki\/Kimetsu_no_Yaiba_Wiki\" target=\"_blank\" rel=\"noopener noreferrer\">Cazador de demonios<\/a>. Esta katana combina autenticidad e innovaci\u00f3n para ofrecer una experiencia visual impactante. Ideal para exponer o recrear escenas demon\u00edacas. \u00a1Un aut\u00e9ntico tesoro para cualquier fan del universo!<\/p>\n<h2>Descubre las otras katanas ligeras de Demon Slayer<\/h2>\n<p>Adem\u00e1s de la katana ligera Kokushibo, la gama de katanas ligeras de Demon Slayer tambi\u00e9n incluye otras impresionantes r\u00e9plicas.<\/p>\n<ul>\n<li>Le <a href=\"https:\/\/repliquemangacine.fr\/es\/katana-de-acero-kimetsu-no-yaiba-metal-katana-demon-slayer\/tanjiro-katana-ligera\/\">La katana luminosa de Tanjiro<\/a> Kamado, el h\u00e9roe principal de la serie, tambi\u00e9n cuenta con LED que iluminan su espada negra, representando la fuerza y la perseverancia de Tanjiro.<br \/>\nen su b\u00fasqueda por proteger a los suyos.<\/li>\n<li>As\u00ed como el <a href=\"https:\/\/repliquemangacine.fr\/es\/katana-luz-cazademonios\/kanao-katana-ligera\/\">La katana luminosa de Kanao<\/a> Tsuyuri, refleja gracia y precisi\u00f3n. La hoja se ilumina al instante, evocando su estilo de lucha inspirado en la naturaleza.<\/li>\n<li>Tambi\u00e9n existe la <a href=\"https:\/\/repliquemangacine.fr\/es\/katana-cazademonios\/muichiro-katana-ligera\/\">La katana luminosa de Muichiro<\/a> Tokito, el Pilar de la Niebla, con su brillo sutil y m\u00edstico, captura a la perfecci\u00f3n el aura enigm\u00e1tica de su estilo de lucha. Y muchos m\u00e1s por descubrir en nuestra tienda.<\/li>\n<\/ul>\n<p>Cada katana de esta colecci\u00f3n, equipada con LED, permite vivir una experiencia inmersiva \u00fanica, que combina la innovaci\u00f3n tecnol\u00f3gica y el respeto por los detalles del universo Demon Slayer.<\/p>\n<p>Estas r\u00e9plicas luminosas son perfectas para los fans m\u00e1s apasionados.<\/p>\n<h2>La innovaci\u00f3n al servicio de los aficionados: excepcionales katanas luminosas<\/h2>\n<p>El mundo de las r\u00e9plicas de katanas ha dado un paso m\u00e1s con estos modelos luminosos. Y es toda una revoluci\u00f3n para los fans de Demon Slayer. Tanto por su calidad de construcci\u00f3n como por su fidelidad a las armas vistas en el anime. Estas katanas est\u00e1n equipadas con tecnolog\u00eda LED que a\u00f1ade toda una nueva dimensi\u00f3n inmersiva. Cada katana se convierte en mucho m\u00e1s que un simple objeto de coleccionista. Es un elemento verdaderamente interactivo, capaz de brillar y evocar el poder de los personajes que representa. Los LED se activan f\u00e1cilmente mediante un discreto bot\u00f3n, para disfrutar al m\u00e1ximo de la experiencia. Ya sea para exposiciones, fotos o incluso cosplays. Esta innovaci\u00f3n, que combina tradici\u00f3n y tecnolog\u00eda, convierte a las katanas luminosas en una revoluci\u00f3n para los aficionados que buscan r\u00e9plicas aut\u00e9nticas a la vez que innovadoras. Si buscas mejorar tu colecci\u00f3n con algo tan \u00fanico como llamativo, \u00a1estas katanas luminosas son para ti!<\/p>\n<p>&nbsp;<\/p>","protected":false},"excerpt":{"rendered":"<p>Magn\u00edfica r\u00e9plica de la katana de Kokushibo en versi\u00f3n luminosa (Led) en Demon Slayer.<\/p>\n<ul>\n<li>La hoja es de metal en la parte superior con adornos en forma de ojo a lo largo de la hoja.<\/li>\n<li>La parte inferior es de ABS grueso con LED rojos en el interior.<\/li>\n<li>Bot\u00f3n de encendido\/apagado discreto y f\u00e1cil de usar<\/li>\n<li>Protector met\u00e1lico con forma especial<\/li>\n<li>Mango de imitaci\u00f3n de piel de raya, recubierto de trenza de algod\u00f3n verde<\/li>\n<li>El extremo del mango se puede separar para insertar dos pilas AAA (no suministradas)<\/li>\n<li>Vaina de madera rosa con decoraci\u00f3n.<\/li>\n<li>Longitud hoja: 67 cm - Longitud total: 103 cm - Peso: 1060 gr<\/li>\n<\/ul>\n<p>&nbsp;<\/p>","protected":false},"featured_media":76038,"template":"","meta":[],"product_brand":[896],"product_cat":[63,868,869,101],"product_tag":[],"class_list":{"0":"post-76037","1":"product","2":"type-product","3":"status-publish","4":"has-post-thumbnail","6":"product_brand-replique-manga-cine","7":"product_cat-katana-demon-slayer","8":"product_cat-katana-lumineux","9":"product_cat-katana-lumineux-demon-slayer","10":"product_cat-soldes","12":"first","13":"instock","14":"sale","15":"taxable","16":"shipping-taxable","17":"purchasable","18":"product-type-simple"},"yoast_head":"<!-- This site is optimized with the Yoast SEO plugin v27.5 - https:\/\/yoast.com\/product\/yoast-seo-wordpress\/ -->\n<title>Katana lumineux de Kokushibo - RMC<\/title>\n<meta name=\"description\" content=\"Absolument incroyable ce Katana lumineux de Kokushibo avec ses leds rouges. Bouton marche \u2013 arr\u00eat. Dessus de la lame en m\u00e9tal. Fourreau. 103 cm\" \/>\n<meta name=\"robots\" content=\"index, follow, max-snippet:-1, max-image-preview:large, max-video-preview:-1\" \/>\n<link rel=\"canonical\" href=\"https:\/\/repliquemangacine.fr\/es\/katana-luz-cazademonios\/kokushibo-katana-luminosa-figura-cazademonios\/\" \/>\n<meta property=\"og:locale\" content=\"es_ES\" \/>\n<meta property=\"og:type\" content=\"article\" \/>\n<meta property=\"og:title\" content=\"Katana lumineux de Kokushibo - RMC\" \/>\n<meta property=\"og:description\" content=\"Absolument incroyable ce Katana lumineux de Kokushibo avec ses leds rouges. Bouton marche \u2013 arr\u00eat. Dessus de la lame en m\u00e9tal. Fourreau. 103 cm\" \/>\n<meta property=\"og:url\" content=\"https:\/\/repliquemangacine.fr\/es\/katana-luz-cazademonios\/kokushibo-katana-luminosa-figura-cazademonios\/\" \/>\n<meta property=\"og:site_name\" content=\"R\u00e9plique Manga Cin\u00e9\" \/>\n<meta property=\"article:publisher\" content=\"https:\/\/www.facebook.com\/RepliqueMangaCine\" \/>\n<meta property=\"article:modified_time\" content=\"2026-04-19T19:38:05+00:00\" \/>\n<meta property=\"og:image\" content=\"https:\/\/repliquemangacine.fr\/wp-content\/uploads\/2024\/11\/Katana-lumineux-de-Kokushibo.jpg\" \/>\n\t<meta property=\"og:image:width\" content=\"500\" \/>\n\t<meta property=\"og:image:height\" content=\"500\" \/>\n\t<meta property=\"og:image:type\" content=\"image\/jpeg\" \/>\n<meta name=\"twitter:card\" content=\"summary_large_image\" \/>\n<meta name=\"twitter:label1\" content=\"Tiempo de lectura\" \/>\n\t<meta name=\"twitter:data1\" content=\"3 minutos\" \/>\n<script type=\"application\/ld+json\" class=\"yoast-schema-graph\">{\"@context\":\"https:\\\/\\\/schema.org\",\"@graph\":[{\"@type\":\"WebPage\",\"@id\":\"https:\\\/\\\/repliquemangacine.fr\\\/katana-lumineux-demon-slayer\\\/katana-lumineux-de-kokushibo-figurine-demon-slayer\\\/\",\"url\":\"https:\\\/\\\/repliquemangacine.fr\\\/katana-lumineux-demon-slayer\\\/katana-lumineux-de-kokushibo-figurine-demon-slayer\\\/\",\"name\":\"Katana lumineux de Kokushibo - RMC\",\"isPartOf\":{\"@id\":\"https:\\\/\\\/repliquemangacine.fr\\\/#website\"},\"primaryImageOfPage\":{\"@id\":\"https:\\\/\\\/repliquemangacine.fr\\\/katana-lumineux-demon-slayer\\\/katana-lumineux-de-kokushibo-figurine-demon-slayer\\\/#primaryimage\"},\"image\":{\"@id\":\"https:\\\/\\\/repliquemangacine.fr\\\/katana-lumineux-demon-slayer\\\/katana-lumineux-de-kokushibo-figurine-demon-slayer\\\/#primaryimage\"},\"thumbnailUrl\":\"https:\\\/\\\/repliquemangacine.fr\\\/wp-content\\\/uploads\\\/2024\\\/11\\\/Katana-lumineux-de-Kokushibo.jpg\",\"datePublished\":\"2024-11-09T14:10:01+00:00\",\"dateModified\":\"2026-04-19T19:38:05+00:00\",\"description\":\"Absolument incroyable ce Katana lumineux de Kokushibo avec ses leds rouges. Bouton marche \u2013 arr\u00eat. Dessus de la lame en m\u00e9tal. Fourreau. 103 cm\",\"breadcrumb\":{\"@id\":\"https:\\\/\\\/repliquemangacine.fr\\\/katana-lumineux-demon-slayer\\\/katana-lumineux-de-kokushibo-figurine-demon-slayer\\\/#breadcrumb\"},\"inLanguage\":\"es\",\"potentialAction\":[{\"@type\":\"ReadAction\",\"target\":[\"https:\\\/\\\/repliquemangacine.fr\\\/katana-lumineux-demon-slayer\\\/katana-lumineux-de-kokushibo-figurine-demon-slayer\\\/\"]}]},{\"@type\":\"ImageObject\",\"inLanguage\":\"es\",\"@id\":\"https:\\\/\\\/repliquemangacine.fr\\\/katana-lumineux-demon-slayer\\\/katana-lumineux-de-kokushibo-figurine-demon-slayer\\\/#primaryimage\",\"url\":\"https:\\\/\\\/repliquemangacine.fr\\\/wp-content\\\/uploads\\\/2024\\\/11\\\/Katana-lumineux-de-Kokushibo.jpg\",\"contentUrl\":\"https:\\\/\\\/repliquemangacine.fr\\\/wp-content\\\/uploads\\\/2024\\\/11\\\/Katana-lumineux-de-Kokushibo.jpg\",\"width\":500,\"height\":500,\"caption\":\"Katana lumineux de Kokushibo\"},{\"@type\":\"BreadcrumbList\",\"@id\":\"https:\\\/\\\/repliquemangacine.fr\\\/katana-lumineux-demon-slayer\\\/katana-lumineux-de-kokushibo-figurine-demon-slayer\\\/#breadcrumb\",\"itemListElement\":[{\"@type\":\"ListItem\",\"position\":1,\"name\":\"Accueil\",\"item\":\"https:\\\/\\\/repliquemangacine.fr\\\/\"},{\"@type\":\"ListItem\",\"position\":2,\"name\":\"Produits\",\"item\":\"https:\\\/\\\/repliquemangacine.fr\\\/boutique\\\/\"},{\"@type\":\"ListItem\",\"position\":3,\"name\":\"Katana lumineux de Kokushibo\"}]},{\"@type\":\"WebSite\",\"@id\":\"https:\\\/\\\/repliquemangacine.fr\\\/#website\",\"url\":\"https:\\\/\\\/repliquemangacine.fr\\\/\",\"name\":\"R\u00e9plique Manga Cin\u00e9\",\"description\":\"\",\"publisher\":{\"@id\":\"https:\\\/\\\/repliquemangacine.fr\\\/#organization\"},\"potentialAction\":[{\"@type\":\"SearchAction\",\"target\":{\"@type\":\"EntryPoint\",\"urlTemplate\":\"https:\\\/\\\/repliquemangacine.fr\\\/?s={search_term_string}\"},\"query-input\":{\"@type\":\"PropertyValueSpecification\",\"valueRequired\":true,\"valueName\":\"search_term_string\"}}],\"inLanguage\":\"es\"},{\"@type\":\"Organization\",\"@id\":\"https:\\\/\\\/repliquemangacine.fr\\\/#organization\",\"name\":\"R\u00e9plique Manga Cin\u00e9\",\"url\":\"https:\\\/\\\/repliquemangacine.fr\\\/\",\"logo\":{\"@type\":\"ImageObject\",\"inLanguage\":\"es\",\"@id\":\"https:\\\/\\\/repliquemangacine.fr\\\/#\\\/schema\\\/logo\\\/image\\\/\",\"url\":\"https:\\\/\\\/repliquemangacine.fr\\\/wp-content\\\/uploads\\\/2023\\\/10\\\/RMC-500250.png\",\"contentUrl\":\"https:\\\/\\\/repliquemangacine.fr\\\/wp-content\\\/uploads\\\/2023\\\/10\\\/RMC-500250.png\",\"width\":500,\"height\":250,\"caption\":\"R\u00e9plique Manga Cin\u00e9\"},\"image\":{\"@id\":\"https:\\\/\\\/repliquemangacine.fr\\\/#\\\/schema\\\/logo\\\/image\\\/\"},\"sameAs\":[\"https:\\\/\\\/www.facebook.com\\\/RepliqueMangaCine\",\"https:\\\/\\\/www.instagram.com\\\/repliquemangacine.fr\\\/\"]}]}<\/script>\n<!-- \/ Yoast SEO plugin. -->","yoast_head_json":{"title":"Katana iluminada de Kokushibo - RMC","description":"Absolutamente incre\u00edble, esta Katana luminosa de Kokushibo con sus LED rojos. Bot\u00f3n de encendido\/apagado. Parte superior de la hoja de metal. Vaina. 103 cm","robots":{"index":"index","follow":"follow","max-snippet":"max-snippet:-1","max-image-preview":"max-image-preview:large","max-video-preview":"max-video-preview:-1"},"canonical":"https:\/\/repliquemangacine.fr\/es\/katana-luz-cazademonios\/kokushibo-katana-luminosa-figura-cazademonios\/","og_locale":"es_ES","og_type":"article","og_title":"Katana lumineux de Kokushibo - RMC","og_description":"Absolument incroyable ce Katana lumineux de Kokushibo avec ses leds rouges. Bouton marche \u2013 arr\u00eat. Dessus de la lame en m\u00e9tal. Fourreau. 103 cm","og_url":"https:\/\/repliquemangacine.fr\/es\/katana-luz-cazademonios\/kokushibo-katana-luminosa-figura-cazademonios\/","og_site_name":"R\u00e9plique Manga Cin\u00e9","article_publisher":"https:\/\/www.facebook.com\/RepliqueMangaCine","article_modified_time":"2026-04-19T19:38:05+00:00","og_image":[{"width":500,"height":500,"url":"https:\/\/repliquemangacine.fr\/wp-content\/uploads\/2024\/11\/Katana-lumineux-de-Kokushibo.jpg","type":"image\/jpeg"}],"twitter_card":"summary_large_image","twitter_misc":{"Tiempo de lectura":"3 minutos"},"schema":{"@context":"https:\/\/schema.org","@graph":[{"@type":"WebPage","@id":"https:\/\/repliquemangacine.fr\/katana-lumineux-demon-slayer\/katana-lumineux-de-kokushibo-figurine-demon-slayer\/","url":"https:\/\/repliquemangacine.fr\/katana-lumineux-demon-slayer\/katana-lumineux-de-kokushibo-figurine-demon-slayer\/","name":"Katana iluminada de Kokushibo - RMC","isPartOf":{"@id":"https:\/\/repliquemangacine.fr\/#website"},"primaryImageOfPage":{"@id":"https:\/\/repliquemangacine.fr\/katana-lumineux-demon-slayer\/katana-lumineux-de-kokushibo-figurine-demon-slayer\/#primaryimage"},"image":{"@id":"https:\/\/repliquemangacine.fr\/katana-lumineux-demon-slayer\/katana-lumineux-de-kokushibo-figurine-demon-slayer\/#primaryimage"},"thumbnailUrl":"https:\/\/repliquemangacine.fr\/wp-content\/uploads\/2024\/11\/Katana-lumineux-de-Kokushibo.jpg","datePublished":"2024-11-09T14:10:01+00:00","dateModified":"2026-04-19T19:38:05+00:00","description":"Absolutamente incre\u00edble, esta Katana luminosa de Kokushibo con sus LED rojos. Bot\u00f3n de encendido\/apagado. Parte superior de la hoja de metal. Vaina. 103 cm","breadcrumb":{"@id":"https:\/\/repliquemangacine.fr\/katana-lumineux-demon-slayer\/katana-lumineux-de-kokushibo-figurine-demon-slayer\/#breadcrumb"},"inLanguage":"es","potentialAction":[{"@type":"ReadAction","target":["https:\/\/repliquemangacine.fr\/katana-lumineux-demon-slayer\/katana-lumineux-de-kokushibo-figurine-demon-slayer\/"]}]},{"@type":"ImageObject","inLanguage":"es","@id":"https:\/\/repliquemangacine.fr\/katana-lumineux-demon-slayer\/katana-lumineux-de-kokushibo-figurine-demon-slayer\/#primaryimage","url":"https:\/\/repliquemangacine.fr\/wp-content\/uploads\/2024\/11\/Katana-lumineux-de-Kokushibo.jpg","contentUrl":"https:\/\/repliquemangacine.fr\/wp-content\/uploads\/2024\/11\/Katana-lumineux-de-Kokushibo.jpg","width":500,"height":500,"caption":"Katana lumineux de Kokushibo"},{"@type":"BreadcrumbList","@id":"https:\/\/repliquemangacine.fr\/katana-lumineux-demon-slayer\/katana-lumineux-de-kokushibo-figurine-demon-slayer\/#breadcrumb","itemListElement":[{"@type":"ListItem","position":1,"name":"Accueil","item":"https:\/\/repliquemangacine.fr\/"},{"@type":"ListItem","position":2,"name":"Produits","item":"https:\/\/repliquemangacine.fr\/boutique\/"},{"@type":"ListItem","position":3,"name":"Katana lumineux de Kokushibo"}]},{"@type":"WebSite","@id":"https:\/\/repliquemangacine.fr\/#website","url":"https:\/\/repliquemangacine.fr\/","name":"R\u00e9plique Manga Cin\u00e9","description":"","publisher":{"@id":"https:\/\/repliquemangacine.fr\/#organization"},"potentialAction":[{"@type":"SearchAction","target":{"@type":"EntryPoint","urlTemplate":"https:\/\/repliquemangacine.fr\/?s={search_term_string}"},"query-input":{"@type":"PropertyValueSpecification","valueRequired":true,"valueName":"search_term_string"}}],"inLanguage":"es"},{"@type":"Organization","@id":"https:\/\/repliquemangacine.fr\/#organization","name":"R\u00e9plique Manga Cin\u00e9","url":"https:\/\/repliquemangacine.fr\/","logo":{"@type":"ImageObject","inLanguage":"es","@id":"https:\/\/repliquemangacine.fr\/#\/schema\/logo\/image\/","url":"https:\/\/repliquemangacine.fr\/wp-content\/uploads\/2023\/10\/RMC-500250.png","contentUrl":"https:\/\/repliquemangacine.fr\/wp-content\/uploads\/2023\/10\/RMC-500250.png","width":500,"height":250,"caption":"R\u00e9plique Manga Cin\u00e9"},"image":{"@id":"https:\/\/repliquemangacine.fr\/#\/schema\/logo\/image\/"},"sameAs":["https:\/\/www.facebook.com\/RepliqueMangaCine","https:\/\/www.instagram.com\/repliquemangacine.fr\/"]}]}},"_links":{"self":[{"href":"https:\/\/repliquemangacine.fr\/es\/wp-json\/wp\/v2\/product\/76037","targetHints":{"allow":["GET"]}}],"collection":[{"href":"https:\/\/repliquemangacine.fr\/es\/wp-json\/wp\/v2\/product"}],"about":[{"href":"https:\/\/repliquemangacine.fr\/es\/wp-json\/wp\/v2\/types\/product"}],"wp:featuredmedia":[{"embeddable":true,"href":"https:\/\/repliquemangacine.fr\/es\/wp-json\/wp\/v2\/media\/76038"}],"wp:attachment":[{"href":"https:\/\/repliquemangacine.fr\/es\/wp-json\/wp\/v2\/media?parent=76037"}],"wp:term":[{"taxonomy":"product_brand","embeddable":true,"href":"https:\/\/repliquemangacine.fr\/es\/wp-json\/wp\/v2\/product_brand?post=76037"},{"taxonomy":"product_cat","embeddable":true,"href":"https:\/\/repliquemangacine.fr\/es\/wp-json\/wp\/v2\/product_cat?post=76037"},{"taxonomy":"product_tag","embeddable":true,"href":"https:\/\/repliquemangacine.fr\/es\/wp-json\/wp\/v2\/product_tag?post=76037"}],"curies":[{"name":"wp","href":"https:\/\/api.w.org\/{rel}","templated":true}]}}