





{"id":75755,"date":"2024-10-31T20:17:29","date_gmt":"2024-10-31T19:17:29","guid":{"rendered":"https:\/\/repliquemangacine.fr\/?post_type=product&#038;p=75755"},"modified":"2025-12-04T20:47:15","modified_gmt":"2025-12-04T19:47:15","slug":"katana-luminosa-giyu-demon-slayer","status":"publish","type":"product","link":"https:\/\/repliquemangacine.fr\/es\/katana-lumineux-demon-slayer\/katana-lumineux-de-giyu-demon-slayer\/","title":{"rendered":"La katana luminosa de Giyu"},"content":{"rendered":"<h2>Katana brillante Giyu Tomioka en Demon Slayer<\/h2>\n<p>En primer lugar, descubra una extraordinaria novedad: la katana luminosa de <a href=\"https:\/\/kimetsu-no-yaiba.fandom.com\/fr\/wiki\/Giyu_Tomioka\" target=\"_blank\" rel=\"noopener noreferrer\">Giyu Tomioka<\/a>, Espadach\u00edn muy poderoso, capaz de derrotar f\u00e1cilmente al Padre Ara\u00f1a Demonio transformado. Esta katana \u00fanica funciona con pilas y se ilumina gracias a los LED integrados. Aportando as\u00ed una dimensi\u00f3n llamativa a esta fiel r\u00e9plica. Con solo pulsar un bot\u00f3n de encendido\/apagado discretamente integrado en la empu\u00f1adura. La hoja se ilumina al instante, evocando el poder incandescente de Giyu durante sus combates.<\/p>\n<p>Esta tecnolog\u00eda LED ofrece un realismo sin precedentes, lo que supone una novedad en las katanas luminosas de esta calidad. Perfecta para coleccionistas y aficionados a Demon Slayer. Esta katana combina autenticidad e innovaci\u00f3n para ofrecer una experiencia visual impresionante. Ideal para exponer o recrear las \u00e9picas escenas del Pilar del Agua. \u00a1Un aut\u00e9ntico tesoro para cualquier fan del universo!<\/p>\n<h2>Descubre las otras katanas ligeras de Demon Slayer<\/h2>\n<p>Adem\u00e1s de la katana ligera de Sanemi Shinazugawa, la gama de katanas ligeras de Demon Slayer tambi\u00e9n incluye otras impresionantes r\u00e9plicas.<\/p>\n<ul>\n<li>Le <a href=\"https:\/\/repliquemangacine.fr\/es\/katana-luz-cazademonios\/katana-ligera-yoriichi\/\">La katana luminosa de Yoriichi<\/a> Tsugikuni, legendario cazador de demonios, se ilumina para encarnar el poder sin igual de este m\u00edtico personaje. Su estilo de lucha es el Aliento del Sol, tambi\u00e9n conocido como Aliento Original.<\/li>\n<li>Le <a href=\"https:\/\/repliquemangacine.fr\/es\/katana-luz-cazademonios\/sanemi-demon-slayer-katana-luminosa\/\">La katana luminosa de Sanemi<\/a> Shinazugawa, un espadach\u00edn muy poderoso, el tercero m\u00e1s poderoso. La hoja se ilumina al instante, evocando la fuerza y agilidad de Sanemi para igualar las de un demonio.<\/li>\n<li>Por \u00faltimo, el <a href=\"https:\/\/repliquemangacine.fr\/es\/katana-luz-cazademonios\/kanao-katana-ligera\/\">La katana luminosa de Kanao<\/a> Tsuyuri, refleja gracia y precisi\u00f3n. La hoja se ilumina al instante, evocando su estilo de lucha inspirado en la naturaleza. Cada katana equipada con LED de esta colecci\u00f3n ofrece una experiencia inmersiva \u00fanica, que combina la innovaci\u00f3n tecnol\u00f3gica con el respeto por los detalles del universo de Demon Slayer. Estas r\u00e9plicas luminosas son perfectas para los fans apasionados.<\/li>\n<\/ul>\n<h2>La innovaci\u00f3n al servicio de los aficionados: excepcionales katanas luminosas<\/h2>\n<p>El mundo de las r\u00e9plicas de katanas ha dado un paso m\u00e1s con estos modelos luminosos. Y es toda una revoluci\u00f3n para los fans de Demon Slayer. Tanto por su calidad de construcci\u00f3n como por su fidelidad a las armas vistas en el anime. Estas katanas est\u00e1n equipadas con tecnolog\u00eda LED que a\u00f1ade toda una nueva dimensi\u00f3n inmersiva. Cada katana se convierte en mucho m\u00e1s que un simple objeto de coleccionista. Es un elemento verdaderamente interactivo, capaz de brillar y evocar el poder de los personajes que representa. Los LED se activan f\u00e1cilmente mediante un discreto bot\u00f3n, para disfrutar al m\u00e1ximo de la experiencia. Ya sea para exposiciones, fotos o incluso cosplays. Esta innovaci\u00f3n, que combina tradici\u00f3n y tecnolog\u00eda, convierte a las katanas luminosas en una revoluci\u00f3n para los aficionados que buscan r\u00e9plicas aut\u00e9nticas a la vez que innovadoras. Si buscas mejorar tu colecci\u00f3n con algo tan \u00fanico como llamativo, \u00a1estas katanas luminosas son para ti!<\/p>","protected":false},"excerpt":{"rendered":"<p>Magn\u00edfica r\u00e9plica de la katana de Giyu en versi\u00f3n luminosa (Led) en Demon Slayer.<\/p>\n<ul>\n<li>La hoja tiene una parte superior de metal con grabados<\/li>\n<li>La parte inferior es de ABS grueso con LED blancos en su interior.<\/li>\n<li>Bot\u00f3n de encendido\/apagado discreto y f\u00e1cil de usar<\/li>\n<li>Protector met\u00e1lico con forma especial<\/li>\n<li>Mango de imitaci\u00f3n de piel de raya azul, recubierto de trenzado de algod\u00f3n blanco.<\/li>\n<li>El extremo del mango se puede separar para insertar dos pilas AAA (no suministradas)<\/li>\n<li>Vaina de madera negra.<\/li>\n<li>Longitud hoja: 67 cm - Longitud total: 103 cm - Peso: 1055 gr<\/li>\n<\/ul>","protected":false},"featured_media":75756,"template":"","meta":[],"product_brand":[896],"product_cat":[63,868,869,101],"product_tag":[],"class_list":{"0":"post-75755","1":"product","2":"type-product","3":"status-publish","4":"has-post-thumbnail","6":"product_brand-replique-manga-cine","7":"product_cat-katana-demon-slayer","8":"product_cat-katana-lumineux","9":"product_cat-katana-lumineux-demon-slayer","10":"product_cat-soldes","12":"first","13":"instock","14":"sale","15":"taxable","16":"shipping-taxable","17":"purchasable","18":"product-type-simple"},"yoast_head":"<!-- This site is optimized with the Yoast SEO plugin v27.5 - https:\/\/yoast.com\/product\/yoast-seo-wordpress\/ -->\n<title>Katana lumineux de Giyu | RMC<\/title>\n<meta name=\"description\" content=\"Extra ! Ce Katana lumineux de Giyu dans Demon Slayer. Lame en acier avec Leds blanches. Bouton marche-arr\u00eat. Fonctionne avec piles. Fourreau bois. 103 cm\" \/>\n<meta name=\"robots\" content=\"index, follow, max-snippet:-1, max-image-preview:large, max-video-preview:-1\" \/>\n<link rel=\"canonical\" href=\"https:\/\/repliquemangacine.fr\/es\/katana-luz-cazademonios\/katana-luminosa-giyu-demon-slayer\/\" \/>\n<meta property=\"og:locale\" content=\"es_ES\" \/>\n<meta property=\"og:type\" content=\"article\" \/>\n<meta property=\"og:title\" content=\"Katana lumineux de Giyu | RMC\" \/>\n<meta property=\"og:description\" content=\"Extra ! Ce Katana lumineux de Giyu dans Demon Slayer. Lame en acier avec Leds blanches. Bouton marche-arr\u00eat. Fonctionne avec piles. Fourreau bois. 103 cm\" \/>\n<meta property=\"og:url\" content=\"https:\/\/repliquemangacine.fr\/es\/katana-luz-cazademonios\/katana-luminosa-giyu-demon-slayer\/\" \/>\n<meta property=\"og:site_name\" content=\"R\u00e9plique Manga Cin\u00e9\" \/>\n<meta property=\"article:publisher\" content=\"https:\/\/www.facebook.com\/RepliqueMangaCine\" \/>\n<meta property=\"article:modified_time\" content=\"2025-12-04T19:47:15+00:00\" \/>\n<meta property=\"og:image\" content=\"https:\/\/repliquemangacine.fr\/wp-content\/uploads\/2024\/10\/Katana-lumineux-de-Giyu-Demon-Slayer.jpg\" \/>\n\t<meta property=\"og:image:width\" content=\"500\" \/>\n\t<meta property=\"og:image:height\" content=\"500\" \/>\n\t<meta property=\"og:image:type\" content=\"image\/jpeg\" \/>\n<meta name=\"twitter:card\" content=\"summary_large_image\" \/>\n<meta name=\"twitter:label1\" content=\"Tiempo de lectura\" \/>\n\t<meta name=\"twitter:data1\" content=\"3 minutos\" \/>\n<script type=\"application\/ld+json\" class=\"yoast-schema-graph\">{\"@context\":\"https:\\\/\\\/schema.org\",\"@graph\":[{\"@type\":\"WebPage\",\"@id\":\"https:\\\/\\\/repliquemangacine.fr\\\/katana-lumineux-demon-slayer\\\/katana-lumineux-de-giyu-demon-slayer\\\/\",\"url\":\"https:\\\/\\\/repliquemangacine.fr\\\/katana-lumineux-demon-slayer\\\/katana-lumineux-de-giyu-demon-slayer\\\/\",\"name\":\"Katana lumineux de Giyu | RMC\",\"isPartOf\":{\"@id\":\"https:\\\/\\\/repliquemangacine.fr\\\/#website\"},\"primaryImageOfPage\":{\"@id\":\"https:\\\/\\\/repliquemangacine.fr\\\/katana-lumineux-demon-slayer\\\/katana-lumineux-de-giyu-demon-slayer\\\/#primaryimage\"},\"image\":{\"@id\":\"https:\\\/\\\/repliquemangacine.fr\\\/katana-lumineux-demon-slayer\\\/katana-lumineux-de-giyu-demon-slayer\\\/#primaryimage\"},\"thumbnailUrl\":\"https:\\\/\\\/repliquemangacine.fr\\\/wp-content\\\/uploads\\\/2024\\\/10\\\/Katana-lumineux-de-Giyu-Demon-Slayer.jpg\",\"datePublished\":\"2024-10-31T19:17:29+00:00\",\"dateModified\":\"2025-12-04T19:47:15+00:00\",\"description\":\"Extra ! Ce Katana lumineux de Giyu dans Demon Slayer. Lame en acier avec Leds blanches. Bouton marche-arr\u00eat. Fonctionne avec piles. Fourreau bois. 103 cm\",\"breadcrumb\":{\"@id\":\"https:\\\/\\\/repliquemangacine.fr\\\/katana-lumineux-demon-slayer\\\/katana-lumineux-de-giyu-demon-slayer\\\/#breadcrumb\"},\"inLanguage\":\"es\",\"potentialAction\":[{\"@type\":\"ReadAction\",\"target\":[\"https:\\\/\\\/repliquemangacine.fr\\\/katana-lumineux-demon-slayer\\\/katana-lumineux-de-giyu-demon-slayer\\\/\"]}]},{\"@type\":\"ImageObject\",\"inLanguage\":\"es\",\"@id\":\"https:\\\/\\\/repliquemangacine.fr\\\/katana-lumineux-demon-slayer\\\/katana-lumineux-de-giyu-demon-slayer\\\/#primaryimage\",\"url\":\"https:\\\/\\\/repliquemangacine.fr\\\/wp-content\\\/uploads\\\/2024\\\/10\\\/Katana-lumineux-de-Giyu-Demon-Slayer.jpg\",\"contentUrl\":\"https:\\\/\\\/repliquemangacine.fr\\\/wp-content\\\/uploads\\\/2024\\\/10\\\/Katana-lumineux-de-Giyu-Demon-Slayer.jpg\",\"width\":500,\"height\":500,\"caption\":\"Katana lumineux de Giyu Demon slayer\"},{\"@type\":\"BreadcrumbList\",\"@id\":\"https:\\\/\\\/repliquemangacine.fr\\\/katana-lumineux-demon-slayer\\\/katana-lumineux-de-giyu-demon-slayer\\\/#breadcrumb\",\"itemListElement\":[{\"@type\":\"ListItem\",\"position\":1,\"name\":\"Accueil\",\"item\":\"https:\\\/\\\/repliquemangacine.fr\\\/\"},{\"@type\":\"ListItem\",\"position\":2,\"name\":\"Produits\",\"item\":\"https:\\\/\\\/repliquemangacine.fr\\\/boutique\\\/\"},{\"@type\":\"ListItem\",\"position\":3,\"name\":\"Katana lumineux de Giyu\"}]},{\"@type\":\"WebSite\",\"@id\":\"https:\\\/\\\/repliquemangacine.fr\\\/#website\",\"url\":\"https:\\\/\\\/repliquemangacine.fr\\\/\",\"name\":\"R\u00e9plique Manga Cin\u00e9\",\"description\":\"\",\"publisher\":{\"@id\":\"https:\\\/\\\/repliquemangacine.fr\\\/#organization\"},\"potentialAction\":[{\"@type\":\"SearchAction\",\"target\":{\"@type\":\"EntryPoint\",\"urlTemplate\":\"https:\\\/\\\/repliquemangacine.fr\\\/?s={search_term_string}\"},\"query-input\":{\"@type\":\"PropertyValueSpecification\",\"valueRequired\":true,\"valueName\":\"search_term_string\"}}],\"inLanguage\":\"es\"},{\"@type\":\"Organization\",\"@id\":\"https:\\\/\\\/repliquemangacine.fr\\\/#organization\",\"name\":\"R\u00e9plique Manga Cin\u00e9\",\"url\":\"https:\\\/\\\/repliquemangacine.fr\\\/\",\"logo\":{\"@type\":\"ImageObject\",\"inLanguage\":\"es\",\"@id\":\"https:\\\/\\\/repliquemangacine.fr\\\/#\\\/schema\\\/logo\\\/image\\\/\",\"url\":\"https:\\\/\\\/repliquemangacine.fr\\\/wp-content\\\/uploads\\\/2023\\\/10\\\/RMC-500250.png\",\"contentUrl\":\"https:\\\/\\\/repliquemangacine.fr\\\/wp-content\\\/uploads\\\/2023\\\/10\\\/RMC-500250.png\",\"width\":500,\"height\":250,\"caption\":\"R\u00e9plique Manga Cin\u00e9\"},\"image\":{\"@id\":\"https:\\\/\\\/repliquemangacine.fr\\\/#\\\/schema\\\/logo\\\/image\\\/\"},\"sameAs\":[\"https:\\\/\\\/www.facebook.com\\\/RepliqueMangaCine\",\"https:\\\/\\\/www.instagram.com\\\/repliquemangacine.fr\\\/\"]}]}<\/script>\n<!-- \/ Yoast SEO plugin. -->","yoast_head_json":{"title":"Katana luminosa de Giyu | RMC","description":"\u00a1Extra! Katana luminosa de Giyu en Demon Slayer. Hoja de acero con LEDs blancos. Bot\u00f3n de encendido\/apagado. Funciona con pilas. Vaina de madera. 103 cm de largo","robots":{"index":"index","follow":"follow","max-snippet":"max-snippet:-1","max-image-preview":"max-image-preview:large","max-video-preview":"max-video-preview:-1"},"canonical":"https:\/\/repliquemangacine.fr\/es\/katana-luz-cazademonios\/katana-luminosa-giyu-demon-slayer\/","og_locale":"es_ES","og_type":"article","og_title":"Katana lumineux de Giyu | RMC","og_description":"Extra ! Ce Katana lumineux de Giyu dans Demon Slayer. Lame en acier avec Leds blanches. Bouton marche-arr\u00eat. Fonctionne avec piles. Fourreau bois. 103 cm","og_url":"https:\/\/repliquemangacine.fr\/es\/katana-luz-cazademonios\/katana-luminosa-giyu-demon-slayer\/","og_site_name":"R\u00e9plique Manga Cin\u00e9","article_publisher":"https:\/\/www.facebook.com\/RepliqueMangaCine","article_modified_time":"2025-12-04T19:47:15+00:00","og_image":[{"width":500,"height":500,"url":"https:\/\/repliquemangacine.fr\/wp-content\/uploads\/2024\/10\/Katana-lumineux-de-Giyu-Demon-Slayer.jpg","type":"image\/jpeg"}],"twitter_card":"summary_large_image","twitter_misc":{"Tiempo de lectura":"3 minutos"},"schema":{"@context":"https:\/\/schema.org","@graph":[{"@type":"WebPage","@id":"https:\/\/repliquemangacine.fr\/katana-lumineux-demon-slayer\/katana-lumineux-de-giyu-demon-slayer\/","url":"https:\/\/repliquemangacine.fr\/katana-lumineux-demon-slayer\/katana-lumineux-de-giyu-demon-slayer\/","name":"Katana luminosa de Giyu | RMC","isPartOf":{"@id":"https:\/\/repliquemangacine.fr\/#website"},"primaryImageOfPage":{"@id":"https:\/\/repliquemangacine.fr\/katana-lumineux-demon-slayer\/katana-lumineux-de-giyu-demon-slayer\/#primaryimage"},"image":{"@id":"https:\/\/repliquemangacine.fr\/katana-lumineux-demon-slayer\/katana-lumineux-de-giyu-demon-slayer\/#primaryimage"},"thumbnailUrl":"https:\/\/repliquemangacine.fr\/wp-content\/uploads\/2024\/10\/Katana-lumineux-de-Giyu-Demon-Slayer.jpg","datePublished":"2024-10-31T19:17:29+00:00","dateModified":"2025-12-04T19:47:15+00:00","description":"\u00a1Extra! Katana luminosa de Giyu en Demon Slayer. Hoja de acero con LEDs blancos. Bot\u00f3n de encendido\/apagado. Funciona con pilas. Vaina de madera. 103 cm de largo","breadcrumb":{"@id":"https:\/\/repliquemangacine.fr\/katana-lumineux-demon-slayer\/katana-lumineux-de-giyu-demon-slayer\/#breadcrumb"},"inLanguage":"es","potentialAction":[{"@type":"ReadAction","target":["https:\/\/repliquemangacine.fr\/katana-lumineux-demon-slayer\/katana-lumineux-de-giyu-demon-slayer\/"]}]},{"@type":"ImageObject","inLanguage":"es","@id":"https:\/\/repliquemangacine.fr\/katana-lumineux-demon-slayer\/katana-lumineux-de-giyu-demon-slayer\/#primaryimage","url":"https:\/\/repliquemangacine.fr\/wp-content\/uploads\/2024\/10\/Katana-lumineux-de-Giyu-Demon-Slayer.jpg","contentUrl":"https:\/\/repliquemangacine.fr\/wp-content\/uploads\/2024\/10\/Katana-lumineux-de-Giyu-Demon-Slayer.jpg","width":500,"height":500,"caption":"Katana lumineux de Giyu Demon slayer"},{"@type":"BreadcrumbList","@id":"https:\/\/repliquemangacine.fr\/katana-lumineux-demon-slayer\/katana-lumineux-de-giyu-demon-slayer\/#breadcrumb","itemListElement":[{"@type":"ListItem","position":1,"name":"Accueil","item":"https:\/\/repliquemangacine.fr\/"},{"@type":"ListItem","position":2,"name":"Produits","item":"https:\/\/repliquemangacine.fr\/boutique\/"},{"@type":"ListItem","position":3,"name":"Katana lumineux de Giyu"}]},{"@type":"WebSite","@id":"https:\/\/repliquemangacine.fr\/#website","url":"https:\/\/repliquemangacine.fr\/","name":"R\u00e9plique Manga Cin\u00e9","description":"","publisher":{"@id":"https:\/\/repliquemangacine.fr\/#organization"},"potentialAction":[{"@type":"SearchAction","target":{"@type":"EntryPoint","urlTemplate":"https:\/\/repliquemangacine.fr\/?s={search_term_string}"},"query-input":{"@type":"PropertyValueSpecification","valueRequired":true,"valueName":"search_term_string"}}],"inLanguage":"es"},{"@type":"Organization","@id":"https:\/\/repliquemangacine.fr\/#organization","name":"R\u00e9plique Manga Cin\u00e9","url":"https:\/\/repliquemangacine.fr\/","logo":{"@type":"ImageObject","inLanguage":"es","@id":"https:\/\/repliquemangacine.fr\/#\/schema\/logo\/image\/","url":"https:\/\/repliquemangacine.fr\/wp-content\/uploads\/2023\/10\/RMC-500250.png","contentUrl":"https:\/\/repliquemangacine.fr\/wp-content\/uploads\/2023\/10\/RMC-500250.png","width":500,"height":250,"caption":"R\u00e9plique Manga Cin\u00e9"},"image":{"@id":"https:\/\/repliquemangacine.fr\/#\/schema\/logo\/image\/"},"sameAs":["https:\/\/www.facebook.com\/RepliqueMangaCine","https:\/\/www.instagram.com\/repliquemangacine.fr\/"]}]}},"_links":{"self":[{"href":"https:\/\/repliquemangacine.fr\/es\/wp-json\/wp\/v2\/product\/75755","targetHints":{"allow":["GET"]}}],"collection":[{"href":"https:\/\/repliquemangacine.fr\/es\/wp-json\/wp\/v2\/product"}],"about":[{"href":"https:\/\/repliquemangacine.fr\/es\/wp-json\/wp\/v2\/types\/product"}],"wp:featuredmedia":[{"embeddable":true,"href":"https:\/\/repliquemangacine.fr\/es\/wp-json\/wp\/v2\/media\/75756"}],"wp:attachment":[{"href":"https:\/\/repliquemangacine.fr\/es\/wp-json\/wp\/v2\/media?parent=75755"}],"wp:term":[{"taxonomy":"product_brand","embeddable":true,"href":"https:\/\/repliquemangacine.fr\/es\/wp-json\/wp\/v2\/product_brand?post=75755"},{"taxonomy":"product_cat","embeddable":true,"href":"https:\/\/repliquemangacine.fr\/es\/wp-json\/wp\/v2\/product_cat?post=75755"},{"taxonomy":"product_tag","embeddable":true,"href":"https:\/\/repliquemangacine.fr\/es\/wp-json\/wp\/v2\/product_tag?post=75755"}],"curies":[{"name":"wp","href":"https:\/\/api.w.org\/{rel}","templated":true}]}}