





{"id":75737,"date":"2024-10-31T18:50:58","date_gmt":"2024-10-31T17:50:58","guid":{"rendered":"https:\/\/repliquemangacine.fr\/?post_type=product&#038;p=75737"},"modified":"2026-01-11T16:38:05","modified_gmt":"2026-01-11T15:38:05","slug":"katana-ligera-yoriichi","status":"publish","type":"product","link":"https:\/\/repliquemangacine.fr\/es\/katana-lumineux-demon-slayer\/katana-lumineux-yoriichi\/","title":{"rendered":"Katana luminosa Yoriichi"},"content":{"rendered":"<h2>Katana light Yoriichi Tsugikuni en Demon Slayer<\/h2>\n<p>En primer lugar, descubra una extraordinaria novedad: la katana luminosa de <a href=\"https:\/\/kimetsu-no-yaiba.fandom.com\/fr\/wiki\/Yoriichi_Tsugikuni\" target=\"_blank\" rel=\"noopener noreferrer\">Yoriichi Tsugikuni<\/a>, el legendario cazador de demonios de Demon Slayer. Esta katana \u00fanica funciona con pilas y se ilumina gracias a unos LED integrados, lo que aporta una dimensi\u00f3n deslumbrante a esta fiel r\u00e9plica. Con solo pulsar un bot\u00f3n de encendido\/apagado discretamente integrado en la empu\u00f1adura, la hoja se ilumina al instante, evocando el poder sin igual de este m\u00edtico personaje.<\/p>\n<p>Esta tecnolog\u00eda LED ofrece un realismo sin precedentes, lo que supone una novedad en las katanas luminosas de esta calidad. Perfecta para coleccionistas y aficionados a Demon Slayer. Esta katana combina autenticidad e innovaci\u00f3n para ofrecer una experiencia visual impresionante. Ideal para exponer o recrear las \u00e9picas escenas de los cazadores de demonios. \u00a1Un aut\u00e9ntico tesoro para cualquier fan del universo!<\/p>\n<h2>Descubre las otras katanas ligeras de Demon Slayer<\/h2>\n<p>Adem\u00e1s del<strong> La katana luminosa de Yoriichi <\/strong>Tsugikuni, la gama de katanas luminosas de Demon Slayer, tambi\u00e9n incluye otras impresionantes r\u00e9plicas.<\/p>\n<ul>\n<li>Le <a href=\"https:\/\/repliquemangacine.fr\/es\/katana-luz-cazademonios\/sanemi-demon-slayer-katana-luminosa\/\">La katana luminosa de Sanemi<\/a> Shinazugawa, un espadach\u00edn muy poderoso, el tercero m\u00e1s poderoso. La hoja se ilumina al instante, evocando la fuerza y agilidad de Sanemi para igualar las de un demonio.<\/li>\n<li>Le <a href=\"https:\/\/repliquemangacine.fr\/es\/katana-de-acero-kimetsu-no-yaiba-metal-katana-demon-slayer\/tanjiro-katana-ligera\/\">La katana luminosa de Tanjiro Kamado<\/a>Tanjiro, el h\u00e9roe principal de la serie, tambi\u00e9n cuenta con LED que iluminan su espada negra, representando la fuerza y perseverancia de Tanjiro en su empe\u00f1o por proteger a su familia.<\/li>\n<li>Por \u00faltimo, el <a href=\"https:\/\/repliquemangacine.fr\/es\/katana-cazademonios\/muichiro-katana-ligera\/\">La katana luminosa de Muichiro<\/a> Tokito, el Pilar de la Niebla, con su brillo sutil y m\u00edstico, captura a la perfecci\u00f3n el aura enigm\u00e1tica de su estilo de lucha. Cada katana equipada con LED de esta colecci\u00f3n ofrece una experiencia inmersiva \u00fanica, que combina la innovaci\u00f3n tecnol\u00f3gica con el respeto por los detalles del universo de Demon Slayer.<\/li>\n<\/ul>\n<h2>La innovaci\u00f3n al servicio de los aficionados: excepcionales katanas luminosas<\/h2>\n<p>El mundo de las r\u00e9plicas de katanas da un paso m\u00e1s con estos modelos luminosos. Y esto supone una revoluci\u00f3n para los fans de Demon Slayer. M\u00e1s all\u00e1 de su calidad de fabricaci\u00f3n y su fidelidad a las armas que aparecen en el anime, estas katanas est\u00e1n equipadas con tecnolog\u00eda LED que aporta una dimensi\u00f3n inmersiva sin precedentes. Cada katana se convierte as\u00ed en mucho m\u00e1s que un simple objeto de colecci\u00f3n.<\/p>\n<p>Un elemento verdaderamente interactivo, capaz de brillar y evocar el poder de los personajes que representa. La f\u00e1cil activaci\u00f3n de los LED mediante un discreto bot\u00f3n permite disfrutar plenamente de la experiencia. Ya sea para exposiciones, fotos o incluso cosplays. Esta innovaci\u00f3n, que combina tradici\u00f3n y tecnolog\u00eda, convierte las katanas luminosas en una revoluci\u00f3n para los aficionados. Si desea enriquecer su colecci\u00f3n con un objeto tan \u00fanico como llamativo, \u00a1estas katanas luminosas est\u00e1n hechas para usted!<\/p>","protected":false},"excerpt":{"rendered":"<p>Magn\u00edfica r\u00e9plica de la katana de Yoriichi en versi\u00f3n luminosa (LED) de Demon Slayer.<\/p>\n<ul>\n<li>La hoja tiene un remate met\u00e1lico con grabado.<\/li>\n<li>La parte inferior de la hoja es de ABS grueso con un LED rojo en su interior.<\/li>\n<li>Bot\u00f3n de encendido\/apagado discreto y f\u00e1cil de usar<\/li>\n<li>Protector met\u00e1lico con forma especial<\/li>\n<li>Asa de madera recubierta de cinta de purpurina amarilla con escritura en negro envejecido.<\/li>\n<li>El extremo del mango se puede separar para insertar dos pilas AAA (no suministradas)<\/li>\n<li>Vaina de madera negra.<\/li>\n<li>Longitud hoja: 67 cm - Longitud total: 99 cm - Peso: 1040 gr<\/li>\n<\/ul>","protected":false},"featured_media":75739,"template":"","meta":[],"product_brand":[896],"product_cat":[63,868,869,101],"product_tag":[],"class_list":{"0":"post-75737","1":"product","2":"type-product","3":"status-publish","4":"has-post-thumbnail","6":"product_brand-replique-manga-cine","7":"product_cat-katana-demon-slayer","8":"product_cat-katana-lumineux","9":"product_cat-katana-lumineux-demon-slayer","10":"product_cat-soldes","12":"first","13":"instock","14":"sale","15":"taxable","16":"shipping-taxable","17":"purchasable","18":"product-type-simple"},"yoast_head":"<!-- This site is optimized with the Yoast SEO plugin v27.4 - https:\/\/yoast.com\/product\/yoast-seo-wordpress\/ -->\n<title>Katana lumineux Yoriichi | RMC<\/title>\n<meta name=\"description\" content=\"Exceptionnelle ! D\u00e9couvrez ce Katana lumineux de Yoriichi dans D\u00e9mon Slayer. Lame en acier avec Led. Appuie sur le bouton, il s&#039;illumine. Fonctionne \u00e0 piles\" \/>\n<meta name=\"robots\" content=\"index, follow, max-snippet:-1, max-image-preview:large, max-video-preview:-1\" \/>\n<link rel=\"canonical\" href=\"https:\/\/repliquemangacine.fr\/es\/katana-luz-cazademonios\/katana-ligera-yoriichi\/\" \/>\n<meta property=\"og:locale\" content=\"es_ES\" \/>\n<meta property=\"og:type\" content=\"article\" \/>\n<meta property=\"og:title\" content=\"Katana lumineux Yoriichi | RMC\" \/>\n<meta property=\"og:description\" content=\"Exceptionnelle ! D\u00e9couvrez ce Katana lumineux de Yoriichi dans D\u00e9mon Slayer. Lame en acier avec Led. Appuie sur le bouton, il s&#039;illumine. Fonctionne \u00e0 piles\" \/>\n<meta property=\"og:url\" content=\"https:\/\/repliquemangacine.fr\/es\/katana-luz-cazademonios\/katana-ligera-yoriichi\/\" \/>\n<meta property=\"og:site_name\" content=\"R\u00e9plique Manga Cin\u00e9\" \/>\n<meta property=\"article:publisher\" content=\"https:\/\/www.facebook.com\/RepliqueMangaCine\" \/>\n<meta property=\"article:modified_time\" content=\"2026-01-11T15:38:05+00:00\" \/>\n<meta property=\"og:image\" content=\"https:\/\/repliquemangacine.fr\/wp-content\/uploads\/2024\/10\/Katana-lumineux-de-Yoriichi-Demon-Slayer.jpg\" \/>\n\t<meta property=\"og:image:width\" content=\"500\" \/>\n\t<meta property=\"og:image:height\" content=\"500\" \/>\n\t<meta property=\"og:image:type\" content=\"image\/jpeg\" \/>\n<meta name=\"twitter:card\" content=\"summary_large_image\" \/>\n<meta name=\"twitter:label1\" content=\"Tiempo de lectura\" \/>\n\t<meta name=\"twitter:data1\" content=\"3 minutos\" \/>\n<script type=\"application\/ld+json\" class=\"yoast-schema-graph\">{\"@context\":\"https:\\\/\\\/schema.org\",\"@graph\":[{\"@type\":\"WebPage\",\"@id\":\"https:\\\/\\\/repliquemangacine.fr\\\/katana-lumineux-demon-slayer\\\/katana-lumineux-yoriichi\\\/\",\"url\":\"https:\\\/\\\/repliquemangacine.fr\\\/katana-lumineux-demon-slayer\\\/katana-lumineux-yoriichi\\\/\",\"name\":\"Katana lumineux Yoriichi | RMC\",\"isPartOf\":{\"@id\":\"https:\\\/\\\/repliquemangacine.fr\\\/#website\"},\"primaryImageOfPage\":{\"@id\":\"https:\\\/\\\/repliquemangacine.fr\\\/katana-lumineux-demon-slayer\\\/katana-lumineux-yoriichi\\\/#primaryimage\"},\"image\":{\"@id\":\"https:\\\/\\\/repliquemangacine.fr\\\/katana-lumineux-demon-slayer\\\/katana-lumineux-yoriichi\\\/#primaryimage\"},\"thumbnailUrl\":\"https:\\\/\\\/repliquemangacine.fr\\\/wp-content\\\/uploads\\\/2024\\\/10\\\/Katana-lumineux-de-Yoriichi-Demon-Slayer.jpg\",\"datePublished\":\"2024-10-31T17:50:58+00:00\",\"dateModified\":\"2026-01-11T15:38:05+00:00\",\"description\":\"Exceptionnelle ! D\u00e9couvrez ce Katana lumineux de Yoriichi dans D\u00e9mon Slayer. Lame en acier avec Led. Appuie sur le bouton, il s'illumine. Fonctionne \u00e0 piles\",\"breadcrumb\":{\"@id\":\"https:\\\/\\\/repliquemangacine.fr\\\/katana-lumineux-demon-slayer\\\/katana-lumineux-yoriichi\\\/#breadcrumb\"},\"inLanguage\":\"es\",\"potentialAction\":[{\"@type\":\"ReadAction\",\"target\":[\"https:\\\/\\\/repliquemangacine.fr\\\/katana-lumineux-demon-slayer\\\/katana-lumineux-yoriichi\\\/\"]}]},{\"@type\":\"ImageObject\",\"inLanguage\":\"es\",\"@id\":\"https:\\\/\\\/repliquemangacine.fr\\\/katana-lumineux-demon-slayer\\\/katana-lumineux-yoriichi\\\/#primaryimage\",\"url\":\"https:\\\/\\\/repliquemangacine.fr\\\/wp-content\\\/uploads\\\/2024\\\/10\\\/Katana-lumineux-de-Yoriichi-Demon-Slayer.jpg\",\"contentUrl\":\"https:\\\/\\\/repliquemangacine.fr\\\/wp-content\\\/uploads\\\/2024\\\/10\\\/Katana-lumineux-de-Yoriichi-Demon-Slayer.jpg\",\"width\":500,\"height\":500,\"caption\":\"Katana-lumineux-de-Yoriichi-Demon-Slayer\"},{\"@type\":\"BreadcrumbList\",\"@id\":\"https:\\\/\\\/repliquemangacine.fr\\\/katana-lumineux-demon-slayer\\\/katana-lumineux-yoriichi\\\/#breadcrumb\",\"itemListElement\":[{\"@type\":\"ListItem\",\"position\":1,\"name\":\"Accueil\",\"item\":\"https:\\\/\\\/repliquemangacine.fr\\\/\"},{\"@type\":\"ListItem\",\"position\":2,\"name\":\"Produits\",\"item\":\"https:\\\/\\\/repliquemangacine.fr\\\/boutique\\\/\"},{\"@type\":\"ListItem\",\"position\":3,\"name\":\"Katana lumineux Yoriichi\"}]},{\"@type\":\"WebSite\",\"@id\":\"https:\\\/\\\/repliquemangacine.fr\\\/#website\",\"url\":\"https:\\\/\\\/repliquemangacine.fr\\\/\",\"name\":\"R\u00e9plique Manga Cin\u00e9\",\"description\":\"\",\"publisher\":{\"@id\":\"https:\\\/\\\/repliquemangacine.fr\\\/#organization\"},\"potentialAction\":[{\"@type\":\"SearchAction\",\"target\":{\"@type\":\"EntryPoint\",\"urlTemplate\":\"https:\\\/\\\/repliquemangacine.fr\\\/?s={search_term_string}\"},\"query-input\":{\"@type\":\"PropertyValueSpecification\",\"valueRequired\":true,\"valueName\":\"search_term_string\"}}],\"inLanguage\":\"es\"},{\"@type\":\"Organization\",\"@id\":\"https:\\\/\\\/repliquemangacine.fr\\\/#organization\",\"name\":\"R\u00e9plique Manga Cin\u00e9\",\"url\":\"https:\\\/\\\/repliquemangacine.fr\\\/\",\"logo\":{\"@type\":\"ImageObject\",\"inLanguage\":\"es\",\"@id\":\"https:\\\/\\\/repliquemangacine.fr\\\/#\\\/schema\\\/logo\\\/image\\\/\",\"url\":\"https:\\\/\\\/repliquemangacine.fr\\\/wp-content\\\/uploads\\\/2023\\\/10\\\/RMC-500250.png\",\"contentUrl\":\"https:\\\/\\\/repliquemangacine.fr\\\/wp-content\\\/uploads\\\/2023\\\/10\\\/RMC-500250.png\",\"width\":500,\"height\":250,\"caption\":\"R\u00e9plique Manga Cin\u00e9\"},\"image\":{\"@id\":\"https:\\\/\\\/repliquemangacine.fr\\\/#\\\/schema\\\/logo\\\/image\\\/\"},\"sameAs\":[\"https:\\\/\\\/www.facebook.com\\\/RepliqueMangaCine\",\"https:\\\/\\\/www.instagram.com\\\/repliquemangacine.fr\\\/\"]}]}<\/script>\n<!-- \/ Yoast SEO plugin. -->","yoast_head_json":{"title":"Katana luminosa Yoriichi | RMC","description":"\u00a1Sobresaliente! Descubre esta Katana luminosa de Yoriichi en Demon Slayer. Hoja de acero con LED. Pulsa el bot\u00f3n y se iluminar\u00e1. Funciona con pilas","robots":{"index":"index","follow":"follow","max-snippet":"max-snippet:-1","max-image-preview":"max-image-preview:large","max-video-preview":"max-video-preview:-1"},"canonical":"https:\/\/repliquemangacine.fr\/es\/katana-luz-cazademonios\/katana-ligera-yoriichi\/","og_locale":"es_ES","og_type":"article","og_title":"Katana lumineux Yoriichi | RMC","og_description":"Exceptionnelle ! D\u00e9couvrez ce Katana lumineux de Yoriichi dans D\u00e9mon Slayer. Lame en acier avec Led. Appuie sur le bouton, il s'illumine. Fonctionne \u00e0 piles","og_url":"https:\/\/repliquemangacine.fr\/es\/katana-luz-cazademonios\/katana-ligera-yoriichi\/","og_site_name":"R\u00e9plique Manga Cin\u00e9","article_publisher":"https:\/\/www.facebook.com\/RepliqueMangaCine","article_modified_time":"2026-01-11T15:38:05+00:00","og_image":[{"width":500,"height":500,"url":"https:\/\/repliquemangacine.fr\/wp-content\/uploads\/2024\/10\/Katana-lumineux-de-Yoriichi-Demon-Slayer.jpg","type":"image\/jpeg"}],"twitter_card":"summary_large_image","twitter_misc":{"Tiempo de lectura":"3 minutos"},"schema":{"@context":"https:\/\/schema.org","@graph":[{"@type":"WebPage","@id":"https:\/\/repliquemangacine.fr\/katana-lumineux-demon-slayer\/katana-lumineux-yoriichi\/","url":"https:\/\/repliquemangacine.fr\/katana-lumineux-demon-slayer\/katana-lumineux-yoriichi\/","name":"Katana luminosa Yoriichi | RMC","isPartOf":{"@id":"https:\/\/repliquemangacine.fr\/#website"},"primaryImageOfPage":{"@id":"https:\/\/repliquemangacine.fr\/katana-lumineux-demon-slayer\/katana-lumineux-yoriichi\/#primaryimage"},"image":{"@id":"https:\/\/repliquemangacine.fr\/katana-lumineux-demon-slayer\/katana-lumineux-yoriichi\/#primaryimage"},"thumbnailUrl":"https:\/\/repliquemangacine.fr\/wp-content\/uploads\/2024\/10\/Katana-lumineux-de-Yoriichi-Demon-Slayer.jpg","datePublished":"2024-10-31T17:50:58+00:00","dateModified":"2026-01-11T15:38:05+00:00","description":"\u00a1Sobresaliente! Descubre esta Katana luminosa de Yoriichi en Demon Slayer. Hoja de acero con LED. Pulsa el bot\u00f3n y se iluminar\u00e1. Funciona con pilas","breadcrumb":{"@id":"https:\/\/repliquemangacine.fr\/katana-lumineux-demon-slayer\/katana-lumineux-yoriichi\/#breadcrumb"},"inLanguage":"es","potentialAction":[{"@type":"ReadAction","target":["https:\/\/repliquemangacine.fr\/katana-lumineux-demon-slayer\/katana-lumineux-yoriichi\/"]}]},{"@type":"ImageObject","inLanguage":"es","@id":"https:\/\/repliquemangacine.fr\/katana-lumineux-demon-slayer\/katana-lumineux-yoriichi\/#primaryimage","url":"https:\/\/repliquemangacine.fr\/wp-content\/uploads\/2024\/10\/Katana-lumineux-de-Yoriichi-Demon-Slayer.jpg","contentUrl":"https:\/\/repliquemangacine.fr\/wp-content\/uploads\/2024\/10\/Katana-lumineux-de-Yoriichi-Demon-Slayer.jpg","width":500,"height":500,"caption":"Katana-lumineux-de-Yoriichi-Demon-Slayer"},{"@type":"BreadcrumbList","@id":"https:\/\/repliquemangacine.fr\/katana-lumineux-demon-slayer\/katana-lumineux-yoriichi\/#breadcrumb","itemListElement":[{"@type":"ListItem","position":1,"name":"Accueil","item":"https:\/\/repliquemangacine.fr\/"},{"@type":"ListItem","position":2,"name":"Produits","item":"https:\/\/repliquemangacine.fr\/boutique\/"},{"@type":"ListItem","position":3,"name":"Katana lumineux Yoriichi"}]},{"@type":"WebSite","@id":"https:\/\/repliquemangacine.fr\/#website","url":"https:\/\/repliquemangacine.fr\/","name":"R\u00e9plique Manga Cin\u00e9","description":"","publisher":{"@id":"https:\/\/repliquemangacine.fr\/#organization"},"potentialAction":[{"@type":"SearchAction","target":{"@type":"EntryPoint","urlTemplate":"https:\/\/repliquemangacine.fr\/?s={search_term_string}"},"query-input":{"@type":"PropertyValueSpecification","valueRequired":true,"valueName":"search_term_string"}}],"inLanguage":"es"},{"@type":"Organization","@id":"https:\/\/repliquemangacine.fr\/#organization","name":"R\u00e9plique Manga Cin\u00e9","url":"https:\/\/repliquemangacine.fr\/","logo":{"@type":"ImageObject","inLanguage":"es","@id":"https:\/\/repliquemangacine.fr\/#\/schema\/logo\/image\/","url":"https:\/\/repliquemangacine.fr\/wp-content\/uploads\/2023\/10\/RMC-500250.png","contentUrl":"https:\/\/repliquemangacine.fr\/wp-content\/uploads\/2023\/10\/RMC-500250.png","width":500,"height":250,"caption":"R\u00e9plique Manga Cin\u00e9"},"image":{"@id":"https:\/\/repliquemangacine.fr\/#\/schema\/logo\/image\/"},"sameAs":["https:\/\/www.facebook.com\/RepliqueMangaCine","https:\/\/www.instagram.com\/repliquemangacine.fr\/"]}]}},"_links":{"self":[{"href":"https:\/\/repliquemangacine.fr\/es\/wp-json\/wp\/v2\/product\/75737","targetHints":{"allow":["GET"]}}],"collection":[{"href":"https:\/\/repliquemangacine.fr\/es\/wp-json\/wp\/v2\/product"}],"about":[{"href":"https:\/\/repliquemangacine.fr\/es\/wp-json\/wp\/v2\/types\/product"}],"wp:featuredmedia":[{"embeddable":true,"href":"https:\/\/repliquemangacine.fr\/es\/wp-json\/wp\/v2\/media\/75739"}],"wp:attachment":[{"href":"https:\/\/repliquemangacine.fr\/es\/wp-json\/wp\/v2\/media?parent=75737"}],"wp:term":[{"taxonomy":"product_brand","embeddable":true,"href":"https:\/\/repliquemangacine.fr\/es\/wp-json\/wp\/v2\/product_brand?post=75737"},{"taxonomy":"product_cat","embeddable":true,"href":"https:\/\/repliquemangacine.fr\/es\/wp-json\/wp\/v2\/product_cat?post=75737"},{"taxonomy":"product_tag","embeddable":true,"href":"https:\/\/repliquemangacine.fr\/es\/wp-json\/wp\/v2\/product_tag?post=75737"}],"curies":[{"name":"wp","href":"https:\/\/api.w.org\/{rel}","templated":true}]}}