





{"id":75615,"date":"2024-10-27T19:02:17","date_gmt":"2024-10-27T18:02:17","guid":{"rendered":"https:\/\/repliquemangacine.fr\/?post_type=product&#038;p=75615"},"modified":"2026-03-09T10:57:51","modified_gmt":"2026-03-09T09:57:51","slug":"espada-templaria-negra","status":"publish","type":"product","link":"https:\/\/repliquemangacine.fr\/es\/epee-templier-medievale\/epee-templiers-noirs\/","title":{"rendered":"Espada templaria negra"},"content":{"rendered":"<h2>Sword of the Black Templars: S\u00edmbolo sagrado<\/h2>\n<p>En primer lugar, la espada templaria negra adornada con su cruz templaria roja, un s\u00edmbolo poderoso y emblem\u00e1tico. Las espadas de los <a href=\"https:\/\/www.templars-route.eu\/fr\/ordre-du-temple\/histoire-templiers\/\" target=\"_blank\" rel=\"noopener noreferrer\">Templarios<\/a> Se distinguen por su guarda recta y su pomo circular. A menudo llevan la cruz templaria roja, s\u00edmbolo de la fe cristiana y de la misi\u00f3n sagrada de la Orden. La hoja es recta, de doble filo y dise\u00f1ada para combates cuerpo a cuerpo intensos. Su peso y equilibrio las hacen eficaces para cortar, pero tambi\u00e9n robustas para parar los golpes del adversario. Fabricadas con metales resistentes, estas espadas de alta calidad est\u00e1n dise\u00f1adas para durar en las condiciones m\u00e1s duras.<\/p>\n<p>La cruz templaria roja es mucho m\u00e1s que un simple adorno. Representa el voto de devoci\u00f3n y sacrificio de los caballeros hacia su fe y su misi\u00f3n. Conocidos por su disciplina, su valent\u00eda y su determinaci\u00f3n para defender los ideales cristianos, los templarios inspiran respeto y temor ante las fuerzas adversarias.<\/p>\n<h2>La espada templaria negra, \u00a1hoy!<\/h2>\n<p>Hoy en d\u00eda, las espadas de los templarios han adquirido un estatus \u00fanico como objetos de colecci\u00f3n y decoraci\u00f3n, simbolizando la herencia de los caballeros medievales y su compromiso espiritual. Estas r\u00e9plicas suelen ser muy codiciadas por los amantes de la historia, la mitolog\u00eda cristiana y los apasionados del arte medieval por su valor simb\u00f3lico y est\u00e9tico. De hecho, son m\u00e1s que un simple recuerdo del pasado: encarnan el esp\u00edritu de valent\u00eda, fe y fraternidad que caracterizaba a los caballeros del Temple.<\/p>\n<p>Las espadas de los templarios modernos conservan los elementos cl\u00e1sicos de las armas originales. La guarda recta y el pomo circular, a menudo adornados con la cruz templaria roja, son fieles a las espadas hist\u00f3ricas. Las hojas, aunque inactivas, suelen estar fabricadas en acero inoxidable para garantizar su durabilidad y brillo, lo que hace que estas r\u00e9plicas sean ideales para una presentaci\u00f3n de calidad. Adem\u00e1s, algunas versiones incluyen grabados o inscripciones en lat\u00edn, que evocan los juramentos sagrados de los templarios y refuerzan su aspecto aut\u00e9ntico.<\/p>\n<h2>Descubra nuestras excepcionales espadas medievales y templarias<\/h2>\n<p>Sum\u00e9rjase en la historia con nuestra colecci\u00f3n de espadas templarias y medievales, cuidadosamente reproducidas para los aficionados a las leyendas y las armas antiguas. Descubra las<a href=\"https:\/\/repliquemangacine.fr\/es\/espada-templaria-medieval\/espada-del-templario-jacques-de-molay\/\">espada del \u00faltimo Gran Maestre de los Templarios, Jacques de Molay<\/a>una pieza majestuosa que marca el final de una \u00e9poca gloriosa. Tambi\u00e9n est\u00e1 la espada<a href=\"https:\/\/repliquemangacine.fr\/es\/espada-templaria-medieval\/espada-templaria\/\"> llamativa decoraci\u00f3n de los Caballeros Templarios<\/a>ideal para dar un toque aut\u00e9ntico a su colecci\u00f3n. Y para los amantes de las leyendas art\u00faricas, el<a href=\"https:\/\/repliquemangacine.fr\/es\/espada-templaria-medieval\/excalibur-rey-arturo-espada-legendaria\/\">Excalibur, la espada del Rey Arturo<\/a> est\u00e1 disponible en una versi\u00f3n bellamente detallada, que simboliza la realeza y la magia. Por \u00faltimo, ofrecemos el<a href=\"https:\/\/repliquemangacine.fr\/es\/saldos\/espada-de-san-mauricio-de-turin-siglo-xiii\/\">Espada San Mauricio de Tur\u00edn<\/a>, un arma del siglo XIII, s\u00edmbolo de valent\u00eda e historia. Estas espadas, dise\u00f1adas para ofrecer un aspecto visual extraordinario y rendir homenaje a las epopeyas medievales. Cada pieza es un recuerdo tangible de las grandes figuras y mitos que han marcado la historia.<\/p>\n<p>Para terminar, amigos coleccionistas y amantes de la historia, descubran todas las espadas en nuestra tienda online.<\/p>","protected":false},"excerpt":{"rendered":"<p>Una magn\u00edfica espada templaria vestida toda de negro.<\/p>\n<ul>\n<li>Hoja de acero inoxidable 440 de dos biseles<\/li>\n<li>S\u00f3lida protecci\u00f3n met\u00e1lica<\/li>\n<li>Pomo redondo de metal con cruz templaria roja<\/li>\n<li>Asa forrada en polipiel negra con ribete dorado.<\/li>\n<li>Buen agarre<\/li>\n<li>Vaina de madera recubierta de polipiel negra, herrajes de acero<\/li>\n<li>Longitud de la hoja: 68 cm - Longitud total con vaina: 105 cm<\/li>\n<li>Peso : 1400 gr<\/li>\n<\/ul>\n<p>&nbsp;<\/p>","protected":false},"featured_media":75617,"template":"","meta":[],"product_brand":[896],"product_cat":[84],"product_tag":[],"class_list":{"0":"post-75615","1":"product","2":"type-product","3":"status-publish","4":"has-post-thumbnail","6":"product_brand-replique-manga-cine","7":"product_cat-epee-templier-medievale","9":"first","10":"instock","11":"taxable","12":"shipping-taxable","13":"purchasable","14":"product-type-simple"},"yoast_head":"<!-- This site is optimized with the Yoast SEO plugin v27.4 - https:\/\/yoast.com\/product\/yoast-seo-wordpress\/ -->\n<title>\u00c9p\u00e9e Templiers Noirs - R\u00e9plique Manga Cin\u00e9<\/title>\n<meta name=\"description\" content=\"Siperbe r\u00e9plique de l&#039;\u00c9p\u00e9e Templiers noirs. Lame en acier stainless. Fourreau recouvert de similicuir noir. Croix templi\u00e8re rouge. Longueur : 105 cm\" \/>\n<meta name=\"robots\" content=\"index, follow, max-snippet:-1, max-image-preview:large, max-video-preview:-1\" \/>\n<link rel=\"canonical\" href=\"https:\/\/repliquemangacine.fr\/es\/espada-templaria-medieval\/espada-templaria-negra\/\" \/>\n<meta property=\"og:locale\" content=\"es_ES\" \/>\n<meta property=\"og:type\" content=\"article\" \/>\n<meta property=\"og:title\" content=\"\u00c9p\u00e9e Templiers Noirs - R\u00e9plique Manga Cin\u00e9\" \/>\n<meta property=\"og:description\" content=\"Siperbe r\u00e9plique de l&#039;\u00c9p\u00e9e Templiers noirs. Lame en acier stainless. Fourreau recouvert de similicuir noir. Croix templi\u00e8re rouge. Longueur : 105 cm\" \/>\n<meta property=\"og:url\" content=\"https:\/\/repliquemangacine.fr\/es\/espada-templaria-medieval\/espada-templaria-negra\/\" \/>\n<meta property=\"og:site_name\" content=\"R\u00e9plique Manga Cin\u00e9\" \/>\n<meta property=\"article:publisher\" content=\"https:\/\/www.facebook.com\/RepliqueMangaCine\" \/>\n<meta property=\"article:modified_time\" content=\"2026-03-09T09:57:51+00:00\" \/>\n<meta property=\"og:image\" content=\"https:\/\/repliquemangacine.fr\/wp-content\/uploads\/2024\/10\/epee-templiere-noire.jpg\" \/>\n\t<meta property=\"og:image:width\" content=\"500\" \/>\n\t<meta property=\"og:image:height\" content=\"500\" \/>\n\t<meta property=\"og:image:type\" content=\"image\/jpeg\" \/>\n<meta name=\"twitter:card\" content=\"summary_large_image\" \/>\n<meta name=\"twitter:label1\" content=\"Tiempo de lectura\" \/>\n\t<meta name=\"twitter:data1\" content=\"3 minutos\" \/>\n<script type=\"application\/ld+json\" class=\"yoast-schema-graph\">{\"@context\":\"https:\\\/\\\/schema.org\",\"@graph\":[{\"@type\":\"WebPage\",\"@id\":\"https:\\\/\\\/repliquemangacine.fr\\\/epee-templier-medievale\\\/epee-templiers-noirs\\\/\",\"url\":\"https:\\\/\\\/repliquemangacine.fr\\\/epee-templier-medievale\\\/epee-templiers-noirs\\\/\",\"name\":\"\u00c9p\u00e9e Templiers Noirs - R\u00e9plique Manga Cin\u00e9\",\"isPartOf\":{\"@id\":\"https:\\\/\\\/repliquemangacine.fr\\\/#website\"},\"primaryImageOfPage\":{\"@id\":\"https:\\\/\\\/repliquemangacine.fr\\\/epee-templier-medievale\\\/epee-templiers-noirs\\\/#primaryimage\"},\"image\":{\"@id\":\"https:\\\/\\\/repliquemangacine.fr\\\/epee-templier-medievale\\\/epee-templiers-noirs\\\/#primaryimage\"},\"thumbnailUrl\":\"https:\\\/\\\/repliquemangacine.fr\\\/wp-content\\\/uploads\\\/2024\\\/10\\\/epee-templiere-noire.jpg\",\"datePublished\":\"2024-10-27T18:02:17+00:00\",\"dateModified\":\"2026-03-09T09:57:51+00:00\",\"description\":\"Siperbe r\u00e9plique de l'\u00c9p\u00e9e Templiers noirs. Lame en acier stainless. Fourreau recouvert de similicuir noir. Croix templi\u00e8re rouge. Longueur : 105 cm\",\"breadcrumb\":{\"@id\":\"https:\\\/\\\/repliquemangacine.fr\\\/epee-templier-medievale\\\/epee-templiers-noirs\\\/#breadcrumb\"},\"inLanguage\":\"es\",\"potentialAction\":[{\"@type\":\"ReadAction\",\"target\":[\"https:\\\/\\\/repliquemangacine.fr\\\/epee-templier-medievale\\\/epee-templiers-noirs\\\/\"]}]},{\"@type\":\"ImageObject\",\"inLanguage\":\"es\",\"@id\":\"https:\\\/\\\/repliquemangacine.fr\\\/epee-templier-medievale\\\/epee-templiers-noirs\\\/#primaryimage\",\"url\":\"https:\\\/\\\/repliquemangacine.fr\\\/wp-content\\\/uploads\\\/2024\\\/10\\\/epee-templiere-noire.jpg\",\"contentUrl\":\"https:\\\/\\\/repliquemangacine.fr\\\/wp-content\\\/uploads\\\/2024\\\/10\\\/epee-templiere-noire.jpg\",\"width\":500,\"height\":500,\"caption\":\"Ep\u00e9e templiers noirs\"},{\"@type\":\"BreadcrumbList\",\"@id\":\"https:\\\/\\\/repliquemangacine.fr\\\/epee-templier-medievale\\\/epee-templiers-noirs\\\/#breadcrumb\",\"itemListElement\":[{\"@type\":\"ListItem\",\"position\":1,\"name\":\"Accueil\",\"item\":\"https:\\\/\\\/repliquemangacine.fr\\\/\"},{\"@type\":\"ListItem\",\"position\":2,\"name\":\"Produits\",\"item\":\"https:\\\/\\\/repliquemangacine.fr\\\/boutique\\\/\"},{\"@type\":\"ListItem\",\"position\":3,\"name\":\"\u00c9p\u00e9e Templiers Noirs\"}]},{\"@type\":\"WebSite\",\"@id\":\"https:\\\/\\\/repliquemangacine.fr\\\/#website\",\"url\":\"https:\\\/\\\/repliquemangacine.fr\\\/\",\"name\":\"R\u00e9plique Manga Cin\u00e9\",\"description\":\"\",\"publisher\":{\"@id\":\"https:\\\/\\\/repliquemangacine.fr\\\/#organization\"},\"potentialAction\":[{\"@type\":\"SearchAction\",\"target\":{\"@type\":\"EntryPoint\",\"urlTemplate\":\"https:\\\/\\\/repliquemangacine.fr\\\/?s={search_term_string}\"},\"query-input\":{\"@type\":\"PropertyValueSpecification\",\"valueRequired\":true,\"valueName\":\"search_term_string\"}}],\"inLanguage\":\"es\"},{\"@type\":\"Organization\",\"@id\":\"https:\\\/\\\/repliquemangacine.fr\\\/#organization\",\"name\":\"R\u00e9plique Manga Cin\u00e9\",\"url\":\"https:\\\/\\\/repliquemangacine.fr\\\/\",\"logo\":{\"@type\":\"ImageObject\",\"inLanguage\":\"es\",\"@id\":\"https:\\\/\\\/repliquemangacine.fr\\\/#\\\/schema\\\/logo\\\/image\\\/\",\"url\":\"https:\\\/\\\/repliquemangacine.fr\\\/wp-content\\\/uploads\\\/2023\\\/10\\\/RMC-500250.png\",\"contentUrl\":\"https:\\\/\\\/repliquemangacine.fr\\\/wp-content\\\/uploads\\\/2023\\\/10\\\/RMC-500250.png\",\"width\":500,\"height\":250,\"caption\":\"R\u00e9plique Manga Cin\u00e9\"},\"image\":{\"@id\":\"https:\\\/\\\/repliquemangacine.fr\\\/#\\\/schema\\\/logo\\\/image\\\/\"},\"sameAs\":[\"https:\\\/\\\/www.facebook.com\\\/RepliqueMangaCine\",\"https:\\\/\\\/www.instagram.com\\\/repliquemangacine.fr\\\/\"]}]}<\/script>\n<!-- \/ Yoast SEO plugin. -->","yoast_head_json":{"title":"Espada templaria negra - R\u00e9plique Manga Cin\u00e9","description":"R\u00e9plica siperbe de la espada templaria negra. Hoja de acero inoxidable. Funda de cuero artificial negro. Cruz templaria roja. Longitud: 105 cm","robots":{"index":"index","follow":"follow","max-snippet":"max-snippet:-1","max-image-preview":"max-image-preview:large","max-video-preview":"max-video-preview:-1"},"canonical":"https:\/\/repliquemangacine.fr\/es\/espada-templaria-medieval\/espada-templaria-negra\/","og_locale":"es_ES","og_type":"article","og_title":"\u00c9p\u00e9e Templiers Noirs - R\u00e9plique Manga Cin\u00e9","og_description":"Siperbe r\u00e9plique de l'\u00c9p\u00e9e Templiers noirs. Lame en acier stainless. Fourreau recouvert de similicuir noir. Croix templi\u00e8re rouge. Longueur : 105 cm","og_url":"https:\/\/repliquemangacine.fr\/es\/espada-templaria-medieval\/espada-templaria-negra\/","og_site_name":"R\u00e9plique Manga Cin\u00e9","article_publisher":"https:\/\/www.facebook.com\/RepliqueMangaCine","article_modified_time":"2026-03-09T09:57:51+00:00","og_image":[{"width":500,"height":500,"url":"https:\/\/repliquemangacine.fr\/wp-content\/uploads\/2024\/10\/epee-templiere-noire.jpg","type":"image\/jpeg"}],"twitter_card":"summary_large_image","twitter_misc":{"Tiempo de lectura":"3 minutos"},"schema":{"@context":"https:\/\/schema.org","@graph":[{"@type":"WebPage","@id":"https:\/\/repliquemangacine.fr\/epee-templier-medievale\/epee-templiers-noirs\/","url":"https:\/\/repliquemangacine.fr\/epee-templier-medievale\/epee-templiers-noirs\/","name":"Espada templaria negra - R\u00e9plique Manga Cin\u00e9","isPartOf":{"@id":"https:\/\/repliquemangacine.fr\/#website"},"primaryImageOfPage":{"@id":"https:\/\/repliquemangacine.fr\/epee-templier-medievale\/epee-templiers-noirs\/#primaryimage"},"image":{"@id":"https:\/\/repliquemangacine.fr\/epee-templier-medievale\/epee-templiers-noirs\/#primaryimage"},"thumbnailUrl":"https:\/\/repliquemangacine.fr\/wp-content\/uploads\/2024\/10\/epee-templiere-noire.jpg","datePublished":"2024-10-27T18:02:17+00:00","dateModified":"2026-03-09T09:57:51+00:00","description":"R\u00e9plica siperbe de la espada templaria negra. Hoja de acero inoxidable. Funda de cuero artificial negro. Cruz templaria roja. Longitud: 105 cm","breadcrumb":{"@id":"https:\/\/repliquemangacine.fr\/epee-templier-medievale\/epee-templiers-noirs\/#breadcrumb"},"inLanguage":"es","potentialAction":[{"@type":"ReadAction","target":["https:\/\/repliquemangacine.fr\/epee-templier-medievale\/epee-templiers-noirs\/"]}]},{"@type":"ImageObject","inLanguage":"es","@id":"https:\/\/repliquemangacine.fr\/epee-templier-medievale\/epee-templiers-noirs\/#primaryimage","url":"https:\/\/repliquemangacine.fr\/wp-content\/uploads\/2024\/10\/epee-templiere-noire.jpg","contentUrl":"https:\/\/repliquemangacine.fr\/wp-content\/uploads\/2024\/10\/epee-templiere-noire.jpg","width":500,"height":500,"caption":"Ep\u00e9e templiers noirs"},{"@type":"BreadcrumbList","@id":"https:\/\/repliquemangacine.fr\/epee-templier-medievale\/epee-templiers-noirs\/#breadcrumb","itemListElement":[{"@type":"ListItem","position":1,"name":"Accueil","item":"https:\/\/repliquemangacine.fr\/"},{"@type":"ListItem","position":2,"name":"Produits","item":"https:\/\/repliquemangacine.fr\/boutique\/"},{"@type":"ListItem","position":3,"name":"\u00c9p\u00e9e Templiers Noirs"}]},{"@type":"WebSite","@id":"https:\/\/repliquemangacine.fr\/#website","url":"https:\/\/repliquemangacine.fr\/","name":"R\u00e9plique Manga Cin\u00e9","description":"","publisher":{"@id":"https:\/\/repliquemangacine.fr\/#organization"},"potentialAction":[{"@type":"SearchAction","target":{"@type":"EntryPoint","urlTemplate":"https:\/\/repliquemangacine.fr\/?s={search_term_string}"},"query-input":{"@type":"PropertyValueSpecification","valueRequired":true,"valueName":"search_term_string"}}],"inLanguage":"es"},{"@type":"Organization","@id":"https:\/\/repliquemangacine.fr\/#organization","name":"R\u00e9plique Manga Cin\u00e9","url":"https:\/\/repliquemangacine.fr\/","logo":{"@type":"ImageObject","inLanguage":"es","@id":"https:\/\/repliquemangacine.fr\/#\/schema\/logo\/image\/","url":"https:\/\/repliquemangacine.fr\/wp-content\/uploads\/2023\/10\/RMC-500250.png","contentUrl":"https:\/\/repliquemangacine.fr\/wp-content\/uploads\/2023\/10\/RMC-500250.png","width":500,"height":250,"caption":"R\u00e9plique Manga Cin\u00e9"},"image":{"@id":"https:\/\/repliquemangacine.fr\/#\/schema\/logo\/image\/"},"sameAs":["https:\/\/www.facebook.com\/RepliqueMangaCine","https:\/\/www.instagram.com\/repliquemangacine.fr\/"]}]}},"_links":{"self":[{"href":"https:\/\/repliquemangacine.fr\/es\/wp-json\/wp\/v2\/product\/75615","targetHints":{"allow":["GET"]}}],"collection":[{"href":"https:\/\/repliquemangacine.fr\/es\/wp-json\/wp\/v2\/product"}],"about":[{"href":"https:\/\/repliquemangacine.fr\/es\/wp-json\/wp\/v2\/types\/product"}],"wp:featuredmedia":[{"embeddable":true,"href":"https:\/\/repliquemangacine.fr\/es\/wp-json\/wp\/v2\/media\/75617"}],"wp:attachment":[{"href":"https:\/\/repliquemangacine.fr\/es\/wp-json\/wp\/v2\/media?parent=75615"}],"wp:term":[{"taxonomy":"product_brand","embeddable":true,"href":"https:\/\/repliquemangacine.fr\/es\/wp-json\/wp\/v2\/product_brand?post=75615"},{"taxonomy":"product_cat","embeddable":true,"href":"https:\/\/repliquemangacine.fr\/es\/wp-json\/wp\/v2\/product_cat?post=75615"},{"taxonomy":"product_tag","embeddable":true,"href":"https:\/\/repliquemangacine.fr\/es\/wp-json\/wp\/v2\/product_tag?post=75615"}],"curies":[{"name":"wp","href":"https:\/\/api.w.org\/{rel}","templated":true}]}}