





{"id":75605,"date":"2024-10-27T16:25:11","date_gmt":"2024-10-27T15:25:11","guid":{"rendered":"https:\/\/repliquemangacine.fr\/?post_type=product&#038;p=75605"},"modified":"2026-04-11T18:01:42","modified_gmt":"2026-04-11T16:01:42","slug":"espada-anduril-de-luxe","status":"publish","type":"product","link":"https:\/\/repliquemangacine.fr\/es\/epees-seigneur-des-anneaux\/epee-anduril-de-luxe\/","title":{"rendered":"Espada de lujo Anduril"},"content":{"rendered":"<h2>Espada Anduril de lujo en El Se\u00f1or de los Anillos<\/h2>\n<p>Para empezar, la lujosa Espada de Anduril, apodada La Llama del Oeste, el arma m\u00e1s legendaria de la trilog\u00eda. Una suntuosa pieza de coleccionista para los fans de El Se\u00f1or de los Anillos. La hoja, tan majestuosa como siempre, conserva su aspecto emblem\u00e1tico, pero la vaina a\u00f1ade un toque de elegancia sin precedentes. Fabricada en refinada imitaci\u00f3n de cuero, presenta una placa de metal grabada con runas \u00e9lficas a lo largo de la costura. Los extremos est\u00e1n bellamente decorados con ornamentos de n\u00edquel y oro, que a\u00f1aden un llamativo brillo. Dos pr\u00e1cticas correas permiten sujetar la espada al cintur\u00f3n, haci\u00e9ndola tan funcional como aut\u00e9ntica. La placa mural, por su parte, es una obra de arte en madera trabajada con la corona real de Elessar en metal. El resultado es una presentaci\u00f3n majestuosa. Esta versi\u00f3n de lujo de And\u00faril es el homenaje perfecto para los amantes de las espadas m\u00edticas y los coleccionistas exigentes.<\/p>\n<h2>Origen And\u00faril espada de lujo: La Reforg\u00e9e de Narsil<\/h2>\n<p>En un principio, And\u00faril era Narsil, la espada del rey Elendil, famoso rey de N\u00famenor. Durante la batalla contra Sauron al pie de la Monta\u00f1a del Destino, Elendil utiliz\u00f3 Narsil para enfrentarse al Se\u00f1or de las Tinieblas, pero la espada se rompi\u00f3 durante el combate. Su hijo, Isildur, utiliz\u00f3 entonces un fragmento de la hoja rota para cortar el Anillo \u00danico de la mano de Sauron, provocando as\u00ed la primera ca\u00edda de este \u00faltimo.<\/p>\n<p>M\u00e1s tarde, Narsil fue reforjada por los elfos de Fondcombe por orden de Elrond para Aragorn, heredero de Isildur y \u00faltimo descendiente de la estirpe real. La nueva espada recibi\u00f3 el nombre de And\u00faril, que significa \u00abLlama del Oeste\u00bb en sindarin, la lengua de los elfos. La luz de And\u00faril se convierte as\u00ed en el s\u00edmbolo de la redenci\u00f3n del linaje de Isildur y de la lucha contra las tinieblas.<\/p>\n<p>La espada And\u00faril es, por lo tanto, esencial para la simbolog\u00eda de El Se\u00f1or de los Anillos: un arma nacida de las cenizas de una \u00e9poca pasada, reforjada para restaurar la luz en un mundo oscurecido.<\/p>\n<h2>And\u00faril en la historia y el simbolismo de El Se\u00f1or de los Anillos<\/h2>\n<p>And\u00faril es la encarnaci\u00f3n misma de la evoluci\u00f3n de<a href=\"https:\/\/lotr.fandom.com\/fr\/wiki\/Aragorn\" target=\"_blank\" rel=\"noopener noreferrer\">Aragorn<\/a>. Cuando decide empu\u00f1ar esta espada, abandona su vida de vagabundo solitario y acepta su destino como rey de Gondor. Se afirma como el l\u00edder capaz de reunir las fuerzas de los hombres, los elfos y los enanos para resistir a Sauron.<\/p>\n<p>Esta espada aparece en varios momentos clave de la trilog\u00eda. En particular, cuando Aragorn invoca al ej\u00e9rcito de los muertos para que le ayude a liberar Minas Tirith. O cuando re\u00fane a los soldados de Rohan junto al rey Th\u00e9oden y su <a href=\"https:\/\/repliquemangacine.fr\/es\/espadas-del-senor-de-los-anillos\/espada-theoden-espada-herugrim\/\">Espada Herugrim<\/a>.<\/p>\n<p>Por cierto, en la trilog\u00eda aparecen varias espadas. Por ejemplo: la\u2019<a href=\"https:\/\/repliquemangacine.fr\/es\/espadas-del-senor-de-los-anillos\/espada-de-frodon-2\/\">Dardo Espada<\/a> de Frodo Bols\u00f3n. As\u00ed como el machete <a href=\"https:\/\/repliquemangacine.fr\/es\/el-senor-de-los-anillos\/uruk-hai-cimitarra-senor-de-los-anillos\/\">Cimitarra Uruk-Hai<\/a>. Sin olvidar, <a href=\"https:\/\/repliquemangacine.fr\/es\/las-espadas-del-hobbit\/senor-de-los-anillos-glamdring-gandalf-espada\/\">Glamdring, la espada de Gandalf<\/a>hecha por los enanos para luchar contra los orcos. O los<a href=\"https:\/\/repliquemangacine.fr\/es\/espadas-del-senor-de-los-anillos\/senor-de-los-anillos-espada-nazgul-espada-caballeros-negros\/\">Espada Nazgul<\/a>Este es el \u00faltimo de una larga serie de Jinetes Negros al servicio de Sauron, con una guarda y una hoja de forma muy espec\u00edfica. Y mucho m\u00e1s por descubrir en nuestra tienda online.<\/p>","protected":false},"excerpt":{"rendered":"<p>\u00a1Impresionante y rara a este precio! Esta r\u00e9plica de la espada de Aragorn, el Anduril, en su versi\u00f3n de lujo.<\/p>\n<ul>\n<li>Hoja de acero inoxidable 440 grabada con runas \u00e9lficas.<\/li>\n<li>Grosor de la hoja: 5 mm<\/li>\n<li>Empu\u00f1adura y pomo de acero macizo con decoraci\u00f3n de oro de imitaci\u00f3n.<\/li>\n<li>Vaina de imitaci\u00f3n de cuero negro con placa de acero con runas y decoraci\u00f3n de n\u00edquel y oro en los extremos.<\/li>\n<li>Placa mural alargada en madera decorada, con la corona del rey en metal en la parte superior.<\/li>\n<li>Tambi\u00e9n se proporcionan dos correas para poder llevar la espada al cinto.<\/li>\n<li>Longitud de la hoja: 90 cm - Longitud total: 133 cm<\/li>\n<li>Peso : 2707 gr<\/li>\n<\/ul>\n<p>Date prisa, \u00a1no habr\u00e1 para todos!<\/p>","protected":false},"featured_media":75606,"template":"","meta":[],"product_brand":[896],"product_cat":[68,29],"product_tag":[],"class_list":{"0":"post-75605","1":"product","2":"type-product","3":"status-publish","4":"has-post-thumbnail","6":"product_brand-replique-manga-cine","7":"product_cat-epees-seigneur-des-anneaux","8":"product_cat-le-seigneur-des-anneaux","10":"first","11":"instock","12":"taxable","13":"shipping-taxable","14":"purchasable","15":"product-type-simple"},"yoast_head":"<!-- This site is optimized with the Yoast SEO plugin v27.4 - https:\/\/yoast.com\/product\/yoast-seo-wordpress\/ -->\n<title>Ep\u00e9e Anduril de luxe - Le Seigneur des Anneaux - R\u00e9plique Manga Cin\u00e9<\/title>\n<meta name=\"description\" content=\"Absolument remarquable cette r\u00e9plique de l&#039;Ep\u00e9e Anduril de luxe dans la trilogie Le Seigneur des Anneaux. Version haute gamme \u00e0 ne pas rater ! 133 cm\" \/>\n<meta name=\"robots\" content=\"index, follow, max-snippet:-1, max-image-preview:large, max-video-preview:-1\" \/>\n<link rel=\"canonical\" href=\"https:\/\/repliquemangacine.fr\/es\/espadas-del-senor-de-los-anillos\/espada-anduril-de-luxe\/\" \/>\n<meta property=\"og:locale\" content=\"es_ES\" \/>\n<meta property=\"og:type\" content=\"article\" \/>\n<meta property=\"og:title\" content=\"Ep\u00e9e Anduril de luxe - Le Seigneur des Anneaux - R\u00e9plique Manga Cin\u00e9\" \/>\n<meta property=\"og:description\" content=\"Absolument remarquable cette r\u00e9plique de l&#039;Ep\u00e9e Anduril de luxe dans la trilogie Le Seigneur des Anneaux. Version haute gamme \u00e0 ne pas rater ! 133 cm\" \/>\n<meta property=\"og:url\" content=\"https:\/\/repliquemangacine.fr\/es\/espadas-del-senor-de-los-anillos\/espada-anduril-de-luxe\/\" \/>\n<meta property=\"og:site_name\" content=\"R\u00e9plique Manga Cin\u00e9\" \/>\n<meta property=\"article:publisher\" content=\"https:\/\/www.facebook.com\/RepliqueMangaCine\" \/>\n<meta property=\"article:modified_time\" content=\"2026-04-11T16:01:42+00:00\" \/>\n<meta property=\"og:image\" content=\"https:\/\/repliquemangacine.fr\/wp-content\/uploads\/2024\/10\/Epee-Anduril-de-luxe-dans-son-fourreauet-sur-son-support-.jpg\" \/>\n\t<meta property=\"og:image:width\" content=\"500\" \/>\n\t<meta property=\"og:image:height\" content=\"500\" \/>\n\t<meta property=\"og:image:type\" content=\"image\/jpeg\" \/>\n<meta name=\"twitter:card\" content=\"summary_large_image\" \/>\n<meta name=\"twitter:label1\" content=\"Tiempo de lectura\" \/>\n\t<meta name=\"twitter:data1\" content=\"3 minutos\" \/>\n<script type=\"application\/ld+json\" class=\"yoast-schema-graph\">{\"@context\":\"https:\\\/\\\/schema.org\",\"@graph\":[{\"@type\":\"WebPage\",\"@id\":\"https:\\\/\\\/repliquemangacine.fr\\\/epees-seigneur-des-anneaux\\\/epee-anduril-de-luxe\\\/\",\"url\":\"https:\\\/\\\/repliquemangacine.fr\\\/epees-seigneur-des-anneaux\\\/epee-anduril-de-luxe\\\/\",\"name\":\"Ep\u00e9e Anduril de luxe - Le Seigneur des Anneaux - R\u00e9plique Manga Cin\u00e9\",\"isPartOf\":{\"@id\":\"https:\\\/\\\/repliquemangacine.fr\\\/#website\"},\"primaryImageOfPage\":{\"@id\":\"https:\\\/\\\/repliquemangacine.fr\\\/epees-seigneur-des-anneaux\\\/epee-anduril-de-luxe\\\/#primaryimage\"},\"image\":{\"@id\":\"https:\\\/\\\/repliquemangacine.fr\\\/epees-seigneur-des-anneaux\\\/epee-anduril-de-luxe\\\/#primaryimage\"},\"thumbnailUrl\":\"https:\\\/\\\/repliquemangacine.fr\\\/wp-content\\\/uploads\\\/2024\\\/10\\\/Epee-Anduril-de-luxe-dans-son-fourreauet-sur-son-support-.jpg\",\"datePublished\":\"2024-10-27T15:25:11+00:00\",\"dateModified\":\"2026-04-11T16:01:42+00:00\",\"description\":\"Absolument remarquable cette r\u00e9plique de l'Ep\u00e9e Anduril de luxe dans la trilogie Le Seigneur des Anneaux. Version haute gamme \u00e0 ne pas rater ! 133 cm\",\"breadcrumb\":{\"@id\":\"https:\\\/\\\/repliquemangacine.fr\\\/epees-seigneur-des-anneaux\\\/epee-anduril-de-luxe\\\/#breadcrumb\"},\"inLanguage\":\"es\",\"potentialAction\":[{\"@type\":\"ReadAction\",\"target\":[\"https:\\\/\\\/repliquemangacine.fr\\\/epees-seigneur-des-anneaux\\\/epee-anduril-de-luxe\\\/\"]}]},{\"@type\":\"ImageObject\",\"inLanguage\":\"es\",\"@id\":\"https:\\\/\\\/repliquemangacine.fr\\\/epees-seigneur-des-anneaux\\\/epee-anduril-de-luxe\\\/#primaryimage\",\"url\":\"https:\\\/\\\/repliquemangacine.fr\\\/wp-content\\\/uploads\\\/2024\\\/10\\\/Epee-Anduril-de-luxe-dans-son-fourreauet-sur-son-support-.jpg\",\"contentUrl\":\"https:\\\/\\\/repliquemangacine.fr\\\/wp-content\\\/uploads\\\/2024\\\/10\\\/Epee-Anduril-de-luxe-dans-son-fourreauet-sur-son-support-.jpg\",\"width\":500,\"height\":500,\"caption\":\"Ep\u00e9e Anduril de luxe avec son fourreau et sa plaque de pr\u00e9sentation\"},{\"@type\":\"BreadcrumbList\",\"@id\":\"https:\\\/\\\/repliquemangacine.fr\\\/epees-seigneur-des-anneaux\\\/epee-anduril-de-luxe\\\/#breadcrumb\",\"itemListElement\":[{\"@type\":\"ListItem\",\"position\":1,\"name\":\"Accueil\",\"item\":\"https:\\\/\\\/repliquemangacine.fr\\\/\"},{\"@type\":\"ListItem\",\"position\":2,\"name\":\"Produits\",\"item\":\"https:\\\/\\\/repliquemangacine.fr\\\/boutique\\\/\"},{\"@type\":\"ListItem\",\"position\":3,\"name\":\"Ep\u00e9e Anduril de luxe\"}]},{\"@type\":\"WebSite\",\"@id\":\"https:\\\/\\\/repliquemangacine.fr\\\/#website\",\"url\":\"https:\\\/\\\/repliquemangacine.fr\\\/\",\"name\":\"R\u00e9plique Manga Cin\u00e9\",\"description\":\"\",\"publisher\":{\"@id\":\"https:\\\/\\\/repliquemangacine.fr\\\/#organization\"},\"potentialAction\":[{\"@type\":\"SearchAction\",\"target\":{\"@type\":\"EntryPoint\",\"urlTemplate\":\"https:\\\/\\\/repliquemangacine.fr\\\/?s={search_term_string}\"},\"query-input\":{\"@type\":\"PropertyValueSpecification\",\"valueRequired\":true,\"valueName\":\"search_term_string\"}}],\"inLanguage\":\"es\"},{\"@type\":\"Organization\",\"@id\":\"https:\\\/\\\/repliquemangacine.fr\\\/#organization\",\"name\":\"R\u00e9plique Manga Cin\u00e9\",\"url\":\"https:\\\/\\\/repliquemangacine.fr\\\/\",\"logo\":{\"@type\":\"ImageObject\",\"inLanguage\":\"es\",\"@id\":\"https:\\\/\\\/repliquemangacine.fr\\\/#\\\/schema\\\/logo\\\/image\\\/\",\"url\":\"https:\\\/\\\/repliquemangacine.fr\\\/wp-content\\\/uploads\\\/2023\\\/10\\\/RMC-500250.png\",\"contentUrl\":\"https:\\\/\\\/repliquemangacine.fr\\\/wp-content\\\/uploads\\\/2023\\\/10\\\/RMC-500250.png\",\"width\":500,\"height\":250,\"caption\":\"R\u00e9plique Manga Cin\u00e9\"},\"image\":{\"@id\":\"https:\\\/\\\/repliquemangacine.fr\\\/#\\\/schema\\\/logo\\\/image\\\/\"},\"sameAs\":[\"https:\\\/\\\/www.facebook.com\\\/RepliqueMangaCine\",\"https:\\\/\\\/www.instagram.com\\\/repliquemangacine.fr\\\/\"]}]}<\/script>\n<!-- \/ Yoast SEO plugin. -->","yoast_head_json":{"title":"Espada de lujo Anduril - El Se\u00f1or de los Anillos - R\u00e9plique Manga Cin\u00e9","description":"Una r\u00e9plica absolutamente extraordinaria de la lujosa espada Anduril de la trilog\u00eda de El Se\u00f1or de los Anillos. Una versi\u00f3n de alta gama que no debe perderse. 133 cm de longitud","robots":{"index":"index","follow":"follow","max-snippet":"max-snippet:-1","max-image-preview":"max-image-preview:large","max-video-preview":"max-video-preview:-1"},"canonical":"https:\/\/repliquemangacine.fr\/es\/espadas-del-senor-de-los-anillos\/espada-anduril-de-luxe\/","og_locale":"es_ES","og_type":"article","og_title":"Ep\u00e9e Anduril de luxe - Le Seigneur des Anneaux - R\u00e9plique Manga Cin\u00e9","og_description":"Absolument remarquable cette r\u00e9plique de l'Ep\u00e9e Anduril de luxe dans la trilogie Le Seigneur des Anneaux. Version haute gamme \u00e0 ne pas rater ! 133 cm","og_url":"https:\/\/repliquemangacine.fr\/es\/espadas-del-senor-de-los-anillos\/espada-anduril-de-luxe\/","og_site_name":"R\u00e9plique Manga Cin\u00e9","article_publisher":"https:\/\/www.facebook.com\/RepliqueMangaCine","article_modified_time":"2026-04-11T16:01:42+00:00","og_image":[{"width":500,"height":500,"url":"https:\/\/repliquemangacine.fr\/wp-content\/uploads\/2024\/10\/Epee-Anduril-de-luxe-dans-son-fourreauet-sur-son-support-.jpg","type":"image\/jpeg"}],"twitter_card":"summary_large_image","twitter_misc":{"Tiempo de lectura":"3 minutos"},"schema":{"@context":"https:\/\/schema.org","@graph":[{"@type":"WebPage","@id":"https:\/\/repliquemangacine.fr\/epees-seigneur-des-anneaux\/epee-anduril-de-luxe\/","url":"https:\/\/repliquemangacine.fr\/epees-seigneur-des-anneaux\/epee-anduril-de-luxe\/","name":"Espada de lujo Anduril - El Se\u00f1or de los Anillos - R\u00e9plique Manga Cin\u00e9","isPartOf":{"@id":"https:\/\/repliquemangacine.fr\/#website"},"primaryImageOfPage":{"@id":"https:\/\/repliquemangacine.fr\/epees-seigneur-des-anneaux\/epee-anduril-de-luxe\/#primaryimage"},"image":{"@id":"https:\/\/repliquemangacine.fr\/epees-seigneur-des-anneaux\/epee-anduril-de-luxe\/#primaryimage"},"thumbnailUrl":"https:\/\/repliquemangacine.fr\/wp-content\/uploads\/2024\/10\/Epee-Anduril-de-luxe-dans-son-fourreauet-sur-son-support-.jpg","datePublished":"2024-10-27T15:25:11+00:00","dateModified":"2026-04-11T16:01:42+00:00","description":"Una r\u00e9plica absolutamente extraordinaria de la lujosa espada Anduril de la trilog\u00eda de El Se\u00f1or de los Anillos. Una versi\u00f3n de alta gama que no debe perderse. 133 cm de longitud","breadcrumb":{"@id":"https:\/\/repliquemangacine.fr\/epees-seigneur-des-anneaux\/epee-anduril-de-luxe\/#breadcrumb"},"inLanguage":"es","potentialAction":[{"@type":"ReadAction","target":["https:\/\/repliquemangacine.fr\/epees-seigneur-des-anneaux\/epee-anduril-de-luxe\/"]}]},{"@type":"ImageObject","inLanguage":"es","@id":"https:\/\/repliquemangacine.fr\/epees-seigneur-des-anneaux\/epee-anduril-de-luxe\/#primaryimage","url":"https:\/\/repliquemangacine.fr\/wp-content\/uploads\/2024\/10\/Epee-Anduril-de-luxe-dans-son-fourreauet-sur-son-support-.jpg","contentUrl":"https:\/\/repliquemangacine.fr\/wp-content\/uploads\/2024\/10\/Epee-Anduril-de-luxe-dans-son-fourreauet-sur-son-support-.jpg","width":500,"height":500,"caption":"Ep\u00e9e Anduril de luxe avec son fourreau et sa plaque de pr\u00e9sentation"},{"@type":"BreadcrumbList","@id":"https:\/\/repliquemangacine.fr\/epees-seigneur-des-anneaux\/epee-anduril-de-luxe\/#breadcrumb","itemListElement":[{"@type":"ListItem","position":1,"name":"Accueil","item":"https:\/\/repliquemangacine.fr\/"},{"@type":"ListItem","position":2,"name":"Produits","item":"https:\/\/repliquemangacine.fr\/boutique\/"},{"@type":"ListItem","position":3,"name":"Ep\u00e9e Anduril de luxe"}]},{"@type":"WebSite","@id":"https:\/\/repliquemangacine.fr\/#website","url":"https:\/\/repliquemangacine.fr\/","name":"R\u00e9plique Manga Cin\u00e9","description":"","publisher":{"@id":"https:\/\/repliquemangacine.fr\/#organization"},"potentialAction":[{"@type":"SearchAction","target":{"@type":"EntryPoint","urlTemplate":"https:\/\/repliquemangacine.fr\/?s={search_term_string}"},"query-input":{"@type":"PropertyValueSpecification","valueRequired":true,"valueName":"search_term_string"}}],"inLanguage":"es"},{"@type":"Organization","@id":"https:\/\/repliquemangacine.fr\/#organization","name":"R\u00e9plique Manga Cin\u00e9","url":"https:\/\/repliquemangacine.fr\/","logo":{"@type":"ImageObject","inLanguage":"es","@id":"https:\/\/repliquemangacine.fr\/#\/schema\/logo\/image\/","url":"https:\/\/repliquemangacine.fr\/wp-content\/uploads\/2023\/10\/RMC-500250.png","contentUrl":"https:\/\/repliquemangacine.fr\/wp-content\/uploads\/2023\/10\/RMC-500250.png","width":500,"height":250,"caption":"R\u00e9plique Manga Cin\u00e9"},"image":{"@id":"https:\/\/repliquemangacine.fr\/#\/schema\/logo\/image\/"},"sameAs":["https:\/\/www.facebook.com\/RepliqueMangaCine","https:\/\/www.instagram.com\/repliquemangacine.fr\/"]}]}},"_links":{"self":[{"href":"https:\/\/repliquemangacine.fr\/es\/wp-json\/wp\/v2\/product\/75605","targetHints":{"allow":["GET"]}}],"collection":[{"href":"https:\/\/repliquemangacine.fr\/es\/wp-json\/wp\/v2\/product"}],"about":[{"href":"https:\/\/repliquemangacine.fr\/es\/wp-json\/wp\/v2\/types\/product"}],"wp:featuredmedia":[{"embeddable":true,"href":"https:\/\/repliquemangacine.fr\/es\/wp-json\/wp\/v2\/media\/75606"}],"wp:attachment":[{"href":"https:\/\/repliquemangacine.fr\/es\/wp-json\/wp\/v2\/media?parent=75605"}],"wp:term":[{"taxonomy":"product_brand","embeddable":true,"href":"https:\/\/repliquemangacine.fr\/es\/wp-json\/wp\/v2\/product_brand?post=75605"},{"taxonomy":"product_cat","embeddable":true,"href":"https:\/\/repliquemangacine.fr\/es\/wp-json\/wp\/v2\/product_cat?post=75605"},{"taxonomy":"product_tag","embeddable":true,"href":"https:\/\/repliquemangacine.fr\/es\/wp-json\/wp\/v2\/product_tag?post=75605"}],"curies":[{"name":"wp","href":"https:\/\/api.w.org\/{rel}","templated":true}]}}