





{"id":75598,"date":"2024-10-27T14:56:32","date_gmt":"2024-10-27T13:56:32","guid":{"rendered":"https:\/\/repliquemangacine.fr\/?post_type=product&#038;p=75598"},"modified":"2026-02-18T16:08:21","modified_gmt":"2026-02-18T15:08:21","slug":"kratos-hojas-del-caos","status":"publish","type":"product","link":"https:\/\/repliquemangacine.fr\/es\/katana-et-epee-de-jeux-video-autre-jeux-video\/lames-du-chaos-de-kratos\/","title":{"rendered":"Hojas del Caos de Kratos"},"content":{"rendered":"<h2>Las Cuchillas del Caos de Kratos en God of War 4<\/h2>\n<p>En primer lugar, las Espadas del Caos, las armas emblem\u00e1ticas de Kratos, que lleva consigo desde los primeros episodios de la serie. Estas espadas gemelas unidas por cadenas, que en su d\u00eda fueron s\u00edmbolos de su tr\u00e1gico pasado y de su lealtad a los dioses griegos, regresan en la cuarta entrega con un papel especial y una historia cargada de simbolismo.<\/p>\n<p>Ofrecidas (o m\u00e1s bien impuestas) a <a href=\"https:\/\/create-garden.fandom.com\/fr\/wiki\/Kratos_(God_of_War)\" target=\"_blank\" rel=\"noopener noreferrer\">Kratos<\/a> por Ares, el dios de la guerra en la mitolog\u00eda griega. A cambio de su servidumbre al dios, Kratos las recibe y se vincula a un destino sangriento y destructivo. Atadas a sus brazos con cadenas incandescentes, las espadas se convierten en una extensi\u00f3n de su ira, dise\u00f1adas para sembrar la muerte y el terror.<\/p>\n<p>Pero en God of War (2018), Kratos intenta dejar atr\u00e1s ese pasado abandonando las espadas. Sin embargo, ante las crecientes amenazas y para proteger a su hijo Atreus, no tiene m\u00e1s remedio que volver a buscar las Espadas del Caos. Este regreso simboliza tanto el recuerdo de su sangriento pasado como la aceptaci\u00f3n de su verdadera naturaleza para llevar a cabo un \u00faltimo acto de protecci\u00f3n.<\/p>\n<h2>Chaos Blades: uso en combate<\/h2>\n<p>\u2013 <strong>Movimientos :<\/strong> En primer lugar, Kratos utiliza las Espadas del Caos con una fluidez impresionante. Balancea y hace girar las espadas para atacar a varios enemigos a la vez. Las cadenas permiten realizar movimientos acrob\u00e1ticos y ataques a distancia.<\/p>\n<p><strong>Poderes especiales:<\/strong> Las espadas pueden encenderse, a\u00f1adiendo da\u00f1o de fuego a cada golpe. Tambi\u00e9n pueden romper las defensas enemigas e interactuar con elementos espec\u00edficos del entorno para resolver puzles.<\/p>\n<p><strong>Evoluci\u00f3n :<\/strong> A lo largo de los juegos, las Espadas del Caos evolucionan, adquiriendo nuevas habilidades y volvi\u00e9ndose a\u00fan m\u00e1s temibles. En God of War (2018), Kratos recoge estas espadas tras usar inicialmente el Hacha del Leviat\u00e1n, mostrando una evoluci\u00f3n personal y narrativa.<\/p>\n<h2>Armas legendarias de videojuegos: R\u00e9plicas Fieles<\/h2>\n<p>Sum\u00e9rgete en el fascinante mundo de los videojuegos con nuestra excepcional selecci\u00f3n de r\u00e9plicas de armas ic\u00f3nicas. Cada pieza est\u00e1 meticulosamente elaborada para ser id\u00e9ntica al modelo del juego. Ofrecen un nivel de detalle y calidad sin igual.<\/p>\n<ul>\n<li>Descubre la <a href=\"https:\/\/repliquemangacine.fr\/es\/espadas-de-world-of-warcraft\/espadas-gemelas-de-azzinoth-espada-legendaria-de-illidan\/\">hojas gemelas de Azzinoth<\/a> en World of Warcraft, la espada legendaria de Illidan.<\/li>\n<li>Tambi\u00e9n existe la<a href=\"https:\/\/repliquemangacine.fr\/es\/katana-y-espada-videojuego-otros-videojuegos\/espada-roja-reina-diablo-mi-grito\/\">Espada Reina Roja<\/a> de N\u00e9ro en Devil My Cry.<\/li>\n<li>As\u00ed como el <a href=\"https:\/\/repliquemangacine.fr\/es\/katana-y-espada-videojuego-otros-videojuegos\/hacha-leviatan-de-kratos-god-of-war-ragnarok\/\">Hacha Leviat\u00e1n de Kratos<\/a>tomada de God of War, te permite sentir el poder del dios n\u00f3rdico de la guerra cada vez que la sostienes en la mano.<\/li>\n<li>Por \u00faltimo, el <a href=\"https:\/\/repliquemangacine.fr\/es\/katana-y-espada-videojuego-otros-videojuegos\/sephiroth-masamune-espada-192-cm\/\">Katana Sephiroth Masamune<\/a> de Final Fantasy VII es una pieza imprescindible para todos los fans de este cl\u00e1sico atemporal, con su larga y elegante hoja que encarna el poder y la m\u00edstica de Sephiroth.<\/li>\n<\/ul>\n<p>En conclusi\u00f3n, a\u00f1ada estas r\u00e9plicas legendarias a su colecci\u00f3n y d\u00e9jese transportar a los mundos \u00e9picos de sus videojuegos favoritos.<\/p>","protected":false},"excerpt":{"rendered":"<p>Las dos espadas del caos de Kratos en God of War 4 son absolutamente sublimes.<\/p>\n<ul>\n<li>Las hojas est\u00e1n hechas de acero 440 especialmente moldeado y decorado con s\u00edmbolos antiguos.<\/li>\n<li>Cuchillas conectadas a cadenas de acero macizo<\/li>\n<li>Las empu\u00f1aduras y el pomo son de acero con acabado en bronce antiguo y decorado<\/li>\n<li>Los protectores tienen una forma espec\u00edfica para Opus 4.<\/li>\n<li>Se entrega con placa mural de madera con logotipo y adornos<\/li>\n<li>Longitud de cada hoja: 32 cm - Longitud total de cada daga: 54 cm<\/li>\n<li>Peso de cada pieza: 1301 gr<\/li>\n<\/ul>","protected":false},"featured_media":75599,"template":"","meta":[],"product_brand":[896],"product_cat":[985,67],"product_tag":[],"class_list":{"0":"post-75598","1":"product","2":"type-product","3":"status-publish","4":"has-post-thumbnail","6":"product_brand-replique-manga-cine","7":"product_cat-replique-god-of-war","8":"product_cat-katana-et-epee-de-jeux-video-autre-jeux-video","10":"first","11":"instock","12":"taxable","13":"shipping-taxable","14":"purchasable","15":"product-type-simple"},"yoast_head":"<!-- This site is optimized with the Yoast SEO plugin v27.4 - https:\/\/yoast.com\/product\/yoast-seo-wordpress\/ -->\n<title>Lames du Chaos de Kratos - God of War 4 - R\u00e9plique Manga Cin\u00e9<\/title>\n<meta name=\"description\" content=\"Absolument sublime ! les Lames du Chaos de Kratos dans God of War. Lames en m\u00e9tal avec symboles antiques. Poign\u00e9e en acier vieilli dor\u00e9. Livr\u00e9 avec support\" \/>\n<meta name=\"robots\" content=\"index, follow, max-snippet:-1, max-image-preview:large, max-video-preview:-1\" \/>\n<link rel=\"canonical\" href=\"https:\/\/repliquemangacine.fr\/es\/katana-y-espada-videojuego-otros-videojuegos\/kratos-hojas-del-caos\/\" \/>\n<meta property=\"og:locale\" content=\"es_ES\" \/>\n<meta property=\"og:type\" content=\"article\" \/>\n<meta property=\"og:title\" content=\"Lames du Chaos de Kratos - God of War 4 - R\u00e9plique Manga Cin\u00e9\" \/>\n<meta property=\"og:description\" content=\"Absolument sublime ! les Lames du Chaos de Kratos dans God of War. Lames en m\u00e9tal avec symboles antiques. Poign\u00e9e en acier vieilli dor\u00e9. Livr\u00e9 avec support\" \/>\n<meta property=\"og:url\" content=\"https:\/\/repliquemangacine.fr\/es\/katana-y-espada-videojuego-otros-videojuegos\/kratos-hojas-del-caos\/\" \/>\n<meta property=\"og:site_name\" content=\"R\u00e9plique Manga Cin\u00e9\" \/>\n<meta property=\"article:publisher\" content=\"https:\/\/www.facebook.com\/RepliqueMangaCine\" \/>\n<meta property=\"article:modified_time\" content=\"2026-02-18T15:08:21+00:00\" \/>\n<meta property=\"og:image\" content=\"https:\/\/repliquemangacine.fr\/wp-content\/uploads\/2024\/10\/dague-God-of-War.jpg\" \/>\n\t<meta property=\"og:image:width\" content=\"500\" \/>\n\t<meta property=\"og:image:height\" content=\"500\" \/>\n\t<meta property=\"og:image:type\" content=\"image\/jpeg\" \/>\n<meta name=\"twitter:card\" content=\"summary_large_image\" \/>\n<meta name=\"twitter:label1\" content=\"Tiempo de lectura\" \/>\n\t<meta name=\"twitter:data1\" content=\"3 minutos\" \/>\n<script type=\"application\/ld+json\" class=\"yoast-schema-graph\">{\"@context\":\"https:\\\/\\\/schema.org\",\"@graph\":[{\"@type\":\"WebPage\",\"@id\":\"https:\\\/\\\/repliquemangacine.fr\\\/katana-et-epee-de-jeux-video-autre-jeux-video\\\/lames-du-chaos-de-kratos\\\/\",\"url\":\"https:\\\/\\\/repliquemangacine.fr\\\/katana-et-epee-de-jeux-video-autre-jeux-video\\\/lames-du-chaos-de-kratos\\\/\",\"name\":\"Lames du Chaos de Kratos - God of War 4 - R\u00e9plique Manga Cin\u00e9\",\"isPartOf\":{\"@id\":\"https:\\\/\\\/repliquemangacine.fr\\\/#website\"},\"primaryImageOfPage\":{\"@id\":\"https:\\\/\\\/repliquemangacine.fr\\\/katana-et-epee-de-jeux-video-autre-jeux-video\\\/lames-du-chaos-de-kratos\\\/#primaryimage\"},\"image\":{\"@id\":\"https:\\\/\\\/repliquemangacine.fr\\\/katana-et-epee-de-jeux-video-autre-jeux-video\\\/lames-du-chaos-de-kratos\\\/#primaryimage\"},\"thumbnailUrl\":\"https:\\\/\\\/repliquemangacine.fr\\\/wp-content\\\/uploads\\\/2024\\\/10\\\/dague-God-of-War.jpg\",\"datePublished\":\"2024-10-27T13:56:32+00:00\",\"dateModified\":\"2026-02-18T15:08:21+00:00\",\"description\":\"Absolument sublime ! les Lames du Chaos de Kratos dans God of War. Lames en m\u00e9tal avec symboles antiques. Poign\u00e9e en acier vieilli dor\u00e9. Livr\u00e9 avec support\",\"breadcrumb\":{\"@id\":\"https:\\\/\\\/repliquemangacine.fr\\\/katana-et-epee-de-jeux-video-autre-jeux-video\\\/lames-du-chaos-de-kratos\\\/#breadcrumb\"},\"inLanguage\":\"es\",\"potentialAction\":[{\"@type\":\"ReadAction\",\"target\":[\"https:\\\/\\\/repliquemangacine.fr\\\/katana-et-epee-de-jeux-video-autre-jeux-video\\\/lames-du-chaos-de-kratos\\\/\"]}]},{\"@type\":\"ImageObject\",\"inLanguage\":\"es\",\"@id\":\"https:\\\/\\\/repliquemangacine.fr\\\/katana-et-epee-de-jeux-video-autre-jeux-video\\\/lames-du-chaos-de-kratos\\\/#primaryimage\",\"url\":\"https:\\\/\\\/repliquemangacine.fr\\\/wp-content\\\/uploads\\\/2024\\\/10\\\/dague-God-of-War.jpg\",\"contentUrl\":\"https:\\\/\\\/repliquemangacine.fr\\\/wp-content\\\/uploads\\\/2024\\\/10\\\/dague-God-of-War.jpg\",\"width\":500,\"height\":500,\"caption\":\"Lames du Chaos de Kratos dans God of War\"},{\"@type\":\"BreadcrumbList\",\"@id\":\"https:\\\/\\\/repliquemangacine.fr\\\/katana-et-epee-de-jeux-video-autre-jeux-video\\\/lames-du-chaos-de-kratos\\\/#breadcrumb\",\"itemListElement\":[{\"@type\":\"ListItem\",\"position\":1,\"name\":\"Accueil\",\"item\":\"https:\\\/\\\/repliquemangacine.fr\\\/\"},{\"@type\":\"ListItem\",\"position\":2,\"name\":\"Produits\",\"item\":\"https:\\\/\\\/repliquemangacine.fr\\\/boutique\\\/\"},{\"@type\":\"ListItem\",\"position\":3,\"name\":\"Lames du Chaos de Kratos\"}]},{\"@type\":\"WebSite\",\"@id\":\"https:\\\/\\\/repliquemangacine.fr\\\/#website\",\"url\":\"https:\\\/\\\/repliquemangacine.fr\\\/\",\"name\":\"R\u00e9plique Manga Cin\u00e9\",\"description\":\"\",\"publisher\":{\"@id\":\"https:\\\/\\\/repliquemangacine.fr\\\/#organization\"},\"potentialAction\":[{\"@type\":\"SearchAction\",\"target\":{\"@type\":\"EntryPoint\",\"urlTemplate\":\"https:\\\/\\\/repliquemangacine.fr\\\/?s={search_term_string}\"},\"query-input\":{\"@type\":\"PropertyValueSpecification\",\"valueRequired\":true,\"valueName\":\"search_term_string\"}}],\"inLanguage\":\"es\"},{\"@type\":\"Organization\",\"@id\":\"https:\\\/\\\/repliquemangacine.fr\\\/#organization\",\"name\":\"R\u00e9plique Manga Cin\u00e9\",\"url\":\"https:\\\/\\\/repliquemangacine.fr\\\/\",\"logo\":{\"@type\":\"ImageObject\",\"inLanguage\":\"es\",\"@id\":\"https:\\\/\\\/repliquemangacine.fr\\\/#\\\/schema\\\/logo\\\/image\\\/\",\"url\":\"https:\\\/\\\/repliquemangacine.fr\\\/wp-content\\\/uploads\\\/2023\\\/10\\\/RMC-500250.png\",\"contentUrl\":\"https:\\\/\\\/repliquemangacine.fr\\\/wp-content\\\/uploads\\\/2023\\\/10\\\/RMC-500250.png\",\"width\":500,\"height\":250,\"caption\":\"R\u00e9plique Manga Cin\u00e9\"},\"image\":{\"@id\":\"https:\\\/\\\/repliquemangacine.fr\\\/#\\\/schema\\\/logo\\\/image\\\/\"},\"sameAs\":[\"https:\\\/\\\/www.facebook.com\\\/RepliqueMangaCine\",\"https:\\\/\\\/www.instagram.com\\\/repliquemangacine.fr\\\/\"]}]}<\/script>\n<!-- \/ Yoast SEO plugin. -->","yoast_head_json":{"title":"Chaos Blades of Kratos - God of War 4 - R\u00e9plique Manga Cin\u00e9","description":"Absolutamente sublimes: las Cuchillas del Caos de Kratos en God of War. Hojas de metal con s\u00edmbolos antiguos. Mango de acero chapado en oro antiguo. Se entrega con soporte.","robots":{"index":"index","follow":"follow","max-snippet":"max-snippet:-1","max-image-preview":"max-image-preview:large","max-video-preview":"max-video-preview:-1"},"canonical":"https:\/\/repliquemangacine.fr\/es\/katana-y-espada-videojuego-otros-videojuegos\/kratos-hojas-del-caos\/","og_locale":"es_ES","og_type":"article","og_title":"Lames du Chaos de Kratos - God of War 4 - R\u00e9plique Manga Cin\u00e9","og_description":"Absolument sublime ! les Lames du Chaos de Kratos dans God of War. Lames en m\u00e9tal avec symboles antiques. Poign\u00e9e en acier vieilli dor\u00e9. Livr\u00e9 avec support","og_url":"https:\/\/repliquemangacine.fr\/es\/katana-y-espada-videojuego-otros-videojuegos\/kratos-hojas-del-caos\/","og_site_name":"R\u00e9plique Manga Cin\u00e9","article_publisher":"https:\/\/www.facebook.com\/RepliqueMangaCine","article_modified_time":"2026-02-18T15:08:21+00:00","og_image":[{"width":500,"height":500,"url":"https:\/\/repliquemangacine.fr\/wp-content\/uploads\/2024\/10\/dague-God-of-War.jpg","type":"image\/jpeg"}],"twitter_card":"summary_large_image","twitter_misc":{"Tiempo de lectura":"3 minutos"},"schema":{"@context":"https:\/\/schema.org","@graph":[{"@type":"WebPage","@id":"https:\/\/repliquemangacine.fr\/katana-et-epee-de-jeux-video-autre-jeux-video\/lames-du-chaos-de-kratos\/","url":"https:\/\/repliquemangacine.fr\/katana-et-epee-de-jeux-video-autre-jeux-video\/lames-du-chaos-de-kratos\/","name":"Chaos Blades of Kratos - God of War 4 - R\u00e9plique Manga Cin\u00e9","isPartOf":{"@id":"https:\/\/repliquemangacine.fr\/#website"},"primaryImageOfPage":{"@id":"https:\/\/repliquemangacine.fr\/katana-et-epee-de-jeux-video-autre-jeux-video\/lames-du-chaos-de-kratos\/#primaryimage"},"image":{"@id":"https:\/\/repliquemangacine.fr\/katana-et-epee-de-jeux-video-autre-jeux-video\/lames-du-chaos-de-kratos\/#primaryimage"},"thumbnailUrl":"https:\/\/repliquemangacine.fr\/wp-content\/uploads\/2024\/10\/dague-God-of-War.jpg","datePublished":"2024-10-27T13:56:32+00:00","dateModified":"2026-02-18T15:08:21+00:00","description":"Absolutamente sublimes: las Cuchillas del Caos de Kratos en God of War. Hojas de metal con s\u00edmbolos antiguos. Mango de acero chapado en oro antiguo. Se entrega con soporte.","breadcrumb":{"@id":"https:\/\/repliquemangacine.fr\/katana-et-epee-de-jeux-video-autre-jeux-video\/lames-du-chaos-de-kratos\/#breadcrumb"},"inLanguage":"es","potentialAction":[{"@type":"ReadAction","target":["https:\/\/repliquemangacine.fr\/katana-et-epee-de-jeux-video-autre-jeux-video\/lames-du-chaos-de-kratos\/"]}]},{"@type":"ImageObject","inLanguage":"es","@id":"https:\/\/repliquemangacine.fr\/katana-et-epee-de-jeux-video-autre-jeux-video\/lames-du-chaos-de-kratos\/#primaryimage","url":"https:\/\/repliquemangacine.fr\/wp-content\/uploads\/2024\/10\/dague-God-of-War.jpg","contentUrl":"https:\/\/repliquemangacine.fr\/wp-content\/uploads\/2024\/10\/dague-God-of-War.jpg","width":500,"height":500,"caption":"Lames du Chaos de Kratos dans God of War"},{"@type":"BreadcrumbList","@id":"https:\/\/repliquemangacine.fr\/katana-et-epee-de-jeux-video-autre-jeux-video\/lames-du-chaos-de-kratos\/#breadcrumb","itemListElement":[{"@type":"ListItem","position":1,"name":"Accueil","item":"https:\/\/repliquemangacine.fr\/"},{"@type":"ListItem","position":2,"name":"Produits","item":"https:\/\/repliquemangacine.fr\/boutique\/"},{"@type":"ListItem","position":3,"name":"Lames du Chaos de Kratos"}]},{"@type":"WebSite","@id":"https:\/\/repliquemangacine.fr\/#website","url":"https:\/\/repliquemangacine.fr\/","name":"R\u00e9plique Manga Cin\u00e9","description":"","publisher":{"@id":"https:\/\/repliquemangacine.fr\/#organization"},"potentialAction":[{"@type":"SearchAction","target":{"@type":"EntryPoint","urlTemplate":"https:\/\/repliquemangacine.fr\/?s={search_term_string}"},"query-input":{"@type":"PropertyValueSpecification","valueRequired":true,"valueName":"search_term_string"}}],"inLanguage":"es"},{"@type":"Organization","@id":"https:\/\/repliquemangacine.fr\/#organization","name":"R\u00e9plique Manga Cin\u00e9","url":"https:\/\/repliquemangacine.fr\/","logo":{"@type":"ImageObject","inLanguage":"es","@id":"https:\/\/repliquemangacine.fr\/#\/schema\/logo\/image\/","url":"https:\/\/repliquemangacine.fr\/wp-content\/uploads\/2023\/10\/RMC-500250.png","contentUrl":"https:\/\/repliquemangacine.fr\/wp-content\/uploads\/2023\/10\/RMC-500250.png","width":500,"height":250,"caption":"R\u00e9plique Manga Cin\u00e9"},"image":{"@id":"https:\/\/repliquemangacine.fr\/#\/schema\/logo\/image\/"},"sameAs":["https:\/\/www.facebook.com\/RepliqueMangaCine","https:\/\/www.instagram.com\/repliquemangacine.fr\/"]}]}},"_links":{"self":[{"href":"https:\/\/repliquemangacine.fr\/es\/wp-json\/wp\/v2\/product\/75598","targetHints":{"allow":["GET"]}}],"collection":[{"href":"https:\/\/repliquemangacine.fr\/es\/wp-json\/wp\/v2\/product"}],"about":[{"href":"https:\/\/repliquemangacine.fr\/es\/wp-json\/wp\/v2\/types\/product"}],"wp:featuredmedia":[{"embeddable":true,"href":"https:\/\/repliquemangacine.fr\/es\/wp-json\/wp\/v2\/media\/75599"}],"wp:attachment":[{"href":"https:\/\/repliquemangacine.fr\/es\/wp-json\/wp\/v2\/media?parent=75598"}],"wp:term":[{"taxonomy":"product_brand","embeddable":true,"href":"https:\/\/repliquemangacine.fr\/es\/wp-json\/wp\/v2\/product_brand?post=75598"},{"taxonomy":"product_cat","embeddable":true,"href":"https:\/\/repliquemangacine.fr\/es\/wp-json\/wp\/v2\/product_cat?post=75598"},{"taxonomy":"product_tag","embeddable":true,"href":"https:\/\/repliquemangacine.fr\/es\/wp-json\/wp\/v2\/product_tag?post=75598"}],"curies":[{"name":"wp","href":"https:\/\/api.w.org\/{rel}","templated":true}]}}