





{"id":75418,"date":"2024-10-18T19:22:08","date_gmt":"2024-10-18T17:22:08","guid":{"rendered":"https:\/\/repliquemangacine.fr\/?post_type=product&#038;p=75418"},"modified":"2026-04-19T17:16:18","modified_gmt":"2026-04-19T15:16:18","slug":"mg34-maschinengewehr-34","status":"publish","type":"product","link":"https:\/\/repliquemangacine.fr\/es\/reproductions-armes-seconde-guerre-mondiale-denix\/mg34-maschinengewehr-34\/","title":{"rendered":"MG34 (Maschinengewehr 34)"},"content":{"rendered":"<h2>R\u00e9plica MG34 Denix - La autenticidad de un icono de la Segunda Guerra Mundial<\/h2>\n<p>En primer lugar, la MG34 Denix, una r\u00e9plica fiel del legendario arma que marc\u00f3 la historia militar alemana. Fabricada con una precisi\u00f3n excepcional, esta r\u00e9plica reproduce cada detalle del original. Ofrece una inmersi\u00f3n total en la era de los grandes conflictos mundiales. Con su robusto b\u00edpode y sus cuidados acabados, esta ametralladora es una aut\u00e9ntica obra maestra de colecci\u00f3n. En esta nueva versi\u00f3n, Denix incluye varios accesorios y caracter\u00edsticas que a\u00f1aden a\u00fan m\u00e1s realismo.<\/p>\n<p>De hecho, ahora se levanta la tapa de la culata. <a href=\"https:\/\/www.denix.fr\/fr\/catalogue\/guerres-mondiales-1914-1945\/mitraillettes-et-mitrailleuses\/9317\/\" target=\"_blank\" rel=\"noopener noreferrer\">Denix<\/a> Incluye un visor a\u00e9reo, que recuerda el uso vers\u00e1til del MG34. Tambi\u00e9n cuenta con una correa para facilitar su transporte, al igual que los soldados de la \u00e9poca. La parte trasera de la culata de madera est\u00e1 estriada como el original.<\/p>\n<p>Dise\u00f1ada para los apasionados de la historia, no dispara proyectiles, lo que garantiza una manipulaci\u00f3n totalmente segura, pero con todo el aspecto de una aut\u00e9ntica pieza de museo.<\/p>\n<h2>MG34: Historia y uso<\/h2>\n<p><strong>Desarrollo<\/strong> Adoptada en 1934, la MG34 est\u00e1 considerada como una de las primeras ametralladoras polivalentes o \"universales\". Pod\u00eda utilizarse como ametralladora ligera con b\u00edpode. Tambi\u00e9n pod\u00eda utilizarse como ametralladora pesada con un tr\u00edpode m\u00e1s estable para fines defensivos.<\/p>\n<p><strong>Versatilidad :<\/strong> Arma extremadamente flexible. Se utiliza en diversas funciones en el campo de batalla, tanto montada en veh\u00edculos y tanques como desplegada por la infanter\u00eda.<\/p>\n<p><strong>Precisi\u00f3n y alta cadencia de tiro<\/strong> En comparaci\u00f3n con otras ametralladoras de la \u00e9poca, ten\u00eda una cadencia de fuego r\u00e1pida y era famosa por su precisi\u00f3n. Sin embargo, esta alta cadencia de fuego tambi\u00e9n la hac\u00eda m\u00e1s propensa a los problemas de sobrecalentamiento.<\/p>\n<p><strong>Sustituido por el MG42<\/strong> Aunque la MG34 se consideraba un arma excepcional, era cara y dif\u00edcil de producir en serie debido a su complejo mecanismo. En 1942, se sustituy\u00f3 parcialmente por la MG42, m\u00e1s sencilla y r\u00e1pida de producir. Aunque la MG34 permaneci\u00f3 en servicio hasta el final de la guerra.<\/p>\n<h2>Importancia hist\u00f3rica :<\/h2>\n<p>La MG34 desempe\u00f1\u00f3 un papel crucial en las t\u00e1cticas de la infanter\u00eda alemana durante la Segunda Guerra Mundial. En particular, con la estrategia de la Blitzkrieg, en la que la potencia de fuego y la movilidad eran esenciales.<\/p>\n<p>Es un arma que, adem\u00e1s de su calidad t\u00e9cnica, es muy codiciada como objeto de colecci\u00f3n por los aficionados a la historia militar y a las r\u00e9plicas de armas hist\u00f3ricas. Al igual que otras r\u00e9plicas, como:<\/p>\n<p>Le <a href=\"https:\/\/repliquemangacine.fr\/es\/reproduccion-armas-segunda-guerra-mundial-denix\/fusil-m1-garand\/\">Fusil M1 garand<\/a>el \u00fanico fusil semiautom\u00e1tico que ha sido adoptado por una gran potencia militar. Adem\u00e1s del m\u00edtico <a href=\"https:\/\/repliquemangacine.fr\/es\/denix\/culata-colt-m1911a1-desmontable-denix-checkered\/\">Pistola M1911 A1<\/a> del ej\u00e9rcito estadounidense, que ofrecemos en varias versiones. Tambi\u00e9n est\u00e1 el famoso <a href=\"https:\/\/repliquemangacine.fr\/es\/denix\/culata-de-madera-parabellum-luger-p08\/\">Luger P08 parabellum<\/a> y, por supuesto, la Subametralladora MP40, una pistola ametralladora muy buscada por la Resistencia. Y mucho m\u00e1s por descubrir en nuestra tienda. Disfrute de su visita.<\/p>\n<p>&nbsp;<\/p>","protected":false},"excerpt":{"rendered":"<p>Magn\u00edfica r\u00e9plica de la Denix MG34 en una nueva versi\u00f3n.<\/p>\n<ul>\n<li style=\"list-style-type: none;\">\n<ul>\n<li>Culata de madera maciza con lomo estriado.<\/li>\n<li>Cubre culata desmontable.<\/li>\n<li>Visor a\u00e9reo<\/li>\n<li>Cuerpo y piezas met\u00e1licas de Zamac.<\/li>\n<li>Dispara y golpea como una verdadera MG34.<\/li>\n<li>No apto para disparar.<\/li>\n<li>B\u00edpode m\u00f3vil.<\/li>\n<li>Correa<\/li>\n<li>Longitud total: 122 cm - Peso: 7277 Grs<\/li>\n<\/ul>\n<\/li>\n<\/ul>\n<p><strong>No se requiere autorizaci\u00f3n. Venta y posesi\u00f3n libres<\/strong><\/p>","protected":false},"featured_media":75419,"template":"","meta":[],"product_brand":[896],"product_cat":[102,46,54,28,76],"product_tag":[],"class_list":{"0":"post-75418","1":"product","2":"type-product","3":"status-publish","4":"has-post-thumbnail","6":"product_brand-replique-manga-cine","7":"product_cat-denix","8":"product_cat-fusil-d-assaut-fusil-moderne","9":"product_cat-armes-accessoires-guerre-mondiale","10":"product_cat-repliques-darmes","11":"product_cat-reproductions-armes-seconde-guerre-mondiale-denix","13":"first","14":"instock","15":"taxable","16":"shipping-taxable","17":"purchasable","18":"product-type-simple"},"yoast_head":"<!-- This site is optimized with the Yoast SEO plugin v27.4 - https:\/\/yoast.com\/product\/yoast-seo-wordpress\/ -->\n<title>MG34 (Maschinengewehr 34) - Mitrailleuse allemande WW2 - RMC<\/title>\n<meta name=\"description\" content=\"D\u00e9couvrez la nouvelle version de la MG34 de chez Denix. Tout en zamac. Crosse bois. Viseur a\u00e9rien. Sangle. Capot de culasse amovible. 122 cm\" \/>\n<meta name=\"robots\" content=\"index, follow, max-snippet:-1, max-image-preview:large, max-video-preview:-1\" \/>\n<link rel=\"canonical\" href=\"https:\/\/repliquemangacine.fr\/es\/reproduccion-armas-segunda-guerra-mundial-denix\/mg34-maschinengewehr-34\/\" \/>\n<meta property=\"og:locale\" content=\"es_ES\" \/>\n<meta property=\"og:type\" content=\"article\" \/>\n<meta property=\"og:title\" content=\"MG34 (Maschinengewehr 34) - Mitrailleuse allemande WW2 - RMC\" \/>\n<meta property=\"og:description\" content=\"D\u00e9couvrez la nouvelle version de la MG34 de chez Denix. Tout en zamac. Crosse bois. Viseur a\u00e9rien. Sangle. Capot de culasse amovible. 122 cm\" \/>\n<meta property=\"og:url\" content=\"https:\/\/repliquemangacine.fr\/es\/reproduccion-armas-segunda-guerra-mundial-denix\/mg34-maschinengewehr-34\/\" \/>\n<meta property=\"og:site_name\" content=\"R\u00e9plique Manga Cin\u00e9\" \/>\n<meta property=\"article:publisher\" content=\"https:\/\/www.facebook.com\/RepliqueMangaCine\" \/>\n<meta property=\"article:modified_time\" content=\"2026-04-19T15:16:18+00:00\" \/>\n<meta property=\"og:image\" content=\"https:\/\/repliquemangacine.fr\/wp-content\/uploads\/2024\/10\/mg34.jpg\" \/>\n\t<meta property=\"og:image:width\" content=\"500\" \/>\n\t<meta property=\"og:image:height\" content=\"500\" \/>\n\t<meta property=\"og:image:type\" content=\"image\/jpeg\" \/>\n<meta name=\"twitter:card\" content=\"summary_large_image\" \/>\n<meta name=\"twitter:label1\" content=\"Tiempo de lectura\" \/>\n\t<meta name=\"twitter:data1\" content=\"3 minutos\" \/>\n<script type=\"application\/ld+json\" class=\"yoast-schema-graph\">{\"@context\":\"https:\\\/\\\/schema.org\",\"@graph\":[{\"@type\":\"WebPage\",\"@id\":\"https:\\\/\\\/repliquemangacine.fr\\\/reproductions-armes-seconde-guerre-mondiale-denix\\\/mg34-maschinengewehr-34\\\/\",\"url\":\"https:\\\/\\\/repliquemangacine.fr\\\/reproductions-armes-seconde-guerre-mondiale-denix\\\/mg34-maschinengewehr-34\\\/\",\"name\":\"MG34 (Maschinengewehr 34) - Mitrailleuse allemande WW2 - RMC\",\"isPartOf\":{\"@id\":\"https:\\\/\\\/repliquemangacine.fr\\\/#website\"},\"primaryImageOfPage\":{\"@id\":\"https:\\\/\\\/repliquemangacine.fr\\\/reproductions-armes-seconde-guerre-mondiale-denix\\\/mg34-maschinengewehr-34\\\/#primaryimage\"},\"image\":{\"@id\":\"https:\\\/\\\/repliquemangacine.fr\\\/reproductions-armes-seconde-guerre-mondiale-denix\\\/mg34-maschinengewehr-34\\\/#primaryimage\"},\"thumbnailUrl\":\"https:\\\/\\\/repliquemangacine.fr\\\/wp-content\\\/uploads\\\/2024\\\/10\\\/mg34.jpg\",\"datePublished\":\"2024-10-18T17:22:08+00:00\",\"dateModified\":\"2026-04-19T15:16:18+00:00\",\"description\":\"D\u00e9couvrez la nouvelle version de la MG34 de chez Denix. Tout en zamac. Crosse bois. Viseur a\u00e9rien. Sangle. Capot de culasse amovible. 122 cm\",\"breadcrumb\":{\"@id\":\"https:\\\/\\\/repliquemangacine.fr\\\/reproductions-armes-seconde-guerre-mondiale-denix\\\/mg34-maschinengewehr-34\\\/#breadcrumb\"},\"inLanguage\":\"es\",\"potentialAction\":[{\"@type\":\"ReadAction\",\"target\":[\"https:\\\/\\\/repliquemangacine.fr\\\/reproductions-armes-seconde-guerre-mondiale-denix\\\/mg34-maschinengewehr-34\\\/\"]}]},{\"@type\":\"ImageObject\",\"inLanguage\":\"es\",\"@id\":\"https:\\\/\\\/repliquemangacine.fr\\\/reproductions-armes-seconde-guerre-mondiale-denix\\\/mg34-maschinengewehr-34\\\/#primaryimage\",\"url\":\"https:\\\/\\\/repliquemangacine.fr\\\/wp-content\\\/uploads\\\/2024\\\/10\\\/mg34.jpg\",\"contentUrl\":\"https:\\\/\\\/repliquemangacine.fr\\\/wp-content\\\/uploads\\\/2024\\\/10\\\/mg34.jpg\",\"width\":500,\"height\":500,\"caption\":\"MG34 (Maschinengewehr 34) Denix\"},{\"@type\":\"BreadcrumbList\",\"@id\":\"https:\\\/\\\/repliquemangacine.fr\\\/reproductions-armes-seconde-guerre-mondiale-denix\\\/mg34-maschinengewehr-34\\\/#breadcrumb\",\"itemListElement\":[{\"@type\":\"ListItem\",\"position\":1,\"name\":\"Accueil\",\"item\":\"https:\\\/\\\/repliquemangacine.fr\\\/\"},{\"@type\":\"ListItem\",\"position\":2,\"name\":\"Produits\",\"item\":\"https:\\\/\\\/repliquemangacine.fr\\\/boutique\\\/\"},{\"@type\":\"ListItem\",\"position\":3,\"name\":\"MG34 (Maschinengewehr 34)\"}]},{\"@type\":\"WebSite\",\"@id\":\"https:\\\/\\\/repliquemangacine.fr\\\/#website\",\"url\":\"https:\\\/\\\/repliquemangacine.fr\\\/\",\"name\":\"R\u00e9plique Manga Cin\u00e9\",\"description\":\"\",\"publisher\":{\"@id\":\"https:\\\/\\\/repliquemangacine.fr\\\/#organization\"},\"potentialAction\":[{\"@type\":\"SearchAction\",\"target\":{\"@type\":\"EntryPoint\",\"urlTemplate\":\"https:\\\/\\\/repliquemangacine.fr\\\/?s={search_term_string}\"},\"query-input\":{\"@type\":\"PropertyValueSpecification\",\"valueRequired\":true,\"valueName\":\"search_term_string\"}}],\"inLanguage\":\"es\"},{\"@type\":\"Organization\",\"@id\":\"https:\\\/\\\/repliquemangacine.fr\\\/#organization\",\"name\":\"R\u00e9plique Manga Cin\u00e9\",\"url\":\"https:\\\/\\\/repliquemangacine.fr\\\/\",\"logo\":{\"@type\":\"ImageObject\",\"inLanguage\":\"es\",\"@id\":\"https:\\\/\\\/repliquemangacine.fr\\\/#\\\/schema\\\/logo\\\/image\\\/\",\"url\":\"https:\\\/\\\/repliquemangacine.fr\\\/wp-content\\\/uploads\\\/2023\\\/10\\\/RMC-500250.png\",\"contentUrl\":\"https:\\\/\\\/repliquemangacine.fr\\\/wp-content\\\/uploads\\\/2023\\\/10\\\/RMC-500250.png\",\"width\":500,\"height\":250,\"caption\":\"R\u00e9plique Manga Cin\u00e9\"},\"image\":{\"@id\":\"https:\\\/\\\/repliquemangacine.fr\\\/#\\\/schema\\\/logo\\\/image\\\/\"},\"sameAs\":[\"https:\\\/\\\/www.facebook.com\\\/RepliqueMangaCine\",\"https:\\\/\\\/www.instagram.com\\\/repliquemangacine.fr\\\/\"]}]}<\/script>\n<!-- \/ Yoast SEO plugin. -->","yoast_head_json":{"title":"MG34 (Maschinengewehr 34) - Ametralladora alemana WW2 - RMC","description":"Descubre la nueva versi\u00f3n de la MG34 de Denix. Todo en zamac. Culata de madera. Mira superior. Correa. Cubre culata desmontable. Largo 122 cm","robots":{"index":"index","follow":"follow","max-snippet":"max-snippet:-1","max-image-preview":"max-image-preview:large","max-video-preview":"max-video-preview:-1"},"canonical":"https:\/\/repliquemangacine.fr\/es\/reproduccion-armas-segunda-guerra-mundial-denix\/mg34-maschinengewehr-34\/","og_locale":"es_ES","og_type":"article","og_title":"MG34 (Maschinengewehr 34) - Mitrailleuse allemande WW2 - RMC","og_description":"D\u00e9couvrez la nouvelle version de la MG34 de chez Denix. Tout en zamac. Crosse bois. Viseur a\u00e9rien. Sangle. Capot de culasse amovible. 122 cm","og_url":"https:\/\/repliquemangacine.fr\/es\/reproduccion-armas-segunda-guerra-mundial-denix\/mg34-maschinengewehr-34\/","og_site_name":"R\u00e9plique Manga Cin\u00e9","article_publisher":"https:\/\/www.facebook.com\/RepliqueMangaCine","article_modified_time":"2026-04-19T15:16:18+00:00","og_image":[{"width":500,"height":500,"url":"https:\/\/repliquemangacine.fr\/wp-content\/uploads\/2024\/10\/mg34.jpg","type":"image\/jpeg"}],"twitter_card":"summary_large_image","twitter_misc":{"Tiempo de lectura":"3 minutos"},"schema":{"@context":"https:\/\/schema.org","@graph":[{"@type":"WebPage","@id":"https:\/\/repliquemangacine.fr\/reproductions-armes-seconde-guerre-mondiale-denix\/mg34-maschinengewehr-34\/","url":"https:\/\/repliquemangacine.fr\/reproductions-armes-seconde-guerre-mondiale-denix\/mg34-maschinengewehr-34\/","name":"MG34 (Maschinengewehr 34) - Ametralladora alemana WW2 - RMC","isPartOf":{"@id":"https:\/\/repliquemangacine.fr\/#website"},"primaryImageOfPage":{"@id":"https:\/\/repliquemangacine.fr\/reproductions-armes-seconde-guerre-mondiale-denix\/mg34-maschinengewehr-34\/#primaryimage"},"image":{"@id":"https:\/\/repliquemangacine.fr\/reproductions-armes-seconde-guerre-mondiale-denix\/mg34-maschinengewehr-34\/#primaryimage"},"thumbnailUrl":"https:\/\/repliquemangacine.fr\/wp-content\/uploads\/2024\/10\/mg34.jpg","datePublished":"2024-10-18T17:22:08+00:00","dateModified":"2026-04-19T15:16:18+00:00","description":"Descubre la nueva versi\u00f3n de la MG34 de Denix. Todo en zamac. Culata de madera. Mira superior. Correa. Cubre culata desmontable. Largo 122 cm","breadcrumb":{"@id":"https:\/\/repliquemangacine.fr\/reproductions-armes-seconde-guerre-mondiale-denix\/mg34-maschinengewehr-34\/#breadcrumb"},"inLanguage":"es","potentialAction":[{"@type":"ReadAction","target":["https:\/\/repliquemangacine.fr\/reproductions-armes-seconde-guerre-mondiale-denix\/mg34-maschinengewehr-34\/"]}]},{"@type":"ImageObject","inLanguage":"es","@id":"https:\/\/repliquemangacine.fr\/reproductions-armes-seconde-guerre-mondiale-denix\/mg34-maschinengewehr-34\/#primaryimage","url":"https:\/\/repliquemangacine.fr\/wp-content\/uploads\/2024\/10\/mg34.jpg","contentUrl":"https:\/\/repliquemangacine.fr\/wp-content\/uploads\/2024\/10\/mg34.jpg","width":500,"height":500,"caption":"MG34 (Maschinengewehr 34) Denix"},{"@type":"BreadcrumbList","@id":"https:\/\/repliquemangacine.fr\/reproductions-armes-seconde-guerre-mondiale-denix\/mg34-maschinengewehr-34\/#breadcrumb","itemListElement":[{"@type":"ListItem","position":1,"name":"Accueil","item":"https:\/\/repliquemangacine.fr\/"},{"@type":"ListItem","position":2,"name":"Produits","item":"https:\/\/repliquemangacine.fr\/boutique\/"},{"@type":"ListItem","position":3,"name":"MG34 (Maschinengewehr 34)"}]},{"@type":"WebSite","@id":"https:\/\/repliquemangacine.fr\/#website","url":"https:\/\/repliquemangacine.fr\/","name":"R\u00e9plique Manga Cin\u00e9","description":"","publisher":{"@id":"https:\/\/repliquemangacine.fr\/#organization"},"potentialAction":[{"@type":"SearchAction","target":{"@type":"EntryPoint","urlTemplate":"https:\/\/repliquemangacine.fr\/?s={search_term_string}"},"query-input":{"@type":"PropertyValueSpecification","valueRequired":true,"valueName":"search_term_string"}}],"inLanguage":"es"},{"@type":"Organization","@id":"https:\/\/repliquemangacine.fr\/#organization","name":"R\u00e9plique Manga Cin\u00e9","url":"https:\/\/repliquemangacine.fr\/","logo":{"@type":"ImageObject","inLanguage":"es","@id":"https:\/\/repliquemangacine.fr\/#\/schema\/logo\/image\/","url":"https:\/\/repliquemangacine.fr\/wp-content\/uploads\/2023\/10\/RMC-500250.png","contentUrl":"https:\/\/repliquemangacine.fr\/wp-content\/uploads\/2023\/10\/RMC-500250.png","width":500,"height":250,"caption":"R\u00e9plique Manga Cin\u00e9"},"image":{"@id":"https:\/\/repliquemangacine.fr\/#\/schema\/logo\/image\/"},"sameAs":["https:\/\/www.facebook.com\/RepliqueMangaCine","https:\/\/www.instagram.com\/repliquemangacine.fr\/"]}]}},"_links":{"self":[{"href":"https:\/\/repliquemangacine.fr\/es\/wp-json\/wp\/v2\/product\/75418","targetHints":{"allow":["GET"]}}],"collection":[{"href":"https:\/\/repliquemangacine.fr\/es\/wp-json\/wp\/v2\/product"}],"about":[{"href":"https:\/\/repliquemangacine.fr\/es\/wp-json\/wp\/v2\/types\/product"}],"wp:featuredmedia":[{"embeddable":true,"href":"https:\/\/repliquemangacine.fr\/es\/wp-json\/wp\/v2\/media\/75419"}],"wp:attachment":[{"href":"https:\/\/repliquemangacine.fr\/es\/wp-json\/wp\/v2\/media?parent=75418"}],"wp:term":[{"taxonomy":"product_brand","embeddable":true,"href":"https:\/\/repliquemangacine.fr\/es\/wp-json\/wp\/v2\/product_brand?post=75418"},{"taxonomy":"product_cat","embeddable":true,"href":"https:\/\/repliquemangacine.fr\/es\/wp-json\/wp\/v2\/product_cat?post=75418"},{"taxonomy":"product_tag","embeddable":true,"href":"https:\/\/repliquemangacine.fr\/es\/wp-json\/wp\/v2\/product_tag?post=75418"}],"curies":[{"name":"wp","href":"https:\/\/api.w.org\/{rel}","templated":true}]}}