





{"id":75391,"date":"2024-10-17T17:59:36","date_gmt":"2024-10-17T15:59:36","guid":{"rendered":"https:\/\/repliquemangacine.fr\/?post_type=product&#038;p=75391"},"modified":"2026-01-08T15:14:02","modified_gmt":"2026-01-08T14:14:02","slug":"espada-roja-reina-diablo-mi-grito","status":"publish","type":"product","link":"https:\/\/repliquemangacine.fr\/es\/katana-et-epee-de-jeux-video-autre-jeux-video\/epee-red-queen-devil-my-cry\/","title":{"rendered":"Espada Reina Roja - Devil my Cry"},"content":{"rendered":"<h2>Espada Red Queen de Nero - Un dise\u00f1o de Devil May Cry<\/h2>\n<p>En primer lugar, descubre la espada Red Queen de Nero, del famoso videojuego Devil May Cry. Reproducida con esmero, captura todos los detalles distintivos que la han convertido en un arma de culto.<br \/>\nLa Red Queen, una espada maciza de estilo broadsword, con un dise\u00f1o industrial que recuerda a una espada de caballero, pero con detalles mec\u00e1nicos. \u00danica gracias a una maneta de acelerador en la guarda, que le da un aspecto de motocicleta.<br \/>\nEsta empu\u00f1adura es esencial para una de las funciones clave del arma. Lo que hace que la Red Queen sea tan especial es su sistema de \u201cmotor\u201d integrado. <a href=\"https:\/\/devilmaycrydmc.fandom.com\/fr\/wiki\/Nero\" target=\"_blank\" rel=\"noopener noreferrer\">Nero<\/a> puede utilizar la empu\u00f1adura para \"recargar\" la espada, activando una habilidad llamada Exceed. Al activar el acelerador, infunde energ\u00eda a la espada, encendiendo la hoja y aumentando dr\u00e1sticamente el da\u00f1o infligido por sus ataques. Con una sincronizaci\u00f3n precisa, Nero puede \"sobrecargar\" la espada para realizar ataques a\u00fan m\u00e1s potentes.<\/p>\n<h2>Espada de la Reina Roja: estilo de lucha y simbolismo<\/h2>\n<p>Hay que decir que la Red Queen se adapta perfectamente al estilo agresivo y r\u00e1pido de Nero. Le permite lanzarse al combate cuerpo a cuerpo, al tiempo que combina los ataques con su brazo demon\u00edaco, el Devil Bringer. Este estilo de lucha h\u00edbrido, que combina golpes de espada y manipulaciones a distancia con el Devil Bringer, la convierte en un arma extremadamente vers\u00e1til y elegante.<\/p>\n<p>En t\u00e9rminos de tradici\u00f3n, la Red Queen es m\u00e1s que un simple arma. Es una parte integral de la identidad de Nero, que refleja su v\u00ednculo con la tradici\u00f3n de los cazadores de demonios y su lucha contra sus misteriosos or\u00edgenes, en particular su v\u00ednculo familiar con Dante y Vergil. Ella encarna su determinaci\u00f3n y su combatividad.<\/p>\n<p>En conclusi\u00f3n, su impresionante aspecto y su mec\u00e1nica de juego \u00fanica la convierten en el arma favorita de los fans. La aceleraci\u00f3n de la espada para infligir golpes espectaculares a\u00f1ade una dimensi\u00f3n estrat\u00e9gica y elegante, que es la esencia de la experiencia Devil May Cry.<\/p>\n<h2>Completa tu colecci\u00f3n con la katana Yamato de Vergil y la espada Rebeli\u00f3n de Dante.<\/h2>\n<p>Adem\u00e1s de la espada Red Queen de Nero, ampl\u00eda tu colecci\u00f3n con otras armas legendarias de Devil May Cry.<\/p>\n<p>En primer lugar, el <a href=\"https:\/\/repliquemangacine.fr\/es\/katana-y-espada-videojuego-otros-videojuegos\/katana-yamoto-vergil-dmc-devil-my-cry\/\">Katana Yamato<\/a> con su larga y elegante hoja, s\u00edmbolo del estilo preciso e implacable de Vergil. Con su impecable acabado y su dise\u00f1o inspirado en las katanas tradicionales japonesas, esta r\u00e9plica es perfecta para los aficionados a la lucha con katana. De hecho, encontrar\u00e1 la \u00faltima versi\u00f3n de la <a href=\"https:\/\/repliquemangacine.fr\/es\/katana-y-espada-videojuego-otros-videojuegos\/katana-vergil-yamato-v2\/\">Katana Vergil V2<\/a> en Devil May Cry 5.<\/p>\n<p>En cuanto a la\u2019<a href=\"https:\/\/repliquemangacine.fr\/es\/katana-y-espada-videojuego-otros-videojuegos\/epee-rebellion-epee-de-dante-devil-may-cry\/\">Espada de la rebeli\u00f3n<\/a>Con su enorme hoja y sus motivos g\u00f3ticos, refleja la fuerza bruta de Dante. Estas r\u00e9plicas se han fabricado con la misma atenci\u00f3n al detalle, garantizando un renderizado fiel y una calidad excepcional. Combinando estas armas ic\u00f3nicas, podr\u00e1s recrear el intenso mundo de Devil May Cry en tu colecci\u00f3n. Reg\u00e1late estas piezas imprescindibles y sum\u00e9rgete en la acci\u00f3n como tus h\u00e9roes favoritos.<\/p>","protected":false},"excerpt":{"rendered":"<p>Esta r\u00e9plica de la espada Red Queen de Nero en Devil My Cry es absolutamente extraordinaria.<\/p>\n<ul>\n<li>Hoja de acero, especialmente moldeada y decorada.<\/li>\n<li>Mango de madera recubierto de hilo de algod\u00f3n rojo<\/li>\n<li>Protector de ABS moldeado con empu\u00f1adura de acelerador id\u00e9ntica a la del juego<\/li>\n<li>Se entrega con soporte de madera<\/li>\n<li>Longitud de la hoja: 95,5 cm - Longitud total: 127 cm<\/li>\n<\/ul>","protected":false},"featured_media":75394,"template":"","meta":[],"product_brand":[],"product_cat":[880,67],"product_tag":[],"class_list":{"0":"post-75391","1":"product","2":"type-product","3":"status-publish","4":"has-post-thumbnail","6":"product_cat-devil-may-cry","7":"product_cat-katana-et-epee-de-jeux-video-autre-jeux-video","9":"first","10":"instock","11":"taxable","12":"shipping-taxable","13":"purchasable","14":"product-type-simple"},"yoast_head":"<!-- This site is optimized with the Yoast SEO plugin v27.4 - https:\/\/yoast.com\/product\/yoast-seo-wordpress\/ -->\n<title>Ep\u00e9e Red Queen - Devil my Cry - Ep\u00e9e de Nero dans Devil My Cry | R\u00e9plique Manga Cin\u00e9<\/title>\n<meta name=\"description\" content=\"R\u00e9plique fid\u00e8le de l&#039;Ep\u00e9e Red Queen de Nero (Devil May Cry), avec poign\u00e9e d&#039;acc\u00e9l\u00e9rateur. Une pi\u00e8ce incontournable pour les fans et collectionneurs.\" \/>\n<meta name=\"robots\" content=\"index, follow, max-snippet:-1, max-image-preview:large, max-video-preview:-1\" \/>\n<link rel=\"canonical\" href=\"https:\/\/repliquemangacine.fr\/es\/katana-y-espada-videojuego-otros-videojuegos\/espada-roja-reina-diablo-mi-grito\/\" \/>\n<meta property=\"og:locale\" content=\"es_ES\" \/>\n<meta property=\"og:type\" content=\"article\" \/>\n<meta property=\"og:title\" content=\"Ep\u00e9e Red Queen - Devil my Cry - Ep\u00e9e de Nero dans Devil My Cry | R\u00e9plique Manga Cin\u00e9\" \/>\n<meta property=\"og:description\" content=\"R\u00e9plique fid\u00e8le de l&#039;Ep\u00e9e Red Queen de Nero (Devil May Cry), avec poign\u00e9e d&#039;acc\u00e9l\u00e9rateur. Une pi\u00e8ce incontournable pour les fans et collectionneurs.\" \/>\n<meta property=\"og:url\" content=\"https:\/\/repliquemangacine.fr\/es\/katana-y-espada-videojuego-otros-videojuegos\/espada-roja-reina-diablo-mi-grito\/\" \/>\n<meta property=\"og:site_name\" content=\"R\u00e9plique Manga Cin\u00e9\" \/>\n<meta property=\"article:publisher\" content=\"https:\/\/www.facebook.com\/RepliqueMangaCine\" \/>\n<meta property=\"article:modified_time\" content=\"2026-01-08T14:14:02+00:00\" \/>\n<meta property=\"og:image\" content=\"https:\/\/repliquemangacine.fr\/wp-content\/uploads\/2024\/10\/epee-red-queen-sur-support.jpg\" \/>\n\t<meta property=\"og:image:width\" content=\"500\" \/>\n\t<meta property=\"og:image:height\" content=\"500\" \/>\n\t<meta property=\"og:image:type\" content=\"image\/jpeg\" \/>\n<meta name=\"twitter:card\" content=\"summary_large_image\" \/>\n<meta name=\"twitter:label1\" content=\"Tiempo de lectura\" \/>\n\t<meta name=\"twitter:data1\" content=\"3 minutos\" \/>\n<script type=\"application\/ld+json\" class=\"yoast-schema-graph\">{\"@context\":\"https:\\\/\\\/schema.org\",\"@graph\":[{\"@type\":\"WebPage\",\"@id\":\"https:\\\/\\\/repliquemangacine.fr\\\/katana-et-epee-de-jeux-video-autre-jeux-video\\\/epee-red-queen-devil-my-cry\\\/\",\"url\":\"https:\\\/\\\/repliquemangacine.fr\\\/katana-et-epee-de-jeux-video-autre-jeux-video\\\/epee-red-queen-devil-my-cry\\\/\",\"name\":\"Ep\u00e9e Red Queen - Devil my Cry - Ep\u00e9e de Nero dans Devil My Cry | R\u00e9plique Manga Cin\u00e9\",\"isPartOf\":{\"@id\":\"https:\\\/\\\/repliquemangacine.fr\\\/#website\"},\"primaryImageOfPage\":{\"@id\":\"https:\\\/\\\/repliquemangacine.fr\\\/katana-et-epee-de-jeux-video-autre-jeux-video\\\/epee-red-queen-devil-my-cry\\\/#primaryimage\"},\"image\":{\"@id\":\"https:\\\/\\\/repliquemangacine.fr\\\/katana-et-epee-de-jeux-video-autre-jeux-video\\\/epee-red-queen-devil-my-cry\\\/#primaryimage\"},\"thumbnailUrl\":\"https:\\\/\\\/repliquemangacine.fr\\\/wp-content\\\/uploads\\\/2024\\\/10\\\/epee-red-queen-sur-support.jpg\",\"datePublished\":\"2024-10-17T15:59:36+00:00\",\"dateModified\":\"2026-01-08T14:14:02+00:00\",\"description\":\"R\u00e9plique fid\u00e8le de l'Ep\u00e9e Red Queen de Nero (Devil May Cry), avec poign\u00e9e d'acc\u00e9l\u00e9rateur. Une pi\u00e8ce incontournable pour les fans et collectionneurs.\",\"breadcrumb\":{\"@id\":\"https:\\\/\\\/repliquemangacine.fr\\\/katana-et-epee-de-jeux-video-autre-jeux-video\\\/epee-red-queen-devil-my-cry\\\/#breadcrumb\"},\"inLanguage\":\"es\",\"potentialAction\":[{\"@type\":\"ReadAction\",\"target\":[\"https:\\\/\\\/repliquemangacine.fr\\\/katana-et-epee-de-jeux-video-autre-jeux-video\\\/epee-red-queen-devil-my-cry\\\/\"]}]},{\"@type\":\"ImageObject\",\"inLanguage\":\"es\",\"@id\":\"https:\\\/\\\/repliquemangacine.fr\\\/katana-et-epee-de-jeux-video-autre-jeux-video\\\/epee-red-queen-devil-my-cry\\\/#primaryimage\",\"url\":\"https:\\\/\\\/repliquemangacine.fr\\\/wp-content\\\/uploads\\\/2024\\\/10\\\/epee-red-queen-sur-support.jpg\",\"contentUrl\":\"https:\\\/\\\/repliquemangacine.fr\\\/wp-content\\\/uploads\\\/2024\\\/10\\\/epee-red-queen-sur-support.jpg\",\"width\":500,\"height\":500,\"caption\":\"Ep\u00e9e Red Queen Devil My Cry\"},{\"@type\":\"BreadcrumbList\",\"@id\":\"https:\\\/\\\/repliquemangacine.fr\\\/katana-et-epee-de-jeux-video-autre-jeux-video\\\/epee-red-queen-devil-my-cry\\\/#breadcrumb\",\"itemListElement\":[{\"@type\":\"ListItem\",\"position\":1,\"name\":\"Accueil\",\"item\":\"https:\\\/\\\/repliquemangacine.fr\\\/\"},{\"@type\":\"ListItem\",\"position\":2,\"name\":\"Produits\",\"item\":\"https:\\\/\\\/repliquemangacine.fr\\\/boutique\\\/\"},{\"@type\":\"ListItem\",\"position\":3,\"name\":\"Ep\u00e9e Red Queen &#8211; Devil my Cry\"}]},{\"@type\":\"WebSite\",\"@id\":\"https:\\\/\\\/repliquemangacine.fr\\\/#website\",\"url\":\"https:\\\/\\\/repliquemangacine.fr\\\/\",\"name\":\"R\u00e9plique Manga Cin\u00e9\",\"description\":\"\",\"publisher\":{\"@id\":\"https:\\\/\\\/repliquemangacine.fr\\\/#organization\"},\"potentialAction\":[{\"@type\":\"SearchAction\",\"target\":{\"@type\":\"EntryPoint\",\"urlTemplate\":\"https:\\\/\\\/repliquemangacine.fr\\\/?s={search_term_string}\"},\"query-input\":{\"@type\":\"PropertyValueSpecification\",\"valueRequired\":true,\"valueName\":\"search_term_string\"}}],\"inLanguage\":\"es\"},{\"@type\":\"Organization\",\"@id\":\"https:\\\/\\\/repliquemangacine.fr\\\/#organization\",\"name\":\"R\u00e9plique Manga Cin\u00e9\",\"url\":\"https:\\\/\\\/repliquemangacine.fr\\\/\",\"logo\":{\"@type\":\"ImageObject\",\"inLanguage\":\"es\",\"@id\":\"https:\\\/\\\/repliquemangacine.fr\\\/#\\\/schema\\\/logo\\\/image\\\/\",\"url\":\"https:\\\/\\\/repliquemangacine.fr\\\/wp-content\\\/uploads\\\/2023\\\/10\\\/RMC-500250.png\",\"contentUrl\":\"https:\\\/\\\/repliquemangacine.fr\\\/wp-content\\\/uploads\\\/2023\\\/10\\\/RMC-500250.png\",\"width\":500,\"height\":250,\"caption\":\"R\u00e9plique Manga Cin\u00e9\"},\"image\":{\"@id\":\"https:\\\/\\\/repliquemangacine.fr\\\/#\\\/schema\\\/logo\\\/image\\\/\"},\"sameAs\":[\"https:\\\/\\\/www.facebook.com\\\/RepliqueMangaCine\",\"https:\\\/\\\/www.instagram.com\\\/repliquemangacine.fr\\\/\"]}]}<\/script>\n<!-- \/ Yoast SEO plugin. -->","yoast_head_json":{"title":"Espada Reina Roja - Devil my Cry - La espada de Nero en Devil My Cry | R\u00e9plique Manga Cin\u00e9","description":"R\u00e9plica fiel de la Espada Reina Roja de Nero (Devil May Cry), con empu\u00f1adura de acelerador. Imprescindible para fans y coleccionistas.","robots":{"index":"index","follow":"follow","max-snippet":"max-snippet:-1","max-image-preview":"max-image-preview:large","max-video-preview":"max-video-preview:-1"},"canonical":"https:\/\/repliquemangacine.fr\/es\/katana-y-espada-videojuego-otros-videojuegos\/espada-roja-reina-diablo-mi-grito\/","og_locale":"es_ES","og_type":"article","og_title":"Ep\u00e9e Red Queen - Devil my Cry - Ep\u00e9e de Nero dans Devil My Cry | R\u00e9plique Manga Cin\u00e9","og_description":"R\u00e9plique fid\u00e8le de l'Ep\u00e9e Red Queen de Nero (Devil May Cry), avec poign\u00e9e d'acc\u00e9l\u00e9rateur. Une pi\u00e8ce incontournable pour les fans et collectionneurs.","og_url":"https:\/\/repliquemangacine.fr\/es\/katana-y-espada-videojuego-otros-videojuegos\/espada-roja-reina-diablo-mi-grito\/","og_site_name":"R\u00e9plique Manga Cin\u00e9","article_publisher":"https:\/\/www.facebook.com\/RepliqueMangaCine","article_modified_time":"2026-01-08T14:14:02+00:00","og_image":[{"width":500,"height":500,"url":"https:\/\/repliquemangacine.fr\/wp-content\/uploads\/2024\/10\/epee-red-queen-sur-support.jpg","type":"image\/jpeg"}],"twitter_card":"summary_large_image","twitter_misc":{"Tiempo de lectura":"3 minutos"},"schema":{"@context":"https:\/\/schema.org","@graph":[{"@type":"WebPage","@id":"https:\/\/repliquemangacine.fr\/katana-et-epee-de-jeux-video-autre-jeux-video\/epee-red-queen-devil-my-cry\/","url":"https:\/\/repliquemangacine.fr\/katana-et-epee-de-jeux-video-autre-jeux-video\/epee-red-queen-devil-my-cry\/","name":"Espada Reina Roja - Devil my Cry - La espada de Nero en Devil My Cry | R\u00e9plique Manga Cin\u00e9","isPartOf":{"@id":"https:\/\/repliquemangacine.fr\/#website"},"primaryImageOfPage":{"@id":"https:\/\/repliquemangacine.fr\/katana-et-epee-de-jeux-video-autre-jeux-video\/epee-red-queen-devil-my-cry\/#primaryimage"},"image":{"@id":"https:\/\/repliquemangacine.fr\/katana-et-epee-de-jeux-video-autre-jeux-video\/epee-red-queen-devil-my-cry\/#primaryimage"},"thumbnailUrl":"https:\/\/repliquemangacine.fr\/wp-content\/uploads\/2024\/10\/epee-red-queen-sur-support.jpg","datePublished":"2024-10-17T15:59:36+00:00","dateModified":"2026-01-08T14:14:02+00:00","description":"R\u00e9plica fiel de la Espada Reina Roja de Nero (Devil May Cry), con empu\u00f1adura de acelerador. Imprescindible para fans y coleccionistas.","breadcrumb":{"@id":"https:\/\/repliquemangacine.fr\/katana-et-epee-de-jeux-video-autre-jeux-video\/epee-red-queen-devil-my-cry\/#breadcrumb"},"inLanguage":"es","potentialAction":[{"@type":"ReadAction","target":["https:\/\/repliquemangacine.fr\/katana-et-epee-de-jeux-video-autre-jeux-video\/epee-red-queen-devil-my-cry\/"]}]},{"@type":"ImageObject","inLanguage":"es","@id":"https:\/\/repliquemangacine.fr\/katana-et-epee-de-jeux-video-autre-jeux-video\/epee-red-queen-devil-my-cry\/#primaryimage","url":"https:\/\/repliquemangacine.fr\/wp-content\/uploads\/2024\/10\/epee-red-queen-sur-support.jpg","contentUrl":"https:\/\/repliquemangacine.fr\/wp-content\/uploads\/2024\/10\/epee-red-queen-sur-support.jpg","width":500,"height":500,"caption":"Ep\u00e9e Red Queen Devil My Cry"},{"@type":"BreadcrumbList","@id":"https:\/\/repliquemangacine.fr\/katana-et-epee-de-jeux-video-autre-jeux-video\/epee-red-queen-devil-my-cry\/#breadcrumb","itemListElement":[{"@type":"ListItem","position":1,"name":"Accueil","item":"https:\/\/repliquemangacine.fr\/"},{"@type":"ListItem","position":2,"name":"Produits","item":"https:\/\/repliquemangacine.fr\/boutique\/"},{"@type":"ListItem","position":3,"name":"Ep\u00e9e Red Queen &#8211; Devil my Cry"}]},{"@type":"WebSite","@id":"https:\/\/repliquemangacine.fr\/#website","url":"https:\/\/repliquemangacine.fr\/","name":"R\u00e9plique Manga Cin\u00e9","description":"","publisher":{"@id":"https:\/\/repliquemangacine.fr\/#organization"},"potentialAction":[{"@type":"SearchAction","target":{"@type":"EntryPoint","urlTemplate":"https:\/\/repliquemangacine.fr\/?s={search_term_string}"},"query-input":{"@type":"PropertyValueSpecification","valueRequired":true,"valueName":"search_term_string"}}],"inLanguage":"es"},{"@type":"Organization","@id":"https:\/\/repliquemangacine.fr\/#organization","name":"R\u00e9plique Manga Cin\u00e9","url":"https:\/\/repliquemangacine.fr\/","logo":{"@type":"ImageObject","inLanguage":"es","@id":"https:\/\/repliquemangacine.fr\/#\/schema\/logo\/image\/","url":"https:\/\/repliquemangacine.fr\/wp-content\/uploads\/2023\/10\/RMC-500250.png","contentUrl":"https:\/\/repliquemangacine.fr\/wp-content\/uploads\/2023\/10\/RMC-500250.png","width":500,"height":250,"caption":"R\u00e9plique Manga Cin\u00e9"},"image":{"@id":"https:\/\/repliquemangacine.fr\/#\/schema\/logo\/image\/"},"sameAs":["https:\/\/www.facebook.com\/RepliqueMangaCine","https:\/\/www.instagram.com\/repliquemangacine.fr\/"]}]}},"_links":{"self":[{"href":"https:\/\/repliquemangacine.fr\/es\/wp-json\/wp\/v2\/product\/75391","targetHints":{"allow":["GET"]}}],"collection":[{"href":"https:\/\/repliquemangacine.fr\/es\/wp-json\/wp\/v2\/product"}],"about":[{"href":"https:\/\/repliquemangacine.fr\/es\/wp-json\/wp\/v2\/types\/product"}],"wp:featuredmedia":[{"embeddable":true,"href":"https:\/\/repliquemangacine.fr\/es\/wp-json\/wp\/v2\/media\/75394"}],"wp:attachment":[{"href":"https:\/\/repliquemangacine.fr\/es\/wp-json\/wp\/v2\/media?parent=75391"}],"wp:term":[{"taxonomy":"product_brand","embeddable":true,"href":"https:\/\/repliquemangacine.fr\/es\/wp-json\/wp\/v2\/product_brand?post=75391"},{"taxonomy":"product_cat","embeddable":true,"href":"https:\/\/repliquemangacine.fr\/es\/wp-json\/wp\/v2\/product_cat?post=75391"},{"taxonomy":"product_tag","embeddable":true,"href":"https:\/\/repliquemangacine.fr\/es\/wp-json\/wp\/v2\/product_tag?post=75391"}],"curies":[{"name":"wp","href":"https:\/\/api.w.org\/{rel}","templated":true}]}}