





{"id":75178,"date":"2024-10-09T17:26:10","date_gmt":"2024-10-09T15:26:10","guid":{"rendered":"https:\/\/repliquemangacine.fr\/?post_type=product&#038;p=75178"},"modified":"2025-12-22T09:49:18","modified_gmt":"2025-12-22T08:49:18","slug":"tanjiro-katana-ligera","status":"publish","type":"product","link":"https:\/\/repliquemangacine.fr\/es\/katana-lumineux-demon-slayer\/katana-lumineux-tanjiro\/","title":{"rendered":"Katana luminosa Tanjiro"},"content":{"rendered":"<h2>Katana luminosa de Tanjiro Kamado en Demon Slayer<\/h2>\n<p>Para empezar, descubre una espectacular novedad: \u00a1la katana luminosa de Tanjiro Kamado, el emblem\u00e1tico h\u00e9roe de Demon Slayer! Esta katana \u00fanica no es s\u00f3lo una r\u00e9plica fiel del arma del personaje. Se ilumina gracias a sus LEDs incorporados. Funcionan con pilas (no incluidas) y se activan mediante un sencillo bot\u00f3n de encendido y apagado, h\u00e1bilmente disimulado para no comprometer el dise\u00f1o aut\u00e9ntico de la katana. Esta innovaci\u00f3n tecnol\u00f3gica recrea el aura luminosa y poderosa de Tanjiro, haciendo que el arma resulte a\u00fan m\u00e1s envolvente. Tal calidad y atenci\u00f3n al detalle en una r\u00e9plica luminosa es una primicia en el mundo de las katanas. Garantiza a coleccionistas y aficionados una experiencia visual \u00fanica. A\u00f1ade esta excepcional pieza a tu colecci\u00f3n y d\u00e9jate llevar por la magia de Demon Slayer, \u00a1con una katana que brilla con la misma intensidad que el esp\u00edritu luchador de Tanjiro!<\/p>\n<h2>Explora las otras katanas ligeras de Demon Slayer<\/h2>\n<p>Adem\u00e1s de la katana de Tanjiro, los aficionados podr\u00e1n adquirir otras katanas luminosas inspiradas en Demon Slayer.<\/p>\n<ul>\n<li>Descubre la <a href=\"https:\/\/repliquemangacine.fr\/es\/katana-cazademonios\/katana-ligera-zenitsu\/\">Katana luminosa Zenitsu<\/a> Agatsuma, cuyos LEDs recrean a la perfecci\u00f3n el destello de su Aliento de Rel\u00e1mpago. Esta katana refleja toda la energ\u00eda explosiva de Zenitsu en la batalla.<\/li>\n<li>Para los fans de <a href=\"https:\/\/repliquemangacine.fr\/es\/katana-luz-cazademonios\/mitsuri-luminous-katana-demon-slayer-figurine-gratis\/\">Mitsuri y su katana de plomo<\/a>Esta es sin duda una de las armas m\u00e1s distintivas entre los Demon Slayers. Dise\u00f1ada para su Aliento de Amor, un estilo de lucha basado en el Aliento de Llama.<\/li>\n<li>Por \u00faltimo, el<a href=\"https:\/\/repliquemangacine.fr\/es\/katana-luz-cazademonios\/led-nichirin-sword-tanjiro-demon-slayer-figurine-gratis\/\">Espada Nichirin Tanjiro<\/a>Un arma especial de los Demon Slayers, forjada con un metal que absorbe la luz del sol, haciendo que la hoja sea mortal para los demonios. Estas r\u00e9plicas resplandecientes son el complemento perfecto para cualquier colecci\u00f3n, ya que combinan autenticidad e innovaci\u00f3n para ofrecer una experiencia a\u00fan m\u00e1s envolvente.<\/li>\n<\/ul>\n<h2>La innovaci\u00f3n al servicio de los aficionados: excepcionales katanas luminosas<\/h2>\n<p>El mundo de las r\u00e9plicas de katanas ha alcanzado un nuevo nivel con estos modelos luminosos. Y es una revoluci\u00f3n para los fans de <a href=\"https:\/\/kimetsu-no-yaiba.fandom.com\/wiki\/Kimetsu_no_Yaiba_Wiki\" target=\"_blank\" rel=\"noopener noreferrer\">Cazador de demonios<\/a>. Adem\u00e1s de su calidad de construcci\u00f3n y su fidelidad a las armas vistas en el anime. Estas katanas est\u00e1n equipadas con tecnolog\u00eda LED que a\u00f1ade una nueva dimensi\u00f3n inmersiva. Cada katana se convierte en mucho m\u00e1s que un simple objeto de coleccionista. Es un elemento verdaderamente interactivo, capaz de brillar y evocar el poder de los personajes que representa. Los LED se activan f\u00e1cilmente mediante un discreto bot\u00f3n, para disfrutar al m\u00e1ximo de la experiencia. Ya sea para exposiciones, fotos o incluso cosplays. Esta innovaci\u00f3n, que combina tradici\u00f3n y tecnolog\u00eda, convierte a las katanas iluminadas en una revoluci\u00f3n para los aficionados que buscan r\u00e9plicas aut\u00e9nticas a la vez que innovadoras. Si buscas mejorar tu colecci\u00f3n con algo tan \u00fanico como llamativo, \u00a1estas katanas iluminadas son para ti!<\/p>\n<p>&nbsp;<\/p>","protected":false},"excerpt":{"rendered":"<p>Magn\u00edfica r\u00e9plica de la katana de Tanjiro en versi\u00f3n luminosa (Led) en Demon Slayer.<\/p>\n<ul>\n<li>La hoja es de metal en la parte superior, mientras que la parte inferior es de ABS grueso con un LED en su interior.<\/li>\n<li>Bot\u00f3n de encendido\/apagado discreto y f\u00e1cil de usar<\/li>\n<li>Protector met\u00e1lico con forma especial<\/li>\n<li>Mango de imitaci\u00f3n de piel de raya roja, recubierto de trenzado de algod\u00f3n negro<\/li>\n<li>El extremo del mango se puede separar para insertar dos pilas AAA (no suministradas)<\/li>\n<li>Vaina de madera negra.<\/li>\n<li>Longitud hoja: 69 cm - Longitud total: 104 cm - Peso: 1050 gr<\/li>\n<\/ul>","protected":false},"featured_media":75182,"template":"","meta":[],"product_brand":[],"product_cat":[63,868,869,101],"product_tag":[],"class_list":{"0":"post-75178","1":"product","2":"type-product","3":"status-publish","4":"has-post-thumbnail","6":"product_cat-katana-demon-slayer","7":"product_cat-katana-lumineux","8":"product_cat-katana-lumineux-demon-slayer","9":"product_cat-soldes","11":"first","12":"instock","13":"sale","14":"taxable","15":"shipping-taxable","16":"purchasable","17":"product-type-simple"},"yoast_head":"<!-- This site is optimized with the Yoast SEO plugin v27.4 - https:\/\/yoast.com\/product\/yoast-seo-wordpress\/ -->\n<title>Katana lumineux Tanjiro - RMC<\/title>\n<meta name=\"description\" content=\"En exclusivit\u00e9 ! D\u00e9couvrez le Katana lumineux de Tanjiro Kamado dans Demon Slayer. Lame en m\u00e9tal et ABS leds. Fonctionne avec deux piles.\" \/>\n<meta name=\"robots\" content=\"index, follow, max-snippet:-1, max-image-preview:large, max-video-preview:-1\" \/>\n<link rel=\"canonical\" href=\"https:\/\/repliquemangacine.fr\/es\/katana-luz-cazademonios\/tanjiro-katana-ligera\/\" \/>\n<meta property=\"og:locale\" content=\"es_ES\" \/>\n<meta property=\"og:type\" content=\"article\" \/>\n<meta property=\"og:title\" content=\"Katana lumineux Tanjiro - RMC\" \/>\n<meta property=\"og:description\" content=\"En exclusivit\u00e9 ! D\u00e9couvrez le Katana lumineux de Tanjiro Kamado dans Demon Slayer. Lame en m\u00e9tal et ABS leds. Fonctionne avec deux piles.\" \/>\n<meta property=\"og:url\" content=\"https:\/\/repliquemangacine.fr\/es\/katana-luz-cazademonios\/tanjiro-katana-ligera\/\" \/>\n<meta property=\"og:site_name\" content=\"R\u00e9plique Manga Cin\u00e9\" \/>\n<meta property=\"article:publisher\" content=\"https:\/\/www.facebook.com\/RepliqueMangaCine\" \/>\n<meta property=\"article:modified_time\" content=\"2025-12-22T08:49:18+00:00\" \/>\n<meta property=\"og:image\" content=\"https:\/\/repliquemangacine.fr\/wp-content\/uploads\/2024\/10\/katana-with-led-lighting-zs650gd.jpg\" \/>\n\t<meta property=\"og:image:width\" content=\"500\" \/>\n\t<meta property=\"og:image:height\" content=\"500\" \/>\n\t<meta property=\"og:image:type\" content=\"image\/jpeg\" \/>\n<meta name=\"twitter:card\" content=\"summary_large_image\" \/>\n<meta name=\"twitter:label1\" content=\"Tiempo de lectura\" \/>\n\t<meta name=\"twitter:data1\" content=\"3 minutos\" \/>\n<script type=\"application\/ld+json\" class=\"yoast-schema-graph\">{\"@context\":\"https:\\\/\\\/schema.org\",\"@graph\":[{\"@type\":\"WebPage\",\"@id\":\"https:\\\/\\\/repliquemangacine.fr\\\/katana-lumineux-demon-slayer\\\/katana-lumineux-tanjiro\\\/\",\"url\":\"https:\\\/\\\/repliquemangacine.fr\\\/katana-lumineux-demon-slayer\\\/katana-lumineux-tanjiro\\\/\",\"name\":\"Katana lumineux Tanjiro - RMC\",\"isPartOf\":{\"@id\":\"https:\\\/\\\/repliquemangacine.fr\\\/#website\"},\"primaryImageOfPage\":{\"@id\":\"https:\\\/\\\/repliquemangacine.fr\\\/katana-lumineux-demon-slayer\\\/katana-lumineux-tanjiro\\\/#primaryimage\"},\"image\":{\"@id\":\"https:\\\/\\\/repliquemangacine.fr\\\/katana-lumineux-demon-slayer\\\/katana-lumineux-tanjiro\\\/#primaryimage\"},\"thumbnailUrl\":\"https:\\\/\\\/repliquemangacine.fr\\\/wp-content\\\/uploads\\\/2024\\\/10\\\/katana-with-led-lighting-zs650gd.jpg\",\"datePublished\":\"2024-10-09T15:26:10+00:00\",\"dateModified\":\"2025-12-22T08:49:18+00:00\",\"description\":\"En exclusivit\u00e9 ! D\u00e9couvrez le Katana lumineux de Tanjiro Kamado dans Demon Slayer. Lame en m\u00e9tal et ABS leds. Fonctionne avec deux piles.\",\"breadcrumb\":{\"@id\":\"https:\\\/\\\/repliquemangacine.fr\\\/katana-lumineux-demon-slayer\\\/katana-lumineux-tanjiro\\\/#breadcrumb\"},\"inLanguage\":\"es\",\"potentialAction\":[{\"@type\":\"ReadAction\",\"target\":[\"https:\\\/\\\/repliquemangacine.fr\\\/katana-lumineux-demon-slayer\\\/katana-lumineux-tanjiro\\\/\"]}]},{\"@type\":\"ImageObject\",\"inLanguage\":\"es\",\"@id\":\"https:\\\/\\\/repliquemangacine.fr\\\/katana-lumineux-demon-slayer\\\/katana-lumineux-tanjiro\\\/#primaryimage\",\"url\":\"https:\\\/\\\/repliquemangacine.fr\\\/wp-content\\\/uploads\\\/2024\\\/10\\\/katana-with-led-lighting-zs650gd.jpg\",\"contentUrl\":\"https:\\\/\\\/repliquemangacine.fr\\\/wp-content\\\/uploads\\\/2024\\\/10\\\/katana-with-led-lighting-zs650gd.jpg\",\"width\":500,\"height\":500,\"caption\":\"Katana lumineux Tanjiro dans Demon Slayer\"},{\"@type\":\"BreadcrumbList\",\"@id\":\"https:\\\/\\\/repliquemangacine.fr\\\/katana-lumineux-demon-slayer\\\/katana-lumineux-tanjiro\\\/#breadcrumb\",\"itemListElement\":[{\"@type\":\"ListItem\",\"position\":1,\"name\":\"Accueil\",\"item\":\"https:\\\/\\\/repliquemangacine.fr\\\/\"},{\"@type\":\"ListItem\",\"position\":2,\"name\":\"Produits\",\"item\":\"https:\\\/\\\/repliquemangacine.fr\\\/boutique\\\/\"},{\"@type\":\"ListItem\",\"position\":3,\"name\":\"Katana lumineux Tanjiro\"}]},{\"@type\":\"WebSite\",\"@id\":\"https:\\\/\\\/repliquemangacine.fr\\\/#website\",\"url\":\"https:\\\/\\\/repliquemangacine.fr\\\/\",\"name\":\"R\u00e9plique Manga Cin\u00e9\",\"description\":\"\",\"publisher\":{\"@id\":\"https:\\\/\\\/repliquemangacine.fr\\\/#organization\"},\"potentialAction\":[{\"@type\":\"SearchAction\",\"target\":{\"@type\":\"EntryPoint\",\"urlTemplate\":\"https:\\\/\\\/repliquemangacine.fr\\\/?s={search_term_string}\"},\"query-input\":{\"@type\":\"PropertyValueSpecification\",\"valueRequired\":true,\"valueName\":\"search_term_string\"}}],\"inLanguage\":\"es\"},{\"@type\":\"Organization\",\"@id\":\"https:\\\/\\\/repliquemangacine.fr\\\/#organization\",\"name\":\"R\u00e9plique Manga Cin\u00e9\",\"url\":\"https:\\\/\\\/repliquemangacine.fr\\\/\",\"logo\":{\"@type\":\"ImageObject\",\"inLanguage\":\"es\",\"@id\":\"https:\\\/\\\/repliquemangacine.fr\\\/#\\\/schema\\\/logo\\\/image\\\/\",\"url\":\"https:\\\/\\\/repliquemangacine.fr\\\/wp-content\\\/uploads\\\/2023\\\/10\\\/RMC-500250.png\",\"contentUrl\":\"https:\\\/\\\/repliquemangacine.fr\\\/wp-content\\\/uploads\\\/2023\\\/10\\\/RMC-500250.png\",\"width\":500,\"height\":250,\"caption\":\"R\u00e9plique Manga Cin\u00e9\"},\"image\":{\"@id\":\"https:\\\/\\\/repliquemangacine.fr\\\/#\\\/schema\\\/logo\\\/image\\\/\"},\"sameAs\":[\"https:\\\/\\\/www.facebook.com\\\/RepliqueMangaCine\",\"https:\\\/\\\/www.instagram.com\\\/repliquemangacine.fr\\\/\"]}]}<\/script>\n<!-- \/ Yoast SEO plugin. -->","yoast_head_json":{"title":"Katana luminosa Tanjiro - RMC","description":"\u00a1En exclusiva! Descubre la Katana luminosa de Tanjiro Kamado en Demon Slayer. Hoja de metal y LED de ABS. Funciona con dos pilas.","robots":{"index":"index","follow":"follow","max-snippet":"max-snippet:-1","max-image-preview":"max-image-preview:large","max-video-preview":"max-video-preview:-1"},"canonical":"https:\/\/repliquemangacine.fr\/es\/katana-luz-cazademonios\/tanjiro-katana-ligera\/","og_locale":"es_ES","og_type":"article","og_title":"Katana lumineux Tanjiro - RMC","og_description":"En exclusivit\u00e9 ! D\u00e9couvrez le Katana lumineux de Tanjiro Kamado dans Demon Slayer. Lame en m\u00e9tal et ABS leds. Fonctionne avec deux piles.","og_url":"https:\/\/repliquemangacine.fr\/es\/katana-luz-cazademonios\/tanjiro-katana-ligera\/","og_site_name":"R\u00e9plique Manga Cin\u00e9","article_publisher":"https:\/\/www.facebook.com\/RepliqueMangaCine","article_modified_time":"2025-12-22T08:49:18+00:00","og_image":[{"width":500,"height":500,"url":"https:\/\/repliquemangacine.fr\/wp-content\/uploads\/2024\/10\/katana-with-led-lighting-zs650gd.jpg","type":"image\/jpeg"}],"twitter_card":"summary_large_image","twitter_misc":{"Tiempo de lectura":"3 minutos"},"schema":{"@context":"https:\/\/schema.org","@graph":[{"@type":"WebPage","@id":"https:\/\/repliquemangacine.fr\/katana-lumineux-demon-slayer\/katana-lumineux-tanjiro\/","url":"https:\/\/repliquemangacine.fr\/katana-lumineux-demon-slayer\/katana-lumineux-tanjiro\/","name":"Katana luminosa Tanjiro - RMC","isPartOf":{"@id":"https:\/\/repliquemangacine.fr\/#website"},"primaryImageOfPage":{"@id":"https:\/\/repliquemangacine.fr\/katana-lumineux-demon-slayer\/katana-lumineux-tanjiro\/#primaryimage"},"image":{"@id":"https:\/\/repliquemangacine.fr\/katana-lumineux-demon-slayer\/katana-lumineux-tanjiro\/#primaryimage"},"thumbnailUrl":"https:\/\/repliquemangacine.fr\/wp-content\/uploads\/2024\/10\/katana-with-led-lighting-zs650gd.jpg","datePublished":"2024-10-09T15:26:10+00:00","dateModified":"2025-12-22T08:49:18+00:00","description":"\u00a1En exclusiva! Descubre la Katana luminosa de Tanjiro Kamado en Demon Slayer. Hoja de metal y LED de ABS. Funciona con dos pilas.","breadcrumb":{"@id":"https:\/\/repliquemangacine.fr\/katana-lumineux-demon-slayer\/katana-lumineux-tanjiro\/#breadcrumb"},"inLanguage":"es","potentialAction":[{"@type":"ReadAction","target":["https:\/\/repliquemangacine.fr\/katana-lumineux-demon-slayer\/katana-lumineux-tanjiro\/"]}]},{"@type":"ImageObject","inLanguage":"es","@id":"https:\/\/repliquemangacine.fr\/katana-lumineux-demon-slayer\/katana-lumineux-tanjiro\/#primaryimage","url":"https:\/\/repliquemangacine.fr\/wp-content\/uploads\/2024\/10\/katana-with-led-lighting-zs650gd.jpg","contentUrl":"https:\/\/repliquemangacine.fr\/wp-content\/uploads\/2024\/10\/katana-with-led-lighting-zs650gd.jpg","width":500,"height":500,"caption":"Katana lumineux Tanjiro dans Demon Slayer"},{"@type":"BreadcrumbList","@id":"https:\/\/repliquemangacine.fr\/katana-lumineux-demon-slayer\/katana-lumineux-tanjiro\/#breadcrumb","itemListElement":[{"@type":"ListItem","position":1,"name":"Accueil","item":"https:\/\/repliquemangacine.fr\/"},{"@type":"ListItem","position":2,"name":"Produits","item":"https:\/\/repliquemangacine.fr\/boutique\/"},{"@type":"ListItem","position":3,"name":"Katana lumineux Tanjiro"}]},{"@type":"WebSite","@id":"https:\/\/repliquemangacine.fr\/#website","url":"https:\/\/repliquemangacine.fr\/","name":"R\u00e9plique Manga Cin\u00e9","description":"","publisher":{"@id":"https:\/\/repliquemangacine.fr\/#organization"},"potentialAction":[{"@type":"SearchAction","target":{"@type":"EntryPoint","urlTemplate":"https:\/\/repliquemangacine.fr\/?s={search_term_string}"},"query-input":{"@type":"PropertyValueSpecification","valueRequired":true,"valueName":"search_term_string"}}],"inLanguage":"es"},{"@type":"Organization","@id":"https:\/\/repliquemangacine.fr\/#organization","name":"R\u00e9plique Manga Cin\u00e9","url":"https:\/\/repliquemangacine.fr\/","logo":{"@type":"ImageObject","inLanguage":"es","@id":"https:\/\/repliquemangacine.fr\/#\/schema\/logo\/image\/","url":"https:\/\/repliquemangacine.fr\/wp-content\/uploads\/2023\/10\/RMC-500250.png","contentUrl":"https:\/\/repliquemangacine.fr\/wp-content\/uploads\/2023\/10\/RMC-500250.png","width":500,"height":250,"caption":"R\u00e9plique Manga Cin\u00e9"},"image":{"@id":"https:\/\/repliquemangacine.fr\/#\/schema\/logo\/image\/"},"sameAs":["https:\/\/www.facebook.com\/RepliqueMangaCine","https:\/\/www.instagram.com\/repliquemangacine.fr\/"]}]}},"_links":{"self":[{"href":"https:\/\/repliquemangacine.fr\/es\/wp-json\/wp\/v2\/product\/75178","targetHints":{"allow":["GET"]}}],"collection":[{"href":"https:\/\/repliquemangacine.fr\/es\/wp-json\/wp\/v2\/product"}],"about":[{"href":"https:\/\/repliquemangacine.fr\/es\/wp-json\/wp\/v2\/types\/product"}],"wp:featuredmedia":[{"embeddable":true,"href":"https:\/\/repliquemangacine.fr\/es\/wp-json\/wp\/v2\/media\/75182"}],"wp:attachment":[{"href":"https:\/\/repliquemangacine.fr\/es\/wp-json\/wp\/v2\/media?parent=75178"}],"wp:term":[{"taxonomy":"product_brand","embeddable":true,"href":"https:\/\/repliquemangacine.fr\/es\/wp-json\/wp\/v2\/product_brand?post=75178"},{"taxonomy":"product_cat","embeddable":true,"href":"https:\/\/repliquemangacine.fr\/es\/wp-json\/wp\/v2\/product_cat?post=75178"},{"taxonomy":"product_tag","embeddable":true,"href":"https:\/\/repliquemangacine.fr\/es\/wp-json\/wp\/v2\/product_tag?post=75178"}],"curies":[{"name":"wp","href":"https:\/\/api.w.org\/{rel}","templated":true}]}}