





{"id":75171,"date":"2024-10-09T17:08:47","date_gmt":"2024-10-09T15:08:47","guid":{"rendered":"https:\/\/repliquemangacine.fr\/?post_type=product&#038;p=75171"},"modified":"2026-03-17T17:00:20","modified_gmt":"2026-03-17T16:00:20","slug":"katana-ligera-zenitsu","status":"publish","type":"product","link":"https:\/\/repliquemangacine.fr\/es\/katana-lumineux-demon-slayer\/katana-lumineux-zenitsu\/","title":{"rendered":"Katana luminosa Zenitsu"},"content":{"rendered":"<h2>Katana luminosa de Zenitsu en Demon Slayer<\/h2>\n<p>En primer lugar, descubra una novedad excepcional: la katana luminosa de <a href=\"https:\/\/kimetsu-no-yaiba.fandom.com\/fr\/wiki\/Zenitsu_Agatsuma\" target=\"_blank\" rel=\"noopener noreferrer\">Zenitsu<\/a> Esta obra maestra inspirada en el universo de Demon Slayer no solo es una r\u00e9plica fiel, sino que tambi\u00e9n se ilumina gracias a sus LED integrados. Funciona con pilas (no incluidas). Esta katana se activa simplemente pulsando un discreto bot\u00f3n de encendido\/apagado, pero f\u00e1cilmente accesible. La calidad de fabricaci\u00f3n es simplemente in\u00e9dita para este tipo de producto: \u00a1una novedad en el mundo de las r\u00e9plicas de katanas! Sum\u00e9rgete en la acci\u00f3n, recrea tus escenas favoritas y d\u00e9jate sorprender por este espectacular efecto luminoso.<\/p>\n<p>Para terminar, Zenitsu Agatsuma, miembro de los Cazadores de Demonios, famoso por su dominio del Aliento del Rayo, un estilo de lucha tan r\u00e1pido como poderoso. La Primera Postura: Golpe r\u00e1pido y fulminante. La katana luminosa de Zenitsu, con sus efectos de luz, simboliza a la perfecci\u00f3n esta velocidad e intensidad el\u00e9ctrica. \u00a1Imprescindible para cualquier fan del universo Demon Slayer!<\/p>\n<h2>Descubre las otras katanas ligeras de Demon Slayer<\/h2>\n<p>Si la katana de Zenitsu te ha impresionado, \u00a1espera a ver las dem\u00e1s katanas luminosas de la serie Demon Slayer! Cada r\u00e9plica est\u00e1 dise\u00f1ada con atenci\u00f3n al detalle y equipada con LED integrados para conseguir un efecto de iluminaci\u00f3n espectacular.<\/p>\n<ul>\n<li>En particular, encontrar\u00e1 el <a href=\"https:\/\/repliquemangacine.fr\/es\/katana-de-acero-kimetsu-no-yaiba-metal-katana-demon-slayer\/tanjiro-katana-ligera\/\">La katana de Tanjiro<\/a> Kamado, el h\u00e9roe emblem\u00e1tico de la serie. Su espada negra se ilumina para reflejar su fuerza y dedicaci\u00f3n.<\/li>\n<li>Para los fans del Pilar de Niebla, el<a href=\"https:\/\/repliquemangacine.fr\/es\/katana-cazademonios\/muichiro-katana-ligera\/\"> katana de Muichiro Tokito<\/a> tambi\u00e9n est\u00e1 disponible, con un elegante acabado y LED sutilmente integrados.<\/li>\n<li>Por \u00faltimo, no se pierda la katana del imperdible <a href=\"https:\/\/repliquemangacine.fr\/es\/katana-cazademonios\/katana-luminosa-rengoku\/\">Rengoku Kyojuro<\/a>. El Pilar de la Llama, cuya ardiente hoja brilla intensamente gracias a los LED, encarnando todo el poder de este personaje. Estas katanas luminosas son un aut\u00e9ntico tesoro para coleccionistas y fans de Demon Slayer, ya que combinan autenticidad e innovaci\u00f3n tecnol\u00f3gica.<\/li>\n<\/ul>\n<h2>La innovaci\u00f3n al servicio de los aficionados: katanas luminosas excepcionales<\/h2>\n<p>El mundo de las r\u00e9plicas de katanas ha alcanzado un nuevo nivel con estos modelos luminosos. Y es toda una revoluci\u00f3n para los fans de Demon Slayer. Tanto por su calidad de construcci\u00f3n como por su fidelidad a las armas vistas en el anime. Estas katanas est\u00e1n equipadas con tecnolog\u00eda LED que a\u00f1ade toda una nueva dimensi\u00f3n inmersiva. Cada katana se convierte en mucho m\u00e1s que un simple objeto de coleccionista. Es un elemento verdaderamente interactivo, capaz de brillar y evocar el poder de los personajes que representa. Los LED se activan f\u00e1cilmente mediante un discreto bot\u00f3n, para disfrutar al m\u00e1ximo de la experiencia. Ya sea para exposiciones, fotos o incluso cosplays. Esta innovaci\u00f3n, que combina tradici\u00f3n y tecnolog\u00eda, convierte a las katanas iluminadas en una revoluci\u00f3n para los aficionados que buscan r\u00e9plicas aut\u00e9nticas a la vez que innovadoras. Si buscas mejorar tu colecci\u00f3n con algo tan \u00fanico como llamativo, \u00a1estas katanas iluminadas son para ti!<\/p>\n<p>&nbsp;<\/p>\n<p>&nbsp;<\/p>","protected":false},"excerpt":{"rendered":"<p>Magn\u00edfica r\u00e9plica de la katana Zenitsu en versi\u00f3n luminosa (Led) en Demon Slayer.<\/p>\n<ul>\n<li>La hoja es de metal en la parte superior, mientras que la parte inferior es de ABS grueso con un LED en su interior.<\/li>\n<li>Bot\u00f3n de encendido\/apagado discreto y f\u00e1cil de usar<\/li>\n<li>Protector met\u00e1lico con forma especial<\/li>\n<li>Mango de imitaci\u00f3n de piel de raya, recubierto de trenzado de algod\u00f3n blanco<\/li>\n<li>El extremo del mango se puede separar para insertar dos pilas AAA (no suministradas)<\/li>\n<li>Vaina de madera lacada en blanco.<\/li>\n<li>Longitud hoja: 67 cm - Longitud total: 103 cm - Peso: 1070 gr<\/li>\n<\/ul>","protected":false},"featured_media":75172,"template":"","meta":[],"product_brand":[],"product_cat":[63,868,869,101],"product_tag":[],"class_list":{"0":"post-75171","1":"product","2":"type-product","3":"status-publish","4":"has-post-thumbnail","6":"product_cat-katana-demon-slayer","7":"product_cat-katana-lumineux","8":"product_cat-katana-lumineux-demon-slayer","9":"product_cat-soldes","11":"first","12":"instock","13":"sale","14":"taxable","15":"shipping-taxable","16":"purchasable","17":"product-type-simple"},"yoast_head":"<!-- This site is optimized with the Yoast SEO plugin v27.4 - https:\/\/yoast.com\/product\/yoast-seo-wordpress\/ -->\n<title>Katana lumineux Zenitsu | RMC<\/title>\n<meta name=\"description\" content=\"En exclusivit\u00e9 ! D\u00e9couvrez le katana lumineux de Zenitsu dans Demon Slayer. Lame en m\u00e9tal au-dessus et abs pour les leds. Fonctionne avec deux piles.\" \/>\n<meta name=\"robots\" content=\"index, follow, max-snippet:-1, max-image-preview:large, max-video-preview:-1\" \/>\n<link rel=\"canonical\" href=\"https:\/\/repliquemangacine.fr\/es\/katana-luz-cazademonios\/katana-ligera-zenitsu\/\" \/>\n<meta property=\"og:locale\" content=\"es_ES\" \/>\n<meta property=\"og:type\" content=\"article\" \/>\n<meta property=\"og:title\" content=\"Katana lumineux Zenitsu | RMC\" \/>\n<meta property=\"og:description\" content=\"En exclusivit\u00e9 ! D\u00e9couvrez le katana lumineux de Zenitsu dans Demon Slayer. Lame en m\u00e9tal au-dessus et abs pour les leds. Fonctionne avec deux piles.\" \/>\n<meta property=\"og:url\" content=\"https:\/\/repliquemangacine.fr\/es\/katana-luz-cazademonios\/katana-ligera-zenitsu\/\" \/>\n<meta property=\"og:site_name\" content=\"R\u00e9plique Manga Cin\u00e9\" \/>\n<meta property=\"article:publisher\" content=\"https:\/\/www.facebook.com\/RepliqueMangaCine\" \/>\n<meta property=\"article:modified_time\" content=\"2026-03-17T16:00:20+00:00\" \/>\n<meta property=\"og:image\" content=\"https:\/\/repliquemangacine.fr\/wp-content\/uploads\/2024\/10\/katana-with-led-lighting-zs653gd.jpg\" \/>\n\t<meta property=\"og:image:width\" content=\"500\" \/>\n\t<meta property=\"og:image:height\" content=\"500\" \/>\n\t<meta property=\"og:image:type\" content=\"image\/jpeg\" \/>\n<meta name=\"twitter:card\" content=\"summary_large_image\" \/>\n<meta name=\"twitter:label1\" content=\"Tiempo de lectura\" \/>\n\t<meta name=\"twitter:data1\" content=\"3 minutos\" \/>\n<script type=\"application\/ld+json\" class=\"yoast-schema-graph\">{\"@context\":\"https:\\\/\\\/schema.org\",\"@graph\":[{\"@type\":\"WebPage\",\"@id\":\"https:\\\/\\\/repliquemangacine.fr\\\/katana-lumineux-demon-slayer\\\/katana-lumineux-zenitsu\\\/\",\"url\":\"https:\\\/\\\/repliquemangacine.fr\\\/katana-lumineux-demon-slayer\\\/katana-lumineux-zenitsu\\\/\",\"name\":\"Katana lumineux Zenitsu | RMC\",\"isPartOf\":{\"@id\":\"https:\\\/\\\/repliquemangacine.fr\\\/#website\"},\"primaryImageOfPage\":{\"@id\":\"https:\\\/\\\/repliquemangacine.fr\\\/katana-lumineux-demon-slayer\\\/katana-lumineux-zenitsu\\\/#primaryimage\"},\"image\":{\"@id\":\"https:\\\/\\\/repliquemangacine.fr\\\/katana-lumineux-demon-slayer\\\/katana-lumineux-zenitsu\\\/#primaryimage\"},\"thumbnailUrl\":\"https:\\\/\\\/repliquemangacine.fr\\\/wp-content\\\/uploads\\\/2024\\\/10\\\/katana-with-led-lighting-zs653gd.jpg\",\"datePublished\":\"2024-10-09T15:08:47+00:00\",\"dateModified\":\"2026-03-17T16:00:20+00:00\",\"description\":\"En exclusivit\u00e9 ! D\u00e9couvrez le katana lumineux de Zenitsu dans Demon Slayer. Lame en m\u00e9tal au-dessus et abs pour les leds. Fonctionne avec deux piles.\",\"breadcrumb\":{\"@id\":\"https:\\\/\\\/repliquemangacine.fr\\\/katana-lumineux-demon-slayer\\\/katana-lumineux-zenitsu\\\/#breadcrumb\"},\"inLanguage\":\"es\",\"potentialAction\":[{\"@type\":\"ReadAction\",\"target\":[\"https:\\\/\\\/repliquemangacine.fr\\\/katana-lumineux-demon-slayer\\\/katana-lumineux-zenitsu\\\/\"]}]},{\"@type\":\"ImageObject\",\"inLanguage\":\"es\",\"@id\":\"https:\\\/\\\/repliquemangacine.fr\\\/katana-lumineux-demon-slayer\\\/katana-lumineux-zenitsu\\\/#primaryimage\",\"url\":\"https:\\\/\\\/repliquemangacine.fr\\\/wp-content\\\/uploads\\\/2024\\\/10\\\/katana-with-led-lighting-zs653gd.jpg\",\"contentUrl\":\"https:\\\/\\\/repliquemangacine.fr\\\/wp-content\\\/uploads\\\/2024\\\/10\\\/katana-with-led-lighting-zs653gd.jpg\",\"width\":500,\"height\":500,\"caption\":\"Katana avec Led de Zenitsu dans Demon slayer\"},{\"@type\":\"BreadcrumbList\",\"@id\":\"https:\\\/\\\/repliquemangacine.fr\\\/katana-lumineux-demon-slayer\\\/katana-lumineux-zenitsu\\\/#breadcrumb\",\"itemListElement\":[{\"@type\":\"ListItem\",\"position\":1,\"name\":\"Accueil\",\"item\":\"https:\\\/\\\/repliquemangacine.fr\\\/\"},{\"@type\":\"ListItem\",\"position\":2,\"name\":\"Produits\",\"item\":\"https:\\\/\\\/repliquemangacine.fr\\\/boutique\\\/\"},{\"@type\":\"ListItem\",\"position\":3,\"name\":\"Katana lumineux Zenitsu\"}]},{\"@type\":\"WebSite\",\"@id\":\"https:\\\/\\\/repliquemangacine.fr\\\/#website\",\"url\":\"https:\\\/\\\/repliquemangacine.fr\\\/\",\"name\":\"R\u00e9plique Manga Cin\u00e9\",\"description\":\"\",\"publisher\":{\"@id\":\"https:\\\/\\\/repliquemangacine.fr\\\/#organization\"},\"potentialAction\":[{\"@type\":\"SearchAction\",\"target\":{\"@type\":\"EntryPoint\",\"urlTemplate\":\"https:\\\/\\\/repliquemangacine.fr\\\/?s={search_term_string}\"},\"query-input\":{\"@type\":\"PropertyValueSpecification\",\"valueRequired\":true,\"valueName\":\"search_term_string\"}}],\"inLanguage\":\"es\"},{\"@type\":\"Organization\",\"@id\":\"https:\\\/\\\/repliquemangacine.fr\\\/#organization\",\"name\":\"R\u00e9plique Manga Cin\u00e9\",\"url\":\"https:\\\/\\\/repliquemangacine.fr\\\/\",\"logo\":{\"@type\":\"ImageObject\",\"inLanguage\":\"es\",\"@id\":\"https:\\\/\\\/repliquemangacine.fr\\\/#\\\/schema\\\/logo\\\/image\\\/\",\"url\":\"https:\\\/\\\/repliquemangacine.fr\\\/wp-content\\\/uploads\\\/2023\\\/10\\\/RMC-500250.png\",\"contentUrl\":\"https:\\\/\\\/repliquemangacine.fr\\\/wp-content\\\/uploads\\\/2023\\\/10\\\/RMC-500250.png\",\"width\":500,\"height\":250,\"caption\":\"R\u00e9plique Manga Cin\u00e9\"},\"image\":{\"@id\":\"https:\\\/\\\/repliquemangacine.fr\\\/#\\\/schema\\\/logo\\\/image\\\/\"},\"sameAs\":[\"https:\\\/\\\/www.facebook.com\\\/RepliqueMangaCine\",\"https:\\\/\\\/www.instagram.com\\\/repliquemangacine.fr\\\/\"]}]}<\/script>\n<!-- \/ Yoast SEO plugin. -->","yoast_head_json":{"title":"Katana luminosa Zenitsu | RMC","description":"\u00a1En exclusiva! Descubre la katana luminosa de Zenitsu en Demon Slayer. Hoja de metal arriba y abs para los LED. Funciona con dos pilas.","robots":{"index":"index","follow":"follow","max-snippet":"max-snippet:-1","max-image-preview":"max-image-preview:large","max-video-preview":"max-video-preview:-1"},"canonical":"https:\/\/repliquemangacine.fr\/es\/katana-luz-cazademonios\/katana-ligera-zenitsu\/","og_locale":"es_ES","og_type":"article","og_title":"Katana lumineux Zenitsu | RMC","og_description":"En exclusivit\u00e9 ! D\u00e9couvrez le katana lumineux de Zenitsu dans Demon Slayer. Lame en m\u00e9tal au-dessus et abs pour les leds. Fonctionne avec deux piles.","og_url":"https:\/\/repliquemangacine.fr\/es\/katana-luz-cazademonios\/katana-ligera-zenitsu\/","og_site_name":"R\u00e9plique Manga Cin\u00e9","article_publisher":"https:\/\/www.facebook.com\/RepliqueMangaCine","article_modified_time":"2026-03-17T16:00:20+00:00","og_image":[{"width":500,"height":500,"url":"https:\/\/repliquemangacine.fr\/wp-content\/uploads\/2024\/10\/katana-with-led-lighting-zs653gd.jpg","type":"image\/jpeg"}],"twitter_card":"summary_large_image","twitter_misc":{"Tiempo de lectura":"3 minutos"},"schema":{"@context":"https:\/\/schema.org","@graph":[{"@type":"WebPage","@id":"https:\/\/repliquemangacine.fr\/katana-lumineux-demon-slayer\/katana-lumineux-zenitsu\/","url":"https:\/\/repliquemangacine.fr\/katana-lumineux-demon-slayer\/katana-lumineux-zenitsu\/","name":"Katana luminosa Zenitsu | RMC","isPartOf":{"@id":"https:\/\/repliquemangacine.fr\/#website"},"primaryImageOfPage":{"@id":"https:\/\/repliquemangacine.fr\/katana-lumineux-demon-slayer\/katana-lumineux-zenitsu\/#primaryimage"},"image":{"@id":"https:\/\/repliquemangacine.fr\/katana-lumineux-demon-slayer\/katana-lumineux-zenitsu\/#primaryimage"},"thumbnailUrl":"https:\/\/repliquemangacine.fr\/wp-content\/uploads\/2024\/10\/katana-with-led-lighting-zs653gd.jpg","datePublished":"2024-10-09T15:08:47+00:00","dateModified":"2026-03-17T16:00:20+00:00","description":"\u00a1En exclusiva! Descubre la katana luminosa de Zenitsu en Demon Slayer. Hoja de metal arriba y abs para los LED. Funciona con dos pilas.","breadcrumb":{"@id":"https:\/\/repliquemangacine.fr\/katana-lumineux-demon-slayer\/katana-lumineux-zenitsu\/#breadcrumb"},"inLanguage":"es","potentialAction":[{"@type":"ReadAction","target":["https:\/\/repliquemangacine.fr\/katana-lumineux-demon-slayer\/katana-lumineux-zenitsu\/"]}]},{"@type":"ImageObject","inLanguage":"es","@id":"https:\/\/repliquemangacine.fr\/katana-lumineux-demon-slayer\/katana-lumineux-zenitsu\/#primaryimage","url":"https:\/\/repliquemangacine.fr\/wp-content\/uploads\/2024\/10\/katana-with-led-lighting-zs653gd.jpg","contentUrl":"https:\/\/repliquemangacine.fr\/wp-content\/uploads\/2024\/10\/katana-with-led-lighting-zs653gd.jpg","width":500,"height":500,"caption":"Katana avec Led de Zenitsu dans Demon slayer"},{"@type":"BreadcrumbList","@id":"https:\/\/repliquemangacine.fr\/katana-lumineux-demon-slayer\/katana-lumineux-zenitsu\/#breadcrumb","itemListElement":[{"@type":"ListItem","position":1,"name":"Accueil","item":"https:\/\/repliquemangacine.fr\/"},{"@type":"ListItem","position":2,"name":"Produits","item":"https:\/\/repliquemangacine.fr\/boutique\/"},{"@type":"ListItem","position":3,"name":"Katana lumineux Zenitsu"}]},{"@type":"WebSite","@id":"https:\/\/repliquemangacine.fr\/#website","url":"https:\/\/repliquemangacine.fr\/","name":"R\u00e9plique Manga Cin\u00e9","description":"","publisher":{"@id":"https:\/\/repliquemangacine.fr\/#organization"},"potentialAction":[{"@type":"SearchAction","target":{"@type":"EntryPoint","urlTemplate":"https:\/\/repliquemangacine.fr\/?s={search_term_string}"},"query-input":{"@type":"PropertyValueSpecification","valueRequired":true,"valueName":"search_term_string"}}],"inLanguage":"es"},{"@type":"Organization","@id":"https:\/\/repliquemangacine.fr\/#organization","name":"R\u00e9plique Manga Cin\u00e9","url":"https:\/\/repliquemangacine.fr\/","logo":{"@type":"ImageObject","inLanguage":"es","@id":"https:\/\/repliquemangacine.fr\/#\/schema\/logo\/image\/","url":"https:\/\/repliquemangacine.fr\/wp-content\/uploads\/2023\/10\/RMC-500250.png","contentUrl":"https:\/\/repliquemangacine.fr\/wp-content\/uploads\/2023\/10\/RMC-500250.png","width":500,"height":250,"caption":"R\u00e9plique Manga Cin\u00e9"},"image":{"@id":"https:\/\/repliquemangacine.fr\/#\/schema\/logo\/image\/"},"sameAs":["https:\/\/www.facebook.com\/RepliqueMangaCine","https:\/\/www.instagram.com\/repliquemangacine.fr\/"]}]}},"_links":{"self":[{"href":"https:\/\/repliquemangacine.fr\/es\/wp-json\/wp\/v2\/product\/75171","targetHints":{"allow":["GET"]}}],"collection":[{"href":"https:\/\/repliquemangacine.fr\/es\/wp-json\/wp\/v2\/product"}],"about":[{"href":"https:\/\/repliquemangacine.fr\/es\/wp-json\/wp\/v2\/types\/product"}],"wp:featuredmedia":[{"embeddable":true,"href":"https:\/\/repliquemangacine.fr\/es\/wp-json\/wp\/v2\/media\/75172"}],"wp:attachment":[{"href":"https:\/\/repliquemangacine.fr\/es\/wp-json\/wp\/v2\/media?parent=75171"}],"wp:term":[{"taxonomy":"product_brand","embeddable":true,"href":"https:\/\/repliquemangacine.fr\/es\/wp-json\/wp\/v2\/product_brand?post=75171"},{"taxonomy":"product_cat","embeddable":true,"href":"https:\/\/repliquemangacine.fr\/es\/wp-json\/wp\/v2\/product_cat?post=75171"},{"taxonomy":"product_tag","embeddable":true,"href":"https:\/\/repliquemangacine.fr\/es\/wp-json\/wp\/v2\/product_tag?post=75171"}],"curies":[{"name":"wp","href":"https:\/\/api.w.org\/{rel}","templated":true}]}}