





{"id":74490,"date":"2024-09-11T16:15:42","date_gmt":"2024-09-11T14:15:42","guid":{"rendered":"https:\/\/repliquemangacine.fr\/?post_type=product&#038;p=74490"},"modified":"2025-11-17T21:59:55","modified_gmt":"2025-11-17T20:59:55","slug":"espada-negra-de-sauron","status":"publish","type":"product","link":"https:\/\/repliquemangacine.fr\/es\/epees-et-dague-les-anneaux-de-pouvoir\/epee-noire-de-sauron\/","title":{"rendered":"Espada Negra de Sauron"},"content":{"rendered":"<h2>Espada negra de Sauron con la hoja rota<\/h2>\n<p>Para empezar, la Espada Negra de Sauron es oscura. La hoja est\u00e1 rota cerca de la empu\u00f1adura y lleva la marca de Sauron. Theo la encuentra por casualidad, queda fascinado por ella y decide qued\u00e1rsela. Adem\u00e1s, parece ejercer sobre Theo un poder de atracci\u00f3n id\u00e9ntico al del Anillo \u00danico sobre su poseedor. <a href=\"https:\/\/lotr.fandom.com\/fr\/wiki\/Waldreg\" target=\"_blank\" rel=\"noopener noreferrer\">Waldreg<\/a> le revela a Theo que esa espada es un poder otorgado por Sauron a los antepasados de los Hombres del Sur.<\/p>\n<p>La espada es una llave, Waldreg la activa con su sangre y la clava en el bajorrelieve de la ciudadela. El agua del lago de monta\u00f1a cercano a Ostirith se libera y desciende por el valle. Sigue los t\u00faneles excavados por los orcos para desembocar en la lava del volc\u00e1n dormido de la Monta\u00f1a del Destino. La repentina afluencia de agua despierta al volc\u00e1n, que entra en una terrible erupci\u00f3n y cubre el valle de Ud\u00fbn de cenizas, expulsando a los humanos y creando un nuevo hogar para los orcos que da el nombre de Mordor a las Tierras del Sur.<\/p>\n<h2>\u00a1Tu Espada Negra de Sauron al mejor precio!<\/h2>\n<p>R\u00e9plique Manga Cin\u00e9 le ofrece una amplia selecci\u00f3n de r\u00e9plicas de la serie \u201dLos Anillos de Poder y El Se\u00f1or de los Anillos\u201d. Adem\u00e1s de todas las espadas de la trilog\u00eda \u201dEl Se\u00f1or de los Anillos\u201d y las joyas. Por ejemplo: el colgante de Arwen o la espada Anduril con y sin vaina, pasando por las dagas de Legolas. Tambi\u00e9n le ofrecemos todas las espadas de la trilog\u00eda \u2018El Hobbit\u201c.<\/p>\n<p>En relaci\u00f3n con las r\u00e9plicas de la serie \u201dLos anillos de poder\u201c.<\/p>\n<ul>\n<li>Existe la <a href=\"https:\/\/repliquemangacine.fr\/es\/espadas-y-dagas-los-anillos-del-poder\/daga-de-finrod-daga-de-galadriel-los-anillos-del-poder\/\">La daga de Galadriel<\/a>un arma mortal que Galadriel utiliza para acabar con el troll de las nieves en la Ciudadela Orca.<\/li>\n<li>Pero tambi\u00e9n la<a href=\"https:\/\/repliquemangacine.fr\/es\/espadas-y-dagas-los-anillos-del-poder\/numenor-espada-los-anillos-del-poder\/\">espada de Numenor<\/a> con la cabeza de su caballo como pomo.<\/li>\n<li>As\u00ed como<a href=\"https:\/\/repliquemangacine.fr\/es\/espadas-y-dagas-los-anillos-del-poder\/los-3-anillos-el-senor-de-los-anillos\/\"> tres anillos \u00e9lficos<\/a> que aparece al final del \u00faltimo episodio de la primera temporada.<\/li>\n<li>Y muchos m\u00e1s por descubrir en nuestra tienda online.<\/li>\n<\/ul>\n<p>En conclusi\u00f3n, puedes utilizar esta espada para tus desfiles de cosplay o fiestas tem\u00e1ticas. Pero sobre todo, esta espada es una pieza de coleccionista y decoraci\u00f3n.<\/p>\n<h2>\u00bfC\u00f3mo se mantiene la hoja de la espada del Anillo de Poder?<\/h2>\n<p>Las espadas de colecci\u00f3n y decorativas se fabrican y ensamblan de forma simplificada. Como su uso es decorativo, no tienen las caracter\u00edsticas de seguridad necesarias para una espada japonesa destinada al entrenamiento. Sin embargo, tu Espada Negra de Sauron tiene una hoja de acero que necesita un mantenimiento para evitar que se da\u00f1e con el tiempo. Si vas a exponer tu katana, tus amigos sentir\u00e1n curiosidad por ver la hoja y tocarla. Aqu\u00ed es donde debes tener cuidado, porque la acidez de los dedos es muy perjudicial para el acero, sea cual sea su calidad. Sin embargo, si esto ocurre, que no cunda el p\u00e1nico. Lo \u00fanico que necesita es un pa\u00f1o humedecido con un poco de aceite y limpiar las huellas de los dedos. Si haces esto, tu espada durar\u00e1 mucho tiempo.<\/p>\n<p>&nbsp;<\/p>","protected":false},"excerpt":{"rendered":"<p>Una magn\u00edfica r\u00e9plica de la espada negra de Sauron, encontrada por Theo.<\/p>\n<ul>\n<li>Todo en acero negro envejecido<\/li>\n<li>Guarda de acero espec\u00edfica, finamente detallada<\/li>\n<li>Hoja rota con la marca de Sauron<\/li>\n<li>Funda peque\u00f1a de polipiel<\/li>\n<li>Longitud: 40,5 cm<\/li>\n<\/ul>","protected":false},"featured_media":74492,"template":"","meta":[],"product_brand":[],"product_cat":[106],"product_tag":[],"class_list":{"0":"post-74490","1":"product","2":"type-product","3":"status-publish","4":"has-post-thumbnail","6":"product_cat-epees-et-dague-les-anneaux-de-pouvoir","8":"first","9":"instock","10":"taxable","11":"shipping-taxable","12":"purchasable","13":"product-type-simple"},"yoast_head":"<!-- This site is optimized with the Yoast SEO plugin v27.4 - https:\/\/yoast.com\/product\/yoast-seo-wordpress\/ -->\n<title>Ep\u00e9e noire de Sauron - R\u00e9plique Manga Cin\u00e9<\/title>\n<meta name=\"description\" content=\"D\u00e9couvrez cette superbe Ep\u00e9e noire de Sauron avec sa lame bris\u00e9e portant la marque de Sauron. Tout en acier, garde finement d\u00e9cor\u00e9. Fourreau. 40cm\" \/>\n<meta name=\"robots\" content=\"index, follow, max-snippet:-1, max-image-preview:large, max-video-preview:-1\" \/>\n<link rel=\"canonical\" href=\"https:\/\/repliquemangacine.fr\/es\/espadas-y-dagas-los-anillos-del-poder\/espada-negra-de-sauron\/\" \/>\n<meta property=\"og:locale\" content=\"es_ES\" \/>\n<meta property=\"og:type\" content=\"article\" \/>\n<meta property=\"og:title\" content=\"Ep\u00e9e noire de Sauron - R\u00e9plique Manga Cin\u00e9\" \/>\n<meta property=\"og:description\" content=\"D\u00e9couvrez cette superbe Ep\u00e9e noire de Sauron avec sa lame bris\u00e9e portant la marque de Sauron. Tout en acier, garde finement d\u00e9cor\u00e9. Fourreau. 40cm\" \/>\n<meta property=\"og:url\" content=\"https:\/\/repliquemangacine.fr\/es\/espadas-y-dagas-los-anillos-del-poder\/espada-negra-de-sauron\/\" \/>\n<meta property=\"og:site_name\" content=\"R\u00e9plique Manga Cin\u00e9\" \/>\n<meta property=\"article:publisher\" content=\"https:\/\/www.facebook.com\/RepliqueMangaCine\" \/>\n<meta property=\"article:modified_time\" content=\"2025-11-17T20:59:55+00:00\" \/>\n<meta property=\"og:image\" content=\"https:\/\/repliquemangacine.fr\/wp-content\/uploads\/2024\/09\/epee-de-sauron-verson-courte-avec-fourreau.jpg\" \/>\n\t<meta property=\"og:image:width\" content=\"500\" \/>\n\t<meta property=\"og:image:height\" content=\"500\" \/>\n\t<meta property=\"og:image:type\" content=\"image\/jpeg\" \/>\n<meta name=\"twitter:card\" content=\"summary_large_image\" \/>\n<meta name=\"twitter:label1\" content=\"Tiempo de lectura\" \/>\n\t<meta name=\"twitter:data1\" content=\"3 minutos\" \/>\n<script type=\"application\/ld+json\" class=\"yoast-schema-graph\">{\"@context\":\"https:\\\/\\\/schema.org\",\"@graph\":[{\"@type\":\"WebPage\",\"@id\":\"https:\\\/\\\/repliquemangacine.fr\\\/epees-et-dague-les-anneaux-de-pouvoir\\\/epee-noire-de-sauron\\\/\",\"url\":\"https:\\\/\\\/repliquemangacine.fr\\\/epees-et-dague-les-anneaux-de-pouvoir\\\/epee-noire-de-sauron\\\/\",\"name\":\"Ep\u00e9e noire de Sauron - R\u00e9plique Manga Cin\u00e9\",\"isPartOf\":{\"@id\":\"https:\\\/\\\/repliquemangacine.fr\\\/#website\"},\"primaryImageOfPage\":{\"@id\":\"https:\\\/\\\/repliquemangacine.fr\\\/epees-et-dague-les-anneaux-de-pouvoir\\\/epee-noire-de-sauron\\\/#primaryimage\"},\"image\":{\"@id\":\"https:\\\/\\\/repliquemangacine.fr\\\/epees-et-dague-les-anneaux-de-pouvoir\\\/epee-noire-de-sauron\\\/#primaryimage\"},\"thumbnailUrl\":\"https:\\\/\\\/repliquemangacine.fr\\\/wp-content\\\/uploads\\\/2024\\\/09\\\/epee-de-sauron-verson-courte-avec-fourreau.jpg\",\"datePublished\":\"2024-09-11T14:15:42+00:00\",\"dateModified\":\"2025-11-17T20:59:55+00:00\",\"description\":\"D\u00e9couvrez cette superbe Ep\u00e9e noire de Sauron avec sa lame bris\u00e9e portant la marque de Sauron. Tout en acier, garde finement d\u00e9cor\u00e9. Fourreau. 40cm\",\"breadcrumb\":{\"@id\":\"https:\\\/\\\/repliquemangacine.fr\\\/epees-et-dague-les-anneaux-de-pouvoir\\\/epee-noire-de-sauron\\\/#breadcrumb\"},\"inLanguage\":\"es\",\"potentialAction\":[{\"@type\":\"ReadAction\",\"target\":[\"https:\\\/\\\/repliquemangacine.fr\\\/epees-et-dague-les-anneaux-de-pouvoir\\\/epee-noire-de-sauron\\\/\"]}]},{\"@type\":\"ImageObject\",\"inLanguage\":\"es\",\"@id\":\"https:\\\/\\\/repliquemangacine.fr\\\/epees-et-dague-les-anneaux-de-pouvoir\\\/epee-noire-de-sauron\\\/#primaryimage\",\"url\":\"https:\\\/\\\/repliquemangacine.fr\\\/wp-content\\\/uploads\\\/2024\\\/09\\\/epee-de-sauron-verson-courte-avec-fourreau.jpg\",\"contentUrl\":\"https:\\\/\\\/repliquemangacine.fr\\\/wp-content\\\/uploads\\\/2024\\\/09\\\/epee-de-sauron-verson-courte-avec-fourreau.jpg\",\"width\":500,\"height\":500,\"caption\":\"Ep\u00e9e noire de Sauron lame bris\u00e9e\"},{\"@type\":\"BreadcrumbList\",\"@id\":\"https:\\\/\\\/repliquemangacine.fr\\\/epees-et-dague-les-anneaux-de-pouvoir\\\/epee-noire-de-sauron\\\/#breadcrumb\",\"itemListElement\":[{\"@type\":\"ListItem\",\"position\":1,\"name\":\"Accueil\",\"item\":\"https:\\\/\\\/repliquemangacine.fr\\\/\"},{\"@type\":\"ListItem\",\"position\":2,\"name\":\"Produits\",\"item\":\"https:\\\/\\\/repliquemangacine.fr\\\/boutique\\\/\"},{\"@type\":\"ListItem\",\"position\":3,\"name\":\"Ep\u00e9e noire de Sauron\"}]},{\"@type\":\"WebSite\",\"@id\":\"https:\\\/\\\/repliquemangacine.fr\\\/#website\",\"url\":\"https:\\\/\\\/repliquemangacine.fr\\\/\",\"name\":\"R\u00e9plique Manga Cin\u00e9\",\"description\":\"\",\"publisher\":{\"@id\":\"https:\\\/\\\/repliquemangacine.fr\\\/#organization\"},\"potentialAction\":[{\"@type\":\"SearchAction\",\"target\":{\"@type\":\"EntryPoint\",\"urlTemplate\":\"https:\\\/\\\/repliquemangacine.fr\\\/?s={search_term_string}\"},\"query-input\":{\"@type\":\"PropertyValueSpecification\",\"valueRequired\":true,\"valueName\":\"search_term_string\"}}],\"inLanguage\":\"es\"},{\"@type\":\"Organization\",\"@id\":\"https:\\\/\\\/repliquemangacine.fr\\\/#organization\",\"name\":\"R\u00e9plique Manga Cin\u00e9\",\"url\":\"https:\\\/\\\/repliquemangacine.fr\\\/\",\"logo\":{\"@type\":\"ImageObject\",\"inLanguage\":\"es\",\"@id\":\"https:\\\/\\\/repliquemangacine.fr\\\/#\\\/schema\\\/logo\\\/image\\\/\",\"url\":\"https:\\\/\\\/repliquemangacine.fr\\\/wp-content\\\/uploads\\\/2023\\\/10\\\/RMC-500250.png\",\"contentUrl\":\"https:\\\/\\\/repliquemangacine.fr\\\/wp-content\\\/uploads\\\/2023\\\/10\\\/RMC-500250.png\",\"width\":500,\"height\":250,\"caption\":\"R\u00e9plique Manga Cin\u00e9\"},\"image\":{\"@id\":\"https:\\\/\\\/repliquemangacine.fr\\\/#\\\/schema\\\/logo\\\/image\\\/\"},\"sameAs\":[\"https:\\\/\\\/www.facebook.com\\\/RepliqueMangaCine\",\"https:\\\/\\\/www.instagram.com\\\/repliquemangacine.fr\\\/\"]}]}<\/script>\n<!-- \/ Yoast SEO plugin. -->","yoast_head_json":{"title":"Espada Negra de Sauron - R\u00e9plique Manga Cin\u00e9","description":"Descubre esta soberbia Espada Negra de Sauron con su hoja rota que lleva la marca de Sauron. Toda de acero, empu\u00f1adura finamente decorada. Vaina. 40 cm de largo","robots":{"index":"index","follow":"follow","max-snippet":"max-snippet:-1","max-image-preview":"max-image-preview:large","max-video-preview":"max-video-preview:-1"},"canonical":"https:\/\/repliquemangacine.fr\/es\/espadas-y-dagas-los-anillos-del-poder\/espada-negra-de-sauron\/","og_locale":"es_ES","og_type":"article","og_title":"Ep\u00e9e noire de Sauron - R\u00e9plique Manga Cin\u00e9","og_description":"D\u00e9couvrez cette superbe Ep\u00e9e noire de Sauron avec sa lame bris\u00e9e portant la marque de Sauron. Tout en acier, garde finement d\u00e9cor\u00e9. Fourreau. 40cm","og_url":"https:\/\/repliquemangacine.fr\/es\/espadas-y-dagas-los-anillos-del-poder\/espada-negra-de-sauron\/","og_site_name":"R\u00e9plique Manga Cin\u00e9","article_publisher":"https:\/\/www.facebook.com\/RepliqueMangaCine","article_modified_time":"2025-11-17T20:59:55+00:00","og_image":[{"width":500,"height":500,"url":"https:\/\/repliquemangacine.fr\/wp-content\/uploads\/2024\/09\/epee-de-sauron-verson-courte-avec-fourreau.jpg","type":"image\/jpeg"}],"twitter_card":"summary_large_image","twitter_misc":{"Tiempo de lectura":"3 minutos"},"schema":{"@context":"https:\/\/schema.org","@graph":[{"@type":"WebPage","@id":"https:\/\/repliquemangacine.fr\/epees-et-dague-les-anneaux-de-pouvoir\/epee-noire-de-sauron\/","url":"https:\/\/repliquemangacine.fr\/epees-et-dague-les-anneaux-de-pouvoir\/epee-noire-de-sauron\/","name":"Espada Negra de Sauron - R\u00e9plique Manga Cin\u00e9","isPartOf":{"@id":"https:\/\/repliquemangacine.fr\/#website"},"primaryImageOfPage":{"@id":"https:\/\/repliquemangacine.fr\/epees-et-dague-les-anneaux-de-pouvoir\/epee-noire-de-sauron\/#primaryimage"},"image":{"@id":"https:\/\/repliquemangacine.fr\/epees-et-dague-les-anneaux-de-pouvoir\/epee-noire-de-sauron\/#primaryimage"},"thumbnailUrl":"https:\/\/repliquemangacine.fr\/wp-content\/uploads\/2024\/09\/epee-de-sauron-verson-courte-avec-fourreau.jpg","datePublished":"2024-09-11T14:15:42+00:00","dateModified":"2025-11-17T20:59:55+00:00","description":"Descubre esta soberbia Espada Negra de Sauron con su hoja rota que lleva la marca de Sauron. Toda de acero, empu\u00f1adura finamente decorada. Vaina. 40 cm de largo","breadcrumb":{"@id":"https:\/\/repliquemangacine.fr\/epees-et-dague-les-anneaux-de-pouvoir\/epee-noire-de-sauron\/#breadcrumb"},"inLanguage":"es","potentialAction":[{"@type":"ReadAction","target":["https:\/\/repliquemangacine.fr\/epees-et-dague-les-anneaux-de-pouvoir\/epee-noire-de-sauron\/"]}]},{"@type":"ImageObject","inLanguage":"es","@id":"https:\/\/repliquemangacine.fr\/epees-et-dague-les-anneaux-de-pouvoir\/epee-noire-de-sauron\/#primaryimage","url":"https:\/\/repliquemangacine.fr\/wp-content\/uploads\/2024\/09\/epee-de-sauron-verson-courte-avec-fourreau.jpg","contentUrl":"https:\/\/repliquemangacine.fr\/wp-content\/uploads\/2024\/09\/epee-de-sauron-verson-courte-avec-fourreau.jpg","width":500,"height":500,"caption":"Ep\u00e9e noire de Sauron lame bris\u00e9e"},{"@type":"BreadcrumbList","@id":"https:\/\/repliquemangacine.fr\/epees-et-dague-les-anneaux-de-pouvoir\/epee-noire-de-sauron\/#breadcrumb","itemListElement":[{"@type":"ListItem","position":1,"name":"Accueil","item":"https:\/\/repliquemangacine.fr\/"},{"@type":"ListItem","position":2,"name":"Produits","item":"https:\/\/repliquemangacine.fr\/boutique\/"},{"@type":"ListItem","position":3,"name":"Ep\u00e9e noire de Sauron"}]},{"@type":"WebSite","@id":"https:\/\/repliquemangacine.fr\/#website","url":"https:\/\/repliquemangacine.fr\/","name":"R\u00e9plique Manga Cin\u00e9","description":"","publisher":{"@id":"https:\/\/repliquemangacine.fr\/#organization"},"potentialAction":[{"@type":"SearchAction","target":{"@type":"EntryPoint","urlTemplate":"https:\/\/repliquemangacine.fr\/?s={search_term_string}"},"query-input":{"@type":"PropertyValueSpecification","valueRequired":true,"valueName":"search_term_string"}}],"inLanguage":"es"},{"@type":"Organization","@id":"https:\/\/repliquemangacine.fr\/#organization","name":"R\u00e9plique Manga Cin\u00e9","url":"https:\/\/repliquemangacine.fr\/","logo":{"@type":"ImageObject","inLanguage":"es","@id":"https:\/\/repliquemangacine.fr\/#\/schema\/logo\/image\/","url":"https:\/\/repliquemangacine.fr\/wp-content\/uploads\/2023\/10\/RMC-500250.png","contentUrl":"https:\/\/repliquemangacine.fr\/wp-content\/uploads\/2023\/10\/RMC-500250.png","width":500,"height":250,"caption":"R\u00e9plique Manga Cin\u00e9"},"image":{"@id":"https:\/\/repliquemangacine.fr\/#\/schema\/logo\/image\/"},"sameAs":["https:\/\/www.facebook.com\/RepliqueMangaCine","https:\/\/www.instagram.com\/repliquemangacine.fr\/"]}]}},"_links":{"self":[{"href":"https:\/\/repliquemangacine.fr\/es\/wp-json\/wp\/v2\/product\/74490","targetHints":{"allow":["GET"]}}],"collection":[{"href":"https:\/\/repliquemangacine.fr\/es\/wp-json\/wp\/v2\/product"}],"about":[{"href":"https:\/\/repliquemangacine.fr\/es\/wp-json\/wp\/v2\/types\/product"}],"wp:featuredmedia":[{"embeddable":true,"href":"https:\/\/repliquemangacine.fr\/es\/wp-json\/wp\/v2\/media\/74492"}],"wp:attachment":[{"href":"https:\/\/repliquemangacine.fr\/es\/wp-json\/wp\/v2\/media?parent=74490"}],"wp:term":[{"taxonomy":"product_brand","embeddable":true,"href":"https:\/\/repliquemangacine.fr\/es\/wp-json\/wp\/v2\/product_brand?post=74490"},{"taxonomy":"product_cat","embeddable":true,"href":"https:\/\/repliquemangacine.fr\/es\/wp-json\/wp\/v2\/product_cat?post=74490"},{"taxonomy":"product_tag","embeddable":true,"href":"https:\/\/repliquemangacine.fr\/es\/wp-json\/wp\/v2\/product_tag?post=74490"}],"curies":[{"name":"wp","href":"https:\/\/api.w.org\/{rel}","templated":true}]}}