





{"id":74332,"date":"2024-09-05T12:39:20","date_gmt":"2024-09-05T10:39:20","guid":{"rendered":"https:\/\/repliquemangacine.fr\/?post_type=product&#038;p=74332"},"modified":"2025-11-17T22:01:22","modified_gmt":"2025-11-17T21:01:22","slug":"daga-del-demonio-de-la-matanza","status":"publish","type":"product","link":"https:\/\/repliquemangacine.fr\/es\/katana-et-epee-de-manga-anime-autre-manga\/poignard-slaughter-demon\/","title":{"rendered":"Pu\u00f1al del demonio de la matanza"},"content":{"rendered":"<h2>Daga Slaughter Demon de Yuji Itadori en Jujutsu Kaisen<\/h2>\n<p>Para empezar, el <strong>Pu\u00f1al del demonio de la matanza<\/strong>una herramienta maldita que perteneci\u00f3 originalmente a Maki Zeninavant. Satoru Gojone la toma prestada y se la presta a su nuevo pupilo, <a href=\"https:\/\/jujutsu-kaisen.fandom.com\/fr\/wiki\/Yuji_Itadori\" target=\"_blank\" rel=\"noopener noreferrer\">Yuji Itadori<\/a>.<\/p>\n<p>Slaughter Demon, una daga impregnada de energ\u00eda maldita que incluso los no brujos pod\u00edan usar para exorcizar maldiciones . Satoru Gojo se la dio a Yuji como un medio para que el joven repeliera las maldiciones durante su primera prueba de campo .<\/p>\n<p>Junto con sus incre\u00edbles habilidades f\u00edsicas, Yuji utiliza Slaughter Demon para eliminar r\u00e1pidamente a un esp\u00edritu maldito en combate cuerpo a cuerpo. Esto tambi\u00e9n le ayud\u00f3 a cortar el brazo de otra maldici\u00f3n para liberar a un reh\u00e9n durante la misma prueba.<\/p>\n<p>Por \u00faltimo, Satoru hab\u00eda planeado inicialmente ense\u00f1ar a Yuji a controlar su energ\u00eda maldita, utilizando Slaughter Demon solo en casos de emergencia.<\/p>\n<h2>Tu Slaughter Demon Dagger al mejor precio<\/h2>\n<p>Ofrecemos una amplia gama de r\u00e9plicas de manga y videojuegos a los mejores precios del mercado.<\/p>\n<ul>\n<li>En primer lugar, el<a href=\"https:\/\/repliquemangacine.fr\/es\/katana-y-manga-espada-anime-otros-manga\/xeno-trunks-dbz-dragon-ball-z-espada\/\">La espada de Trunks<\/a> en Dragon Ball Z con su vaina.<\/li>\n<li>Tambi\u00e9n est\u00e1n todas las espadas y katanas de One Piece, como la <a href=\"https:\/\/repliquemangacine.fr\/es\/replica-de-videojuegos-manga\/katana-espada-wado-ichimonji-espada-de-zoro\/\">katana Wado Ichimonji<\/a><\/li>\n<li>As\u00ed como el <a href=\"https:\/\/repliquemangacine.fr\/es\/katana-y-manga-espada-anime-otros-manga\/rin-espada-azul-exorcista-katana-kurikara\/\">Katana Kurikara<\/a> en El Exorcista Azul todos vestidos de azul.<\/li>\n<li>Y muchos m\u00e1s por descubrir en nuestra tienda online.<\/li>\n<\/ul>\n<p>Esta daga Slaughter Demon en Jujutsu Kaisen es s\u00f3lo para fines decorativos. Tambi\u00e9n puede utilizarlo para sus desfiles de cosplay o fiestas tem\u00e1ticas.<\/p>\n<h2>\u00bfC\u00f3mo se mantiene la hoja de la katana manga?<\/h2>\n<p>Las katanas de colecci\u00f3n y decorativas se fabrican y ensamblan de forma simplificada. Como su uso es decorativo, no disponen de los elementos de seguridad exigidos a un sable japon\u00e9s destinado al entrenamiento. Sin embargo, su\u00a0 <strong>Pu\u00f1al del demonio de la matanza<\/strong> a una hoja de acero que hay que cuidar para evitar que se estropee con el tiempo. Cuando exponga su katana, sus amigos sentir\u00e1n curiosidad por ver la hoja y tocarla. Aqu\u00ed es donde hay que tener cuidado, porque la acidez de los dedos es muy perjudicial para el acero, sea cual sea su calidad. Sin embargo, si esto ocurre, no te asustes, simplemente utiliza un pa\u00f1o humedecido con un poco de aceite y limpia las huellas de los dedos. Si haces esto, tu espada durar\u00e1 mucho tiempo.<\/p>","protected":false},"excerpt":{"rendered":"<p>Magn\u00edfica r\u00e9plica de la daga Slaughter Demon de Yuji Itadori en Jujutsu Kaisen.<\/p>\n<ul>\n<li>Hoja ancha de acero<\/li>\n<li>Dos orificios en el centro de la hoja<\/li>\n<li>Mango de madera<\/li>\n<li>Protector de piel negro<\/li>\n<li>Vendas en su base<\/li>\n<li>Funda de polipiel marr\u00f3n<\/li>\n<li>Longitud total: 71 cm<\/li>\n<\/ul>","protected":false},"featured_media":74335,"template":"","meta":[],"product_brand":[],"product_cat":[65],"product_tag":[],"class_list":{"0":"post-74332","1":"product","2":"type-product","3":"status-publish","4":"has-post-thumbnail","6":"product_cat-katana-et-epee-de-manga-anime-autre-manga","8":"first","9":"instock","10":"taxable","11":"shipping-taxable","12":"purchasable","13":"product-type-simple"},"yoast_head":"<!-- This site is optimized with the Yoast SEO plugin v27.4 - https:\/\/yoast.com\/product\/yoast-seo-wordpress\/ -->\n<title>Poignard Slaughter Demon - Jujutsu Kaisen | R\u00e9plique Manga Cin\u00e9<\/title>\n<meta name=\"description\" content=\"Venez d\u00e9couvrir ce superbe Poignard Slaughter Demon dans Jujutsu Kaisen. Lame en acier. Garde en fourrure. Livr\u00e9 avec son fourreau. Longueur totale : 71 cm\" \/>\n<meta name=\"robots\" content=\"index, follow, max-snippet:-1, max-image-preview:large, max-video-preview:-1\" \/>\n<link rel=\"canonical\" href=\"https:\/\/repliquemangacine.fr\/es\/katana-y-manga-espada-anime-otros-manga\/daga-del-demonio-de-la-matanza\/\" \/>\n<meta property=\"og:locale\" content=\"es_ES\" \/>\n<meta property=\"og:type\" content=\"article\" \/>\n<meta property=\"og:title\" content=\"Poignard Slaughter Demon - Jujutsu Kaisen | R\u00e9plique Manga Cin\u00e9\" \/>\n<meta property=\"og:description\" content=\"Venez d\u00e9couvrir ce superbe Poignard Slaughter Demon dans Jujutsu Kaisen. Lame en acier. Garde en fourrure. Livr\u00e9 avec son fourreau. Longueur totale : 71 cm\" \/>\n<meta property=\"og:url\" content=\"https:\/\/repliquemangacine.fr\/es\/katana-y-manga-espada-anime-otros-manga\/daga-del-demonio-de-la-matanza\/\" \/>\n<meta property=\"og:site_name\" content=\"R\u00e9plique Manga Cin\u00e9\" \/>\n<meta property=\"article:publisher\" content=\"https:\/\/www.facebook.com\/RepliqueMangaCine\" \/>\n<meta property=\"article:modified_time\" content=\"2025-11-17T21:01:22+00:00\" \/>\n<meta property=\"og:image\" content=\"https:\/\/repliquemangacine.fr\/wp-content\/uploads\/2024\/09\/Poignard-Slaughter-Demon.jpg\" \/>\n\t<meta property=\"og:image:width\" content=\"500\" \/>\n\t<meta property=\"og:image:height\" content=\"500\" \/>\n\t<meta property=\"og:image:type\" content=\"image\/jpeg\" \/>\n<meta name=\"twitter:card\" content=\"summary_large_image\" \/>\n<meta name=\"twitter:label1\" content=\"Tiempo de lectura\" \/>\n\t<meta name=\"twitter:data1\" content=\"3 minutos\" \/>\n<script type=\"application\/ld+json\" class=\"yoast-schema-graph\">{\"@context\":\"https:\\\/\\\/schema.org\",\"@graph\":[{\"@type\":\"WebPage\",\"@id\":\"https:\\\/\\\/repliquemangacine.fr\\\/katana-et-epee-de-manga-anime-autre-manga\\\/poignard-slaughter-demon\\\/\",\"url\":\"https:\\\/\\\/repliquemangacine.fr\\\/katana-et-epee-de-manga-anime-autre-manga\\\/poignard-slaughter-demon\\\/\",\"name\":\"Poignard Slaughter Demon - Jujutsu Kaisen | R\u00e9plique Manga Cin\u00e9\",\"isPartOf\":{\"@id\":\"https:\\\/\\\/repliquemangacine.fr\\\/#website\"},\"primaryImageOfPage\":{\"@id\":\"https:\\\/\\\/repliquemangacine.fr\\\/katana-et-epee-de-manga-anime-autre-manga\\\/poignard-slaughter-demon\\\/#primaryimage\"},\"image\":{\"@id\":\"https:\\\/\\\/repliquemangacine.fr\\\/katana-et-epee-de-manga-anime-autre-manga\\\/poignard-slaughter-demon\\\/#primaryimage\"},\"thumbnailUrl\":\"https:\\\/\\\/repliquemangacine.fr\\\/wp-content\\\/uploads\\\/2024\\\/09\\\/Poignard-Slaughter-Demon.jpg\",\"datePublished\":\"2024-09-05T10:39:20+00:00\",\"dateModified\":\"2025-11-17T21:01:22+00:00\",\"description\":\"Venez d\u00e9couvrir ce superbe Poignard Slaughter Demon dans Jujutsu Kaisen. Lame en acier. Garde en fourrure. Livr\u00e9 avec son fourreau. Longueur totale : 71 cm\",\"breadcrumb\":{\"@id\":\"https:\\\/\\\/repliquemangacine.fr\\\/katana-et-epee-de-manga-anime-autre-manga\\\/poignard-slaughter-demon\\\/#breadcrumb\"},\"inLanguage\":\"es\",\"potentialAction\":[{\"@type\":\"ReadAction\",\"target\":[\"https:\\\/\\\/repliquemangacine.fr\\\/katana-et-epee-de-manga-anime-autre-manga\\\/poignard-slaughter-demon\\\/\"]}]},{\"@type\":\"ImageObject\",\"inLanguage\":\"es\",\"@id\":\"https:\\\/\\\/repliquemangacine.fr\\\/katana-et-epee-de-manga-anime-autre-manga\\\/poignard-slaughter-demon\\\/#primaryimage\",\"url\":\"https:\\\/\\\/repliquemangacine.fr\\\/wp-content\\\/uploads\\\/2024\\\/09\\\/Poignard-Slaughter-Demon.jpg\",\"contentUrl\":\"https:\\\/\\\/repliquemangacine.fr\\\/wp-content\\\/uploads\\\/2024\\\/09\\\/Poignard-Slaughter-Demon.jpg\",\"width\":500,\"height\":500,\"caption\":\"Poignard-Slaughter-Demon\"},{\"@type\":\"BreadcrumbList\",\"@id\":\"https:\\\/\\\/repliquemangacine.fr\\\/katana-et-epee-de-manga-anime-autre-manga\\\/poignard-slaughter-demon\\\/#breadcrumb\",\"itemListElement\":[{\"@type\":\"ListItem\",\"position\":1,\"name\":\"Accueil\",\"item\":\"https:\\\/\\\/repliquemangacine.fr\\\/\"},{\"@type\":\"ListItem\",\"position\":2,\"name\":\"Produits\",\"item\":\"https:\\\/\\\/repliquemangacine.fr\\\/boutique\\\/\"},{\"@type\":\"ListItem\",\"position\":3,\"name\":\"Poignard Slaughter Demon\"}]},{\"@type\":\"WebSite\",\"@id\":\"https:\\\/\\\/repliquemangacine.fr\\\/#website\",\"url\":\"https:\\\/\\\/repliquemangacine.fr\\\/\",\"name\":\"R\u00e9plique Manga Cin\u00e9\",\"description\":\"\",\"publisher\":{\"@id\":\"https:\\\/\\\/repliquemangacine.fr\\\/#organization\"},\"potentialAction\":[{\"@type\":\"SearchAction\",\"target\":{\"@type\":\"EntryPoint\",\"urlTemplate\":\"https:\\\/\\\/repliquemangacine.fr\\\/?s={search_term_string}\"},\"query-input\":{\"@type\":\"PropertyValueSpecification\",\"valueRequired\":true,\"valueName\":\"search_term_string\"}}],\"inLanguage\":\"es\"},{\"@type\":\"Organization\",\"@id\":\"https:\\\/\\\/repliquemangacine.fr\\\/#organization\",\"name\":\"R\u00e9plique Manga Cin\u00e9\",\"url\":\"https:\\\/\\\/repliquemangacine.fr\\\/\",\"logo\":{\"@type\":\"ImageObject\",\"inLanguage\":\"es\",\"@id\":\"https:\\\/\\\/repliquemangacine.fr\\\/#\\\/schema\\\/logo\\\/image\\\/\",\"url\":\"https:\\\/\\\/repliquemangacine.fr\\\/wp-content\\\/uploads\\\/2023\\\/10\\\/RMC-500250.png\",\"contentUrl\":\"https:\\\/\\\/repliquemangacine.fr\\\/wp-content\\\/uploads\\\/2023\\\/10\\\/RMC-500250.png\",\"width\":500,\"height\":250,\"caption\":\"R\u00e9plique Manga Cin\u00e9\"},\"image\":{\"@id\":\"https:\\\/\\\/repliquemangacine.fr\\\/#\\\/schema\\\/logo\\\/image\\\/\"},\"sameAs\":[\"https:\\\/\\\/www.facebook.com\\\/RepliqueMangaCine\",\"https:\\\/\\\/www.instagram.com\\\/repliquemangacine.fr\\\/\"]}]}<\/script>\n<!-- \/ Yoast SEO plugin. -->","yoast_head_json":{"title":"Slaughter Demon Dagger - Jujutsu Kaisen | R\u00e9plique Manga Cin\u00e9","description":"Ven a descubrir esta magn\u00edfica daga Slaughter Demon de Jujutsu Kaisen. Hoja de acero. Guarda de piel. Viene con su vaina. Longitud total: 71 cm","robots":{"index":"index","follow":"follow","max-snippet":"max-snippet:-1","max-image-preview":"max-image-preview:large","max-video-preview":"max-video-preview:-1"},"canonical":"https:\/\/repliquemangacine.fr\/es\/katana-y-manga-espada-anime-otros-manga\/daga-del-demonio-de-la-matanza\/","og_locale":"es_ES","og_type":"article","og_title":"Poignard Slaughter Demon - Jujutsu Kaisen | R\u00e9plique Manga Cin\u00e9","og_description":"Venez d\u00e9couvrir ce superbe Poignard Slaughter Demon dans Jujutsu Kaisen. Lame en acier. Garde en fourrure. Livr\u00e9 avec son fourreau. Longueur totale : 71 cm","og_url":"https:\/\/repliquemangacine.fr\/es\/katana-y-manga-espada-anime-otros-manga\/daga-del-demonio-de-la-matanza\/","og_site_name":"R\u00e9plique Manga Cin\u00e9","article_publisher":"https:\/\/www.facebook.com\/RepliqueMangaCine","article_modified_time":"2025-11-17T21:01:22+00:00","og_image":[{"width":500,"height":500,"url":"https:\/\/repliquemangacine.fr\/wp-content\/uploads\/2024\/09\/Poignard-Slaughter-Demon.jpg","type":"image\/jpeg"}],"twitter_card":"summary_large_image","twitter_misc":{"Tiempo de lectura":"3 minutos"},"schema":{"@context":"https:\/\/schema.org","@graph":[{"@type":"WebPage","@id":"https:\/\/repliquemangacine.fr\/katana-et-epee-de-manga-anime-autre-manga\/poignard-slaughter-demon\/","url":"https:\/\/repliquemangacine.fr\/katana-et-epee-de-manga-anime-autre-manga\/poignard-slaughter-demon\/","name":"Slaughter Demon Dagger - Jujutsu Kaisen | R\u00e9plique Manga Cin\u00e9","isPartOf":{"@id":"https:\/\/repliquemangacine.fr\/#website"},"primaryImageOfPage":{"@id":"https:\/\/repliquemangacine.fr\/katana-et-epee-de-manga-anime-autre-manga\/poignard-slaughter-demon\/#primaryimage"},"image":{"@id":"https:\/\/repliquemangacine.fr\/katana-et-epee-de-manga-anime-autre-manga\/poignard-slaughter-demon\/#primaryimage"},"thumbnailUrl":"https:\/\/repliquemangacine.fr\/wp-content\/uploads\/2024\/09\/Poignard-Slaughter-Demon.jpg","datePublished":"2024-09-05T10:39:20+00:00","dateModified":"2025-11-17T21:01:22+00:00","description":"Ven a descubrir esta magn\u00edfica daga Slaughter Demon de Jujutsu Kaisen. Hoja de acero. Guarda de piel. Viene con su vaina. Longitud total: 71 cm","breadcrumb":{"@id":"https:\/\/repliquemangacine.fr\/katana-et-epee-de-manga-anime-autre-manga\/poignard-slaughter-demon\/#breadcrumb"},"inLanguage":"es","potentialAction":[{"@type":"ReadAction","target":["https:\/\/repliquemangacine.fr\/katana-et-epee-de-manga-anime-autre-manga\/poignard-slaughter-demon\/"]}]},{"@type":"ImageObject","inLanguage":"es","@id":"https:\/\/repliquemangacine.fr\/katana-et-epee-de-manga-anime-autre-manga\/poignard-slaughter-demon\/#primaryimage","url":"https:\/\/repliquemangacine.fr\/wp-content\/uploads\/2024\/09\/Poignard-Slaughter-Demon.jpg","contentUrl":"https:\/\/repliquemangacine.fr\/wp-content\/uploads\/2024\/09\/Poignard-Slaughter-Demon.jpg","width":500,"height":500,"caption":"Poignard-Slaughter-Demon"},{"@type":"BreadcrumbList","@id":"https:\/\/repliquemangacine.fr\/katana-et-epee-de-manga-anime-autre-manga\/poignard-slaughter-demon\/#breadcrumb","itemListElement":[{"@type":"ListItem","position":1,"name":"Accueil","item":"https:\/\/repliquemangacine.fr\/"},{"@type":"ListItem","position":2,"name":"Produits","item":"https:\/\/repliquemangacine.fr\/boutique\/"},{"@type":"ListItem","position":3,"name":"Poignard Slaughter Demon"}]},{"@type":"WebSite","@id":"https:\/\/repliquemangacine.fr\/#website","url":"https:\/\/repliquemangacine.fr\/","name":"R\u00e9plique Manga Cin\u00e9","description":"","publisher":{"@id":"https:\/\/repliquemangacine.fr\/#organization"},"potentialAction":[{"@type":"SearchAction","target":{"@type":"EntryPoint","urlTemplate":"https:\/\/repliquemangacine.fr\/?s={search_term_string}"},"query-input":{"@type":"PropertyValueSpecification","valueRequired":true,"valueName":"search_term_string"}}],"inLanguage":"es"},{"@type":"Organization","@id":"https:\/\/repliquemangacine.fr\/#organization","name":"R\u00e9plique Manga Cin\u00e9","url":"https:\/\/repliquemangacine.fr\/","logo":{"@type":"ImageObject","inLanguage":"es","@id":"https:\/\/repliquemangacine.fr\/#\/schema\/logo\/image\/","url":"https:\/\/repliquemangacine.fr\/wp-content\/uploads\/2023\/10\/RMC-500250.png","contentUrl":"https:\/\/repliquemangacine.fr\/wp-content\/uploads\/2023\/10\/RMC-500250.png","width":500,"height":250,"caption":"R\u00e9plique Manga Cin\u00e9"},"image":{"@id":"https:\/\/repliquemangacine.fr\/#\/schema\/logo\/image\/"},"sameAs":["https:\/\/www.facebook.com\/RepliqueMangaCine","https:\/\/www.instagram.com\/repliquemangacine.fr\/"]}]}},"_links":{"self":[{"href":"https:\/\/repliquemangacine.fr\/es\/wp-json\/wp\/v2\/product\/74332","targetHints":{"allow":["GET"]}}],"collection":[{"href":"https:\/\/repliquemangacine.fr\/es\/wp-json\/wp\/v2\/product"}],"about":[{"href":"https:\/\/repliquemangacine.fr\/es\/wp-json\/wp\/v2\/types\/product"}],"wp:featuredmedia":[{"embeddable":true,"href":"https:\/\/repliquemangacine.fr\/es\/wp-json\/wp\/v2\/media\/74335"}],"wp:attachment":[{"href":"https:\/\/repliquemangacine.fr\/es\/wp-json\/wp\/v2\/media?parent=74332"}],"wp:term":[{"taxonomy":"product_brand","embeddable":true,"href":"https:\/\/repliquemangacine.fr\/es\/wp-json\/wp\/v2\/product_brand?post=74332"},{"taxonomy":"product_cat","embeddable":true,"href":"https:\/\/repliquemangacine.fr\/es\/wp-json\/wp\/v2\/product_cat?post=74332"},{"taxonomy":"product_tag","embeddable":true,"href":"https:\/\/repliquemangacine.fr\/es\/wp-json\/wp\/v2\/product_tag?post=74332"}],"curies":[{"name":"wp","href":"https:\/\/api.w.org\/{rel}","templated":true}]}}