





{"id":73198,"date":"2024-07-03T14:46:43","date_gmt":"2024-07-03T12:46:43","guid":{"rendered":"https:\/\/repliquemangacine.fr\/?post_type=product&#038;p=73198"},"modified":"2026-04-02T17:16:56","modified_gmt":"2026-04-02T15:16:56","slug":"espada-de-frodon-2","status":"publish","type":"product","link":"https:\/\/repliquemangacine.fr\/es\/epees-seigneur-des-anneaux\/epee-de-frodon-2\/","title":{"rendered":"La espada de Frodo Bols\u00f3n"},"content":{"rendered":"<h2>La espada de Frodo Bols\u00f3n : Historia y caracter\u00edsticas<\/h2>\n<p>Para empezar, la espada de Frodo Bols\u00f3n en \u201cEl Se\u00f1or de los Anillos\u201d, conocida como \u201cDardo\u201d (o \u201cSting\u201d). Espada \u00e9lfica, probablemente forjada en Gondolin, una antigua ciudad \u00e9lfica. Bilbo Bols\u00f3n descubre inicialmente la espada y la lleva consigo a lo largo de sus aventuras en \u201cEl hobbit\u201d. Luego se la lega a Frodo al comienzo de \u201cEl se\u00f1or de los anillos\u201d. De hecho, cuando Bilbo abandona la Comarca, le regala Dardo a Frodo, simbolizando el paso del testigo y la confianza en su sobrino para llevar a cabo la misi\u00f3n.<\/p>\n<p>Dard, una espada corta, a menudo descrita como una daga debido a su tama\u00f1o en comparaci\u00f3n con el de un hobbit. Est\u00e1 decorada con runas \u00e9lficas que brillan con una luz azul cuando hay orcos cerca. Esto la convierte en un arma muy valiosa para quienes la llevan, ya que les advierte del peligro inminente. Como todas las armas \u00e9lficas, Dard est\u00e1 fabricada con un material extremadamente resistente y afilado. Es capaz de cortar las telas de las ara\u00f1as gigantes del Bosque Negro.<\/p>\n<h2>La espada de Frodo Bols\u00f3n: simbolismo y uso<\/h2>\n<p>En primer lugar, Dard simboliza el valor y la determinaci\u00f3n de sus portadores, <a href=\"https:\/\/lotr.fandom.com\/fr\/wiki\/Bilbon_Sacquet\" target=\"_blank\" rel=\"noopener noreferrer\">Bilbo<\/a> y Frodo. A pesar de su peque\u00f1o tama\u00f1o y su falta de experiencia en combate, demuestran ser capaces de superar grandes retos. La espada tambi\u00e9n representa el legado de las aventuras de Bilbo, transmitido de generaci\u00f3n en generaci\u00f3n. Muestra la continuidad y la lucha contra las fuerzas del mal.<\/p>\n<ul>\n<li>En \"El Hobbit\": Bilbo utiliza el dardo para luchar contra las ara\u00f1as gigantes del Bosque Negro y para defenderse de varios enemigos en su viaje con los enanos. Cabe se\u00f1alar que Bilbo bautiza la espada con el nombre de \"Aguij\u00f3n\" tras su primer combate con las ara\u00f1as gigantes, en el que le resulta especialmente eficaz.<\/li>\n<li>En \"El Se\u00f1or de los Anillos\": Frodo lleva Dard durante toda su b\u00fasqueda para destruir el Anillo \u00danico. La espada le ayuda en varias ocasiones, sobre todo detectando la presencia de orcos y ayud\u00e1ndole a defenderse.<\/li>\n<\/ul>\n<p>En conclusi\u00f3n, la espada de Frodo, el Aguij\u00f3n, se ha convertido en una de las armas m\u00e1s ic\u00f3nicas de la literatura y el cine. Gracias a su papel central en las obras de J.R.R. Tolkien y a su adaptaci\u00f3n al cine por Peter Jackson. Un s\u00edmbolo del hero\u00edsmo de los hobbits y de su capacidad para cambiar el destino del mundo a pesar de su peque\u00f1o tama\u00f1o y humilde origen.<\/p>\n<h2>Las emblem\u00e1ticas espadas de la trilog\u00eda de El Se\u00f1or de los Anillos<\/h2>\n<p>Descubra nuestra colecci\u00f3n de espadas emblem\u00e1ticas de la trilog\u00eda de El Se\u00f1or de los Anillos, disponibles en R\u00e9plique Manga Cin\u00e9. Entre nuestras obras maestras, la<a href=\"https:\/\/repliquemangacine.fr\/es\/espadas-y-dagas-los-anillos-del-poder\/espada-anduril-aragorn-el-senor-de-los-anillos\/\">Espada Anduril<\/a> destaca por su legendaria historia. Forjada a partir de los fragmentos de Narsil, la espada rota de Elendil, Anduril se convierte en el arma de Aragorn. S\u00edmbolo de la realeza recuperada y de la esperanza de los Pueblos Libres.<\/p>\n<p>Tambi\u00e9n hay <a href=\"https:\/\/repliquemangacine.fr\/es\/espadas-del-senor-de-los-anillos\/el-senor-de-los-anillos-legolas-sables\/\">Espadas de Legolas<\/a>Estas espadas ligeras y elegantes reflejan la agilidad del pr\u00edncipe elfo, y son perfectas para los fans de las espadas \u00e9lficas. L'<a href=\"https:\/\/repliquemangacine.fr\/es\/espadas-del-senor-de-los-anillos\/espada-arwen-sable-hadhafang\/\">espada de Arwen<\/a>, llamada Hadhafang, encarna la belleza y la fuerza de la hero\u00edna elfa, aportando un toque m\u00e1gico a nuestra colecci\u00f3n.<\/p>\n<p>L'<a href=\"https:\/\/repliquemangacine.fr\/es\/espadas-del-senor-de-los-anillos\/espada-de-boromir\/\">La espada de Boromir<\/a>es una figura robusta e imponente, que representa el coraje y la valent\u00eda del hijo de Gondor. Mientras que el<a href=\"https:\/\/repliquemangacine.fr\/es\/espadas-del-senor-de-los-anillos\/espada-theoden-espada-herugrim\/\">La espada del rey Th\u00e9oden<\/a> simboliza la nobleza y el deber del soberano de Rohan.<\/p>\n<p>Para los amantes de la oscuridad, ofrecemos los <a href=\"https:\/\/repliquemangacine.fr\/es\/espadas-del-senor-de-los-anillos\/senor-de-los-anillos-espada-nazgul-espada-caballeros-negros\/\">Espadas Nazg\u00fbl<\/a> y la del Rey Brujo. Siniestras y amenazadoras, perfectas para los coleccionistas \u00e1vidos de r\u00e9plicas de las fuerzas del mal. Por \u00faltimo, cada espada est\u00e1 fabricada con un excepcional cuidado por los detalles, rindiendo homenaje al \u00e9pico universo de Tolkien.<\/p>\n<p>Explora nuestra tienda online R\u00e9plique Manga Cin\u00e9 y d\u00e9jate seducir por estas r\u00e9plicas aut\u00e9nticas que capturan la esencia de las leyendas de la Tierra Media.<\/p>","protected":false},"excerpt":{"rendered":"<p>Magn\u00edfica r\u00e9plica de la espada de Frodo de la trilog\u00eda de El Se\u00f1or de los Anillos<\/p>\n<ul>\n<li>Hoja de acero inoxidable con grabado \u00e9lfico<\/li>\n<li>Mango de imitaci\u00f3n de madera<\/li>\n<li>Guardia de acero con runas \u00e9lficas<\/li>\n<li>Se suministra con soporte mural de madera<\/li>\n<li>Longitud de la hoja: 53,5 cm - Longitud total: 74 cm<\/li>\n<li>Peso : 1051 gr<\/li>\n<\/ul>","protected":false},"featured_media":73200,"template":"","meta":[],"product_brand":[],"product_cat":[68,29],"product_tag":[],"class_list":{"0":"post-73198","1":"product","2":"type-product","3":"status-publish","4":"has-post-thumbnail","6":"product_cat-epees-seigneur-des-anneaux","7":"product_cat-le-seigneur-des-anneaux","9":"first","10":"instock","11":"taxable","12":"shipping-taxable","13":"purchasable","14":"product-type-simple"},"yoast_head":"<!-- This site is optimized with the Yoast SEO plugin v27.4 - https:\/\/yoast.com\/product\/yoast-seo-wordpress\/ -->\n<title>Ep\u00e9e de Frodon Sacquet - Le Seigneur des Anneaux | R\u00e9plique Manga Cin\u00e9<\/title>\n<meta name=\"description\" content=\"Superbe r\u00e9plique en taille r\u00e9elle de l&#039;Ep\u00e9e de Frodon Sacquet dans la trilogie Le Seigneur des Anneaux. Lame en acier grav\u00e9e. Support mural en bois - 74 cm\" \/>\n<meta name=\"robots\" content=\"index, follow, max-snippet:-1, max-image-preview:large, max-video-preview:-1\" \/>\n<link rel=\"canonical\" href=\"https:\/\/repliquemangacine.fr\/es\/espadas-del-senor-de-los-anillos\/espada-de-frodon-2\/\" \/>\n<meta property=\"og:locale\" content=\"es_ES\" \/>\n<meta property=\"og:type\" content=\"article\" \/>\n<meta property=\"og:title\" content=\"Ep\u00e9e de Frodon Sacquet - Le Seigneur des Anneaux | R\u00e9plique Manga Cin\u00e9\" \/>\n<meta property=\"og:description\" content=\"Superbe r\u00e9plique en taille r\u00e9elle de l&#039;Ep\u00e9e de Frodon Sacquet dans la trilogie Le Seigneur des Anneaux. Lame en acier grav\u00e9e. Support mural en bois - 74 cm\" \/>\n<meta property=\"og:url\" content=\"https:\/\/repliquemangacine.fr\/es\/espadas-del-senor-de-los-anillos\/espada-de-frodon-2\/\" \/>\n<meta property=\"og:site_name\" content=\"R\u00e9plique Manga Cin\u00e9\" \/>\n<meta property=\"article:publisher\" content=\"https:\/\/www.facebook.com\/RepliqueMangaCine\" \/>\n<meta property=\"article:modified_time\" content=\"2026-04-02T15:16:56+00:00\" \/>\n<meta property=\"og:image\" content=\"https:\/\/repliquemangacine.fr\/wp-content\/uploads\/2024\/07\/Epee-de-Frodon-Sacquet-sur-support.jpg\" \/>\n\t<meta property=\"og:image:width\" content=\"500\" \/>\n\t<meta property=\"og:image:height\" content=\"500\" \/>\n\t<meta property=\"og:image:type\" content=\"image\/jpeg\" \/>\n<meta name=\"twitter:card\" content=\"summary_large_image\" \/>\n<meta name=\"twitter:label1\" content=\"Tiempo de lectura\" \/>\n\t<meta name=\"twitter:data1\" content=\"4 minutos\" \/>\n<script type=\"application\/ld+json\" class=\"yoast-schema-graph\">{\"@context\":\"https:\\\/\\\/schema.org\",\"@graph\":[{\"@type\":\"WebPage\",\"@id\":\"https:\\\/\\\/repliquemangacine.fr\\\/epees-seigneur-des-anneaux\\\/epee-de-frodon-2\\\/\",\"url\":\"https:\\\/\\\/repliquemangacine.fr\\\/epees-seigneur-des-anneaux\\\/epee-de-frodon-2\\\/\",\"name\":\"Ep\u00e9e de Frodon Sacquet - Le Seigneur des Anneaux | R\u00e9plique Manga Cin\u00e9\",\"isPartOf\":{\"@id\":\"https:\\\/\\\/repliquemangacine.fr\\\/#website\"},\"primaryImageOfPage\":{\"@id\":\"https:\\\/\\\/repliquemangacine.fr\\\/epees-seigneur-des-anneaux\\\/epee-de-frodon-2\\\/#primaryimage\"},\"image\":{\"@id\":\"https:\\\/\\\/repliquemangacine.fr\\\/epees-seigneur-des-anneaux\\\/epee-de-frodon-2\\\/#primaryimage\"},\"thumbnailUrl\":\"https:\\\/\\\/repliquemangacine.fr\\\/wp-content\\\/uploads\\\/2024\\\/07\\\/Epee-de-Frodon-Sacquet-sur-support.jpg\",\"datePublished\":\"2024-07-03T12:46:43+00:00\",\"dateModified\":\"2026-04-02T15:16:56+00:00\",\"description\":\"Superbe r\u00e9plique en taille r\u00e9elle de l'Ep\u00e9e de Frodon Sacquet dans la trilogie Le Seigneur des Anneaux. Lame en acier grav\u00e9e. Support mural en bois - 74 cm\",\"breadcrumb\":{\"@id\":\"https:\\\/\\\/repliquemangacine.fr\\\/epees-seigneur-des-anneaux\\\/epee-de-frodon-2\\\/#breadcrumb\"},\"inLanguage\":\"es\",\"potentialAction\":[{\"@type\":\"ReadAction\",\"target\":[\"https:\\\/\\\/repliquemangacine.fr\\\/epees-seigneur-des-anneaux\\\/epee-de-frodon-2\\\/\"]}]},{\"@type\":\"ImageObject\",\"inLanguage\":\"es\",\"@id\":\"https:\\\/\\\/repliquemangacine.fr\\\/epees-seigneur-des-anneaux\\\/epee-de-frodon-2\\\/#primaryimage\",\"url\":\"https:\\\/\\\/repliquemangacine.fr\\\/wp-content\\\/uploads\\\/2024\\\/07\\\/Epee-de-Frodon-Sacquet-sur-support.jpg\",\"contentUrl\":\"https:\\\/\\\/repliquemangacine.fr\\\/wp-content\\\/uploads\\\/2024\\\/07\\\/Epee-de-Frodon-Sacquet-sur-support.jpg\",\"width\":500,\"height\":500,\"caption\":\"Ep\u00e9e-de-Frodon-Sacquet-sur-support\"},{\"@type\":\"BreadcrumbList\",\"@id\":\"https:\\\/\\\/repliquemangacine.fr\\\/epees-seigneur-des-anneaux\\\/epee-de-frodon-2\\\/#breadcrumb\",\"itemListElement\":[{\"@type\":\"ListItem\",\"position\":1,\"name\":\"Accueil\",\"item\":\"https:\\\/\\\/repliquemangacine.fr\\\/\"},{\"@type\":\"ListItem\",\"position\":2,\"name\":\"Produits\",\"item\":\"https:\\\/\\\/repliquemangacine.fr\\\/boutique\\\/\"},{\"@type\":\"ListItem\",\"position\":3,\"name\":\"Ep\u00e9e de Frodon Sacquet\"}]},{\"@type\":\"WebSite\",\"@id\":\"https:\\\/\\\/repliquemangacine.fr\\\/#website\",\"url\":\"https:\\\/\\\/repliquemangacine.fr\\\/\",\"name\":\"R\u00e9plique Manga Cin\u00e9\",\"description\":\"\",\"publisher\":{\"@id\":\"https:\\\/\\\/repliquemangacine.fr\\\/#organization\"},\"potentialAction\":[{\"@type\":\"SearchAction\",\"target\":{\"@type\":\"EntryPoint\",\"urlTemplate\":\"https:\\\/\\\/repliquemangacine.fr\\\/?s={search_term_string}\"},\"query-input\":{\"@type\":\"PropertyValueSpecification\",\"valueRequired\":true,\"valueName\":\"search_term_string\"}}],\"inLanguage\":\"es\"},{\"@type\":\"Organization\",\"@id\":\"https:\\\/\\\/repliquemangacine.fr\\\/#organization\",\"name\":\"R\u00e9plique Manga Cin\u00e9\",\"url\":\"https:\\\/\\\/repliquemangacine.fr\\\/\",\"logo\":{\"@type\":\"ImageObject\",\"inLanguage\":\"es\",\"@id\":\"https:\\\/\\\/repliquemangacine.fr\\\/#\\\/schema\\\/logo\\\/image\\\/\",\"url\":\"https:\\\/\\\/repliquemangacine.fr\\\/wp-content\\\/uploads\\\/2023\\\/10\\\/RMC-500250.png\",\"contentUrl\":\"https:\\\/\\\/repliquemangacine.fr\\\/wp-content\\\/uploads\\\/2023\\\/10\\\/RMC-500250.png\",\"width\":500,\"height\":250,\"caption\":\"R\u00e9plique Manga Cin\u00e9\"},\"image\":{\"@id\":\"https:\\\/\\\/repliquemangacine.fr\\\/#\\\/schema\\\/logo\\\/image\\\/\"},\"sameAs\":[\"https:\\\/\\\/www.facebook.com\\\/RepliqueMangaCine\",\"https:\\\/\\\/www.instagram.com\\\/repliquemangacine.fr\\\/\"]}]}<\/script>\n<!-- \/ Yoast SEO plugin. -->","yoast_head_json":{"title":"La espada de Frodo Bols\u00f3n - El Se\u00f1or de los Anillos | R\u00e9plique Manga Cin\u00e9","description":"Magn\u00edfica r\u00e9plica a tama\u00f1o real de la espada de Frodo Bols\u00f3n de la trilog\u00eda de El Se\u00f1or de los Anillos. Hoja de acero grabado. Soporte de pared de madera - 74 cm","robots":{"index":"index","follow":"follow","max-snippet":"max-snippet:-1","max-image-preview":"max-image-preview:large","max-video-preview":"max-video-preview:-1"},"canonical":"https:\/\/repliquemangacine.fr\/es\/espadas-del-senor-de-los-anillos\/espada-de-frodon-2\/","og_locale":"es_ES","og_type":"article","og_title":"Ep\u00e9e de Frodon Sacquet - Le Seigneur des Anneaux | R\u00e9plique Manga Cin\u00e9","og_description":"Superbe r\u00e9plique en taille r\u00e9elle de l'Ep\u00e9e de Frodon Sacquet dans la trilogie Le Seigneur des Anneaux. Lame en acier grav\u00e9e. Support mural en bois - 74 cm","og_url":"https:\/\/repliquemangacine.fr\/es\/espadas-del-senor-de-los-anillos\/espada-de-frodon-2\/","og_site_name":"R\u00e9plique Manga Cin\u00e9","article_publisher":"https:\/\/www.facebook.com\/RepliqueMangaCine","article_modified_time":"2026-04-02T15:16:56+00:00","og_image":[{"width":500,"height":500,"url":"https:\/\/repliquemangacine.fr\/wp-content\/uploads\/2024\/07\/Epee-de-Frodon-Sacquet-sur-support.jpg","type":"image\/jpeg"}],"twitter_card":"summary_large_image","twitter_misc":{"Tiempo de lectura":"4 minutos"},"schema":{"@context":"https:\/\/schema.org","@graph":[{"@type":"WebPage","@id":"https:\/\/repliquemangacine.fr\/epees-seigneur-des-anneaux\/epee-de-frodon-2\/","url":"https:\/\/repliquemangacine.fr\/epees-seigneur-des-anneaux\/epee-de-frodon-2\/","name":"La espada de Frodo Bols\u00f3n - El Se\u00f1or de los Anillos | R\u00e9plique Manga Cin\u00e9","isPartOf":{"@id":"https:\/\/repliquemangacine.fr\/#website"},"primaryImageOfPage":{"@id":"https:\/\/repliquemangacine.fr\/epees-seigneur-des-anneaux\/epee-de-frodon-2\/#primaryimage"},"image":{"@id":"https:\/\/repliquemangacine.fr\/epees-seigneur-des-anneaux\/epee-de-frodon-2\/#primaryimage"},"thumbnailUrl":"https:\/\/repliquemangacine.fr\/wp-content\/uploads\/2024\/07\/Epee-de-Frodon-Sacquet-sur-support.jpg","datePublished":"2024-07-03T12:46:43+00:00","dateModified":"2026-04-02T15:16:56+00:00","description":"Magn\u00edfica r\u00e9plica a tama\u00f1o real de la espada de Frodo Bols\u00f3n de la trilog\u00eda de El Se\u00f1or de los Anillos. Hoja de acero grabado. Soporte de pared de madera - 74 cm","breadcrumb":{"@id":"https:\/\/repliquemangacine.fr\/epees-seigneur-des-anneaux\/epee-de-frodon-2\/#breadcrumb"},"inLanguage":"es","potentialAction":[{"@type":"ReadAction","target":["https:\/\/repliquemangacine.fr\/epees-seigneur-des-anneaux\/epee-de-frodon-2\/"]}]},{"@type":"ImageObject","inLanguage":"es","@id":"https:\/\/repliquemangacine.fr\/epees-seigneur-des-anneaux\/epee-de-frodon-2\/#primaryimage","url":"https:\/\/repliquemangacine.fr\/wp-content\/uploads\/2024\/07\/Epee-de-Frodon-Sacquet-sur-support.jpg","contentUrl":"https:\/\/repliquemangacine.fr\/wp-content\/uploads\/2024\/07\/Epee-de-Frodon-Sacquet-sur-support.jpg","width":500,"height":500,"caption":"Ep\u00e9e-de-Frodon-Sacquet-sur-support"},{"@type":"BreadcrumbList","@id":"https:\/\/repliquemangacine.fr\/epees-seigneur-des-anneaux\/epee-de-frodon-2\/#breadcrumb","itemListElement":[{"@type":"ListItem","position":1,"name":"Accueil","item":"https:\/\/repliquemangacine.fr\/"},{"@type":"ListItem","position":2,"name":"Produits","item":"https:\/\/repliquemangacine.fr\/boutique\/"},{"@type":"ListItem","position":3,"name":"Ep\u00e9e de Frodon Sacquet"}]},{"@type":"WebSite","@id":"https:\/\/repliquemangacine.fr\/#website","url":"https:\/\/repliquemangacine.fr\/","name":"R\u00e9plique Manga Cin\u00e9","description":"","publisher":{"@id":"https:\/\/repliquemangacine.fr\/#organization"},"potentialAction":[{"@type":"SearchAction","target":{"@type":"EntryPoint","urlTemplate":"https:\/\/repliquemangacine.fr\/?s={search_term_string}"},"query-input":{"@type":"PropertyValueSpecification","valueRequired":true,"valueName":"search_term_string"}}],"inLanguage":"es"},{"@type":"Organization","@id":"https:\/\/repliquemangacine.fr\/#organization","name":"R\u00e9plique Manga Cin\u00e9","url":"https:\/\/repliquemangacine.fr\/","logo":{"@type":"ImageObject","inLanguage":"es","@id":"https:\/\/repliquemangacine.fr\/#\/schema\/logo\/image\/","url":"https:\/\/repliquemangacine.fr\/wp-content\/uploads\/2023\/10\/RMC-500250.png","contentUrl":"https:\/\/repliquemangacine.fr\/wp-content\/uploads\/2023\/10\/RMC-500250.png","width":500,"height":250,"caption":"R\u00e9plique Manga Cin\u00e9"},"image":{"@id":"https:\/\/repliquemangacine.fr\/#\/schema\/logo\/image\/"},"sameAs":["https:\/\/www.facebook.com\/RepliqueMangaCine","https:\/\/www.instagram.com\/repliquemangacine.fr\/"]}]}},"_links":{"self":[{"href":"https:\/\/repliquemangacine.fr\/es\/wp-json\/wp\/v2\/product\/73198","targetHints":{"allow":["GET"]}}],"collection":[{"href":"https:\/\/repliquemangacine.fr\/es\/wp-json\/wp\/v2\/product"}],"about":[{"href":"https:\/\/repliquemangacine.fr\/es\/wp-json\/wp\/v2\/types\/product"}],"wp:featuredmedia":[{"embeddable":true,"href":"https:\/\/repliquemangacine.fr\/es\/wp-json\/wp\/v2\/media\/73200"}],"wp:attachment":[{"href":"https:\/\/repliquemangacine.fr\/es\/wp-json\/wp\/v2\/media?parent=73198"}],"wp:term":[{"taxonomy":"product_brand","embeddable":true,"href":"https:\/\/repliquemangacine.fr\/es\/wp-json\/wp\/v2\/product_brand?post=73198"},{"taxonomy":"product_cat","embeddable":true,"href":"https:\/\/repliquemangacine.fr\/es\/wp-json\/wp\/v2\/product_cat?post=73198"},{"taxonomy":"product_tag","embeddable":true,"href":"https:\/\/repliquemangacine.fr\/es\/wp-json\/wp\/v2\/product_tag?post=73198"}],"curies":[{"name":"wp","href":"https:\/\/api.w.org\/{rel}","templated":true}]}}