





{"id":72827,"date":"2024-06-16T18:20:16","date_gmt":"2024-06-16T16:20:16","guid":{"rendered":"https:\/\/repliquemangacine.fr\/?post_type=product&#038;p=72827"},"modified":"2025-12-27T11:36:29","modified_gmt":"2025-12-27T10:36:29","slug":"uruk-hai-cimitarra-senor-de-los-anillos","status":"publish","type":"product","link":"https:\/\/repliquemangacine.fr\/es\/le-seigneur-des-anneaux\/cimeterre-uruk-hai-le-seigneur-des-anneaux\/","title":{"rendered":"Cimitarra Uruk-Hai - El Se\u00f1or de los Anillos"},"content":{"rendered":"<h2>Cimitarra Uruk-Hai: Uso en combate<\/h2>\n<p>En primer lugar, la cimitarra de los Uruk-Hai en la trilog\u00eda El Se\u00f1or de los Anillos, un arma intimidante. De hecho, las hojas, con sus puntas curvadas, reflejan la naturaleza salvaje y despiadada de los Uruk-Hai. Cabe destacar que estas machetes no son solo armas, sino tambi\u00e9n s\u00edmbolos del terror que inspiran a sus enemigos. Su silueta distintiva es reconocible y temida en el campo de batalla.<\/p>\n<p>El arma es especialmente \u00fatil para ataques de fuerza bruta, ya que puede romper escudos e infligir graves heridas al adversario. Tambi\u00e9n es adecuada para una variedad de t\u00e9cnicas de combate, incluyendo potentes golpes cortantes y ataques r\u00e1pidos. Su dise\u00f1o permite a los Uruk-Hai luchar eficazmente contra diferentes tipos de enemigos.<\/p>\n<p>En conclusi\u00f3n, el uso de estas cimitarras contribuye a la identidad \u00fanica de los Uruk-Hai como soldados de \u00e9lite entre los orcos, que se distinguen por su equipamiento superior y su disciplina.<\/p>\n<h2>Cimitarras Uruk-Hai: Orcos feroces<\/h2>\n<p>Para empezar, los Uruk-Hai, una raza de temibles y poderosos orcos creados por Saruman en la trilog\u00eda de El Se\u00f1or de los Anillos. Conocidos por su fuerza bruta, resistencia y ferocidad. Temibles guerreros que desempe\u00f1an un papel crucial en la Guerra del Anillo. Creados por <a href=\"https:\/\/lotr.fandom.com\/fr\/wiki\/Saroumane\" target=\"_blank\" rel=\"noopener noreferrer\">Saroumane<\/a> cruzando orcos con humanos. Esto los hace m\u00e1s grandes, m\u00e1s fuertes y m\u00e1s resistentes que los orcos comunes. A diferencia de los orcos comunes, los Uruk-Hai pueden soportar la luz del d\u00eda sin debilitarse. Esto les permite, adem\u00e1s, llevar a cabo ataques a cualquier hora.<\/p>\n<p>Los Uruk-Hai desempe\u00f1an un papel fundamental en los esfuerzos de Saruman por destruir la Comunidad del Anillo y conquistar el reino de Rohan. Son responsables de varios acontecimientos clave de la trilog\u00eda:<\/p>\n<ul>\n<li><strong>Captura de Merry y Pippin<\/strong> Los Uruk-Hai capturan a Merry y Pippin durante la Batalla de Amon Hen, creyendo que uno de ellos es el portador del Anillo.<\/li>\n<li><strong>Batalla del Abismo de Helm<\/strong> Lideran el asalto a la fortaleza del Abismo de Helm, amenazando la supervivencia del pueblo de Rohan.<\/li>\n<\/ul>\n<p>En conclusi\u00f3n, los Uruk-Hai simbolizan la corrupci\u00f3n y la degradaci\u00f3n causadas por el mal en el universo de Tolkien. Su creaci\u00f3n por Saruman representa una traici\u00f3n a la naturaleza y un abuso de poder. Muestran c\u00f3mo el deseo de dominaci\u00f3n puede conducir a la perversi\u00f3n.<\/p>\n<h2>Descubra nuestra colecci\u00f3n de espadas de El Se\u00f1or de los Anillos<\/h2>\n<p>Sum\u00e9rgete en el \u00e9pico mundo de El Se\u00f1or de los Anillos con nuestra exclusiva colecci\u00f3n de r\u00e9plicas de las emblem\u00e1ticas espadas de la saga.<\/p>\n<ol>\n<li>Lo primero y m\u00e1s importante, <a href=\"https:\/\/repliquemangacine.fr\/es\/espadas-y-dagas-los-anillos-del-poder\/espada-anduril-aragorn-el-senor-de-los-anillos\/\">And\u00faril<\/a>la Llama del Oeste, la legendaria espada de Aragorn, forjada a partir de los fragmentos de Narsil.<\/li>\n<li>Entonces siente el poder de la<a href=\"https:\/\/repliquemangacine.fr\/es\/espadas-del-senor-de-los-anillos\/senor-de-los-anillos-espada-nazgul-espada-caballeros-negros\/\"> Nazg\u00fbls<\/a> con sus espadas oscuras y amenazadoras, s\u00edmbolos del terror que inspiran.<\/li>\n<li>Tambi\u00e9n hay <a href=\"https:\/\/repliquemangacine.fr\/es\/las-espadas-del-hobbit\/senor-de-los-anillos-glamdring-gandalf-espada\/\">Glamdring, la espada de Gandalf<\/a>Esta arma centelleante y temible es utilizada por el mago en batallas decisivas.<\/li>\n<li>Manejar el <a href=\"https:\/\/repliquemangacine.fr\/es\/espadas-del-senor-de-los-anillos\/el-senor-de-los-anillos-legolas-sables\/\">Los elegantes sables de Legolas<\/a>perfecto para los fans del famoso elfo sylvan.<\/li>\n<li>Y mucho m\u00e1s por descubrir en nuestra tienda.<\/li>\n<\/ol>\n<p>Cada r\u00e9plica est\u00e1 elaborada con excepcional precisi\u00f3n y atenci\u00f3n al detalle. Ideales para coleccionistas y entusiastas de Tolkien, estas espadas son el objeto de coleccionista perfecto para honrar el legado \u00e9pico de la Tierra Media.<\/p>","protected":false},"excerpt":{"rendered":"<p>Este machete Uruk-Hai Scimitar de la trilog\u00eda de El Se\u00f1or de los Anillos es absolutamente magn\u00edfico.<\/p>\n<ul>\n<li>Fabricado en una sola pieza (Full Tang Construction)<\/li>\n<li>Asa de piel sint\u00e9tica para un agarre seguro<\/li>\n<li>Se entrega con vaina<\/li>\n<li>Soporte de presentaci\u00f3n de madera<\/li>\n<li>Longitud total: 64 cm<\/li>\n<\/ul>","protected":false},"featured_media":72830,"template":"","meta":[],"product_brand":[],"product_cat":[68,29],"product_tag":[],"class_list":{"0":"post-72827","1":"product","2":"type-product","3":"status-publish","4":"has-post-thumbnail","6":"product_cat-epees-seigneur-des-anneaux","7":"product_cat-le-seigneur-des-anneaux","9":"first","10":"instock","11":"taxable","12":"shipping-taxable","13":"purchasable","14":"product-type-simple"},"yoast_head":"<!-- This site is optimized with the Yoast SEO plugin v27.5 - https:\/\/yoast.com\/product\/yoast-seo-wordpress\/ -->\n<title>Cimeterre Uruk-Hai - Le Seigneur des Anneaux - R\u00e9plique Manga Cin\u00e9<\/title>\n<meta name=\"description\" content=\"D\u00e9couvrez ce superbe Cimeterre Uruk-Hai dans la trilogie Le Seigneur des Anneaux. En acier et Full Tang Construction. Poign\u00e9e simili. Fourreau. 64 cm\" \/>\n<meta name=\"robots\" content=\"index, follow, max-snippet:-1, max-image-preview:large, max-video-preview:-1\" \/>\n<link rel=\"canonical\" href=\"https:\/\/repliquemangacine.fr\/es\/el-senor-de-los-anillos\/uruk-hai-cimitarra-senor-de-los-anillos\/\" \/>\n<meta property=\"og:locale\" content=\"es_ES\" \/>\n<meta property=\"og:type\" content=\"article\" \/>\n<meta property=\"og:title\" content=\"Cimeterre Uruk-Hai - Le Seigneur des Anneaux - R\u00e9plique Manga Cin\u00e9\" \/>\n<meta property=\"og:description\" content=\"D\u00e9couvrez ce superbe Cimeterre Uruk-Hai dans la trilogie Le Seigneur des Anneaux. En acier et Full Tang Construction. Poign\u00e9e simili. Fourreau. 64 cm\" \/>\n<meta property=\"og:url\" content=\"https:\/\/repliquemangacine.fr\/es\/el-senor-de-los-anillos\/uruk-hai-cimitarra-senor-de-los-anillos\/\" \/>\n<meta property=\"og:site_name\" content=\"R\u00e9plique Manga Cin\u00e9\" \/>\n<meta property=\"article:publisher\" content=\"https:\/\/www.facebook.com\/RepliqueMangaCine\" \/>\n<meta property=\"article:modified_time\" content=\"2025-12-27T10:36:29+00:00\" \/>\n<meta property=\"og:image\" content=\"https:\/\/repliquemangacine.fr\/wp-content\/uploads\/2024\/06\/epee-ukai.jpg\" \/>\n\t<meta property=\"og:image:width\" content=\"500\" \/>\n\t<meta property=\"og:image:height\" content=\"500\" \/>\n\t<meta property=\"og:image:type\" content=\"image\/jpeg\" \/>\n<meta name=\"twitter:card\" content=\"summary_large_image\" \/>\n<meta name=\"twitter:label1\" content=\"Tiempo de lectura\" \/>\n\t<meta name=\"twitter:data1\" content=\"3 minutos\" \/>\n<script type=\"application\/ld+json\" class=\"yoast-schema-graph\">{\"@context\":\"https:\\\/\\\/schema.org\",\"@graph\":[{\"@type\":\"WebPage\",\"@id\":\"https:\\\/\\\/repliquemangacine.fr\\\/le-seigneur-des-anneaux\\\/cimeterre-uruk-hai-le-seigneur-des-anneaux\\\/\",\"url\":\"https:\\\/\\\/repliquemangacine.fr\\\/le-seigneur-des-anneaux\\\/cimeterre-uruk-hai-le-seigneur-des-anneaux\\\/\",\"name\":\"Cimeterre Uruk-Hai - Le Seigneur des Anneaux - R\u00e9plique Manga Cin\u00e9\",\"isPartOf\":{\"@id\":\"https:\\\/\\\/repliquemangacine.fr\\\/#website\"},\"primaryImageOfPage\":{\"@id\":\"https:\\\/\\\/repliquemangacine.fr\\\/le-seigneur-des-anneaux\\\/cimeterre-uruk-hai-le-seigneur-des-anneaux\\\/#primaryimage\"},\"image\":{\"@id\":\"https:\\\/\\\/repliquemangacine.fr\\\/le-seigneur-des-anneaux\\\/cimeterre-uruk-hai-le-seigneur-des-anneaux\\\/#primaryimage\"},\"thumbnailUrl\":\"https:\\\/\\\/repliquemangacine.fr\\\/wp-content\\\/uploads\\\/2024\\\/06\\\/epee-ukai.jpg\",\"datePublished\":\"2024-06-16T16:20:16+00:00\",\"dateModified\":\"2025-12-27T10:36:29+00:00\",\"description\":\"D\u00e9couvrez ce superbe Cimeterre Uruk-Hai dans la trilogie Le Seigneur des Anneaux. En acier et Full Tang Construction. Poign\u00e9e simili. Fourreau. 64 cm\",\"breadcrumb\":{\"@id\":\"https:\\\/\\\/repliquemangacine.fr\\\/le-seigneur-des-anneaux\\\/cimeterre-uruk-hai-le-seigneur-des-anneaux\\\/#breadcrumb\"},\"inLanguage\":\"es\",\"potentialAction\":[{\"@type\":\"ReadAction\",\"target\":[\"https:\\\/\\\/repliquemangacine.fr\\\/le-seigneur-des-anneaux\\\/cimeterre-uruk-hai-le-seigneur-des-anneaux\\\/\"]}]},{\"@type\":\"ImageObject\",\"inLanguage\":\"es\",\"@id\":\"https:\\\/\\\/repliquemangacine.fr\\\/le-seigneur-des-anneaux\\\/cimeterre-uruk-hai-le-seigneur-des-anneaux\\\/#primaryimage\",\"url\":\"https:\\\/\\\/repliquemangacine.fr\\\/wp-content\\\/uploads\\\/2024\\\/06\\\/epee-ukai.jpg\",\"contentUrl\":\"https:\\\/\\\/repliquemangacine.fr\\\/wp-content\\\/uploads\\\/2024\\\/06\\\/epee-ukai.jpg\",\"width\":500,\"height\":500,\"caption\":\"Cimeterre Uruk-Hai avec fourreau et support\"},{\"@type\":\"BreadcrumbList\",\"@id\":\"https:\\\/\\\/repliquemangacine.fr\\\/le-seigneur-des-anneaux\\\/cimeterre-uruk-hai-le-seigneur-des-anneaux\\\/#breadcrumb\",\"itemListElement\":[{\"@type\":\"ListItem\",\"position\":1,\"name\":\"Accueil\",\"item\":\"https:\\\/\\\/repliquemangacine.fr\\\/\"},{\"@type\":\"ListItem\",\"position\":2,\"name\":\"Produits\",\"item\":\"https:\\\/\\\/repliquemangacine.fr\\\/boutique\\\/\"},{\"@type\":\"ListItem\",\"position\":3,\"name\":\"Cimeterre Uruk-Hai &#8211; Le Seigneur des Anneaux\"}]},{\"@type\":\"WebSite\",\"@id\":\"https:\\\/\\\/repliquemangacine.fr\\\/#website\",\"url\":\"https:\\\/\\\/repliquemangacine.fr\\\/\",\"name\":\"R\u00e9plique Manga Cin\u00e9\",\"description\":\"\",\"publisher\":{\"@id\":\"https:\\\/\\\/repliquemangacine.fr\\\/#organization\"},\"potentialAction\":[{\"@type\":\"SearchAction\",\"target\":{\"@type\":\"EntryPoint\",\"urlTemplate\":\"https:\\\/\\\/repliquemangacine.fr\\\/?s={search_term_string}\"},\"query-input\":{\"@type\":\"PropertyValueSpecification\",\"valueRequired\":true,\"valueName\":\"search_term_string\"}}],\"inLanguage\":\"es\"},{\"@type\":\"Organization\",\"@id\":\"https:\\\/\\\/repliquemangacine.fr\\\/#organization\",\"name\":\"R\u00e9plique Manga Cin\u00e9\",\"url\":\"https:\\\/\\\/repliquemangacine.fr\\\/\",\"logo\":{\"@type\":\"ImageObject\",\"inLanguage\":\"es\",\"@id\":\"https:\\\/\\\/repliquemangacine.fr\\\/#\\\/schema\\\/logo\\\/image\\\/\",\"url\":\"https:\\\/\\\/repliquemangacine.fr\\\/wp-content\\\/uploads\\\/2023\\\/10\\\/RMC-500250.png\",\"contentUrl\":\"https:\\\/\\\/repliquemangacine.fr\\\/wp-content\\\/uploads\\\/2023\\\/10\\\/RMC-500250.png\",\"width\":500,\"height\":250,\"caption\":\"R\u00e9plique Manga Cin\u00e9\"},\"image\":{\"@id\":\"https:\\\/\\\/repliquemangacine.fr\\\/#\\\/schema\\\/logo\\\/image\\\/\"},\"sameAs\":[\"https:\\\/\\\/www.facebook.com\\\/RepliqueMangaCine\",\"https:\\\/\\\/www.instagram.com\\\/repliquemangacine.fr\\\/\"]}]}<\/script>\n<!-- \/ Yoast SEO plugin. -->","yoast_head_json":{"title":"Cimitarra Uruk-Hai - El Se\u00f1or de los Anillos - R\u00e9plique Manga Cin\u00e9","description":"Descubre esta magn\u00edfica Cimitarra Uruk-Hai de la trilog\u00eda de El Se\u00f1or de los Anillos. Fabricada en acero y construcci\u00f3n Full Tang. Empu\u00f1adura simulada. Vaina. 64 cm","robots":{"index":"index","follow":"follow","max-snippet":"max-snippet:-1","max-image-preview":"max-image-preview:large","max-video-preview":"max-video-preview:-1"},"canonical":"https:\/\/repliquemangacine.fr\/es\/el-senor-de-los-anillos\/uruk-hai-cimitarra-senor-de-los-anillos\/","og_locale":"es_ES","og_type":"article","og_title":"Cimeterre Uruk-Hai - Le Seigneur des Anneaux - R\u00e9plique Manga Cin\u00e9","og_description":"D\u00e9couvrez ce superbe Cimeterre Uruk-Hai dans la trilogie Le Seigneur des Anneaux. En acier et Full Tang Construction. Poign\u00e9e simili. Fourreau. 64 cm","og_url":"https:\/\/repliquemangacine.fr\/es\/el-senor-de-los-anillos\/uruk-hai-cimitarra-senor-de-los-anillos\/","og_site_name":"R\u00e9plique Manga Cin\u00e9","article_publisher":"https:\/\/www.facebook.com\/RepliqueMangaCine","article_modified_time":"2025-12-27T10:36:29+00:00","og_image":[{"width":500,"height":500,"url":"https:\/\/repliquemangacine.fr\/wp-content\/uploads\/2024\/06\/epee-ukai.jpg","type":"image\/jpeg"}],"twitter_card":"summary_large_image","twitter_misc":{"Tiempo de lectura":"3 minutos"},"schema":{"@context":"https:\/\/schema.org","@graph":[{"@type":"WebPage","@id":"https:\/\/repliquemangacine.fr\/le-seigneur-des-anneaux\/cimeterre-uruk-hai-le-seigneur-des-anneaux\/","url":"https:\/\/repliquemangacine.fr\/le-seigneur-des-anneaux\/cimeterre-uruk-hai-le-seigneur-des-anneaux\/","name":"Cimitarra Uruk-Hai - El Se\u00f1or de los Anillos - R\u00e9plique Manga Cin\u00e9","isPartOf":{"@id":"https:\/\/repliquemangacine.fr\/#website"},"primaryImageOfPage":{"@id":"https:\/\/repliquemangacine.fr\/le-seigneur-des-anneaux\/cimeterre-uruk-hai-le-seigneur-des-anneaux\/#primaryimage"},"image":{"@id":"https:\/\/repliquemangacine.fr\/le-seigneur-des-anneaux\/cimeterre-uruk-hai-le-seigneur-des-anneaux\/#primaryimage"},"thumbnailUrl":"https:\/\/repliquemangacine.fr\/wp-content\/uploads\/2024\/06\/epee-ukai.jpg","datePublished":"2024-06-16T16:20:16+00:00","dateModified":"2025-12-27T10:36:29+00:00","description":"Descubre esta magn\u00edfica Cimitarra Uruk-Hai de la trilog\u00eda de El Se\u00f1or de los Anillos. Fabricada en acero y construcci\u00f3n Full Tang. Empu\u00f1adura simulada. Vaina. 64 cm","breadcrumb":{"@id":"https:\/\/repliquemangacine.fr\/le-seigneur-des-anneaux\/cimeterre-uruk-hai-le-seigneur-des-anneaux\/#breadcrumb"},"inLanguage":"es","potentialAction":[{"@type":"ReadAction","target":["https:\/\/repliquemangacine.fr\/le-seigneur-des-anneaux\/cimeterre-uruk-hai-le-seigneur-des-anneaux\/"]}]},{"@type":"ImageObject","inLanguage":"es","@id":"https:\/\/repliquemangacine.fr\/le-seigneur-des-anneaux\/cimeterre-uruk-hai-le-seigneur-des-anneaux\/#primaryimage","url":"https:\/\/repliquemangacine.fr\/wp-content\/uploads\/2024\/06\/epee-ukai.jpg","contentUrl":"https:\/\/repliquemangacine.fr\/wp-content\/uploads\/2024\/06\/epee-ukai.jpg","width":500,"height":500,"caption":"Cimeterre Uruk-Hai avec fourreau et support"},{"@type":"BreadcrumbList","@id":"https:\/\/repliquemangacine.fr\/le-seigneur-des-anneaux\/cimeterre-uruk-hai-le-seigneur-des-anneaux\/#breadcrumb","itemListElement":[{"@type":"ListItem","position":1,"name":"Accueil","item":"https:\/\/repliquemangacine.fr\/"},{"@type":"ListItem","position":2,"name":"Produits","item":"https:\/\/repliquemangacine.fr\/boutique\/"},{"@type":"ListItem","position":3,"name":"Cimeterre Uruk-Hai &#8211; Le Seigneur des Anneaux"}]},{"@type":"WebSite","@id":"https:\/\/repliquemangacine.fr\/#website","url":"https:\/\/repliquemangacine.fr\/","name":"R\u00e9plique Manga Cin\u00e9","description":"","publisher":{"@id":"https:\/\/repliquemangacine.fr\/#organization"},"potentialAction":[{"@type":"SearchAction","target":{"@type":"EntryPoint","urlTemplate":"https:\/\/repliquemangacine.fr\/?s={search_term_string}"},"query-input":{"@type":"PropertyValueSpecification","valueRequired":true,"valueName":"search_term_string"}}],"inLanguage":"es"},{"@type":"Organization","@id":"https:\/\/repliquemangacine.fr\/#organization","name":"R\u00e9plique Manga Cin\u00e9","url":"https:\/\/repliquemangacine.fr\/","logo":{"@type":"ImageObject","inLanguage":"es","@id":"https:\/\/repliquemangacine.fr\/#\/schema\/logo\/image\/","url":"https:\/\/repliquemangacine.fr\/wp-content\/uploads\/2023\/10\/RMC-500250.png","contentUrl":"https:\/\/repliquemangacine.fr\/wp-content\/uploads\/2023\/10\/RMC-500250.png","width":500,"height":250,"caption":"R\u00e9plique Manga Cin\u00e9"},"image":{"@id":"https:\/\/repliquemangacine.fr\/#\/schema\/logo\/image\/"},"sameAs":["https:\/\/www.facebook.com\/RepliqueMangaCine","https:\/\/www.instagram.com\/repliquemangacine.fr\/"]}]}},"_links":{"self":[{"href":"https:\/\/repliquemangacine.fr\/es\/wp-json\/wp\/v2\/product\/72827","targetHints":{"allow":["GET"]}}],"collection":[{"href":"https:\/\/repliquemangacine.fr\/es\/wp-json\/wp\/v2\/product"}],"about":[{"href":"https:\/\/repliquemangacine.fr\/es\/wp-json\/wp\/v2\/types\/product"}],"wp:featuredmedia":[{"embeddable":true,"href":"https:\/\/repliquemangacine.fr\/es\/wp-json\/wp\/v2\/media\/72830"}],"wp:attachment":[{"href":"https:\/\/repliquemangacine.fr\/es\/wp-json\/wp\/v2\/media?parent=72827"}],"wp:term":[{"taxonomy":"product_brand","embeddable":true,"href":"https:\/\/repliquemangacine.fr\/es\/wp-json\/wp\/v2\/product_brand?post=72827"},{"taxonomy":"product_cat","embeddable":true,"href":"https:\/\/repliquemangacine.fr\/es\/wp-json\/wp\/v2\/product_cat?post=72827"},{"taxonomy":"product_tag","embeddable":true,"href":"https:\/\/repliquemangacine.fr\/es\/wp-json\/wp\/v2\/product_tag?post=72827"}],"curies":[{"name":"wp","href":"https:\/\/api.w.org\/{rel}","templated":true}]}}