





{"id":72792,"date":"2024-06-16T16:55:54","date_gmt":"2024-06-16T14:55:54","guid":{"rendered":"https:\/\/repliquemangacine.fr\/?post_type=product&#038;p=72792"},"modified":"2026-04-15T12:02:06","modified_gmt":"2026-04-15T10:02:06","slug":"tomahawk-of-assassins-assassins-creed-3","status":"publish","type":"product","link":"https:\/\/repliquemangacine.fr\/es\/armes-assassins-creed\/tomahawk-des-assassins-assassins-creed-3\/","title":{"rendered":"Assassins' Tomahawk - Assassin's Creed 3"},"content":{"rendered":"<h2>Assassins' Tomahawk: el hacha de Connor<\/h2>\n<p>En primer lugar, el Tomahawk de los Asesinos, un arma emblem\u00e1tica utilizada por el protagonista, Connor Kenway. Se trata de un arma fascinante con una rica historia y un profundo significado cultural, especialmente entre los pueblos amerindios. En Assassin's Creed III: Liberation, el arma se llama Tomahawk de Connor y tiene las mismas estad\u00edsticas que el hacha Chimbuya.<\/p>\n<p>Originalmente pertenec\u00eda a Jean de la Tour, el primer Asesino del Nuevo Mundo. Muchos a\u00f1os despu\u00e9s, fue cedido a Connor. La Asesina de Luisiana Aveline de Grandpr\u00e9 obtuvo a su vez el tomahawk, tras conocer a Connor en 1777. Este la ayud\u00f3 a asesinar al templario George Davidson, miembro del regimiento et\u00edope de Lord Dunmore.<\/p>\n<p>Connor, cuyo verdadero nombre es <a href=\"https:\/\/assassinscreed.fandom.com\/fr\/wiki\/Ratonhnhak%C3%A9:ton\" target=\"_blank\" rel=\"noopener noreferrer\">Ratonhnhak\u00e9:su<\/a>Joven de origen mitad ingl\u00e9s y mitad mohawk que vivi\u00f3 durante la Revoluci\u00f3n Americana. Maestro asesino, miembro de la Hermandad Colonial de Asesinos durante la Guerra de la Independencia.<\/p>\n<h2>Assassins' Tomahawk: S\u00edmbolo e historia<\/h2>\n<p>Para empezar, el tomahawk de Connor representa su v\u00ednculo con sus ra\u00edces mohawk. Es una expresi\u00f3n de su herencia cultural y su identidad como guerrero y defensor de la libertad. Cabe destacar que, en algunas escenas cinem\u00e1ticas, el tomahawk se utiliza para resaltar momentos de triunfo o tragedia, lo que refuerza su papel simb\u00f3lico en la trama narrativa de Connor.<\/p>\n<p>Este hacha desempe\u00f1a un papel clave en varias misiones cruciales de la historia de \u201cAssassin's Creed 3\u201d. Se utiliza para cumplir objetivos importantes, eliminar objetivos de gran valor y defender a los aliados de Connor. Adem\u00e1s, el juego ofrece una serie de animaciones y movimientos de combate espec\u00edficos para el tomahawk. De este modo, cada ataque resulta visualmente impresionante y t\u00e1cticamente variado.<\/p>\n<p>Por \u00faltimo, el tomahawk de Connor, que se ha convertido en una de las armas m\u00e1s emblem\u00e1ticas y populares de la franquicia \u201cAssassin's Creed\u201d. Su dise\u00f1o \u00fanico y su eficacia en combate han sido muy apreciados por los fans.<\/p>\n<h2>Merchandising y r\u00e9plicas: art\u00edculos esenciales para coleccionistas<\/h2>\n<p>Debido a su popularidad, el tomahawk de Connor ha inspirado muchos productos derivados, incluidas r\u00e9plicas detalladas para coleccionistas y fans del juego. R\u00e9plique Manga Cin\u00e9 ofrece una amplia gama de fieles reproducciones de las armas de Assassin's Creed.<\/p>\n<ul>\n<li>En primer lugar, el<a href=\"https:\/\/repliquemangacine.fr\/es\/armas-de-assassins-creed\/espada-altair-assassins-creed\/\">espada de Alta\u00efr<\/a> en la primera entrega de la serie.<\/li>\n<li>Tambi\u00e9n existe la <a href=\"https:\/\/repliquemangacine.fr\/es\/armas-de-assassins-creed\/edward-kenway-pistola-italiana-de-chispa-assassin-s-creed-iv\/\">La pistola de Edward Kenway<\/a> en Assassin's Creed IV<\/li>\n<li>As\u00ed como el <a href=\"https:\/\/repliquemangacine.fr\/es\/armas-de-assassins-creed\/assassin-s-creed-odyssey-replica-lanza-rota-de-leonidas\/\">La lanza rota de Le\u00f3nidas<\/a> en Odisea<\/li>\n<li>Por \u00faltimo, pero no por ello menos importante, el <a href=\"https:\/\/repliquemangacine.fr\/es\/armas-de-assassins-creed\/hachas-assassins-creed-valhalla\/\">Ejes Eivor<\/a> en el Valhalla, sino tambi\u00e9n el martillo de Thor.<\/li>\n<li>Y, por supuesto, hay mucho m\u00e1s por descubrir en nuestra tienda.<\/li>\n<\/ul>\n<p>Por \u00faltimo, tambi\u00e9n encontrar\u00e1s los famosos Guanteletes, as\u00ed como figuritas.<\/p>","protected":false},"excerpt":{"rendered":"<p>Magn\u00edfica r\u00e9plica del hacha de Connor, el \"Tomahawk de los Asesinos\".<\/p>\n<ul>\n<li>Cabeza de tomahawk de metal con forma especial<\/li>\n<li>Asa de madera con s\u00edmbolo<\/li>\n<li>Pluma con perla<\/li>\n<li>Mango recubierto de piel sint\u00e9tica para un agarre seguro.<\/li>\n<li>Longitud total: 47,5 cm<\/li>\n<\/ul>","protected":false},"featured_media":72819,"template":"","meta":[],"product_brand":[],"product_cat":[836],"product_tag":[],"class_list":{"0":"post-72792","1":"product","2":"type-product","3":"status-publish","4":"has-post-thumbnail","6":"product_cat-armes-assassins-creed","8":"first","9":"instock","10":"taxable","11":"shipping-taxable","12":"purchasable","13":"product-type-simple"},"yoast_head":"<!-- This site is optimized with the Yoast SEO plugin v27.4 - https:\/\/yoast.com\/product\/yoast-seo-wordpress\/ -->\n<title>Tomahawk des Assassins - Assassin&#039;s Creed 3 - R\u00e9plique Manga Cin\u00e9<\/title>\n<meta name=\"description\" content=\"Venez d\u00e9couvrir cette superbe hache Tomahawk des Assassins au meilleur prix. T\u00eate en acier. Manche bois richement d\u00e9cor\u00e9 avec plume. 47.5cm\" \/>\n<meta name=\"robots\" content=\"index, follow, max-snippet:-1, max-image-preview:large, max-video-preview:-1\" \/>\n<link rel=\"canonical\" href=\"https:\/\/repliquemangacine.fr\/es\/armas-de-assassins-creed\/tomahawk-of-assassins-assassins-creed-3\/\" \/>\n<meta property=\"og:locale\" content=\"es_ES\" \/>\n<meta property=\"og:type\" content=\"article\" \/>\n<meta property=\"og:title\" content=\"Tomahawk des Assassins - Assassin&#039;s Creed 3 - R\u00e9plique Manga Cin\u00e9\" \/>\n<meta property=\"og:description\" content=\"Venez d\u00e9couvrir cette superbe hache Tomahawk des Assassins au meilleur prix. T\u00eate en acier. Manche bois richement d\u00e9cor\u00e9 avec plume. 47.5cm\" \/>\n<meta property=\"og:url\" content=\"https:\/\/repliquemangacine.fr\/es\/armas-de-assassins-creed\/tomahawk-of-assassins-assassins-creed-3\/\" \/>\n<meta property=\"og:site_name\" content=\"R\u00e9plique Manga Cin\u00e9\" \/>\n<meta property=\"article:publisher\" content=\"https:\/\/www.facebook.com\/RepliqueMangaCine\" \/>\n<meta property=\"article:modified_time\" content=\"2026-04-15T10:02:06+00:00\" \/>\n<meta property=\"og:image\" content=\"https:\/\/repliquemangacine.fr\/wp-content\/uploads\/2024\/06\/Tomahawk-des-Assassins.jpg\" \/>\n\t<meta property=\"og:image:width\" content=\"500\" \/>\n\t<meta property=\"og:image:height\" content=\"500\" \/>\n\t<meta property=\"og:image:type\" content=\"image\/jpeg\" \/>\n<meta name=\"twitter:card\" content=\"summary_large_image\" \/>\n<meta name=\"twitter:label1\" content=\"Tiempo de lectura\" \/>\n\t<meta name=\"twitter:data1\" content=\"3 minutos\" \/>\n<script type=\"application\/ld+json\" class=\"yoast-schema-graph\">{\"@context\":\"https:\\\/\\\/schema.org\",\"@graph\":[{\"@type\":\"WebPage\",\"@id\":\"https:\\\/\\\/repliquemangacine.fr\\\/armes-assassins-creed\\\/tomahawk-des-assassins-assassins-creed-3\\\/\",\"url\":\"https:\\\/\\\/repliquemangacine.fr\\\/armes-assassins-creed\\\/tomahawk-des-assassins-assassins-creed-3\\\/\",\"name\":\"Tomahawk des Assassins - Assassin's Creed 3 - R\u00e9plique Manga Cin\u00e9\",\"isPartOf\":{\"@id\":\"https:\\\/\\\/repliquemangacine.fr\\\/#website\"},\"primaryImageOfPage\":{\"@id\":\"https:\\\/\\\/repliquemangacine.fr\\\/armes-assassins-creed\\\/tomahawk-des-assassins-assassins-creed-3\\\/#primaryimage\"},\"image\":{\"@id\":\"https:\\\/\\\/repliquemangacine.fr\\\/armes-assassins-creed\\\/tomahawk-des-assassins-assassins-creed-3\\\/#primaryimage\"},\"thumbnailUrl\":\"https:\\\/\\\/repliquemangacine.fr\\\/wp-content\\\/uploads\\\/2024\\\/06\\\/Tomahawk-des-Assassins.jpg\",\"datePublished\":\"2024-06-16T14:55:54+00:00\",\"dateModified\":\"2026-04-15T10:02:06+00:00\",\"description\":\"Venez d\u00e9couvrir cette superbe hache Tomahawk des Assassins au meilleur prix. T\u00eate en acier. Manche bois richement d\u00e9cor\u00e9 avec plume. 47.5cm\",\"breadcrumb\":{\"@id\":\"https:\\\/\\\/repliquemangacine.fr\\\/armes-assassins-creed\\\/tomahawk-des-assassins-assassins-creed-3\\\/#breadcrumb\"},\"inLanguage\":\"es\",\"potentialAction\":[{\"@type\":\"ReadAction\",\"target\":[\"https:\\\/\\\/repliquemangacine.fr\\\/armes-assassins-creed\\\/tomahawk-des-assassins-assassins-creed-3\\\/\"]}]},{\"@type\":\"ImageObject\",\"inLanguage\":\"es\",\"@id\":\"https:\\\/\\\/repliquemangacine.fr\\\/armes-assassins-creed\\\/tomahawk-des-assassins-assassins-creed-3\\\/#primaryimage\",\"url\":\"https:\\\/\\\/repliquemangacine.fr\\\/wp-content\\\/uploads\\\/2024\\\/06\\\/Tomahawk-des-Assassins.jpg\",\"contentUrl\":\"https:\\\/\\\/repliquemangacine.fr\\\/wp-content\\\/uploads\\\/2024\\\/06\\\/Tomahawk-des-Assassins.jpg\",\"width\":500,\"height\":500,\"caption\":\"Tomahawk des Assassins\"},{\"@type\":\"BreadcrumbList\",\"@id\":\"https:\\\/\\\/repliquemangacine.fr\\\/armes-assassins-creed\\\/tomahawk-des-assassins-assassins-creed-3\\\/#breadcrumb\",\"itemListElement\":[{\"@type\":\"ListItem\",\"position\":1,\"name\":\"Accueil\",\"item\":\"https:\\\/\\\/repliquemangacine.fr\\\/\"},{\"@type\":\"ListItem\",\"position\":2,\"name\":\"Produits\",\"item\":\"https:\\\/\\\/repliquemangacine.fr\\\/boutique\\\/\"},{\"@type\":\"ListItem\",\"position\":3,\"name\":\"Tomahawk des Assassins &#8211; Assassin&#8217;s Creed 3\"}]},{\"@type\":\"WebSite\",\"@id\":\"https:\\\/\\\/repliquemangacine.fr\\\/#website\",\"url\":\"https:\\\/\\\/repliquemangacine.fr\\\/\",\"name\":\"R\u00e9plique Manga Cin\u00e9\",\"description\":\"\",\"publisher\":{\"@id\":\"https:\\\/\\\/repliquemangacine.fr\\\/#organization\"},\"potentialAction\":[{\"@type\":\"SearchAction\",\"target\":{\"@type\":\"EntryPoint\",\"urlTemplate\":\"https:\\\/\\\/repliquemangacine.fr\\\/?s={search_term_string}\"},\"query-input\":{\"@type\":\"PropertyValueSpecification\",\"valueRequired\":true,\"valueName\":\"search_term_string\"}}],\"inLanguage\":\"es\"},{\"@type\":\"Organization\",\"@id\":\"https:\\\/\\\/repliquemangacine.fr\\\/#organization\",\"name\":\"R\u00e9plique Manga Cin\u00e9\",\"url\":\"https:\\\/\\\/repliquemangacine.fr\\\/\",\"logo\":{\"@type\":\"ImageObject\",\"inLanguage\":\"es\",\"@id\":\"https:\\\/\\\/repliquemangacine.fr\\\/#\\\/schema\\\/logo\\\/image\\\/\",\"url\":\"https:\\\/\\\/repliquemangacine.fr\\\/wp-content\\\/uploads\\\/2023\\\/10\\\/RMC-500250.png\",\"contentUrl\":\"https:\\\/\\\/repliquemangacine.fr\\\/wp-content\\\/uploads\\\/2023\\\/10\\\/RMC-500250.png\",\"width\":500,\"height\":250,\"caption\":\"R\u00e9plique Manga Cin\u00e9\"},\"image\":{\"@id\":\"https:\\\/\\\/repliquemangacine.fr\\\/#\\\/schema\\\/logo\\\/image\\\/\"},\"sameAs\":[\"https:\\\/\\\/www.facebook.com\\\/RepliqueMangaCine\",\"https:\\\/\\\/www.instagram.com\\\/repliquemangacine.fr\\\/\"]}]}<\/script>\n<!-- \/ Yoast SEO plugin. -->","yoast_head_json":{"title":"Assassins' Tomahawk - Assassin's Creed 3 - R\u00e9plique Manga Cin\u00e9","description":"Descubre esta magn\u00edfica hacha Assassins Tomahawk al mejor precio. Cabeza de acero. Mango de madera ricamente decorado con pluma. 47,5 cm de largo","robots":{"index":"index","follow":"follow","max-snippet":"max-snippet:-1","max-image-preview":"max-image-preview:large","max-video-preview":"max-video-preview:-1"},"canonical":"https:\/\/repliquemangacine.fr\/es\/armas-de-assassins-creed\/tomahawk-of-assassins-assassins-creed-3\/","og_locale":"es_ES","og_type":"article","og_title":"Tomahawk des Assassins - Assassin's Creed 3 - R\u00e9plique Manga Cin\u00e9","og_description":"Venez d\u00e9couvrir cette superbe hache Tomahawk des Assassins au meilleur prix. T\u00eate en acier. Manche bois richement d\u00e9cor\u00e9 avec plume. 47.5cm","og_url":"https:\/\/repliquemangacine.fr\/es\/armas-de-assassins-creed\/tomahawk-of-assassins-assassins-creed-3\/","og_site_name":"R\u00e9plique Manga Cin\u00e9","article_publisher":"https:\/\/www.facebook.com\/RepliqueMangaCine","article_modified_time":"2026-04-15T10:02:06+00:00","og_image":[{"width":500,"height":500,"url":"https:\/\/repliquemangacine.fr\/wp-content\/uploads\/2024\/06\/Tomahawk-des-Assassins.jpg","type":"image\/jpeg"}],"twitter_card":"summary_large_image","twitter_misc":{"Tiempo de lectura":"3 minutos"},"schema":{"@context":"https:\/\/schema.org","@graph":[{"@type":"WebPage","@id":"https:\/\/repliquemangacine.fr\/armes-assassins-creed\/tomahawk-des-assassins-assassins-creed-3\/","url":"https:\/\/repliquemangacine.fr\/armes-assassins-creed\/tomahawk-des-assassins-assassins-creed-3\/","name":"Assassins' Tomahawk - Assassin's Creed 3 - R\u00e9plique Manga Cin\u00e9","isPartOf":{"@id":"https:\/\/repliquemangacine.fr\/#website"},"primaryImageOfPage":{"@id":"https:\/\/repliquemangacine.fr\/armes-assassins-creed\/tomahawk-des-assassins-assassins-creed-3\/#primaryimage"},"image":{"@id":"https:\/\/repliquemangacine.fr\/armes-assassins-creed\/tomahawk-des-assassins-assassins-creed-3\/#primaryimage"},"thumbnailUrl":"https:\/\/repliquemangacine.fr\/wp-content\/uploads\/2024\/06\/Tomahawk-des-Assassins.jpg","datePublished":"2024-06-16T14:55:54+00:00","dateModified":"2026-04-15T10:02:06+00:00","description":"Descubre esta magn\u00edfica hacha Assassins Tomahawk al mejor precio. Cabeza de acero. Mango de madera ricamente decorado con pluma. 47,5 cm de largo","breadcrumb":{"@id":"https:\/\/repliquemangacine.fr\/armes-assassins-creed\/tomahawk-des-assassins-assassins-creed-3\/#breadcrumb"},"inLanguage":"es","potentialAction":[{"@type":"ReadAction","target":["https:\/\/repliquemangacine.fr\/armes-assassins-creed\/tomahawk-des-assassins-assassins-creed-3\/"]}]},{"@type":"ImageObject","inLanguage":"es","@id":"https:\/\/repliquemangacine.fr\/armes-assassins-creed\/tomahawk-des-assassins-assassins-creed-3\/#primaryimage","url":"https:\/\/repliquemangacine.fr\/wp-content\/uploads\/2024\/06\/Tomahawk-des-Assassins.jpg","contentUrl":"https:\/\/repliquemangacine.fr\/wp-content\/uploads\/2024\/06\/Tomahawk-des-Assassins.jpg","width":500,"height":500,"caption":"Tomahawk des Assassins"},{"@type":"BreadcrumbList","@id":"https:\/\/repliquemangacine.fr\/armes-assassins-creed\/tomahawk-des-assassins-assassins-creed-3\/#breadcrumb","itemListElement":[{"@type":"ListItem","position":1,"name":"Accueil","item":"https:\/\/repliquemangacine.fr\/"},{"@type":"ListItem","position":2,"name":"Produits","item":"https:\/\/repliquemangacine.fr\/boutique\/"},{"@type":"ListItem","position":3,"name":"Tomahawk des Assassins &#8211; Assassin&#8217;s Creed 3"}]},{"@type":"WebSite","@id":"https:\/\/repliquemangacine.fr\/#website","url":"https:\/\/repliquemangacine.fr\/","name":"R\u00e9plique Manga Cin\u00e9","description":"","publisher":{"@id":"https:\/\/repliquemangacine.fr\/#organization"},"potentialAction":[{"@type":"SearchAction","target":{"@type":"EntryPoint","urlTemplate":"https:\/\/repliquemangacine.fr\/?s={search_term_string}"},"query-input":{"@type":"PropertyValueSpecification","valueRequired":true,"valueName":"search_term_string"}}],"inLanguage":"es"},{"@type":"Organization","@id":"https:\/\/repliquemangacine.fr\/#organization","name":"R\u00e9plique Manga Cin\u00e9","url":"https:\/\/repliquemangacine.fr\/","logo":{"@type":"ImageObject","inLanguage":"es","@id":"https:\/\/repliquemangacine.fr\/#\/schema\/logo\/image\/","url":"https:\/\/repliquemangacine.fr\/wp-content\/uploads\/2023\/10\/RMC-500250.png","contentUrl":"https:\/\/repliquemangacine.fr\/wp-content\/uploads\/2023\/10\/RMC-500250.png","width":500,"height":250,"caption":"R\u00e9plique Manga Cin\u00e9"},"image":{"@id":"https:\/\/repliquemangacine.fr\/#\/schema\/logo\/image\/"},"sameAs":["https:\/\/www.facebook.com\/RepliqueMangaCine","https:\/\/www.instagram.com\/repliquemangacine.fr\/"]}]}},"_links":{"self":[{"href":"https:\/\/repliquemangacine.fr\/es\/wp-json\/wp\/v2\/product\/72792","targetHints":{"allow":["GET"]}}],"collection":[{"href":"https:\/\/repliquemangacine.fr\/es\/wp-json\/wp\/v2\/product"}],"about":[{"href":"https:\/\/repliquemangacine.fr\/es\/wp-json\/wp\/v2\/types\/product"}],"wp:featuredmedia":[{"embeddable":true,"href":"https:\/\/repliquemangacine.fr\/es\/wp-json\/wp\/v2\/media\/72819"}],"wp:attachment":[{"href":"https:\/\/repliquemangacine.fr\/es\/wp-json\/wp\/v2\/media?parent=72792"}],"wp:term":[{"taxonomy":"product_brand","embeddable":true,"href":"https:\/\/repliquemangacine.fr\/es\/wp-json\/wp\/v2\/product_brand?post=72792"},{"taxonomy":"product_cat","embeddable":true,"href":"https:\/\/repliquemangacine.fr\/es\/wp-json\/wp\/v2\/product_cat?post=72792"},{"taxonomy":"product_tag","embeddable":true,"href":"https:\/\/repliquemangacine.fr\/es\/wp-json\/wp\/v2\/product_tag?post=72792"}],"curies":[{"name":"wp","href":"https:\/\/api.w.org\/{rel}","templated":true}]}}