





{"id":72769,"date":"2024-06-14T14:17:32","date_gmt":"2024-06-14T12:17:32","guid":{"rendered":"https:\/\/repliquemangacine.fr\/?post_type=product&#038;p=72769"},"modified":"2026-02-18T16:07:50","modified_gmt":"2026-02-18T15:07:50","slug":"dios-de-la-guerra-metal-espadas-del-caos","status":"publish","type":"product","link":"https:\/\/repliquemangacine.fr\/es\/katana-et-epee-de-jeux-video-autre-jeux-video\/epees-du-chaos-metal-god-of-war\/","title":{"rendered":"Espadas met\u00e1licas del caos - God of War"},"content":{"rendered":"<h2>Metal Swords of Chaos : R\u00e9plica de alta calidad<\/h2>\n<p>En primer lugar, sum\u00e9rgete en el universo de God of War con las Espadas del Caos de metal. Estas r\u00e9plicas id\u00e9nticas al original est\u00e1n dise\u00f1adas con una meticulosa atenci\u00f3n al detalle. Ofrecen seguridad y realismo tanto a los cosplayers como a los aficionados a los juegos de rol.<\/p>\n<p>Para empezar, volvamos a los or\u00edgenes. Antes de servir a Ares, el arma principal de Kratos era su espada. Bajo el reinado de Ares, las armas principales de Kratos pasaron a ser las Cuchillas del Caos. Un regalo de Ares en se\u00f1al de servidumbre. Se trata b\u00e1sicamente de dos cuchillas parecidas a Falchion unidas por largas cadenas. Fusionadas de forma permanente y grabadas a fuego en los antebrazos de quien las porta.<\/p>\n<p>As\u00ed que, una vez que Kratos mat\u00f3 a Ares, Atenea los sustituy\u00f3 por un par de espadas casi id\u00e9nticas llamadas las Espadas de Atenea. Luego las volvi\u00f3 a sustituir por <a href=\"https:\/\/godofwar.fandom.com\/fr\/wiki\/Wiki_God_of_War\" target=\"_blank\" rel=\"noopener noreferrer\">God of War<\/a> III por el muy similar Blades of Exile. Kratos demuestra dominar todas sus armas. Esto implica que aprendi\u00f3 muchas de sus habilidades de combate de Ares y otros dioses, incluido el propio antiguo dios de la guerra. Inicialmente, Kratos tambi\u00e9n ten\u00eda bajo su mando un enorme ej\u00e9rcito espartano. Utilizado tanto antes como durante su servidumbre bajo Ares.<\/p>\n<h2>Espadas met\u00e1licas del Caos: uso en combate<\/h2>\n<ol>\n<li><strong>Movimientos<\/strong> En primer lugar, Kratos utiliza las Espadas del Caos con una fluidez impresionante. Balancea y hace girar las espadas para atacar a varios enemigos a la vez. Las cadenas permiten realizar movimientos acrob\u00e1ticos y ataques a distancia.<\/li>\n<li><strong>Poderes especiales<\/strong> Las espadas pueden encenderse, a\u00f1adiendo da\u00f1o de fuego a cada golpe. Tambi\u00e9n pueden romper las defensas enemigas e interactuar con elementos espec\u00edficos del entorno para resolver puzles.<\/li>\n<li><strong>Evoluci\u00f3n<\/strong> A lo largo de cada juego, las Espadas del Caos evolucionan, adquiriendo nuevas habilidades y volvi\u00e9ndose a\u00fan m\u00e1s temibles. En God of War (2018), Kratos recoge estas espadas tras usar inicialmente el Hacha del Leviat\u00e1n, mostrando una evoluci\u00f3n personal y narrativa.<\/li>\n<\/ol>\n<h2>Armas legendarias de videojuegos: R\u00e9plicas Fieles<\/h2>\n<p>Sum\u00e9rgete en el fascinante mundo de los videojuegos con nuestra excepcional selecci\u00f3n de r\u00e9plicas de armas ic\u00f3nicas. Cada pieza est\u00e1 meticulosamente elaborada para que sea id\u00e9ntica al modelo del juego. Ofrecen un nivel de detalle y calidad sin igual.<\/p>\n<ul>\n<li>Descubre la<a href=\"https:\/\/repliquemangacine.fr\/es\/impacto-genshin\/fredom-espada-jurada-en-impacto-genshin\/\">Fredom-Espada<\/a> de Genshin Impact, con un acabado impecable que recuerda las aventuras de tu personaje favorito.<\/li>\n<li>Tambi\u00e9n existe la <a href=\"https:\/\/repliquemangacine.fr\/es\/katana-y-espada-videojuego-otros-videojuegos\/katana-rio-sangriento\/\">Katana R\u00edo Sangriento de Elden Ring<\/a>La r\u00e9plica perfecta para los fans del juego y los coleccionistas de armas de fantas\u00eda.<\/li>\n<li>As\u00ed como el <a href=\"https:\/\/repliquemangacine.fr\/es\/katana-y-espada-videojuego-otros-videojuegos\/hacha-leviatan-de-kratos-god-of-war-ragnarok\/\">Hacha Leviat\u00e1n de Kratos<\/a>tomada de God of War, te permite sentir el poder del dios n\u00f3rdico de la guerra cada vez que la sostienes en la mano.<\/li>\n<li>Por \u00faltimo, el <a href=\"https:\/\/repliquemangacine.fr\/es\/katana-y-espada-videojuego-otros-videojuegos\/sephiroth-masamune-espada-192-cm\/\">Katana Sephiroth Masamune<\/a> de Final Fantasy VII es una pieza imprescindible para todos los fans de este cl\u00e1sico atemporal, con su larga y elegante hoja que encarna el poder y la m\u00edstica de Sephiroth.<\/li>\n<\/ul>\n<p>En conclusi\u00f3n, a\u00f1ada estas r\u00e9plicas legendarias a su colecci\u00f3n y d\u00e9jese transportar a los mundos \u00e9picos de sus videojuegos favoritos.<\/p>","protected":false},"excerpt":{"rendered":"<p>Magn\u00edfico conjunto de las dos espadas del Caos en el videojuego God of War<\/p>\n<ul>\n<li>Cuchillas de acero no afiladas con ideograma<\/li>\n<li>Protector met\u00e1lico con forma espec\u00edfica para el juego<\/li>\n<li>Cadena met\u00e1lica que une las dos dagas<\/li>\n<li>Asa revestida de cuero<\/li>\n<li>Viene con un soporte de madera con el nombre God Of War<\/li>\n<li>Longitud: 44 cm<\/li>\n<\/ul>","protected":false},"featured_media":72770,"template":"","meta":[],"product_brand":[],"product_cat":[985,67],"product_tag":[],"class_list":{"0":"post-72769","1":"product","2":"type-product","3":"status-publish","4":"has-post-thumbnail","6":"product_cat-replique-god-of-war","7":"product_cat-katana-et-epee-de-jeux-video-autre-jeux-video","9":"first","10":"instock","11":"taxable","12":"shipping-taxable","13":"purchasable","14":"product-type-simple"},"yoast_head":"<!-- This site is optimized with the Yoast SEO plugin v27.5 - https:\/\/yoast.com\/product\/yoast-seo-wordpress\/ -->\n<title>\u00c9p\u00e9es du Chaos m\u00e9tal - God of War - R\u00e9plique Manga Cin\u00e9<\/title>\n<meta name=\"description\" content=\"Venez d\u00e9couvrir les \u00c9p\u00e9es du Chaos m\u00e9tal du jeu vid\u00e9o God of War. Lame en m\u00e9tal de forme sp\u00e9cifique. Poign\u00e9e en cuir. Chaine reliant les deux \u00e9p\u00e9es. 44 cm\" \/>\n<meta name=\"robots\" content=\"index, follow, max-snippet:-1, max-image-preview:large, max-video-preview:-1\" \/>\n<link rel=\"canonical\" href=\"https:\/\/repliquemangacine.fr\/es\/katana-y-espada-videojuego-otros-videojuegos\/dios-de-la-guerra-metal-espadas-del-caos\/\" \/>\n<meta property=\"og:locale\" content=\"es_ES\" \/>\n<meta property=\"og:type\" content=\"article\" \/>\n<meta property=\"og:title\" content=\"\u00c9p\u00e9es du Chaos m\u00e9tal - God of War - R\u00e9plique Manga Cin\u00e9\" \/>\n<meta property=\"og:description\" content=\"Venez d\u00e9couvrir les \u00c9p\u00e9es du Chaos m\u00e9tal du jeu vid\u00e9o God of War. Lame en m\u00e9tal de forme sp\u00e9cifique. Poign\u00e9e en cuir. Chaine reliant les deux \u00e9p\u00e9es. 44 cm\" \/>\n<meta property=\"og:url\" content=\"https:\/\/repliquemangacine.fr\/es\/katana-y-espada-videojuego-otros-videojuegos\/dios-de-la-guerra-metal-espadas-del-caos\/\" \/>\n<meta property=\"og:site_name\" content=\"R\u00e9plique Manga Cin\u00e9\" \/>\n<meta property=\"article:publisher\" content=\"https:\/\/www.facebook.com\/RepliqueMangaCine\" \/>\n<meta property=\"article:modified_time\" content=\"2026-02-18T15:07:50+00:00\" \/>\n<meta property=\"og:image\" content=\"https:\/\/repliquemangacine.fr\/wp-content\/uploads\/2024\/06\/support-epee-chaos.jpg\" \/>\n\t<meta property=\"og:image:width\" content=\"500\" \/>\n\t<meta property=\"og:image:height\" content=\"500\" \/>\n\t<meta property=\"og:image:type\" content=\"image\/jpeg\" \/>\n<meta name=\"twitter:card\" content=\"summary_large_image\" \/>\n<meta name=\"twitter:label1\" content=\"Tiempo de lectura\" \/>\n\t<meta name=\"twitter:data1\" content=\"3 minutos\" \/>\n<script type=\"application\/ld+json\" class=\"yoast-schema-graph\">{\"@context\":\"https:\\\/\\\/schema.org\",\"@graph\":[{\"@type\":\"WebPage\",\"@id\":\"https:\\\/\\\/repliquemangacine.fr\\\/katana-et-epee-de-jeux-video-autre-jeux-video\\\/epees-du-chaos-metal-god-of-war\\\/\",\"url\":\"https:\\\/\\\/repliquemangacine.fr\\\/katana-et-epee-de-jeux-video-autre-jeux-video\\\/epees-du-chaos-metal-god-of-war\\\/\",\"name\":\"\u00c9p\u00e9es du Chaos m\u00e9tal - God of War - R\u00e9plique Manga Cin\u00e9\",\"isPartOf\":{\"@id\":\"https:\\\/\\\/repliquemangacine.fr\\\/#website\"},\"primaryImageOfPage\":{\"@id\":\"https:\\\/\\\/repliquemangacine.fr\\\/katana-et-epee-de-jeux-video-autre-jeux-video\\\/epees-du-chaos-metal-god-of-war\\\/#primaryimage\"},\"image\":{\"@id\":\"https:\\\/\\\/repliquemangacine.fr\\\/katana-et-epee-de-jeux-video-autre-jeux-video\\\/epees-du-chaos-metal-god-of-war\\\/#primaryimage\"},\"thumbnailUrl\":\"https:\\\/\\\/repliquemangacine.fr\\\/wp-content\\\/uploads\\\/2024\\\/06\\\/support-epee-chaos.jpg\",\"datePublished\":\"2024-06-14T12:17:32+00:00\",\"dateModified\":\"2026-02-18T15:07:50+00:00\",\"description\":\"Venez d\u00e9couvrir les \u00c9p\u00e9es du Chaos m\u00e9tal du jeu vid\u00e9o God of War. Lame en m\u00e9tal de forme sp\u00e9cifique. Poign\u00e9e en cuir. Chaine reliant les deux \u00e9p\u00e9es. 44 cm\",\"breadcrumb\":{\"@id\":\"https:\\\/\\\/repliquemangacine.fr\\\/katana-et-epee-de-jeux-video-autre-jeux-video\\\/epees-du-chaos-metal-god-of-war\\\/#breadcrumb\"},\"inLanguage\":\"es\",\"potentialAction\":[{\"@type\":\"ReadAction\",\"target\":[\"https:\\\/\\\/repliquemangacine.fr\\\/katana-et-epee-de-jeux-video-autre-jeux-video\\\/epees-du-chaos-metal-god-of-war\\\/\"]}]},{\"@type\":\"ImageObject\",\"inLanguage\":\"es\",\"@id\":\"https:\\\/\\\/repliquemangacine.fr\\\/katana-et-epee-de-jeux-video-autre-jeux-video\\\/epees-du-chaos-metal-god-of-war\\\/#primaryimage\",\"url\":\"https:\\\/\\\/repliquemangacine.fr\\\/wp-content\\\/uploads\\\/2024\\\/06\\\/support-epee-chaos.jpg\",\"contentUrl\":\"https:\\\/\\\/repliquemangacine.fr\\\/wp-content\\\/uploads\\\/2024\\\/06\\\/support-epee-chaos.jpg\",\"width\":500,\"height\":500,\"caption\":\"\u00c9p\u00e9es du Chaos en m\u00e9tal God of War\"},{\"@type\":\"BreadcrumbList\",\"@id\":\"https:\\\/\\\/repliquemangacine.fr\\\/katana-et-epee-de-jeux-video-autre-jeux-video\\\/epees-du-chaos-metal-god-of-war\\\/#breadcrumb\",\"itemListElement\":[{\"@type\":\"ListItem\",\"position\":1,\"name\":\"Accueil\",\"item\":\"https:\\\/\\\/repliquemangacine.fr\\\/\"},{\"@type\":\"ListItem\",\"position\":2,\"name\":\"Produits\",\"item\":\"https:\\\/\\\/repliquemangacine.fr\\\/boutique\\\/\"},{\"@type\":\"ListItem\",\"position\":3,\"name\":\"\u00c9p\u00e9es du Chaos m\u00e9tal &#8211; God of War\"}]},{\"@type\":\"WebSite\",\"@id\":\"https:\\\/\\\/repliquemangacine.fr\\\/#website\",\"url\":\"https:\\\/\\\/repliquemangacine.fr\\\/\",\"name\":\"R\u00e9plique Manga Cin\u00e9\",\"description\":\"\",\"publisher\":{\"@id\":\"https:\\\/\\\/repliquemangacine.fr\\\/#organization\"},\"potentialAction\":[{\"@type\":\"SearchAction\",\"target\":{\"@type\":\"EntryPoint\",\"urlTemplate\":\"https:\\\/\\\/repliquemangacine.fr\\\/?s={search_term_string}\"},\"query-input\":{\"@type\":\"PropertyValueSpecification\",\"valueRequired\":true,\"valueName\":\"search_term_string\"}}],\"inLanguage\":\"es\"},{\"@type\":\"Organization\",\"@id\":\"https:\\\/\\\/repliquemangacine.fr\\\/#organization\",\"name\":\"R\u00e9plique Manga Cin\u00e9\",\"url\":\"https:\\\/\\\/repliquemangacine.fr\\\/\",\"logo\":{\"@type\":\"ImageObject\",\"inLanguage\":\"es\",\"@id\":\"https:\\\/\\\/repliquemangacine.fr\\\/#\\\/schema\\\/logo\\\/image\\\/\",\"url\":\"https:\\\/\\\/repliquemangacine.fr\\\/wp-content\\\/uploads\\\/2023\\\/10\\\/RMC-500250.png\",\"contentUrl\":\"https:\\\/\\\/repliquemangacine.fr\\\/wp-content\\\/uploads\\\/2023\\\/10\\\/RMC-500250.png\",\"width\":500,\"height\":250,\"caption\":\"R\u00e9plique Manga Cin\u00e9\"},\"image\":{\"@id\":\"https:\\\/\\\/repliquemangacine.fr\\\/#\\\/schema\\\/logo\\\/image\\\/\"},\"sameAs\":[\"https:\\\/\\\/www.facebook.com\\\/RepliqueMangaCine\",\"https:\\\/\\\/www.instagram.com\\\/repliquemangacine.fr\\\/\"]}]}<\/script>\n<!-- \/ Yoast SEO plugin. -->","yoast_head_json":{"title":"Espadas met\u00e1licas del Caos - God of War - R\u00e9plique Manga Cin\u00e9","description":"Descubre las Espadas del Caos de metal del videojuego God of War. Hoja de metal con forma especial. Empu\u00f1adura de cuero. Cadena que une las dos espadas. 44 cm de largo","robots":{"index":"index","follow":"follow","max-snippet":"max-snippet:-1","max-image-preview":"max-image-preview:large","max-video-preview":"max-video-preview:-1"},"canonical":"https:\/\/repliquemangacine.fr\/es\/katana-y-espada-videojuego-otros-videojuegos\/dios-de-la-guerra-metal-espadas-del-caos\/","og_locale":"es_ES","og_type":"article","og_title":"\u00c9p\u00e9es du Chaos m\u00e9tal - God of War - R\u00e9plique Manga Cin\u00e9","og_description":"Venez d\u00e9couvrir les \u00c9p\u00e9es du Chaos m\u00e9tal du jeu vid\u00e9o God of War. Lame en m\u00e9tal de forme sp\u00e9cifique. Poign\u00e9e en cuir. Chaine reliant les deux \u00e9p\u00e9es. 44 cm","og_url":"https:\/\/repliquemangacine.fr\/es\/katana-y-espada-videojuego-otros-videojuegos\/dios-de-la-guerra-metal-espadas-del-caos\/","og_site_name":"R\u00e9plique Manga Cin\u00e9","article_publisher":"https:\/\/www.facebook.com\/RepliqueMangaCine","article_modified_time":"2026-02-18T15:07:50+00:00","og_image":[{"width":500,"height":500,"url":"https:\/\/repliquemangacine.fr\/wp-content\/uploads\/2024\/06\/support-epee-chaos.jpg","type":"image\/jpeg"}],"twitter_card":"summary_large_image","twitter_misc":{"Tiempo de lectura":"3 minutos"},"schema":{"@context":"https:\/\/schema.org","@graph":[{"@type":"WebPage","@id":"https:\/\/repliquemangacine.fr\/katana-et-epee-de-jeux-video-autre-jeux-video\/epees-du-chaos-metal-god-of-war\/","url":"https:\/\/repliquemangacine.fr\/katana-et-epee-de-jeux-video-autre-jeux-video\/epees-du-chaos-metal-god-of-war\/","name":"Espadas met\u00e1licas del Caos - God of War - R\u00e9plique Manga Cin\u00e9","isPartOf":{"@id":"https:\/\/repliquemangacine.fr\/#website"},"primaryImageOfPage":{"@id":"https:\/\/repliquemangacine.fr\/katana-et-epee-de-jeux-video-autre-jeux-video\/epees-du-chaos-metal-god-of-war\/#primaryimage"},"image":{"@id":"https:\/\/repliquemangacine.fr\/katana-et-epee-de-jeux-video-autre-jeux-video\/epees-du-chaos-metal-god-of-war\/#primaryimage"},"thumbnailUrl":"https:\/\/repliquemangacine.fr\/wp-content\/uploads\/2024\/06\/support-epee-chaos.jpg","datePublished":"2024-06-14T12:17:32+00:00","dateModified":"2026-02-18T15:07:50+00:00","description":"Descubre las Espadas del Caos de metal del videojuego God of War. Hoja de metal con forma especial. Empu\u00f1adura de cuero. Cadena que une las dos espadas. 44 cm de largo","breadcrumb":{"@id":"https:\/\/repliquemangacine.fr\/katana-et-epee-de-jeux-video-autre-jeux-video\/epees-du-chaos-metal-god-of-war\/#breadcrumb"},"inLanguage":"es","potentialAction":[{"@type":"ReadAction","target":["https:\/\/repliquemangacine.fr\/katana-et-epee-de-jeux-video-autre-jeux-video\/epees-du-chaos-metal-god-of-war\/"]}]},{"@type":"ImageObject","inLanguage":"es","@id":"https:\/\/repliquemangacine.fr\/katana-et-epee-de-jeux-video-autre-jeux-video\/epees-du-chaos-metal-god-of-war\/#primaryimage","url":"https:\/\/repliquemangacine.fr\/wp-content\/uploads\/2024\/06\/support-epee-chaos.jpg","contentUrl":"https:\/\/repliquemangacine.fr\/wp-content\/uploads\/2024\/06\/support-epee-chaos.jpg","width":500,"height":500,"caption":"\u00c9p\u00e9es du Chaos en m\u00e9tal God of War"},{"@type":"BreadcrumbList","@id":"https:\/\/repliquemangacine.fr\/katana-et-epee-de-jeux-video-autre-jeux-video\/epees-du-chaos-metal-god-of-war\/#breadcrumb","itemListElement":[{"@type":"ListItem","position":1,"name":"Accueil","item":"https:\/\/repliquemangacine.fr\/"},{"@type":"ListItem","position":2,"name":"Produits","item":"https:\/\/repliquemangacine.fr\/boutique\/"},{"@type":"ListItem","position":3,"name":"\u00c9p\u00e9es du Chaos m\u00e9tal &#8211; God of War"}]},{"@type":"WebSite","@id":"https:\/\/repliquemangacine.fr\/#website","url":"https:\/\/repliquemangacine.fr\/","name":"R\u00e9plique Manga Cin\u00e9","description":"","publisher":{"@id":"https:\/\/repliquemangacine.fr\/#organization"},"potentialAction":[{"@type":"SearchAction","target":{"@type":"EntryPoint","urlTemplate":"https:\/\/repliquemangacine.fr\/?s={search_term_string}"},"query-input":{"@type":"PropertyValueSpecification","valueRequired":true,"valueName":"search_term_string"}}],"inLanguage":"es"},{"@type":"Organization","@id":"https:\/\/repliquemangacine.fr\/#organization","name":"R\u00e9plique Manga Cin\u00e9","url":"https:\/\/repliquemangacine.fr\/","logo":{"@type":"ImageObject","inLanguage":"es","@id":"https:\/\/repliquemangacine.fr\/#\/schema\/logo\/image\/","url":"https:\/\/repliquemangacine.fr\/wp-content\/uploads\/2023\/10\/RMC-500250.png","contentUrl":"https:\/\/repliquemangacine.fr\/wp-content\/uploads\/2023\/10\/RMC-500250.png","width":500,"height":250,"caption":"R\u00e9plique Manga Cin\u00e9"},"image":{"@id":"https:\/\/repliquemangacine.fr\/#\/schema\/logo\/image\/"},"sameAs":["https:\/\/www.facebook.com\/RepliqueMangaCine","https:\/\/www.instagram.com\/repliquemangacine.fr\/"]}]}},"_links":{"self":[{"href":"https:\/\/repliquemangacine.fr\/es\/wp-json\/wp\/v2\/product\/72769","targetHints":{"allow":["GET"]}}],"collection":[{"href":"https:\/\/repliquemangacine.fr\/es\/wp-json\/wp\/v2\/product"}],"about":[{"href":"https:\/\/repliquemangacine.fr\/es\/wp-json\/wp\/v2\/types\/product"}],"wp:featuredmedia":[{"embeddable":true,"href":"https:\/\/repliquemangacine.fr\/es\/wp-json\/wp\/v2\/media\/72770"}],"wp:attachment":[{"href":"https:\/\/repliquemangacine.fr\/es\/wp-json\/wp\/v2\/media?parent=72769"}],"wp:term":[{"taxonomy":"product_brand","embeddable":true,"href":"https:\/\/repliquemangacine.fr\/es\/wp-json\/wp\/v2\/product_brand?post=72769"},{"taxonomy":"product_cat","embeddable":true,"href":"https:\/\/repliquemangacine.fr\/es\/wp-json\/wp\/v2\/product_cat?post=72769"},{"taxonomy":"product_tag","embeddable":true,"href":"https:\/\/repliquemangacine.fr\/es\/wp-json\/wp\/v2\/product_tag?post=72769"}],"curies":[{"name":"wp","href":"https:\/\/api.w.org\/{rel}","templated":true}]}}