





{"id":72710,"date":"2024-06-13T14:51:02","date_gmt":"2024-06-13T12:51:02","guid":{"rendered":"https:\/\/repliquemangacine.fr\/?post_type=product&#038;p=72710"},"modified":"2025-12-12T21:08:56","modified_gmt":"2025-12-12T20:08:56","slug":"thanos-espada-de-doble-hoja","status":"publish","type":"product","link":"https:\/\/repliquemangacine.fr\/es\/super-heros-marvel\/epee-double-lames-de-thanos\/","title":{"rendered":"La espada de doble hoja de Thanos"},"content":{"rendered":"<h2>Espada de doble hoja de Thanos: una pieza de coleccionista imprescindible<\/h2>\n<p>Para empezar, descubre la espada de doble filo de Thanos, tambi\u00e9n conocida como Double-Edged Sword o Thanos\u2019 Blade. Arma emblem\u00e1tica utilizada por el Tit\u00e1n Loco en el universo cinematogr\u00e1fico de Marvel (MCU). Esto es lo que sabemos sobre esta temible arma:<\/p>\n<p>La espada de doble filo de Thanos aparece por primera vez en la pel\u00edcula \u201c<a href=\"https:\/\/universcinematographiquemarvel.fandom.com\/fr\/wiki\/Avengers\" target=\"_blank\" rel=\"noopener noreferrer\">Vengadores<\/a> : Endgame (2019). Se trata de un arma masiva de doble filo, con una hoja a cada lado de un mango central. Las hojas son largas, sim\u00e9tricas y afiladas, capaces de cortar casi cualquier material.<br \/>\nAunque el material exacto no se especifica en las pel\u00edculas, se supone que est\u00e1 compuesto por un metal extremadamente duradero y resistente. Probablemente de origen extraterrestre, capaz de resistir ataques y condiciones extremas.<\/p>\n<h2>Espada de doble hoja de Thanos: habilidades y uso<\/h2>\n<p>Cabe destacar que la espada es incre\u00edblemente resistente y duradera. Thanos la utiliza para defenderse y resistir los ataques de los Vengadores, incluidos los de personajes tan poderosos como Thor y Capit\u00e1n Am\u00e9rica. Es capaz de causar da\u00f1os enormes. Por ejemplo, Thanos utiliza su espada para destruir el escudo del Capit\u00e1n Am\u00e9rica, conocido por ser pr\u00e1cticamente indestructible. Adem\u00e1s de sus capacidades destructivas, Thanos la utiliza para el combate cuerpo a cuerpo y a distancia, demostrando su maestr\u00eda como guerrero.<\/p>\n<p>La espada simboliza la fuerza bruta y la amenaza que representa Thanos. Es una extensi\u00f3n de su deseo de dominaci\u00f3n y destrucci\u00f3n. El tama\u00f1o y el dise\u00f1o de la espada se suman a la ya imponente estatura de Thanos, reforzando su imagen de temible tirano gal\u00e1ctico.<\/p>\n<p>Hay que decir tambi\u00e9n que la espada desempe\u00f1a un papel crucial en la batalla final de \u201cVengadores: Endgame\u201d. De hecho, una de las escenas m\u00e1s memorables en las que aparece la espada es aquella en la que Thanos, con su fuerza sobrehumana y su espada, consigue romper el escudo del Capit\u00e1n Am\u00e9rica, un momento clave que muestra la amenaza que representa para los h\u00e9roes.<\/p>\n<h2>R\u00e9plicas del universo Marvel<\/h2>\n<p>Descubre nuestra excepcional colecci\u00f3n de r\u00e9plicas del universo Marvel, perfectas tanto para fans como para coleccionistas. Ofrecemos una diversa gama de productos, cada uno dise\u00f1ado con meticulosa atenci\u00f3n al detalle.<\/p>\n<ul>\n<li>En primer lugar, el magn\u00edfico <a href=\"https:\/\/repliquemangacine.fr\/es\/superheroes-marvel\/daquaman-tridente-210-cm-metal\/\">Tridente de Aquaman<\/a> 210 cm, todo de metal con acabado de pintura dorada metalizada.<\/li>\n<li>Tambi\u00e9n hay <a href=\"https:\/\/repliquemangacine.fr\/es\/superheroes-marvel\/viuda-negra-palos-morados\/\">Barritas luminosas de la Viuda Negra<\/a>. En ABS moldeado y metal gris y morado.<\/li>\n<li>Adem\u00e1s de lo esencial <a href=\"https:\/\/repliquemangacine.fr\/es\/superheroes-marvel\/capitan-america-escudo-version-de-lujo\/\">Escudo del Capit\u00e1n Am\u00e9rica<\/a> fabricado \u00edntegramente en aleaci\u00f3n a\u00e9rea de aluminio de alta resistencia.<\/li>\n<li>Tambi\u00e9n encontrar\u00e1s las espadas de Wonder Woman, los sables de Deadpool y las garras de Lobezno. Y mucho, mucho m\u00e1s en nuestra tienda online.<\/li>\n<\/ul>\n<p>En conclusi\u00f3n, para los aficionados y coleccionistas hay muchas r\u00e9plicas disponibles. Cada una representa el poder, la dignidad y la leyenda de tus h\u00e9roes favoritos.<\/p>","protected":false},"excerpt":{"rendered":"<p>Una magn\u00edfica r\u00e9plica de la espada de doble hoja de Thanos del universo Marvel.<\/p>\n<ul>\n<li>Todo en espuma r\u00edgida<\/li>\n<li>Seguro para sus hijos<\/li>\n<li>Magn\u00edfico grabado y decoraci\u00f3n en las hojas<\/li>\n<li>Longitud total: 110 cm<\/li>\n<\/ul>","protected":false},"featured_media":72721,"template":"","meta":[],"product_brand":[],"product_cat":[59],"product_tag":[],"class_list":{"0":"post-72710","1":"product","2":"type-product","3":"status-publish","4":"has-post-thumbnail","6":"product_cat-super-heros-marvel","8":"first","9":"instock","10":"taxable","11":"shipping-taxable","12":"purchasable","13":"product-type-simple"},"yoast_head":"<!-- This site is optimized with the Yoast SEO plugin v27.4 - https:\/\/yoast.com\/product\/yoast-seo-wordpress\/ -->\n<title>\u00c9p\u00e9e double lames de Thanos - R\u00e9plique Manga Cin\u00e9<\/title>\n<meta name=\"description\" content=\"D\u00e9couvrez l&#039;\u00c9p\u00e9e double lames de Thanos, \u00e9galement connue sous le nom de Double-Edged Sword de l&#039;univers Marvel. Tout en mousse rigide. 110 cm\" \/>\n<meta name=\"robots\" content=\"index, follow, max-snippet:-1, max-image-preview:large, max-video-preview:-1\" \/>\n<link rel=\"canonical\" href=\"https:\/\/repliquemangacine.fr\/es\/superheroes-marvel\/thanos-espada-de-doble-hoja\/\" \/>\n<meta property=\"og:locale\" content=\"es_ES\" \/>\n<meta property=\"og:type\" content=\"article\" \/>\n<meta property=\"og:title\" content=\"\u00c9p\u00e9e double lames de Thanos - R\u00e9plique Manga Cin\u00e9\" \/>\n<meta property=\"og:description\" content=\"D\u00e9couvrez l&#039;\u00c9p\u00e9e double lames de Thanos, \u00e9galement connue sous le nom de Double-Edged Sword de l&#039;univers Marvel. Tout en mousse rigide. 110 cm\" \/>\n<meta property=\"og:url\" content=\"https:\/\/repliquemangacine.fr\/es\/superheroes-marvel\/thanos-espada-de-doble-hoja\/\" \/>\n<meta property=\"og:site_name\" content=\"R\u00e9plique Manga Cin\u00e9\" \/>\n<meta property=\"article:publisher\" content=\"https:\/\/www.facebook.com\/RepliqueMangaCine\" \/>\n<meta property=\"article:modified_time\" content=\"2025-12-12T20:08:56+00:00\" \/>\n<meta property=\"og:image\" content=\"https:\/\/repliquemangacine.fr\/wp-content\/uploads\/2024\/06\/epee-double-de-thanos.jpg\" \/>\n\t<meta property=\"og:image:width\" content=\"500\" \/>\n\t<meta property=\"og:image:height\" content=\"500\" \/>\n\t<meta property=\"og:image:type\" content=\"image\/jpeg\" \/>\n<meta name=\"twitter:card\" content=\"summary_large_image\" \/>\n<meta name=\"twitter:label1\" content=\"Tiempo de lectura\" \/>\n\t<meta name=\"twitter:data1\" content=\"3 minutos\" \/>\n<script type=\"application\/ld+json\" class=\"yoast-schema-graph\">{\"@context\":\"https:\\\/\\\/schema.org\",\"@graph\":[{\"@type\":\"WebPage\",\"@id\":\"https:\\\/\\\/repliquemangacine.fr\\\/super-heros-marvel\\\/epee-double-lames-de-thanos\\\/\",\"url\":\"https:\\\/\\\/repliquemangacine.fr\\\/super-heros-marvel\\\/epee-double-lames-de-thanos\\\/\",\"name\":\"\u00c9p\u00e9e double lames de Thanos - R\u00e9plique Manga Cin\u00e9\",\"isPartOf\":{\"@id\":\"https:\\\/\\\/repliquemangacine.fr\\\/#website\"},\"primaryImageOfPage\":{\"@id\":\"https:\\\/\\\/repliquemangacine.fr\\\/super-heros-marvel\\\/epee-double-lames-de-thanos\\\/#primaryimage\"},\"image\":{\"@id\":\"https:\\\/\\\/repliquemangacine.fr\\\/super-heros-marvel\\\/epee-double-lames-de-thanos\\\/#primaryimage\"},\"thumbnailUrl\":\"https:\\\/\\\/repliquemangacine.fr\\\/wp-content\\\/uploads\\\/2024\\\/06\\\/epee-double-de-thanos.jpg\",\"datePublished\":\"2024-06-13T12:51:02+00:00\",\"dateModified\":\"2025-12-12T20:08:56+00:00\",\"description\":\"D\u00e9couvrez l'\u00c9p\u00e9e double lames de Thanos, \u00e9galement connue sous le nom de Double-Edged Sword de l'univers Marvel. Tout en mousse rigide. 110 cm\",\"breadcrumb\":{\"@id\":\"https:\\\/\\\/repliquemangacine.fr\\\/super-heros-marvel\\\/epee-double-lames-de-thanos\\\/#breadcrumb\"},\"inLanguage\":\"es\",\"potentialAction\":[{\"@type\":\"ReadAction\",\"target\":[\"https:\\\/\\\/repliquemangacine.fr\\\/super-heros-marvel\\\/epee-double-lames-de-thanos\\\/\"]}]},{\"@type\":\"ImageObject\",\"inLanguage\":\"es\",\"@id\":\"https:\\\/\\\/repliquemangacine.fr\\\/super-heros-marvel\\\/epee-double-lames-de-thanos\\\/#primaryimage\",\"url\":\"https:\\\/\\\/repliquemangacine.fr\\\/wp-content\\\/uploads\\\/2024\\\/06\\\/epee-double-de-thanos.jpg\",\"contentUrl\":\"https:\\\/\\\/repliquemangacine.fr\\\/wp-content\\\/uploads\\\/2024\\\/06\\\/epee-double-de-thanos.jpg\",\"width\":500,\"height\":500,\"caption\":\"\u00c9p\u00e9e double lames de Thanos\"},{\"@type\":\"BreadcrumbList\",\"@id\":\"https:\\\/\\\/repliquemangacine.fr\\\/super-heros-marvel\\\/epee-double-lames-de-thanos\\\/#breadcrumb\",\"itemListElement\":[{\"@type\":\"ListItem\",\"position\":1,\"name\":\"Accueil\",\"item\":\"https:\\\/\\\/repliquemangacine.fr\\\/\"},{\"@type\":\"ListItem\",\"position\":2,\"name\":\"Produits\",\"item\":\"https:\\\/\\\/repliquemangacine.fr\\\/boutique\\\/\"},{\"@type\":\"ListItem\",\"position\":3,\"name\":\"\u00c9p\u00e9e double lames de Thanos\"}]},{\"@type\":\"WebSite\",\"@id\":\"https:\\\/\\\/repliquemangacine.fr\\\/#website\",\"url\":\"https:\\\/\\\/repliquemangacine.fr\\\/\",\"name\":\"R\u00e9plique Manga Cin\u00e9\",\"description\":\"\",\"publisher\":{\"@id\":\"https:\\\/\\\/repliquemangacine.fr\\\/#organization\"},\"potentialAction\":[{\"@type\":\"SearchAction\",\"target\":{\"@type\":\"EntryPoint\",\"urlTemplate\":\"https:\\\/\\\/repliquemangacine.fr\\\/?s={search_term_string}\"},\"query-input\":{\"@type\":\"PropertyValueSpecification\",\"valueRequired\":true,\"valueName\":\"search_term_string\"}}],\"inLanguage\":\"es\"},{\"@type\":\"Organization\",\"@id\":\"https:\\\/\\\/repliquemangacine.fr\\\/#organization\",\"name\":\"R\u00e9plique Manga Cin\u00e9\",\"url\":\"https:\\\/\\\/repliquemangacine.fr\\\/\",\"logo\":{\"@type\":\"ImageObject\",\"inLanguage\":\"es\",\"@id\":\"https:\\\/\\\/repliquemangacine.fr\\\/#\\\/schema\\\/logo\\\/image\\\/\",\"url\":\"https:\\\/\\\/repliquemangacine.fr\\\/wp-content\\\/uploads\\\/2023\\\/10\\\/RMC-500250.png\",\"contentUrl\":\"https:\\\/\\\/repliquemangacine.fr\\\/wp-content\\\/uploads\\\/2023\\\/10\\\/RMC-500250.png\",\"width\":500,\"height\":250,\"caption\":\"R\u00e9plique Manga Cin\u00e9\"},\"image\":{\"@id\":\"https:\\\/\\\/repliquemangacine.fr\\\/#\\\/schema\\\/logo\\\/image\\\/\"},\"sameAs\":[\"https:\\\/\\\/www.facebook.com\\\/RepliqueMangaCine\",\"https:\\\/\\\/www.instagram.com\\\/repliquemangacine.fr\\\/\"]}]}<\/script>\n<!-- \/ Yoast SEO plugin. -->","yoast_head_json":{"title":"Thanos Espada de Doble Hoja - R\u00e9plique Manga Cin\u00e9","description":"Descubre la Espada de Doble Filo de Thanos, tambi\u00e9n conocida como la Espada de Doble Filo en el universo Marvel. Todo en espuma r\u00edgida. 110 cm","robots":{"index":"index","follow":"follow","max-snippet":"max-snippet:-1","max-image-preview":"max-image-preview:large","max-video-preview":"max-video-preview:-1"},"canonical":"https:\/\/repliquemangacine.fr\/es\/superheroes-marvel\/thanos-espada-de-doble-hoja\/","og_locale":"es_ES","og_type":"article","og_title":"\u00c9p\u00e9e double lames de Thanos - R\u00e9plique Manga Cin\u00e9","og_description":"D\u00e9couvrez l'\u00c9p\u00e9e double lames de Thanos, \u00e9galement connue sous le nom de Double-Edged Sword de l'univers Marvel. Tout en mousse rigide. 110 cm","og_url":"https:\/\/repliquemangacine.fr\/es\/superheroes-marvel\/thanos-espada-de-doble-hoja\/","og_site_name":"R\u00e9plique Manga Cin\u00e9","article_publisher":"https:\/\/www.facebook.com\/RepliqueMangaCine","article_modified_time":"2025-12-12T20:08:56+00:00","og_image":[{"width":500,"height":500,"url":"https:\/\/repliquemangacine.fr\/wp-content\/uploads\/2024\/06\/epee-double-de-thanos.jpg","type":"image\/jpeg"}],"twitter_card":"summary_large_image","twitter_misc":{"Tiempo de lectura":"3 minutos"},"schema":{"@context":"https:\/\/schema.org","@graph":[{"@type":"WebPage","@id":"https:\/\/repliquemangacine.fr\/super-heros-marvel\/epee-double-lames-de-thanos\/","url":"https:\/\/repliquemangacine.fr\/super-heros-marvel\/epee-double-lames-de-thanos\/","name":"Thanos Espada de Doble Hoja - R\u00e9plique Manga Cin\u00e9","isPartOf":{"@id":"https:\/\/repliquemangacine.fr\/#website"},"primaryImageOfPage":{"@id":"https:\/\/repliquemangacine.fr\/super-heros-marvel\/epee-double-lames-de-thanos\/#primaryimage"},"image":{"@id":"https:\/\/repliquemangacine.fr\/super-heros-marvel\/epee-double-lames-de-thanos\/#primaryimage"},"thumbnailUrl":"https:\/\/repliquemangacine.fr\/wp-content\/uploads\/2024\/06\/epee-double-de-thanos.jpg","datePublished":"2024-06-13T12:51:02+00:00","dateModified":"2025-12-12T20:08:56+00:00","description":"Descubre la Espada de Doble Filo de Thanos, tambi\u00e9n conocida como la Espada de Doble Filo en el universo Marvel. Todo en espuma r\u00edgida. 110 cm","breadcrumb":{"@id":"https:\/\/repliquemangacine.fr\/super-heros-marvel\/epee-double-lames-de-thanos\/#breadcrumb"},"inLanguage":"es","potentialAction":[{"@type":"ReadAction","target":["https:\/\/repliquemangacine.fr\/super-heros-marvel\/epee-double-lames-de-thanos\/"]}]},{"@type":"ImageObject","inLanguage":"es","@id":"https:\/\/repliquemangacine.fr\/super-heros-marvel\/epee-double-lames-de-thanos\/#primaryimage","url":"https:\/\/repliquemangacine.fr\/wp-content\/uploads\/2024\/06\/epee-double-de-thanos.jpg","contentUrl":"https:\/\/repliquemangacine.fr\/wp-content\/uploads\/2024\/06\/epee-double-de-thanos.jpg","width":500,"height":500,"caption":"\u00c9p\u00e9e double lames de Thanos"},{"@type":"BreadcrumbList","@id":"https:\/\/repliquemangacine.fr\/super-heros-marvel\/epee-double-lames-de-thanos\/#breadcrumb","itemListElement":[{"@type":"ListItem","position":1,"name":"Accueil","item":"https:\/\/repliquemangacine.fr\/"},{"@type":"ListItem","position":2,"name":"Produits","item":"https:\/\/repliquemangacine.fr\/boutique\/"},{"@type":"ListItem","position":3,"name":"\u00c9p\u00e9e double lames de Thanos"}]},{"@type":"WebSite","@id":"https:\/\/repliquemangacine.fr\/#website","url":"https:\/\/repliquemangacine.fr\/","name":"R\u00e9plique Manga Cin\u00e9","description":"","publisher":{"@id":"https:\/\/repliquemangacine.fr\/#organization"},"potentialAction":[{"@type":"SearchAction","target":{"@type":"EntryPoint","urlTemplate":"https:\/\/repliquemangacine.fr\/?s={search_term_string}"},"query-input":{"@type":"PropertyValueSpecification","valueRequired":true,"valueName":"search_term_string"}}],"inLanguage":"es"},{"@type":"Organization","@id":"https:\/\/repliquemangacine.fr\/#organization","name":"R\u00e9plique Manga Cin\u00e9","url":"https:\/\/repliquemangacine.fr\/","logo":{"@type":"ImageObject","inLanguage":"es","@id":"https:\/\/repliquemangacine.fr\/#\/schema\/logo\/image\/","url":"https:\/\/repliquemangacine.fr\/wp-content\/uploads\/2023\/10\/RMC-500250.png","contentUrl":"https:\/\/repliquemangacine.fr\/wp-content\/uploads\/2023\/10\/RMC-500250.png","width":500,"height":250,"caption":"R\u00e9plique Manga Cin\u00e9"},"image":{"@id":"https:\/\/repliquemangacine.fr\/#\/schema\/logo\/image\/"},"sameAs":["https:\/\/www.facebook.com\/RepliqueMangaCine","https:\/\/www.instagram.com\/repliquemangacine.fr\/"]}]}},"_links":{"self":[{"href":"https:\/\/repliquemangacine.fr\/es\/wp-json\/wp\/v2\/product\/72710","targetHints":{"allow":["GET"]}}],"collection":[{"href":"https:\/\/repliquemangacine.fr\/es\/wp-json\/wp\/v2\/product"}],"about":[{"href":"https:\/\/repliquemangacine.fr\/es\/wp-json\/wp\/v2\/types\/product"}],"wp:featuredmedia":[{"embeddable":true,"href":"https:\/\/repliquemangacine.fr\/es\/wp-json\/wp\/v2\/media\/72721"}],"wp:attachment":[{"href":"https:\/\/repliquemangacine.fr\/es\/wp-json\/wp\/v2\/media?parent=72710"}],"wp:term":[{"taxonomy":"product_brand","embeddable":true,"href":"https:\/\/repliquemangacine.fr\/es\/wp-json\/wp\/v2\/product_brand?post=72710"},{"taxonomy":"product_cat","embeddable":true,"href":"https:\/\/repliquemangacine.fr\/es\/wp-json\/wp\/v2\/product_cat?post=72710"},{"taxonomy":"product_tag","embeddable":true,"href":"https:\/\/repliquemangacine.fr\/es\/wp-json\/wp\/v2\/product_tag?post=72710"}],"curies":[{"name":"wp","href":"https:\/\/api.w.org\/{rel}","templated":true}]}}