





{"id":72703,"date":"2024-06-12T17:52:57","date_gmt":"2024-06-12T15:52:57","guid":{"rendered":"https:\/\/repliquemangacine.fr\/?post_type=product&#038;p=72703"},"modified":"2025-12-12T16:18:48","modified_gmt":"2025-12-12T15:18:48","slug":"mjolnir-espuma-thor-martillo","status":"publish","type":"product","link":"https:\/\/repliquemangacine.fr\/es\/super-heros-marvel\/mjolnir-en-mousse-marteau-de-thor\/","title":{"rendered":"Espuma Mjolnir"},"content":{"rendered":"<h2>Espuma Mjolnir: el martillo de Thor<\/h2>\n<p>Para empezar, Mjolnir, fabricado en espuma r\u00edgida con un acabado extraordinario, es el legendario martillo que empu\u00f1a Thor, el dios del trueno, en el universo Marvel. Es una de las armas m\u00e1s emblem\u00e1ticas y poderosas de los c\u00f3mics y las pel\u00edculas de Marvel.<\/p>\n<p>Para los fans y coleccionistas, en nuestra p\u00e1gina web hay disponibles numerosas r\u00e9plicas de Mjolnir. Estas r\u00e9plicas var\u00edan en tama\u00f1o, materiales y detalles. Algunas est\u00e1n dise\u00f1adas para ser piezas de exposici\u00f3n, mientras que otras est\u00e1n fabricadas para ser accesorios de cosplay.<\/p>\n<ul>\n<li><strong>Materiales<\/strong> : Se fabrican de diversas formas, como resina, metal o espuma r\u00edgida.<\/li>\n<li><strong>Detalles<\/strong> Las r\u00e9plicas de gama alta suelen incluir grabados precisos, acabados realistas y, a veces, incluso efectos de iluminaci\u00f3n para imitar los poderes del rayo de Thor.<\/li>\n<\/ul>\n<h2>Origen y leyenda de Mjolnir<\/h2>\n<p>En primer lugar, Mjolnir, forjado por los hermanos enanos Brokkr y Eitri. Conocidos por ser los artesanos m\u00e1s talentosos de los Nueve Reinos. Capaces, adem\u00e1s, de forjar armas y objetos de un poder sin igual. Fabricado a partir de un metal raro y m\u00e1gico llamado Uru. Este material es conocido por su capacidad para contener y amplificar los encantamientos.<br \/>\nLa creaci\u00f3n de Mjolnir requiri\u00f3 una forja alimentada por la energ\u00eda de una estrella moribunda. Esta forja especial, conocida como la \u201cForja de la Eternidad\u201d, utiliza la fuerza bruta del universo para forjar armas de inmenso poder.<\/p>\n<p>Tras su creaci\u00f3n, Mjolnir fue encantado por <a href=\"https:\/\/universcinematographiquemarvel.fandom.com\/fr\/wiki\/Odin_Borson\" target=\"_blank\" rel=\"noopener noreferrer\">Odin<\/a>El padre de Thor, con varios hechizos poderosos:<\/p>\n<ul>\n<li><strong>Dignidad<\/strong> El hechizo m\u00e1s famoso colocado en Mjolnir afirma que \"Quien sostenga este martillo, si es digno, recibir\u00e1 el poder de Thor\". Inscripci\u00f3n grabada en el martillo. S\u00f3lo aquellos con un coraz\u00f3n puro y un agudo sentido del honor y la justicia pueden levantarlo.<\/li>\n<li><strong>Protecci\u00f3n<\/strong> Mjolnir, indestructible por medios convencionales. Por tanto, es capaz de resistir fuerzas colosales y ataques m\u00e1gicos.<\/li>\n<li><strong>Enlace con Thor<\/strong> El martillo est\u00e1 m\u00e1gicamente ligado a Thor. Puede volver a su mano cuando lo llama, incluso a trav\u00e9s de grandes distancias y dimensiones diferentes.<\/li>\n<\/ul>\n<h2>Sum\u00e9rgete en el universo Marvel con nuestras r\u00e9plicas.<\/h2>\n<p>Descubre nuestra excepcional colecci\u00f3n de r\u00e9plicas del universo Marvel, perfectas tanto para fans como para coleccionistas. Ofrecemos una diversa gama de productos, cada uno dise\u00f1ado con meticulosa atenci\u00f3n al detalle.<\/p>\n<ul>\n<li>Admire el <a href=\"https:\/\/repliquemangacine.fr\/es\/superheroes-marvel\/capitan-america-escudo-version-de-lujo\/\">El escudo del Capit\u00e1n Am\u00e9rica<\/a>emblema de la valent\u00eda y el liderazgo de Steve Rogers. Fabricado con materiales de alta calidad para una autenticidad inigualable.<\/li>\n<li>A continuaci\u00f3n, el <a href=\"https:\/\/repliquemangacine.fr\/es\/superheroes-marvel\/arc-reactor-mk1-iron-man-core-reactor\/\">Coraz\u00f3n de Iron Man<\/a>el reactor de arco en miniatura que simboliza el ingenio y la determinaci\u00f3n de Tony Stark.<\/li>\n<li>Y por \u00faltimo, para los aficionados al poder c\u00f3smico, ofrecemos el <a href=\"https:\/\/repliquemangacine.fr\/es\/superheroes-marvel\/replica-de-la-version-de-hulk-del-nano-guantelete\/\">Nano Guantelete de Hulk<\/a>. Una r\u00e9plica fiel del guantelete utilizado para blandir las Piedras del Infinito. Permite a Hulk salvar el universo.<\/li>\n<\/ul>\n<p>En conclusi\u00f3n, cada pieza de nuestra colecci\u00f3n Marvel rinde homenaje a estos h\u00e9roes legendarios a la vez que aporta un toque del universo Marvel a su hogar.<\/p>","protected":false},"excerpt":{"rendered":"<p>Magn\u00edfica r\u00e9plica en espuma del martillo de Thor: Mjolnir.<\/p>\n<ul>\n<li>La masa est\u00e1 hecha completamente de espuma r\u00edgida<\/li>\n<li>Mango de resina finamente detallado<\/li>\n<li>Muy bien acabado<\/li>\n<li>Longitud: 44 cm<\/li>\n<\/ul>","protected":false},"featured_media":72706,"template":"","meta":[],"product_brand":[896],"product_cat":[59],"product_tag":[],"class_list":{"0":"post-72703","1":"product","2":"type-product","3":"status-publish","4":"has-post-thumbnail","6":"product_brand-replique-manga-cine","7":"product_cat-super-heros-marvel","9":"first","10":"instock","11":"taxable","12":"shipping-taxable","13":"purchasable","14":"product-type-simple"},"yoast_head":"<!-- This site is optimized with the Yoast SEO plugin v27.3 - https:\/\/yoast.com\/product\/yoast-seo-wordpress\/ -->\n<title>Mjolnir en mousse - Marteau de Thor - R\u00e9plique Manga Cin\u00e9<\/title>\n<meta name=\"description\" content=\"D\u00e9couvrez cette superbe r\u00e9plique de Mjolnir en mousse. Ce marteau de Thor est d&#039;une finition remarquable. Sans danger pour les enfants. 44 cm\" \/>\n<meta name=\"robots\" content=\"index, follow, max-snippet:-1, max-image-preview:large, max-video-preview:-1\" \/>\n<link rel=\"canonical\" href=\"https:\/\/repliquemangacine.fr\/es\/superheroes-marvel\/mjolnir-espuma-thor-martillo\/\" \/>\n<meta property=\"og:locale\" content=\"es_ES\" \/>\n<meta property=\"og:type\" content=\"article\" \/>\n<meta property=\"og:title\" content=\"Mjolnir en mousse - Marteau de Thor - R\u00e9plique Manga Cin\u00e9\" \/>\n<meta property=\"og:description\" content=\"D\u00e9couvrez cette superbe r\u00e9plique de Mjolnir en mousse. Ce marteau de Thor est d&#039;une finition remarquable. Sans danger pour les enfants. 44 cm\" \/>\n<meta property=\"og:url\" content=\"https:\/\/repliquemangacine.fr\/es\/superheroes-marvel\/mjolnir-espuma-thor-martillo\/\" \/>\n<meta property=\"og:site_name\" content=\"R\u00e9plique Manga Cin\u00e9\" \/>\n<meta property=\"article:publisher\" content=\"https:\/\/www.facebook.com\/RepliqueMangaCine\" \/>\n<meta property=\"article:modified_time\" content=\"2025-12-12T15:18:48+00:00\" \/>\n<meta property=\"og:image\" content=\"https:\/\/repliquemangacine.fr\/wp-content\/uploads\/2024\/06\/marteau-de-thor-en-mousse.jpg\" \/>\n\t<meta property=\"og:image:width\" content=\"500\" \/>\n\t<meta property=\"og:image:height\" content=\"500\" \/>\n\t<meta property=\"og:image:type\" content=\"image\/jpeg\" \/>\n<meta name=\"twitter:card\" content=\"summary_large_image\" \/>\n<meta name=\"twitter:label1\" content=\"Tiempo de lectura\" \/>\n\t<meta name=\"twitter:data1\" content=\"3 minutos\" \/>\n<script type=\"application\/ld+json\" class=\"yoast-schema-graph\">{\"@context\":\"https:\\\/\\\/schema.org\",\"@graph\":[{\"@type\":\"WebPage\",\"@id\":\"https:\\\/\\\/repliquemangacine.fr\\\/super-heros-marvel\\\/mjolnir-en-mousse-marteau-de-thor\\\/\",\"url\":\"https:\\\/\\\/repliquemangacine.fr\\\/super-heros-marvel\\\/mjolnir-en-mousse-marteau-de-thor\\\/\",\"name\":\"Mjolnir en mousse - Marteau de Thor - R\u00e9plique Manga Cin\u00e9\",\"isPartOf\":{\"@id\":\"https:\\\/\\\/repliquemangacine.fr\\\/#website\"},\"primaryImageOfPage\":{\"@id\":\"https:\\\/\\\/repliquemangacine.fr\\\/super-heros-marvel\\\/mjolnir-en-mousse-marteau-de-thor\\\/#primaryimage\"},\"image\":{\"@id\":\"https:\\\/\\\/repliquemangacine.fr\\\/super-heros-marvel\\\/mjolnir-en-mousse-marteau-de-thor\\\/#primaryimage\"},\"thumbnailUrl\":\"https:\\\/\\\/repliquemangacine.fr\\\/wp-content\\\/uploads\\\/2024\\\/06\\\/marteau-de-thor-en-mousse.jpg\",\"datePublished\":\"2024-06-12T15:52:57+00:00\",\"dateModified\":\"2025-12-12T15:18:48+00:00\",\"description\":\"D\u00e9couvrez cette superbe r\u00e9plique de Mjolnir en mousse. Ce marteau de Thor est d'une finition remarquable. Sans danger pour les enfants. 44 cm\",\"breadcrumb\":{\"@id\":\"https:\\\/\\\/repliquemangacine.fr\\\/super-heros-marvel\\\/mjolnir-en-mousse-marteau-de-thor\\\/#breadcrumb\"},\"inLanguage\":\"es\",\"potentialAction\":[{\"@type\":\"ReadAction\",\"target\":[\"https:\\\/\\\/repliquemangacine.fr\\\/super-heros-marvel\\\/mjolnir-en-mousse-marteau-de-thor\\\/\"]}]},{\"@type\":\"ImageObject\",\"inLanguage\":\"es\",\"@id\":\"https:\\\/\\\/repliquemangacine.fr\\\/super-heros-marvel\\\/mjolnir-en-mousse-marteau-de-thor\\\/#primaryimage\",\"url\":\"https:\\\/\\\/repliquemangacine.fr\\\/wp-content\\\/uploads\\\/2024\\\/06\\\/marteau-de-thor-en-mousse.jpg\",\"contentUrl\":\"https:\\\/\\\/repliquemangacine.fr\\\/wp-content\\\/uploads\\\/2024\\\/06\\\/marteau-de-thor-en-mousse.jpg\",\"width\":500,\"height\":500,\"caption\":\"Mjolnir en mousse, Marteau de Thor\"},{\"@type\":\"BreadcrumbList\",\"@id\":\"https:\\\/\\\/repliquemangacine.fr\\\/super-heros-marvel\\\/mjolnir-en-mousse-marteau-de-thor\\\/#breadcrumb\",\"itemListElement\":[{\"@type\":\"ListItem\",\"position\":1,\"name\":\"Accueil\",\"item\":\"https:\\\/\\\/repliquemangacine.fr\\\/\"},{\"@type\":\"ListItem\",\"position\":2,\"name\":\"Produits\",\"item\":\"https:\\\/\\\/repliquemangacine.fr\\\/boutique\\\/\"},{\"@type\":\"ListItem\",\"position\":3,\"name\":\"Mjolnir en mousse\"}]},{\"@type\":\"WebSite\",\"@id\":\"https:\\\/\\\/repliquemangacine.fr\\\/#website\",\"url\":\"https:\\\/\\\/repliquemangacine.fr\\\/\",\"name\":\"R\u00e9plique Manga Cin\u00e9\",\"description\":\"\",\"publisher\":{\"@id\":\"https:\\\/\\\/repliquemangacine.fr\\\/#organization\"},\"potentialAction\":[{\"@type\":\"SearchAction\",\"target\":{\"@type\":\"EntryPoint\",\"urlTemplate\":\"https:\\\/\\\/repliquemangacine.fr\\\/?s={search_term_string}\"},\"query-input\":{\"@type\":\"PropertyValueSpecification\",\"valueRequired\":true,\"valueName\":\"search_term_string\"}}],\"inLanguage\":\"es\"},{\"@type\":\"Organization\",\"@id\":\"https:\\\/\\\/repliquemangacine.fr\\\/#organization\",\"name\":\"R\u00e9plique Manga Cin\u00e9\",\"url\":\"https:\\\/\\\/repliquemangacine.fr\\\/\",\"logo\":{\"@type\":\"ImageObject\",\"inLanguage\":\"es\",\"@id\":\"https:\\\/\\\/repliquemangacine.fr\\\/#\\\/schema\\\/logo\\\/image\\\/\",\"url\":\"https:\\\/\\\/repliquemangacine.fr\\\/wp-content\\\/uploads\\\/2023\\\/10\\\/RMC-500250.png\",\"contentUrl\":\"https:\\\/\\\/repliquemangacine.fr\\\/wp-content\\\/uploads\\\/2023\\\/10\\\/RMC-500250.png\",\"width\":500,\"height\":250,\"caption\":\"R\u00e9plique Manga Cin\u00e9\"},\"image\":{\"@id\":\"https:\\\/\\\/repliquemangacine.fr\\\/#\\\/schema\\\/logo\\\/image\\\/\"},\"sameAs\":[\"https:\\\/\\\/www.facebook.com\\\/RepliqueMangaCine\",\"https:\\\/\\\/www.instagram.com\\\/repliquemangacine.fr\\\/\"]}]}<\/script>\n<!-- \/ Yoast SEO plugin. -->","yoast_head_json":{"title":"Mjolnir de espuma - Martillo de Thor - R\u00e9plique Manga Cin\u00e9","description":"Descubre esta magn\u00edfica r\u00e9plica en espuma de Mjolnir. El martillo de Thor tiene un acabado extraordinario. Seguro para los ni\u00f1os. 44 cm","robots":{"index":"index","follow":"follow","max-snippet":"max-snippet:-1","max-image-preview":"max-image-preview:large","max-video-preview":"max-video-preview:-1"},"canonical":"https:\/\/repliquemangacine.fr\/es\/superheroes-marvel\/mjolnir-espuma-thor-martillo\/","og_locale":"es_ES","og_type":"article","og_title":"Mjolnir en mousse - Marteau de Thor - R\u00e9plique Manga Cin\u00e9","og_description":"D\u00e9couvrez cette superbe r\u00e9plique de Mjolnir en mousse. Ce marteau de Thor est d'une finition remarquable. Sans danger pour les enfants. 44 cm","og_url":"https:\/\/repliquemangacine.fr\/es\/superheroes-marvel\/mjolnir-espuma-thor-martillo\/","og_site_name":"R\u00e9plique Manga Cin\u00e9","article_publisher":"https:\/\/www.facebook.com\/RepliqueMangaCine","article_modified_time":"2025-12-12T15:18:48+00:00","og_image":[{"width":500,"height":500,"url":"https:\/\/repliquemangacine.fr\/wp-content\/uploads\/2024\/06\/marteau-de-thor-en-mousse.jpg","type":"image\/jpeg"}],"twitter_card":"summary_large_image","twitter_misc":{"Tiempo de lectura":"3 minutos"},"schema":{"@context":"https:\/\/schema.org","@graph":[{"@type":"WebPage","@id":"https:\/\/repliquemangacine.fr\/super-heros-marvel\/mjolnir-en-mousse-marteau-de-thor\/","url":"https:\/\/repliquemangacine.fr\/super-heros-marvel\/mjolnir-en-mousse-marteau-de-thor\/","name":"Mjolnir de espuma - Martillo de Thor - R\u00e9plique Manga Cin\u00e9","isPartOf":{"@id":"https:\/\/repliquemangacine.fr\/#website"},"primaryImageOfPage":{"@id":"https:\/\/repliquemangacine.fr\/super-heros-marvel\/mjolnir-en-mousse-marteau-de-thor\/#primaryimage"},"image":{"@id":"https:\/\/repliquemangacine.fr\/super-heros-marvel\/mjolnir-en-mousse-marteau-de-thor\/#primaryimage"},"thumbnailUrl":"https:\/\/repliquemangacine.fr\/wp-content\/uploads\/2024\/06\/marteau-de-thor-en-mousse.jpg","datePublished":"2024-06-12T15:52:57+00:00","dateModified":"2025-12-12T15:18:48+00:00","description":"Descubre esta magn\u00edfica r\u00e9plica en espuma de Mjolnir. El martillo de Thor tiene un acabado extraordinario. Seguro para los ni\u00f1os. 44 cm","breadcrumb":{"@id":"https:\/\/repliquemangacine.fr\/super-heros-marvel\/mjolnir-en-mousse-marteau-de-thor\/#breadcrumb"},"inLanguage":"es","potentialAction":[{"@type":"ReadAction","target":["https:\/\/repliquemangacine.fr\/super-heros-marvel\/mjolnir-en-mousse-marteau-de-thor\/"]}]},{"@type":"ImageObject","inLanguage":"es","@id":"https:\/\/repliquemangacine.fr\/super-heros-marvel\/mjolnir-en-mousse-marteau-de-thor\/#primaryimage","url":"https:\/\/repliquemangacine.fr\/wp-content\/uploads\/2024\/06\/marteau-de-thor-en-mousse.jpg","contentUrl":"https:\/\/repliquemangacine.fr\/wp-content\/uploads\/2024\/06\/marteau-de-thor-en-mousse.jpg","width":500,"height":500,"caption":"Mjolnir en mousse, Marteau de Thor"},{"@type":"BreadcrumbList","@id":"https:\/\/repliquemangacine.fr\/super-heros-marvel\/mjolnir-en-mousse-marteau-de-thor\/#breadcrumb","itemListElement":[{"@type":"ListItem","position":1,"name":"Accueil","item":"https:\/\/repliquemangacine.fr\/"},{"@type":"ListItem","position":2,"name":"Produits","item":"https:\/\/repliquemangacine.fr\/boutique\/"},{"@type":"ListItem","position":3,"name":"Mjolnir en mousse"}]},{"@type":"WebSite","@id":"https:\/\/repliquemangacine.fr\/#website","url":"https:\/\/repliquemangacine.fr\/","name":"R\u00e9plique Manga Cin\u00e9","description":"","publisher":{"@id":"https:\/\/repliquemangacine.fr\/#organization"},"potentialAction":[{"@type":"SearchAction","target":{"@type":"EntryPoint","urlTemplate":"https:\/\/repliquemangacine.fr\/?s={search_term_string}"},"query-input":{"@type":"PropertyValueSpecification","valueRequired":true,"valueName":"search_term_string"}}],"inLanguage":"es"},{"@type":"Organization","@id":"https:\/\/repliquemangacine.fr\/#organization","name":"R\u00e9plique Manga Cin\u00e9","url":"https:\/\/repliquemangacine.fr\/","logo":{"@type":"ImageObject","inLanguage":"es","@id":"https:\/\/repliquemangacine.fr\/#\/schema\/logo\/image\/","url":"https:\/\/repliquemangacine.fr\/wp-content\/uploads\/2023\/10\/RMC-500250.png","contentUrl":"https:\/\/repliquemangacine.fr\/wp-content\/uploads\/2023\/10\/RMC-500250.png","width":500,"height":250,"caption":"R\u00e9plique Manga Cin\u00e9"},"image":{"@id":"https:\/\/repliquemangacine.fr\/#\/schema\/logo\/image\/"},"sameAs":["https:\/\/www.facebook.com\/RepliqueMangaCine","https:\/\/www.instagram.com\/repliquemangacine.fr\/"]}]}},"_links":{"self":[{"href":"https:\/\/repliquemangacine.fr\/es\/wp-json\/wp\/v2\/product\/72703","targetHints":{"allow":["GET"]}}],"collection":[{"href":"https:\/\/repliquemangacine.fr\/es\/wp-json\/wp\/v2\/product"}],"about":[{"href":"https:\/\/repliquemangacine.fr\/es\/wp-json\/wp\/v2\/types\/product"}],"wp:featuredmedia":[{"embeddable":true,"href":"https:\/\/repliquemangacine.fr\/es\/wp-json\/wp\/v2\/media\/72706"}],"wp:attachment":[{"href":"https:\/\/repliquemangacine.fr\/es\/wp-json\/wp\/v2\/media?parent=72703"}],"wp:term":[{"taxonomy":"product_brand","embeddable":true,"href":"https:\/\/repliquemangacine.fr\/es\/wp-json\/wp\/v2\/product_brand?post=72703"},{"taxonomy":"product_cat","embeddable":true,"href":"https:\/\/repliquemangacine.fr\/es\/wp-json\/wp\/v2\/product_cat?post=72703"},{"taxonomy":"product_tag","embeddable":true,"href":"https:\/\/repliquemangacine.fr\/es\/wp-json\/wp\/v2\/product_tag?post=72703"}],"curies":[{"name":"wp","href":"https:\/\/api.w.org\/{rel}","templated":true}]}}