





{"id":72696,"date":"2024-06-12T15:55:50","date_gmt":"2024-06-12T13:55:50","guid":{"rendered":"https:\/\/repliquemangacine.fr\/?post_type=product&#038;p=72696"},"modified":"2026-01-24T11:14:49","modified_gmt":"2026-01-24T10:14:49","slug":"bokken-dragon-de-madera","status":"publish","type":"product","link":"https:\/\/repliquemangacine.fr\/es\/katanas-le-dernier-samourai\/bokken-dragon-en-bois\/","title":{"rendered":"Bokken del Drag\u00f3n de Madera"},"content":{"rendered":"<h2>Dragon Bokken de madera: la herramienta esencial para las artes marciales japonesas<\/h2>\n<p>Para empezar, nuestro Dragon Bokken de madera, dise\u00f1ado para practicantes serios de <a href=\"https:\/\/www.larousse.fr\/encyclopedie\/divers\/arts_martiaux\/68448\" target=\"_blank\" rel=\"noopener noreferrer\">artes marciales<\/a> Japon\u00e9s. Fabricado en madera dura de alta calidad. Adornado con un magn\u00edfico motivo de drag\u00f3n, que simboliza el poder y la sabidur\u00eda. Ideal para el entrenamiento de kendo, aikido, kenjutsu e iaido. Adem\u00e1s, permite perfeccionar tus t\u00e9cnicas con total seguridad.<\/p>\n<p>Cabe destacar que el bokken se desarroll\u00f3 en Jap\u00f3n como una alternativa segura a las katanas reales para el entrenamiento con espadas. Utilizado desde hace siglos, el bokken permite a los practicantes entrenar t\u00e9cnicas de corte, bloqueo y parada sin los riesgos asociados a una hoja afilada.<\/p>\n<h3>Tipos de Bokken<\/h3>\n<ul>\n<li><strong>Bokken est\u00e1ndar<\/strong> El modelo m\u00e1s com\u00fan, utilizado a menudo en Kendo y Aikido.<\/li>\n<li><strong>Bokken Suburi<\/strong> M\u00e1s pesada y gruesa, se utiliza para ejercicios suburi (corte repetitivo) para fortalecer los m\u00fasculos.<\/li>\n<li><strong>Koryu Bokken<\/strong> Modelos espec\u00edficos de las escuelas tradicionales de Kenjutsu, que var\u00edan en forma y tama\u00f1o seg\u00fan el estilo.<\/li>\n<\/ul>\n<h2>Caracter\u00edsticas y ventajas del Dragon Bokken de madera<\/h2>\n<p>En primer lugar, la seguridad, ya que permite entrenar con total seguridad sin riesgo de cortes. En segundo lugar, en lo que respecta al aprendizaje, el bokken ayuda a desarrollar la t\u00e9cnica, la precisi\u00f3n y la fuerza muscular.<\/p>\n<p>En conclusi\u00f3n, nuestro Bokken Dragon de madera ofrece una robustez y durabilidad excepcionales. Estas son algunas de sus principales caracter\u00edsticas:<\/p>\n<ul>\n<li><strong>Material<\/strong> Madera dura seleccionada, resistente a los impactos y duradera.<\/li>\n<li><strong>Dimensiones<\/strong> Longitud total: 101 cm, con una hoja de 75 cm y un mango de 30 cm.<\/li>\n<li><strong>Peso<\/strong> Alrededor de 700 gramos, ideal para un equilibrio perfecto entre maniobrabilidad y realismo.<\/li>\n<li><strong>Dise\u00f1o<\/strong> El motivo de drag\u00f3n grabado a mano a\u00f1ade un toque est\u00e9tico y simb\u00f3lico a su entrenamiento.<\/li>\n<li><strong>Utilizaci\u00f3n<\/strong> Perfecto para kata, t\u00e9cnicas de corte y ejercicios suburi.<\/li>\n<\/ul>\n<h2>Completa tu colecci\u00f3n con nuestras katanas de metal<\/h2>\n<p>Adem\u00e1s de nuestro Bokken Dragon de madera, ofrecemos una gama de katanas de metal para aficionados y coleccionistas. Explore nuestras r\u00e9plicas fieles y de alta calidad, como:<\/p>\n<p>Revive la \u00e9poca de los samur\u00e1is con nuestra r\u00e9plica del <a href=\"https:\/\/repliquemangacine.fr\/es\/katanas-el-ultimo-samurai\/katana-du-dernier-samourai-el-ultimo-samourai\/\">katana del \u00daltimo Samurai<\/a> utilizada en la pel\u00edcula. Fabricada con un incre\u00edble cuidado por los detalles, esta katana es perfecta para los amantes del cine y los apasionados de la historia de los samur\u00e1is.<\/p>\n<p>Para terminar, sum\u00e9rgete en el universo de los ninjas con nuestros <a href=\"https:\/\/repliquemangacine.fr\/es\/decoracion-katana\/katana-ninja-cerbatana-ninjato\/\">ninjatos<\/a> alta calidad. Estas hojas cortas y eficaces son ideales para los entusiastas y coleccionistas de artes marciales. Cada ninjato est\u00e1 fabricado con precisi\u00f3n para garantizar su autenticidad y un rendimiento \u00f3ptimo.<\/p>","protected":false},"excerpt":{"rendered":"<p>Magn\u00edfico Dragon Bokken de madera para entrenamiento de Kendo y Aikido.<\/p>\n<ul>\n<li>Todo en madera<\/li>\n<li>Grabado de un drag\u00f3n<\/li>\n<li>Mango recubierto de trenzado de algod\u00f3n negro para un agarre seguro.<\/li>\n<li>Protector ABS con punta de goma<\/li>\n<li>Longitud: 1 m<\/li>\n<\/ul>","protected":false},"featured_media":72697,"template":"","meta":[],"product_brand":[896],"product_cat":[50,26,32,88],"product_tag":[],"class_list":{"0":"post-72696","1":"product","2":"type-product","3":"status-publish","4":"has-post-thumbnail","6":"product_brand-replique-manga-cine","7":"product_cat-accessoires-katana","8":"product_cat-katana-epee","9":"product_cat-katana-decoration","10":"product_cat-katanas-le-dernier-samourai","12":"first","13":"instock","14":"taxable","15":"shipping-taxable","16":"purchasable","17":"product-type-simple"},"yoast_head":"<!-- This site is optimized with the Yoast SEO plugin v27.4 - https:\/\/yoast.com\/product\/yoast-seo-wordpress\/ -->\n<title>Bokken Dragon en bois - Sabre d&#039;entrainement - R\u00e9plique Manga Cin\u00e9<\/title>\n<meta name=\"description\" content=\"D\u00e9couvrez ce superbe Bokken Dragon en bois. Id\u00e9al pour vos entrainements de Kendo ou d&#039;A\u00efkido. Ce sabre en bois reprend les caract\u00e9ristiques du katana.\" \/>\n<meta name=\"robots\" content=\"index, follow, max-snippet:-1, max-image-preview:large, max-video-preview:-1\" \/>\n<link rel=\"canonical\" href=\"https:\/\/repliquemangacine.fr\/es\/katanas-el-ultimo-samurai\/bokken-dragon-de-madera\/\" \/>\n<meta property=\"og:locale\" content=\"es_ES\" \/>\n<meta property=\"og:type\" content=\"article\" \/>\n<meta property=\"og:title\" content=\"Bokken Dragon en bois - Sabre d&#039;entrainement - R\u00e9plique Manga Cin\u00e9\" \/>\n<meta property=\"og:description\" content=\"D\u00e9couvrez ce superbe Bokken Dragon en bois. Id\u00e9al pour vos entrainements de Kendo ou d&#039;A\u00efkido. Ce sabre en bois reprend les caract\u00e9ristiques du katana.\" \/>\n<meta property=\"og:url\" content=\"https:\/\/repliquemangacine.fr\/es\/katanas-el-ultimo-samurai\/bokken-dragon-de-madera\/\" \/>\n<meta property=\"og:site_name\" content=\"R\u00e9plique Manga Cin\u00e9\" \/>\n<meta property=\"article:publisher\" content=\"https:\/\/www.facebook.com\/RepliqueMangaCine\" \/>\n<meta property=\"article:modified_time\" content=\"2026-01-24T10:14:49+00:00\" \/>\n<meta property=\"og:image\" content=\"https:\/\/repliquemangacine.fr\/wp-content\/uploads\/2024\/06\/bokken-dragon.jpg\" \/>\n\t<meta property=\"og:image:width\" content=\"500\" \/>\n\t<meta property=\"og:image:height\" content=\"500\" \/>\n\t<meta property=\"og:image:type\" content=\"image\/jpeg\" \/>\n<meta name=\"twitter:card\" content=\"summary_large_image\" \/>\n<meta name=\"twitter:label1\" content=\"Tiempo de lectura\" \/>\n\t<meta name=\"twitter:data1\" content=\"3 minutos\" \/>\n<script type=\"application\/ld+json\" class=\"yoast-schema-graph\">{\"@context\":\"https:\\\/\\\/schema.org\",\"@graph\":[{\"@type\":\"WebPage\",\"@id\":\"https:\\\/\\\/repliquemangacine.fr\\\/katanas-le-dernier-samourai\\\/bokken-dragon-en-bois\\\/\",\"url\":\"https:\\\/\\\/repliquemangacine.fr\\\/katanas-le-dernier-samourai\\\/bokken-dragon-en-bois\\\/\",\"name\":\"Bokken Dragon en bois - Sabre d'entrainement - R\u00e9plique Manga Cin\u00e9\",\"isPartOf\":{\"@id\":\"https:\\\/\\\/repliquemangacine.fr\\\/#website\"},\"primaryImageOfPage\":{\"@id\":\"https:\\\/\\\/repliquemangacine.fr\\\/katanas-le-dernier-samourai\\\/bokken-dragon-en-bois\\\/#primaryimage\"},\"image\":{\"@id\":\"https:\\\/\\\/repliquemangacine.fr\\\/katanas-le-dernier-samourai\\\/bokken-dragon-en-bois\\\/#primaryimage\"},\"thumbnailUrl\":\"https:\\\/\\\/repliquemangacine.fr\\\/wp-content\\\/uploads\\\/2024\\\/06\\\/bokken-dragon.jpg\",\"datePublished\":\"2024-06-12T13:55:50+00:00\",\"dateModified\":\"2026-01-24T10:14:49+00:00\",\"description\":\"D\u00e9couvrez ce superbe Bokken Dragon en bois. Id\u00e9al pour vos entrainements de Kendo ou d'A\u00efkido. Ce sabre en bois reprend les caract\u00e9ristiques du katana.\",\"breadcrumb\":{\"@id\":\"https:\\\/\\\/repliquemangacine.fr\\\/katanas-le-dernier-samourai\\\/bokken-dragon-en-bois\\\/#breadcrumb\"},\"inLanguage\":\"es\",\"potentialAction\":[{\"@type\":\"ReadAction\",\"target\":[\"https:\\\/\\\/repliquemangacine.fr\\\/katanas-le-dernier-samourai\\\/bokken-dragon-en-bois\\\/\"]}]},{\"@type\":\"ImageObject\",\"inLanguage\":\"es\",\"@id\":\"https:\\\/\\\/repliquemangacine.fr\\\/katanas-le-dernier-samourai\\\/bokken-dragon-en-bois\\\/#primaryimage\",\"url\":\"https:\\\/\\\/repliquemangacine.fr\\\/wp-content\\\/uploads\\\/2024\\\/06\\\/bokken-dragon.jpg\",\"contentUrl\":\"https:\\\/\\\/repliquemangacine.fr\\\/wp-content\\\/uploads\\\/2024\\\/06\\\/bokken-dragon.jpg\",\"width\":500,\"height\":500,\"caption\":\"Bokken Dragon en bois id\u00e9al pour entrainement pour Kendo et A\u00efkido\"},{\"@type\":\"BreadcrumbList\",\"@id\":\"https:\\\/\\\/repliquemangacine.fr\\\/katanas-le-dernier-samourai\\\/bokken-dragon-en-bois\\\/#breadcrumb\",\"itemListElement\":[{\"@type\":\"ListItem\",\"position\":1,\"name\":\"Accueil\",\"item\":\"https:\\\/\\\/repliquemangacine.fr\\\/\"},{\"@type\":\"ListItem\",\"position\":2,\"name\":\"Produits\",\"item\":\"https:\\\/\\\/repliquemangacine.fr\\\/boutique\\\/\"},{\"@type\":\"ListItem\",\"position\":3,\"name\":\"Bokken Dragon en bois\"}]},{\"@type\":\"WebSite\",\"@id\":\"https:\\\/\\\/repliquemangacine.fr\\\/#website\",\"url\":\"https:\\\/\\\/repliquemangacine.fr\\\/\",\"name\":\"R\u00e9plique Manga Cin\u00e9\",\"description\":\"\",\"publisher\":{\"@id\":\"https:\\\/\\\/repliquemangacine.fr\\\/#organization\"},\"potentialAction\":[{\"@type\":\"SearchAction\",\"target\":{\"@type\":\"EntryPoint\",\"urlTemplate\":\"https:\\\/\\\/repliquemangacine.fr\\\/?s={search_term_string}\"},\"query-input\":{\"@type\":\"PropertyValueSpecification\",\"valueRequired\":true,\"valueName\":\"search_term_string\"}}],\"inLanguage\":\"es\"},{\"@type\":\"Organization\",\"@id\":\"https:\\\/\\\/repliquemangacine.fr\\\/#organization\",\"name\":\"R\u00e9plique Manga Cin\u00e9\",\"url\":\"https:\\\/\\\/repliquemangacine.fr\\\/\",\"logo\":{\"@type\":\"ImageObject\",\"inLanguage\":\"es\",\"@id\":\"https:\\\/\\\/repliquemangacine.fr\\\/#\\\/schema\\\/logo\\\/image\\\/\",\"url\":\"https:\\\/\\\/repliquemangacine.fr\\\/wp-content\\\/uploads\\\/2023\\\/10\\\/RMC-500250.png\",\"contentUrl\":\"https:\\\/\\\/repliquemangacine.fr\\\/wp-content\\\/uploads\\\/2023\\\/10\\\/RMC-500250.png\",\"width\":500,\"height\":250,\"caption\":\"R\u00e9plique Manga Cin\u00e9\"},\"image\":{\"@id\":\"https:\\\/\\\/repliquemangacine.fr\\\/#\\\/schema\\\/logo\\\/image\\\/\"},\"sameAs\":[\"https:\\\/\\\/www.facebook.com\\\/RepliqueMangaCine\",\"https:\\\/\\\/www.instagram.com\\\/repliquemangacine.fr\\\/\"]}]}<\/script>\n<!-- \/ Yoast SEO plugin. -->","yoast_head_json":{"title":"Bokken de madera Drag\u00f3n - Espada de entrenamiento - R\u00e9plique Manga Cin\u00e9","description":"Descubre este magn\u00edfico Bokken Drag\u00f3n de madera. Ideal para su entrenamiento de Kendo o Aikido. Esta espada de madera adopta las caracter\u00edsticas de la katana.","robots":{"index":"index","follow":"follow","max-snippet":"max-snippet:-1","max-image-preview":"max-image-preview:large","max-video-preview":"max-video-preview:-1"},"canonical":"https:\/\/repliquemangacine.fr\/es\/katanas-el-ultimo-samurai\/bokken-dragon-de-madera\/","og_locale":"es_ES","og_type":"article","og_title":"Bokken Dragon en bois - Sabre d'entrainement - R\u00e9plique Manga Cin\u00e9","og_description":"D\u00e9couvrez ce superbe Bokken Dragon en bois. Id\u00e9al pour vos entrainements de Kendo ou d'A\u00efkido. Ce sabre en bois reprend les caract\u00e9ristiques du katana.","og_url":"https:\/\/repliquemangacine.fr\/es\/katanas-el-ultimo-samurai\/bokken-dragon-de-madera\/","og_site_name":"R\u00e9plique Manga Cin\u00e9","article_publisher":"https:\/\/www.facebook.com\/RepliqueMangaCine","article_modified_time":"2026-01-24T10:14:49+00:00","og_image":[{"width":500,"height":500,"url":"https:\/\/repliquemangacine.fr\/wp-content\/uploads\/2024\/06\/bokken-dragon.jpg","type":"image\/jpeg"}],"twitter_card":"summary_large_image","twitter_misc":{"Tiempo de lectura":"3 minutos"},"schema":{"@context":"https:\/\/schema.org","@graph":[{"@type":"WebPage","@id":"https:\/\/repliquemangacine.fr\/katanas-le-dernier-samourai\/bokken-dragon-en-bois\/","url":"https:\/\/repliquemangacine.fr\/katanas-le-dernier-samourai\/bokken-dragon-en-bois\/","name":"Bokken de madera Drag\u00f3n - Espada de entrenamiento - R\u00e9plique Manga Cin\u00e9","isPartOf":{"@id":"https:\/\/repliquemangacine.fr\/#website"},"primaryImageOfPage":{"@id":"https:\/\/repliquemangacine.fr\/katanas-le-dernier-samourai\/bokken-dragon-en-bois\/#primaryimage"},"image":{"@id":"https:\/\/repliquemangacine.fr\/katanas-le-dernier-samourai\/bokken-dragon-en-bois\/#primaryimage"},"thumbnailUrl":"https:\/\/repliquemangacine.fr\/wp-content\/uploads\/2024\/06\/bokken-dragon.jpg","datePublished":"2024-06-12T13:55:50+00:00","dateModified":"2026-01-24T10:14:49+00:00","description":"Descubre este magn\u00edfico Bokken Drag\u00f3n de madera. Ideal para su entrenamiento de Kendo o Aikido. Esta espada de madera adopta las caracter\u00edsticas de la katana.","breadcrumb":{"@id":"https:\/\/repliquemangacine.fr\/katanas-le-dernier-samourai\/bokken-dragon-en-bois\/#breadcrumb"},"inLanguage":"es","potentialAction":[{"@type":"ReadAction","target":["https:\/\/repliquemangacine.fr\/katanas-le-dernier-samourai\/bokken-dragon-en-bois\/"]}]},{"@type":"ImageObject","inLanguage":"es","@id":"https:\/\/repliquemangacine.fr\/katanas-le-dernier-samourai\/bokken-dragon-en-bois\/#primaryimage","url":"https:\/\/repliquemangacine.fr\/wp-content\/uploads\/2024\/06\/bokken-dragon.jpg","contentUrl":"https:\/\/repliquemangacine.fr\/wp-content\/uploads\/2024\/06\/bokken-dragon.jpg","width":500,"height":500,"caption":"Bokken Dragon en bois id\u00e9al pour entrainement pour Kendo et A\u00efkido"},{"@type":"BreadcrumbList","@id":"https:\/\/repliquemangacine.fr\/katanas-le-dernier-samourai\/bokken-dragon-en-bois\/#breadcrumb","itemListElement":[{"@type":"ListItem","position":1,"name":"Accueil","item":"https:\/\/repliquemangacine.fr\/"},{"@type":"ListItem","position":2,"name":"Produits","item":"https:\/\/repliquemangacine.fr\/boutique\/"},{"@type":"ListItem","position":3,"name":"Bokken Dragon en bois"}]},{"@type":"WebSite","@id":"https:\/\/repliquemangacine.fr\/#website","url":"https:\/\/repliquemangacine.fr\/","name":"R\u00e9plique Manga Cin\u00e9","description":"","publisher":{"@id":"https:\/\/repliquemangacine.fr\/#organization"},"potentialAction":[{"@type":"SearchAction","target":{"@type":"EntryPoint","urlTemplate":"https:\/\/repliquemangacine.fr\/?s={search_term_string}"},"query-input":{"@type":"PropertyValueSpecification","valueRequired":true,"valueName":"search_term_string"}}],"inLanguage":"es"},{"@type":"Organization","@id":"https:\/\/repliquemangacine.fr\/#organization","name":"R\u00e9plique Manga Cin\u00e9","url":"https:\/\/repliquemangacine.fr\/","logo":{"@type":"ImageObject","inLanguage":"es","@id":"https:\/\/repliquemangacine.fr\/#\/schema\/logo\/image\/","url":"https:\/\/repliquemangacine.fr\/wp-content\/uploads\/2023\/10\/RMC-500250.png","contentUrl":"https:\/\/repliquemangacine.fr\/wp-content\/uploads\/2023\/10\/RMC-500250.png","width":500,"height":250,"caption":"R\u00e9plique Manga Cin\u00e9"},"image":{"@id":"https:\/\/repliquemangacine.fr\/#\/schema\/logo\/image\/"},"sameAs":["https:\/\/www.facebook.com\/RepliqueMangaCine","https:\/\/www.instagram.com\/repliquemangacine.fr\/"]}]}},"_links":{"self":[{"href":"https:\/\/repliquemangacine.fr\/es\/wp-json\/wp\/v2\/product\/72696","targetHints":{"allow":["GET"]}}],"collection":[{"href":"https:\/\/repliquemangacine.fr\/es\/wp-json\/wp\/v2\/product"}],"about":[{"href":"https:\/\/repliquemangacine.fr\/es\/wp-json\/wp\/v2\/types\/product"}],"wp:featuredmedia":[{"embeddable":true,"href":"https:\/\/repliquemangacine.fr\/es\/wp-json\/wp\/v2\/media\/72697"}],"wp:attachment":[{"href":"https:\/\/repliquemangacine.fr\/es\/wp-json\/wp\/v2\/media?parent=72696"}],"wp:term":[{"taxonomy":"product_brand","embeddable":true,"href":"https:\/\/repliquemangacine.fr\/es\/wp-json\/wp\/v2\/product_brand?post=72696"},{"taxonomy":"product_cat","embeddable":true,"href":"https:\/\/repliquemangacine.fr\/es\/wp-json\/wp\/v2\/product_cat?post=72696"},{"taxonomy":"product_tag","embeddable":true,"href":"https:\/\/repliquemangacine.fr\/es\/wp-json\/wp\/v2\/product_tag?post=72696"}],"curies":[{"name":"wp","href":"https:\/\/api.w.org\/{rel}","templated":true}]}}