





{"id":72675,"date":"2024-06-11T19:41:28","date_gmt":"2024-06-11T17:41:28","guid":{"rendered":"https:\/\/repliquemangacine.fr\/?post_type=product&#038;p=72675"},"modified":"2026-04-20T17:51:58","modified_gmt":"2026-04-20T15:51:58","slug":"pistola-de-laton-pepperbox","status":"publish","type":"product","link":"https:\/\/repliquemangacine.fr\/es\/western-repliques-armes\/pistolet-laiton-pepperbox\/","title":{"rendered":"Pistola de lat\u00f3n Pepperbox"},"content":{"rendered":"<h2>Pistola de lat\u00f3n Allen &amp; Thurber 1837 Pepperbox de Kolser<\/h2>\n<p>En primer lugar, sum\u00e9rjase en la historia con la aut\u00e9ntica r\u00e9plica de la Pepperbox Brass Pistol. <a href=\"https:\/\/en.wikipedia.org\/wiki\/Ethan_Allen_(armsmaker)\" target=\"_blank\" rel=\"noopener noreferrer\">Allen y Thurber<\/a> de 1837, realizada por Kolser. Esta pieza hist\u00f3rica, emblem\u00e1tica de la evoluci\u00f3n de las armas de fuego, es una valiosa adquisici\u00f3n para cualquier coleccionista o aficionado a la armer\u00eda. Disponible en dos versiones, esta r\u00e9plica es un fiel homenaje al dise\u00f1o original, que ofrece tanto est\u00e9tica como funcionalidad.<\/p>\n<p>Tambi\u00e9n conocida como \u00abPepperbox\u00bb o pimentera de 6 disparos. Kolser fabrica esta hermosa arma y destaca su bonito acabado en un bonito color plateado. Esta r\u00e9plica conserva los detalles del original, adapt\u00e1ndose perfectamente a la est\u00e9tica del arma original de 1837. Presenta detalles grabados en la parte superior de la culata de metal y madera. Con materiales resistentes como el metal y la resina que garantizan su durabilidad y conservaci\u00f3n en el tiempo. Mide 23 cent\u00edmetros y est\u00e1 adornada con un bonito acabado. Ideal para decorar cualquier espacio.<\/p>\n<h2>Historia de la pistola de lat\u00f3n Allen &amp; Thurber 1837 Pepperbox<\/h2>\n<p>En primer lugar, la pistola Pepperbox Allen &amp; Thurber de 1837 es un s\u00edmbolo de la innovaci\u00f3n tecnol\u00f3gica de principios del siglo XIX. Fabricada por la famosa empresa Allen &amp; Thurber, este modelo es uno de los primeros en adoptar un dise\u00f1o giratorio de m\u00faltiples ca\u00f1ones. En una \u00e9poca en la que las pistolas de un solo tiro dominaban el mercado, la Pepperbox ofrec\u00eda una capacidad de disparo m\u00faltiple sin necesidad de recargar inmediatamente, lo que revolucion\u00f3 el armamento personal y militar.<\/p>\n<p>En Norteam\u00e9rica, este tipo de armas de fuego de varios ca\u00f1ones fue especialmente popular a partir de la d\u00e9cada de 1830. De hecho, durante la guerra civil, tanto civiles como oficiales militares las utilizaron durante la colonizaci\u00f3n de las zonas fronterizas. Aunque la Pepperbox se asocia principalmente con el Lejano Oeste, se extendi\u00f3 r\u00e1pidamente desde Estados Unidos a Gran Breta\u00f1a e incluso a Europa continental.<\/p>\n<h2>R\u00e9plicas de armas Kolser<\/h2>\n<p>Como ya sab\u00e9is, en R\u00e9plique Manga Cin\u00e9 apostamos por distribuir productos de calidad a los mejores precios. Hemos elegido las dos marcas l\u00edderes en r\u00e9plicas de armas, entre las que se encuentra Kolser. La calidad de los acabados de esta marca no necesita m\u00e1s pruebas. Por eso ampliamos constantemente nuestro cat\u00e1logo con sus productos. Estos son s\u00f3lo algunos ejemplos:<\/p>\n<ul>\n<li>El Winchester <a href=\"https:\/\/repliquemangacine.fr\/es\/pistola-kolser\/mares-leg-55cm-grey-kolser\/\">Pierna de yegua<\/a> por Josh Randall y con expulsi\u00f3n de bala. Disponible en varias versiones.<\/li>\n<li>Tambi\u00e9n existe la <a href=\"https:\/\/repliquemangacine.fr\/es\/replicas-de-armas-occidentales\/pistola-derringer-kolser\/\">Pistola Derringer<\/a>. Tambi\u00e9n disponible en varias versiones<\/li>\n<li>As\u00ed como la Thunderer Colt de lat\u00f3n con empu\u00f1adura de n\u00e1car. Varios modelos<\/li>\n<li>No olvidemos el <a href=\"https:\/\/repliquemangacine.fr\/es\/pistola-kolser\/6-balas-de-prueba-para-colt-45-kolser\/\">balas falsas<\/a> especial para rifles Colt y Kolser, que le da la opci\u00f3n de utilizar un cebador de petardo para conseguir un efecto a\u00fan m\u00e1s realista.<\/li>\n<\/ul>\n<p>En conclusi\u00f3n, poseer una r\u00e9plica de la pistola Pepperbox Allen &amp; Thurber de 1837 es poseer un pedazo de la historia de la armer\u00eda. Una pieza de colecci\u00f3n fascinante para cualquier aficionado a las armas hist\u00f3ricas. Ofrece una visi\u00f3n \u00fanica de la evoluci\u00f3n de las tecnolog\u00edas armament\u00edsticas en el siglo XIX. Si desea ampliar su colecci\u00f3n o a\u00f1adir un toque aut\u00e9ntico a su arsenal, esta r\u00e9plica es una elecci\u00f3n imprescindible.<\/p>\n<p>No dude en a\u00f1adir este magn\u00edfico ejemplar a su colecci\u00f3n y sum\u00e9rjase en la historia con la Pepperbox Allen &amp; Thurber de 1837.<\/p>","protected":false},"excerpt":{"rendered":"<p>R\u00e9plica id\u00e9ntica de la pistola Allen &amp; Thurber Pepperbox de 6 tiros de 1837<\/p>\n<ul>\n<li>Metal (Zamak) y lat\u00f3n<\/li>\n<li>Ca\u00f1\u00f3n de 6 tiros con grabados<\/li>\n<li>Stock de madera<\/li>\n<li>Se entrega en una caja Kolser decorada<\/li>\n<li>Longitud: 23 cm<\/li>\n<\/ul>","protected":false},"featured_media":72677,"template":"","meta":[],"product_brand":[896],"product_cat":[100,34,77,52,28,64,27],"product_tag":[],"class_list":{"0":"post-72675","1":"product","2":"type-product","3":"status-publish","4":"has-post-thumbnail","6":"product_brand-replique-manga-cine","7":"product_cat-arme-kolser","8":"product_cat-armes-westerns","9":"product_cat-colt-revolver-western","10":"product_cat-pistolet-ancien","11":"product_cat-repliques-darmes","12":"product_cat-western-repliques-armes","13":"product_cat-armes-et-accessoires-western","15":"first","16":"instock","17":"taxable","18":"shipping-taxable","19":"purchasable","20":"product-type-simple"},"yoast_head":"<!-- This site is optimized with the Yoast SEO plugin v27.4 - https:\/\/yoast.com\/product\/yoast-seo-wordpress\/ -->\n<title>Pistolet Laiton Pepperbox - R\u00e9plique Manga Cin\u00e9<\/title>\n<meta name=\"description\" content=\"D\u00e9couvrez cette superbe r\u00e9plique du Pistolet Laiton Pepperbox de la marque Kolser. Ce Allen &amp; Thurber \u00e0 6 coups est \u00e0 l&#039;identique de l&#039;originale. 23cm\" \/>\n<meta name=\"robots\" content=\"index, follow, max-snippet:-1, max-image-preview:large, max-video-preview:-1\" \/>\n<link rel=\"canonical\" href=\"https:\/\/repliquemangacine.fr\/es\/replicas-de-armas-occidentales\/pistola-de-laton-pepperbox\/\" \/>\n<meta property=\"og:locale\" content=\"es_ES\" \/>\n<meta property=\"og:type\" content=\"article\" \/>\n<meta property=\"og:title\" content=\"Pistolet Laiton Pepperbox - R\u00e9plique Manga Cin\u00e9\" \/>\n<meta property=\"og:description\" content=\"D\u00e9couvrez cette superbe r\u00e9plique du Pistolet Laiton Pepperbox de la marque Kolser. Ce Allen &amp; Thurber \u00e0 6 coups est \u00e0 l&#039;identique de l&#039;originale. 23cm\" \/>\n<meta property=\"og:url\" content=\"https:\/\/repliquemangacine.fr\/es\/replicas-de-armas-occidentales\/pistola-de-laton-pepperbox\/\" \/>\n<meta property=\"og:site_name\" content=\"R\u00e9plique Manga Cin\u00e9\" \/>\n<meta property=\"article:publisher\" content=\"https:\/\/www.facebook.com\/RepliqueMangaCine\" \/>\n<meta property=\"article:modified_time\" content=\"2026-04-20T15:51:58+00:00\" \/>\n<meta property=\"og:image\" content=\"https:\/\/repliquemangacine.fr\/wp-content\/uploads\/2024\/06\/Pistolet-pepperbox-laiton.jpg\" \/>\n\t<meta property=\"og:image:width\" content=\"500\" \/>\n\t<meta property=\"og:image:height\" content=\"500\" \/>\n\t<meta property=\"og:image:type\" content=\"image\/jpeg\" \/>\n<meta name=\"twitter:card\" content=\"summary_large_image\" \/>\n<meta name=\"twitter:label1\" content=\"Tiempo de lectura\" \/>\n\t<meta name=\"twitter:data1\" content=\"3 minutos\" \/>\n<script type=\"application\/ld+json\" class=\"yoast-schema-graph\">{\"@context\":\"https:\\\/\\\/schema.org\",\"@graph\":[{\"@type\":\"WebPage\",\"@id\":\"https:\\\/\\\/repliquemangacine.fr\\\/western-repliques-armes\\\/pistolet-laiton-pepperbox\\\/\",\"url\":\"https:\\\/\\\/repliquemangacine.fr\\\/western-repliques-armes\\\/pistolet-laiton-pepperbox\\\/\",\"name\":\"Pistolet Laiton Pepperbox - R\u00e9plique Manga Cin\u00e9\",\"isPartOf\":{\"@id\":\"https:\\\/\\\/repliquemangacine.fr\\\/#website\"},\"primaryImageOfPage\":{\"@id\":\"https:\\\/\\\/repliquemangacine.fr\\\/western-repliques-armes\\\/pistolet-laiton-pepperbox\\\/#primaryimage\"},\"image\":{\"@id\":\"https:\\\/\\\/repliquemangacine.fr\\\/western-repliques-armes\\\/pistolet-laiton-pepperbox\\\/#primaryimage\"},\"thumbnailUrl\":\"https:\\\/\\\/repliquemangacine.fr\\\/wp-content\\\/uploads\\\/2024\\\/06\\\/Pistolet-pepperbox-laiton.jpg\",\"datePublished\":\"2024-06-11T17:41:28+00:00\",\"dateModified\":\"2026-04-20T15:51:58+00:00\",\"description\":\"D\u00e9couvrez cette superbe r\u00e9plique du Pistolet Laiton Pepperbox de la marque Kolser. Ce Allen & Thurber \u00e0 6 coups est \u00e0 l'identique de l'originale. 23cm\",\"breadcrumb\":{\"@id\":\"https:\\\/\\\/repliquemangacine.fr\\\/western-repliques-armes\\\/pistolet-laiton-pepperbox\\\/#breadcrumb\"},\"inLanguage\":\"es\",\"potentialAction\":[{\"@type\":\"ReadAction\",\"target\":[\"https:\\\/\\\/repliquemangacine.fr\\\/western-repliques-armes\\\/pistolet-laiton-pepperbox\\\/\"]}]},{\"@type\":\"ImageObject\",\"inLanguage\":\"es\",\"@id\":\"https:\\\/\\\/repliquemangacine.fr\\\/western-repliques-armes\\\/pistolet-laiton-pepperbox\\\/#primaryimage\",\"url\":\"https:\\\/\\\/repliquemangacine.fr\\\/wp-content\\\/uploads\\\/2024\\\/06\\\/Pistolet-pepperbox-laiton.jpg\",\"contentUrl\":\"https:\\\/\\\/repliquemangacine.fr\\\/wp-content\\\/uploads\\\/2024\\\/06\\\/Pistolet-pepperbox-laiton.jpg\",\"width\":500,\"height\":500,\"caption\":\"Pistolet Laiton Pepperbox Kolser\"},{\"@type\":\"BreadcrumbList\",\"@id\":\"https:\\\/\\\/repliquemangacine.fr\\\/western-repliques-armes\\\/pistolet-laiton-pepperbox\\\/#breadcrumb\",\"itemListElement\":[{\"@type\":\"ListItem\",\"position\":1,\"name\":\"Accueil\",\"item\":\"https:\\\/\\\/repliquemangacine.fr\\\/\"},{\"@type\":\"ListItem\",\"position\":2,\"name\":\"Produits\",\"item\":\"https:\\\/\\\/repliquemangacine.fr\\\/boutique\\\/\"},{\"@type\":\"ListItem\",\"position\":3,\"name\":\"Pistolet Laiton Pepperbox\"}]},{\"@type\":\"WebSite\",\"@id\":\"https:\\\/\\\/repliquemangacine.fr\\\/#website\",\"url\":\"https:\\\/\\\/repliquemangacine.fr\\\/\",\"name\":\"R\u00e9plique Manga Cin\u00e9\",\"description\":\"\",\"publisher\":{\"@id\":\"https:\\\/\\\/repliquemangacine.fr\\\/#organization\"},\"potentialAction\":[{\"@type\":\"SearchAction\",\"target\":{\"@type\":\"EntryPoint\",\"urlTemplate\":\"https:\\\/\\\/repliquemangacine.fr\\\/?s={search_term_string}\"},\"query-input\":{\"@type\":\"PropertyValueSpecification\",\"valueRequired\":true,\"valueName\":\"search_term_string\"}}],\"inLanguage\":\"es\"},{\"@type\":\"Organization\",\"@id\":\"https:\\\/\\\/repliquemangacine.fr\\\/#organization\",\"name\":\"R\u00e9plique Manga Cin\u00e9\",\"url\":\"https:\\\/\\\/repliquemangacine.fr\\\/\",\"logo\":{\"@type\":\"ImageObject\",\"inLanguage\":\"es\",\"@id\":\"https:\\\/\\\/repliquemangacine.fr\\\/#\\\/schema\\\/logo\\\/image\\\/\",\"url\":\"https:\\\/\\\/repliquemangacine.fr\\\/wp-content\\\/uploads\\\/2023\\\/10\\\/RMC-500250.png\",\"contentUrl\":\"https:\\\/\\\/repliquemangacine.fr\\\/wp-content\\\/uploads\\\/2023\\\/10\\\/RMC-500250.png\",\"width\":500,\"height\":250,\"caption\":\"R\u00e9plique Manga Cin\u00e9\"},\"image\":{\"@id\":\"https:\\\/\\\/repliquemangacine.fr\\\/#\\\/schema\\\/logo\\\/image\\\/\"},\"sameAs\":[\"https:\\\/\\\/www.facebook.com\\\/RepliqueMangaCine\",\"https:\\\/\\\/www.instagram.com\\\/repliquemangacine.fr\\\/\"]}]}<\/script>\n<!-- \/ Yoast SEO plugin. -->","yoast_head_json":{"title":"Pistola de lat\u00f3n Pepperbox - R\u00e9plique Manga Cin\u00e9","description":"Descubra esta magn\u00edfica r\u00e9plica de la pistola Kolser Pepperbox Brass Pistol. Esta pistola Allen &amp; Thurber de 6 disparos es id\u00e9ntica a la original. 23 cm","robots":{"index":"index","follow":"follow","max-snippet":"max-snippet:-1","max-image-preview":"max-image-preview:large","max-video-preview":"max-video-preview:-1"},"canonical":"https:\/\/repliquemangacine.fr\/es\/replicas-de-armas-occidentales\/pistola-de-laton-pepperbox\/","og_locale":"es_ES","og_type":"article","og_title":"Pistolet Laiton Pepperbox - R\u00e9plique Manga Cin\u00e9","og_description":"D\u00e9couvrez cette superbe r\u00e9plique du Pistolet Laiton Pepperbox de la marque Kolser. Ce Allen & Thurber \u00e0 6 coups est \u00e0 l'identique de l'originale. 23cm","og_url":"https:\/\/repliquemangacine.fr\/es\/replicas-de-armas-occidentales\/pistola-de-laton-pepperbox\/","og_site_name":"R\u00e9plique Manga Cin\u00e9","article_publisher":"https:\/\/www.facebook.com\/RepliqueMangaCine","article_modified_time":"2026-04-20T15:51:58+00:00","og_image":[{"width":500,"height":500,"url":"https:\/\/repliquemangacine.fr\/wp-content\/uploads\/2024\/06\/Pistolet-pepperbox-laiton.jpg","type":"image\/jpeg"}],"twitter_card":"summary_large_image","twitter_misc":{"Tiempo de lectura":"3 minutos"},"schema":{"@context":"https:\/\/schema.org","@graph":[{"@type":"WebPage","@id":"https:\/\/repliquemangacine.fr\/western-repliques-armes\/pistolet-laiton-pepperbox\/","url":"https:\/\/repliquemangacine.fr\/western-repliques-armes\/pistolet-laiton-pepperbox\/","name":"Pistola de lat\u00f3n Pepperbox - R\u00e9plique Manga Cin\u00e9","isPartOf":{"@id":"https:\/\/repliquemangacine.fr\/#website"},"primaryImageOfPage":{"@id":"https:\/\/repliquemangacine.fr\/western-repliques-armes\/pistolet-laiton-pepperbox\/#primaryimage"},"image":{"@id":"https:\/\/repliquemangacine.fr\/western-repliques-armes\/pistolet-laiton-pepperbox\/#primaryimage"},"thumbnailUrl":"https:\/\/repliquemangacine.fr\/wp-content\/uploads\/2024\/06\/Pistolet-pepperbox-laiton.jpg","datePublished":"2024-06-11T17:41:28+00:00","dateModified":"2026-04-20T15:51:58+00:00","description":"Descubra esta magn\u00edfica r\u00e9plica de la pistola Kolser Pepperbox Brass Pistol. Esta pistola Allen &amp; Thurber de 6 disparos es id\u00e9ntica a la original. 23 cm","breadcrumb":{"@id":"https:\/\/repliquemangacine.fr\/western-repliques-armes\/pistolet-laiton-pepperbox\/#breadcrumb"},"inLanguage":"es","potentialAction":[{"@type":"ReadAction","target":["https:\/\/repliquemangacine.fr\/western-repliques-armes\/pistolet-laiton-pepperbox\/"]}]},{"@type":"ImageObject","inLanguage":"es","@id":"https:\/\/repliquemangacine.fr\/western-repliques-armes\/pistolet-laiton-pepperbox\/#primaryimage","url":"https:\/\/repliquemangacine.fr\/wp-content\/uploads\/2024\/06\/Pistolet-pepperbox-laiton.jpg","contentUrl":"https:\/\/repliquemangacine.fr\/wp-content\/uploads\/2024\/06\/Pistolet-pepperbox-laiton.jpg","width":500,"height":500,"caption":"Pistolet Laiton Pepperbox Kolser"},{"@type":"BreadcrumbList","@id":"https:\/\/repliquemangacine.fr\/western-repliques-armes\/pistolet-laiton-pepperbox\/#breadcrumb","itemListElement":[{"@type":"ListItem","position":1,"name":"Accueil","item":"https:\/\/repliquemangacine.fr\/"},{"@type":"ListItem","position":2,"name":"Produits","item":"https:\/\/repliquemangacine.fr\/boutique\/"},{"@type":"ListItem","position":3,"name":"Pistolet Laiton Pepperbox"}]},{"@type":"WebSite","@id":"https:\/\/repliquemangacine.fr\/#website","url":"https:\/\/repliquemangacine.fr\/","name":"R\u00e9plique Manga Cin\u00e9","description":"","publisher":{"@id":"https:\/\/repliquemangacine.fr\/#organization"},"potentialAction":[{"@type":"SearchAction","target":{"@type":"EntryPoint","urlTemplate":"https:\/\/repliquemangacine.fr\/?s={search_term_string}"},"query-input":{"@type":"PropertyValueSpecification","valueRequired":true,"valueName":"search_term_string"}}],"inLanguage":"es"},{"@type":"Organization","@id":"https:\/\/repliquemangacine.fr\/#organization","name":"R\u00e9plique Manga Cin\u00e9","url":"https:\/\/repliquemangacine.fr\/","logo":{"@type":"ImageObject","inLanguage":"es","@id":"https:\/\/repliquemangacine.fr\/#\/schema\/logo\/image\/","url":"https:\/\/repliquemangacine.fr\/wp-content\/uploads\/2023\/10\/RMC-500250.png","contentUrl":"https:\/\/repliquemangacine.fr\/wp-content\/uploads\/2023\/10\/RMC-500250.png","width":500,"height":250,"caption":"R\u00e9plique Manga Cin\u00e9"},"image":{"@id":"https:\/\/repliquemangacine.fr\/#\/schema\/logo\/image\/"},"sameAs":["https:\/\/www.facebook.com\/RepliqueMangaCine","https:\/\/www.instagram.com\/repliquemangacine.fr\/"]}]}},"_links":{"self":[{"href":"https:\/\/repliquemangacine.fr\/es\/wp-json\/wp\/v2\/product\/72675","targetHints":{"allow":["GET"]}}],"collection":[{"href":"https:\/\/repliquemangacine.fr\/es\/wp-json\/wp\/v2\/product"}],"about":[{"href":"https:\/\/repliquemangacine.fr\/es\/wp-json\/wp\/v2\/types\/product"}],"wp:featuredmedia":[{"embeddable":true,"href":"https:\/\/repliquemangacine.fr\/es\/wp-json\/wp\/v2\/media\/72677"}],"wp:attachment":[{"href":"https:\/\/repliquemangacine.fr\/es\/wp-json\/wp\/v2\/media?parent=72675"}],"wp:term":[{"taxonomy":"product_brand","embeddable":true,"href":"https:\/\/repliquemangacine.fr\/es\/wp-json\/wp\/v2\/product_brand?post=72675"},{"taxonomy":"product_cat","embeddable":true,"href":"https:\/\/repliquemangacine.fr\/es\/wp-json\/wp\/v2\/product_cat?post=72675"},{"taxonomy":"product_tag","embeddable":true,"href":"https:\/\/repliquemangacine.fr\/es\/wp-json\/wp\/v2\/product_tag?post=72675"}],"curies":[{"name":"wp","href":"https:\/\/api.w.org\/{rel}","templated":true}]}}