





{"id":72658,"date":"2024-06-11T16:45:42","date_gmt":"2024-06-11T14:45:42","guid":{"rendered":"https:\/\/repliquemangacine.fr\/?post_type=product&#038;p=72658"},"modified":"2025-12-18T08:58:49","modified_gmt":"2025-12-18T07:58:49","slug":"daquaman-tridente-210-cm-metal","status":"publish","type":"product","link":"https:\/\/repliquemangacine.fr\/es\/super-heros-marvel\/trident-daquaman-210-cm-metal\/","title":{"rendered":"Tridente de Aquaman 210 cm Metal"},"content":{"rendered":"<h2>Tridente de tres puntas de Aquaman - Edici\u00f3n dorada metalizada<\/h2>\n<p>En primer lugar, el tridente de Aquaman de 210 cm, r\u00e9plica id\u00e9ntica al utilizado por Arthur Curry, alias Jason Momoa. En primer lugar, el tridente de Atlan, tambi\u00e9n llamado Tridente Sagrado. Una antigua reliquia atlante forjada y utilizada originalmente por el rey Atlan. Siglos despu\u00e9s del exilio y la muerte del antiguo soberano, el tridente fue reclamado por uno de sus descendientes, Aquaman, para derrotar a Orm Marius.<\/p>\n<p>En lo que respecta a <a href=\"https:\/\/dc-extended-universe.fandom.com\/fr\/wiki\/Arthur_Curry\" target=\"_blank\" rel=\"noopener noreferrer\">Arthur Curry<\/a> Rey de Atlantis, hijo mayor de la reina Atlanna y medio hermano mayor de Orm Marius. Miembro de la Liga de la Justicia, as\u00ed como del superh\u00e9roe conocido en todo el mundo como Aquaman.<\/p>\n<p>Cabe destacar que, con solo 13 a\u00f1os, Arthur se sumerge y explora un pecio. Pero se queda atrapado en su interior. Tras unos segundos, se da cuenta de que probablemente se est\u00e1 ahogando y empieza a desmayarse. Al despertar, Arthur se da cuenta de que puede respirar bajo el agua. Es entonces cuando ve a un hombre nadando sobre \u00e9l. Se llama Nuidis Vulko. Se presenta como el consejero jefe del rey de Atlantis. Empieza a entrenarlo para que utilice sus habilidades atlantes. Para que, alg\u00fan d\u00eda, Arthur pueda ocupar su lugar como soberano leg\u00edtimo de Atlantis.<\/p>\n<h2>El tridente de Aquaman: s\u00edmbolo de poder y realeza<\/h2>\n<p>En las pel\u00edculas del universo DC, el tridente desempe\u00f1a un papel central y simb\u00f3lico. No se trata solo de un arma, sino de un artefacto legendario que confiere a su portador el derecho a reinar sobre los siete mares. Este tridente, que en su d\u00eda perteneci\u00f3 al rey Atlan, es un s\u00edmbolo de poder, realeza y legitimidad. Arthur Curry, alias Aquaman, debe encontrar este tridente para demostrar que es el verdadero rey de Atlantis.<\/p>\n<p>El viaje de Aquaman para recuperar el tridente es una prueba de valent\u00eda y determinaci\u00f3n. El tridente est\u00e1 escondido en el Mar Oculto, un lugar de dif\u00edcil acceso y custodiado por Karathen, una criatura m\u00edtica y temible. La b\u00fasqueda para recuperar el tridente pone de relieve las cualidades heroicas de Aquaman: su valent\u00eda, su perseverancia y su sentido del deber.<\/p>\n<p>El tridente de Aquaman no solo es simb\u00f3lico, sino que tambi\u00e9n tiene poderes incre\u00edbles. Le permite a Aquaman controlar el agua y las criaturas marinas, crear tsunamis y comunicarse con los habitantes del mar. Esta arma le da a Aquaman un poder sin igual. Le permite proteger Atlantis y mantener la paz entre los reinos submarinos y la superficie.<\/p>\n<h2>Explora otras armas legendarias del Universo DC<\/h2>\n<p>Por \u00faltimo, el Universo DC est\u00e1 lleno de personajes ic\u00f3nicos y armas legendarias que cautivan la imaginaci\u00f3n de los fans. Adem\u00e1s del tridente de Aquaman, nuestra colecci\u00f3n incluye otras r\u00e9plicas excepcionales.<\/p>\n<ul>\n<li>Descubre la<a href=\"https:\/\/repliquemangacine.fr\/es\/superheroes-marvel\/god-killer-wonder-woman-espada\/\">Espada God Killer<\/a> de la Mujer Maravilla, un arma majestuosa forjada para matar a los dioses, que simboliza la fuerza y la determinaci\u00f3n de la Amazona.<\/li>\n<li>Para los amantes del caos y las travesuras, el <a href=\"https:\/\/repliquemangacine.fr\/es\/superheroes-marvel\/el-baston-del-escuadron-suicida-del-joker\/\">Bast\u00f3n del Joker<\/a> es un accesorio imprescindible. Este accesorio, de dise\u00f1o extravagante y extravagante, refleja a la perfecci\u00f3n la exc\u00e9ntrica personalidad del Pr\u00edncipe Payaso del Crimen.<\/li>\n<li>Por \u00faltimo, el<a href=\"https:\/\/repliquemangacine.fr\/es\/superheroes-marvel\/bate-de-beisbol-harley-quinn\/\"> El bate de b\u00e9isbol de Harley Quinn<\/a>vista en \"Escuadr\u00f3n Suicida\", es imprescindible para cualquier coleccionista. Con sus ic\u00f3nicas marcas y su aspecto desgastado, esta r\u00e9plica captura el esp\u00edritu rebelde y el atrevimiento de Harley Quinn.<\/li>\n<\/ul>\n<p>En conclusi\u00f3n, cada una de estas piezas est\u00e1 dise\u00f1ada con una meticulosa atenci\u00f3n al detalle, lo que convierte a estas r\u00e9plicas en valiosas adiciones a cualquier colecci\u00f3n dedicada al Universo DC.<\/p>","protected":false},"excerpt":{"rendered":"<p>Magn\u00edfica r\u00e9plica a escala 1\/1 del tridente de Arthur Curry<\/p>\n<ul>\n<li>Todo metal<\/li>\n<li>Completamente cubierto de pintura dorada metalizada.<\/li>\n<li>Horquilla de tres puntas<\/li>\n<li>Se suministra desmontado en tres piezas con sistema de atornillado (herramientas incluidas)<\/li>\n<li>Longitud total: 210 cm - Peso: 5580 gr<\/li>\n<\/ul>","protected":false},"featured_media":72661,"template":"","meta":[],"product_brand":[896],"product_cat":[59],"product_tag":[],"class_list":{"0":"post-72658","1":"product","2":"type-product","3":"status-publish","4":"has-post-thumbnail","6":"product_brand-replique-manga-cine","7":"product_cat-super-heros-marvel","9":"first","10":"instock","11":"taxable","12":"shipping-taxable","13":"purchasable","14":"product-type-simple"},"yoast_head":"<!-- This site is optimized with the Yoast SEO plugin v27.4 - https:\/\/yoast.com\/product\/yoast-seo-wordpress\/ -->\n<title>Trident d&#039;Aquaman 210 cm M\u00e9tal - R\u00e9plique Manga Cin\u00e9<\/title>\n<meta name=\"description\" content=\"D\u00e9couvrez cette superbe r\u00e9plique du Trident d&#039;Aquaman 210 cm tout en m\u00e9tal. Recouvert de peinture m\u00e9tallis\u00e9e en or. Livr\u00e9 en trois parties. Poids : 5580 gr\" \/>\n<meta name=\"robots\" content=\"index, follow, max-snippet:-1, max-image-preview:large, max-video-preview:-1\" \/>\n<link rel=\"canonical\" href=\"https:\/\/repliquemangacine.fr\/es\/superheroes-marvel\/daquaman-tridente-210-cm-metal\/\" \/>\n<meta property=\"og:locale\" content=\"es_ES\" \/>\n<meta property=\"og:type\" content=\"article\" \/>\n<meta property=\"og:title\" content=\"Trident d&#039;Aquaman 210 cm M\u00e9tal - R\u00e9plique Manga Cin\u00e9\" \/>\n<meta property=\"og:description\" content=\"D\u00e9couvrez cette superbe r\u00e9plique du Trident d&#039;Aquaman 210 cm tout en m\u00e9tal. Recouvert de peinture m\u00e9tallis\u00e9e en or. Livr\u00e9 en trois parties. Poids : 5580 gr\" \/>\n<meta property=\"og:url\" content=\"https:\/\/repliquemangacine.fr\/es\/superheroes-marvel\/daquaman-tridente-210-cm-metal\/\" \/>\n<meta property=\"og:site_name\" content=\"R\u00e9plique Manga Cin\u00e9\" \/>\n<meta property=\"article:publisher\" content=\"https:\/\/www.facebook.com\/RepliqueMangaCine\" \/>\n<meta property=\"article:modified_time\" content=\"2025-12-18T07:58:49+00:00\" \/>\n<meta property=\"og:image\" content=\"https:\/\/repliquemangacine.fr\/wp-content\/uploads\/2024\/06\/Trident-aquaman-fourche.jpg\" \/>\n\t<meta property=\"og:image:width\" content=\"500\" \/>\n\t<meta property=\"og:image:height\" content=\"500\" \/>\n\t<meta property=\"og:image:type\" content=\"image\/jpeg\" \/>\n<meta name=\"twitter:card\" content=\"summary_large_image\" \/>\n<meta name=\"twitter:label1\" content=\"Tiempo de lectura\" \/>\n\t<meta name=\"twitter:data1\" content=\"4 minutos\" \/>\n<script type=\"application\/ld+json\" class=\"yoast-schema-graph\">{\"@context\":\"https:\\\/\\\/schema.org\",\"@graph\":[{\"@type\":\"WebPage\",\"@id\":\"https:\\\/\\\/repliquemangacine.fr\\\/super-heros-marvel\\\/trident-daquaman-210-cm-metal\\\/\",\"url\":\"https:\\\/\\\/repliquemangacine.fr\\\/super-heros-marvel\\\/trident-daquaman-210-cm-metal\\\/\",\"name\":\"Trident d'Aquaman 210 cm M\u00e9tal - R\u00e9plique Manga Cin\u00e9\",\"isPartOf\":{\"@id\":\"https:\\\/\\\/repliquemangacine.fr\\\/#website\"},\"primaryImageOfPage\":{\"@id\":\"https:\\\/\\\/repliquemangacine.fr\\\/super-heros-marvel\\\/trident-daquaman-210-cm-metal\\\/#primaryimage\"},\"image\":{\"@id\":\"https:\\\/\\\/repliquemangacine.fr\\\/super-heros-marvel\\\/trident-daquaman-210-cm-metal\\\/#primaryimage\"},\"thumbnailUrl\":\"https:\\\/\\\/repliquemangacine.fr\\\/wp-content\\\/uploads\\\/2024\\\/06\\\/Trident-aquaman-fourche.jpg\",\"datePublished\":\"2024-06-11T14:45:42+00:00\",\"dateModified\":\"2025-12-18T07:58:49+00:00\",\"description\":\"D\u00e9couvrez cette superbe r\u00e9plique du Trident d'Aquaman 210 cm tout en m\u00e9tal. Recouvert de peinture m\u00e9tallis\u00e9e en or. Livr\u00e9 en trois parties. Poids : 5580 gr\",\"breadcrumb\":{\"@id\":\"https:\\\/\\\/repliquemangacine.fr\\\/super-heros-marvel\\\/trident-daquaman-210-cm-metal\\\/#breadcrumb\"},\"inLanguage\":\"es\",\"potentialAction\":[{\"@type\":\"ReadAction\",\"target\":[\"https:\\\/\\\/repliquemangacine.fr\\\/super-heros-marvel\\\/trident-daquaman-210-cm-metal\\\/\"]}]},{\"@type\":\"ImageObject\",\"inLanguage\":\"es\",\"@id\":\"https:\\\/\\\/repliquemangacine.fr\\\/super-heros-marvel\\\/trident-daquaman-210-cm-metal\\\/#primaryimage\",\"url\":\"https:\\\/\\\/repliquemangacine.fr\\\/wp-content\\\/uploads\\\/2024\\\/06\\\/Trident-aquaman-fourche.jpg\",\"contentUrl\":\"https:\\\/\\\/repliquemangacine.fr\\\/wp-content\\\/uploads\\\/2024\\\/06\\\/Trident-aquaman-fourche.jpg\",\"width\":500,\"height\":500,\"caption\":\"Trident d'Aquaman 210 cm\"},{\"@type\":\"BreadcrumbList\",\"@id\":\"https:\\\/\\\/repliquemangacine.fr\\\/super-heros-marvel\\\/trident-daquaman-210-cm-metal\\\/#breadcrumb\",\"itemListElement\":[{\"@type\":\"ListItem\",\"position\":1,\"name\":\"Accueil\",\"item\":\"https:\\\/\\\/repliquemangacine.fr\\\/\"},{\"@type\":\"ListItem\",\"position\":2,\"name\":\"Produits\",\"item\":\"https:\\\/\\\/repliquemangacine.fr\\\/boutique\\\/\"},{\"@type\":\"ListItem\",\"position\":3,\"name\":\"Trident d&#8217;Aquaman 210 cm M\u00e9tal\"}]},{\"@type\":\"WebSite\",\"@id\":\"https:\\\/\\\/repliquemangacine.fr\\\/#website\",\"url\":\"https:\\\/\\\/repliquemangacine.fr\\\/\",\"name\":\"R\u00e9plique Manga Cin\u00e9\",\"description\":\"\",\"publisher\":{\"@id\":\"https:\\\/\\\/repliquemangacine.fr\\\/#organization\"},\"potentialAction\":[{\"@type\":\"SearchAction\",\"target\":{\"@type\":\"EntryPoint\",\"urlTemplate\":\"https:\\\/\\\/repliquemangacine.fr\\\/?s={search_term_string}\"},\"query-input\":{\"@type\":\"PropertyValueSpecification\",\"valueRequired\":true,\"valueName\":\"search_term_string\"}}],\"inLanguage\":\"es\"},{\"@type\":\"Organization\",\"@id\":\"https:\\\/\\\/repliquemangacine.fr\\\/#organization\",\"name\":\"R\u00e9plique Manga Cin\u00e9\",\"url\":\"https:\\\/\\\/repliquemangacine.fr\\\/\",\"logo\":{\"@type\":\"ImageObject\",\"inLanguage\":\"es\",\"@id\":\"https:\\\/\\\/repliquemangacine.fr\\\/#\\\/schema\\\/logo\\\/image\\\/\",\"url\":\"https:\\\/\\\/repliquemangacine.fr\\\/wp-content\\\/uploads\\\/2023\\\/10\\\/RMC-500250.png\",\"contentUrl\":\"https:\\\/\\\/repliquemangacine.fr\\\/wp-content\\\/uploads\\\/2023\\\/10\\\/RMC-500250.png\",\"width\":500,\"height\":250,\"caption\":\"R\u00e9plique Manga Cin\u00e9\"},\"image\":{\"@id\":\"https:\\\/\\\/repliquemangacine.fr\\\/#\\\/schema\\\/logo\\\/image\\\/\"},\"sameAs\":[\"https:\\\/\\\/www.facebook.com\\\/RepliqueMangaCine\",\"https:\\\/\\\/www.instagram.com\\\/repliquemangacine.fr\\\/\"]}]}<\/script>\n<!-- \/ Yoast SEO plugin. -->","yoast_head_json":{"title":"Tridente de Aquaman 210 cm Metal - R\u00e9plique Manga Cin\u00e9","description":"Descubre esta magn\u00edfica r\u00e9plica totalmente met\u00e1lica de 210 cm del Tridente de Aquaman. Recubierto de pintura metalizada dorada. Suministrado en tres partes. Peso : 5580 gr","robots":{"index":"index","follow":"follow","max-snippet":"max-snippet:-1","max-image-preview":"max-image-preview:large","max-video-preview":"max-video-preview:-1"},"canonical":"https:\/\/repliquemangacine.fr\/es\/superheroes-marvel\/daquaman-tridente-210-cm-metal\/","og_locale":"es_ES","og_type":"article","og_title":"Trident d'Aquaman 210 cm M\u00e9tal - R\u00e9plique Manga Cin\u00e9","og_description":"D\u00e9couvrez cette superbe r\u00e9plique du Trident d'Aquaman 210 cm tout en m\u00e9tal. Recouvert de peinture m\u00e9tallis\u00e9e en or. Livr\u00e9 en trois parties. Poids : 5580 gr","og_url":"https:\/\/repliquemangacine.fr\/es\/superheroes-marvel\/daquaman-tridente-210-cm-metal\/","og_site_name":"R\u00e9plique Manga Cin\u00e9","article_publisher":"https:\/\/www.facebook.com\/RepliqueMangaCine","article_modified_time":"2025-12-18T07:58:49+00:00","og_image":[{"width":500,"height":500,"url":"https:\/\/repliquemangacine.fr\/wp-content\/uploads\/2024\/06\/Trident-aquaman-fourche.jpg","type":"image\/jpeg"}],"twitter_card":"summary_large_image","twitter_misc":{"Tiempo de lectura":"4 minutos"},"schema":{"@context":"https:\/\/schema.org","@graph":[{"@type":"WebPage","@id":"https:\/\/repliquemangacine.fr\/super-heros-marvel\/trident-daquaman-210-cm-metal\/","url":"https:\/\/repliquemangacine.fr\/super-heros-marvel\/trident-daquaman-210-cm-metal\/","name":"Tridente de Aquaman 210 cm Metal - R\u00e9plique Manga Cin\u00e9","isPartOf":{"@id":"https:\/\/repliquemangacine.fr\/#website"},"primaryImageOfPage":{"@id":"https:\/\/repliquemangacine.fr\/super-heros-marvel\/trident-daquaman-210-cm-metal\/#primaryimage"},"image":{"@id":"https:\/\/repliquemangacine.fr\/super-heros-marvel\/trident-daquaman-210-cm-metal\/#primaryimage"},"thumbnailUrl":"https:\/\/repliquemangacine.fr\/wp-content\/uploads\/2024\/06\/Trident-aquaman-fourche.jpg","datePublished":"2024-06-11T14:45:42+00:00","dateModified":"2025-12-18T07:58:49+00:00","description":"Descubre esta magn\u00edfica r\u00e9plica totalmente met\u00e1lica de 210 cm del Tridente de Aquaman. Recubierto de pintura metalizada dorada. Suministrado en tres partes. Peso : 5580 gr","breadcrumb":{"@id":"https:\/\/repliquemangacine.fr\/super-heros-marvel\/trident-daquaman-210-cm-metal\/#breadcrumb"},"inLanguage":"es","potentialAction":[{"@type":"ReadAction","target":["https:\/\/repliquemangacine.fr\/super-heros-marvel\/trident-daquaman-210-cm-metal\/"]}]},{"@type":"ImageObject","inLanguage":"es","@id":"https:\/\/repliquemangacine.fr\/super-heros-marvel\/trident-daquaman-210-cm-metal\/#primaryimage","url":"https:\/\/repliquemangacine.fr\/wp-content\/uploads\/2024\/06\/Trident-aquaman-fourche.jpg","contentUrl":"https:\/\/repliquemangacine.fr\/wp-content\/uploads\/2024\/06\/Trident-aquaman-fourche.jpg","width":500,"height":500,"caption":"Trident d'Aquaman 210 cm"},{"@type":"BreadcrumbList","@id":"https:\/\/repliquemangacine.fr\/super-heros-marvel\/trident-daquaman-210-cm-metal\/#breadcrumb","itemListElement":[{"@type":"ListItem","position":1,"name":"Accueil","item":"https:\/\/repliquemangacine.fr\/"},{"@type":"ListItem","position":2,"name":"Produits","item":"https:\/\/repliquemangacine.fr\/boutique\/"},{"@type":"ListItem","position":3,"name":"Trident d&#8217;Aquaman 210 cm M\u00e9tal"}]},{"@type":"WebSite","@id":"https:\/\/repliquemangacine.fr\/#website","url":"https:\/\/repliquemangacine.fr\/","name":"R\u00e9plique Manga Cin\u00e9","description":"","publisher":{"@id":"https:\/\/repliquemangacine.fr\/#organization"},"potentialAction":[{"@type":"SearchAction","target":{"@type":"EntryPoint","urlTemplate":"https:\/\/repliquemangacine.fr\/?s={search_term_string}"},"query-input":{"@type":"PropertyValueSpecification","valueRequired":true,"valueName":"search_term_string"}}],"inLanguage":"es"},{"@type":"Organization","@id":"https:\/\/repliquemangacine.fr\/#organization","name":"R\u00e9plique Manga Cin\u00e9","url":"https:\/\/repliquemangacine.fr\/","logo":{"@type":"ImageObject","inLanguage":"es","@id":"https:\/\/repliquemangacine.fr\/#\/schema\/logo\/image\/","url":"https:\/\/repliquemangacine.fr\/wp-content\/uploads\/2023\/10\/RMC-500250.png","contentUrl":"https:\/\/repliquemangacine.fr\/wp-content\/uploads\/2023\/10\/RMC-500250.png","width":500,"height":250,"caption":"R\u00e9plique Manga Cin\u00e9"},"image":{"@id":"https:\/\/repliquemangacine.fr\/#\/schema\/logo\/image\/"},"sameAs":["https:\/\/www.facebook.com\/RepliqueMangaCine","https:\/\/www.instagram.com\/repliquemangacine.fr\/"]}]}},"_links":{"self":[{"href":"https:\/\/repliquemangacine.fr\/es\/wp-json\/wp\/v2\/product\/72658","targetHints":{"allow":["GET"]}}],"collection":[{"href":"https:\/\/repliquemangacine.fr\/es\/wp-json\/wp\/v2\/product"}],"about":[{"href":"https:\/\/repliquemangacine.fr\/es\/wp-json\/wp\/v2\/types\/product"}],"wp:featuredmedia":[{"embeddable":true,"href":"https:\/\/repliquemangacine.fr\/es\/wp-json\/wp\/v2\/media\/72661"}],"wp:attachment":[{"href":"https:\/\/repliquemangacine.fr\/es\/wp-json\/wp\/v2\/media?parent=72658"}],"wp:term":[{"taxonomy":"product_brand","embeddable":true,"href":"https:\/\/repliquemangacine.fr\/es\/wp-json\/wp\/v2\/product_brand?post=72658"},{"taxonomy":"product_cat","embeddable":true,"href":"https:\/\/repliquemangacine.fr\/es\/wp-json\/wp\/v2\/product_cat?post=72658"},{"taxonomy":"product_tag","embeddable":true,"href":"https:\/\/repliquemangacine.fr\/es\/wp-json\/wp\/v2\/product_tag?post=72658"}],"curies":[{"name":"wp","href":"https:\/\/api.w.org\/{rel}","templated":true}]}}