





{"id":71829,"date":"2024-05-09T15:05:48","date_gmt":"2024-05-09T13:05:48","guid":{"rendered":"https:\/\/repliquemangacine.fr\/?post_type=product&#038;p=71829"},"modified":"2025-12-10T15:45:40","modified_gmt":"2025-12-10T14:45:40","slug":"pistola-derringer-kolser","status":"publish","type":"product","link":"https:\/\/repliquemangacine.fr\/es\/western-repliques-armes\/pistolet-derringer-kolser\/","title":{"rendered":"Pistola Derringer Kolser"},"content":{"rendered":"<h2>Pistola Derringer Kolser: fiel reproducci\u00f3n hist\u00f3rica<\/h2>\n<p>En primer lugar, la pistola Kolser Derringer, una fiel reproducci\u00f3n de la famosa pistola original de Remington Arms, conocida por su fabricaci\u00f3n entre 1866 y 1935. Cabe destacar que la historia de la Derringer se hizo famosa tras el asesinato del presidente Lincoln.<\/p>\n<p>La Remington Derringer, conocida oficialmente como Remington Modelo 95, se introdujo por primera vez en 1866. Este modelo fue desarrollado por Remington &amp; Sons, un importante fabricante estadounidense de armas de fuego. Aunque el nombre \u201cDerringer\u201d deriva de las pistolas de Henry Deringer. Remington populariz\u00f3 el formato con su modelo basculante de doble ca\u00f1\u00f3n. Se ha convertido en el emblema de la categor\u00eda Derringer.<\/p>\n<p>En definitiva, la Derringer de 1866, una pistola ic\u00f3nica que marc\u00f3 la historia de las armas de fuego por su dise\u00f1o compacto y su discreci\u00f3n. Su funcionalidad la hace ideal para los amantes de las armas hist\u00f3ricas o los coleccionistas. Adem\u00e1s, sigue siendo un s\u00edmbolo cl\u00e1sico de la \u00e9poca del Oeste.<\/p>\n<h2>Pistola Derringer Kolser: funcionalidad y dise\u00f1o compacto<\/h2>\n<p>Para empezar, la Derringer de 1866, una emblem\u00e1tica pistola de bolsillo que a menudo se asocia con las discretas armas de defensa personal del siglo XIX. He aqu\u00ed algunos datos clave sobre esta pistola:<\/p>\n<ul>\n<li>Dise\u00f1o: La Remington Modelo 95, conocida por su dise\u00f1o de doble ca\u00f1\u00f3n. Los ca\u00f1ones giran hacia un lado para recargar, una caracter\u00edstica innovadora para la \u00e9poca.<\/li>\n<li>Calibre: Generalmente con rec\u00e1mara .41 Rimfire, un calibre relativamente peque\u00f1o. Adecuado para un uso a muy corta distancia, t\u00edpico de las situaciones de defensa personal.<\/li>\n<li>Dise\u00f1o compacto: Un arma muy compacta, con una culata sin empu\u00f1adura real, lo que facilita su ocultaci\u00f3n.<\/li>\n<li>Uso: La Derringer era principalmente un arma de defensa personal, dise\u00f1ada para situaciones de cuerpo a cuerpo. Tambi\u00e9n hay que decir que las mujeres la utilizaban como arma de defensa personal porque era f\u00e1cil de ocultar en el bolso.<\/li>\n<\/ul>\n<p>En conclusi\u00f3n, la pistola Derringer sigue siendo muy popular entre coleccionistas y entusiastas de las armas.<\/p>\n<h2>R\u00e9plicas de armas Kolser: Calidad \/ precio garantizados<\/h2>\n<p>Como ya sabe, en R\u00e9plique Manga Cin\u00e9 nos comprometemos a distribuir productos de calidad a los mejores precios. Hemos elegido las dos marcas l\u00edderes en r\u00e9plicas de pistolas, entre ellas <a href=\"https:\/\/kolser.com\/fr\/\" target=\"_blank\" rel=\"noopener noreferrer\">Kolser<\/a> es una de ellas. La calidad de los acabados de esta marca es incuestionable. Por eso estamos ampliando nuestro cat\u00e1logo para incluir cada vez m\u00e1s productos suyos. He aqu\u00ed algunos ejemplos:<\/p>\n<ul>\n<li>La <a href=\"https:\/\/repliquemangacine.fr\/es\/pistola-kolser\/mares-leg-55cm-grey-kolser\/\">Pierna de yegua Winchester<\/a> por Josh Randall y con expulsi\u00f3n de bala. Disponible en varias versiones.<\/li>\n<li>Tambi\u00e9n existe la <a href=\"https:\/\/repliquemangacine.fr\/es\/pistola-kolser\/colt-navy-1851-laton\/\">Colt Navy 1851<\/a>Versi\u00f3n en lat\u00f3n. Tambi\u00e9n disponible en varias versiones<\/li>\n<li>As\u00ed como el <a href=\"https:\/\/repliquemangacine.fr\/es\/pistola-kolser\/culata-de-nacar-colt-thunderer\/\">potro Thunderer<\/a> y su culata de n\u00e1car. Varios modelos<\/li>\n<li>Y no nos olvidemos de las balas ficticias especiales para rifles Colt y Kolser, que le dan la opci\u00f3n de utilizar un cebador de petardo para conseguir un efecto a\u00fan m\u00e1s realista.<\/li>\n<\/ul>\n<p>&nbsp;<\/p>","protected":false},"excerpt":{"rendered":"<p>Magn\u00edfica r\u00e9plica id\u00e9ntica de la pistola Kolser Derringer<\/p>\n<ul>\n<li>Armaz\u00f3n de metal envejecido, niquelado o patinado, seg\u00fan el modelo<\/li>\n<li>Imitaci\u00f3n de marfil, perla, Abs y madera.<\/li>\n<li>Barril doble<\/li>\n<li>Mecanismo funcional<\/li>\n<li>Se suministra con 2 bolas ficticias<strong><br \/>\n<\/strong><\/li>\n<\/ul>\n<p><iframe title=\"Reproductor de v\u00eddeo YouTube\" src=\"https:\/\/www.youtube.com\/embed\/7KAdvrK6NQw?si=W5D00lRigU-i6B8X\" width=\"560\" height=\"315\" frameborder=\"0\" allowfullscreen=\"allowfullscreen\"><\/iframe><\/p>","protected":false},"featured_media":71889,"template":"","meta":[],"product_brand":[896],"product_cat":[100,34,33,77,64],"product_tag":[],"class_list":{"0":"post-71829","1":"product","2":"type-product","3":"status-publish","4":"has-post-thumbnail","6":"product_brand-replique-manga-cine","7":"product_cat-arme-kolser","8":"product_cat-armes-westerns","9":"product_cat-colt-pistolet","10":"product_cat-colt-revolver-western","11":"product_cat-western-repliques-armes","13":"first","14":"outofstock","15":"taxable","16":"shipping-taxable","17":"purchasable","18":"product-type-variable"},"yoast_head":"<!-- This site is optimized with the Yoast SEO plugin v27.5 - https:\/\/yoast.com\/product\/yoast-seo-wordpress\/ -->\n<title>Pistolet Derringer Kolser - Reproductions Armes Westerns - RMC<\/title>\n<meta name=\"description\" content=\"D\u00e9couvrez notre derni\u00e8re nouveaut\u00e9, le Pistolet Derringer de Kolser. M\u00e9canismes fonctionnels. Existe en plusieurs versions. Livr\u00e9 avec 2 balles factices.\" \/>\n<meta name=\"robots\" content=\"index, follow, max-snippet:-1, max-image-preview:large, max-video-preview:-1\" \/>\n<link rel=\"canonical\" href=\"https:\/\/repliquemangacine.fr\/es\/replicas-de-armas-occidentales\/pistola-derringer-kolser\/\" \/>\n<meta property=\"og:locale\" content=\"es_ES\" \/>\n<meta property=\"og:type\" content=\"article\" \/>\n<meta property=\"og:title\" content=\"Pistolet Derringer Kolser - Reproductions Armes Westerns - RMC\" \/>\n<meta property=\"og:description\" content=\"D\u00e9couvrez notre derni\u00e8re nouveaut\u00e9, le Pistolet Derringer de Kolser. M\u00e9canismes fonctionnels. Existe en plusieurs versions. Livr\u00e9 avec 2 balles factices.\" \/>\n<meta property=\"og:url\" content=\"https:\/\/repliquemangacine.fr\/es\/replicas-de-armas-occidentales\/pistola-derringer-kolser\/\" \/>\n<meta property=\"og:site_name\" content=\"R\u00e9plique Manga Cin\u00e9\" \/>\n<meta property=\"article:publisher\" content=\"https:\/\/www.facebook.com\/RepliqueMangaCine\" \/>\n<meta property=\"article:modified_time\" content=\"2025-12-10T14:45:40+00:00\" \/>\n<meta property=\"og:image\" content=\"https:\/\/repliquemangacine.fr\/wp-content\/uploads\/2024\/05\/8752M.jpg\" \/>\n\t<meta property=\"og:image:width\" content=\"500\" \/>\n\t<meta property=\"og:image:height\" content=\"500\" \/>\n\t<meta property=\"og:image:type\" content=\"image\/jpeg\" \/>\n<meta name=\"twitter:card\" content=\"summary_large_image\" \/>\n<meta name=\"twitter:label1\" content=\"Tiempo de lectura\" \/>\n\t<meta name=\"twitter:data1\" content=\"3 minutos\" \/>\n<script type=\"application\/ld+json\" class=\"yoast-schema-graph\">{\"@context\":\"https:\\\/\\\/schema.org\",\"@graph\":[{\"@type\":\"WebPage\",\"@id\":\"https:\\\/\\\/repliquemangacine.fr\\\/western-repliques-armes\\\/pistolet-derringer-kolser\\\/\",\"url\":\"https:\\\/\\\/repliquemangacine.fr\\\/western-repliques-armes\\\/pistolet-derringer-kolser\\\/\",\"name\":\"Pistolet Derringer Kolser - Reproductions Armes Westerns - RMC\",\"isPartOf\":{\"@id\":\"https:\\\/\\\/repliquemangacine.fr\\\/#website\"},\"primaryImageOfPage\":{\"@id\":\"https:\\\/\\\/repliquemangacine.fr\\\/western-repliques-armes\\\/pistolet-derringer-kolser\\\/#primaryimage\"},\"image\":{\"@id\":\"https:\\\/\\\/repliquemangacine.fr\\\/western-repliques-armes\\\/pistolet-derringer-kolser\\\/#primaryimage\"},\"thumbnailUrl\":\"https:\\\/\\\/repliquemangacine.fr\\\/wp-content\\\/uploads\\\/2024\\\/05\\\/8752M.jpg\",\"datePublished\":\"2024-05-09T13:05:48+00:00\",\"dateModified\":\"2025-12-10T14:45:40+00:00\",\"description\":\"D\u00e9couvrez notre derni\u00e8re nouveaut\u00e9, le Pistolet Derringer de Kolser. M\u00e9canismes fonctionnels. Existe en plusieurs versions. Livr\u00e9 avec 2 balles factices.\",\"breadcrumb\":{\"@id\":\"https:\\\/\\\/repliquemangacine.fr\\\/western-repliques-armes\\\/pistolet-derringer-kolser\\\/#breadcrumb\"},\"inLanguage\":\"es\",\"potentialAction\":[{\"@type\":\"ReadAction\",\"target\":[\"https:\\\/\\\/repliquemangacine.fr\\\/western-repliques-armes\\\/pistolet-derringer-kolser\\\/\"]}]},{\"@type\":\"ImageObject\",\"inLanguage\":\"es\",\"@id\":\"https:\\\/\\\/repliquemangacine.fr\\\/western-repliques-armes\\\/pistolet-derringer-kolser\\\/#primaryimage\",\"url\":\"https:\\\/\\\/repliquemangacine.fr\\\/wp-content\\\/uploads\\\/2024\\\/05\\\/8752M.jpg\",\"contentUrl\":\"https:\\\/\\\/repliquemangacine.fr\\\/wp-content\\\/uploads\\\/2024\\\/05\\\/8752M.jpg\",\"width\":500,\"height\":500,\"caption\":\"Pistolet Derringer Kolser Crosse ivoire m\u00e9tal patin\u00e9\"},{\"@type\":\"BreadcrumbList\",\"@id\":\"https:\\\/\\\/repliquemangacine.fr\\\/western-repliques-armes\\\/pistolet-derringer-kolser\\\/#breadcrumb\",\"itemListElement\":[{\"@type\":\"ListItem\",\"position\":1,\"name\":\"Accueil\",\"item\":\"https:\\\/\\\/repliquemangacine.fr\\\/\"},{\"@type\":\"ListItem\",\"position\":2,\"name\":\"Produits\",\"item\":\"https:\\\/\\\/repliquemangacine.fr\\\/boutique\\\/\"},{\"@type\":\"ListItem\",\"position\":3,\"name\":\"Pistolet Derringer Kolser\"}]},{\"@type\":\"WebSite\",\"@id\":\"https:\\\/\\\/repliquemangacine.fr\\\/#website\",\"url\":\"https:\\\/\\\/repliquemangacine.fr\\\/\",\"name\":\"R\u00e9plique Manga Cin\u00e9\",\"description\":\"\",\"publisher\":{\"@id\":\"https:\\\/\\\/repliquemangacine.fr\\\/#organization\"},\"potentialAction\":[{\"@type\":\"SearchAction\",\"target\":{\"@type\":\"EntryPoint\",\"urlTemplate\":\"https:\\\/\\\/repliquemangacine.fr\\\/?s={search_term_string}\"},\"query-input\":{\"@type\":\"PropertyValueSpecification\",\"valueRequired\":true,\"valueName\":\"search_term_string\"}}],\"inLanguage\":\"es\"},{\"@type\":\"Organization\",\"@id\":\"https:\\\/\\\/repliquemangacine.fr\\\/#organization\",\"name\":\"R\u00e9plique Manga Cin\u00e9\",\"url\":\"https:\\\/\\\/repliquemangacine.fr\\\/\",\"logo\":{\"@type\":\"ImageObject\",\"inLanguage\":\"es\",\"@id\":\"https:\\\/\\\/repliquemangacine.fr\\\/#\\\/schema\\\/logo\\\/image\\\/\",\"url\":\"https:\\\/\\\/repliquemangacine.fr\\\/wp-content\\\/uploads\\\/2023\\\/10\\\/RMC-500250.png\",\"contentUrl\":\"https:\\\/\\\/repliquemangacine.fr\\\/wp-content\\\/uploads\\\/2023\\\/10\\\/RMC-500250.png\",\"width\":500,\"height\":250,\"caption\":\"R\u00e9plique Manga Cin\u00e9\"},\"image\":{\"@id\":\"https:\\\/\\\/repliquemangacine.fr\\\/#\\\/schema\\\/logo\\\/image\\\/\"},\"sameAs\":[\"https:\\\/\\\/www.facebook.com\\\/RepliqueMangaCine\",\"https:\\\/\\\/www.instagram.com\\\/repliquemangacine.fr\\\/\"]}]}<\/script>\n<!-- \/ Yoast SEO plugin. -->","yoast_head_json":{"title":"Pistola Derringer Kolser - Reproducci\u00f3n Armas Westerns - RMC","description":"Descubra nuestra \u00faltima innovaci\u00f3n, la pistola Kolser Derringer. Mecanismos funcionales. Disponible en varias versiones. Se suministra con 2 balas de prueba.","robots":{"index":"index","follow":"follow","max-snippet":"max-snippet:-1","max-image-preview":"max-image-preview:large","max-video-preview":"max-video-preview:-1"},"canonical":"https:\/\/repliquemangacine.fr\/es\/replicas-de-armas-occidentales\/pistola-derringer-kolser\/","og_locale":"es_ES","og_type":"article","og_title":"Pistolet Derringer Kolser - Reproductions Armes Westerns - RMC","og_description":"D\u00e9couvrez notre derni\u00e8re nouveaut\u00e9, le Pistolet Derringer de Kolser. M\u00e9canismes fonctionnels. Existe en plusieurs versions. Livr\u00e9 avec 2 balles factices.","og_url":"https:\/\/repliquemangacine.fr\/es\/replicas-de-armas-occidentales\/pistola-derringer-kolser\/","og_site_name":"R\u00e9plique Manga Cin\u00e9","article_publisher":"https:\/\/www.facebook.com\/RepliqueMangaCine","article_modified_time":"2025-12-10T14:45:40+00:00","og_image":[{"width":500,"height":500,"url":"https:\/\/repliquemangacine.fr\/wp-content\/uploads\/2024\/05\/8752M.jpg","type":"image\/jpeg"}],"twitter_card":"summary_large_image","twitter_misc":{"Tiempo de lectura":"3 minutos"},"schema":{"@context":"https:\/\/schema.org","@graph":[{"@type":"WebPage","@id":"https:\/\/repliquemangacine.fr\/western-repliques-armes\/pistolet-derringer-kolser\/","url":"https:\/\/repliquemangacine.fr\/western-repliques-armes\/pistolet-derringer-kolser\/","name":"Pistola Derringer Kolser - Reproducci\u00f3n Armas Westerns - RMC","isPartOf":{"@id":"https:\/\/repliquemangacine.fr\/#website"},"primaryImageOfPage":{"@id":"https:\/\/repliquemangacine.fr\/western-repliques-armes\/pistolet-derringer-kolser\/#primaryimage"},"image":{"@id":"https:\/\/repliquemangacine.fr\/western-repliques-armes\/pistolet-derringer-kolser\/#primaryimage"},"thumbnailUrl":"https:\/\/repliquemangacine.fr\/wp-content\/uploads\/2024\/05\/8752M.jpg","datePublished":"2024-05-09T13:05:48+00:00","dateModified":"2025-12-10T14:45:40+00:00","description":"Descubra nuestra \u00faltima innovaci\u00f3n, la pistola Kolser Derringer. Mecanismos funcionales. Disponible en varias versiones. Se suministra con 2 balas de prueba.","breadcrumb":{"@id":"https:\/\/repliquemangacine.fr\/western-repliques-armes\/pistolet-derringer-kolser\/#breadcrumb"},"inLanguage":"es","potentialAction":[{"@type":"ReadAction","target":["https:\/\/repliquemangacine.fr\/western-repliques-armes\/pistolet-derringer-kolser\/"]}]},{"@type":"ImageObject","inLanguage":"es","@id":"https:\/\/repliquemangacine.fr\/western-repliques-armes\/pistolet-derringer-kolser\/#primaryimage","url":"https:\/\/repliquemangacine.fr\/wp-content\/uploads\/2024\/05\/8752M.jpg","contentUrl":"https:\/\/repliquemangacine.fr\/wp-content\/uploads\/2024\/05\/8752M.jpg","width":500,"height":500,"caption":"Pistolet Derringer Kolser Crosse ivoire m\u00e9tal patin\u00e9"},{"@type":"BreadcrumbList","@id":"https:\/\/repliquemangacine.fr\/western-repliques-armes\/pistolet-derringer-kolser\/#breadcrumb","itemListElement":[{"@type":"ListItem","position":1,"name":"Accueil","item":"https:\/\/repliquemangacine.fr\/"},{"@type":"ListItem","position":2,"name":"Produits","item":"https:\/\/repliquemangacine.fr\/boutique\/"},{"@type":"ListItem","position":3,"name":"Pistolet Derringer Kolser"}]},{"@type":"WebSite","@id":"https:\/\/repliquemangacine.fr\/#website","url":"https:\/\/repliquemangacine.fr\/","name":"R\u00e9plique Manga Cin\u00e9","description":"","publisher":{"@id":"https:\/\/repliquemangacine.fr\/#organization"},"potentialAction":[{"@type":"SearchAction","target":{"@type":"EntryPoint","urlTemplate":"https:\/\/repliquemangacine.fr\/?s={search_term_string}"},"query-input":{"@type":"PropertyValueSpecification","valueRequired":true,"valueName":"search_term_string"}}],"inLanguage":"es"},{"@type":"Organization","@id":"https:\/\/repliquemangacine.fr\/#organization","name":"R\u00e9plique Manga Cin\u00e9","url":"https:\/\/repliquemangacine.fr\/","logo":{"@type":"ImageObject","inLanguage":"es","@id":"https:\/\/repliquemangacine.fr\/#\/schema\/logo\/image\/","url":"https:\/\/repliquemangacine.fr\/wp-content\/uploads\/2023\/10\/RMC-500250.png","contentUrl":"https:\/\/repliquemangacine.fr\/wp-content\/uploads\/2023\/10\/RMC-500250.png","width":500,"height":250,"caption":"R\u00e9plique Manga Cin\u00e9"},"image":{"@id":"https:\/\/repliquemangacine.fr\/#\/schema\/logo\/image\/"},"sameAs":["https:\/\/www.facebook.com\/RepliqueMangaCine","https:\/\/www.instagram.com\/repliquemangacine.fr\/"]}]}},"_links":{"self":[{"href":"https:\/\/repliquemangacine.fr\/es\/wp-json\/wp\/v2\/product\/71829","targetHints":{"allow":["GET"]}}],"collection":[{"href":"https:\/\/repliquemangacine.fr\/es\/wp-json\/wp\/v2\/product"}],"about":[{"href":"https:\/\/repliquemangacine.fr\/es\/wp-json\/wp\/v2\/types\/product"}],"wp:featuredmedia":[{"embeddable":true,"href":"https:\/\/repliquemangacine.fr\/es\/wp-json\/wp\/v2\/media\/71889"}],"wp:attachment":[{"href":"https:\/\/repliquemangacine.fr\/es\/wp-json\/wp\/v2\/media?parent=71829"}],"wp:term":[{"taxonomy":"product_brand","embeddable":true,"href":"https:\/\/repliquemangacine.fr\/es\/wp-json\/wp\/v2\/product_brand?post=71829"},{"taxonomy":"product_cat","embeddable":true,"href":"https:\/\/repliquemangacine.fr\/es\/wp-json\/wp\/v2\/product_cat?post=71829"},{"taxonomy":"product_tag","embeddable":true,"href":"https:\/\/repliquemangacine.fr\/es\/wp-json\/wp\/v2\/product_tag?post=71829"}],"curies":[{"name":"wp","href":"https:\/\/api.w.org\/{rel}","templated":true}]}}