





{"id":71656,"date":"2024-04-30T18:46:42","date_gmt":"2024-04-30T16:46:42","guid":{"rendered":"https:\/\/repliquemangacine.fr\/?post_type=product&#038;p=71656"},"modified":"2026-02-28T06:06:32","modified_gmt":"2026-02-28T05:06:32","slug":"freydis-espada-vikingos-valhalla","status":"publish","type":"product","link":"https:\/\/repliquemangacine.fr\/es\/armes-et-accessoires-vikings\/epee-de-freydis-vikings-valhalla\/","title":{"rendered":"Espada Vikings Valhalla Freydis"},"content":{"rendered":"<h2>Espada de Freydis - Vikings Valhalla<\/h2>\n<p>En primer lugar, el<strong>Espada de Freydis<\/strong> en Viking Valhalla, una pieza imprescindible en tu colecci\u00f3n.<\/p>\n<p>Personaje clave en la serie \u201c<a href=\"https:\/\/vikings.fandom.com\/fr\/wiki\/Vikings:_Valhalla\" target=\"_blank\" rel=\"noopener noreferrer\">Vikingos: Valhalla<\/a>\u201c, continuaci\u00f3n de la serie original \u201cVikings\u201d. Freydis, una feroz guerrera pagana y ferviente creyente de los antiguos dioses n\u00f3rdicos. Descrita como una luchadora excepcional con un fuerte sentido de la justicia. As\u00ed como una determinaci\u00f3n para defender su fe y su pueblo contra las amenazas, en particular el avance del cristianismo.<\/p>\n<p>Su personaje est\u00e1 inspirado en figuras hist\u00f3ricas y legendarias de la \u00e9poca vikinga. Pero con libertades creativas para la adaptaci\u00f3n televisiva. En la serie, atraviesa numerosas pruebas que ponen a prueba su fe, su coraje y su capacidad para unir y liderar a las personas que la rodean. Freydis es un personaje complejo cuyas luchas y \u00e9xitos a menudo cautivan la atenci\u00f3n de los espectadores, lo que la convierte en un pilar esencial de \u201cVikings: Valhalla\u201d.<\/p>\n<h2>Su Espada Freydis al mejor precio.<\/h2>\n<p>Le ofrecemos una amplia selecci\u00f3n de espadas hist\u00f3ricas vikingas.<\/p>\n<p>Lo primero y m\u00e1s importante,<\/p>\n<ul>\n<li>El famoso <a href=\"https:\/\/repliquemangacine.fr\/es\/espadas-serie-vikingos\/replica-de-la-espada-del-rey-ragnar-lothbrok-de-la-serie-de-tv-vikingos\/\">La espada de Ragnar Lothbrok<\/a> en la serie Vikings<\/li>\n<li>Tambi\u00e9n existe la<a href=\"https:\/\/repliquemangacine.fr\/es\/espadas-serie-vikingos\/espada-vikinga-con-empunadura-de-bronce\/\">La espada de Harald Sigurdsson<\/a> en el Valhalla de los vikingos<\/li>\n<li>Adem\u00e1s de los dos <a href=\"https:\/\/repliquemangacine.fr\/es\/armas-de-assassins-creed\/hachas-assassins-creed-valhalla\/\">Ejes Eivor<\/a> en Assassin's Creed Valhalla.<\/li>\n<li>Y mucho m\u00e1s por descubrir en nuestra tienda en l\u00ednea.<\/li>\n<\/ul>\n<p>Por eso son unas ideas de regalo estupendas para todos los fans de los Vikingos. En conclusi\u00f3n <strong>Espada de Freydis<\/strong> para sus recreaciones hist\u00f3ricas. Pero, sobre todo, es una pieza de coleccionista y una pieza decorativa.<\/p>\n<h2>\u00bfC\u00f3mo mantengo la hoja de mi espada?<\/h2>\n<p>Las espadas de colecci\u00f3n y decorativas se fabrican y ensamblan de forma simplificada. Dado que su uso es decorativo, no cuentan con los elementos de seguridad exigidos a una espada japonesa destinada al entrenamiento. Sin embargo, su <strong>Espada de Freydis<\/strong> a una hoja de acero que hay que mantener para evitar que se da\u00f1e con el tiempo. Cuando exponga su espada, sus amigos sentir\u00e1n curiosidad por ver la hoja y tocarla. Aqu\u00ed es donde hay que tener cuidado, porque la acidez de los dedos es muy perjudicial para el acero, sea cual sea su calidad. Sin embargo, si esto ocurre, no te asustes, simplemente utiliza un pa\u00f1o humedecido con un poco de aceite y limpia las huellas dactilares. Si haces esto, tu espada durar\u00e1 mucho tiempo.<\/p>","protected":false},"excerpt":{"rendered":"<p>Magn\u00edfica r\u00e9plica de la Espada de Freydis en Vikings: Valhalla<\/p>\n<ul>\n<li>Hoja de acero con runas grabadas.<\/li>\n<li>Asa revestida de cuero<\/li>\n<li>Empu\u00f1adura y pomo de acero antiguo<\/li>\n<li>Se suministra con soporte mural con el logotipo de la serie<\/li>\n<li>Longitud de la hoja: 82 cm - Longitud total: 105 cm<\/li>\n<li>Peso : 1210 gr<\/li>\n<\/ul>","protected":false},"featured_media":71665,"template":"","meta":[],"product_brand":[896],"product_cat":[112,103,57],"product_tag":[],"class_list":{"0":"post-71656","1":"product","2":"type-product","3":"status-publish","4":"has-post-thumbnail","6":"product_brand-replique-manga-cine","7":"product_cat-epees-serie-tv-vikings","8":"product_cat-armes-et-accessoires-vikings","9":"product_cat-armes-vikings","11":"first","12":"instock","13":"taxable","14":"shipping-taxable","15":"purchasable","16":"product-type-simple"},"yoast_head":"<!-- This site is optimized with the Yoast SEO plugin v27.4 - https:\/\/yoast.com\/product\/yoast-seo-wordpress\/ -->\n<title>\u00c9p\u00e9e de Freydis Vikings Valhalla - R\u00e9plique Manga Cin\u00e9<\/title>\n<meta name=\"description\" content=\"En exclusivit\u00e9 ! D\u00e9couvrez la superbe \u00c9p\u00e9e de Freydis dans Vikings Valhalla. Lame en acier grav\u00e9e. Poign\u00e9e cuir. Longueur totale : 105 cm\" \/>\n<meta name=\"robots\" content=\"index, follow, max-snippet:-1, max-image-preview:large, max-video-preview:-1\" \/>\n<link rel=\"canonical\" href=\"https:\/\/repliquemangacine.fr\/es\/armas-y-accesorios-vikingos\/freydis-espada-vikingos-valhalla\/\" \/>\n<meta property=\"og:locale\" content=\"es_ES\" \/>\n<meta property=\"og:type\" content=\"article\" \/>\n<meta property=\"og:title\" content=\"\u00c9p\u00e9e de Freydis Vikings Valhalla - R\u00e9plique Manga Cin\u00e9\" \/>\n<meta property=\"og:description\" content=\"En exclusivit\u00e9 ! D\u00e9couvrez la superbe \u00c9p\u00e9e de Freydis dans Vikings Valhalla. Lame en acier grav\u00e9e. Poign\u00e9e cuir. Longueur totale : 105 cm\" \/>\n<meta property=\"og:url\" content=\"https:\/\/repliquemangacine.fr\/es\/armas-y-accesorios-vikingos\/freydis-espada-vikingos-valhalla\/\" \/>\n<meta property=\"og:site_name\" content=\"R\u00e9plique Manga Cin\u00e9\" \/>\n<meta property=\"article:publisher\" content=\"https:\/\/www.facebook.com\/RepliqueMangaCine\" \/>\n<meta property=\"article:modified_time\" content=\"2026-02-28T05:06:32+00:00\" \/>\n<meta property=\"og:image\" content=\"https:\/\/repliquemangacine.fr\/wp-content\/uploads\/2024\/04\/Epee-de-Freydis-Vikings-valhalla.jpg\" \/>\n\t<meta property=\"og:image:width\" content=\"500\" \/>\n\t<meta property=\"og:image:height\" content=\"500\" \/>\n\t<meta property=\"og:image:type\" content=\"image\/jpeg\" \/>\n<meta name=\"twitter:card\" content=\"summary_large_image\" \/>\n<meta name=\"twitter:label1\" content=\"Tiempo de lectura\" \/>\n\t<meta name=\"twitter:data1\" content=\"3 minutos\" \/>\n<script type=\"application\/ld+json\" class=\"yoast-schema-graph\">{\"@context\":\"https:\\\/\\\/schema.org\",\"@graph\":[{\"@type\":\"WebPage\",\"@id\":\"https:\\\/\\\/repliquemangacine.fr\\\/armes-et-accessoires-vikings\\\/epee-de-freydis-vikings-valhalla\\\/\",\"url\":\"https:\\\/\\\/repliquemangacine.fr\\\/armes-et-accessoires-vikings\\\/epee-de-freydis-vikings-valhalla\\\/\",\"name\":\"\u00c9p\u00e9e de Freydis Vikings Valhalla - R\u00e9plique Manga Cin\u00e9\",\"isPartOf\":{\"@id\":\"https:\\\/\\\/repliquemangacine.fr\\\/#website\"},\"primaryImageOfPage\":{\"@id\":\"https:\\\/\\\/repliquemangacine.fr\\\/armes-et-accessoires-vikings\\\/epee-de-freydis-vikings-valhalla\\\/#primaryimage\"},\"image\":{\"@id\":\"https:\\\/\\\/repliquemangacine.fr\\\/armes-et-accessoires-vikings\\\/epee-de-freydis-vikings-valhalla\\\/#primaryimage\"},\"thumbnailUrl\":\"https:\\\/\\\/repliquemangacine.fr\\\/wp-content\\\/uploads\\\/2024\\\/04\\\/Epee-de-Freydis-Vikings-valhalla.jpg\",\"datePublished\":\"2024-04-30T16:46:42+00:00\",\"dateModified\":\"2026-02-28T05:06:32+00:00\",\"description\":\"En exclusivit\u00e9 ! D\u00e9couvrez la superbe \u00c9p\u00e9e de Freydis dans Vikings Valhalla. Lame en acier grav\u00e9e. Poign\u00e9e cuir. Longueur totale : 105 cm\",\"breadcrumb\":{\"@id\":\"https:\\\/\\\/repliquemangacine.fr\\\/armes-et-accessoires-vikings\\\/epee-de-freydis-vikings-valhalla\\\/#breadcrumb\"},\"inLanguage\":\"es\",\"potentialAction\":[{\"@type\":\"ReadAction\",\"target\":[\"https:\\\/\\\/repliquemangacine.fr\\\/armes-et-accessoires-vikings\\\/epee-de-freydis-vikings-valhalla\\\/\"]}]},{\"@type\":\"ImageObject\",\"inLanguage\":\"es\",\"@id\":\"https:\\\/\\\/repliquemangacine.fr\\\/armes-et-accessoires-vikings\\\/epee-de-freydis-vikings-valhalla\\\/#primaryimage\",\"url\":\"https:\\\/\\\/repliquemangacine.fr\\\/wp-content\\\/uploads\\\/2024\\\/04\\\/Epee-de-Freydis-Vikings-valhalla.jpg\",\"contentUrl\":\"https:\\\/\\\/repliquemangacine.fr\\\/wp-content\\\/uploads\\\/2024\\\/04\\\/Epee-de-Freydis-Vikings-valhalla.jpg\",\"width\":500,\"height\":500,\"caption\":\"Ep\u00e9e-de-Freydis-Vikings-valhalla\"},{\"@type\":\"BreadcrumbList\",\"@id\":\"https:\\\/\\\/repliquemangacine.fr\\\/armes-et-accessoires-vikings\\\/epee-de-freydis-vikings-valhalla\\\/#breadcrumb\",\"itemListElement\":[{\"@type\":\"ListItem\",\"position\":1,\"name\":\"Accueil\",\"item\":\"https:\\\/\\\/repliquemangacine.fr\\\/\"},{\"@type\":\"ListItem\",\"position\":2,\"name\":\"Produits\",\"item\":\"https:\\\/\\\/repliquemangacine.fr\\\/boutique\\\/\"},{\"@type\":\"ListItem\",\"position\":3,\"name\":\"\u00c9p\u00e9e de Freydis Vikings Valhalla\"}]},{\"@type\":\"WebSite\",\"@id\":\"https:\\\/\\\/repliquemangacine.fr\\\/#website\",\"url\":\"https:\\\/\\\/repliquemangacine.fr\\\/\",\"name\":\"R\u00e9plique Manga Cin\u00e9\",\"description\":\"\",\"publisher\":{\"@id\":\"https:\\\/\\\/repliquemangacine.fr\\\/#organization\"},\"potentialAction\":[{\"@type\":\"SearchAction\",\"target\":{\"@type\":\"EntryPoint\",\"urlTemplate\":\"https:\\\/\\\/repliquemangacine.fr\\\/?s={search_term_string}\"},\"query-input\":{\"@type\":\"PropertyValueSpecification\",\"valueRequired\":true,\"valueName\":\"search_term_string\"}}],\"inLanguage\":\"es\"},{\"@type\":\"Organization\",\"@id\":\"https:\\\/\\\/repliquemangacine.fr\\\/#organization\",\"name\":\"R\u00e9plique Manga Cin\u00e9\",\"url\":\"https:\\\/\\\/repliquemangacine.fr\\\/\",\"logo\":{\"@type\":\"ImageObject\",\"inLanguage\":\"es\",\"@id\":\"https:\\\/\\\/repliquemangacine.fr\\\/#\\\/schema\\\/logo\\\/image\\\/\",\"url\":\"https:\\\/\\\/repliquemangacine.fr\\\/wp-content\\\/uploads\\\/2023\\\/10\\\/RMC-500250.png\",\"contentUrl\":\"https:\\\/\\\/repliquemangacine.fr\\\/wp-content\\\/uploads\\\/2023\\\/10\\\/RMC-500250.png\",\"width\":500,\"height\":250,\"caption\":\"R\u00e9plique Manga Cin\u00e9\"},\"image\":{\"@id\":\"https:\\\/\\\/repliquemangacine.fr\\\/#\\\/schema\\\/logo\\\/image\\\/\"},\"sameAs\":[\"https:\\\/\\\/www.facebook.com\\\/RepliqueMangaCine\",\"https:\\\/\\\/www.instagram.com\\\/repliquemangacine.fr\\\/\"]}]}<\/script>\n<!-- \/ Yoast SEO plugin. -->","yoast_head_json":{"title":"Espada Vikings Valhalla Freydis - R\u00e9plique Manga Cin\u00e9","description":"\u00a1En exclusiva! Descubre la magn\u00edfica Espada de Freydis en Vikings Valhalla. Hoja de acero grabado. Empu\u00f1adura de cuero. Longitud total: 105 cm","robots":{"index":"index","follow":"follow","max-snippet":"max-snippet:-1","max-image-preview":"max-image-preview:large","max-video-preview":"max-video-preview:-1"},"canonical":"https:\/\/repliquemangacine.fr\/es\/armas-y-accesorios-vikingos\/freydis-espada-vikingos-valhalla\/","og_locale":"es_ES","og_type":"article","og_title":"\u00c9p\u00e9e de Freydis Vikings Valhalla - R\u00e9plique Manga Cin\u00e9","og_description":"En exclusivit\u00e9 ! D\u00e9couvrez la superbe \u00c9p\u00e9e de Freydis dans Vikings Valhalla. Lame en acier grav\u00e9e. Poign\u00e9e cuir. Longueur totale : 105 cm","og_url":"https:\/\/repliquemangacine.fr\/es\/armas-y-accesorios-vikingos\/freydis-espada-vikingos-valhalla\/","og_site_name":"R\u00e9plique Manga Cin\u00e9","article_publisher":"https:\/\/www.facebook.com\/RepliqueMangaCine","article_modified_time":"2026-02-28T05:06:32+00:00","og_image":[{"width":500,"height":500,"url":"https:\/\/repliquemangacine.fr\/wp-content\/uploads\/2024\/04\/Epee-de-Freydis-Vikings-valhalla.jpg","type":"image\/jpeg"}],"twitter_card":"summary_large_image","twitter_misc":{"Tiempo de lectura":"3 minutos"},"schema":{"@context":"https:\/\/schema.org","@graph":[{"@type":"WebPage","@id":"https:\/\/repliquemangacine.fr\/armes-et-accessoires-vikings\/epee-de-freydis-vikings-valhalla\/","url":"https:\/\/repliquemangacine.fr\/armes-et-accessoires-vikings\/epee-de-freydis-vikings-valhalla\/","name":"Espada Vikings Valhalla Freydis - R\u00e9plique Manga Cin\u00e9","isPartOf":{"@id":"https:\/\/repliquemangacine.fr\/#website"},"primaryImageOfPage":{"@id":"https:\/\/repliquemangacine.fr\/armes-et-accessoires-vikings\/epee-de-freydis-vikings-valhalla\/#primaryimage"},"image":{"@id":"https:\/\/repliquemangacine.fr\/armes-et-accessoires-vikings\/epee-de-freydis-vikings-valhalla\/#primaryimage"},"thumbnailUrl":"https:\/\/repliquemangacine.fr\/wp-content\/uploads\/2024\/04\/Epee-de-Freydis-Vikings-valhalla.jpg","datePublished":"2024-04-30T16:46:42+00:00","dateModified":"2026-02-28T05:06:32+00:00","description":"\u00a1En exclusiva! Descubre la magn\u00edfica Espada de Freydis en Vikings Valhalla. Hoja de acero grabado. Empu\u00f1adura de cuero. Longitud total: 105 cm","breadcrumb":{"@id":"https:\/\/repliquemangacine.fr\/armes-et-accessoires-vikings\/epee-de-freydis-vikings-valhalla\/#breadcrumb"},"inLanguage":"es","potentialAction":[{"@type":"ReadAction","target":["https:\/\/repliquemangacine.fr\/armes-et-accessoires-vikings\/epee-de-freydis-vikings-valhalla\/"]}]},{"@type":"ImageObject","inLanguage":"es","@id":"https:\/\/repliquemangacine.fr\/armes-et-accessoires-vikings\/epee-de-freydis-vikings-valhalla\/#primaryimage","url":"https:\/\/repliquemangacine.fr\/wp-content\/uploads\/2024\/04\/Epee-de-Freydis-Vikings-valhalla.jpg","contentUrl":"https:\/\/repliquemangacine.fr\/wp-content\/uploads\/2024\/04\/Epee-de-Freydis-Vikings-valhalla.jpg","width":500,"height":500,"caption":"Ep\u00e9e-de-Freydis-Vikings-valhalla"},{"@type":"BreadcrumbList","@id":"https:\/\/repliquemangacine.fr\/armes-et-accessoires-vikings\/epee-de-freydis-vikings-valhalla\/#breadcrumb","itemListElement":[{"@type":"ListItem","position":1,"name":"Accueil","item":"https:\/\/repliquemangacine.fr\/"},{"@type":"ListItem","position":2,"name":"Produits","item":"https:\/\/repliquemangacine.fr\/boutique\/"},{"@type":"ListItem","position":3,"name":"\u00c9p\u00e9e de Freydis Vikings Valhalla"}]},{"@type":"WebSite","@id":"https:\/\/repliquemangacine.fr\/#website","url":"https:\/\/repliquemangacine.fr\/","name":"R\u00e9plique Manga Cin\u00e9","description":"","publisher":{"@id":"https:\/\/repliquemangacine.fr\/#organization"},"potentialAction":[{"@type":"SearchAction","target":{"@type":"EntryPoint","urlTemplate":"https:\/\/repliquemangacine.fr\/?s={search_term_string}"},"query-input":{"@type":"PropertyValueSpecification","valueRequired":true,"valueName":"search_term_string"}}],"inLanguage":"es"},{"@type":"Organization","@id":"https:\/\/repliquemangacine.fr\/#organization","name":"R\u00e9plique Manga Cin\u00e9","url":"https:\/\/repliquemangacine.fr\/","logo":{"@type":"ImageObject","inLanguage":"es","@id":"https:\/\/repliquemangacine.fr\/#\/schema\/logo\/image\/","url":"https:\/\/repliquemangacine.fr\/wp-content\/uploads\/2023\/10\/RMC-500250.png","contentUrl":"https:\/\/repliquemangacine.fr\/wp-content\/uploads\/2023\/10\/RMC-500250.png","width":500,"height":250,"caption":"R\u00e9plique Manga Cin\u00e9"},"image":{"@id":"https:\/\/repliquemangacine.fr\/#\/schema\/logo\/image\/"},"sameAs":["https:\/\/www.facebook.com\/RepliqueMangaCine","https:\/\/www.instagram.com\/repliquemangacine.fr\/"]}]}},"_links":{"self":[{"href":"https:\/\/repliquemangacine.fr\/es\/wp-json\/wp\/v2\/product\/71656","targetHints":{"allow":["GET"]}}],"collection":[{"href":"https:\/\/repliquemangacine.fr\/es\/wp-json\/wp\/v2\/product"}],"about":[{"href":"https:\/\/repliquemangacine.fr\/es\/wp-json\/wp\/v2\/types\/product"}],"wp:featuredmedia":[{"embeddable":true,"href":"https:\/\/repliquemangacine.fr\/es\/wp-json\/wp\/v2\/media\/71665"}],"wp:attachment":[{"href":"https:\/\/repliquemangacine.fr\/es\/wp-json\/wp\/v2\/media?parent=71656"}],"wp:term":[{"taxonomy":"product_brand","embeddable":true,"href":"https:\/\/repliquemangacine.fr\/es\/wp-json\/wp\/v2\/product_brand?post=71656"},{"taxonomy":"product_cat","embeddable":true,"href":"https:\/\/repliquemangacine.fr\/es\/wp-json\/wp\/v2\/product_cat?post=71656"},{"taxonomy":"product_tag","embeddable":true,"href":"https:\/\/repliquemangacine.fr\/es\/wp-json\/wp\/v2\/product_tag?post=71656"}],"curies":[{"name":"wp","href":"https:\/\/api.w.org\/{rel}","templated":true}]}}