





{"id":70956,"date":"2024-04-05T10:59:36","date_gmt":"2024-04-05T08:59:36","guid":{"rendered":"https:\/\/repliquemangacine.fr\/?post_type=product&#038;p=70956"},"modified":"2026-04-21T13:22:29","modified_gmt":"2026-04-21T11:22:29","slug":"harry-potter-godric-espada","status":"publish","type":"product","link":"https:\/\/repliquemangacine.fr\/es\/baguettes-et-goodies-harry-potter\/epee-godric-harry-potter\/","title":{"rendered":"Harry Potter Godric espada"},"content":{"rendered":"<h2>La espada de Godric Gryffindor: m\u00e1s que un arma<\/h2>\n<p>En primer lugar, el<strong>Espada Godric Gryffindor<\/strong>, es una r\u00e9plica no oficial con detalles fabulosos inspirada en Harry Potter. Para empezar, un poco de historia: esta espada es mucho m\u00e1s que un simple arma en el universo de Harry Potter.<\/p>\n<p>Creada por los goblins, artesanos reconocidos por su incomparable dominio de la metalurgia m\u00e1gica. Simboliza los valores de coraje, valent\u00eda y honor. Est\u00e1 hecha de plata pura y adornada con rub\u00edes brillantes, que reflejan el escudo de armas de la casa Gryffindor. Su capacidad \u00fanica para presentarse ante un miembro de Gryffindor en momentos de necesidad da testimonio de su antigua y profunda magia, que trasciende los siglos. Seg\u00fan la leyenda, est\u00e1 dise\u00f1ada para aparecer en el Sombrero Seleccionador a un Gryffindor que se enfrenta a una gran prueba. Como fue el caso de Harry Potter cuando se enfrent\u00f3 al basilisco en la C\u00e1mara de los Secretos. Se convierte en una leyenda viva, que representa la esperanza y la lucha contra las fuerzas del mal.<\/p>\n<p>La espada de Gryffindor no es solo un artefacto hist\u00f3rico de la saga, sino un poderoso s\u00edmbolo de resistencia e integridad que inspira a todos aquellos que creen en la magia del mundo de Harry Potter.<\/p>\n<h2>El simbolismo de los artefactos en Harry Potter<\/h2>\n<p>M\u00e1s all\u00e1 de la espada de Godric Gryffindor, el universo de Harry Potter est\u00e1 lleno de artefactos m\u00e1gicos con poderes extraordinarios. Visite <a href=\"https:\/\/repliquemangacine.fr\/es\/coleccionistas-y-objetos-de-harry-potter\/sombrero-interactivo-de-harry-potter\/\">Sombrero m\u00e1gico<\/a>, por ejemplo, tiene la clave para distribuir a los alumnos de Hogwarts en las cuatro casas, reflejando su personalidad y sus valores m\u00e1s profundos. Mientras que el Voltertiempo desaf\u00eda las leyes de la f\u00edsica al permitir viajar en el tiempo.<\/p>\n<p>Los artefactos tienen un profundo simbolismo que refleja los temas centrales de la saga: la lucha entre el bien y el mal, el poder de la amistad y el coraje frente a la adversidad. Por ejemplo, los <a href=\"https:\/\/harrypotter.fandom.com\/fr\/wiki\/Horcruxe\" target=\"_blank\" rel=\"noopener noreferrer\">Horrocruxes<\/a>creados por Voldemort en su b\u00fasqueda de la inmortalidad. Representan la divisi\u00f3n del alma y las consecuencias destructivas del ansia de poder. Como el <a href=\"https:\/\/repliquemangacine.fr\/es\/coleccionistas-y-objetos-de-harry-potter\/medallon-salazar-serpentard\/\">Medall\u00f3n de Salazar Slytherin.<\/a><\/p>\n<p>Estos artefactos no son simples objetos. Se entrelazan con los triunfos y las pruebas de los personajes, convirti\u00e9ndose en piezas clave en su b\u00fasqueda para derrotar al mal. Cada artefacto, con su historia y su poder \u00fanicos, enriquece el universo m\u00e1gico de Rowling, ofreciendo perspectivas y soluciones inesperadas en los momentos m\u00e1s oscuros.<\/p>\n<h2>C\u00f3mo mantener la hoja de la Espada de Godric<\/h2>\n<p>Las espadas de colecci\u00f3n y decorativas se fabrican y ensamblan de forma simplificada. Dado que su uso es decorativo, no cuentan con los elementos de seguridad exigidos a una espada japonesa destinada al entrenamiento. Sin embargo, su <strong>La espada de Godric<\/strong> a una hoja de acero que hay que mantener para evitar que se da\u00f1e con el tiempo. Cuando exponga su espada, sus amigos sentir\u00e1n curiosidad por ver la hoja y tocarla. Aqu\u00ed es donde hay que tener cuidado, porque la acidez de los dedos es muy perjudicial para el acero, sea cual sea su calidad. Sin embargo, si esto ocurre, no te asustes, simplemente utiliza un pa\u00f1o humedecido con un poco de aceite y limpia las huellas dactilares. Si haces esto, tu espada durar\u00e1 mucho tiempo. En conclusi\u00f3n, para los coleccionistas y los fans de Harry Potter, poseer una r\u00e9plica de la espada de Godric Gryffindor es un verdadero tesoro.<\/p>","protected":false},"excerpt":{"rendered":"<p>Magn\u00edfica reproducci\u00f3n de la espada de Godric Gryffindor de la saga Harry Potter.<\/p>\n<ul>\n<li>Hoja de acero inoxidable grabada<\/li>\n<li>Guarda y empu\u00f1adura de acero ricamente decoradas<\/li>\n<li>Piedra roja en el pomo y en ambos lados de la empu\u00f1adura.<\/li>\n<li>Funda ABS negra<\/li>\n<li>Longitud de la hoja: 65,5 cm - Longitud total: 92,5 cm<\/li>\n<li>Peso: 630 g<\/li>\n<\/ul>","protected":false},"featured_media":70967,"template":"","meta":[],"product_brand":[],"product_cat":[87,41],"product_tag":[],"class_list":{"0":"post-70956","1":"product","2":"type-product","3":"status-publish","4":"has-post-thumbnail","6":"product_cat-collectors-et-goodies-harry-potter","7":"product_cat-baguettes-et-goodies-harry-potter","9":"first","10":"instock","11":"taxable","12":"shipping-taxable","13":"purchasable","14":"product-type-simple"},"yoast_head":"<!-- This site is optimized with the Yoast SEO plugin v27.4 - https:\/\/yoast.com\/product\/yoast-seo-wordpress\/ -->\n<title>\u00c9p\u00e9e de Godric Harry Potter - R\u00e9plique Manga Cin\u00e9<\/title>\n<meta name=\"description\" content=\"Venez d\u00e9couvrir cette superbe \u00c9p\u00e9e de Godric Gryffondor dans Harry Potter au meilleur prix. Lame acier grav\u00e9e. Fourreau. Longueur totale : 92.5 cm\" \/>\n<meta name=\"robots\" content=\"index, follow, max-snippet:-1, max-image-preview:large, max-video-preview:-1\" \/>\n<link rel=\"canonical\" href=\"https:\/\/repliquemangacine.fr\/es\/varitas-y-objetos-de-harry-potter\/harry-potter-godric-espada\/\" \/>\n<meta property=\"og:locale\" content=\"es_ES\" \/>\n<meta property=\"og:type\" content=\"article\" \/>\n<meta property=\"og:title\" content=\"\u00c9p\u00e9e de Godric Harry Potter - R\u00e9plique Manga Cin\u00e9\" \/>\n<meta property=\"og:description\" content=\"Venez d\u00e9couvrir cette superbe \u00c9p\u00e9e de Godric Gryffondor dans Harry Potter au meilleur prix. Lame acier grav\u00e9e. Fourreau. Longueur totale : 92.5 cm\" \/>\n<meta property=\"og:url\" content=\"https:\/\/repliquemangacine.fr\/es\/varitas-y-objetos-de-harry-potter\/harry-potter-godric-espada\/\" \/>\n<meta property=\"og:site_name\" content=\"R\u00e9plique Manga Cin\u00e9\" \/>\n<meta property=\"article:publisher\" content=\"https:\/\/www.facebook.com\/RepliqueMangaCine\" \/>\n<meta property=\"article:modified_time\" content=\"2026-04-21T11:22:29+00:00\" \/>\n<meta property=\"og:image\" content=\"https:\/\/repliquemangacine.fr\/wp-content\/uploads\/2024\/04\/Epee-Godric-Gryfondor-avec-fourreau.jpg\" \/>\n\t<meta property=\"og:image:width\" content=\"500\" \/>\n\t<meta property=\"og:image:height\" content=\"500\" \/>\n\t<meta property=\"og:image:type\" content=\"image\/jpeg\" \/>\n<meta name=\"twitter:card\" content=\"summary_large_image\" \/>\n<meta name=\"twitter:label1\" content=\"Tiempo de lectura\" \/>\n\t<meta name=\"twitter:data1\" content=\"3 minutos\" \/>\n<script type=\"application\/ld+json\" class=\"yoast-schema-graph\">{\"@context\":\"https:\\\/\\\/schema.org\",\"@graph\":[{\"@type\":\"WebPage\",\"@id\":\"https:\\\/\\\/repliquemangacine.fr\\\/baguettes-et-goodies-harry-potter\\\/epee-godric-harry-potter\\\/\",\"url\":\"https:\\\/\\\/repliquemangacine.fr\\\/baguettes-et-goodies-harry-potter\\\/epee-godric-harry-potter\\\/\",\"name\":\"\u00c9p\u00e9e de Godric Harry Potter - R\u00e9plique Manga Cin\u00e9\",\"isPartOf\":{\"@id\":\"https:\\\/\\\/repliquemangacine.fr\\\/#website\"},\"primaryImageOfPage\":{\"@id\":\"https:\\\/\\\/repliquemangacine.fr\\\/baguettes-et-goodies-harry-potter\\\/epee-godric-harry-potter\\\/#primaryimage\"},\"image\":{\"@id\":\"https:\\\/\\\/repliquemangacine.fr\\\/baguettes-et-goodies-harry-potter\\\/epee-godric-harry-potter\\\/#primaryimage\"},\"thumbnailUrl\":\"https:\\\/\\\/repliquemangacine.fr\\\/wp-content\\\/uploads\\\/2024\\\/04\\\/Epee-Godric-Gryfondor-avec-fourreau.jpg\",\"datePublished\":\"2024-04-05T08:59:36+00:00\",\"dateModified\":\"2026-04-21T11:22:29+00:00\",\"description\":\"Venez d\u00e9couvrir cette superbe \u00c9p\u00e9e de Godric Gryffondor dans Harry Potter au meilleur prix. Lame acier grav\u00e9e. Fourreau. Longueur totale : 92.5 cm\",\"breadcrumb\":{\"@id\":\"https:\\\/\\\/repliquemangacine.fr\\\/baguettes-et-goodies-harry-potter\\\/epee-godric-harry-potter\\\/#breadcrumb\"},\"inLanguage\":\"es\",\"potentialAction\":[{\"@type\":\"ReadAction\",\"target\":[\"https:\\\/\\\/repliquemangacine.fr\\\/baguettes-et-goodies-harry-potter\\\/epee-godric-harry-potter\\\/\"]}]},{\"@type\":\"ImageObject\",\"inLanguage\":\"es\",\"@id\":\"https:\\\/\\\/repliquemangacine.fr\\\/baguettes-et-goodies-harry-potter\\\/epee-godric-harry-potter\\\/#primaryimage\",\"url\":\"https:\\\/\\\/repliquemangacine.fr\\\/wp-content\\\/uploads\\\/2024\\\/04\\\/Epee-Godric-Gryfondor-avec-fourreau.jpg\",\"contentUrl\":\"https:\\\/\\\/repliquemangacine.fr\\\/wp-content\\\/uploads\\\/2024\\\/04\\\/Epee-Godric-Gryfondor-avec-fourreau.jpg\",\"width\":500,\"height\":500,\"caption\":\"Ep\u00e9e Godric Gryffondor Harry potter\"},{\"@type\":\"BreadcrumbList\",\"@id\":\"https:\\\/\\\/repliquemangacine.fr\\\/baguettes-et-goodies-harry-potter\\\/epee-godric-harry-potter\\\/#breadcrumb\",\"itemListElement\":[{\"@type\":\"ListItem\",\"position\":1,\"name\":\"Accueil\",\"item\":\"https:\\\/\\\/repliquemangacine.fr\\\/\"},{\"@type\":\"ListItem\",\"position\":2,\"name\":\"Produits\",\"item\":\"https:\\\/\\\/repliquemangacine.fr\\\/boutique\\\/\"},{\"@type\":\"ListItem\",\"position\":3,\"name\":\"\u00c9p\u00e9e de Godric Harry Potter\"}]},{\"@type\":\"WebSite\",\"@id\":\"https:\\\/\\\/repliquemangacine.fr\\\/#website\",\"url\":\"https:\\\/\\\/repliquemangacine.fr\\\/\",\"name\":\"R\u00e9plique Manga Cin\u00e9\",\"description\":\"\",\"publisher\":{\"@id\":\"https:\\\/\\\/repliquemangacine.fr\\\/#organization\"},\"potentialAction\":[{\"@type\":\"SearchAction\",\"target\":{\"@type\":\"EntryPoint\",\"urlTemplate\":\"https:\\\/\\\/repliquemangacine.fr\\\/?s={search_term_string}\"},\"query-input\":{\"@type\":\"PropertyValueSpecification\",\"valueRequired\":true,\"valueName\":\"search_term_string\"}}],\"inLanguage\":\"es\"},{\"@type\":\"Organization\",\"@id\":\"https:\\\/\\\/repliquemangacine.fr\\\/#organization\",\"name\":\"R\u00e9plique Manga Cin\u00e9\",\"url\":\"https:\\\/\\\/repliquemangacine.fr\\\/\",\"logo\":{\"@type\":\"ImageObject\",\"inLanguage\":\"es\",\"@id\":\"https:\\\/\\\/repliquemangacine.fr\\\/#\\\/schema\\\/logo\\\/image\\\/\",\"url\":\"https:\\\/\\\/repliquemangacine.fr\\\/wp-content\\\/uploads\\\/2023\\\/10\\\/RMC-500250.png\",\"contentUrl\":\"https:\\\/\\\/repliquemangacine.fr\\\/wp-content\\\/uploads\\\/2023\\\/10\\\/RMC-500250.png\",\"width\":500,\"height\":250,\"caption\":\"R\u00e9plique Manga Cin\u00e9\"},\"image\":{\"@id\":\"https:\\\/\\\/repliquemangacine.fr\\\/#\\\/schema\\\/logo\\\/image\\\/\"},\"sameAs\":[\"https:\\\/\\\/www.facebook.com\\\/RepliqueMangaCine\",\"https:\\\/\\\/www.instagram.com\\\/repliquemangacine.fr\\\/\"]}]}<\/script>\n<!-- \/ Yoast SEO plugin. -->","yoast_head_json":{"title":"Harry Potter Espada de Godric - R\u00e9plique Manga Cin\u00e9","description":"Ven a descubrir esta magn\u00edfica Espada de Godric Gryffindor de Harry Potter al mejor precio. Hoja de acero grabado. Vaina. Longitud total : 92,5 cm","robots":{"index":"index","follow":"follow","max-snippet":"max-snippet:-1","max-image-preview":"max-image-preview:large","max-video-preview":"max-video-preview:-1"},"canonical":"https:\/\/repliquemangacine.fr\/es\/varitas-y-objetos-de-harry-potter\/harry-potter-godric-espada\/","og_locale":"es_ES","og_type":"article","og_title":"\u00c9p\u00e9e de Godric Harry Potter - R\u00e9plique Manga Cin\u00e9","og_description":"Venez d\u00e9couvrir cette superbe \u00c9p\u00e9e de Godric Gryffondor dans Harry Potter au meilleur prix. Lame acier grav\u00e9e. Fourreau. Longueur totale : 92.5 cm","og_url":"https:\/\/repliquemangacine.fr\/es\/varitas-y-objetos-de-harry-potter\/harry-potter-godric-espada\/","og_site_name":"R\u00e9plique Manga Cin\u00e9","article_publisher":"https:\/\/www.facebook.com\/RepliqueMangaCine","article_modified_time":"2026-04-21T11:22:29+00:00","og_image":[{"width":500,"height":500,"url":"https:\/\/repliquemangacine.fr\/wp-content\/uploads\/2024\/04\/Epee-Godric-Gryfondor-avec-fourreau.jpg","type":"image\/jpeg"}],"twitter_card":"summary_large_image","twitter_misc":{"Tiempo de lectura":"3 minutos"},"schema":{"@context":"https:\/\/schema.org","@graph":[{"@type":"WebPage","@id":"https:\/\/repliquemangacine.fr\/baguettes-et-goodies-harry-potter\/epee-godric-harry-potter\/","url":"https:\/\/repliquemangacine.fr\/baguettes-et-goodies-harry-potter\/epee-godric-harry-potter\/","name":"Harry Potter Espada de Godric - R\u00e9plique Manga Cin\u00e9","isPartOf":{"@id":"https:\/\/repliquemangacine.fr\/#website"},"primaryImageOfPage":{"@id":"https:\/\/repliquemangacine.fr\/baguettes-et-goodies-harry-potter\/epee-godric-harry-potter\/#primaryimage"},"image":{"@id":"https:\/\/repliquemangacine.fr\/baguettes-et-goodies-harry-potter\/epee-godric-harry-potter\/#primaryimage"},"thumbnailUrl":"https:\/\/repliquemangacine.fr\/wp-content\/uploads\/2024\/04\/Epee-Godric-Gryfondor-avec-fourreau.jpg","datePublished":"2024-04-05T08:59:36+00:00","dateModified":"2026-04-21T11:22:29+00:00","description":"Ven a descubrir esta magn\u00edfica Espada de Godric Gryffindor de Harry Potter al mejor precio. Hoja de acero grabado. Vaina. Longitud total : 92,5 cm","breadcrumb":{"@id":"https:\/\/repliquemangacine.fr\/baguettes-et-goodies-harry-potter\/epee-godric-harry-potter\/#breadcrumb"},"inLanguage":"es","potentialAction":[{"@type":"ReadAction","target":["https:\/\/repliquemangacine.fr\/baguettes-et-goodies-harry-potter\/epee-godric-harry-potter\/"]}]},{"@type":"ImageObject","inLanguage":"es","@id":"https:\/\/repliquemangacine.fr\/baguettes-et-goodies-harry-potter\/epee-godric-harry-potter\/#primaryimage","url":"https:\/\/repliquemangacine.fr\/wp-content\/uploads\/2024\/04\/Epee-Godric-Gryfondor-avec-fourreau.jpg","contentUrl":"https:\/\/repliquemangacine.fr\/wp-content\/uploads\/2024\/04\/Epee-Godric-Gryfondor-avec-fourreau.jpg","width":500,"height":500,"caption":"Ep\u00e9e Godric Gryffondor Harry potter"},{"@type":"BreadcrumbList","@id":"https:\/\/repliquemangacine.fr\/baguettes-et-goodies-harry-potter\/epee-godric-harry-potter\/#breadcrumb","itemListElement":[{"@type":"ListItem","position":1,"name":"Accueil","item":"https:\/\/repliquemangacine.fr\/"},{"@type":"ListItem","position":2,"name":"Produits","item":"https:\/\/repliquemangacine.fr\/boutique\/"},{"@type":"ListItem","position":3,"name":"\u00c9p\u00e9e de Godric Harry Potter"}]},{"@type":"WebSite","@id":"https:\/\/repliquemangacine.fr\/#website","url":"https:\/\/repliquemangacine.fr\/","name":"R\u00e9plique Manga Cin\u00e9","description":"","publisher":{"@id":"https:\/\/repliquemangacine.fr\/#organization"},"potentialAction":[{"@type":"SearchAction","target":{"@type":"EntryPoint","urlTemplate":"https:\/\/repliquemangacine.fr\/?s={search_term_string}"},"query-input":{"@type":"PropertyValueSpecification","valueRequired":true,"valueName":"search_term_string"}}],"inLanguage":"es"},{"@type":"Organization","@id":"https:\/\/repliquemangacine.fr\/#organization","name":"R\u00e9plique Manga Cin\u00e9","url":"https:\/\/repliquemangacine.fr\/","logo":{"@type":"ImageObject","inLanguage":"es","@id":"https:\/\/repliquemangacine.fr\/#\/schema\/logo\/image\/","url":"https:\/\/repliquemangacine.fr\/wp-content\/uploads\/2023\/10\/RMC-500250.png","contentUrl":"https:\/\/repliquemangacine.fr\/wp-content\/uploads\/2023\/10\/RMC-500250.png","width":500,"height":250,"caption":"R\u00e9plique Manga Cin\u00e9"},"image":{"@id":"https:\/\/repliquemangacine.fr\/#\/schema\/logo\/image\/"},"sameAs":["https:\/\/www.facebook.com\/RepliqueMangaCine","https:\/\/www.instagram.com\/repliquemangacine.fr\/"]}]}},"_links":{"self":[{"href":"https:\/\/repliquemangacine.fr\/es\/wp-json\/wp\/v2\/product\/70956","targetHints":{"allow":["GET"]}}],"collection":[{"href":"https:\/\/repliquemangacine.fr\/es\/wp-json\/wp\/v2\/product"}],"about":[{"href":"https:\/\/repliquemangacine.fr\/es\/wp-json\/wp\/v2\/types\/product"}],"wp:featuredmedia":[{"embeddable":true,"href":"https:\/\/repliquemangacine.fr\/es\/wp-json\/wp\/v2\/media\/70967"}],"wp:attachment":[{"href":"https:\/\/repliquemangacine.fr\/es\/wp-json\/wp\/v2\/media?parent=70956"}],"wp:term":[{"taxonomy":"product_brand","embeddable":true,"href":"https:\/\/repliquemangacine.fr\/es\/wp-json\/wp\/v2\/product_brand?post=70956"},{"taxonomy":"product_cat","embeddable":true,"href":"https:\/\/repliquemangacine.fr\/es\/wp-json\/wp\/v2\/product_cat?post=70956"},{"taxonomy":"product_tag","embeddable":true,"href":"https:\/\/repliquemangacine.fr\/es\/wp-json\/wp\/v2\/product_tag?post=70956"}],"curies":[{"name":"wp","href":"https:\/\/api.w.org\/{rel}","templated":true}]}}