





{"id":70935,"date":"2024-04-04T18:59:45","date_gmt":"2024-04-04T16:59:45","guid":{"rendered":"https:\/\/repliquemangacine.fr\/?post_type=product&#038;p=70935"},"modified":"2026-02-09T20:31:56","modified_gmt":"2026-02-09T19:31:56","slug":"katana-vergil-yamato-v2","status":"publish","type":"product","link":"https:\/\/repliquemangacine.fr\/es\/katana-et-epee-de-jeux-video-autre-jeux-video\/katana-vergil-yamato-v2\/","title":{"rendered":"Katana Vergil Yamato V2"},"content":{"rendered":"<h2>Katana Vergil Yamato V2 : Devil My Cry 5<\/h2>\n<p>Para empezar, el <strong>Katana Vergil Yamato V2<\/strong> en <a href=\"https:\/\/devilmaycry.fandom.com\/wiki\/Vergil#Devil_May_Cry_5:_Special_Edition\" target=\"_blank\" rel=\"noopener noreferrer\">Devil My Cry 5<\/a> es id\u00e9ntica a la del videojuego. La Yamato es una katana extremadamente poderosa y el arma preferida de Vergil. Tiene una serie de caracter\u00edsticas y poderes \u00fanicos, como :<\/p>\n<p><strong>- Capacidad para abrir portales transdimensionales<\/strong> El poder m\u00e1s distintivo de Yamato es su capacidad para abrir grietas en el espacio. Esto permite a Vergil cruzar dimensiones o atravesar cualquier obst\u00e1culo, ya sea material o m\u00e1gico. Esta habilidad es fundamental en varias tramas de la serie \"Devil May Cry\".<\/p>\n<p><strong>- Control y precisi\u00f3n<\/strong> Conocida por su incre\u00edble precisi\u00f3n, capaz de cortar casi cualquier cosa sin esfuerzo. Esta espada tambi\u00e9n simboliza el estilo de lucha de Vergil, que es tranquilo, calculado e incre\u00edblemente r\u00e1pido, en contraste directo con el estilo m\u00e1s brutal y directo de Dante.<\/p>\n<p><strong>- Patrimonio familiar<\/strong> Yamato perteneci\u00f3 a su padre, Sparda, un poderoso demonio que se rebel\u00f3 contra su propio mundo para salvar a la humanidad. Por ello, la espada est\u00e1 cargada del legado familiar y representa el v\u00ednculo entre Vergil, Dante y su padre. A menudo es el centro de su rivalidad entre hermanos.<\/p>\n<p><strong>- Transformaci\u00f3n<\/strong> Vergil tambi\u00e9n utiliza a Yamato para transformarse en una forma demon\u00edaca m\u00e1s poderosa, lo que le proporciona un aumento significativo de sus habilidades.<\/p>\n<h2>Katana Vergil Yamato V2 : Vergil<\/h2>\n<p>En primer lugar, Vergil es un personaje central de la franquicia \u201cDevil May Cry\u201d, creada por Capcom. Es el hermano gemelo de Dante, el protagonista principal de la serie. Se distingue por su obsesi\u00f3n por el poder, que considera necesario para evitar revivir la impotencia que sinti\u00f3 cuando su madre, Eva, fue atacada y asesinada por demonios. Esta b\u00fasqueda del poder a menudo lo enfrenta a Dante, quien, aunque comparte un odio similar hacia los demonios, tiene un enfoque m\u00e1s despreocupado y valora la protecci\u00f3n de los inocentes.<\/p>\n<p>Se caracteriza por su seriedad, estoicismo y dedicaci\u00f3n inquebrantable a su b\u00fasqueda del poder. A diferencia de Dante, que encuentra consuelo en los lazos humanos, Virgilio rechaza estos lazos, consider\u00e1ndolos una distracci\u00f3n de su objetivo. Sin embargo, a pesar de su apariencia fr\u00eda y su obsesi\u00f3n, Vergil muestra momentos de vulnerabilidad, especialmente en lo que respecta a su familia, revelando una complejidad y profundidad de car\u00e1cter.<\/p>\n<p>A lo largo de los juegos de \u201cDevil May Cry\u201d, la historia de Vergil se explora con m\u00e1s matices, ofreciendo a los jugadores una visi\u00f3n de sus motivaciones, su sufrimiento y sus luchas internas. Su relaci\u00f3n con Yamato es un elemento clave que ilustra su evoluci\u00f3n personal y su b\u00fasqueda de la redenci\u00f3n. En conclusi\u00f3n, en \u201cDevil May Cry 5\u201d, el tema de la familia y los lazos entre hermanos es fundamental.<\/p>\n<h2>Armas en Devil My Cry<\/h2>\n<p>En el universo de \u201cDevil May Cry\u201d, las espadas desempe\u00f1an un papel fundamental. No solo como armas preferidas por los protagonistas y antagonistas, sino tambi\u00e9n como elementos clave de la trama. Cada una tiene caracter\u00edsticas \u00fanicas, historias ricas y, a menudo, poderes sobrenaturales. Reflejan la personalidad y la evoluci\u00f3n de sus portadores. Estas son algunas de las espadas m\u00e1s emblem\u00e1ticas de la serie:<\/p>\n<p>\u2013 <a href=\"https:\/\/repliquemangacine.fr\/es\/katana-y-espada-videojuego-otros-videojuegos\/epee-rebellion-epee-de-dante-devil-may-cry\/\">Rebeli\u00f3n<\/a> Es la espada emblem\u00e1tica de Dante, un regalo de su padre, Sparda. Esta espada representa la herencia de Dante y su v\u00ednculo con su familia. Rebellion es capaz de cambiar de forma y se adapta al estilo de combate din\u00e1mico de Dante. Desempe\u00f1a un papel clave en su capacidad para acceder a sus formas demon\u00edacas.<\/p>\n<p>\u2013 <a href=\"https:\/\/repliquemangacine.fr\/es\/katana-y-espada-videojuego-otros-videojuegos\/katana-yamoto-vergil-dmc-devil-my-cry\/\">Yamato<\/a> (versiones 1 y 2) es una poderosa katana capaz de manipular el espacio y el tiempo, heredada por Vergil. Simboliza el deseo de poder de Vergil y su lucha interior.<\/p>\n<p>\u2013 Red Queen es la espada de Nero, \u00fanica por su mecanismo de gas integrado que permite a Nero aumentar la potencia de sus ataques. Esta espada es representativa del innovador estilo de combate y el ingenio de Nero.<\/p>\n<p>En conclusi\u00f3n, estas espadas no son solo armas, sino tambi\u00e9n extensiones de los personajes que las empu\u00f1an.<\/p>","protected":false},"excerpt":{"rendered":"<p>La magn\u00edfica katana de Vergil, Yamato en su nueva versi\u00f3n en Devil My Cry 5<\/p>\n<ul>\n<li>Hoja de acero ricamente decorada.<\/li>\n<li>Mango de madera recubierto de trenza de algod\u00f3n blanco.<\/li>\n<li>Guarda de acero de forma espec\u00edfica e id\u00e9ntica a la del juego<\/li>\n<li>Vaina de madera recubierta de polipiel negra<\/li>\n<li>Correa azul en la vaina para sujetar la katana<\/li>\n<li>Longitud de la hoja: 68 cm - Longitud total: 103 cm<\/li>\n<\/ul>","protected":false},"featured_media":70937,"template":"","meta":[],"product_brand":[],"product_cat":[880,67],"product_tag":[],"class_list":{"0":"post-70935","1":"product","2":"type-product","3":"status-publish","4":"has-post-thumbnail","6":"product_cat-devil-may-cry","7":"product_cat-katana-et-epee-de-jeux-video-autre-jeux-video","9":"first","10":"instock","11":"taxable","12":"shipping-taxable","13":"purchasable","14":"product-type-simple"},"yoast_head":"<!-- This site is optimized with the Yoast SEO plugin v27.5 - https:\/\/yoast.com\/product\/yoast-seo-wordpress\/ -->\n<title>Katana Vergil Yamato V2 - R\u00e9plique Manga Cin\u00e9<\/title>\n<meta name=\"description\" content=\"Venez d\u00e9couvrir le nouveau design du katana de Vergil Yamato V2 au meilleur prix. Finition remarquable, la garde est finement d\u00e9taill\u00e9e comme dans le jeu\" \/>\n<meta name=\"robots\" content=\"index, follow, max-snippet:-1, max-image-preview:large, max-video-preview:-1\" \/>\n<link rel=\"canonical\" href=\"https:\/\/repliquemangacine.fr\/es\/katana-y-espada-videojuego-otros-videojuegos\/katana-vergil-yamato-v2\/\" \/>\n<meta property=\"og:locale\" content=\"es_ES\" \/>\n<meta property=\"og:type\" content=\"article\" \/>\n<meta property=\"og:title\" content=\"Katana Vergil Yamato V2 - R\u00e9plique Manga Cin\u00e9\" \/>\n<meta property=\"og:description\" content=\"Venez d\u00e9couvrir le nouveau design du katana de Vergil Yamato V2 au meilleur prix. Finition remarquable, la garde est finement d\u00e9taill\u00e9e comme dans le jeu\" \/>\n<meta property=\"og:url\" content=\"https:\/\/repliquemangacine.fr\/es\/katana-y-espada-videojuego-otros-videojuegos\/katana-vergil-yamato-v2\/\" \/>\n<meta property=\"og:site_name\" content=\"R\u00e9plique Manga Cin\u00e9\" \/>\n<meta property=\"article:publisher\" content=\"https:\/\/www.facebook.com\/RepliqueMangaCine\" \/>\n<meta property=\"article:modified_time\" content=\"2026-02-09T19:31:56+00:00\" \/>\n<meta property=\"og:image\" content=\"https:\/\/repliquemangacine.fr\/wp-content\/uploads\/2024\/04\/Katana-devil-may-cry.jpg\" \/>\n\t<meta property=\"og:image:width\" content=\"500\" \/>\n\t<meta property=\"og:image:height\" content=\"500\" \/>\n\t<meta property=\"og:image:type\" content=\"image\/jpeg\" \/>\n<meta name=\"twitter:card\" content=\"summary_large_image\" \/>\n<meta name=\"twitter:label1\" content=\"Tiempo de lectura\" \/>\n\t<meta name=\"twitter:data1\" content=\"4 minutos\" \/>\n<script type=\"application\/ld+json\" class=\"yoast-schema-graph\">{\"@context\":\"https:\\\/\\\/schema.org\",\"@graph\":[{\"@type\":\"WebPage\",\"@id\":\"https:\\\/\\\/repliquemangacine.fr\\\/katana-et-epee-de-jeux-video-autre-jeux-video\\\/katana-vergil-yamato-v2\\\/\",\"url\":\"https:\\\/\\\/repliquemangacine.fr\\\/katana-et-epee-de-jeux-video-autre-jeux-video\\\/katana-vergil-yamato-v2\\\/\",\"name\":\"Katana Vergil Yamato V2 - R\u00e9plique Manga Cin\u00e9\",\"isPartOf\":{\"@id\":\"https:\\\/\\\/repliquemangacine.fr\\\/#website\"},\"primaryImageOfPage\":{\"@id\":\"https:\\\/\\\/repliquemangacine.fr\\\/katana-et-epee-de-jeux-video-autre-jeux-video\\\/katana-vergil-yamato-v2\\\/#primaryimage\"},\"image\":{\"@id\":\"https:\\\/\\\/repliquemangacine.fr\\\/katana-et-epee-de-jeux-video-autre-jeux-video\\\/katana-vergil-yamato-v2\\\/#primaryimage\"},\"thumbnailUrl\":\"https:\\\/\\\/repliquemangacine.fr\\\/wp-content\\\/uploads\\\/2024\\\/04\\\/Katana-devil-may-cry.jpg\",\"datePublished\":\"2024-04-04T16:59:45+00:00\",\"dateModified\":\"2026-02-09T19:31:56+00:00\",\"description\":\"Venez d\u00e9couvrir le nouveau design du katana de Vergil Yamato V2 au meilleur prix. Finition remarquable, la garde est finement d\u00e9taill\u00e9e comme dans le jeu\",\"breadcrumb\":{\"@id\":\"https:\\\/\\\/repliquemangacine.fr\\\/katana-et-epee-de-jeux-video-autre-jeux-video\\\/katana-vergil-yamato-v2\\\/#breadcrumb\"},\"inLanguage\":\"es\",\"potentialAction\":[{\"@type\":\"ReadAction\",\"target\":[\"https:\\\/\\\/repliquemangacine.fr\\\/katana-et-epee-de-jeux-video-autre-jeux-video\\\/katana-vergil-yamato-v2\\\/\"]}]},{\"@type\":\"ImageObject\",\"inLanguage\":\"es\",\"@id\":\"https:\\\/\\\/repliquemangacine.fr\\\/katana-et-epee-de-jeux-video-autre-jeux-video\\\/katana-vergil-yamato-v2\\\/#primaryimage\",\"url\":\"https:\\\/\\\/repliquemangacine.fr\\\/wp-content\\\/uploads\\\/2024\\\/04\\\/Katana-devil-may-cry.jpg\",\"contentUrl\":\"https:\\\/\\\/repliquemangacine.fr\\\/wp-content\\\/uploads\\\/2024\\\/04\\\/Katana-devil-may-cry.jpg\",\"width\":500,\"height\":500,\"caption\":\"Katana Vergil Yamato V2 Devil My Cry\"},{\"@type\":\"BreadcrumbList\",\"@id\":\"https:\\\/\\\/repliquemangacine.fr\\\/katana-et-epee-de-jeux-video-autre-jeux-video\\\/katana-vergil-yamato-v2\\\/#breadcrumb\",\"itemListElement\":[{\"@type\":\"ListItem\",\"position\":1,\"name\":\"Accueil\",\"item\":\"https:\\\/\\\/repliquemangacine.fr\\\/\"},{\"@type\":\"ListItem\",\"position\":2,\"name\":\"Produits\",\"item\":\"https:\\\/\\\/repliquemangacine.fr\\\/boutique\\\/\"},{\"@type\":\"ListItem\",\"position\":3,\"name\":\"Katana Vergil Yamato V2\"}]},{\"@type\":\"WebSite\",\"@id\":\"https:\\\/\\\/repliquemangacine.fr\\\/#website\",\"url\":\"https:\\\/\\\/repliquemangacine.fr\\\/\",\"name\":\"R\u00e9plique Manga Cin\u00e9\",\"description\":\"\",\"publisher\":{\"@id\":\"https:\\\/\\\/repliquemangacine.fr\\\/#organization\"},\"potentialAction\":[{\"@type\":\"SearchAction\",\"target\":{\"@type\":\"EntryPoint\",\"urlTemplate\":\"https:\\\/\\\/repliquemangacine.fr\\\/?s={search_term_string}\"},\"query-input\":{\"@type\":\"PropertyValueSpecification\",\"valueRequired\":true,\"valueName\":\"search_term_string\"}}],\"inLanguage\":\"es\"},{\"@type\":\"Organization\",\"@id\":\"https:\\\/\\\/repliquemangacine.fr\\\/#organization\",\"name\":\"R\u00e9plique Manga Cin\u00e9\",\"url\":\"https:\\\/\\\/repliquemangacine.fr\\\/\",\"logo\":{\"@type\":\"ImageObject\",\"inLanguage\":\"es\",\"@id\":\"https:\\\/\\\/repliquemangacine.fr\\\/#\\\/schema\\\/logo\\\/image\\\/\",\"url\":\"https:\\\/\\\/repliquemangacine.fr\\\/wp-content\\\/uploads\\\/2023\\\/10\\\/RMC-500250.png\",\"contentUrl\":\"https:\\\/\\\/repliquemangacine.fr\\\/wp-content\\\/uploads\\\/2023\\\/10\\\/RMC-500250.png\",\"width\":500,\"height\":250,\"caption\":\"R\u00e9plique Manga Cin\u00e9\"},\"image\":{\"@id\":\"https:\\\/\\\/repliquemangacine.fr\\\/#\\\/schema\\\/logo\\\/image\\\/\"},\"sameAs\":[\"https:\\\/\\\/www.facebook.com\\\/RepliqueMangaCine\",\"https:\\\/\\\/www.instagram.com\\\/repliquemangacine.fr\\\/\"]}]}<\/script>\n<!-- \/ Yoast SEO plugin. -->","yoast_head_json":{"title":"Katana Vergil Yamato V2 - R\u00e9plique Manga Cin\u00e9","description":"Descubre el nuevo dise\u00f1o de la katana Vergil Yamato V2 al mejor precio. Acabado notable, la guarda est\u00e1 finamente detallada igual que en el juego.","robots":{"index":"index","follow":"follow","max-snippet":"max-snippet:-1","max-image-preview":"max-image-preview:large","max-video-preview":"max-video-preview:-1"},"canonical":"https:\/\/repliquemangacine.fr\/es\/katana-y-espada-videojuego-otros-videojuegos\/katana-vergil-yamato-v2\/","og_locale":"es_ES","og_type":"article","og_title":"Katana Vergil Yamato V2 - R\u00e9plique Manga Cin\u00e9","og_description":"Venez d\u00e9couvrir le nouveau design du katana de Vergil Yamato V2 au meilleur prix. Finition remarquable, la garde est finement d\u00e9taill\u00e9e comme dans le jeu","og_url":"https:\/\/repliquemangacine.fr\/es\/katana-y-espada-videojuego-otros-videojuegos\/katana-vergil-yamato-v2\/","og_site_name":"R\u00e9plique Manga Cin\u00e9","article_publisher":"https:\/\/www.facebook.com\/RepliqueMangaCine","article_modified_time":"2026-02-09T19:31:56+00:00","og_image":[{"width":500,"height":500,"url":"https:\/\/repliquemangacine.fr\/wp-content\/uploads\/2024\/04\/Katana-devil-may-cry.jpg","type":"image\/jpeg"}],"twitter_card":"summary_large_image","twitter_misc":{"Tiempo de lectura":"4 minutos"},"schema":{"@context":"https:\/\/schema.org","@graph":[{"@type":"WebPage","@id":"https:\/\/repliquemangacine.fr\/katana-et-epee-de-jeux-video-autre-jeux-video\/katana-vergil-yamato-v2\/","url":"https:\/\/repliquemangacine.fr\/katana-et-epee-de-jeux-video-autre-jeux-video\/katana-vergil-yamato-v2\/","name":"Katana Vergil Yamato V2 - R\u00e9plique Manga Cin\u00e9","isPartOf":{"@id":"https:\/\/repliquemangacine.fr\/#website"},"primaryImageOfPage":{"@id":"https:\/\/repliquemangacine.fr\/katana-et-epee-de-jeux-video-autre-jeux-video\/katana-vergil-yamato-v2\/#primaryimage"},"image":{"@id":"https:\/\/repliquemangacine.fr\/katana-et-epee-de-jeux-video-autre-jeux-video\/katana-vergil-yamato-v2\/#primaryimage"},"thumbnailUrl":"https:\/\/repliquemangacine.fr\/wp-content\/uploads\/2024\/04\/Katana-devil-may-cry.jpg","datePublished":"2024-04-04T16:59:45+00:00","dateModified":"2026-02-09T19:31:56+00:00","description":"Descubre el nuevo dise\u00f1o de la katana Vergil Yamato V2 al mejor precio. Acabado notable, la guarda est\u00e1 finamente detallada igual que en el juego.","breadcrumb":{"@id":"https:\/\/repliquemangacine.fr\/katana-et-epee-de-jeux-video-autre-jeux-video\/katana-vergil-yamato-v2\/#breadcrumb"},"inLanguage":"es","potentialAction":[{"@type":"ReadAction","target":["https:\/\/repliquemangacine.fr\/katana-et-epee-de-jeux-video-autre-jeux-video\/katana-vergil-yamato-v2\/"]}]},{"@type":"ImageObject","inLanguage":"es","@id":"https:\/\/repliquemangacine.fr\/katana-et-epee-de-jeux-video-autre-jeux-video\/katana-vergil-yamato-v2\/#primaryimage","url":"https:\/\/repliquemangacine.fr\/wp-content\/uploads\/2024\/04\/Katana-devil-may-cry.jpg","contentUrl":"https:\/\/repliquemangacine.fr\/wp-content\/uploads\/2024\/04\/Katana-devil-may-cry.jpg","width":500,"height":500,"caption":"Katana Vergil Yamato V2 Devil My Cry"},{"@type":"BreadcrumbList","@id":"https:\/\/repliquemangacine.fr\/katana-et-epee-de-jeux-video-autre-jeux-video\/katana-vergil-yamato-v2\/#breadcrumb","itemListElement":[{"@type":"ListItem","position":1,"name":"Accueil","item":"https:\/\/repliquemangacine.fr\/"},{"@type":"ListItem","position":2,"name":"Produits","item":"https:\/\/repliquemangacine.fr\/boutique\/"},{"@type":"ListItem","position":3,"name":"Katana Vergil Yamato V2"}]},{"@type":"WebSite","@id":"https:\/\/repliquemangacine.fr\/#website","url":"https:\/\/repliquemangacine.fr\/","name":"R\u00e9plique Manga Cin\u00e9","description":"","publisher":{"@id":"https:\/\/repliquemangacine.fr\/#organization"},"potentialAction":[{"@type":"SearchAction","target":{"@type":"EntryPoint","urlTemplate":"https:\/\/repliquemangacine.fr\/?s={search_term_string}"},"query-input":{"@type":"PropertyValueSpecification","valueRequired":true,"valueName":"search_term_string"}}],"inLanguage":"es"},{"@type":"Organization","@id":"https:\/\/repliquemangacine.fr\/#organization","name":"R\u00e9plique Manga Cin\u00e9","url":"https:\/\/repliquemangacine.fr\/","logo":{"@type":"ImageObject","inLanguage":"es","@id":"https:\/\/repliquemangacine.fr\/#\/schema\/logo\/image\/","url":"https:\/\/repliquemangacine.fr\/wp-content\/uploads\/2023\/10\/RMC-500250.png","contentUrl":"https:\/\/repliquemangacine.fr\/wp-content\/uploads\/2023\/10\/RMC-500250.png","width":500,"height":250,"caption":"R\u00e9plique Manga Cin\u00e9"},"image":{"@id":"https:\/\/repliquemangacine.fr\/#\/schema\/logo\/image\/"},"sameAs":["https:\/\/www.facebook.com\/RepliqueMangaCine","https:\/\/www.instagram.com\/repliquemangacine.fr\/"]}]}},"_links":{"self":[{"href":"https:\/\/repliquemangacine.fr\/es\/wp-json\/wp\/v2\/product\/70935","targetHints":{"allow":["GET"]}}],"collection":[{"href":"https:\/\/repliquemangacine.fr\/es\/wp-json\/wp\/v2\/product"}],"about":[{"href":"https:\/\/repliquemangacine.fr\/es\/wp-json\/wp\/v2\/types\/product"}],"wp:featuredmedia":[{"embeddable":true,"href":"https:\/\/repliquemangacine.fr\/es\/wp-json\/wp\/v2\/media\/70937"}],"wp:attachment":[{"href":"https:\/\/repliquemangacine.fr\/es\/wp-json\/wp\/v2\/media?parent=70935"}],"wp:term":[{"taxonomy":"product_brand","embeddable":true,"href":"https:\/\/repliquemangacine.fr\/es\/wp-json\/wp\/v2\/product_brand?post=70935"},{"taxonomy":"product_cat","embeddable":true,"href":"https:\/\/repliquemangacine.fr\/es\/wp-json\/wp\/v2\/product_cat?post=70935"},{"taxonomy":"product_tag","embeddable":true,"href":"https:\/\/repliquemangacine.fr\/es\/wp-json\/wp\/v2\/product_tag?post=70935"}],"curies":[{"name":"wp","href":"https:\/\/api.w.org\/{rel}","templated":true}]}}