





{"id":70724,"date":"2024-03-29T18:10:26","date_gmt":"2024-03-29T17:10:26","guid":{"rendered":"https:\/\/repliquemangacine.fr\/?post_type=product&#038;p=70724"},"modified":"2026-04-07T01:06:53","modified_gmt":"2026-04-06T23:06:53","slug":"pack-the-walking-dead","status":"publish","type":"product","link":"https:\/\/repliquemangacine.fr\/es\/armes-the-walking-dead\/pack-the-walking-dead\/","title":{"rendered":"Pack The Walking Dead"},"content":{"rendered":"<h2>Sobrevive al Apocalipsis con el pack \"The Walking Dead - Los que viven<\/h2>\n<p>En primer lugar, descubre nuestra oferta excepcional, el Pack The Walking Dead, para celebrar el estreno en Francia de la tan esperada serie \u201cThe Walking Dead \u2013 The Ones Who Live\u201d.<\/p>\n<p>En primer lugar, la historia de Rick Grimes y Michonne se ve transformada por un mundo cambiado, separados por la distancia. Deben luchar para reencontrarse el uno al otro. No solo para reavivar su v\u00ednculo indisoluble, sino tambi\u00e9n para convertirse en h\u00e9roes en un mundo destrozado. Los fans est\u00e1n invitados a sumergirse en una \u00e9pica historia de amor definida por las pruebas de un mundo devastado por los conflictos y los horrores apocal\u00edpticos.<\/p>\n<p>Sum\u00e9rgete en el universo postapocal\u00edptico de la serie de culto con nuestro pack exclusivo que incluye la emblem\u00e1tica katana de Michonne y la Colt Python de Rick Grimes. Dise\u00f1adas con gran atenci\u00f3n al detalle, estas r\u00e9plicas son m\u00e1s que simples objetos de colecci\u00f3n. Son una puerta de entrada al despiadado mundo de \u201cThe Walking Dead\u201d, donde cada d\u00eda es una lucha por la supervivencia.<\/p>\n<h2>El pack de The Walking Dead: frases dignas de Supervivientes<\/h2>\n<p>Para empezar, hablemos de Michonne, interpretada por la talentosa Danai Gurira. La <a href=\"https:\/\/repliquemangacine.fr\/es\/armas-the-walking-dead\/katana-de-michonne\/\">La katana de Michonne<\/a> es mucho m\u00e1s que un simple arma. Es, adem\u00e1s, un s\u00edmbolo de resistencia, fuerza y voluntad inquebrantable de sobrevivir en este universo despiadado.<\/p>\n<p>Esta r\u00e9plica meticulosamente dise\u00f1ada captura la esencia misma de Michonne, una de las supervivientes m\u00e1s carism\u00e1ticas y temidas. Con una hoja de acero inoxidable de alta calidad, esta katana combina belleza est\u00e9tica y eficacia formidable. La empu\u00f1adura, fielmente reproducida, ofrece un agarre c\u00f3modo y seguro, lo que permite revivir con precisi\u00f3n los momentos m\u00e1s heroicos de Michonne.<\/p>\n<p>Cada detalle, desde el trenzado del mango hasta la elegante curvatura de la hoja, est\u00e1 pensado para ofrecer a los aficionados y coleccionistas una pieza excepcional. Poseer esta katana es sumergirse en el coraje y la determinaci\u00f3n que caracterizan a Michonne. Esto convierte a este objeto en un imprescindible para cualquier admirador de \u201cThe Walking Dead\u201d.<\/p>\n<h2>Los que viven: el regreso de Rick<\/h2>\n<p>Ya est\u00e1, por fin ha llegado el gran regreso de Rick Grims, tan esperado por todos. Es muy probable que en este spin-off nos encontremos con una sorpresa tras otra.<\/p>\n<p>Pero recuerden el <a href=\"https:\/\/repliquemangacine.fr\/es\/denix\/colt-python-rick-grimes\/\">Colt Python por Rick<\/a>, emblem\u00e1tico del liderazgo, la justicia y la lucha por la supervivencia. Esta r\u00e9plica, cuidadosamente elaborada, encarna el esp\u00edritu de Rick Grimes, decidido, inquebrantable y siempre dispuesto a defender lo que es justo.<\/p>\n<p>La Colt Python, con su dise\u00f1o cl\u00e1sico y su acabado met\u00e1lico preciso, es una reproducci\u00f3n <a href=\"https:\/\/www.denix.fr\/fr\/catalogue\/armes-modernes-1945-1982\/revolvers\/6304\/\" target=\"_blank\" rel=\"noopener noreferrer\">Denix<\/a>El arma elegida por Rick. Simboliza no s\u00f3lo la lucha contra los muertos vivientes. Sino tambi\u00e9n los conflictos internos y las dif\u00edciles decisiones a las que los supervivientes se enfrentan a diario. Esta pieza de coleccionista ofrece a los fans una conexi\u00f3n tangible con el personaje de Rick Grimes. De hecho, recuerda momentos cruciales de la serie en los que el valor y el sacrificio definen la verdadera esencia de la supervivencia. En conclusi\u00f3n, adquirir esta Colt Python es abrazar el legado de Rick Grimes y su imborrable impacto en \"The Walking Dead\". Lo que la convierte en una pieza imprescindible para coleccionistas y fans de la serie.<\/p>\n<p>&nbsp;<\/p>","protected":false},"excerpt":{"rendered":"<p>Magn\u00edfico pack de la katana de Michonne y el Colt de Rick en la serie The Walking Dead<\/p>","protected":false},"featured_media":70725,"template":"","meta":[],"product_brand":[],"product_cat":[62],"product_tag":[],"class_list":{"0":"post-70724","1":"product","2":"type-product","3":"status-publish","4":"has-post-thumbnail","6":"product_cat-armes-the-walking-dead","8":"first","9":"instock","10":"sale","11":"taxable","12":"shipping-taxable","13":"purchasable","14":"product-type-simple"},"yoast_head":"<!-- This site is optimized with the Yoast SEO plugin v27.4 - https:\/\/yoast.com\/product\/yoast-seo-wordpress\/ -->\n<title>Pack The Walking Dead - R\u00e9plique Manga Cin\u00e9<\/title>\n<meta name=\"description\" content=\"Offrez-vous les deux r\u00e9pliques les plus embl\u00e9matiques de la s\u00e9rie, gr\u00e2ce \u00e0 ce Pack The Walking Dead. Retrouvez le katana de Michonne et le Colt de Rick.\" \/>\n<meta name=\"robots\" content=\"index, follow, max-snippet:-1, max-image-preview:large, max-video-preview:-1\" \/>\n<link rel=\"canonical\" href=\"https:\/\/repliquemangacine.fr\/es\/armas-the-walking-dead\/pack-the-walking-dead\/\" \/>\n<meta property=\"og:locale\" content=\"es_ES\" \/>\n<meta property=\"og:type\" content=\"article\" \/>\n<meta property=\"og:title\" content=\"Pack The Walking Dead - R\u00e9plique Manga Cin\u00e9\" \/>\n<meta property=\"og:description\" content=\"Offrez-vous les deux r\u00e9pliques les plus embl\u00e9matiques de la s\u00e9rie, gr\u00e2ce \u00e0 ce Pack The Walking Dead. Retrouvez le katana de Michonne et le Colt de Rick.\" \/>\n<meta property=\"og:url\" content=\"https:\/\/repliquemangacine.fr\/es\/armas-the-walking-dead\/pack-the-walking-dead\/\" \/>\n<meta property=\"og:site_name\" content=\"R\u00e9plique Manga Cin\u00e9\" \/>\n<meta property=\"article:publisher\" content=\"https:\/\/www.facebook.com\/RepliqueMangaCine\" \/>\n<meta property=\"article:modified_time\" content=\"2026-04-06T23:06:53+00:00\" \/>\n<meta property=\"og:image\" content=\"https:\/\/repliquemangacine.fr\/wp-content\/uploads\/2024\/03\/Pack-armes-Walking-Dead.jpg\" \/>\n\t<meta property=\"og:image:width\" content=\"500\" \/>\n\t<meta property=\"og:image:height\" content=\"500\" \/>\n\t<meta property=\"og:image:type\" content=\"image\/jpeg\" \/>\n<meta name=\"twitter:card\" content=\"summary_large_image\" \/>\n<meta name=\"twitter:label1\" content=\"Tiempo de lectura\" \/>\n\t<meta name=\"twitter:data1\" content=\"3 minutos\" \/>\n<script type=\"application\/ld+json\" class=\"yoast-schema-graph\">{\"@context\":\"https:\\\/\\\/schema.org\",\"@graph\":[{\"@type\":\"WebPage\",\"@id\":\"https:\\\/\\\/repliquemangacine.fr\\\/armes-the-walking-dead\\\/pack-the-walking-dead\\\/\",\"url\":\"https:\\\/\\\/repliquemangacine.fr\\\/armes-the-walking-dead\\\/pack-the-walking-dead\\\/\",\"name\":\"Pack The Walking Dead - R\u00e9plique Manga Cin\u00e9\",\"isPartOf\":{\"@id\":\"https:\\\/\\\/repliquemangacine.fr\\\/#website\"},\"primaryImageOfPage\":{\"@id\":\"https:\\\/\\\/repliquemangacine.fr\\\/armes-the-walking-dead\\\/pack-the-walking-dead\\\/#primaryimage\"},\"image\":{\"@id\":\"https:\\\/\\\/repliquemangacine.fr\\\/armes-the-walking-dead\\\/pack-the-walking-dead\\\/#primaryimage\"},\"thumbnailUrl\":\"https:\\\/\\\/repliquemangacine.fr\\\/wp-content\\\/uploads\\\/2024\\\/03\\\/Pack-armes-Walking-Dead.jpg\",\"datePublished\":\"2024-03-29T17:10:26+00:00\",\"dateModified\":\"2026-04-06T23:06:53+00:00\",\"description\":\"Offrez-vous les deux r\u00e9pliques les plus embl\u00e9matiques de la s\u00e9rie, gr\u00e2ce \u00e0 ce Pack The Walking Dead. Retrouvez le katana de Michonne et le Colt de Rick.\",\"breadcrumb\":{\"@id\":\"https:\\\/\\\/repliquemangacine.fr\\\/armes-the-walking-dead\\\/pack-the-walking-dead\\\/#breadcrumb\"},\"inLanguage\":\"es\",\"potentialAction\":[{\"@type\":\"ReadAction\",\"target\":[\"https:\\\/\\\/repliquemangacine.fr\\\/armes-the-walking-dead\\\/pack-the-walking-dead\\\/\"]}]},{\"@type\":\"ImageObject\",\"inLanguage\":\"es\",\"@id\":\"https:\\\/\\\/repliquemangacine.fr\\\/armes-the-walking-dead\\\/pack-the-walking-dead\\\/#primaryimage\",\"url\":\"https:\\\/\\\/repliquemangacine.fr\\\/wp-content\\\/uploads\\\/2024\\\/03\\\/Pack-armes-Walking-Dead.jpg\",\"contentUrl\":\"https:\\\/\\\/repliquemangacine.fr\\\/wp-content\\\/uploads\\\/2024\\\/03\\\/Pack-armes-Walking-Dead.jpg\",\"width\":500,\"height\":500,\"caption\":\"Pack armes Walking Dead\"},{\"@type\":\"BreadcrumbList\",\"@id\":\"https:\\\/\\\/repliquemangacine.fr\\\/armes-the-walking-dead\\\/pack-the-walking-dead\\\/#breadcrumb\",\"itemListElement\":[{\"@type\":\"ListItem\",\"position\":1,\"name\":\"Accueil\",\"item\":\"https:\\\/\\\/repliquemangacine.fr\\\/\"},{\"@type\":\"ListItem\",\"position\":2,\"name\":\"Produits\",\"item\":\"https:\\\/\\\/repliquemangacine.fr\\\/boutique\\\/\"},{\"@type\":\"ListItem\",\"position\":3,\"name\":\"Pack The Walking Dead\"}]},{\"@type\":\"WebSite\",\"@id\":\"https:\\\/\\\/repliquemangacine.fr\\\/#website\",\"url\":\"https:\\\/\\\/repliquemangacine.fr\\\/\",\"name\":\"R\u00e9plique Manga Cin\u00e9\",\"description\":\"\",\"publisher\":{\"@id\":\"https:\\\/\\\/repliquemangacine.fr\\\/#organization\"},\"potentialAction\":[{\"@type\":\"SearchAction\",\"target\":{\"@type\":\"EntryPoint\",\"urlTemplate\":\"https:\\\/\\\/repliquemangacine.fr\\\/?s={search_term_string}\"},\"query-input\":{\"@type\":\"PropertyValueSpecification\",\"valueRequired\":true,\"valueName\":\"search_term_string\"}}],\"inLanguage\":\"es\"},{\"@type\":\"Organization\",\"@id\":\"https:\\\/\\\/repliquemangacine.fr\\\/#organization\",\"name\":\"R\u00e9plique Manga Cin\u00e9\",\"url\":\"https:\\\/\\\/repliquemangacine.fr\\\/\",\"logo\":{\"@type\":\"ImageObject\",\"inLanguage\":\"es\",\"@id\":\"https:\\\/\\\/repliquemangacine.fr\\\/#\\\/schema\\\/logo\\\/image\\\/\",\"url\":\"https:\\\/\\\/repliquemangacine.fr\\\/wp-content\\\/uploads\\\/2023\\\/10\\\/RMC-500250.png\",\"contentUrl\":\"https:\\\/\\\/repliquemangacine.fr\\\/wp-content\\\/uploads\\\/2023\\\/10\\\/RMC-500250.png\",\"width\":500,\"height\":250,\"caption\":\"R\u00e9plique Manga Cin\u00e9\"},\"image\":{\"@id\":\"https:\\\/\\\/repliquemangacine.fr\\\/#\\\/schema\\\/logo\\\/image\\\/\"},\"sameAs\":[\"https:\\\/\\\/www.facebook.com\\\/RepliqueMangaCine\",\"https:\\\/\\\/www.instagram.com\\\/repliquemangacine.fr\\\/\"]}]}<\/script>\n<!-- \/ Yoast SEO plugin. -->","yoast_head_json":{"title":"Pack The Walking Dead - R\u00e9plique Manga Cin\u00e9","description":"Date un capricho con las dos l\u00edneas m\u00e1s ic\u00f3nicas de la serie gracias a este pack de The Walking Dead. Encontrar\u00e1s la katana de Michonne y el Colt de Rick.","robots":{"index":"index","follow":"follow","max-snippet":"max-snippet:-1","max-image-preview":"max-image-preview:large","max-video-preview":"max-video-preview:-1"},"canonical":"https:\/\/repliquemangacine.fr\/es\/armas-the-walking-dead\/pack-the-walking-dead\/","og_locale":"es_ES","og_type":"article","og_title":"Pack The Walking Dead - R\u00e9plique Manga Cin\u00e9","og_description":"Offrez-vous les deux r\u00e9pliques les plus embl\u00e9matiques de la s\u00e9rie, gr\u00e2ce \u00e0 ce Pack The Walking Dead. Retrouvez le katana de Michonne et le Colt de Rick.","og_url":"https:\/\/repliquemangacine.fr\/es\/armas-the-walking-dead\/pack-the-walking-dead\/","og_site_name":"R\u00e9plique Manga Cin\u00e9","article_publisher":"https:\/\/www.facebook.com\/RepliqueMangaCine","article_modified_time":"2026-04-06T23:06:53+00:00","og_image":[{"width":500,"height":500,"url":"https:\/\/repliquemangacine.fr\/wp-content\/uploads\/2024\/03\/Pack-armes-Walking-Dead.jpg","type":"image\/jpeg"}],"twitter_card":"summary_large_image","twitter_misc":{"Tiempo de lectura":"3 minutos"},"schema":{"@context":"https:\/\/schema.org","@graph":[{"@type":"WebPage","@id":"https:\/\/repliquemangacine.fr\/armes-the-walking-dead\/pack-the-walking-dead\/","url":"https:\/\/repliquemangacine.fr\/armes-the-walking-dead\/pack-the-walking-dead\/","name":"Pack The Walking Dead - R\u00e9plique Manga Cin\u00e9","isPartOf":{"@id":"https:\/\/repliquemangacine.fr\/#website"},"primaryImageOfPage":{"@id":"https:\/\/repliquemangacine.fr\/armes-the-walking-dead\/pack-the-walking-dead\/#primaryimage"},"image":{"@id":"https:\/\/repliquemangacine.fr\/armes-the-walking-dead\/pack-the-walking-dead\/#primaryimage"},"thumbnailUrl":"https:\/\/repliquemangacine.fr\/wp-content\/uploads\/2024\/03\/Pack-armes-Walking-Dead.jpg","datePublished":"2024-03-29T17:10:26+00:00","dateModified":"2026-04-06T23:06:53+00:00","description":"Date un capricho con las dos l\u00edneas m\u00e1s ic\u00f3nicas de la serie gracias a este pack de The Walking Dead. Encontrar\u00e1s la katana de Michonne y el Colt de Rick.","breadcrumb":{"@id":"https:\/\/repliquemangacine.fr\/armes-the-walking-dead\/pack-the-walking-dead\/#breadcrumb"},"inLanguage":"es","potentialAction":[{"@type":"ReadAction","target":["https:\/\/repliquemangacine.fr\/armes-the-walking-dead\/pack-the-walking-dead\/"]}]},{"@type":"ImageObject","inLanguage":"es","@id":"https:\/\/repliquemangacine.fr\/armes-the-walking-dead\/pack-the-walking-dead\/#primaryimage","url":"https:\/\/repliquemangacine.fr\/wp-content\/uploads\/2024\/03\/Pack-armes-Walking-Dead.jpg","contentUrl":"https:\/\/repliquemangacine.fr\/wp-content\/uploads\/2024\/03\/Pack-armes-Walking-Dead.jpg","width":500,"height":500,"caption":"Pack armes Walking Dead"},{"@type":"BreadcrumbList","@id":"https:\/\/repliquemangacine.fr\/armes-the-walking-dead\/pack-the-walking-dead\/#breadcrumb","itemListElement":[{"@type":"ListItem","position":1,"name":"Accueil","item":"https:\/\/repliquemangacine.fr\/"},{"@type":"ListItem","position":2,"name":"Produits","item":"https:\/\/repliquemangacine.fr\/boutique\/"},{"@type":"ListItem","position":3,"name":"Pack The Walking Dead"}]},{"@type":"WebSite","@id":"https:\/\/repliquemangacine.fr\/#website","url":"https:\/\/repliquemangacine.fr\/","name":"R\u00e9plique Manga Cin\u00e9","description":"","publisher":{"@id":"https:\/\/repliquemangacine.fr\/#organization"},"potentialAction":[{"@type":"SearchAction","target":{"@type":"EntryPoint","urlTemplate":"https:\/\/repliquemangacine.fr\/?s={search_term_string}"},"query-input":{"@type":"PropertyValueSpecification","valueRequired":true,"valueName":"search_term_string"}}],"inLanguage":"es"},{"@type":"Organization","@id":"https:\/\/repliquemangacine.fr\/#organization","name":"R\u00e9plique Manga Cin\u00e9","url":"https:\/\/repliquemangacine.fr\/","logo":{"@type":"ImageObject","inLanguage":"es","@id":"https:\/\/repliquemangacine.fr\/#\/schema\/logo\/image\/","url":"https:\/\/repliquemangacine.fr\/wp-content\/uploads\/2023\/10\/RMC-500250.png","contentUrl":"https:\/\/repliquemangacine.fr\/wp-content\/uploads\/2023\/10\/RMC-500250.png","width":500,"height":250,"caption":"R\u00e9plique Manga Cin\u00e9"},"image":{"@id":"https:\/\/repliquemangacine.fr\/#\/schema\/logo\/image\/"},"sameAs":["https:\/\/www.facebook.com\/RepliqueMangaCine","https:\/\/www.instagram.com\/repliquemangacine.fr\/"]}]}},"_links":{"self":[{"href":"https:\/\/repliquemangacine.fr\/es\/wp-json\/wp\/v2\/product\/70724","targetHints":{"allow":["GET"]}}],"collection":[{"href":"https:\/\/repliquemangacine.fr\/es\/wp-json\/wp\/v2\/product"}],"about":[{"href":"https:\/\/repliquemangacine.fr\/es\/wp-json\/wp\/v2\/types\/product"}],"wp:featuredmedia":[{"embeddable":true,"href":"https:\/\/repliquemangacine.fr\/es\/wp-json\/wp\/v2\/media\/70725"}],"wp:attachment":[{"href":"https:\/\/repliquemangacine.fr\/es\/wp-json\/wp\/v2\/media?parent=70724"}],"wp:term":[{"taxonomy":"product_brand","embeddable":true,"href":"https:\/\/repliquemangacine.fr\/es\/wp-json\/wp\/v2\/product_brand?post=70724"},{"taxonomy":"product_cat","embeddable":true,"href":"https:\/\/repliquemangacine.fr\/es\/wp-json\/wp\/v2\/product_cat?post=70724"},{"taxonomy":"product_tag","embeddable":true,"href":"https:\/\/repliquemangacine.fr\/es\/wp-json\/wp\/v2\/product_tag?post=70724"}],"curies":[{"name":"wp","href":"https:\/\/api.w.org\/{rel}","templated":true}]}}