





{"id":70126,"date":"2024-03-07T14:29:59","date_gmt":"2024-03-07T13:29:59","guid":{"rendered":"https:\/\/repliquemangacine.fr\/?post_type=product&#038;p=70126"},"modified":"2026-03-29T18:19:47","modified_gmt":"2026-03-29T16:19:47","slug":"rogers-de-oro-espada-de-una-pieza","status":"publish","type":"product","link":"https:\/\/repliquemangacine.fr\/es\/sabre-dabordage-de-pirate\/sabre-de-gold-rogers-one-piece\/","title":{"rendered":"Espada Rogers dorada - One Piece"},"content":{"rendered":"<h2>Sable de Oro Rogers: Una leyenda afilada<\/h2>\n<p>En primer lugar, el <strong>Espada Rogers de oro<\/strong> Encarna el poder y el misterio del legendario Rey de los Piratas en \u201cOne Piece\u201d. Llamado Ace, es uno de los 12 mejores espadachines del mundo. Su t\u00e9cnica con la espada es \u201cTr\u00e9pas divin\u201d (Muerte divina), y la empu\u00f1a con la mano derecha. Roger la balancea, creando una poderosa onda de choque para golpear a su oponente. Esta t\u00e9cnica se vio por primera vez contra Kozuki Oden, golpe\u00e1ndole en el torso. Fue lo suficientemente poderosa como para aplastar la defensa con dos espadas de Oden, lanz\u00e1ndolo a gran distancia.<\/p>\n<p>Adem\u00e1s, esta espada fue testigo de las batallas m\u00e1s duras y de aventuras mar\u00edtimas sin igual. Por lo tanto, sigue siendo un s\u00edmbolo de fuerza incomparable en el mundo de los piratas. Las historias sobre la espada de Gold Roger no solo evocan su habilidad sin igual como espadach\u00edn, sino tambi\u00e9n la capacidad de la espada para atravesar los siglos, despertando admiraci\u00f3n y codicia.<\/p>\n<p>Los coleccionistas y aficionados al anime sue\u00f1an con poseer una r\u00e9plica de esta espada. Una prueba tangible del paso por la historia del pirata m\u00e1s grande que jam\u00e1s haya navegado por los oc\u00e9anos. La reputaci\u00f3n de la espada, al igual que la de su propietario, estimula la imaginaci\u00f3n de los aficionados, situ\u00e1ndola en el centro de relatos de valent\u00eda y aventuras infinitas.<\/p>\n<h2>Sable de Oro Rogers: El \u00fanico se\u00f1or de los piratas<\/h2>\n<p>En primer lugar, Gold Roger, m\u00e1s conocido como Gol D. Roger. Una figura central y legendaria en el universo de \u201cOne Piece\u201d, el manga y anime creado por Eiichiro Oda. Conocido como el \u201cRey de los Piratas\u201d, Rogers es quien lleg\u00f3 al fin del mundo, Laughtale, la isla del tesoro definitivo donde se encuentra el misterioso tesoro llamado \u201cOne Piece\u201d.<\/p>\n<p>Hacia el final de su vida, decidi\u00f3 entregarse a la Marina tras descubrir que padec\u00eda una enfermedad incurable. Antes de su ejecuci\u00f3n, pronunci\u00f3 sus famosas \u00faltimas palabras, que incitaron a personas de todo el mundo a lanzarse al mar en busca del \u201cOne Piece\u201d. Declar\u00f3: \u201c\u00bfMi tesoro? Si lo quer\u00e9is, pod\u00e9is qued\u00e1roslo. \u00a1Buscadlo! Lo he dejado todo en un solo lugar\u201d. Estas palabras dieron inicio a la Gran Era de los Piratas.<\/p>\n<p>El misterio de Gol D. Roger y su tesoro sigue desempe\u00f1ando un papel crucial a lo largo de la serie. A pesar de su muerte, su legado influye profundamente en la trama, impulsando a los piratas, incluido el protagonista Monkey D. Luffy, a perseguir sus sue\u00f1os y navegar a trav\u00e9s de los peligros de Grand Line en busca del \u201c<a href=\"https:\/\/onepiece.fandom.com\/fr\/wiki\/One_Piece_Encyclop%C3%A9die\" target=\"_blank\" rel=\"noopener noreferrer\">Una pieza<\/a>\u201c.<\/p>\n<h2>Armas legendarias de One Piece<\/h2>\n<p>Para empezar, el universo de \u201cOne Piece\u201d est\u00e1 repleto de armas legendarias. Cada una de ellas guarda las historias de batallas hist\u00f3ricas y guerreros excepcionales que han marcado el mundo. Desde la espada de Gold Roger hasta armas antiguas que esconden poderes devastadores. Cabe destacar que cada pieza revela un fragmento de la rica y compleja historia del mundo de \u201cOne Piece\u201d.<\/p>\n<p>\u2013 Entre ellas, la\u2019<a href=\"https:\/\/repliquemangacine.fr\/es\/katana-de-metal-de-una-pieza\/purpura-enma-katana-una-pieza\/\">Espada Enma<\/a>, en poder de Roronoa Zoro, destaca por su capacidad para drenar el Haki de su usuario.<\/p>\n<p>\u2013 Tambi\u00e9n est\u00e1 Kikoku, el <a href=\"https:\/\/repliquemangacine.fr\/es\/katana-de-metal-de-una-pieza\/katana-trafalgar-law-violet-one-piece\/\">Katana de la Ley de Trafalgar<\/a>, el cirujano de la muerte. Gran espada maldita con un oscuro pasado.<\/p>\n<p>\u2013 As\u00ed como la <a href=\"https:\/\/repliquemangacine.fr\/es\/katana-de-metal-de-una-pieza\/cana-brook-epee\/\">Bast\u00f3n de Brook<\/a>, el m\u00fasico esqueleto de la tripulaci\u00f3n. Hay que decir tambi\u00e9n que este elegante instrumento esconde una afilada hoja.<\/p>\n<p>\u2013 Para concluir, no olvidemos los famosos <a href=\"https:\/\/repliquemangacine.fr\/es\/katana-de-metal-de-una-pieza\/3-katanas-zoro\/\">tres espadas Zoro<\/a>. En conjunto, estas espadas ilustran el camino de Zoro hacia la maestr\u00eda y su evoluci\u00f3n como espadach\u00edn. De hecho, cada espada contribuye a su leyenda en el mundo de \u201cOne Piece\u201d.<\/p>\n<p>En conclusi\u00f3n, sus armas emblem\u00e1ticas son una adici\u00f3n esencial a tu colecci\u00f3n.<\/p>","protected":false},"excerpt":{"rendered":"<p>Magn\u00edfica r\u00e9plica de la espada de Gold Rogers de One Piece<\/p>\n<ul>\n<li>Hoja de acero decorada<\/li>\n<li>Soporte de acero para ollas<\/li>\n<li>Mango recubierto de trenza de algod\u00f3n marr\u00f3n<\/li>\n<li>Se suministra con funda de hombro de polipiel negra<\/li>\n<li>Longitud de la hoja: 65 cm - Longitud total: 95 cm<\/li>\n<li>Peso: 1395 g con funda<\/li>\n<\/ul>","protected":false},"featured_media":70127,"template":"","meta":[],"product_brand":[],"product_cat":[123,36,115],"product_tag":[],"class_list":{"0":"post-70126","1":"product","2":"type-product","3":"status-publish","4":"has-post-thumbnail","6":"product_cat-katana-en-metal-one-piece","7":"product_cat-katana-one-piece","8":"product_cat-sabre-dabordage-de-pirate","10":"first","11":"instock","12":"taxable","13":"shipping-taxable","14":"purchasable","15":"product-type-simple"},"yoast_head":"<!-- This site is optimized with the Yoast SEO plugin v27.5 - https:\/\/yoast.com\/product\/yoast-seo-wordpress\/ -->\n<title>Sabre de Gold Rogers - One Piece - \u00c9p\u00e9e Ace | RMC<\/title>\n<meta name=\"description\" content=\"D\u00e9couvrez cette r\u00e9plique du Sabre de Gold Rogers dans One Piece au meilleur prix. Lame en acier d\u00e9cor\u00e9. Fourreau similicuir noir. Longueur : 95 cm\" \/>\n<meta name=\"robots\" content=\"index, follow, max-snippet:-1, max-image-preview:large, max-video-preview:-1\" \/>\n<link rel=\"canonical\" href=\"https:\/\/repliquemangacine.fr\/es\/espada-pirata\/rogers-de-oro-espada-de-una-pieza\/\" \/>\n<meta property=\"og:locale\" content=\"es_ES\" \/>\n<meta property=\"og:type\" content=\"article\" \/>\n<meta property=\"og:title\" content=\"Sabre de Gold Rogers - One Piece - \u00c9p\u00e9e Ace | RMC\" \/>\n<meta property=\"og:description\" content=\"D\u00e9couvrez cette r\u00e9plique du Sabre de Gold Rogers dans One Piece au meilleur prix. Lame en acier d\u00e9cor\u00e9. Fourreau similicuir noir. Longueur : 95 cm\" \/>\n<meta property=\"og:url\" content=\"https:\/\/repliquemangacine.fr\/es\/espada-pirata\/rogers-de-oro-espada-de-una-pieza\/\" \/>\n<meta property=\"og:site_name\" content=\"R\u00e9plique Manga Cin\u00e9\" \/>\n<meta property=\"article:publisher\" content=\"https:\/\/www.facebook.com\/RepliqueMangaCine\" \/>\n<meta property=\"article:modified_time\" content=\"2026-03-29T16:19:47+00:00\" \/>\n<meta property=\"og:image\" content=\"https:\/\/repliquemangacine.fr\/wp-content\/uploads\/2024\/03\/Epee-de-Gold-rogers.jpg\" \/>\n\t<meta property=\"og:image:width\" content=\"500\" \/>\n\t<meta property=\"og:image:height\" content=\"500\" \/>\n\t<meta property=\"og:image:type\" content=\"image\/jpeg\" \/>\n<meta name=\"twitter:card\" content=\"summary_large_image\" \/>\n<meta name=\"twitter:label1\" content=\"Tiempo de lectura\" \/>\n\t<meta name=\"twitter:data1\" content=\"4 minutos\" \/>\n<script type=\"application\/ld+json\" class=\"yoast-schema-graph\">{\"@context\":\"https:\\\/\\\/schema.org\",\"@graph\":[{\"@type\":\"WebPage\",\"@id\":\"https:\\\/\\\/repliquemangacine.fr\\\/sabre-dabordage-de-pirate\\\/sabre-de-gold-rogers-one-piece\\\/\",\"url\":\"https:\\\/\\\/repliquemangacine.fr\\\/sabre-dabordage-de-pirate\\\/sabre-de-gold-rogers-one-piece\\\/\",\"name\":\"Sabre de Gold Rogers - One Piece - \u00c9p\u00e9e Ace | RMC\",\"isPartOf\":{\"@id\":\"https:\\\/\\\/repliquemangacine.fr\\\/#website\"},\"primaryImageOfPage\":{\"@id\":\"https:\\\/\\\/repliquemangacine.fr\\\/sabre-dabordage-de-pirate\\\/sabre-de-gold-rogers-one-piece\\\/#primaryimage\"},\"image\":{\"@id\":\"https:\\\/\\\/repliquemangacine.fr\\\/sabre-dabordage-de-pirate\\\/sabre-de-gold-rogers-one-piece\\\/#primaryimage\"},\"thumbnailUrl\":\"https:\\\/\\\/repliquemangacine.fr\\\/wp-content\\\/uploads\\\/2024\\\/03\\\/Epee-de-Gold-rogers.jpg\",\"datePublished\":\"2024-03-07T13:29:59+00:00\",\"dateModified\":\"2026-03-29T16:19:47+00:00\",\"description\":\"D\u00e9couvrez cette r\u00e9plique du Sabre de Gold Rogers dans One Piece au meilleur prix. Lame en acier d\u00e9cor\u00e9. Fourreau similicuir noir. Longueur : 95 cm\",\"breadcrumb\":{\"@id\":\"https:\\\/\\\/repliquemangacine.fr\\\/sabre-dabordage-de-pirate\\\/sabre-de-gold-rogers-one-piece\\\/#breadcrumb\"},\"inLanguage\":\"es\",\"potentialAction\":[{\"@type\":\"ReadAction\",\"target\":[\"https:\\\/\\\/repliquemangacine.fr\\\/sabre-dabordage-de-pirate\\\/sabre-de-gold-rogers-one-piece\\\/\"]}]},{\"@type\":\"ImageObject\",\"inLanguage\":\"es\",\"@id\":\"https:\\\/\\\/repliquemangacine.fr\\\/sabre-dabordage-de-pirate\\\/sabre-de-gold-rogers-one-piece\\\/#primaryimage\",\"url\":\"https:\\\/\\\/repliquemangacine.fr\\\/wp-content\\\/uploads\\\/2024\\\/03\\\/Epee-de-Gold-rogers.jpg\",\"contentUrl\":\"https:\\\/\\\/repliquemangacine.fr\\\/wp-content\\\/uploads\\\/2024\\\/03\\\/Epee-de-Gold-rogers.jpg\",\"width\":500,\"height\":500,\"caption\":\"Sabre Gold Rogers dans One Piece\"},{\"@type\":\"BreadcrumbList\",\"@id\":\"https:\\\/\\\/repliquemangacine.fr\\\/sabre-dabordage-de-pirate\\\/sabre-de-gold-rogers-one-piece\\\/#breadcrumb\",\"itemListElement\":[{\"@type\":\"ListItem\",\"position\":1,\"name\":\"Accueil\",\"item\":\"https:\\\/\\\/repliquemangacine.fr\\\/\"},{\"@type\":\"ListItem\",\"position\":2,\"name\":\"Produits\",\"item\":\"https:\\\/\\\/repliquemangacine.fr\\\/boutique\\\/\"},{\"@type\":\"ListItem\",\"position\":3,\"name\":\"Sabre de Gold Rogers &#8211; One Piece\"}]},{\"@type\":\"WebSite\",\"@id\":\"https:\\\/\\\/repliquemangacine.fr\\\/#website\",\"url\":\"https:\\\/\\\/repliquemangacine.fr\\\/\",\"name\":\"R\u00e9plique Manga Cin\u00e9\",\"description\":\"\",\"publisher\":{\"@id\":\"https:\\\/\\\/repliquemangacine.fr\\\/#organization\"},\"potentialAction\":[{\"@type\":\"SearchAction\",\"target\":{\"@type\":\"EntryPoint\",\"urlTemplate\":\"https:\\\/\\\/repliquemangacine.fr\\\/?s={search_term_string}\"},\"query-input\":{\"@type\":\"PropertyValueSpecification\",\"valueRequired\":true,\"valueName\":\"search_term_string\"}}],\"inLanguage\":\"es\"},{\"@type\":\"Organization\",\"@id\":\"https:\\\/\\\/repliquemangacine.fr\\\/#organization\",\"name\":\"R\u00e9plique Manga Cin\u00e9\",\"url\":\"https:\\\/\\\/repliquemangacine.fr\\\/\",\"logo\":{\"@type\":\"ImageObject\",\"inLanguage\":\"es\",\"@id\":\"https:\\\/\\\/repliquemangacine.fr\\\/#\\\/schema\\\/logo\\\/image\\\/\",\"url\":\"https:\\\/\\\/repliquemangacine.fr\\\/wp-content\\\/uploads\\\/2023\\\/10\\\/RMC-500250.png\",\"contentUrl\":\"https:\\\/\\\/repliquemangacine.fr\\\/wp-content\\\/uploads\\\/2023\\\/10\\\/RMC-500250.png\",\"width\":500,\"height\":250,\"caption\":\"R\u00e9plique Manga Cin\u00e9\"},\"image\":{\"@id\":\"https:\\\/\\\/repliquemangacine.fr\\\/#\\\/schema\\\/logo\\\/image\\\/\"},\"sameAs\":[\"https:\\\/\\\/www.facebook.com\\\/RepliqueMangaCine\",\"https:\\\/\\\/www.instagram.com\\\/repliquemangacine.fr\\\/\"]}]}<\/script>\n<!-- \/ Yoast SEO plugin. -->","yoast_head_json":{"title":"Espada Rogers de oro - One Piece - Ace Sword | RMC","description":"Descubre esta r\u00e9plica de la espada de Gold Rogers en One Piece al mejor precio. Hoja de acero decorada. Vaina de polipiel negra. Longitud: 95 cm.","robots":{"index":"index","follow":"follow","max-snippet":"max-snippet:-1","max-image-preview":"max-image-preview:large","max-video-preview":"max-video-preview:-1"},"canonical":"https:\/\/repliquemangacine.fr\/es\/espada-pirata\/rogers-de-oro-espada-de-una-pieza\/","og_locale":"es_ES","og_type":"article","og_title":"Sabre de Gold Rogers - One Piece - \u00c9p\u00e9e Ace | RMC","og_description":"D\u00e9couvrez cette r\u00e9plique du Sabre de Gold Rogers dans One Piece au meilleur prix. Lame en acier d\u00e9cor\u00e9. Fourreau similicuir noir. Longueur : 95 cm","og_url":"https:\/\/repliquemangacine.fr\/es\/espada-pirata\/rogers-de-oro-espada-de-una-pieza\/","og_site_name":"R\u00e9plique Manga Cin\u00e9","article_publisher":"https:\/\/www.facebook.com\/RepliqueMangaCine","article_modified_time":"2026-03-29T16:19:47+00:00","og_image":[{"width":500,"height":500,"url":"https:\/\/repliquemangacine.fr\/wp-content\/uploads\/2024\/03\/Epee-de-Gold-rogers.jpg","type":"image\/jpeg"}],"twitter_card":"summary_large_image","twitter_misc":{"Tiempo de lectura":"4 minutos"},"schema":{"@context":"https:\/\/schema.org","@graph":[{"@type":"WebPage","@id":"https:\/\/repliquemangacine.fr\/sabre-dabordage-de-pirate\/sabre-de-gold-rogers-one-piece\/","url":"https:\/\/repliquemangacine.fr\/sabre-dabordage-de-pirate\/sabre-de-gold-rogers-one-piece\/","name":"Espada Rogers de oro - One Piece - Ace Sword | RMC","isPartOf":{"@id":"https:\/\/repliquemangacine.fr\/#website"},"primaryImageOfPage":{"@id":"https:\/\/repliquemangacine.fr\/sabre-dabordage-de-pirate\/sabre-de-gold-rogers-one-piece\/#primaryimage"},"image":{"@id":"https:\/\/repliquemangacine.fr\/sabre-dabordage-de-pirate\/sabre-de-gold-rogers-one-piece\/#primaryimage"},"thumbnailUrl":"https:\/\/repliquemangacine.fr\/wp-content\/uploads\/2024\/03\/Epee-de-Gold-rogers.jpg","datePublished":"2024-03-07T13:29:59+00:00","dateModified":"2026-03-29T16:19:47+00:00","description":"Descubre esta r\u00e9plica de la espada de Gold Rogers en One Piece al mejor precio. Hoja de acero decorada. Vaina de polipiel negra. Longitud: 95 cm.","breadcrumb":{"@id":"https:\/\/repliquemangacine.fr\/sabre-dabordage-de-pirate\/sabre-de-gold-rogers-one-piece\/#breadcrumb"},"inLanguage":"es","potentialAction":[{"@type":"ReadAction","target":["https:\/\/repliquemangacine.fr\/sabre-dabordage-de-pirate\/sabre-de-gold-rogers-one-piece\/"]}]},{"@type":"ImageObject","inLanguage":"es","@id":"https:\/\/repliquemangacine.fr\/sabre-dabordage-de-pirate\/sabre-de-gold-rogers-one-piece\/#primaryimage","url":"https:\/\/repliquemangacine.fr\/wp-content\/uploads\/2024\/03\/Epee-de-Gold-rogers.jpg","contentUrl":"https:\/\/repliquemangacine.fr\/wp-content\/uploads\/2024\/03\/Epee-de-Gold-rogers.jpg","width":500,"height":500,"caption":"Sabre Gold Rogers dans One Piece"},{"@type":"BreadcrumbList","@id":"https:\/\/repliquemangacine.fr\/sabre-dabordage-de-pirate\/sabre-de-gold-rogers-one-piece\/#breadcrumb","itemListElement":[{"@type":"ListItem","position":1,"name":"Accueil","item":"https:\/\/repliquemangacine.fr\/"},{"@type":"ListItem","position":2,"name":"Produits","item":"https:\/\/repliquemangacine.fr\/boutique\/"},{"@type":"ListItem","position":3,"name":"Sabre de Gold Rogers &#8211; One Piece"}]},{"@type":"WebSite","@id":"https:\/\/repliquemangacine.fr\/#website","url":"https:\/\/repliquemangacine.fr\/","name":"R\u00e9plique Manga Cin\u00e9","description":"","publisher":{"@id":"https:\/\/repliquemangacine.fr\/#organization"},"potentialAction":[{"@type":"SearchAction","target":{"@type":"EntryPoint","urlTemplate":"https:\/\/repliquemangacine.fr\/?s={search_term_string}"},"query-input":{"@type":"PropertyValueSpecification","valueRequired":true,"valueName":"search_term_string"}}],"inLanguage":"es"},{"@type":"Organization","@id":"https:\/\/repliquemangacine.fr\/#organization","name":"R\u00e9plique Manga Cin\u00e9","url":"https:\/\/repliquemangacine.fr\/","logo":{"@type":"ImageObject","inLanguage":"es","@id":"https:\/\/repliquemangacine.fr\/#\/schema\/logo\/image\/","url":"https:\/\/repliquemangacine.fr\/wp-content\/uploads\/2023\/10\/RMC-500250.png","contentUrl":"https:\/\/repliquemangacine.fr\/wp-content\/uploads\/2023\/10\/RMC-500250.png","width":500,"height":250,"caption":"R\u00e9plique Manga Cin\u00e9"},"image":{"@id":"https:\/\/repliquemangacine.fr\/#\/schema\/logo\/image\/"},"sameAs":["https:\/\/www.facebook.com\/RepliqueMangaCine","https:\/\/www.instagram.com\/repliquemangacine.fr\/"]}]}},"_links":{"self":[{"href":"https:\/\/repliquemangacine.fr\/es\/wp-json\/wp\/v2\/product\/70126","targetHints":{"allow":["GET"]}}],"collection":[{"href":"https:\/\/repliquemangacine.fr\/es\/wp-json\/wp\/v2\/product"}],"about":[{"href":"https:\/\/repliquemangacine.fr\/es\/wp-json\/wp\/v2\/types\/product"}],"wp:featuredmedia":[{"embeddable":true,"href":"https:\/\/repliquemangacine.fr\/es\/wp-json\/wp\/v2\/media\/70127"}],"wp:attachment":[{"href":"https:\/\/repliquemangacine.fr\/es\/wp-json\/wp\/v2\/media?parent=70126"}],"wp:term":[{"taxonomy":"product_brand","embeddable":true,"href":"https:\/\/repliquemangacine.fr\/es\/wp-json\/wp\/v2\/product_brand?post=70126"},{"taxonomy":"product_cat","embeddable":true,"href":"https:\/\/repliquemangacine.fr\/es\/wp-json\/wp\/v2\/product_cat?post=70126"},{"taxonomy":"product_tag","embeddable":true,"href":"https:\/\/repliquemangacine.fr\/es\/wp-json\/wp\/v2\/product_tag?post=70126"}],"curies":[{"name":"wp","href":"https:\/\/api.w.org\/{rel}","templated":true}]}}