





{"id":70104,"date":"2024-03-06T19:12:38","date_gmt":"2024-03-06T18:12:38","guid":{"rendered":"https:\/\/repliquemangacine.fr\/?post_type=product&#038;p=70104"},"modified":"2026-04-21T12:55:02","modified_gmt":"2026-04-21T10:55:02","slug":"espada-oscura-hermana-casa-del-dragon","status":"publish","type":"product","link":"https:\/\/repliquemangacine.fr\/es\/house-of-the-dragon\/epee-dark-sister-house-of-the-dragon\/","title":{"rendered":"Espada Hermana Oscura - Casa del Drag\u00f3n"},"content":{"rendered":"<h2>Espada Hermana Oscura : Hoja de poder<\/h2>\n<p>En primer lugar, el<strong>Espada Hermana Oscura<\/strong> (Hermana Negra), un arma ic\u00f3nica cargada de historia y poder. En el universo de la Casa del Drag\u00f3n, esta legendaria espada, forjada en acero valyrio, es m\u00e1s que un arma. Es un s\u00edmbolo de la herencia Targaryen, un testigo de las batallas e intrigas que conforman el tejido de esta \u00e9pica saga.<\/p>\n<p><a href=\"https:\/\/gameofthrones.fandom.com\/wiki\/Dark_Sister\" target=\"_blank\" rel=\"noopener noreferrer\">Hermana oscura<\/a>, originalmente portada por Visenya Targaryen, una de las hermanas esposas de Aegon el Conquistador. Gran guerrera, la utilizaba tanto en combate como para montar a su drag\u00f3n, Vhagar. Esta espada, de incomparable filo y oscura belleza, fue testigo de los primeros d\u00edas del dominio de los Targaryen sobre el continente. A lo largo de los siglos, ha pasado de generaci\u00f3n en generaci\u00f3n, eligiendo portadores dignos de su legado y su poder.<\/p>\n<p>Por eso, durante el reinado de Viserys I, unos sesenta a\u00f1os despu\u00e9s de la muerte de Visenya, Dark Sister fue entregada a Daemon Targaryen, hermano menor del rey Viserys I Targaryen.<\/p>\n<h2>Dark Sister sword: Caracter\u00edsticas y s\u00edmbolos<\/h2>\n<p>Forjada en el misterioso acero valyrio, la Hermana Negra es famosa por su filo. Capaz de atravesar la armadura m\u00e1s resistente y por su excepcional resistencia. Su aspecto es tan llamativo como sus capacidades. Con motivos en relieve que parecen bailar sobre la hoja bajo la luz. Como todas las espadas de acero valyrio, es ligera, casi una extensi\u00f3n de la mano de quien la empu\u00f1a. Ofrece una precisi\u00f3n y una rapidez sin igual.<\/p>\n<p>Dark Sister es m\u00e1s que un arma, es un s\u00edmbolo de la profundidad hist\u00f3rica y cultural de los Targaryen. Elegir llevar a Dark Sister es encarnar el esp\u00edritu combativo y la resiliencia de la casa Targaryen. En House of the Dragon, esta espada recuerda las luchas internas y los conflictos de poder que definen la dinast\u00eda Targaryen. Pone de relieve los temas de legitimidad, poder y destino que atraviesan la serie.<\/p>\n<h2>Espadas en la Casa del Drag\u00f3n<\/h2>\n<p>En House of the Dragon, Dark Sister es m\u00e1s que un simple accesorio. Es evidente que se trata de un personaje por derecho propio, con su propia historia, car\u00e1cter e influencia en el curso de los acontecimientos. Su presencia en pantalla es un recordatorio constante del legado y el poder de los Targaryen. Tambi\u00e9n es un s\u00edmbolo de los lazos indisolubles que unen a los miembros de esta tumultuosa familia, para bien o para mal.<\/p>\n<p>Pero no es la \u00fanica espada, tambi\u00e9n est\u00e1 la\u2019<a href=\"https:\/\/repliquemangacine.fr\/es\/nuevos-productos\/feunoyr-viserys-targaryen-espada\/\">Espada Feunoyr<\/a> de Viserys Targaryen. Una legendaria espada larga de acero valyrio blandida por Aegon el Conquistador.  Tambi\u00e9n est\u00e1 la espada de Aegon, pero seg\u00fan la versi\u00f3n de la novela. Tambi\u00e9n encontramos la <a href=\"https:\/\/repliquemangacine.fr\/es\/casa-del-dragon\/replica-de-la-daga-catspaw-juego-de-tronos\/\">Daga Catspaw<\/a>, en manos del rey Viserys. Le explica a Rhaenyra que esa daga perteneci\u00f3 a Aegon el Conquistador. Y antes de eso, a Aenar Targaryen.<\/p>\n<p>En conclusi\u00f3n, la Hermana Oscura (Dark Sister) es un artefacto de gran importancia en House of the Dragon. Esto la convierte en una pieza clave para tu colecci\u00f3n.<\/p>","protected":false},"excerpt":{"rendered":"<p>Magn\u00edfica r\u00e9plica de la espada de Daemon Targaryen en la Casa del Drag\u00f3n<\/p>\n<ul>\n<li>Hoja de acero martillado de estilo valyrio<\/li>\n<li>Guarda de acero en forma de alas de drag\u00f3n<\/li>\n<li>Pomo de acero con forma especial<\/li>\n<li>Entregado con soporte de pared de madera con el logotipo de Targaryen<\/li>\n<li>Longitud de la hoja: 80 cm - Longitud total: 107 cm<\/li>\n<li>Peso : 1 kg<\/li>\n<\/ul>","protected":false},"featured_media":70137,"template":"","meta":[],"product_brand":[],"product_cat":[72,105],"product_tag":[],"class_list":{"0":"post-70104","1":"product","2":"type-product","3":"status-publish","4":"has-post-thumbnail","6":"product_cat-epees-game-of-thrones","7":"product_cat-house-of-the-dragon","9":"first","10":"instock","11":"taxable","12":"shipping-taxable","13":"purchasable","14":"product-type-simple"},"yoast_head":"<!-- This site is optimized with the Yoast SEO plugin v27.4 - https:\/\/yoast.com\/product\/yoast-seo-wordpress\/ -->\n<title>Ep\u00e9e Dark Sister - House of the Dragon | RMC<\/title>\n<meta name=\"description\" content=\"Venez d\u00e9couvrir cette superbe Ep\u00e9e Dark Sister dans House of the Dragon. Lame en acier style Valyrien. Support bois avec logo. Longueur : 107 cm\" \/>\n<meta name=\"robots\" content=\"index, follow, max-snippet:-1, max-image-preview:large, max-video-preview:-1\" \/>\n<link rel=\"canonical\" href=\"https:\/\/repliquemangacine.fr\/es\/casa-del-dragon\/espada-oscura-hermana-casa-del-dragon\/\" \/>\n<meta property=\"og:locale\" content=\"es_ES\" \/>\n<meta property=\"og:type\" content=\"article\" \/>\n<meta property=\"og:title\" content=\"Ep\u00e9e Dark Sister - House of the Dragon | RMC\" \/>\n<meta property=\"og:description\" content=\"Venez d\u00e9couvrir cette superbe Ep\u00e9e Dark Sister dans House of the Dragon. Lame en acier style Valyrien. Support bois avec logo. Longueur : 107 cm\" \/>\n<meta property=\"og:url\" content=\"https:\/\/repliquemangacine.fr\/es\/casa-del-dragon\/espada-oscura-hermana-casa-del-dragon\/\" \/>\n<meta property=\"og:site_name\" content=\"R\u00e9plique Manga Cin\u00e9\" \/>\n<meta property=\"article:publisher\" content=\"https:\/\/www.facebook.com\/RepliqueMangaCine\" \/>\n<meta property=\"article:modified_time\" content=\"2026-04-21T10:55:02+00:00\" \/>\n<meta property=\"og:image\" content=\"https:\/\/repliquemangacine.fr\/wp-content\/uploads\/2024\/03\/Epee-Dark-Sister-1.jpg\" \/>\n\t<meta property=\"og:image:width\" content=\"500\" \/>\n\t<meta property=\"og:image:height\" content=\"500\" \/>\n\t<meta property=\"og:image:type\" content=\"image\/jpeg\" \/>\n<meta name=\"twitter:card\" content=\"summary_large_image\" \/>\n<meta name=\"twitter:label1\" content=\"Tiempo de lectura\" \/>\n\t<meta name=\"twitter:data1\" content=\"3 minutos\" \/>\n<script type=\"application\/ld+json\" class=\"yoast-schema-graph\">{\"@context\":\"https:\\\/\\\/schema.org\",\"@graph\":[{\"@type\":\"WebPage\",\"@id\":\"https:\\\/\\\/repliquemangacine.fr\\\/house-of-the-dragon\\\/epee-dark-sister-house-of-the-dragon\\\/\",\"url\":\"https:\\\/\\\/repliquemangacine.fr\\\/house-of-the-dragon\\\/epee-dark-sister-house-of-the-dragon\\\/\",\"name\":\"Ep\u00e9e Dark Sister - House of the Dragon | RMC\",\"isPartOf\":{\"@id\":\"https:\\\/\\\/repliquemangacine.fr\\\/#website\"},\"primaryImageOfPage\":{\"@id\":\"https:\\\/\\\/repliquemangacine.fr\\\/house-of-the-dragon\\\/epee-dark-sister-house-of-the-dragon\\\/#primaryimage\"},\"image\":{\"@id\":\"https:\\\/\\\/repliquemangacine.fr\\\/house-of-the-dragon\\\/epee-dark-sister-house-of-the-dragon\\\/#primaryimage\"},\"thumbnailUrl\":\"https:\\\/\\\/repliquemangacine.fr\\\/wp-content\\\/uploads\\\/2024\\\/03\\\/Epee-Dark-Sister-1.jpg\",\"datePublished\":\"2024-03-06T18:12:38+00:00\",\"dateModified\":\"2026-04-21T10:55:02+00:00\",\"description\":\"Venez d\u00e9couvrir cette superbe Ep\u00e9e Dark Sister dans House of the Dragon. Lame en acier style Valyrien. Support bois avec logo. Longueur : 107 cm\",\"breadcrumb\":{\"@id\":\"https:\\\/\\\/repliquemangacine.fr\\\/house-of-the-dragon\\\/epee-dark-sister-house-of-the-dragon\\\/#breadcrumb\"},\"inLanguage\":\"es\",\"potentialAction\":[{\"@type\":\"ReadAction\",\"target\":[\"https:\\\/\\\/repliquemangacine.fr\\\/house-of-the-dragon\\\/epee-dark-sister-house-of-the-dragon\\\/\"]}]},{\"@type\":\"ImageObject\",\"inLanguage\":\"es\",\"@id\":\"https:\\\/\\\/repliquemangacine.fr\\\/house-of-the-dragon\\\/epee-dark-sister-house-of-the-dragon\\\/#primaryimage\",\"url\":\"https:\\\/\\\/repliquemangacine.fr\\\/wp-content\\\/uploads\\\/2024\\\/03\\\/Epee-Dark-Sister-1.jpg\",\"contentUrl\":\"https:\\\/\\\/repliquemangacine.fr\\\/wp-content\\\/uploads\\\/2024\\\/03\\\/Epee-Dark-Sister-1.jpg\",\"width\":500,\"height\":500,\"caption\":\"Ep\u00e9e Dark Sister House of the dragon\"},{\"@type\":\"BreadcrumbList\",\"@id\":\"https:\\\/\\\/repliquemangacine.fr\\\/house-of-the-dragon\\\/epee-dark-sister-house-of-the-dragon\\\/#breadcrumb\",\"itemListElement\":[{\"@type\":\"ListItem\",\"position\":1,\"name\":\"Accueil\",\"item\":\"https:\\\/\\\/repliquemangacine.fr\\\/\"},{\"@type\":\"ListItem\",\"position\":2,\"name\":\"Produits\",\"item\":\"https:\\\/\\\/repliquemangacine.fr\\\/boutique\\\/\"},{\"@type\":\"ListItem\",\"position\":3,\"name\":\"Ep\u00e9e Dark Sister &#8211; House of the Dragon\"}]},{\"@type\":\"WebSite\",\"@id\":\"https:\\\/\\\/repliquemangacine.fr\\\/#website\",\"url\":\"https:\\\/\\\/repliquemangacine.fr\\\/\",\"name\":\"R\u00e9plique Manga Cin\u00e9\",\"description\":\"\",\"publisher\":{\"@id\":\"https:\\\/\\\/repliquemangacine.fr\\\/#organization\"},\"potentialAction\":[{\"@type\":\"SearchAction\",\"target\":{\"@type\":\"EntryPoint\",\"urlTemplate\":\"https:\\\/\\\/repliquemangacine.fr\\\/?s={search_term_string}\"},\"query-input\":{\"@type\":\"PropertyValueSpecification\",\"valueRequired\":true,\"valueName\":\"search_term_string\"}}],\"inLanguage\":\"es\"},{\"@type\":\"Organization\",\"@id\":\"https:\\\/\\\/repliquemangacine.fr\\\/#organization\",\"name\":\"R\u00e9plique Manga Cin\u00e9\",\"url\":\"https:\\\/\\\/repliquemangacine.fr\\\/\",\"logo\":{\"@type\":\"ImageObject\",\"inLanguage\":\"es\",\"@id\":\"https:\\\/\\\/repliquemangacine.fr\\\/#\\\/schema\\\/logo\\\/image\\\/\",\"url\":\"https:\\\/\\\/repliquemangacine.fr\\\/wp-content\\\/uploads\\\/2023\\\/10\\\/RMC-500250.png\",\"contentUrl\":\"https:\\\/\\\/repliquemangacine.fr\\\/wp-content\\\/uploads\\\/2023\\\/10\\\/RMC-500250.png\",\"width\":500,\"height\":250,\"caption\":\"R\u00e9plique Manga Cin\u00e9\"},\"image\":{\"@id\":\"https:\\\/\\\/repliquemangacine.fr\\\/#\\\/schema\\\/logo\\\/image\\\/\"},\"sameAs\":[\"https:\\\/\\\/www.facebook.com\\\/RepliqueMangaCine\",\"https:\\\/\\\/www.instagram.com\\\/repliquemangacine.fr\\\/\"]}]}<\/script>\n<!-- \/ Yoast SEO plugin. -->","yoast_head_json":{"title":"Espada Hermana Oscura - Casa del Drag\u00f3n | RMC","description":"Descubre esta magn\u00edfica espada de la Hermana Oscura en la Casa del Drag\u00f3n. Hoja de acero de estilo valyrio. Soporte de madera con logotipo. Longitud: 107 cm","robots":{"index":"index","follow":"follow","max-snippet":"max-snippet:-1","max-image-preview":"max-image-preview:large","max-video-preview":"max-video-preview:-1"},"canonical":"https:\/\/repliquemangacine.fr\/es\/casa-del-dragon\/espada-oscura-hermana-casa-del-dragon\/","og_locale":"es_ES","og_type":"article","og_title":"Ep\u00e9e Dark Sister - House of the Dragon | RMC","og_description":"Venez d\u00e9couvrir cette superbe Ep\u00e9e Dark Sister dans House of the Dragon. Lame en acier style Valyrien. Support bois avec logo. Longueur : 107 cm","og_url":"https:\/\/repliquemangacine.fr\/es\/casa-del-dragon\/espada-oscura-hermana-casa-del-dragon\/","og_site_name":"R\u00e9plique Manga Cin\u00e9","article_publisher":"https:\/\/www.facebook.com\/RepliqueMangaCine","article_modified_time":"2026-04-21T10:55:02+00:00","og_image":[{"width":500,"height":500,"url":"https:\/\/repliquemangacine.fr\/wp-content\/uploads\/2024\/03\/Epee-Dark-Sister-1.jpg","type":"image\/jpeg"}],"twitter_card":"summary_large_image","twitter_misc":{"Tiempo de lectura":"3 minutos"},"schema":{"@context":"https:\/\/schema.org","@graph":[{"@type":"WebPage","@id":"https:\/\/repliquemangacine.fr\/house-of-the-dragon\/epee-dark-sister-house-of-the-dragon\/","url":"https:\/\/repliquemangacine.fr\/house-of-the-dragon\/epee-dark-sister-house-of-the-dragon\/","name":"Espada Hermana Oscura - Casa del Drag\u00f3n | RMC","isPartOf":{"@id":"https:\/\/repliquemangacine.fr\/#website"},"primaryImageOfPage":{"@id":"https:\/\/repliquemangacine.fr\/house-of-the-dragon\/epee-dark-sister-house-of-the-dragon\/#primaryimage"},"image":{"@id":"https:\/\/repliquemangacine.fr\/house-of-the-dragon\/epee-dark-sister-house-of-the-dragon\/#primaryimage"},"thumbnailUrl":"https:\/\/repliquemangacine.fr\/wp-content\/uploads\/2024\/03\/Epee-Dark-Sister-1.jpg","datePublished":"2024-03-06T18:12:38+00:00","dateModified":"2026-04-21T10:55:02+00:00","description":"Descubre esta magn\u00edfica espada de la Hermana Oscura en la Casa del Drag\u00f3n. Hoja de acero de estilo valyrio. Soporte de madera con logotipo. Longitud: 107 cm","breadcrumb":{"@id":"https:\/\/repliquemangacine.fr\/house-of-the-dragon\/epee-dark-sister-house-of-the-dragon\/#breadcrumb"},"inLanguage":"es","potentialAction":[{"@type":"ReadAction","target":["https:\/\/repliquemangacine.fr\/house-of-the-dragon\/epee-dark-sister-house-of-the-dragon\/"]}]},{"@type":"ImageObject","inLanguage":"es","@id":"https:\/\/repliquemangacine.fr\/house-of-the-dragon\/epee-dark-sister-house-of-the-dragon\/#primaryimage","url":"https:\/\/repliquemangacine.fr\/wp-content\/uploads\/2024\/03\/Epee-Dark-Sister-1.jpg","contentUrl":"https:\/\/repliquemangacine.fr\/wp-content\/uploads\/2024\/03\/Epee-Dark-Sister-1.jpg","width":500,"height":500,"caption":"Ep\u00e9e Dark Sister House of the dragon"},{"@type":"BreadcrumbList","@id":"https:\/\/repliquemangacine.fr\/house-of-the-dragon\/epee-dark-sister-house-of-the-dragon\/#breadcrumb","itemListElement":[{"@type":"ListItem","position":1,"name":"Accueil","item":"https:\/\/repliquemangacine.fr\/"},{"@type":"ListItem","position":2,"name":"Produits","item":"https:\/\/repliquemangacine.fr\/boutique\/"},{"@type":"ListItem","position":3,"name":"Ep\u00e9e Dark Sister &#8211; House of the Dragon"}]},{"@type":"WebSite","@id":"https:\/\/repliquemangacine.fr\/#website","url":"https:\/\/repliquemangacine.fr\/","name":"R\u00e9plique Manga Cin\u00e9","description":"","publisher":{"@id":"https:\/\/repliquemangacine.fr\/#organization"},"potentialAction":[{"@type":"SearchAction","target":{"@type":"EntryPoint","urlTemplate":"https:\/\/repliquemangacine.fr\/?s={search_term_string}"},"query-input":{"@type":"PropertyValueSpecification","valueRequired":true,"valueName":"search_term_string"}}],"inLanguage":"es"},{"@type":"Organization","@id":"https:\/\/repliquemangacine.fr\/#organization","name":"R\u00e9plique Manga Cin\u00e9","url":"https:\/\/repliquemangacine.fr\/","logo":{"@type":"ImageObject","inLanguage":"es","@id":"https:\/\/repliquemangacine.fr\/#\/schema\/logo\/image\/","url":"https:\/\/repliquemangacine.fr\/wp-content\/uploads\/2023\/10\/RMC-500250.png","contentUrl":"https:\/\/repliquemangacine.fr\/wp-content\/uploads\/2023\/10\/RMC-500250.png","width":500,"height":250,"caption":"R\u00e9plique Manga Cin\u00e9"},"image":{"@id":"https:\/\/repliquemangacine.fr\/#\/schema\/logo\/image\/"},"sameAs":["https:\/\/www.facebook.com\/RepliqueMangaCine","https:\/\/www.instagram.com\/repliquemangacine.fr\/"]}]}},"_links":{"self":[{"href":"https:\/\/repliquemangacine.fr\/es\/wp-json\/wp\/v2\/product\/70104","targetHints":{"allow":["GET"]}}],"collection":[{"href":"https:\/\/repliquemangacine.fr\/es\/wp-json\/wp\/v2\/product"}],"about":[{"href":"https:\/\/repliquemangacine.fr\/es\/wp-json\/wp\/v2\/types\/product"}],"wp:featuredmedia":[{"embeddable":true,"href":"https:\/\/repliquemangacine.fr\/es\/wp-json\/wp\/v2\/media\/70137"}],"wp:attachment":[{"href":"https:\/\/repliquemangacine.fr\/es\/wp-json\/wp\/v2\/media?parent=70104"}],"wp:term":[{"taxonomy":"product_brand","embeddable":true,"href":"https:\/\/repliquemangacine.fr\/es\/wp-json\/wp\/v2\/product_brand?post=70104"},{"taxonomy":"product_cat","embeddable":true,"href":"https:\/\/repliquemangacine.fr\/es\/wp-json\/wp\/v2\/product_cat?post=70104"},{"taxonomy":"product_tag","embeddable":true,"href":"https:\/\/repliquemangacine.fr\/es\/wp-json\/wp\/v2\/product_tag?post=70104"}],"curies":[{"name":"wp","href":"https:\/\/api.w.org\/{rel}","templated":true}]}}