





{"id":70099,"date":"2024-03-06T17:18:27","date_gmt":"2024-03-06T16:18:27","guid":{"rendered":"https:\/\/repliquemangacine.fr\/?post_type=product&#038;p=70099"},"modified":"2026-04-15T16:25:03","modified_gmt":"2026-04-15T14:25:03","slug":"apoya-a-the-witcher","status":"publish","type":"product","link":"https:\/\/repliquemangacine.fr\/es\/epee-the-witcher\/support-the-witcher\/","title":{"rendered":"Apoya a The Witcher"},"content":{"rendered":"<h2>Apoya a The Witcher - Un homenaje al mundo de The Witcher<\/h2>\n<p>Para empezar, te presentamos un accesorio imprescindible para tus espadas: \u201cel soporte The Witcher\u201d. Dise\u00f1ado con una meticulosa atenci\u00f3n al detalle y a la calidad, es un homenaje tangible al universo de The Witcher. Destinado a enriquecer tu colecci\u00f3n y a realzar tu pasi\u00f3n por esta emblem\u00e1tica saga.<\/p>\n<p>Fabricados en madera noble, cada soporte presenta una robustez y una elegancia inigualables. Garantizando una presentaci\u00f3n digna del legado de la\u2019<a href=\"https:\/\/witcher-archive.fandom.com\/fr\/wiki\/Sorceleur\" target=\"_blank\" rel=\"noopener noreferrer\">Hechizado<\/a>. En la parte superior hay una cabeza de lobo, serigrafiada con notable delicadeza. Se trata del emblem\u00e1tico logotipo de The Witcher, un poderoso s\u00edmbolo de fuerza, sabidur\u00eda y protecci\u00f3n. Este detalle est\u00e9tico, rico en significados, hace de esta funda una pieza de coleccionista \u00fanica y un cautivador tema de conversaci\u00f3n para todos los fans. Adem\u00e1s de su funci\u00f3n pr\u00e1ctica, este soporte para espada a\u00f1ade un toque de autenticidad y magia a tu hogar.<\/p>\n<h2>Apoya a The Witcher al mejor precio<\/h2>\n<p>Dise\u00f1ado para albergar todas las espadas del universo de The Witcher, este soporte es excepcionalmente vers\u00e1til. Tanto si eres un coleccionista experimentado como si eres nuevo en el mundo del coleccionismo de armas, es perfecto para mostrar tu pasi\u00f3n por la serie con estilo y elegancia. Su dise\u00f1o universal garantiza que cada espada, ya sea de combate o ceremonial, encuentre su lugar, elevada y realzada como se merece. De hecho, podr\u00e1s exhibir tus espadas como, por ejemplo:<\/p>\n<p>\u2013 El\u2019<a href=\"https:\/\/repliquemangacine.fr\/es\/epee-the-witcher\/espada-lobo-gemelo-geralt-de-riv-the-witcher-3-con-su-medallon-de-regalo\/\">Espada de brujo Twin Wolf<\/a> con sus dos cabezas en el pomo.<\/p>\n<p>\u2013 Tambi\u00e9n est\u00e1 el\u2019<a href=\"https:\/\/repliquemangacine.fr\/es\/epee-the-witcher\/espada-zireael-de-ciri-the-witcher-3-hoja-cortada\/\">espada de Ciri<\/a> con su hoja abierta en el centro.<\/p>\n<p>\u2013 As\u00ed como la famosa <a href=\"https:\/\/repliquemangacine.fr\/es\/epee-the-witcher\/epee-argent-geralt-de-riv-the-witcher\/\">espada de plata<\/a> de Gerald de Riv, toda vestida de blanco, \u00a1una maravilla! Y muchas m\u00e1s en nuestra tienda online.<\/p>\n<p>Cabe destacar que ofrecemos un medall\u00f3n Wolf por cada compra de una espada The Witcher.<\/p>\n<h2>Una peque\u00f1a inversi\u00f3n para una gran pasi\u00f3n<\/h2>\n<p>Adquirir este soporte para espadas de The Witcher es elegir un objeto de colecci\u00f3n que trasciende el tiempo. Un puente entre el mundo de las historias \u00e9picas y nuestra realidad. Es una invitaci\u00f3n a celebrar tu admiraci\u00f3n por la saga. Adem\u00e1s, es una forma de mantener vivo el esp\u00edritu de The Witcher y presente en tu d\u00eda a d\u00eda.<\/p>\n<p>No esperes m\u00e1s para dar a tus espadas el lugar de honor que se merecen. Convierte tu espacio en un santuario dedicado a la gloria y la aventura de The Witcher con este excepcional soporte para espadas, testimonio de tu inquebrantable pasi\u00f3n por el universo del Hechicero.<\/p>\n<p>Hay que decir que es el regalo perfecto para los aficionados y coleccionistas. Y tambi\u00e9n para cualquiera que quiera a\u00f1adir un toque de misterio a su decoraci\u00f3n.<\/p>\n<p>En conclusi\u00f3n, sum\u00e9rgete en la aventura, tu soporte para espadas The Witcher te est\u00e1 esperando.<\/p>","protected":false},"excerpt":{"rendered":"<p>Magn\u00edfico soporte de The Witcher para exponer tus espadas de brujo<\/p>\n<ul>\n<li>Totalmente de madera<\/li>\n<li>Serigraf\u00eda de la cabeza de lobo de The Witcher<\/li>\n<li>Se suministra con todos los tornillos y pernos<\/li>\n<li>Altura: 37 cm - Anchura: 24,5 cm - Grosor: 1,2 cm<\/li>\n<\/ul>","protected":false},"featured_media":70101,"template":"","meta":[],"product_brand":[],"product_cat":[50,58],"product_tag":[],"class_list":{"0":"post-70099","1":"product","2":"type-product","3":"status-publish","4":"has-post-thumbnail","6":"product_cat-accessoires-katana","7":"product_cat-epee-the-witcher","9":"first","10":"instock","11":"taxable","12":"shipping-taxable","13":"purchasable","14":"product-type-simple"},"yoast_head":"<!-- This site is optimized with the Yoast SEO plugin v27.4 - https:\/\/yoast.com\/product\/yoast-seo-wordpress\/ -->\n<title>Support The Witcher | R\u00e9plique Manga Cin\u00e9<\/title>\n<meta name=\"description\" content=\"D\u00e9couvrez ce superbe Support The Witcher avec sa t\u00eate de loup s\u00e9rigraphi\u00e9. Tout en bois, visseries fournis. Id\u00e9al pour exposer vos \u00e9p\u00e9es de Gerald de Riv.\" \/>\n<meta name=\"robots\" content=\"index, follow, max-snippet:-1, max-image-preview:large, max-video-preview:-1\" \/>\n<link rel=\"canonical\" href=\"https:\/\/repliquemangacine.fr\/es\/epee-the-witcher\/apoya-a-the-witcher\/\" \/>\n<meta property=\"og:locale\" content=\"es_ES\" \/>\n<meta property=\"og:type\" content=\"article\" \/>\n<meta property=\"og:title\" content=\"Support The Witcher | R\u00e9plique Manga Cin\u00e9\" \/>\n<meta property=\"og:description\" content=\"D\u00e9couvrez ce superbe Support The Witcher avec sa t\u00eate de loup s\u00e9rigraphi\u00e9. Tout en bois, visseries fournis. Id\u00e9al pour exposer vos \u00e9p\u00e9es de Gerald de Riv.\" \/>\n<meta property=\"og:url\" content=\"https:\/\/repliquemangacine.fr\/es\/epee-the-witcher\/apoya-a-the-witcher\/\" \/>\n<meta property=\"og:site_name\" content=\"R\u00e9plique Manga Cin\u00e9\" \/>\n<meta property=\"article:publisher\" content=\"https:\/\/www.facebook.com\/RepliqueMangaCine\" \/>\n<meta property=\"article:modified_time\" content=\"2026-04-15T14:25:03+00:00\" \/>\n<meta property=\"og:image\" content=\"https:\/\/repliquemangacine.fr\/wp-content\/uploads\/2024\/03\/support-the-witcher.jpg\" \/>\n\t<meta property=\"og:image:width\" content=\"500\" \/>\n\t<meta property=\"og:image:height\" content=\"500\" \/>\n\t<meta property=\"og:image:type\" content=\"image\/jpeg\" \/>\n<meta name=\"twitter:card\" content=\"summary_large_image\" \/>\n<meta name=\"twitter:label1\" content=\"Tiempo de lectura\" \/>\n\t<meta name=\"twitter:data1\" content=\"3 minutos\" \/>\n<script type=\"application\/ld+json\" class=\"yoast-schema-graph\">{\"@context\":\"https:\\\/\\\/schema.org\",\"@graph\":[{\"@type\":\"WebPage\",\"@id\":\"https:\\\/\\\/repliquemangacine.fr\\\/epee-the-witcher\\\/support-the-witcher\\\/\",\"url\":\"https:\\\/\\\/repliquemangacine.fr\\\/epee-the-witcher\\\/support-the-witcher\\\/\",\"name\":\"Support The Witcher | R\u00e9plique Manga Cin\u00e9\",\"isPartOf\":{\"@id\":\"https:\\\/\\\/repliquemangacine.fr\\\/#website\"},\"primaryImageOfPage\":{\"@id\":\"https:\\\/\\\/repliquemangacine.fr\\\/epee-the-witcher\\\/support-the-witcher\\\/#primaryimage\"},\"image\":{\"@id\":\"https:\\\/\\\/repliquemangacine.fr\\\/epee-the-witcher\\\/support-the-witcher\\\/#primaryimage\"},\"thumbnailUrl\":\"https:\\\/\\\/repliquemangacine.fr\\\/wp-content\\\/uploads\\\/2024\\\/03\\\/support-the-witcher.jpg\",\"datePublished\":\"2024-03-06T16:18:27+00:00\",\"dateModified\":\"2026-04-15T14:25:03+00:00\",\"description\":\"D\u00e9couvrez ce superbe Support The Witcher avec sa t\u00eate de loup s\u00e9rigraphi\u00e9. Tout en bois, visseries fournis. Id\u00e9al pour exposer vos \u00e9p\u00e9es de Gerald de Riv.\",\"breadcrumb\":{\"@id\":\"https:\\\/\\\/repliquemangacine.fr\\\/epee-the-witcher\\\/support-the-witcher\\\/#breadcrumb\"},\"inLanguage\":\"es\",\"potentialAction\":[{\"@type\":\"ReadAction\",\"target\":[\"https:\\\/\\\/repliquemangacine.fr\\\/epee-the-witcher\\\/support-the-witcher\\\/\"]}]},{\"@type\":\"ImageObject\",\"inLanguage\":\"es\",\"@id\":\"https:\\\/\\\/repliquemangacine.fr\\\/epee-the-witcher\\\/support-the-witcher\\\/#primaryimage\",\"url\":\"https:\\\/\\\/repliquemangacine.fr\\\/wp-content\\\/uploads\\\/2024\\\/03\\\/support-the-witcher.jpg\",\"contentUrl\":\"https:\\\/\\\/repliquemangacine.fr\\\/wp-content\\\/uploads\\\/2024\\\/03\\\/support-the-witcher.jpg\",\"width\":500,\"height\":500,\"caption\":\"Support The Witcher en bois\"},{\"@type\":\"BreadcrumbList\",\"@id\":\"https:\\\/\\\/repliquemangacine.fr\\\/epee-the-witcher\\\/support-the-witcher\\\/#breadcrumb\",\"itemListElement\":[{\"@type\":\"ListItem\",\"position\":1,\"name\":\"Accueil\",\"item\":\"https:\\\/\\\/repliquemangacine.fr\\\/\"},{\"@type\":\"ListItem\",\"position\":2,\"name\":\"Produits\",\"item\":\"https:\\\/\\\/repliquemangacine.fr\\\/boutique\\\/\"},{\"@type\":\"ListItem\",\"position\":3,\"name\":\"Support The Witcher\"}]},{\"@type\":\"WebSite\",\"@id\":\"https:\\\/\\\/repliquemangacine.fr\\\/#website\",\"url\":\"https:\\\/\\\/repliquemangacine.fr\\\/\",\"name\":\"R\u00e9plique Manga Cin\u00e9\",\"description\":\"\",\"publisher\":{\"@id\":\"https:\\\/\\\/repliquemangacine.fr\\\/#organization\"},\"potentialAction\":[{\"@type\":\"SearchAction\",\"target\":{\"@type\":\"EntryPoint\",\"urlTemplate\":\"https:\\\/\\\/repliquemangacine.fr\\\/?s={search_term_string}\"},\"query-input\":{\"@type\":\"PropertyValueSpecification\",\"valueRequired\":true,\"valueName\":\"search_term_string\"}}],\"inLanguage\":\"es\"},{\"@type\":\"Organization\",\"@id\":\"https:\\\/\\\/repliquemangacine.fr\\\/#organization\",\"name\":\"R\u00e9plique Manga Cin\u00e9\",\"url\":\"https:\\\/\\\/repliquemangacine.fr\\\/\",\"logo\":{\"@type\":\"ImageObject\",\"inLanguage\":\"es\",\"@id\":\"https:\\\/\\\/repliquemangacine.fr\\\/#\\\/schema\\\/logo\\\/image\\\/\",\"url\":\"https:\\\/\\\/repliquemangacine.fr\\\/wp-content\\\/uploads\\\/2023\\\/10\\\/RMC-500250.png\",\"contentUrl\":\"https:\\\/\\\/repliquemangacine.fr\\\/wp-content\\\/uploads\\\/2023\\\/10\\\/RMC-500250.png\",\"width\":500,\"height\":250,\"caption\":\"R\u00e9plique Manga Cin\u00e9\"},\"image\":{\"@id\":\"https:\\\/\\\/repliquemangacine.fr\\\/#\\\/schema\\\/logo\\\/image\\\/\"},\"sameAs\":[\"https:\\\/\\\/www.facebook.com\\\/RepliqueMangaCine\",\"https:\\\/\\\/www.instagram.com\\\/repliquemangacine.fr\\\/\"]}]}<\/script>\n<!-- \/ Yoast SEO plugin. -->","yoast_head_json":{"title":"Apoya a The Witcher | R\u00e9plique Manga Cin\u00e9","description":"Descubre este magn\u00edfico soporte The Witcher con su cabeza de lobo serigrafiada. Todo de madera, tornillos incluidos. Ideal para exponer sus espadas Gerald de Riv.","robots":{"index":"index","follow":"follow","max-snippet":"max-snippet:-1","max-image-preview":"max-image-preview:large","max-video-preview":"max-video-preview:-1"},"canonical":"https:\/\/repliquemangacine.fr\/es\/epee-the-witcher\/apoya-a-the-witcher\/","og_locale":"es_ES","og_type":"article","og_title":"Support The Witcher | R\u00e9plique Manga Cin\u00e9","og_description":"D\u00e9couvrez ce superbe Support The Witcher avec sa t\u00eate de loup s\u00e9rigraphi\u00e9. Tout en bois, visseries fournis. Id\u00e9al pour exposer vos \u00e9p\u00e9es de Gerald de Riv.","og_url":"https:\/\/repliquemangacine.fr\/es\/epee-the-witcher\/apoya-a-the-witcher\/","og_site_name":"R\u00e9plique Manga Cin\u00e9","article_publisher":"https:\/\/www.facebook.com\/RepliqueMangaCine","article_modified_time":"2026-04-15T14:25:03+00:00","og_image":[{"width":500,"height":500,"url":"https:\/\/repliquemangacine.fr\/wp-content\/uploads\/2024\/03\/support-the-witcher.jpg","type":"image\/jpeg"}],"twitter_card":"summary_large_image","twitter_misc":{"Tiempo de lectura":"3 minutos"},"schema":{"@context":"https:\/\/schema.org","@graph":[{"@type":"WebPage","@id":"https:\/\/repliquemangacine.fr\/epee-the-witcher\/support-the-witcher\/","url":"https:\/\/repliquemangacine.fr\/epee-the-witcher\/support-the-witcher\/","name":"Apoya a The Witcher | R\u00e9plique Manga Cin\u00e9","isPartOf":{"@id":"https:\/\/repliquemangacine.fr\/#website"},"primaryImageOfPage":{"@id":"https:\/\/repliquemangacine.fr\/epee-the-witcher\/support-the-witcher\/#primaryimage"},"image":{"@id":"https:\/\/repliquemangacine.fr\/epee-the-witcher\/support-the-witcher\/#primaryimage"},"thumbnailUrl":"https:\/\/repliquemangacine.fr\/wp-content\/uploads\/2024\/03\/support-the-witcher.jpg","datePublished":"2024-03-06T16:18:27+00:00","dateModified":"2026-04-15T14:25:03+00:00","description":"Descubre este magn\u00edfico soporte The Witcher con su cabeza de lobo serigrafiada. Todo de madera, tornillos incluidos. Ideal para exponer sus espadas Gerald de Riv.","breadcrumb":{"@id":"https:\/\/repliquemangacine.fr\/epee-the-witcher\/support-the-witcher\/#breadcrumb"},"inLanguage":"es","potentialAction":[{"@type":"ReadAction","target":["https:\/\/repliquemangacine.fr\/epee-the-witcher\/support-the-witcher\/"]}]},{"@type":"ImageObject","inLanguage":"es","@id":"https:\/\/repliquemangacine.fr\/epee-the-witcher\/support-the-witcher\/#primaryimage","url":"https:\/\/repliquemangacine.fr\/wp-content\/uploads\/2024\/03\/support-the-witcher.jpg","contentUrl":"https:\/\/repliquemangacine.fr\/wp-content\/uploads\/2024\/03\/support-the-witcher.jpg","width":500,"height":500,"caption":"Support The Witcher en bois"},{"@type":"BreadcrumbList","@id":"https:\/\/repliquemangacine.fr\/epee-the-witcher\/support-the-witcher\/#breadcrumb","itemListElement":[{"@type":"ListItem","position":1,"name":"Accueil","item":"https:\/\/repliquemangacine.fr\/"},{"@type":"ListItem","position":2,"name":"Produits","item":"https:\/\/repliquemangacine.fr\/boutique\/"},{"@type":"ListItem","position":3,"name":"Support The Witcher"}]},{"@type":"WebSite","@id":"https:\/\/repliquemangacine.fr\/#website","url":"https:\/\/repliquemangacine.fr\/","name":"R\u00e9plique Manga Cin\u00e9","description":"","publisher":{"@id":"https:\/\/repliquemangacine.fr\/#organization"},"potentialAction":[{"@type":"SearchAction","target":{"@type":"EntryPoint","urlTemplate":"https:\/\/repliquemangacine.fr\/?s={search_term_string}"},"query-input":{"@type":"PropertyValueSpecification","valueRequired":true,"valueName":"search_term_string"}}],"inLanguage":"es"},{"@type":"Organization","@id":"https:\/\/repliquemangacine.fr\/#organization","name":"R\u00e9plique Manga Cin\u00e9","url":"https:\/\/repliquemangacine.fr\/","logo":{"@type":"ImageObject","inLanguage":"es","@id":"https:\/\/repliquemangacine.fr\/#\/schema\/logo\/image\/","url":"https:\/\/repliquemangacine.fr\/wp-content\/uploads\/2023\/10\/RMC-500250.png","contentUrl":"https:\/\/repliquemangacine.fr\/wp-content\/uploads\/2023\/10\/RMC-500250.png","width":500,"height":250,"caption":"R\u00e9plique Manga Cin\u00e9"},"image":{"@id":"https:\/\/repliquemangacine.fr\/#\/schema\/logo\/image\/"},"sameAs":["https:\/\/www.facebook.com\/RepliqueMangaCine","https:\/\/www.instagram.com\/repliquemangacine.fr\/"]}]}},"_links":{"self":[{"href":"https:\/\/repliquemangacine.fr\/es\/wp-json\/wp\/v2\/product\/70099","targetHints":{"allow":["GET"]}}],"collection":[{"href":"https:\/\/repliquemangacine.fr\/es\/wp-json\/wp\/v2\/product"}],"about":[{"href":"https:\/\/repliquemangacine.fr\/es\/wp-json\/wp\/v2\/types\/product"}],"wp:featuredmedia":[{"embeddable":true,"href":"https:\/\/repliquemangacine.fr\/es\/wp-json\/wp\/v2\/media\/70101"}],"wp:attachment":[{"href":"https:\/\/repliquemangacine.fr\/es\/wp-json\/wp\/v2\/media?parent=70099"}],"wp:term":[{"taxonomy":"product_brand","embeddable":true,"href":"https:\/\/repliquemangacine.fr\/es\/wp-json\/wp\/v2\/product_brand?post=70099"},{"taxonomy":"product_cat","embeddable":true,"href":"https:\/\/repliquemangacine.fr\/es\/wp-json\/wp\/v2\/product_cat?post=70099"},{"taxonomy":"product_tag","embeddable":true,"href":"https:\/\/repliquemangacine.fr\/es\/wp-json\/wp\/v2\/product_tag?post=70099"}],"curies":[{"name":"wp","href":"https:\/\/api.w.org\/{rel}","templated":true}]}}