





{"id":69996,"date":"2024-03-05T13:48:01","date_gmt":"2024-03-05T12:48:01","guid":{"rendered":"https:\/\/repliquemangacine.fr\/?post_type=product&#038;p=69996"},"modified":"2025-12-02T16:56:04","modified_gmt":"2025-12-02T15:56:04","slug":"katana-king-one-piece","status":"publish","type":"product","link":"https:\/\/repliquemangacine.fr\/es\/katana-en-metal-one-piece\/katana-de-king-one-piece\/","title":{"rendered":"Katana del Rey - One Piece"},"content":{"rendered":"<h2>El aura de la Katana del Rey: m\u00e1s que un arma<\/h2>\n<p>Ante todo, la katana de King est\u00e1 envuelta en un aura de misterio y poder. Refleja las excepcionales habilidades de su portador. No s\u00f3lo impresiona el aspecto f\u00edsico del arma. Sino tambi\u00e9n el aura que la rodea, capaz de intimidar a los oponentes incluso antes de que comience el combate. La propia hoja, forjada con un material desconocido, parece tener voluntad propia. Resuena con el esp\u00edritu de lucha y la f\u00e9rrea determinaci\u00f3n de King. Esta sinergia entre el guerrero y su arma crea un d\u00fao invencible en el campo de batalla. La katana act\u00faa como una extensi\u00f3n de la fuerza y la voluntad de King. Su habilidad para blandir la katana es testimonio de su lugar entre los luchadores de \u00e9lite de One Piece. Una leyenda viviente cuya historia y arma seguir\u00e1n inspirando admiraci\u00f3n y respeto.<\/p>\n<h2>Katana del Rey: el arma de un feroz comandante<\/h2>\n<p>Cabe se\u00f1alar que <a href=\"https:\/\/onepiece.fandom.com\/fr\/wiki\/Alber\" target=\"_blank\" rel=\"noopener noreferrer\">Rey<\/a> (Alber), miembro destacado de la tripulaci\u00f3n de los Piratas de Big Mom y uno de los tres comandantes dulces. Personaje que encarna el poder y el misterio en el universo de One Piece. Reconocido por su fuerza bruta y su inquebrantable lealtad hacia Big Mom. King tambi\u00e9n destaca por su arma preferida: una katana que nunca abandona su lado. Esta katana no es una simple espada.<\/p>\n<p>Es la prolongaci\u00f3n de su voluntad, una herramienta que le permite cortar obst\u00e1culos y enemigos con una precisi\u00f3n y eficacia temibles. Su dominio de la katana es tal que inspira admiraci\u00f3n y temor tanto a sus aliados como a sus adversarios. Esto subraya su estatus no solo como combatiente de \u00e9lite, sino tambi\u00e9n como maestro de armas. Para concluir, King es un Lunariano. Cuando aparecen las llamas en su espalda, se vuelve pr\u00e1cticamente invulnerable a los ataques.<\/p>\n<h2>Katanas legendarias de One Piece<\/h2>\n<p>Para empezar, las katanas en el universo de One Piece no son simples armas. Son s\u00edmbolos de poder, honor y tradici\u00f3n, portadas por los guerreros m\u00e1s valientes y respetados de los siete mares.<\/p>\n<p>R\u00e9plique Manga Cin\u00e9 le ofrece las cuchillas m\u00e1s famosas, como:<\/p>\n<ul>\n<li>Le <a href=\"https:\/\/repliquemangacine.fr\/es\/katana-de-metal-de-una-pieza\/katana-espada-wado-ichimonji-espada-de-zoro\/\">Wado Ichimonji<\/a> de Roronoa Zoro, la que lleva entre los dientes<\/li>\n<li>Tambi\u00e9n existe la <a href=\"https:\/\/repliquemangacine.fr\/es\/katana-de-metal-de-una-pieza\/katana-sandai-kitetsu-espada-zoro\/\">Sandai Kitetsu<\/a> y su aura maldita, a la legendaria Shusui, la espada negra de Ryuma.<\/li>\n<li>Y mucho m\u00e1s por descubrir en nuestra tienda en l\u00ednea.<\/li>\n<\/ul>\n<p>En conclusi\u00f3n, estas katanas no son s\u00f3lo herramientas de combate, sino reliquias heredadas, transmitidas de mano en mano a trav\u00e9s de las generaciones. Simbolizan la fuerza, el compromiso y la determinaci\u00f3n de sus portadores, y reflejan los valores e ideales de quienes las empu\u00f1an. En One Piece, poseer una katana no es s\u00f3lo cuesti\u00f3n de elegir un arma. Tambi\u00e9n es una declaraci\u00f3n de la identidad y el camino del guerrero.<\/p>","protected":false},"excerpt":{"rendered":"<p>Magn\u00edfica r\u00e9plica de la katana de Rey (Alber) en One Piece.<\/p>\n<ul>\n<li>Hoja de acero finamente decorada<\/li>\n<li>Mango recubierto de trenza de algod\u00f3n naranja<\/li>\n<li>Protector de acero con forma especial<\/li>\n<li>Vaina de madera lacada naranja con adornos<\/li>\n<li>Longitud de la hoja: 68 cm - Longitud total: 105 cm<\/li>\n<\/ul>","protected":false},"featured_media":69997,"template":"","meta":[],"product_brand":[],"product_cat":[123],"product_tag":[],"class_list":{"0":"post-69996","1":"product","2":"type-product","3":"status-publish","4":"has-post-thumbnail","6":"product_cat-katana-en-metal-one-piece","8":"first","9":"instock","10":"taxable","11":"shipping-taxable","12":"purchasable","13":"product-type-simple"},"yoast_head":"<!-- This site is optimized with the Yoast SEO plugin v27.4 - https:\/\/yoast.com\/product\/yoast-seo-wordpress\/ -->\n<title>Katana de King - One Piece | R\u00e9plique Manga Cin\u00e9<\/title>\n<meta name=\"description\" content=\"D\u00e9couvrez cette superbe r\u00e9plique du Katana de King dans One Piece au meilleur prix. Lame en acier d\u00e9cor\u00e9. Fourreau en bois laqu\u00e9 orange. Longueur : 105 cm\" \/>\n<meta name=\"robots\" content=\"index, follow, max-snippet:-1, max-image-preview:large, max-video-preview:-1\" \/>\n<link rel=\"canonical\" href=\"https:\/\/repliquemangacine.fr\/es\/katana-de-metal-de-una-pieza\/katana-king-one-piece\/\" \/>\n<meta property=\"og:locale\" content=\"es_ES\" \/>\n<meta property=\"og:type\" content=\"article\" \/>\n<meta property=\"og:title\" content=\"Katana de King - One Piece | R\u00e9plique Manga Cin\u00e9\" \/>\n<meta property=\"og:description\" content=\"D\u00e9couvrez cette superbe r\u00e9plique du Katana de King dans One Piece au meilleur prix. Lame en acier d\u00e9cor\u00e9. Fourreau en bois laqu\u00e9 orange. Longueur : 105 cm\" \/>\n<meta property=\"og:url\" content=\"https:\/\/repliquemangacine.fr\/es\/katana-de-metal-de-una-pieza\/katana-king-one-piece\/\" \/>\n<meta property=\"og:site_name\" content=\"R\u00e9plique Manga Cin\u00e9\" \/>\n<meta property=\"article:publisher\" content=\"https:\/\/www.facebook.com\/RepliqueMangaCine\" \/>\n<meta property=\"article:modified_time\" content=\"2025-12-02T15:56:04+00:00\" \/>\n<meta property=\"og:image\" content=\"https:\/\/repliquemangacine.fr\/wp-content\/uploads\/2024\/03\/Katana-King.jpg\" \/>\n\t<meta property=\"og:image:width\" content=\"500\" \/>\n\t<meta property=\"og:image:height\" content=\"500\" \/>\n\t<meta property=\"og:image:type\" content=\"image\/jpeg\" \/>\n<meta name=\"twitter:card\" content=\"summary_large_image\" \/>\n<meta name=\"twitter:label1\" content=\"Tiempo de lectura\" \/>\n\t<meta name=\"twitter:data1\" content=\"3 minutos\" \/>\n<script type=\"application\/ld+json\" class=\"yoast-schema-graph\">{\"@context\":\"https:\\\/\\\/schema.org\",\"@graph\":[{\"@type\":\"WebPage\",\"@id\":\"https:\\\/\\\/repliquemangacine.fr\\\/katana-en-metal-one-piece\\\/katana-de-king-one-piece\\\/\",\"url\":\"https:\\\/\\\/repliquemangacine.fr\\\/katana-en-metal-one-piece\\\/katana-de-king-one-piece\\\/\",\"name\":\"Katana de King - One Piece | R\u00e9plique Manga Cin\u00e9\",\"isPartOf\":{\"@id\":\"https:\\\/\\\/repliquemangacine.fr\\\/#website\"},\"primaryImageOfPage\":{\"@id\":\"https:\\\/\\\/repliquemangacine.fr\\\/katana-en-metal-one-piece\\\/katana-de-king-one-piece\\\/#primaryimage\"},\"image\":{\"@id\":\"https:\\\/\\\/repliquemangacine.fr\\\/katana-en-metal-one-piece\\\/katana-de-king-one-piece\\\/#primaryimage\"},\"thumbnailUrl\":\"https:\\\/\\\/repliquemangacine.fr\\\/wp-content\\\/uploads\\\/2024\\\/03\\\/Katana-King.jpg\",\"datePublished\":\"2024-03-05T12:48:01+00:00\",\"dateModified\":\"2025-12-02T15:56:04+00:00\",\"description\":\"D\u00e9couvrez cette superbe r\u00e9plique du Katana de King dans One Piece au meilleur prix. Lame en acier d\u00e9cor\u00e9. Fourreau en bois laqu\u00e9 orange. Longueur : 105 cm\",\"breadcrumb\":{\"@id\":\"https:\\\/\\\/repliquemangacine.fr\\\/katana-en-metal-one-piece\\\/katana-de-king-one-piece\\\/#breadcrumb\"},\"inLanguage\":\"es\",\"potentialAction\":[{\"@type\":\"ReadAction\",\"target\":[\"https:\\\/\\\/repliquemangacine.fr\\\/katana-en-metal-one-piece\\\/katana-de-king-one-piece\\\/\"]}]},{\"@type\":\"ImageObject\",\"inLanguage\":\"es\",\"@id\":\"https:\\\/\\\/repliquemangacine.fr\\\/katana-en-metal-one-piece\\\/katana-de-king-one-piece\\\/#primaryimage\",\"url\":\"https:\\\/\\\/repliquemangacine.fr\\\/wp-content\\\/uploads\\\/2024\\\/03\\\/Katana-King.jpg\",\"contentUrl\":\"https:\\\/\\\/repliquemangacine.fr\\\/wp-content\\\/uploads\\\/2024\\\/03\\\/Katana-King.jpg\",\"width\":500,\"height\":500,\"caption\":\"Katana de King dans One Piece\"},{\"@type\":\"BreadcrumbList\",\"@id\":\"https:\\\/\\\/repliquemangacine.fr\\\/katana-en-metal-one-piece\\\/katana-de-king-one-piece\\\/#breadcrumb\",\"itemListElement\":[{\"@type\":\"ListItem\",\"position\":1,\"name\":\"Accueil\",\"item\":\"https:\\\/\\\/repliquemangacine.fr\\\/\"},{\"@type\":\"ListItem\",\"position\":2,\"name\":\"Produits\",\"item\":\"https:\\\/\\\/repliquemangacine.fr\\\/boutique\\\/\"},{\"@type\":\"ListItem\",\"position\":3,\"name\":\"Katana de King &#8211; One Piece\"}]},{\"@type\":\"WebSite\",\"@id\":\"https:\\\/\\\/repliquemangacine.fr\\\/#website\",\"url\":\"https:\\\/\\\/repliquemangacine.fr\\\/\",\"name\":\"R\u00e9plique Manga Cin\u00e9\",\"description\":\"\",\"publisher\":{\"@id\":\"https:\\\/\\\/repliquemangacine.fr\\\/#organization\"},\"potentialAction\":[{\"@type\":\"SearchAction\",\"target\":{\"@type\":\"EntryPoint\",\"urlTemplate\":\"https:\\\/\\\/repliquemangacine.fr\\\/?s={search_term_string}\"},\"query-input\":{\"@type\":\"PropertyValueSpecification\",\"valueRequired\":true,\"valueName\":\"search_term_string\"}}],\"inLanguage\":\"es\"},{\"@type\":\"Organization\",\"@id\":\"https:\\\/\\\/repliquemangacine.fr\\\/#organization\",\"name\":\"R\u00e9plique Manga Cin\u00e9\",\"url\":\"https:\\\/\\\/repliquemangacine.fr\\\/\",\"logo\":{\"@type\":\"ImageObject\",\"inLanguage\":\"es\",\"@id\":\"https:\\\/\\\/repliquemangacine.fr\\\/#\\\/schema\\\/logo\\\/image\\\/\",\"url\":\"https:\\\/\\\/repliquemangacine.fr\\\/wp-content\\\/uploads\\\/2023\\\/10\\\/RMC-500250.png\",\"contentUrl\":\"https:\\\/\\\/repliquemangacine.fr\\\/wp-content\\\/uploads\\\/2023\\\/10\\\/RMC-500250.png\",\"width\":500,\"height\":250,\"caption\":\"R\u00e9plique Manga Cin\u00e9\"},\"image\":{\"@id\":\"https:\\\/\\\/repliquemangacine.fr\\\/#\\\/schema\\\/logo\\\/image\\\/\"},\"sameAs\":[\"https:\\\/\\\/www.facebook.com\\\/RepliqueMangaCine\",\"https:\\\/\\\/www.instagram.com\\\/repliquemangacine.fr\\\/\"]}]}<\/script>\n<!-- \/ Yoast SEO plugin. -->","yoast_head_json":{"title":"Katana del Rey - One Piece | R\u00e9plique Manga Cin\u00e9","description":"Descubre esta magn\u00edfica r\u00e9plica de la Katana del Rey en One Piece al mejor precio. Hoja de acero decorada. Vaina de madera lacada en naranja. Longitud: 105 cm","robots":{"index":"index","follow":"follow","max-snippet":"max-snippet:-1","max-image-preview":"max-image-preview:large","max-video-preview":"max-video-preview:-1"},"canonical":"https:\/\/repliquemangacine.fr\/es\/katana-de-metal-de-una-pieza\/katana-king-one-piece\/","og_locale":"es_ES","og_type":"article","og_title":"Katana de King - One Piece | R\u00e9plique Manga Cin\u00e9","og_description":"D\u00e9couvrez cette superbe r\u00e9plique du Katana de King dans One Piece au meilleur prix. Lame en acier d\u00e9cor\u00e9. Fourreau en bois laqu\u00e9 orange. Longueur : 105 cm","og_url":"https:\/\/repliquemangacine.fr\/es\/katana-de-metal-de-una-pieza\/katana-king-one-piece\/","og_site_name":"R\u00e9plique Manga Cin\u00e9","article_publisher":"https:\/\/www.facebook.com\/RepliqueMangaCine","article_modified_time":"2025-12-02T15:56:04+00:00","og_image":[{"width":500,"height":500,"url":"https:\/\/repliquemangacine.fr\/wp-content\/uploads\/2024\/03\/Katana-King.jpg","type":"image\/jpeg"}],"twitter_card":"summary_large_image","twitter_misc":{"Tiempo de lectura":"3 minutos"},"schema":{"@context":"https:\/\/schema.org","@graph":[{"@type":"WebPage","@id":"https:\/\/repliquemangacine.fr\/katana-en-metal-one-piece\/katana-de-king-one-piece\/","url":"https:\/\/repliquemangacine.fr\/katana-en-metal-one-piece\/katana-de-king-one-piece\/","name":"Katana del Rey - One Piece | R\u00e9plique Manga Cin\u00e9","isPartOf":{"@id":"https:\/\/repliquemangacine.fr\/#website"},"primaryImageOfPage":{"@id":"https:\/\/repliquemangacine.fr\/katana-en-metal-one-piece\/katana-de-king-one-piece\/#primaryimage"},"image":{"@id":"https:\/\/repliquemangacine.fr\/katana-en-metal-one-piece\/katana-de-king-one-piece\/#primaryimage"},"thumbnailUrl":"https:\/\/repliquemangacine.fr\/wp-content\/uploads\/2024\/03\/Katana-King.jpg","datePublished":"2024-03-05T12:48:01+00:00","dateModified":"2025-12-02T15:56:04+00:00","description":"Descubre esta magn\u00edfica r\u00e9plica de la Katana del Rey en One Piece al mejor precio. Hoja de acero decorada. Vaina de madera lacada en naranja. Longitud: 105 cm","breadcrumb":{"@id":"https:\/\/repliquemangacine.fr\/katana-en-metal-one-piece\/katana-de-king-one-piece\/#breadcrumb"},"inLanguage":"es","potentialAction":[{"@type":"ReadAction","target":["https:\/\/repliquemangacine.fr\/katana-en-metal-one-piece\/katana-de-king-one-piece\/"]}]},{"@type":"ImageObject","inLanguage":"es","@id":"https:\/\/repliquemangacine.fr\/katana-en-metal-one-piece\/katana-de-king-one-piece\/#primaryimage","url":"https:\/\/repliquemangacine.fr\/wp-content\/uploads\/2024\/03\/Katana-King.jpg","contentUrl":"https:\/\/repliquemangacine.fr\/wp-content\/uploads\/2024\/03\/Katana-King.jpg","width":500,"height":500,"caption":"Katana de King dans One Piece"},{"@type":"BreadcrumbList","@id":"https:\/\/repliquemangacine.fr\/katana-en-metal-one-piece\/katana-de-king-one-piece\/#breadcrumb","itemListElement":[{"@type":"ListItem","position":1,"name":"Accueil","item":"https:\/\/repliquemangacine.fr\/"},{"@type":"ListItem","position":2,"name":"Produits","item":"https:\/\/repliquemangacine.fr\/boutique\/"},{"@type":"ListItem","position":3,"name":"Katana de King &#8211; One Piece"}]},{"@type":"WebSite","@id":"https:\/\/repliquemangacine.fr\/#website","url":"https:\/\/repliquemangacine.fr\/","name":"R\u00e9plique Manga Cin\u00e9","description":"","publisher":{"@id":"https:\/\/repliquemangacine.fr\/#organization"},"potentialAction":[{"@type":"SearchAction","target":{"@type":"EntryPoint","urlTemplate":"https:\/\/repliquemangacine.fr\/?s={search_term_string}"},"query-input":{"@type":"PropertyValueSpecification","valueRequired":true,"valueName":"search_term_string"}}],"inLanguage":"es"},{"@type":"Organization","@id":"https:\/\/repliquemangacine.fr\/#organization","name":"R\u00e9plique Manga Cin\u00e9","url":"https:\/\/repliquemangacine.fr\/","logo":{"@type":"ImageObject","inLanguage":"es","@id":"https:\/\/repliquemangacine.fr\/#\/schema\/logo\/image\/","url":"https:\/\/repliquemangacine.fr\/wp-content\/uploads\/2023\/10\/RMC-500250.png","contentUrl":"https:\/\/repliquemangacine.fr\/wp-content\/uploads\/2023\/10\/RMC-500250.png","width":500,"height":250,"caption":"R\u00e9plique Manga Cin\u00e9"},"image":{"@id":"https:\/\/repliquemangacine.fr\/#\/schema\/logo\/image\/"},"sameAs":["https:\/\/www.facebook.com\/RepliqueMangaCine","https:\/\/www.instagram.com\/repliquemangacine.fr\/"]}]}},"_links":{"self":[{"href":"https:\/\/repliquemangacine.fr\/es\/wp-json\/wp\/v2\/product\/69996","targetHints":{"allow":["GET"]}}],"collection":[{"href":"https:\/\/repliquemangacine.fr\/es\/wp-json\/wp\/v2\/product"}],"about":[{"href":"https:\/\/repliquemangacine.fr\/es\/wp-json\/wp\/v2\/types\/product"}],"wp:featuredmedia":[{"embeddable":true,"href":"https:\/\/repliquemangacine.fr\/es\/wp-json\/wp\/v2\/media\/69997"}],"wp:attachment":[{"href":"https:\/\/repliquemangacine.fr\/es\/wp-json\/wp\/v2\/media?parent=69996"}],"wp:term":[{"taxonomy":"product_brand","embeddable":true,"href":"https:\/\/repliquemangacine.fr\/es\/wp-json\/wp\/v2\/product_brand?post=69996"},{"taxonomy":"product_cat","embeddable":true,"href":"https:\/\/repliquemangacine.fr\/es\/wp-json\/wp\/v2\/product_cat?post=69996"},{"taxonomy":"product_tag","embeddable":true,"href":"https:\/\/repliquemangacine.fr\/es\/wp-json\/wp\/v2\/product_tag?post=69996"}],"curies":[{"name":"wp","href":"https:\/\/api.w.org\/{rel}","templated":true}]}}