





{"id":69971,"date":"2024-03-05T12:13:12","date_gmt":"2024-03-05T11:13:12","guid":{"rendered":"https:\/\/repliquemangacine.fr\/?post_type=product&#038;p=69971"},"modified":"2026-01-22T18:56:11","modified_gmt":"2026-01-22T17:56:11","slug":"katana-uchigatana-elden-ring","status":"publish","type":"product","link":"https:\/\/repliquemangacine.fr\/es\/katana-et-epee-de-jeux-video-autre-jeux-video\/katana-uchigatana-elden-ring\/","title":{"rendered":"Katana Uchigatana - Anillo Elden"},"content":{"rendered":"<h2>Katana Uchigatana : La hoja \u00e1gil<\/h2>\n<p>Para empezar, la Katana Uchigatana en <a href=\"https:\/\/eldenring.fandom.com\/wiki\/Elden_Ring_(game)\" target=\"_blank\" rel=\"noopener noreferrer\">Anillo Elden<\/a> es una de las m\u00e1s emblem\u00e1ticas y accesibles al principio del juego. Esto hace que esta arma sea muy popular entre los jugadores, especialmente entre aquellos que prefieren la agilidad y la precisi\u00f3n en su estilo de combate. A continuaci\u00f3n, te ofrecemos una descripci\u00f3n detallada de la Uchigatana y sus caracter\u00edsticas en el juego.<\/p>\n<p>La uchigatana, una katana tradicional japonesa conocida por su caracter\u00edstica hoja curvada. En Elden Ring, conserva esta est\u00e9tica aut\u00e9ntica, ofreciendo a los jugadores un arma elegante y letal a la vez. Su dise\u00f1o sencillo, pero refinado, seduce a muchos jugadores que buscan una combinaci\u00f3n de belleza y eficacia.<\/p>\n<p>Lo que distingue al Uchigatana es su capacidad para provocar hemorragias. Esto puede mermar r\u00e1pidamente la salud de los enemigos con ataques sucesivos. Esta caracter\u00edstica hace que el arma sea especialmente eficaz contra adversarios con una gran cantidad de puntos de vida. Adem\u00e1s, la Uchigatana permite utilizar la t\u00e9cnica \u201cUnsheathe\u201d. Se trata de un ataque r\u00e1pido y potente que se puede lanzar desde una postura baja. Ofrece una oportunidad para abrirse paso entre los enemigos o escapar r\u00e1pidamente tras un ataque.<\/p>\n<h2>Katana Uchigatana: Requisitos y c\u00f3mo conseguirla<\/h2>\n<p>La uchigatana es un arma relativamente ligera que requiere destreza para manejarla con eficacia. Por lo tanto, es ideal para los jugadores que basan su personaje en la velocidad y la precisi\u00f3n, en lugar de en la fuerza bruta. Su da\u00f1o y su capacidad para provocar hemorragias la convierten en un arma viable a lo largo de todo el juego. Sin embargo, muchos jugadores optan por mejorarla o complementarla con otras armas a medida que avanzan en el juego.<\/p>\n<p>La Uchigatana se puede obtener relativamente pronto en Elden Ring. Esto la convierte en una opci\u00f3n atractiva tanto para los nuevos jugadores como para aquellos que vuelven a empezar una partida. A menudo se elige como primera arma poderosa debido a su disponibilidad y versatilidad.<\/p>\n<p>En conclusi\u00f3n, el Uchigatana es m\u00e1s que un simple arma para el inicio del juego. Es una extensi\u00f3n del jugador que valora la delicadeza y la estrategia. Con su capacidad para infligir hemorragias r\u00e1pidamente y su t\u00e9cnica de ataque \u00fanica. El uchigatana ofrece una v\u00eda gratificante para aquellos que desean dominar su estilo de combate \u00e1gil y preciso. Tanto si est\u00e1s empezando tu aventura en Elden Ring como si eres un veterano en busca de una nueva estrategia, el uchigatana es un arma a tener en cuenta para cualquier aventurero.<\/p>\n<h2>Armas en Elden Ring al mejor precio<\/h2>\n<p>En Elden Ring, hay muchas armas (alrededor de 300), pero las m\u00e1s populares son las katanas. Por eso R\u00e9plique Manga Cin\u00e9 te ofrece las tres mejores al mejor precio.<\/p>\n<ul>\n<li>En primer lugar, la indiscutible <a href=\"https:\/\/repliquemangacine.fr\/es\/katana-y-espada-videojuego-otros-videojuegos\/katana-rio-sangriento\/\">Katana R\u00edo Sangriento<\/a> con una hoja que parece absorber la sangre de sus enemigos. Lo que realmente distingue a R\u00edo Sangriento de otras katanas de Elden Ring es su habilidad especial \"Lanzador de cad\u00e1veres\". Este ataque permite al jugador lanzar una serie de golpes r\u00e1pidos que infligen un enorme da\u00f1o sangrante. Es simplemente excelente para una build de sangrado. R\u00edo sangriento requiere 12 de Fuerza, 18 de Destreza y 20 de Esoterismo.<\/li>\n<li>Luego est\u00e1 el <a href=\"https:\/\/repliquemangacine.fr\/es\/nuevos-productos\/katana-moonveil-en-anillo-elden\/\">Katana Moonveil<\/a> (Eclipse de Luna) toma su nombre de su aspecto y capacidades. De hecho, evoca la imagen de un misterioso velo lunar. La caracter\u00edstica m\u00e1s destacable de Moonveil es su habilidad especial, \"Filo transversal\". Un ataque que proyecta una onda cortante de energ\u00eda m\u00e1gica a corta distancia. En conclusi\u00f3n, estas dos katanas con Uchigatana ser\u00e1n un importante complemento para tu colecci\u00f3n.<\/li>\n<\/ul>","protected":false},"excerpt":{"rendered":"<p>Magn\u00edfica r\u00e9plica de Katana Uchigatana en Elden Ring<\/p>\n<ul>\n<li>Hoja de acero con ranura<\/li>\n<li>Guarda met\u00e1lica dorada de forma especial<\/li>\n<li>Mango de imitaci\u00f3n de piel de raya, recubierto de trenza de algod\u00f3n verde<\/li>\n<li>Vaina de madera<\/li>\n<li>Longitud de la hoja: 68 cm - Longitud total: 105 cm<\/li>\n<\/ul>","protected":false},"featured_media":69972,"template":"","meta":[],"product_brand":[],"product_cat":[876,67],"product_tag":[],"class_list":{"0":"post-69971","1":"product","2":"type-product","3":"status-publish","4":"has-post-thumbnail","6":"product_cat-elden-ring","7":"product_cat-katana-et-epee-de-jeux-video-autre-jeux-video","9":"first","10":"instock","11":"taxable","12":"shipping-taxable","13":"purchasable","14":"product-type-simple"},"yoast_head":"<!-- This site is optimized with the Yoast SEO plugin v27.4 - https:\/\/yoast.com\/product\/yoast-seo-wordpress\/ -->\n<title>Katana Uchigatana - Elden ring - Elden Ring | R\u00e9plique Manga Cin\u00e9<\/title>\n<meta name=\"description\" content=\"D\u00e9couvrez ce magnifique Katana Uchigatana dans le jeu vid\u00e9o Elden Ring au meilleur prix. Lame acier avec gorge. Fourreau. Longueur totale : 105 cm\" \/>\n<meta name=\"robots\" content=\"index, follow, max-snippet:-1, max-image-preview:large, max-video-preview:-1\" \/>\n<link rel=\"canonical\" href=\"https:\/\/repliquemangacine.fr\/es\/katana-y-espada-videojuego-otros-videojuegos\/katana-uchigatana-elden-ring\/\" \/>\n<meta property=\"og:locale\" content=\"es_ES\" \/>\n<meta property=\"og:type\" content=\"article\" \/>\n<meta property=\"og:title\" content=\"Katana Uchigatana - Elden ring - Elden Ring | R\u00e9plique Manga Cin\u00e9\" \/>\n<meta property=\"og:description\" content=\"D\u00e9couvrez ce magnifique Katana Uchigatana dans le jeu vid\u00e9o Elden Ring au meilleur prix. Lame acier avec gorge. Fourreau. Longueur totale : 105 cm\" \/>\n<meta property=\"og:url\" content=\"https:\/\/repliquemangacine.fr\/es\/katana-y-espada-videojuego-otros-videojuegos\/katana-uchigatana-elden-ring\/\" \/>\n<meta property=\"og:site_name\" content=\"R\u00e9plique Manga Cin\u00e9\" \/>\n<meta property=\"article:publisher\" content=\"https:\/\/www.facebook.com\/RepliqueMangaCine\" \/>\n<meta property=\"article:modified_time\" content=\"2026-01-22T17:56:11+00:00\" \/>\n<meta property=\"og:image\" content=\"https:\/\/repliquemangacine.fr\/wp-content\/uploads\/2024\/03\/katana-Uchigatana-et-son-fourreau.jpg\" \/>\n\t<meta property=\"og:image:width\" content=\"500\" \/>\n\t<meta property=\"og:image:height\" content=\"500\" \/>\n\t<meta property=\"og:image:type\" content=\"image\/jpeg\" \/>\n<meta name=\"twitter:card\" content=\"summary_large_image\" \/>\n<meta name=\"twitter:label1\" content=\"Tiempo de lectura\" \/>\n\t<meta name=\"twitter:data1\" content=\"4 minutos\" \/>\n<script type=\"application\/ld+json\" class=\"yoast-schema-graph\">{\"@context\":\"https:\\\/\\\/schema.org\",\"@graph\":[{\"@type\":\"WebPage\",\"@id\":\"https:\\\/\\\/repliquemangacine.fr\\\/katana-et-epee-de-jeux-video-autre-jeux-video\\\/katana-uchigatana-elden-ring\\\/\",\"url\":\"https:\\\/\\\/repliquemangacine.fr\\\/katana-et-epee-de-jeux-video-autre-jeux-video\\\/katana-uchigatana-elden-ring\\\/\",\"name\":\"Katana Uchigatana - Elden ring - Elden Ring | R\u00e9plique Manga Cin\u00e9\",\"isPartOf\":{\"@id\":\"https:\\\/\\\/repliquemangacine.fr\\\/#website\"},\"primaryImageOfPage\":{\"@id\":\"https:\\\/\\\/repliquemangacine.fr\\\/katana-et-epee-de-jeux-video-autre-jeux-video\\\/katana-uchigatana-elden-ring\\\/#primaryimage\"},\"image\":{\"@id\":\"https:\\\/\\\/repliquemangacine.fr\\\/katana-et-epee-de-jeux-video-autre-jeux-video\\\/katana-uchigatana-elden-ring\\\/#primaryimage\"},\"thumbnailUrl\":\"https:\\\/\\\/repliquemangacine.fr\\\/wp-content\\\/uploads\\\/2024\\\/03\\\/katana-Uchigatana-et-son-fourreau.jpg\",\"datePublished\":\"2024-03-05T11:13:12+00:00\",\"dateModified\":\"2026-01-22T17:56:11+00:00\",\"description\":\"D\u00e9couvrez ce magnifique Katana Uchigatana dans le jeu vid\u00e9o Elden Ring au meilleur prix. Lame acier avec gorge. Fourreau. Longueur totale : 105 cm\",\"breadcrumb\":{\"@id\":\"https:\\\/\\\/repliquemangacine.fr\\\/katana-et-epee-de-jeux-video-autre-jeux-video\\\/katana-uchigatana-elden-ring\\\/#breadcrumb\"},\"inLanguage\":\"es\",\"potentialAction\":[{\"@type\":\"ReadAction\",\"target\":[\"https:\\\/\\\/repliquemangacine.fr\\\/katana-et-epee-de-jeux-video-autre-jeux-video\\\/katana-uchigatana-elden-ring\\\/\"]}]},{\"@type\":\"ImageObject\",\"inLanguage\":\"es\",\"@id\":\"https:\\\/\\\/repliquemangacine.fr\\\/katana-et-epee-de-jeux-video-autre-jeux-video\\\/katana-uchigatana-elden-ring\\\/#primaryimage\",\"url\":\"https:\\\/\\\/repliquemangacine.fr\\\/wp-content\\\/uploads\\\/2024\\\/03\\\/katana-Uchigatana-et-son-fourreau.jpg\",\"contentUrl\":\"https:\\\/\\\/repliquemangacine.fr\\\/wp-content\\\/uploads\\\/2024\\\/03\\\/katana-Uchigatana-et-son-fourreau.jpg\",\"width\":500,\"height\":500,\"caption\":\"Katana Uchigatana Elden Ring\"},{\"@type\":\"BreadcrumbList\",\"@id\":\"https:\\\/\\\/repliquemangacine.fr\\\/katana-et-epee-de-jeux-video-autre-jeux-video\\\/katana-uchigatana-elden-ring\\\/#breadcrumb\",\"itemListElement\":[{\"@type\":\"ListItem\",\"position\":1,\"name\":\"Accueil\",\"item\":\"https:\\\/\\\/repliquemangacine.fr\\\/\"},{\"@type\":\"ListItem\",\"position\":2,\"name\":\"Produits\",\"item\":\"https:\\\/\\\/repliquemangacine.fr\\\/boutique\\\/\"},{\"@type\":\"ListItem\",\"position\":3,\"name\":\"Katana Uchigatana &#8211; Elden ring\"}]},{\"@type\":\"WebSite\",\"@id\":\"https:\\\/\\\/repliquemangacine.fr\\\/#website\",\"url\":\"https:\\\/\\\/repliquemangacine.fr\\\/\",\"name\":\"R\u00e9plique Manga Cin\u00e9\",\"description\":\"\",\"publisher\":{\"@id\":\"https:\\\/\\\/repliquemangacine.fr\\\/#organization\"},\"potentialAction\":[{\"@type\":\"SearchAction\",\"target\":{\"@type\":\"EntryPoint\",\"urlTemplate\":\"https:\\\/\\\/repliquemangacine.fr\\\/?s={search_term_string}\"},\"query-input\":{\"@type\":\"PropertyValueSpecification\",\"valueRequired\":true,\"valueName\":\"search_term_string\"}}],\"inLanguage\":\"es\"},{\"@type\":\"Organization\",\"@id\":\"https:\\\/\\\/repliquemangacine.fr\\\/#organization\",\"name\":\"R\u00e9plique Manga Cin\u00e9\",\"url\":\"https:\\\/\\\/repliquemangacine.fr\\\/\",\"logo\":{\"@type\":\"ImageObject\",\"inLanguage\":\"es\",\"@id\":\"https:\\\/\\\/repliquemangacine.fr\\\/#\\\/schema\\\/logo\\\/image\\\/\",\"url\":\"https:\\\/\\\/repliquemangacine.fr\\\/wp-content\\\/uploads\\\/2023\\\/10\\\/RMC-500250.png\",\"contentUrl\":\"https:\\\/\\\/repliquemangacine.fr\\\/wp-content\\\/uploads\\\/2023\\\/10\\\/RMC-500250.png\",\"width\":500,\"height\":250,\"caption\":\"R\u00e9plique Manga Cin\u00e9\"},\"image\":{\"@id\":\"https:\\\/\\\/repliquemangacine.fr\\\/#\\\/schema\\\/logo\\\/image\\\/\"},\"sameAs\":[\"https:\\\/\\\/www.facebook.com\\\/RepliqueMangaCine\",\"https:\\\/\\\/www.instagram.com\\\/repliquemangacine.fr\\\/\"]}]}<\/script>\n<!-- \/ Yoast SEO plugin. -->","yoast_head_json":{"title":"Katana Uchigatana - Anillo Elden - Anillo Elden | R\u00e9plique Manga Cin\u00e9","description":"Descubre esta magn\u00edfica Katana Uchigatana en el videojuego Elden Ring al mejor precio. Hoja de acero con garganta. Vaina. Longitud total: 105 cm","robots":{"index":"index","follow":"follow","max-snippet":"max-snippet:-1","max-image-preview":"max-image-preview:large","max-video-preview":"max-video-preview:-1"},"canonical":"https:\/\/repliquemangacine.fr\/es\/katana-y-espada-videojuego-otros-videojuegos\/katana-uchigatana-elden-ring\/","og_locale":"es_ES","og_type":"article","og_title":"Katana Uchigatana - Elden ring - Elden Ring | R\u00e9plique Manga Cin\u00e9","og_description":"D\u00e9couvrez ce magnifique Katana Uchigatana dans le jeu vid\u00e9o Elden Ring au meilleur prix. Lame acier avec gorge. Fourreau. Longueur totale : 105 cm","og_url":"https:\/\/repliquemangacine.fr\/es\/katana-y-espada-videojuego-otros-videojuegos\/katana-uchigatana-elden-ring\/","og_site_name":"R\u00e9plique Manga Cin\u00e9","article_publisher":"https:\/\/www.facebook.com\/RepliqueMangaCine","article_modified_time":"2026-01-22T17:56:11+00:00","og_image":[{"width":500,"height":500,"url":"https:\/\/repliquemangacine.fr\/wp-content\/uploads\/2024\/03\/katana-Uchigatana-et-son-fourreau.jpg","type":"image\/jpeg"}],"twitter_card":"summary_large_image","twitter_misc":{"Tiempo de lectura":"4 minutos"},"schema":{"@context":"https:\/\/schema.org","@graph":[{"@type":"WebPage","@id":"https:\/\/repliquemangacine.fr\/katana-et-epee-de-jeux-video-autre-jeux-video\/katana-uchigatana-elden-ring\/","url":"https:\/\/repliquemangacine.fr\/katana-et-epee-de-jeux-video-autre-jeux-video\/katana-uchigatana-elden-ring\/","name":"Katana Uchigatana - Anillo Elden - Anillo Elden | R\u00e9plique Manga Cin\u00e9","isPartOf":{"@id":"https:\/\/repliquemangacine.fr\/#website"},"primaryImageOfPage":{"@id":"https:\/\/repliquemangacine.fr\/katana-et-epee-de-jeux-video-autre-jeux-video\/katana-uchigatana-elden-ring\/#primaryimage"},"image":{"@id":"https:\/\/repliquemangacine.fr\/katana-et-epee-de-jeux-video-autre-jeux-video\/katana-uchigatana-elden-ring\/#primaryimage"},"thumbnailUrl":"https:\/\/repliquemangacine.fr\/wp-content\/uploads\/2024\/03\/katana-Uchigatana-et-son-fourreau.jpg","datePublished":"2024-03-05T11:13:12+00:00","dateModified":"2026-01-22T17:56:11+00:00","description":"Descubre esta magn\u00edfica Katana Uchigatana en el videojuego Elden Ring al mejor precio. Hoja de acero con garganta. Vaina. Longitud total: 105 cm","breadcrumb":{"@id":"https:\/\/repliquemangacine.fr\/katana-et-epee-de-jeux-video-autre-jeux-video\/katana-uchigatana-elden-ring\/#breadcrumb"},"inLanguage":"es","potentialAction":[{"@type":"ReadAction","target":["https:\/\/repliquemangacine.fr\/katana-et-epee-de-jeux-video-autre-jeux-video\/katana-uchigatana-elden-ring\/"]}]},{"@type":"ImageObject","inLanguage":"es","@id":"https:\/\/repliquemangacine.fr\/katana-et-epee-de-jeux-video-autre-jeux-video\/katana-uchigatana-elden-ring\/#primaryimage","url":"https:\/\/repliquemangacine.fr\/wp-content\/uploads\/2024\/03\/katana-Uchigatana-et-son-fourreau.jpg","contentUrl":"https:\/\/repliquemangacine.fr\/wp-content\/uploads\/2024\/03\/katana-Uchigatana-et-son-fourreau.jpg","width":500,"height":500,"caption":"Katana Uchigatana Elden Ring"},{"@type":"BreadcrumbList","@id":"https:\/\/repliquemangacine.fr\/katana-et-epee-de-jeux-video-autre-jeux-video\/katana-uchigatana-elden-ring\/#breadcrumb","itemListElement":[{"@type":"ListItem","position":1,"name":"Accueil","item":"https:\/\/repliquemangacine.fr\/"},{"@type":"ListItem","position":2,"name":"Produits","item":"https:\/\/repliquemangacine.fr\/boutique\/"},{"@type":"ListItem","position":3,"name":"Katana Uchigatana &#8211; Elden ring"}]},{"@type":"WebSite","@id":"https:\/\/repliquemangacine.fr\/#website","url":"https:\/\/repliquemangacine.fr\/","name":"R\u00e9plique Manga Cin\u00e9","description":"","publisher":{"@id":"https:\/\/repliquemangacine.fr\/#organization"},"potentialAction":[{"@type":"SearchAction","target":{"@type":"EntryPoint","urlTemplate":"https:\/\/repliquemangacine.fr\/?s={search_term_string}"},"query-input":{"@type":"PropertyValueSpecification","valueRequired":true,"valueName":"search_term_string"}}],"inLanguage":"es"},{"@type":"Organization","@id":"https:\/\/repliquemangacine.fr\/#organization","name":"R\u00e9plique Manga Cin\u00e9","url":"https:\/\/repliquemangacine.fr\/","logo":{"@type":"ImageObject","inLanguage":"es","@id":"https:\/\/repliquemangacine.fr\/#\/schema\/logo\/image\/","url":"https:\/\/repliquemangacine.fr\/wp-content\/uploads\/2023\/10\/RMC-500250.png","contentUrl":"https:\/\/repliquemangacine.fr\/wp-content\/uploads\/2023\/10\/RMC-500250.png","width":500,"height":250,"caption":"R\u00e9plique Manga Cin\u00e9"},"image":{"@id":"https:\/\/repliquemangacine.fr\/#\/schema\/logo\/image\/"},"sameAs":["https:\/\/www.facebook.com\/RepliqueMangaCine","https:\/\/www.instagram.com\/repliquemangacine.fr\/"]}]}},"_links":{"self":[{"href":"https:\/\/repliquemangacine.fr\/es\/wp-json\/wp\/v2\/product\/69971","targetHints":{"allow":["GET"]}}],"collection":[{"href":"https:\/\/repliquemangacine.fr\/es\/wp-json\/wp\/v2\/product"}],"about":[{"href":"https:\/\/repliquemangacine.fr\/es\/wp-json\/wp\/v2\/types\/product"}],"wp:featuredmedia":[{"embeddable":true,"href":"https:\/\/repliquemangacine.fr\/es\/wp-json\/wp\/v2\/media\/69972"}],"wp:attachment":[{"href":"https:\/\/repliquemangacine.fr\/es\/wp-json\/wp\/v2\/media?parent=69971"}],"wp:term":[{"taxonomy":"product_brand","embeddable":true,"href":"https:\/\/repliquemangacine.fr\/es\/wp-json\/wp\/v2\/product_brand?post=69971"},{"taxonomy":"product_cat","embeddable":true,"href":"https:\/\/repliquemangacine.fr\/es\/wp-json\/wp\/v2\/product_cat?post=69971"},{"taxonomy":"product_tag","embeddable":true,"href":"https:\/\/repliquemangacine.fr\/es\/wp-json\/wp\/v2\/product_tag?post=69971"}],"curies":[{"name":"wp","href":"https:\/\/api.w.org\/{rel}","templated":true}]}}