





{"id":69952,"date":"2024-03-04T19:25:14","date_gmt":"2024-03-04T18:25:14","guid":{"rendered":"https:\/\/repliquemangacine.fr\/?post_type=product&#038;p=69952"},"modified":"2026-03-29T18:19:47","modified_gmt":"2026-03-29T16:19:47","slug":"katana-rio-sangriento","status":"publish","type":"product","link":"https:\/\/repliquemangacine.fr\/es\/katana-et-epee-de-jeux-video-autre-jeux-video\/katana-riviere-sanglante\/","title":{"rendered":"Katana R\u00edo Sangriento - Anillo Elden"},"content":{"rendered":"<h2>R\u00edo Sangriento: Una Katana \u00danica<\/h2>\n<p>Para empezar, la Katana R\u00edo Sangriento, con su hoja en forma de ola de sangre, es absolutamente impresionante. Su dise\u00f1o refleja perfectamente su nombre, evocando el r\u00edo y la sangre de sus enemigos. Esta arma, incre\u00edblemente eficaz en combate, le otorga el t\u00edtulo de Top One.<\/p>\n<p>Lo que realmente distingue a la Rivi\u00e8re Sanglante de otras katanas en <a href=\"https:\/\/eldenring.fandom.com\/wiki\/Elden_Ring_(game)\" target=\"_blank\" rel=\"noopener noreferrer\">Anillo Elden<\/a>, es su habilidad especial, \u201cCorpse Piler\u201d. Este ataque permite al jugador lanzar una serie de golpes r\u00e1pidos que infligen importantes da\u00f1os por sangrado. La eficacia de esta arma contra enemigos susceptibles al sangrado la convierte en un arma ideal para enfrentarse a adversarios dif\u00edciles.<\/p>\n<p>Para manejar el R\u00edo Sangriento, los jugadores deben cumplir ciertos requisitos en cuanto a estad\u00edsticas, destreza y arcano. El arma aprovecha los atributos de su usuario. Esto significa que cuanto m\u00e1s se adapte tu personaje a estas estad\u00edsticas, m\u00e1s podr\u00e1s maximizar el da\u00f1o infligido.<\/p>\n<h2>Katana del R\u00edo Sangriento: Obtenci\u00f3n y estrategias<\/h2>\n<p>El R\u00edo Sangriento se puede obtener al derrotar a un enemigo espec\u00edfico, lo que lo convierte en una misi\u00f3n en s\u00ed misma para adquirir esta arma. La b\u00fasqueda y el desaf\u00edo para obtener esta arma aumentan su atractivo y prestigio entre la comunidad de jugadores.<\/p>\n<p>Para usar eficazmente el Rivi\u00e8re Sanglante, es necesario comprender su ritmo y sus habilidades especiales. Los jugadores deben aprender a dominar la habilidad \u201cCorpse Piler\u201d para maximizar el da\u00f1o por sangrado. Al mismo tiempo, deben utilizar h\u00e1bilmente la movilidad y la velocidad de la katana para esquivar los ataques enemigos. La integraci\u00f3n de esta arma en tu estrategia de combate puede aumentar considerablemente tus posibilidades de supervivencia y \u00e9xito.<\/p>\n<p>En conclusi\u00f3n, la ventaja de esta Katana es que aumenta r\u00e1pidamente el efecto de sangrado en los enemigos. Es simplemente excelente para una configuraci\u00f3n de sangrado. R\u00edo Sangriento requiere 12 de fuerza, 18 de destreza y 20 de esoterismo para poder equiparla.<\/p>\n<h2>Armas en Elden Ring al mejor precio<\/h2>\n<p>Cabe destacar que en Elden Ring hay muchas armas (unas 300), pero las m\u00e1s codiciadas son las katanas. Por eso, R\u00e9plique Manga Cin\u00e9 te ofrece las tres mejores al mejor precio. Por supuesto, la n.\u00ba 1 es Rivi\u00e8re Sanglante.<\/p>\n<p>En segundo lugar, continuemos con <a href=\"https:\/\/repliquemangacine.fr\/es\/katana-y-espada-videojuego-otros-videojuegos\/katana-uchigatana-elden-ring\/\">Uchigatana<\/a>, una katana tradicional. Arma emblem\u00e1tica, especialmente apreciada por los fans de la serie Souls por su regreso como opci\u00f3n viable desde el principio del juego. Su silueta esbelta y su dise\u00f1o depurado recuerdan a las armas tradicionales de los samur\u00e1is. La Uchigatana, caracterizada por su capacidad para infligir da\u00f1o por sangrado, la convierte en la n.\u00ba 2.<\/p>\n<p>Luego, tambi\u00e9n est\u00e1 la katana Moonveil (Eclipse lunar), que debe su nombre a su apariencia y sus capacidades. De hecho, evoca la imagen de un misterioso velo lunar. La caracter\u00edstica m\u00e1s destacable de <a href=\"https:\/\/repliquemangacine.fr\/es\/nuevos-productos\/katana-moonveil-en-anillo-elden\/\">Moonveil<\/a> es su habilidad especial, \u201cTransversal Edge\u201d. Un ataque que lanza una ola cortante de energ\u00eda m\u00e1gica a corta distancia.<\/p>\n<p>En conclusi\u00f3n, estas tres katanas ser\u00e1n una gran adquisici\u00f3n para tu colecci\u00f3n.<\/p>","protected":false},"excerpt":{"rendered":"<p>Magn\u00edfica r\u00e9plica de la Katana del R\u00edo Sangriento del videojuego \"Elden Ring<\/p>\n<ul>\n<li>Hoja de acero formando una onda y finamente decorada.<\/li>\n<li>Guarda de acero macizo con forma espec\u00edfica<\/li>\n<li>Empu\u00f1adura de imitaci\u00f3n de piel de raya roja, recubierta de trenza de cuero negro.<\/li>\n<li>Vaina de madera negra<\/li>\n<li>Longitud de la hoja: 68 cm - Longitud total: 105 cm<\/li>\n<\/ul>","protected":false},"featured_media":69953,"template":"","meta":[],"product_brand":[],"product_cat":[876,67],"product_tag":[],"class_list":{"0":"post-69952","1":"product","2":"type-product","3":"status-publish","4":"has-post-thumbnail","6":"product_cat-elden-ring","7":"product_cat-katana-et-epee-de-jeux-video-autre-jeux-video","9":"first","10":"instock","11":"taxable","12":"shipping-taxable","13":"purchasable","14":"product-type-simple"},"yoast_head":"<!-- This site is optimized with the Yoast SEO plugin v27.4 - https:\/\/yoast.com\/product\/yoast-seo-wordpress\/ -->\n<title>Katana Rivi\u00e8re Sanglante - Elden Ring - R\u00e9plique Manga Cin\u00e9<\/title>\n<meta name=\"description\" content=\"D\u00e9couvrez le Katana Rivi\u00e8re Sanglante dans Elden Ring, le katana le plus puissant du jeu. Lame acier en forme de vague d\u00e9cor\u00e9. Poign\u00e9e cuir noir. 105cm\" \/>\n<meta name=\"robots\" content=\"index, follow, max-snippet:-1, max-image-preview:large, max-video-preview:-1\" \/>\n<link rel=\"canonical\" href=\"https:\/\/repliquemangacine.fr\/es\/katana-y-espada-videojuego-otros-videojuegos\/katana-rio-sangriento\/\" \/>\n<meta property=\"og:locale\" content=\"es_ES\" \/>\n<meta property=\"og:type\" content=\"article\" \/>\n<meta property=\"og:title\" content=\"Katana Rivi\u00e8re Sanglante - Elden Ring - R\u00e9plique Manga Cin\u00e9\" \/>\n<meta property=\"og:description\" content=\"D\u00e9couvrez le Katana Rivi\u00e8re Sanglante dans Elden Ring, le katana le plus puissant du jeu. Lame acier en forme de vague d\u00e9cor\u00e9. Poign\u00e9e cuir noir. 105cm\" \/>\n<meta property=\"og:url\" content=\"https:\/\/repliquemangacine.fr\/es\/katana-y-espada-videojuego-otros-videojuegos\/katana-rio-sangriento\/\" \/>\n<meta property=\"og:site_name\" content=\"R\u00e9plique Manga Cin\u00e9\" \/>\n<meta property=\"article:publisher\" content=\"https:\/\/www.facebook.com\/RepliqueMangaCine\" \/>\n<meta property=\"article:modified_time\" content=\"2026-03-29T16:19:47+00:00\" \/>\n<meta property=\"og:image\" content=\"https:\/\/repliquemangacine.fr\/wp-content\/uploads\/2024\/03\/Riviere-sanglante.jpg\" \/>\n\t<meta property=\"og:image:width\" content=\"500\" \/>\n\t<meta property=\"og:image:height\" content=\"500\" \/>\n\t<meta property=\"og:image:type\" content=\"image\/jpeg\" \/>\n<meta name=\"twitter:card\" content=\"summary_large_image\" \/>\n<meta name=\"twitter:label1\" content=\"Tiempo de lectura\" \/>\n\t<meta name=\"twitter:data1\" content=\"3 minutos\" \/>\n<script type=\"application\/ld+json\" class=\"yoast-schema-graph\">{\"@context\":\"https:\\\/\\\/schema.org\",\"@graph\":[{\"@type\":\"WebPage\",\"@id\":\"https:\\\/\\\/repliquemangacine.fr\\\/katana-et-epee-de-jeux-video-autre-jeux-video\\\/katana-riviere-sanglante\\\/\",\"url\":\"https:\\\/\\\/repliquemangacine.fr\\\/katana-et-epee-de-jeux-video-autre-jeux-video\\\/katana-riviere-sanglante\\\/\",\"name\":\"Katana Rivi\u00e8re Sanglante - Elden Ring - R\u00e9plique Manga Cin\u00e9\",\"isPartOf\":{\"@id\":\"https:\\\/\\\/repliquemangacine.fr\\\/#website\"},\"primaryImageOfPage\":{\"@id\":\"https:\\\/\\\/repliquemangacine.fr\\\/katana-et-epee-de-jeux-video-autre-jeux-video\\\/katana-riviere-sanglante\\\/#primaryimage\"},\"image\":{\"@id\":\"https:\\\/\\\/repliquemangacine.fr\\\/katana-et-epee-de-jeux-video-autre-jeux-video\\\/katana-riviere-sanglante\\\/#primaryimage\"},\"thumbnailUrl\":\"https:\\\/\\\/repliquemangacine.fr\\\/wp-content\\\/uploads\\\/2024\\\/03\\\/Riviere-sanglante.jpg\",\"datePublished\":\"2024-03-04T18:25:14+00:00\",\"dateModified\":\"2026-03-29T16:19:47+00:00\",\"description\":\"D\u00e9couvrez le Katana Rivi\u00e8re Sanglante dans Elden Ring, le katana le plus puissant du jeu. Lame acier en forme de vague d\u00e9cor\u00e9. Poign\u00e9e cuir noir. 105cm\",\"breadcrumb\":{\"@id\":\"https:\\\/\\\/repliquemangacine.fr\\\/katana-et-epee-de-jeux-video-autre-jeux-video\\\/katana-riviere-sanglante\\\/#breadcrumb\"},\"inLanguage\":\"es\",\"potentialAction\":[{\"@type\":\"ReadAction\",\"target\":[\"https:\\\/\\\/repliquemangacine.fr\\\/katana-et-epee-de-jeux-video-autre-jeux-video\\\/katana-riviere-sanglante\\\/\"]}]},{\"@type\":\"ImageObject\",\"inLanguage\":\"es\",\"@id\":\"https:\\\/\\\/repliquemangacine.fr\\\/katana-et-epee-de-jeux-video-autre-jeux-video\\\/katana-riviere-sanglante\\\/#primaryimage\",\"url\":\"https:\\\/\\\/repliquemangacine.fr\\\/wp-content\\\/uploads\\\/2024\\\/03\\\/Riviere-sanglante.jpg\",\"contentUrl\":\"https:\\\/\\\/repliquemangacine.fr\\\/wp-content\\\/uploads\\\/2024\\\/03\\\/Riviere-sanglante.jpg\",\"width\":500,\"height\":500,\"caption\":\"Katana rivi\u00e8re Sanglante Elden Ring\"},{\"@type\":\"BreadcrumbList\",\"@id\":\"https:\\\/\\\/repliquemangacine.fr\\\/katana-et-epee-de-jeux-video-autre-jeux-video\\\/katana-riviere-sanglante\\\/#breadcrumb\",\"itemListElement\":[{\"@type\":\"ListItem\",\"position\":1,\"name\":\"Accueil\",\"item\":\"https:\\\/\\\/repliquemangacine.fr\\\/\"},{\"@type\":\"ListItem\",\"position\":2,\"name\":\"Produits\",\"item\":\"https:\\\/\\\/repliquemangacine.fr\\\/boutique\\\/\"},{\"@type\":\"ListItem\",\"position\":3,\"name\":\"Katana Rivi\u00e8re Sanglante &#8211; Elden Ring\"}]},{\"@type\":\"WebSite\",\"@id\":\"https:\\\/\\\/repliquemangacine.fr\\\/#website\",\"url\":\"https:\\\/\\\/repliquemangacine.fr\\\/\",\"name\":\"R\u00e9plique Manga Cin\u00e9\",\"description\":\"\",\"publisher\":{\"@id\":\"https:\\\/\\\/repliquemangacine.fr\\\/#organization\"},\"potentialAction\":[{\"@type\":\"SearchAction\",\"target\":{\"@type\":\"EntryPoint\",\"urlTemplate\":\"https:\\\/\\\/repliquemangacine.fr\\\/?s={search_term_string}\"},\"query-input\":{\"@type\":\"PropertyValueSpecification\",\"valueRequired\":true,\"valueName\":\"search_term_string\"}}],\"inLanguage\":\"es\"},{\"@type\":\"Organization\",\"@id\":\"https:\\\/\\\/repliquemangacine.fr\\\/#organization\",\"name\":\"R\u00e9plique Manga Cin\u00e9\",\"url\":\"https:\\\/\\\/repliquemangacine.fr\\\/\",\"logo\":{\"@type\":\"ImageObject\",\"inLanguage\":\"es\",\"@id\":\"https:\\\/\\\/repliquemangacine.fr\\\/#\\\/schema\\\/logo\\\/image\\\/\",\"url\":\"https:\\\/\\\/repliquemangacine.fr\\\/wp-content\\\/uploads\\\/2023\\\/10\\\/RMC-500250.png\",\"contentUrl\":\"https:\\\/\\\/repliquemangacine.fr\\\/wp-content\\\/uploads\\\/2023\\\/10\\\/RMC-500250.png\",\"width\":500,\"height\":250,\"caption\":\"R\u00e9plique Manga Cin\u00e9\"},\"image\":{\"@id\":\"https:\\\/\\\/repliquemangacine.fr\\\/#\\\/schema\\\/logo\\\/image\\\/\"},\"sameAs\":[\"https:\\\/\\\/www.facebook.com\\\/RepliqueMangaCine\",\"https:\\\/\\\/www.instagram.com\\\/repliquemangacine.fr\\\/\"]}]}<\/script>\n<!-- \/ Yoast SEO plugin. -->","yoast_head_json":{"title":"Katana R\u00edo Sangriento - Anillo Elden - R\u00e9plique Manga Cin\u00e9","description":"Descubre la Katana R\u00edo Sangriento en Elden Ring, la katana m\u00e1s poderosa del juego. Hoja de acero en forma de ola decorada. Empu\u00f1adura de cuero negro. 105 cm.","robots":{"index":"index","follow":"follow","max-snippet":"max-snippet:-1","max-image-preview":"max-image-preview:large","max-video-preview":"max-video-preview:-1"},"canonical":"https:\/\/repliquemangacine.fr\/es\/katana-y-espada-videojuego-otros-videojuegos\/katana-rio-sangriento\/","og_locale":"es_ES","og_type":"article","og_title":"Katana Rivi\u00e8re Sanglante - Elden Ring - R\u00e9plique Manga Cin\u00e9","og_description":"D\u00e9couvrez le Katana Rivi\u00e8re Sanglante dans Elden Ring, le katana le plus puissant du jeu. Lame acier en forme de vague d\u00e9cor\u00e9. Poign\u00e9e cuir noir. 105cm","og_url":"https:\/\/repliquemangacine.fr\/es\/katana-y-espada-videojuego-otros-videojuegos\/katana-rio-sangriento\/","og_site_name":"R\u00e9plique Manga Cin\u00e9","article_publisher":"https:\/\/www.facebook.com\/RepliqueMangaCine","article_modified_time":"2026-03-29T16:19:47+00:00","og_image":[{"width":500,"height":500,"url":"https:\/\/repliquemangacine.fr\/wp-content\/uploads\/2024\/03\/Riviere-sanglante.jpg","type":"image\/jpeg"}],"twitter_card":"summary_large_image","twitter_misc":{"Tiempo de lectura":"3 minutos"},"schema":{"@context":"https:\/\/schema.org","@graph":[{"@type":"WebPage","@id":"https:\/\/repliquemangacine.fr\/katana-et-epee-de-jeux-video-autre-jeux-video\/katana-riviere-sanglante\/","url":"https:\/\/repliquemangacine.fr\/katana-et-epee-de-jeux-video-autre-jeux-video\/katana-riviere-sanglante\/","name":"Katana R\u00edo Sangriento - Anillo Elden - R\u00e9plique Manga Cin\u00e9","isPartOf":{"@id":"https:\/\/repliquemangacine.fr\/#website"},"primaryImageOfPage":{"@id":"https:\/\/repliquemangacine.fr\/katana-et-epee-de-jeux-video-autre-jeux-video\/katana-riviere-sanglante\/#primaryimage"},"image":{"@id":"https:\/\/repliquemangacine.fr\/katana-et-epee-de-jeux-video-autre-jeux-video\/katana-riviere-sanglante\/#primaryimage"},"thumbnailUrl":"https:\/\/repliquemangacine.fr\/wp-content\/uploads\/2024\/03\/Riviere-sanglante.jpg","datePublished":"2024-03-04T18:25:14+00:00","dateModified":"2026-03-29T16:19:47+00:00","description":"Descubre la Katana R\u00edo Sangriento en Elden Ring, la katana m\u00e1s poderosa del juego. Hoja de acero en forma de ola decorada. Empu\u00f1adura de cuero negro. 105 cm.","breadcrumb":{"@id":"https:\/\/repliquemangacine.fr\/katana-et-epee-de-jeux-video-autre-jeux-video\/katana-riviere-sanglante\/#breadcrumb"},"inLanguage":"es","potentialAction":[{"@type":"ReadAction","target":["https:\/\/repliquemangacine.fr\/katana-et-epee-de-jeux-video-autre-jeux-video\/katana-riviere-sanglante\/"]}]},{"@type":"ImageObject","inLanguage":"es","@id":"https:\/\/repliquemangacine.fr\/katana-et-epee-de-jeux-video-autre-jeux-video\/katana-riviere-sanglante\/#primaryimage","url":"https:\/\/repliquemangacine.fr\/wp-content\/uploads\/2024\/03\/Riviere-sanglante.jpg","contentUrl":"https:\/\/repliquemangacine.fr\/wp-content\/uploads\/2024\/03\/Riviere-sanglante.jpg","width":500,"height":500,"caption":"Katana rivi\u00e8re Sanglante Elden Ring"},{"@type":"BreadcrumbList","@id":"https:\/\/repliquemangacine.fr\/katana-et-epee-de-jeux-video-autre-jeux-video\/katana-riviere-sanglante\/#breadcrumb","itemListElement":[{"@type":"ListItem","position":1,"name":"Accueil","item":"https:\/\/repliquemangacine.fr\/"},{"@type":"ListItem","position":2,"name":"Produits","item":"https:\/\/repliquemangacine.fr\/boutique\/"},{"@type":"ListItem","position":3,"name":"Katana Rivi\u00e8re Sanglante &#8211; Elden Ring"}]},{"@type":"WebSite","@id":"https:\/\/repliquemangacine.fr\/#website","url":"https:\/\/repliquemangacine.fr\/","name":"R\u00e9plique Manga Cin\u00e9","description":"","publisher":{"@id":"https:\/\/repliquemangacine.fr\/#organization"},"potentialAction":[{"@type":"SearchAction","target":{"@type":"EntryPoint","urlTemplate":"https:\/\/repliquemangacine.fr\/?s={search_term_string}"},"query-input":{"@type":"PropertyValueSpecification","valueRequired":true,"valueName":"search_term_string"}}],"inLanguage":"es"},{"@type":"Organization","@id":"https:\/\/repliquemangacine.fr\/#organization","name":"R\u00e9plique Manga Cin\u00e9","url":"https:\/\/repliquemangacine.fr\/","logo":{"@type":"ImageObject","inLanguage":"es","@id":"https:\/\/repliquemangacine.fr\/#\/schema\/logo\/image\/","url":"https:\/\/repliquemangacine.fr\/wp-content\/uploads\/2023\/10\/RMC-500250.png","contentUrl":"https:\/\/repliquemangacine.fr\/wp-content\/uploads\/2023\/10\/RMC-500250.png","width":500,"height":250,"caption":"R\u00e9plique Manga Cin\u00e9"},"image":{"@id":"https:\/\/repliquemangacine.fr\/#\/schema\/logo\/image\/"},"sameAs":["https:\/\/www.facebook.com\/RepliqueMangaCine","https:\/\/www.instagram.com\/repliquemangacine.fr\/"]}]}},"_links":{"self":[{"href":"https:\/\/repliquemangacine.fr\/es\/wp-json\/wp\/v2\/product\/69952","targetHints":{"allow":["GET"]}}],"collection":[{"href":"https:\/\/repliquemangacine.fr\/es\/wp-json\/wp\/v2\/product"}],"about":[{"href":"https:\/\/repliquemangacine.fr\/es\/wp-json\/wp\/v2\/types\/product"}],"wp:featuredmedia":[{"embeddable":true,"href":"https:\/\/repliquemangacine.fr\/es\/wp-json\/wp\/v2\/media\/69953"}],"wp:attachment":[{"href":"https:\/\/repliquemangacine.fr\/es\/wp-json\/wp\/v2\/media?parent=69952"}],"wp:term":[{"taxonomy":"product_brand","embeddable":true,"href":"https:\/\/repliquemangacine.fr\/es\/wp-json\/wp\/v2\/product_brand?post=69952"},{"taxonomy":"product_cat","embeddable":true,"href":"https:\/\/repliquemangacine.fr\/es\/wp-json\/wp\/v2\/product_cat?post=69952"},{"taxonomy":"product_tag","embeddable":true,"href":"https:\/\/repliquemangacine.fr\/es\/wp-json\/wp\/v2\/product_tag?post=69952"}],"curies":[{"name":"wp","href":"https:\/\/api.w.org\/{rel}","templated":true}]}}