





{"id":69038,"date":"2024-02-09T17:35:31","date_gmt":"2024-02-09T16:35:31","guid":{"rendered":"https:\/\/repliquemangacine.fr\/?post_type=product&#038;p=69038"},"modified":"2025-11-18T14:48:32","modified_gmt":"2025-11-18T13:48:32","slug":"kit-de-sellado-y-encerado-harry-potter","status":"publish","type":"product","link":"https:\/\/repliquemangacine.fr\/es\/collectors-et-goodies-harry-potter\/kit-sceau-et-cire-harry-potter\/","title":{"rendered":"Kit de sello y cera Harry Potter"},"content":{"rendered":"<h2>Kit de sello y cera de Harry Potter: El arte antiguo se une a la magia<\/h2>\n<p>Para empezar, descubra el <strong>Kit de sello y cera Harry Potter<\/strong>, una aut\u00e9ntica celebraci\u00f3n del arte tradicional de la seller\u00eda. Magn\u00edficamente reinventado a trav\u00e9s del prisma del m\u00e1gico universo de Harry Potter. Este excepcional estuche incluye todo lo necesario para personalizar su correspondencia con un toque de elegancia.<\/p>\n<p>En el centro de este kit encontrar\u00e1s un porta sellos con el emblema de Gryffondor. Los cuatro sellos diferentes te permiten variar y personalizar cada env\u00edo con un s\u00edmbolo \u00fanico. De este modo, tu correspondencia tendr\u00e1 un toque personal y distintivo.<\/p>\n<p>Los dos frascos de cera, con colores vivos y profundos, est\u00e1n especialmente dise\u00f1ados para armonizar con la tem\u00e1tica de Gryffindor. La cuchara met\u00e1lica no solo es pr\u00e1ctica para derretir la cera, sino que tambi\u00e9n a\u00f1ade un toque de autenticidad y encanto a todo el proceso.<\/p>\n<p>La vela calentadora incluida proporciona una fuente de calor fiable y constante para derretir la cera. Mientras que el rotulador dorado permite a\u00f1adir toques finales a tus escritos o sobres con elegancia.<\/p>\n<p>En conclusi\u00f3n, este kit de sello y cera de Harry Potter es m\u00e1s que un simple conjunto de herramientas. Es una invitaci\u00f3n a revivir la magia y el romanticismo de la correspondencia manuscrita, enriquecida por la est\u00e9tica emblem\u00e1tica del universo de Harry Potter.<\/p>\n<h2>Kit de sello y cera de Harry Potter: un tesoro de calidad a un precio asequible<\/h2>\n<p>Le <strong>Kit de sello y cera Harry Potter<\/strong> no es solo un homenaje al delicado arte de la sell\u00edstica. Tambi\u00e9n representa nuestro compromiso de ofrecer productos de alta calidad a precios que se ajustan a su presupuesto. Dise\u00f1ado para los apasionados del universo de Harry Potter, este estuche combina con maestr\u00eda un acabado cuidado, materiales de primera calidad y accesibilidad, reflejando la excelencia y la autenticidad que usted tiene derecho a esperar de cualquier art\u00edculo con la marca Harry Potter.<\/p>\n<p>Enriquece tu colecci\u00f3n con este kit, pero no te detengas ah\u00ed. Nuestra tienda est\u00e1 repleta de tesoros procedentes directamente del mundo m\u00e1gico. De hecho, para aquellos que buscan profundizar en el arte de la escritura m\u00e1gica, existe el <a href=\"https:\/\/repliquemangacine.fr\/es\/coleccionistas-y-objetos-de-harry-potter\/juego-de-caligrafia-harry-potter\/\">juego completo de caligraf\u00eda,<\/a> as\u00ed como nuestra <a href=\"https:\/\/repliquemangacine.fr\/es\/varias-golosinas\/varita-de-harry-potter\/\">cajas de coleccionista de palillos de llavero<\/a>. Ofrecen una experiencia aut\u00e9ntica y enriquecedora, permiti\u00e9ndote recrear los hechizos y las cartas emblem\u00e1ticas de la saga.<\/p>\n<p>A continuaci\u00f3n, nuestros <a href=\"https:\/\/repliquemangacine.fr\/es\/coleccionistas-y-objetos-de-harry-potter\/taza-hogwarts-500-ml\/\">tazas<\/a> Casas de Hogwarts, dise\u00f1adas para resistir el paso del tiempo. Son el compa\u00f1ero ideal para tus copas matutinas o nocturnas, combinando utilidad y pasi\u00f3n.<\/p>\n<h2>Los imprescindibles de Hogwarts: productos oficiales de Harry Potter<\/h2>\n<p>Convi\u00e9rtete en el mejor mago con nuestra exclusiva selecci\u00f3n de productos oficiales, autorizados por Warner Bros y distribuidos por <a href=\"https:\/\/noblecollection.fr\/produits-issus-univers-harry-potter-c-163_10.html\" target=\"_blank\" rel=\"noopener noreferrer\">Colecci\u00f3n Noble<\/a>. Cada pieza de esta colecci\u00f3n ha sido dise\u00f1ada para transportarte directamente al mundo encantado de J.K. Rowling, gracias a r\u00e9plicas aut\u00e9nticas y m\u00e1gicas que cautivan la imaginaci\u00f3n.<\/p>\n<p>En primer lugar, el <a href=\"https:\/\/repliquemangacine.fr\/es\/coleccionistas-y-objetos-de-harry-potter\/carta-del-merodeador\/\">Tarjeta Marauder<\/a>Un pasaporte a la aventura que revela los secretos de Hogwarts. A continuaci\u00f3n, el <a href=\"https:\/\/repliquemangacine.fr\/es\/coleccionistas-y-objetos-de-harry-potter\/el-deluminador-de-ron-weasley\/\">Deluminator<\/a>, r\u00e9plica fiel del que hered\u00f3 Ron Weasley, un fascinante objeto de colecci\u00f3n. No solo es un poderoso s\u00edmbolo de la amistad y la luz en la oscuridad, sino tambi\u00e9n un ejemplo del excepcional saber hacer que hay detr\u00e1s de la creaci\u00f3n de los productos oficiales de Harry Potter. Tambi\u00e9n est\u00e1n la escoba Firebolt, el bolso de Hermione y muchos otros por descubrir.<\/p>\n<p>Estos imprescindibles de Hogwarts son m\u00e1s que simples recuerdos. Son una invitaci\u00f3n a revivir la magia, sumergirse en la aventura y abrazar la imaginaci\u00f3n del universo de Harry Potter. Tanto si eres un coleccionista experimentado como un nuevo fan, estos productos oficiales de Harry Potter son tesoros que hay que atesorar, testigos de la magia atemporal que sigue inspirando y encantando a generaciones.<\/p>","protected":false},"excerpt":{"rendered":"<p>Magn\u00edfico kit de sello y lacre, inspirado en la saga de Harry Potter.<\/p>\n<p>Este set incluye :<\/p>\n<ul>\n<li>un porta sellos de Gryffindor<\/li>\n<li>Cuatro sellos<\/li>\n<li>Dos botellas de cera<\/li>\n<li>una cuchara de metal con mango de madera<\/li>\n<li>Una vela de t\u00e9<\/li>\n<li>Un rotulador dorado<\/li>\n<\/ul>","protected":false},"featured_media":69041,"template":"","meta":[],"product_brand":[896],"product_cat":[87,41],"product_tag":[],"class_list":{"0":"post-69038","1":"product","2":"type-product","3":"status-publish","4":"has-post-thumbnail","6":"product_brand-replique-manga-cine","7":"product_cat-collectors-et-goodies-harry-potter","8":"product_cat-baguettes-et-goodies-harry-potter","10":"first","11":"outofstock","12":"taxable","13":"shipping-taxable","14":"purchasable","15":"product-type-simple"},"yoast_head":"<!-- This site is optimized with the Yoast SEO plugin v27.4 - https:\/\/yoast.com\/product\/yoast-seo-wordpress\/ -->\n<title>Kit Sceau et Cire Harry Potter | R\u00e9plique Manga Cin\u00e9<\/title>\n<meta name=\"description\" content=\"Venez d\u00e9couvrir notre Kit Sceau et Cire Harry Potter au meilleur prix. Ce petit coffret vous permettra d&#039;apposer une touche originale \u00e0 vos courriers.\" \/>\n<meta name=\"robots\" content=\"index, follow, max-snippet:-1, max-image-preview:large, max-video-preview:-1\" \/>\n<link rel=\"canonical\" href=\"https:\/\/repliquemangacine.fr\/es\/coleccionistas-y-objetos-de-harry-potter\/kit-de-sellado-y-encerado-harry-potter\/\" \/>\n<meta property=\"og:locale\" content=\"es_ES\" \/>\n<meta property=\"og:type\" content=\"article\" \/>\n<meta property=\"og:title\" content=\"Kit Sceau et Cire Harry Potter | R\u00e9plique Manga Cin\u00e9\" \/>\n<meta property=\"og:description\" content=\"Venez d\u00e9couvrir notre Kit Sceau et Cire Harry Potter au meilleur prix. Ce petit coffret vous permettra d&#039;apposer une touche originale \u00e0 vos courriers.\" \/>\n<meta property=\"og:url\" content=\"https:\/\/repliquemangacine.fr\/es\/coleccionistas-y-objetos-de-harry-potter\/kit-de-sellado-y-encerado-harry-potter\/\" \/>\n<meta property=\"og:site_name\" content=\"R\u00e9plique Manga Cin\u00e9\" \/>\n<meta property=\"article:publisher\" content=\"https:\/\/www.facebook.com\/RepliqueMangaCine\" \/>\n<meta property=\"article:modified_time\" content=\"2025-11-18T13:48:32+00:00\" \/>\n<meta property=\"og:image\" content=\"https:\/\/repliquemangacine.fr\/wp-content\/uploads\/2024\/02\/coffret-tampon-et-cire-hp-boite.jpg\" \/>\n\t<meta property=\"og:image:width\" content=\"500\" \/>\n\t<meta property=\"og:image:height\" content=\"500\" \/>\n\t<meta property=\"og:image:type\" content=\"image\/jpeg\" \/>\n<meta name=\"twitter:card\" content=\"summary_large_image\" \/>\n<meta name=\"twitter:label1\" content=\"Tiempo de lectura\" \/>\n\t<meta name=\"twitter:data1\" content=\"4 minutos\" \/>\n<script type=\"application\/ld+json\" class=\"yoast-schema-graph\">{\"@context\":\"https:\\\/\\\/schema.org\",\"@graph\":[{\"@type\":\"WebPage\",\"@id\":\"https:\\\/\\\/repliquemangacine.fr\\\/collectors-et-goodies-harry-potter\\\/kit-sceau-et-cire-harry-potter\\\/\",\"url\":\"https:\\\/\\\/repliquemangacine.fr\\\/collectors-et-goodies-harry-potter\\\/kit-sceau-et-cire-harry-potter\\\/\",\"name\":\"Kit Sceau et Cire Harry Potter | R\u00e9plique Manga Cin\u00e9\",\"isPartOf\":{\"@id\":\"https:\\\/\\\/repliquemangacine.fr\\\/#website\"},\"primaryImageOfPage\":{\"@id\":\"https:\\\/\\\/repliquemangacine.fr\\\/collectors-et-goodies-harry-potter\\\/kit-sceau-et-cire-harry-potter\\\/#primaryimage\"},\"image\":{\"@id\":\"https:\\\/\\\/repliquemangacine.fr\\\/collectors-et-goodies-harry-potter\\\/kit-sceau-et-cire-harry-potter\\\/#primaryimage\"},\"thumbnailUrl\":\"https:\\\/\\\/repliquemangacine.fr\\\/wp-content\\\/uploads\\\/2024\\\/02\\\/coffret-tampon-et-cire-hp-boite.jpg\",\"datePublished\":\"2024-02-09T16:35:31+00:00\",\"dateModified\":\"2025-11-18T13:48:32+00:00\",\"description\":\"Venez d\u00e9couvrir notre Kit Sceau et Cire Harry Potter au meilleur prix. Ce petit coffret vous permettra d'apposer une touche originale \u00e0 vos courriers.\",\"breadcrumb\":{\"@id\":\"https:\\\/\\\/repliquemangacine.fr\\\/collectors-et-goodies-harry-potter\\\/kit-sceau-et-cire-harry-potter\\\/#breadcrumb\"},\"inLanguage\":\"es\",\"potentialAction\":[{\"@type\":\"ReadAction\",\"target\":[\"https:\\\/\\\/repliquemangacine.fr\\\/collectors-et-goodies-harry-potter\\\/kit-sceau-et-cire-harry-potter\\\/\"]}]},{\"@type\":\"ImageObject\",\"inLanguage\":\"es\",\"@id\":\"https:\\\/\\\/repliquemangacine.fr\\\/collectors-et-goodies-harry-potter\\\/kit-sceau-et-cire-harry-potter\\\/#primaryimage\",\"url\":\"https:\\\/\\\/repliquemangacine.fr\\\/wp-content\\\/uploads\\\/2024\\\/02\\\/coffret-tampon-et-cire-hp-boite.jpg\",\"contentUrl\":\"https:\\\/\\\/repliquemangacine.fr\\\/wp-content\\\/uploads\\\/2024\\\/02\\\/coffret-tampon-et-cire-hp-boite.jpg\",\"width\":500,\"height\":500,\"caption\":\"Kit Sceau et Cire Harry Potter\"},{\"@type\":\"BreadcrumbList\",\"@id\":\"https:\\\/\\\/repliquemangacine.fr\\\/collectors-et-goodies-harry-potter\\\/kit-sceau-et-cire-harry-potter\\\/#breadcrumb\",\"itemListElement\":[{\"@type\":\"ListItem\",\"position\":1,\"name\":\"Accueil\",\"item\":\"https:\\\/\\\/repliquemangacine.fr\\\/\"},{\"@type\":\"ListItem\",\"position\":2,\"name\":\"Produits\",\"item\":\"https:\\\/\\\/repliquemangacine.fr\\\/boutique\\\/\"},{\"@type\":\"ListItem\",\"position\":3,\"name\":\"Kit Sceau et Cire Harry Potter\"}]},{\"@type\":\"WebSite\",\"@id\":\"https:\\\/\\\/repliquemangacine.fr\\\/#website\",\"url\":\"https:\\\/\\\/repliquemangacine.fr\\\/\",\"name\":\"R\u00e9plique Manga Cin\u00e9\",\"description\":\"\",\"publisher\":{\"@id\":\"https:\\\/\\\/repliquemangacine.fr\\\/#organization\"},\"potentialAction\":[{\"@type\":\"SearchAction\",\"target\":{\"@type\":\"EntryPoint\",\"urlTemplate\":\"https:\\\/\\\/repliquemangacine.fr\\\/?s={search_term_string}\"},\"query-input\":{\"@type\":\"PropertyValueSpecification\",\"valueRequired\":true,\"valueName\":\"search_term_string\"}}],\"inLanguage\":\"es\"},{\"@type\":\"Organization\",\"@id\":\"https:\\\/\\\/repliquemangacine.fr\\\/#organization\",\"name\":\"R\u00e9plique Manga Cin\u00e9\",\"url\":\"https:\\\/\\\/repliquemangacine.fr\\\/\",\"logo\":{\"@type\":\"ImageObject\",\"inLanguage\":\"es\",\"@id\":\"https:\\\/\\\/repliquemangacine.fr\\\/#\\\/schema\\\/logo\\\/image\\\/\",\"url\":\"https:\\\/\\\/repliquemangacine.fr\\\/wp-content\\\/uploads\\\/2023\\\/10\\\/RMC-500250.png\",\"contentUrl\":\"https:\\\/\\\/repliquemangacine.fr\\\/wp-content\\\/uploads\\\/2023\\\/10\\\/RMC-500250.png\",\"width\":500,\"height\":250,\"caption\":\"R\u00e9plique Manga Cin\u00e9\"},\"image\":{\"@id\":\"https:\\\/\\\/repliquemangacine.fr\\\/#\\\/schema\\\/logo\\\/image\\\/\"},\"sameAs\":[\"https:\\\/\\\/www.facebook.com\\\/RepliqueMangaCine\",\"https:\\\/\\\/www.instagram.com\\\/repliquemangacine.fr\\\/\"]}]}<\/script>\n<!-- \/ Yoast SEO plugin. -->","yoast_head_json":{"title":"Kit de Sello y Cera Harry Potter | R\u00e9plique Manga Cin\u00e9","description":"Ven y descubre nuestro Kit de Sello y Cera Harry Potter al mejor precio. Esta cajita le dar\u00e1 un toque original a tus cartas.","robots":{"index":"index","follow":"follow","max-snippet":"max-snippet:-1","max-image-preview":"max-image-preview:large","max-video-preview":"max-video-preview:-1"},"canonical":"https:\/\/repliquemangacine.fr\/es\/coleccionistas-y-objetos-de-harry-potter\/kit-de-sellado-y-encerado-harry-potter\/","og_locale":"es_ES","og_type":"article","og_title":"Kit Sceau et Cire Harry Potter | R\u00e9plique Manga Cin\u00e9","og_description":"Venez d\u00e9couvrir notre Kit Sceau et Cire Harry Potter au meilleur prix. Ce petit coffret vous permettra d'apposer une touche originale \u00e0 vos courriers.","og_url":"https:\/\/repliquemangacine.fr\/es\/coleccionistas-y-objetos-de-harry-potter\/kit-de-sellado-y-encerado-harry-potter\/","og_site_name":"R\u00e9plique Manga Cin\u00e9","article_publisher":"https:\/\/www.facebook.com\/RepliqueMangaCine","article_modified_time":"2025-11-18T13:48:32+00:00","og_image":[{"width":500,"height":500,"url":"https:\/\/repliquemangacine.fr\/wp-content\/uploads\/2024\/02\/coffret-tampon-et-cire-hp-boite.jpg","type":"image\/jpeg"}],"twitter_card":"summary_large_image","twitter_misc":{"Tiempo de lectura":"4 minutos"},"schema":{"@context":"https:\/\/schema.org","@graph":[{"@type":"WebPage","@id":"https:\/\/repliquemangacine.fr\/collectors-et-goodies-harry-potter\/kit-sceau-et-cire-harry-potter\/","url":"https:\/\/repliquemangacine.fr\/collectors-et-goodies-harry-potter\/kit-sceau-et-cire-harry-potter\/","name":"Kit de Sello y Cera Harry Potter | R\u00e9plique Manga Cin\u00e9","isPartOf":{"@id":"https:\/\/repliquemangacine.fr\/#website"},"primaryImageOfPage":{"@id":"https:\/\/repliquemangacine.fr\/collectors-et-goodies-harry-potter\/kit-sceau-et-cire-harry-potter\/#primaryimage"},"image":{"@id":"https:\/\/repliquemangacine.fr\/collectors-et-goodies-harry-potter\/kit-sceau-et-cire-harry-potter\/#primaryimage"},"thumbnailUrl":"https:\/\/repliquemangacine.fr\/wp-content\/uploads\/2024\/02\/coffret-tampon-et-cire-hp-boite.jpg","datePublished":"2024-02-09T16:35:31+00:00","dateModified":"2025-11-18T13:48:32+00:00","description":"Ven y descubre nuestro Kit de Sello y Cera Harry Potter al mejor precio. Esta cajita le dar\u00e1 un toque original a tus cartas.","breadcrumb":{"@id":"https:\/\/repliquemangacine.fr\/collectors-et-goodies-harry-potter\/kit-sceau-et-cire-harry-potter\/#breadcrumb"},"inLanguage":"es","potentialAction":[{"@type":"ReadAction","target":["https:\/\/repliquemangacine.fr\/collectors-et-goodies-harry-potter\/kit-sceau-et-cire-harry-potter\/"]}]},{"@type":"ImageObject","inLanguage":"es","@id":"https:\/\/repliquemangacine.fr\/collectors-et-goodies-harry-potter\/kit-sceau-et-cire-harry-potter\/#primaryimage","url":"https:\/\/repliquemangacine.fr\/wp-content\/uploads\/2024\/02\/coffret-tampon-et-cire-hp-boite.jpg","contentUrl":"https:\/\/repliquemangacine.fr\/wp-content\/uploads\/2024\/02\/coffret-tampon-et-cire-hp-boite.jpg","width":500,"height":500,"caption":"Kit Sceau et Cire Harry Potter"},{"@type":"BreadcrumbList","@id":"https:\/\/repliquemangacine.fr\/collectors-et-goodies-harry-potter\/kit-sceau-et-cire-harry-potter\/#breadcrumb","itemListElement":[{"@type":"ListItem","position":1,"name":"Accueil","item":"https:\/\/repliquemangacine.fr\/"},{"@type":"ListItem","position":2,"name":"Produits","item":"https:\/\/repliquemangacine.fr\/boutique\/"},{"@type":"ListItem","position":3,"name":"Kit Sceau et Cire Harry Potter"}]},{"@type":"WebSite","@id":"https:\/\/repliquemangacine.fr\/#website","url":"https:\/\/repliquemangacine.fr\/","name":"R\u00e9plique Manga Cin\u00e9","description":"","publisher":{"@id":"https:\/\/repliquemangacine.fr\/#organization"},"potentialAction":[{"@type":"SearchAction","target":{"@type":"EntryPoint","urlTemplate":"https:\/\/repliquemangacine.fr\/?s={search_term_string}"},"query-input":{"@type":"PropertyValueSpecification","valueRequired":true,"valueName":"search_term_string"}}],"inLanguage":"es"},{"@type":"Organization","@id":"https:\/\/repliquemangacine.fr\/#organization","name":"R\u00e9plique Manga Cin\u00e9","url":"https:\/\/repliquemangacine.fr\/","logo":{"@type":"ImageObject","inLanguage":"es","@id":"https:\/\/repliquemangacine.fr\/#\/schema\/logo\/image\/","url":"https:\/\/repliquemangacine.fr\/wp-content\/uploads\/2023\/10\/RMC-500250.png","contentUrl":"https:\/\/repliquemangacine.fr\/wp-content\/uploads\/2023\/10\/RMC-500250.png","width":500,"height":250,"caption":"R\u00e9plique Manga Cin\u00e9"},"image":{"@id":"https:\/\/repliquemangacine.fr\/#\/schema\/logo\/image\/"},"sameAs":["https:\/\/www.facebook.com\/RepliqueMangaCine","https:\/\/www.instagram.com\/repliquemangacine.fr\/"]}]}},"_links":{"self":[{"href":"https:\/\/repliquemangacine.fr\/es\/wp-json\/wp\/v2\/product\/69038","targetHints":{"allow":["GET"]}}],"collection":[{"href":"https:\/\/repliquemangacine.fr\/es\/wp-json\/wp\/v2\/product"}],"about":[{"href":"https:\/\/repliquemangacine.fr\/es\/wp-json\/wp\/v2\/types\/product"}],"wp:featuredmedia":[{"embeddable":true,"href":"https:\/\/repliquemangacine.fr\/es\/wp-json\/wp\/v2\/media\/69041"}],"wp:attachment":[{"href":"https:\/\/repliquemangacine.fr\/es\/wp-json\/wp\/v2\/media?parent=69038"}],"wp:term":[{"taxonomy":"product_brand","embeddable":true,"href":"https:\/\/repliquemangacine.fr\/es\/wp-json\/wp\/v2\/product_brand?post=69038"},{"taxonomy":"product_cat","embeddable":true,"href":"https:\/\/repliquemangacine.fr\/es\/wp-json\/wp\/v2\/product_cat?post=69038"},{"taxonomy":"product_tag","embeddable":true,"href":"https:\/\/repliquemangacine.fr\/es\/wp-json\/wp\/v2\/product_tag?post=69038"}],"curies":[{"name":"wp","href":"https:\/\/api.w.org\/{rel}","templated":true}]}}