





{"id":69030,"date":"2024-02-09T14:55:00","date_gmt":"2024-02-09T13:55:00","guid":{"rendered":"https:\/\/repliquemangacine.fr\/?post_type=product&#038;p=69030"},"modified":"2025-11-18T14:49:26","modified_gmt":"2025-11-18T13:49:26","slug":"kit-de-caligrafia-harry-potter","status":"publish","type":"product","link":"https:\/\/repliquemangacine.fr\/es\/collectors-et-goodies-harry-potter\/kit-calligraphie-harry-potter\/","title":{"rendered":"Kit de caligraf\u00eda de Harry Potter"},"content":{"rendered":"<h2>Kit de caligraf\u00eda de Harry Potter: un viaje m\u00e1gico al arte de escribir<\/h2>\n<p>Para empezar, descubra este fascinante <strong>Kit de caligraf\u00eda de Harry Potter. <\/strong>Una invitaci\u00f3n a sumergirse en el encantador mundo de la escritura manuscrita con un toque de magia. Este excepcional kit est\u00e1 dise\u00f1ado para los amantes de la saga de J.K. Rowling y los apasionados del arte epistolar. Incluye una magn\u00edfica pluma estilogr\u00e1fica roja, decorada con la inscripci\u00f3n \u00abHarry Potter\u00bb, que promete una experiencia de escritura fluida y elegante. El portaplumas incluido a\u00f1ade una dimensi\u00f3n aut\u00e9ntica a tu pr\u00e1ctica de la caligraf\u00eda.<\/p>\n<p>El frasco de tinta Harry Potter es un aut\u00e9ntico objeto de coleccionista. Acompa\u00f1ado de 5 recambios de tinta de diferentes colores, ofrece un amplio abanico de posibilidades para embellecer tus escritos. Ya sea para redactar cartas, invitaciones o hechizos, los tonos disponibles inspirar\u00e1n tu creatividad. Por \u00faltimo, el marcap\u00e1ginas con forma de pluma es el accesorio perfecto para marcar tu p\u00e1gina en cualquier grimorio o libro de hechizos.<\/p>\n<p>Este kit no es solo un conjunto de herramientas para escribir, sino una puerta de entrada al m\u00e1gico universo de Harry Potter, que ofrece una experiencia inmersiva a todos aquellos que desean llenar de encanto su d\u00eda a d\u00eda. En conclusi\u00f3n, el kit de caligraf\u00eda Harry Potter es tu pasaporte a un mundo en el que escribir se convierte en un arte m\u00e1gico.<\/p>\n<h2>Ampl\u00ede su colecci\u00f3n con los tesoros de Harry Potter<\/h2>\n<p>Adem\u00e1s del cautivador <strong>Kit de caligraf\u00eda de Harry Potter<\/strong>Nuestro sitio web rebosa de tesoros del m\u00e1gico mundo de J.K. Rowling. Entre estas joyas, descubra las figuritas oficiales de <a href=\"https:\/\/noblecollection.fr\/produits-issus-univers-harry-potter-c-163_10.html\" target=\"_blank\" rel=\"noopener noreferrer\">Colecci\u00f3n Noble<\/a>, piezas de colecci\u00f3n meticulosamente detalladas. Cada figura es un homenaje a la magia de Harry Potter, perfecta para decorar cualquier espacio de tu hogar.<\/p>\n<p>Para los seguidores de la serie, tambi\u00e9n est\u00e1n nuestros imprescindibles <a href=\"https:\/\/repliquemangacine.fr\/es\/coleccionistas-y-objetos-de-harry-potter\/taza-gryffindor-600-ml\/\">Tazas de 600 ml<\/a> de las cuatro casas. Comienza tu d\u00eda con una poci\u00f3n de tu elecci\u00f3n, servida en una taza que te recuerda tu orgullosa pertenencia a tu casa.<\/p>\n<p>A los j\u00f3venes magos en ciernes les encantar\u00e1n nuestros estuches de 6 piezas de <a href=\"https:\/\/repliquemangacine.fr\/es\/nuevos-productos\/juego-de-6-piezas-gryffindor\/\">Disfraz de Gryffindor<\/a> para ni\u00f1os, un conjunto imprescindible para cualquier aventura en el universo de Harry Potter.<\/p>\n<p>Y para los verdaderos conocedores, nuestra colecci\u00f3n de <a href=\"https:\/\/repliquemangacine.fr\/es\/varitas-de-personajes-de-harry-potter\/\">varitas m\u00e1gicas<\/a> es absolutamente inigualable. En primer lugar, hay que decir que cada varita es una r\u00e9plica fiel de los personajes de la saga. Fabricadas en resina de alta calidad con un mango de metal en su interior para garantizar su durabilidad y solidez.<\/p>\n<p>Para terminar, explore nuestro sitio web y sum\u00e9rjase en el extraordinario mundo de Harry Potter. Nuestra variada selecci\u00f3n le transportar\u00e1 al encantador mundo de la magia.<\/p>\n<h2>Kit de caligraf\u00eda de Harry Potter: tesoros encantados aut\u00e9nticos y asequibles<\/h2>\n<p>Sum\u00e9rgete en el m\u00e1gico universo de Harry Potter con nuestra selecci\u00f3n exclusiva de productos oficiales, autorizados por Warner Bros y distribuidos por Noble Collection. Cada pieza es una puerta abierta al fant\u00e1stico mundo de Hogwarts. Ofreciendo autenticidad y calidad a un precio asequible para todos los magos y brujas en ciernes.<\/p>\n<p>Vuela con el <a href=\"https:\/\/repliquemangacine.fr\/es\/coleccionistas-y-objetos-de-harry-potter\/harry-potter-escoba-de-fuego\/\">Escoba Firebolt<\/a>, una reproducci\u00f3n fiel de la escoba m\u00e1s r\u00e1pida de la saga Harry Potter. Distribuida por Noble Collection, esta escoba no es solo una impresionante pieza decorativa. Es una invitaci\u00f3n a so\u00f1ar con emocionantes partidos de Quidditch, lo que hace que la experiencia sea a\u00fan m\u00e1s real para los fans.<\/p>\n<p>El Sombrero Seleccionador interactivo es una maravilla tecnol\u00f3gica que lleva la magia de Hogwarts directamente a tu casa. Adem\u00e1s, con su capacidad para interactuar y \u201celegir\u201d tu casa, este sombrero seleccionador ofrece una experiencia inmersiva \u00fanica.<\/p>\n<p>Por \u00faltimo, el <a href=\"https:\/\/repliquemangacine.fr\/es\/varias-golosinas\/tablero-de-ajedrez-de-los-magos-juego-de-ajedrez-hp\/\">Juego de ajedrez Wizard<\/a> es la r\u00e9plica perfecta del juego que aparece en \u201cHarry Potter y la piedra filosofal\u201d. Cada pieza est\u00e1 cuidadosamente dise\u00f1ada para capturar la esencia del juego de ajedrez m\u00e1gico, lo que permite a los jugadores sumergirse en batallas estrat\u00e9gicas dignas de un mago.<\/p>\n<p>Estos productos, que combinan fidelidad, calidad y precios asequibles, son perfectos para ampliar tu colecci\u00f3n de Harry Potter o para regalar a un ser querido apasionado por este universo encantador. Visita nuestra p\u00e1gina web para descubrir estos tesoros y muchos otros, todos ellos garantizados para aportar un toque de magia a tu vida.<\/p>","protected":false},"excerpt":{"rendered":"<p>Magn\u00edfico kit de caligraf\u00eda inspirado en la saga de Harry Potter.<\/p>\n<p>Este kit incluye :<\/p>\n<ul>\n<li>Una pluma estilogr\u00e1fica roja con la inscripci\u00f3n<\/li>\n<li>Un portaplumas de acero envejecido<\/li>\n<li>Un frasco de tinta de Harry Potter<\/li>\n<li>5 recambios de tinta multicolor<\/li>\n<li>Un marcap\u00e1ginas con tres ideogramas<\/li>\n<li>Caja con los colores de la saga<\/li>\n<\/ul>\n<p>&nbsp;<\/p>","protected":false},"featured_media":69032,"template":"","meta":[],"product_brand":[896],"product_cat":[87,41],"product_tag":[],"class_list":{"0":"post-69030","1":"product","2":"type-product","3":"status-publish","4":"has-post-thumbnail","6":"product_brand-replique-manga-cine","7":"product_cat-collectors-et-goodies-harry-potter","8":"product_cat-baguettes-et-goodies-harry-potter","10":"first","11":"outofstock","12":"taxable","13":"shipping-taxable","14":"purchasable","15":"product-type-simple"},"yoast_head":"<!-- This site is optimized with the Yoast SEO plugin v27.4 - https:\/\/yoast.com\/product\/yoast-seo-wordpress\/ -->\n<title>Kit Calligraphie Harry Potter | R\u00e9plique Manga Cin\u00e9<\/title>\n<meta name=\"description\" content=\"D\u00e9couvrez ce superbe Kit Calligraphie Harry Potter au meilleur prix. Stylo plume rouge, Porte-plume, 5 recharges d&#039;encres, Plume marque page et id\u00e9ogramme\" \/>\n<meta name=\"robots\" content=\"index, follow, max-snippet:-1, max-image-preview:large, max-video-preview:-1\" \/>\n<link rel=\"canonical\" href=\"https:\/\/repliquemangacine.fr\/es\/coleccionistas-y-objetos-de-harry-potter\/kit-de-caligrafia-harry-potter\/\" \/>\n<meta property=\"og:locale\" content=\"es_ES\" \/>\n<meta property=\"og:type\" content=\"article\" \/>\n<meta property=\"og:title\" content=\"Kit Calligraphie Harry Potter | R\u00e9plique Manga Cin\u00e9\" \/>\n<meta property=\"og:description\" content=\"D\u00e9couvrez ce superbe Kit Calligraphie Harry Potter au meilleur prix. Stylo plume rouge, Porte-plume, 5 recharges d&#039;encres, Plume marque page et id\u00e9ogramme\" \/>\n<meta property=\"og:url\" content=\"https:\/\/repliquemangacine.fr\/es\/coleccionistas-y-objetos-de-harry-potter\/kit-de-caligrafia-harry-potter\/\" \/>\n<meta property=\"og:site_name\" content=\"R\u00e9plique Manga Cin\u00e9\" \/>\n<meta property=\"article:publisher\" content=\"https:\/\/www.facebook.com\/RepliqueMangaCine\" \/>\n<meta property=\"article:modified_time\" content=\"2025-11-18T13:49:26+00:00\" \/>\n<meta property=\"og:image\" content=\"https:\/\/repliquemangacine.fr\/wp-content\/uploads\/2024\/02\/kit-calligraphie-hp.jpg\" \/>\n\t<meta property=\"og:image:width\" content=\"500\" \/>\n\t<meta property=\"og:image:height\" content=\"500\" \/>\n\t<meta property=\"og:image:type\" content=\"image\/jpeg\" \/>\n<meta name=\"twitter:card\" content=\"summary_large_image\" \/>\n<meta name=\"twitter:label1\" content=\"Tiempo de lectura\" \/>\n\t<meta name=\"twitter:data1\" content=\"4 minutos\" \/>\n<script type=\"application\/ld+json\" class=\"yoast-schema-graph\">{\"@context\":\"https:\\\/\\\/schema.org\",\"@graph\":[{\"@type\":\"WebPage\",\"@id\":\"https:\\\/\\\/repliquemangacine.fr\\\/collectors-et-goodies-harry-potter\\\/kit-calligraphie-harry-potter\\\/\",\"url\":\"https:\\\/\\\/repliquemangacine.fr\\\/collectors-et-goodies-harry-potter\\\/kit-calligraphie-harry-potter\\\/\",\"name\":\"Kit Calligraphie Harry Potter | R\u00e9plique Manga Cin\u00e9\",\"isPartOf\":{\"@id\":\"https:\\\/\\\/repliquemangacine.fr\\\/#website\"},\"primaryImageOfPage\":{\"@id\":\"https:\\\/\\\/repliquemangacine.fr\\\/collectors-et-goodies-harry-potter\\\/kit-calligraphie-harry-potter\\\/#primaryimage\"},\"image\":{\"@id\":\"https:\\\/\\\/repliquemangacine.fr\\\/collectors-et-goodies-harry-potter\\\/kit-calligraphie-harry-potter\\\/#primaryimage\"},\"thumbnailUrl\":\"https:\\\/\\\/repliquemangacine.fr\\\/wp-content\\\/uploads\\\/2024\\\/02\\\/kit-calligraphie-hp.jpg\",\"datePublished\":\"2024-02-09T13:55:00+00:00\",\"dateModified\":\"2025-11-18T13:49:26+00:00\",\"description\":\"D\u00e9couvrez ce superbe Kit Calligraphie Harry Potter au meilleur prix. Stylo plume rouge, Porte-plume, 5 recharges d'encres, Plume marque page et id\u00e9ogramme\",\"breadcrumb\":{\"@id\":\"https:\\\/\\\/repliquemangacine.fr\\\/collectors-et-goodies-harry-potter\\\/kit-calligraphie-harry-potter\\\/#breadcrumb\"},\"inLanguage\":\"es\",\"potentialAction\":[{\"@type\":\"ReadAction\",\"target\":[\"https:\\\/\\\/repliquemangacine.fr\\\/collectors-et-goodies-harry-potter\\\/kit-calligraphie-harry-potter\\\/\"]}]},{\"@type\":\"ImageObject\",\"inLanguage\":\"es\",\"@id\":\"https:\\\/\\\/repliquemangacine.fr\\\/collectors-et-goodies-harry-potter\\\/kit-calligraphie-harry-potter\\\/#primaryimage\",\"url\":\"https:\\\/\\\/repliquemangacine.fr\\\/wp-content\\\/uploads\\\/2024\\\/02\\\/kit-calligraphie-hp.jpg\",\"contentUrl\":\"https:\\\/\\\/repliquemangacine.fr\\\/wp-content\\\/uploads\\\/2024\\\/02\\\/kit-calligraphie-hp.jpg\",\"width\":500,\"height\":500,\"caption\":\"Kit Calligraphie Harry Potter\"},{\"@type\":\"BreadcrumbList\",\"@id\":\"https:\\\/\\\/repliquemangacine.fr\\\/collectors-et-goodies-harry-potter\\\/kit-calligraphie-harry-potter\\\/#breadcrumb\",\"itemListElement\":[{\"@type\":\"ListItem\",\"position\":1,\"name\":\"Accueil\",\"item\":\"https:\\\/\\\/repliquemangacine.fr\\\/\"},{\"@type\":\"ListItem\",\"position\":2,\"name\":\"Produits\",\"item\":\"https:\\\/\\\/repliquemangacine.fr\\\/boutique\\\/\"},{\"@type\":\"ListItem\",\"position\":3,\"name\":\"Kit Calligraphie Harry Potter\"}]},{\"@type\":\"WebSite\",\"@id\":\"https:\\\/\\\/repliquemangacine.fr\\\/#website\",\"url\":\"https:\\\/\\\/repliquemangacine.fr\\\/\",\"name\":\"R\u00e9plique Manga Cin\u00e9\",\"description\":\"\",\"publisher\":{\"@id\":\"https:\\\/\\\/repliquemangacine.fr\\\/#organization\"},\"potentialAction\":[{\"@type\":\"SearchAction\",\"target\":{\"@type\":\"EntryPoint\",\"urlTemplate\":\"https:\\\/\\\/repliquemangacine.fr\\\/?s={search_term_string}\"},\"query-input\":{\"@type\":\"PropertyValueSpecification\",\"valueRequired\":true,\"valueName\":\"search_term_string\"}}],\"inLanguage\":\"es\"},{\"@type\":\"Organization\",\"@id\":\"https:\\\/\\\/repliquemangacine.fr\\\/#organization\",\"name\":\"R\u00e9plique Manga Cin\u00e9\",\"url\":\"https:\\\/\\\/repliquemangacine.fr\\\/\",\"logo\":{\"@type\":\"ImageObject\",\"inLanguage\":\"es\",\"@id\":\"https:\\\/\\\/repliquemangacine.fr\\\/#\\\/schema\\\/logo\\\/image\\\/\",\"url\":\"https:\\\/\\\/repliquemangacine.fr\\\/wp-content\\\/uploads\\\/2023\\\/10\\\/RMC-500250.png\",\"contentUrl\":\"https:\\\/\\\/repliquemangacine.fr\\\/wp-content\\\/uploads\\\/2023\\\/10\\\/RMC-500250.png\",\"width\":500,\"height\":250,\"caption\":\"R\u00e9plique Manga Cin\u00e9\"},\"image\":{\"@id\":\"https:\\\/\\\/repliquemangacine.fr\\\/#\\\/schema\\\/logo\\\/image\\\/\"},\"sameAs\":[\"https:\\\/\\\/www.facebook.com\\\/RepliqueMangaCine\",\"https:\\\/\\\/www.instagram.com\\\/repliquemangacine.fr\\\/\"]}]}<\/script>\n<!-- \/ Yoast SEO plugin. -->","yoast_head_json":{"title":"Kit de caligraf\u00eda Harry Potter | R\u00e9plique Manga Cin\u00e9","description":"Descubre este magn\u00edfico Kit de Caligraf\u00eda de Harry Potter al mejor precio. Pluma estilogr\u00e1fica roja, soporte para pluma estilogr\u00e1fica, 5 recambios de tinta, marcap\u00e1ginas y plum\u00edn ideograma.","robots":{"index":"index","follow":"follow","max-snippet":"max-snippet:-1","max-image-preview":"max-image-preview:large","max-video-preview":"max-video-preview:-1"},"canonical":"https:\/\/repliquemangacine.fr\/es\/coleccionistas-y-objetos-de-harry-potter\/kit-de-caligrafia-harry-potter\/","og_locale":"es_ES","og_type":"article","og_title":"Kit Calligraphie Harry Potter | R\u00e9plique Manga Cin\u00e9","og_description":"D\u00e9couvrez ce superbe Kit Calligraphie Harry Potter au meilleur prix. Stylo plume rouge, Porte-plume, 5 recharges d'encres, Plume marque page et id\u00e9ogramme","og_url":"https:\/\/repliquemangacine.fr\/es\/coleccionistas-y-objetos-de-harry-potter\/kit-de-caligrafia-harry-potter\/","og_site_name":"R\u00e9plique Manga Cin\u00e9","article_publisher":"https:\/\/www.facebook.com\/RepliqueMangaCine","article_modified_time":"2025-11-18T13:49:26+00:00","og_image":[{"width":500,"height":500,"url":"https:\/\/repliquemangacine.fr\/wp-content\/uploads\/2024\/02\/kit-calligraphie-hp.jpg","type":"image\/jpeg"}],"twitter_card":"summary_large_image","twitter_misc":{"Tiempo de lectura":"4 minutos"},"schema":{"@context":"https:\/\/schema.org","@graph":[{"@type":"WebPage","@id":"https:\/\/repliquemangacine.fr\/collectors-et-goodies-harry-potter\/kit-calligraphie-harry-potter\/","url":"https:\/\/repliquemangacine.fr\/collectors-et-goodies-harry-potter\/kit-calligraphie-harry-potter\/","name":"Kit de caligraf\u00eda Harry Potter | R\u00e9plique Manga Cin\u00e9","isPartOf":{"@id":"https:\/\/repliquemangacine.fr\/#website"},"primaryImageOfPage":{"@id":"https:\/\/repliquemangacine.fr\/collectors-et-goodies-harry-potter\/kit-calligraphie-harry-potter\/#primaryimage"},"image":{"@id":"https:\/\/repliquemangacine.fr\/collectors-et-goodies-harry-potter\/kit-calligraphie-harry-potter\/#primaryimage"},"thumbnailUrl":"https:\/\/repliquemangacine.fr\/wp-content\/uploads\/2024\/02\/kit-calligraphie-hp.jpg","datePublished":"2024-02-09T13:55:00+00:00","dateModified":"2025-11-18T13:49:26+00:00","description":"Descubre este magn\u00edfico Kit de Caligraf\u00eda de Harry Potter al mejor precio. Pluma estilogr\u00e1fica roja, soporte para pluma estilogr\u00e1fica, 5 recambios de tinta, marcap\u00e1ginas y plum\u00edn ideograma.","breadcrumb":{"@id":"https:\/\/repliquemangacine.fr\/collectors-et-goodies-harry-potter\/kit-calligraphie-harry-potter\/#breadcrumb"},"inLanguage":"es","potentialAction":[{"@type":"ReadAction","target":["https:\/\/repliquemangacine.fr\/collectors-et-goodies-harry-potter\/kit-calligraphie-harry-potter\/"]}]},{"@type":"ImageObject","inLanguage":"es","@id":"https:\/\/repliquemangacine.fr\/collectors-et-goodies-harry-potter\/kit-calligraphie-harry-potter\/#primaryimage","url":"https:\/\/repliquemangacine.fr\/wp-content\/uploads\/2024\/02\/kit-calligraphie-hp.jpg","contentUrl":"https:\/\/repliquemangacine.fr\/wp-content\/uploads\/2024\/02\/kit-calligraphie-hp.jpg","width":500,"height":500,"caption":"Kit Calligraphie Harry Potter"},{"@type":"BreadcrumbList","@id":"https:\/\/repliquemangacine.fr\/collectors-et-goodies-harry-potter\/kit-calligraphie-harry-potter\/#breadcrumb","itemListElement":[{"@type":"ListItem","position":1,"name":"Accueil","item":"https:\/\/repliquemangacine.fr\/"},{"@type":"ListItem","position":2,"name":"Produits","item":"https:\/\/repliquemangacine.fr\/boutique\/"},{"@type":"ListItem","position":3,"name":"Kit Calligraphie Harry Potter"}]},{"@type":"WebSite","@id":"https:\/\/repliquemangacine.fr\/#website","url":"https:\/\/repliquemangacine.fr\/","name":"R\u00e9plique Manga Cin\u00e9","description":"","publisher":{"@id":"https:\/\/repliquemangacine.fr\/#organization"},"potentialAction":[{"@type":"SearchAction","target":{"@type":"EntryPoint","urlTemplate":"https:\/\/repliquemangacine.fr\/?s={search_term_string}"},"query-input":{"@type":"PropertyValueSpecification","valueRequired":true,"valueName":"search_term_string"}}],"inLanguage":"es"},{"@type":"Organization","@id":"https:\/\/repliquemangacine.fr\/#organization","name":"R\u00e9plique Manga Cin\u00e9","url":"https:\/\/repliquemangacine.fr\/","logo":{"@type":"ImageObject","inLanguage":"es","@id":"https:\/\/repliquemangacine.fr\/#\/schema\/logo\/image\/","url":"https:\/\/repliquemangacine.fr\/wp-content\/uploads\/2023\/10\/RMC-500250.png","contentUrl":"https:\/\/repliquemangacine.fr\/wp-content\/uploads\/2023\/10\/RMC-500250.png","width":500,"height":250,"caption":"R\u00e9plique Manga Cin\u00e9"},"image":{"@id":"https:\/\/repliquemangacine.fr\/#\/schema\/logo\/image\/"},"sameAs":["https:\/\/www.facebook.com\/RepliqueMangaCine","https:\/\/www.instagram.com\/repliquemangacine.fr\/"]}]}},"_links":{"self":[{"href":"https:\/\/repliquemangacine.fr\/es\/wp-json\/wp\/v2\/product\/69030","targetHints":{"allow":["GET"]}}],"collection":[{"href":"https:\/\/repliquemangacine.fr\/es\/wp-json\/wp\/v2\/product"}],"about":[{"href":"https:\/\/repliquemangacine.fr\/es\/wp-json\/wp\/v2\/types\/product"}],"wp:featuredmedia":[{"embeddable":true,"href":"https:\/\/repliquemangacine.fr\/es\/wp-json\/wp\/v2\/media\/69032"}],"wp:attachment":[{"href":"https:\/\/repliquemangacine.fr\/es\/wp-json\/wp\/v2\/media?parent=69030"}],"wp:term":[{"taxonomy":"product_brand","embeddable":true,"href":"https:\/\/repliquemangacine.fr\/es\/wp-json\/wp\/v2\/product_brand?post=69030"},{"taxonomy":"product_cat","embeddable":true,"href":"https:\/\/repliquemangacine.fr\/es\/wp-json\/wp\/v2\/product_cat?post=69030"},{"taxonomy":"product_tag","embeddable":true,"href":"https:\/\/repliquemangacine.fr\/es\/wp-json\/wp\/v2\/product_tag?post=69030"}],"curies":[{"name":"wp","href":"https:\/\/api.w.org\/{rel}","templated":true}]}}