





{"id":68952,"date":"2024-02-08T17:51:19","date_gmt":"2024-02-08T16:51:19","guid":{"rendered":"https:\/\/repliquemangacine.fr\/?post_type=product&#038;p=68952"},"modified":"2026-04-01T10:24:01","modified_gmt":"2026-04-01T08:24:01","slug":"juego-de-11-llaveros-hp","status":"publish","type":"product","link":"https:\/\/repliquemangacine.fr\/es\/collectors-et-goodies-harry-potter\/coffret-11-baguettes-porte-cles-hp\/","title":{"rendered":"Juego de 11 llaveros varita HP"},"content":{"rendered":"<h2>Juego de 11 llaveros-varita de Harry Potter: un tesoro para los fans<\/h2>\n<p>Para empezar, sum\u00e9rgete en el m\u00e1gico universo de Harry Potter con el estuche de 11 varitas m\u00e1gicas con llavero. Una pieza de coleccionista imprescindible para los fans de la saga. Estas r\u00e9plicas en miniatura, fieles a las varitas de los personajes emblem\u00e1ticos, son m\u00e1s que un simple accesorio. Representan un fragmento del alma de cada mago y bruja, capturando la esencia de su poder y su personalidad. Este excepcional estuche te ofrece la oportunidad de poseer una parte del universo m\u00e1gico. De hecho, con las varitas de Harry, Voldemort, Dumbledore y muchos otros, cada una cuenta su propia historia.<\/p>\n<p>Por lo tanto, es perfecto para coleccionistas o como regalo \u00fanico. Este estuche seducir\u00e1 tanto a los j\u00f3venes aficionados como a los adultos nost\u00e1lgicos de su primera inmersi\u00f3n en el mundo encantado de Hogwarts. Dise\u00f1ado con atenci\u00f3n al detalle, promete llevar la magia de Harry Potter a tu vida cotidiana. No pierdas la oportunidad de mostrar tu pasi\u00f3n por la magia con esta deslumbrante colecci\u00f3n.<\/p>\n<h2>Explora la magia con nuestra colecci\u00f3n Harry Potter<\/h2>\n<p>Nuestra tienda no se limita al juego de llavero de 11 varitas m\u00e1gicas de Harry Potter. Ofrecemos una amplia gama de productos aut\u00e9nticos para todos los magos y futuras brujas. De hecho, entre nuestros tesoros, descubra el <a href=\"https:\/\/repliquemangacine.fr\/es\/varitas-de-personajes-de-harry-potter\/\">palillos de caracteres<\/a> r\u00e9plicas a tama\u00f1o real de las que utilizan tus h\u00e9roes favoritos en las pel\u00edculas. D\u00e9jate tentar por la <a href=\"https:\/\/repliquemangacine.fr\/es\/coleccionistas-y-objetos-de-harry-potter\/bolso-de-hermione\/\">La bolsa de Hermione<\/a>un producto imprescindible para los amantes de la moda m\u00e1gica, distribuido por <a href=\"https:\/\/noblecollection.fr\/produits-issus-univers-harry-potter-c-163_10.html\" target=\"_blank\" rel=\"noopener noreferrer\">Colecci\u00f3n Noble<\/a>.<\/p>\n<p>Para los estrategas y aficionados a los juegos, el <a href=\"https:\/\/repliquemangacine.fr\/es\/varias-golosinas\/tablero-de-ajedrez-de-los-magos-juego-de-ajedrez-hp\/\">juego de ajedrez<\/a> La versi\u00f3n hechicera promete partidas \u00e9picas. Tambi\u00e9n est\u00e1n nuestros grandes <a href=\"https:\/\/repliquemangacine.fr\/es\/coleccionistas-y-objetos-de-harry-potter\/taza-gryffindor-600-ml\/\">tazas<\/a> que representan los emblemas de las cuatro casas de Hogwarts har\u00e1n las delicias de los fans durante sus merecidos descansos. Cada producto de nuestra colecci\u00f3n ha sido cuidadosamente seleccionado para proporcionar una experiencia inmersiva en el mundo de Harry Potter. Tanto si busca una pieza de coleccionista como un regalo m\u00e1gico, nuestra tienda es su destino ideal para encontrar art\u00edculos encantadores que aportar\u00e1n un poco de magia a su vida cotidiana.<\/p>\n<h2>Juego de 11 palillos llavero : La mejor relaci\u00f3n calidad-precio<\/h2>\n<p>En nuestro af\u00e1n por llevar la magia del universo de Harry Potter a tu d\u00eda a d\u00eda, nos enorgullecemos de combinar una calidad excepcional con precios asequibles.  No hay que olvidar que cada producto se fabrica prestando una meticulosa atenci\u00f3n a los detalles. Colaboramos estrechamente con proveedores de renombre, como Noble Collection, para garantizar r\u00e9plicas fieles y de alta calidad que satisfagan las expectativas de los fans m\u00e1s exigentes.<\/p>\n<p>Entendemos la importancia de hacer que el universo de Harry Potter sea accesible para todos. Por eso nos esforzamos por ofrecer nuestros productos m\u00e1gicos a precios justos, sin comprometer nunca su calidad. Tanto si desea ampliar su colecci\u00f3n personal como si busca el regalo perfecto para un ser querido. Nuestra tienda es el lugar ideal para descubrir art\u00edculos encantados que combinan a la perfecci\u00f3n autenticidad y relaci\u00f3n calidad-precio. Sum\u00e9rgete en la magia sin arruinarte gracias a nuestra selecci\u00f3n rigurosamente elegida para magos de todas las edades.<\/p>","protected":false},"excerpt":{"rendered":"<p>Magn\u00edfico set de 11 mini varitas en llaveros que representan a personajes de la saga Harry Potter.<\/p>\n<ul>\n<li>Palillos de personajes de 11 13 cm<\/li>\n<li>1 Mosquet\u00f3n peque\u00f1o<\/li>\n<li>1 llavero<\/li>\n<li>Caja de coleccionista de la saga<\/li>\n<\/ul>","protected":false},"featured_media":68954,"template":"","meta":[],"product_brand":[896],"product_cat":[87,41],"product_tag":[],"class_list":{"0":"post-68952","1":"product","2":"type-product","3":"status-publish","4":"has-post-thumbnail","6":"product_brand-replique-manga-cine","7":"product_cat-collectors-et-goodies-harry-potter","8":"product_cat-baguettes-et-goodies-harry-potter","10":"first","11":"outofstock","12":"taxable","13":"shipping-taxable","14":"purchasable","15":"product-type-simple"},"yoast_head":"<!-- This site is optimized with the Yoast SEO plugin v27.4 - https:\/\/yoast.com\/product\/yoast-seo-wordpress\/ -->\n<title>Coffret 11 Baguettes Porte-cl\u00e9s HP - Harry Potter | RMC<\/title>\n<meta name=\"description\" content=\"D\u00e9couvrez le Coffret 11 Baguettes Porte-cl\u00e9s Harry Potter, des r\u00e9pliques miniatures de vos personnages favoris. Avec RMC c&#039;est la magie au quotidien.\" \/>\n<meta name=\"robots\" content=\"index, follow, max-snippet:-1, max-image-preview:large, max-video-preview:-1\" \/>\n<link rel=\"canonical\" href=\"https:\/\/repliquemangacine.fr\/es\/coleccionistas-y-objetos-de-harry-potter\/juego-de-11-llaveros-hp\/\" \/>\n<meta property=\"og:locale\" content=\"es_ES\" \/>\n<meta property=\"og:type\" content=\"article\" \/>\n<meta property=\"og:title\" content=\"Coffret 11 Baguettes Porte-cl\u00e9s HP - Harry Potter | RMC\" \/>\n<meta property=\"og:description\" content=\"D\u00e9couvrez le Coffret 11 Baguettes Porte-cl\u00e9s Harry Potter, des r\u00e9pliques miniatures de vos personnages favoris. Avec RMC c&#039;est la magie au quotidien.\" \/>\n<meta property=\"og:url\" content=\"https:\/\/repliquemangacine.fr\/es\/coleccionistas-y-objetos-de-harry-potter\/juego-de-11-llaveros-hp\/\" \/>\n<meta property=\"og:site_name\" content=\"R\u00e9plique Manga Cin\u00e9\" \/>\n<meta property=\"article:publisher\" content=\"https:\/\/www.facebook.com\/RepliqueMangaCine\" \/>\n<meta property=\"article:modified_time\" content=\"2026-04-01T08:24:01+00:00\" \/>\n<meta property=\"og:image\" content=\"https:\/\/repliquemangacine.fr\/wp-content\/uploads\/2024\/02\/coffret-de-11-baguettes-Harry-Potter-boite.jpg\" \/>\n\t<meta property=\"og:image:width\" content=\"500\" \/>\n\t<meta property=\"og:image:height\" content=\"500\" \/>\n\t<meta property=\"og:image:type\" content=\"image\/jpeg\" \/>\n<meta name=\"twitter:card\" content=\"summary_large_image\" \/>\n<meta name=\"twitter:label1\" content=\"Tiempo de lectura\" \/>\n\t<meta name=\"twitter:data1\" content=\"3 minutos\" \/>\n<script type=\"application\/ld+json\" class=\"yoast-schema-graph\">{\"@context\":\"https:\\\/\\\/schema.org\",\"@graph\":[{\"@type\":\"WebPage\",\"@id\":\"https:\\\/\\\/repliquemangacine.fr\\\/collectors-et-goodies-harry-potter\\\/coffret-11-baguettes-porte-cles-hp\\\/\",\"url\":\"https:\\\/\\\/repliquemangacine.fr\\\/collectors-et-goodies-harry-potter\\\/coffret-11-baguettes-porte-cles-hp\\\/\",\"name\":\"Coffret 11 Baguettes Porte-cl\u00e9s HP - Harry Potter | RMC\",\"isPartOf\":{\"@id\":\"https:\\\/\\\/repliquemangacine.fr\\\/#website\"},\"primaryImageOfPage\":{\"@id\":\"https:\\\/\\\/repliquemangacine.fr\\\/collectors-et-goodies-harry-potter\\\/coffret-11-baguettes-porte-cles-hp\\\/#primaryimage\"},\"image\":{\"@id\":\"https:\\\/\\\/repliquemangacine.fr\\\/collectors-et-goodies-harry-potter\\\/coffret-11-baguettes-porte-cles-hp\\\/#primaryimage\"},\"thumbnailUrl\":\"https:\\\/\\\/repliquemangacine.fr\\\/wp-content\\\/uploads\\\/2024\\\/02\\\/coffret-de-11-baguettes-Harry-Potter-boite.jpg\",\"datePublished\":\"2024-02-08T16:51:19+00:00\",\"dateModified\":\"2026-04-01T08:24:01+00:00\",\"description\":\"D\u00e9couvrez le Coffret 11 Baguettes Porte-cl\u00e9s Harry Potter, des r\u00e9pliques miniatures de vos personnages favoris. Avec RMC c'est la magie au quotidien.\",\"breadcrumb\":{\"@id\":\"https:\\\/\\\/repliquemangacine.fr\\\/collectors-et-goodies-harry-potter\\\/coffret-11-baguettes-porte-cles-hp\\\/#breadcrumb\"},\"inLanguage\":\"es\",\"potentialAction\":[{\"@type\":\"ReadAction\",\"target\":[\"https:\\\/\\\/repliquemangacine.fr\\\/collectors-et-goodies-harry-potter\\\/coffret-11-baguettes-porte-cles-hp\\\/\"]}]},{\"@type\":\"ImageObject\",\"inLanguage\":\"es\",\"@id\":\"https:\\\/\\\/repliquemangacine.fr\\\/collectors-et-goodies-harry-potter\\\/coffret-11-baguettes-porte-cles-hp\\\/#primaryimage\",\"url\":\"https:\\\/\\\/repliquemangacine.fr\\\/wp-content\\\/uploads\\\/2024\\\/02\\\/coffret-de-11-baguettes-Harry-Potter-boite.jpg\",\"contentUrl\":\"https:\\\/\\\/repliquemangacine.fr\\\/wp-content\\\/uploads\\\/2024\\\/02\\\/coffret-de-11-baguettes-Harry-Potter-boite.jpg\",\"width\":500,\"height\":500,\"caption\":\"Coffret 11 Baguettes Porte-cl\u00e9s Harry Potter\"},{\"@type\":\"BreadcrumbList\",\"@id\":\"https:\\\/\\\/repliquemangacine.fr\\\/collectors-et-goodies-harry-potter\\\/coffret-11-baguettes-porte-cles-hp\\\/#breadcrumb\",\"itemListElement\":[{\"@type\":\"ListItem\",\"position\":1,\"name\":\"Accueil\",\"item\":\"https:\\\/\\\/repliquemangacine.fr\\\/\"},{\"@type\":\"ListItem\",\"position\":2,\"name\":\"Produits\",\"item\":\"https:\\\/\\\/repliquemangacine.fr\\\/boutique\\\/\"},{\"@type\":\"ListItem\",\"position\":3,\"name\":\"Coffret 11 Baguettes Porte-cl\u00e9s HP\"}]},{\"@type\":\"WebSite\",\"@id\":\"https:\\\/\\\/repliquemangacine.fr\\\/#website\",\"url\":\"https:\\\/\\\/repliquemangacine.fr\\\/\",\"name\":\"R\u00e9plique Manga Cin\u00e9\",\"description\":\"\",\"publisher\":{\"@id\":\"https:\\\/\\\/repliquemangacine.fr\\\/#organization\"},\"potentialAction\":[{\"@type\":\"SearchAction\",\"target\":{\"@type\":\"EntryPoint\",\"urlTemplate\":\"https:\\\/\\\/repliquemangacine.fr\\\/?s={search_term_string}\"},\"query-input\":{\"@type\":\"PropertyValueSpecification\",\"valueRequired\":true,\"valueName\":\"search_term_string\"}}],\"inLanguage\":\"es\"},{\"@type\":\"Organization\",\"@id\":\"https:\\\/\\\/repliquemangacine.fr\\\/#organization\",\"name\":\"R\u00e9plique Manga Cin\u00e9\",\"url\":\"https:\\\/\\\/repliquemangacine.fr\\\/\",\"logo\":{\"@type\":\"ImageObject\",\"inLanguage\":\"es\",\"@id\":\"https:\\\/\\\/repliquemangacine.fr\\\/#\\\/schema\\\/logo\\\/image\\\/\",\"url\":\"https:\\\/\\\/repliquemangacine.fr\\\/wp-content\\\/uploads\\\/2023\\\/10\\\/RMC-500250.png\",\"contentUrl\":\"https:\\\/\\\/repliquemangacine.fr\\\/wp-content\\\/uploads\\\/2023\\\/10\\\/RMC-500250.png\",\"width\":500,\"height\":250,\"caption\":\"R\u00e9plique Manga Cin\u00e9\"},\"image\":{\"@id\":\"https:\\\/\\\/repliquemangacine.fr\\\/#\\\/schema\\\/logo\\\/image\\\/\"},\"sameAs\":[\"https:\\\/\\\/www.facebook.com\\\/RepliqueMangaCine\",\"https:\\\/\\\/www.instagram.com\\\/repliquemangacine.fr\\\/\"]}]}<\/script>\n<!-- \/ Yoast SEO plugin. -->","yoast_head_json":{"title":"Set de 11 Llaveros Varita HP - Harry Potter | RMC","description":"Descubre las 11 varitas llavero de Harry Potter, r\u00e9plicas en miniatura de tus personajes favoritos. RMC hace que la magia forme parte de la vida cotidiana.","robots":{"index":"index","follow":"follow","max-snippet":"max-snippet:-1","max-image-preview":"max-image-preview:large","max-video-preview":"max-video-preview:-1"},"canonical":"https:\/\/repliquemangacine.fr\/es\/coleccionistas-y-objetos-de-harry-potter\/juego-de-11-llaveros-hp\/","og_locale":"es_ES","og_type":"article","og_title":"Coffret 11 Baguettes Porte-cl\u00e9s HP - Harry Potter | RMC","og_description":"D\u00e9couvrez le Coffret 11 Baguettes Porte-cl\u00e9s Harry Potter, des r\u00e9pliques miniatures de vos personnages favoris. Avec RMC c'est la magie au quotidien.","og_url":"https:\/\/repliquemangacine.fr\/es\/coleccionistas-y-objetos-de-harry-potter\/juego-de-11-llaveros-hp\/","og_site_name":"R\u00e9plique Manga Cin\u00e9","article_publisher":"https:\/\/www.facebook.com\/RepliqueMangaCine","article_modified_time":"2026-04-01T08:24:01+00:00","og_image":[{"width":500,"height":500,"url":"https:\/\/repliquemangacine.fr\/wp-content\/uploads\/2024\/02\/coffret-de-11-baguettes-Harry-Potter-boite.jpg","type":"image\/jpeg"}],"twitter_card":"summary_large_image","twitter_misc":{"Tiempo de lectura":"3 minutos"},"schema":{"@context":"https:\/\/schema.org","@graph":[{"@type":"WebPage","@id":"https:\/\/repliquemangacine.fr\/collectors-et-goodies-harry-potter\/coffret-11-baguettes-porte-cles-hp\/","url":"https:\/\/repliquemangacine.fr\/collectors-et-goodies-harry-potter\/coffret-11-baguettes-porte-cles-hp\/","name":"Set de 11 Llaveros Varita HP - Harry Potter | RMC","isPartOf":{"@id":"https:\/\/repliquemangacine.fr\/#website"},"primaryImageOfPage":{"@id":"https:\/\/repliquemangacine.fr\/collectors-et-goodies-harry-potter\/coffret-11-baguettes-porte-cles-hp\/#primaryimage"},"image":{"@id":"https:\/\/repliquemangacine.fr\/collectors-et-goodies-harry-potter\/coffret-11-baguettes-porte-cles-hp\/#primaryimage"},"thumbnailUrl":"https:\/\/repliquemangacine.fr\/wp-content\/uploads\/2024\/02\/coffret-de-11-baguettes-Harry-Potter-boite.jpg","datePublished":"2024-02-08T16:51:19+00:00","dateModified":"2026-04-01T08:24:01+00:00","description":"Descubre las 11 varitas llavero de Harry Potter, r\u00e9plicas en miniatura de tus personajes favoritos. RMC hace que la magia forme parte de la vida cotidiana.","breadcrumb":{"@id":"https:\/\/repliquemangacine.fr\/collectors-et-goodies-harry-potter\/coffret-11-baguettes-porte-cles-hp\/#breadcrumb"},"inLanguage":"es","potentialAction":[{"@type":"ReadAction","target":["https:\/\/repliquemangacine.fr\/collectors-et-goodies-harry-potter\/coffret-11-baguettes-porte-cles-hp\/"]}]},{"@type":"ImageObject","inLanguage":"es","@id":"https:\/\/repliquemangacine.fr\/collectors-et-goodies-harry-potter\/coffret-11-baguettes-porte-cles-hp\/#primaryimage","url":"https:\/\/repliquemangacine.fr\/wp-content\/uploads\/2024\/02\/coffret-de-11-baguettes-Harry-Potter-boite.jpg","contentUrl":"https:\/\/repliquemangacine.fr\/wp-content\/uploads\/2024\/02\/coffret-de-11-baguettes-Harry-Potter-boite.jpg","width":500,"height":500,"caption":"Coffret 11 Baguettes Porte-cl\u00e9s Harry Potter"},{"@type":"BreadcrumbList","@id":"https:\/\/repliquemangacine.fr\/collectors-et-goodies-harry-potter\/coffret-11-baguettes-porte-cles-hp\/#breadcrumb","itemListElement":[{"@type":"ListItem","position":1,"name":"Accueil","item":"https:\/\/repliquemangacine.fr\/"},{"@type":"ListItem","position":2,"name":"Produits","item":"https:\/\/repliquemangacine.fr\/boutique\/"},{"@type":"ListItem","position":3,"name":"Coffret 11 Baguettes Porte-cl\u00e9s HP"}]},{"@type":"WebSite","@id":"https:\/\/repliquemangacine.fr\/#website","url":"https:\/\/repliquemangacine.fr\/","name":"R\u00e9plique Manga Cin\u00e9","description":"","publisher":{"@id":"https:\/\/repliquemangacine.fr\/#organization"},"potentialAction":[{"@type":"SearchAction","target":{"@type":"EntryPoint","urlTemplate":"https:\/\/repliquemangacine.fr\/?s={search_term_string}"},"query-input":{"@type":"PropertyValueSpecification","valueRequired":true,"valueName":"search_term_string"}}],"inLanguage":"es"},{"@type":"Organization","@id":"https:\/\/repliquemangacine.fr\/#organization","name":"R\u00e9plique Manga Cin\u00e9","url":"https:\/\/repliquemangacine.fr\/","logo":{"@type":"ImageObject","inLanguage":"es","@id":"https:\/\/repliquemangacine.fr\/#\/schema\/logo\/image\/","url":"https:\/\/repliquemangacine.fr\/wp-content\/uploads\/2023\/10\/RMC-500250.png","contentUrl":"https:\/\/repliquemangacine.fr\/wp-content\/uploads\/2023\/10\/RMC-500250.png","width":500,"height":250,"caption":"R\u00e9plique Manga Cin\u00e9"},"image":{"@id":"https:\/\/repliquemangacine.fr\/#\/schema\/logo\/image\/"},"sameAs":["https:\/\/www.facebook.com\/RepliqueMangaCine","https:\/\/www.instagram.com\/repliquemangacine.fr\/"]}]}},"_links":{"self":[{"href":"https:\/\/repliquemangacine.fr\/es\/wp-json\/wp\/v2\/product\/68952","targetHints":{"allow":["GET"]}}],"collection":[{"href":"https:\/\/repliquemangacine.fr\/es\/wp-json\/wp\/v2\/product"}],"about":[{"href":"https:\/\/repliquemangacine.fr\/es\/wp-json\/wp\/v2\/types\/product"}],"wp:featuredmedia":[{"embeddable":true,"href":"https:\/\/repliquemangacine.fr\/es\/wp-json\/wp\/v2\/media\/68954"}],"wp:attachment":[{"href":"https:\/\/repliquemangacine.fr\/es\/wp-json\/wp\/v2\/media?parent=68952"}],"wp:term":[{"taxonomy":"product_brand","embeddable":true,"href":"https:\/\/repliquemangacine.fr\/es\/wp-json\/wp\/v2\/product_brand?post=68952"},{"taxonomy":"product_cat","embeddable":true,"href":"https:\/\/repliquemangacine.fr\/es\/wp-json\/wp\/v2\/product_cat?post=68952"},{"taxonomy":"product_tag","embeddable":true,"href":"https:\/\/repliquemangacine.fr\/es\/wp-json\/wp\/v2\/product_tag?post=68952"}],"curies":[{"name":"wp","href":"https:\/\/api.w.org\/{rel}","templated":true}]}}