





{"id":68780,"date":"2024-02-01T12:12:00","date_gmt":"2024-02-01T11:12:00","guid":{"rendered":"https:\/\/repliquemangacine.fr\/?post_type=product&#038;p=68780"},"modified":"2025-11-18T14:51:14","modified_gmt":"2025-11-18T13:51:14","slug":"juego-de-caligrafia-harry-potter","status":"publish","type":"product","link":"https:\/\/repliquemangacine.fr\/es\/collectors-et-goodies-harry-potter\/coffret-de-calligraphie-harry-potter\/","title":{"rendered":"Set de caligraf\u00eda Harry Potter"},"content":{"rendered":"<h2>Set de regalo de caligraf\u00eda de Harry Potter: una exclusiva para fans<\/h2>\n<p>Empieza por sumergirte en el m\u00e1gico mundo de Harry Potter con nuestro <strong>Juego de caligraf\u00eda<\/strong> Exclusivo. Una pieza de colecci\u00f3n imprescindible para cualquier aspirante a mago o fan de la saga. Este completo set te ofrece todo lo necesario para dar vida a tus correspondencias o creaciones art\u00edsticas. Incluye un cuaderno decorado con los colores de Harry Potter, perfecto para anotar tus hechizos o pensamientos m\u00e1s preciados.<\/p>\n<p>El conjunto tambi\u00e9n incluye un marcador de libros \u00fanico con forma de pluma. Una brillante pluma estilogr\u00e1fica roja con el nombre de Harry Potter escrito en letras doradas. Cinco plumas de repuesto para escribir sin fin. Un portaplumas con un frasco vac\u00edo (sin tinta) que luce con orgullo el nombre de Harry.<\/p>\n<p>Para los amantes de la correspondencia tradicional, el estuche contiene un sello con los emblemas de las cuatro casas de Hogwarts. Una vela y una cuchara especial para derretir la cera. As\u00ed como un frasco de cera para sellar tus cartas con elegancia. Por \u00faltimo, el abrecartas incluido a\u00f1ade el toque final perfecto a tu set de caligraf\u00eda de Harry Potter.<\/p>\n<p>Cabe destacar que este estuche es m\u00e1s que un simple juego de escritura. Es una invitaci\u00f3n a explorar tu creatividad mientras celebras el universo de Harry Potter. Ya sea para regalar o para a\u00f1adir una pieza \u00fanica a tu colecci\u00f3n, este estuche de caligraf\u00eda te cautivar\u00e1 e inspirar\u00e1.<\/p>\n<h2>Explora nuestro universo Harry Potter: Tesoros para coleccionistas y fans<\/h2>\n<p>M\u00e1s all\u00e1 de nuestro magn\u00edfico <strong>Juego de caligraf\u00eda<\/strong> Harry Potter, nuestra p\u00e1gina web est\u00e1 repleta de otras maravillas del universo de Harry Potter, dise\u00f1adas especialmente para encantar los corazones de brujos y brujas. Entre nuestra selecci\u00f3n, descubre tazas inspiradas en las casas de Hogwarts, perfectas para acompa\u00f1ar tus ma\u00f1anas m\u00e1gicas o tus pausas encantadas para tomar t\u00e9.<\/p>\n<p>D\u00e9jese seducir tambi\u00e9n por nuestros <a href=\"https:\/\/repliquemangacine.fr\/es\/varitas-de-personajes-de-harry-potter\/\">varitas de personajes<\/a>, r\u00e9plicas fieles que te har\u00e1n sentir el poder de los magos y brujas m\u00e1s grandes al alcance de tu mano. Cada varita es una obra de arte que representa la personalidad y las haza\u00f1as de sus legendarios propietarios.<\/p>\n<p>Para los admiradores, nuestras figuras oficiales distribuidas por <a href=\"https:\/\/noblecollection.fr\/produits-issus-univers-harry-potter-c-163_10.html\" target=\"_blank\" rel=\"noopener noreferrer\">Colecci\u00f3n Noble<\/a> ofrecen una inmersi\u00f3n sin precedentes en el universo de Harry Potter.<\/p>\n<p>L'<a href=\"https:\/\/repliquemangacine.fr\/es\/coleccionistas-y-objetos-de-harry-potter\/harry-potter-godric-gryffindor-espada\/\">Espada Godric Gryffindor<\/a>, una r\u00e9plica majestuosa, tambi\u00e9n est\u00e1 disponible para aquellos que deseen poseer un pedazo de la historia de Hogwarts.<\/p>\n<p>RMC es tu destino preferido para encontrar estos objetos de colecci\u00f3n y mucho m\u00e1s, cada uno con su propia historia m\u00e1gica. Tanto si buscas completar tu colecci\u00f3n como si quieres hacer el regalo perfecto a un fan de Harry Potter, aqu\u00ed encontrar\u00e1s tesoros que despertar\u00e1n tu imaginaci\u00f3n y aportar\u00e1n un toque de magia a tu d\u00eda a d\u00eda.<\/p>","protected":false},"excerpt":{"rendered":"<p>\u00a1Exclusivo! Magn\u00edfico set de caligraf\u00eda y cera de Harry Potter que incluye :<\/p>\n<ul>\n<li>Un port\u00e1til con los colores de HP<\/li>\n<li>Un marcap\u00e1ginas de plumas<\/li>\n<li>Una pluma estilogr\u00e1fica roja con el nombre de Harry Potter en dorado<\/li>\n<li>5 plumas de repuesto<\/li>\n<li>Una pluma estilogr\u00e1fica con un frasco (vac\u00edo sin tinta) con el nombre de Harry<\/li>\n<li>Tamp\u00f3n para sellos HP Four Houses<\/li>\n<li>Una vela<\/li>\n<li>Una cuchara para derretir la vela<\/li>\n<li>Una botella de cera<\/li>\n<li>Un abrecartas<\/li>\n<\/ul>","protected":false},"featured_media":68781,"template":"","meta":[],"product_brand":[896],"product_cat":[87,41],"product_tag":[],"class_list":{"0":"post-68780","1":"product","2":"type-product","3":"status-publish","4":"has-post-thumbnail","6":"product_brand-replique-manga-cine","7":"product_cat-collectors-et-goodies-harry-potter","8":"product_cat-baguettes-et-goodies-harry-potter","10":"first","11":"outofstock","12":"taxable","13":"shipping-taxable","14":"purchasable","15":"product-type-simple"},"yoast_head":"<!-- This site is optimized with the Yoast SEO plugin v27.4 - https:\/\/yoast.com\/product\/yoast-seo-wordpress\/ -->\n<title>Coffret de Calligraphie Harry Potter | R\u00e9plique Manga Cin\u00e9<\/title>\n<meta name=\"description\" content=\"En exclusivit\u00e9 ! Magnifique Coffret de Calligraphie Harry Potter \u00e0 prix bas. Vous trouverez 14 pi\u00e8ces aux couleurs de la saga. Stylo et Plumes, tampon, cire\" \/>\n<meta name=\"robots\" content=\"index, follow, max-snippet:-1, max-image-preview:large, max-video-preview:-1\" \/>\n<link rel=\"canonical\" href=\"https:\/\/repliquemangacine.fr\/es\/coleccionistas-y-objetos-de-harry-potter\/juego-de-caligrafia-harry-potter\/\" \/>\n<meta property=\"og:locale\" content=\"es_ES\" \/>\n<meta property=\"og:type\" content=\"article\" \/>\n<meta property=\"og:title\" content=\"Coffret de Calligraphie Harry Potter | R\u00e9plique Manga Cin\u00e9\" \/>\n<meta property=\"og:description\" content=\"En exclusivit\u00e9 ! Magnifique Coffret de Calligraphie Harry Potter \u00e0 prix bas. Vous trouverez 14 pi\u00e8ces aux couleurs de la saga. Stylo et Plumes, tampon, cire\" \/>\n<meta property=\"og:url\" content=\"https:\/\/repliquemangacine.fr\/es\/coleccionistas-y-objetos-de-harry-potter\/juego-de-caligrafia-harry-potter\/\" \/>\n<meta property=\"og:site_name\" content=\"R\u00e9plique Manga Cin\u00e9\" \/>\n<meta property=\"article:publisher\" content=\"https:\/\/www.facebook.com\/RepliqueMangaCine\" \/>\n<meta property=\"article:modified_time\" content=\"2025-11-18T13:51:14+00:00\" \/>\n<meta property=\"og:image\" content=\"https:\/\/repliquemangacine.fr\/wp-content\/uploads\/2024\/02\/coffret-ecriture-Harry-Potter.jpg\" \/>\n\t<meta property=\"og:image:width\" content=\"500\" \/>\n\t<meta property=\"og:image:height\" content=\"500\" \/>\n\t<meta property=\"og:image:type\" content=\"image\/jpeg\" \/>\n<meta name=\"twitter:card\" content=\"summary_large_image\" \/>\n<meta name=\"twitter:label1\" content=\"Tiempo de lectura\" \/>\n\t<meta name=\"twitter:data1\" content=\"3 minutos\" \/>\n<script type=\"application\/ld+json\" class=\"yoast-schema-graph\">{\"@context\":\"https:\\\/\\\/schema.org\",\"@graph\":[{\"@type\":\"WebPage\",\"@id\":\"https:\\\/\\\/repliquemangacine.fr\\\/collectors-et-goodies-harry-potter\\\/coffret-de-calligraphie-harry-potter\\\/\",\"url\":\"https:\\\/\\\/repliquemangacine.fr\\\/collectors-et-goodies-harry-potter\\\/coffret-de-calligraphie-harry-potter\\\/\",\"name\":\"Coffret de Calligraphie Harry Potter | R\u00e9plique Manga Cin\u00e9\",\"isPartOf\":{\"@id\":\"https:\\\/\\\/repliquemangacine.fr\\\/#website\"},\"primaryImageOfPage\":{\"@id\":\"https:\\\/\\\/repliquemangacine.fr\\\/collectors-et-goodies-harry-potter\\\/coffret-de-calligraphie-harry-potter\\\/#primaryimage\"},\"image\":{\"@id\":\"https:\\\/\\\/repliquemangacine.fr\\\/collectors-et-goodies-harry-potter\\\/coffret-de-calligraphie-harry-potter\\\/#primaryimage\"},\"thumbnailUrl\":\"https:\\\/\\\/repliquemangacine.fr\\\/wp-content\\\/uploads\\\/2024\\\/02\\\/coffret-ecriture-Harry-Potter.jpg\",\"datePublished\":\"2024-02-01T11:12:00+00:00\",\"dateModified\":\"2025-11-18T13:51:14+00:00\",\"description\":\"En exclusivit\u00e9 ! Magnifique Coffret de Calligraphie Harry Potter \u00e0 prix bas. Vous trouverez 14 pi\u00e8ces aux couleurs de la saga. Stylo et Plumes, tampon, cire\",\"breadcrumb\":{\"@id\":\"https:\\\/\\\/repliquemangacine.fr\\\/collectors-et-goodies-harry-potter\\\/coffret-de-calligraphie-harry-potter\\\/#breadcrumb\"},\"inLanguage\":\"es\",\"potentialAction\":[{\"@type\":\"ReadAction\",\"target\":[\"https:\\\/\\\/repliquemangacine.fr\\\/collectors-et-goodies-harry-potter\\\/coffret-de-calligraphie-harry-potter\\\/\"]}]},{\"@type\":\"ImageObject\",\"inLanguage\":\"es\",\"@id\":\"https:\\\/\\\/repliquemangacine.fr\\\/collectors-et-goodies-harry-potter\\\/coffret-de-calligraphie-harry-potter\\\/#primaryimage\",\"url\":\"https:\\\/\\\/repliquemangacine.fr\\\/wp-content\\\/uploads\\\/2024\\\/02\\\/coffret-ecriture-Harry-Potter.jpg\",\"contentUrl\":\"https:\\\/\\\/repliquemangacine.fr\\\/wp-content\\\/uploads\\\/2024\\\/02\\\/coffret-ecriture-Harry-Potter.jpg\",\"width\":500,\"height\":500,\"caption\":\"Coffret Calligraphie Harry Potter\"},{\"@type\":\"BreadcrumbList\",\"@id\":\"https:\\\/\\\/repliquemangacine.fr\\\/collectors-et-goodies-harry-potter\\\/coffret-de-calligraphie-harry-potter\\\/#breadcrumb\",\"itemListElement\":[{\"@type\":\"ListItem\",\"position\":1,\"name\":\"Accueil\",\"item\":\"https:\\\/\\\/repliquemangacine.fr\\\/\"},{\"@type\":\"ListItem\",\"position\":2,\"name\":\"Produits\",\"item\":\"https:\\\/\\\/repliquemangacine.fr\\\/boutique\\\/\"},{\"@type\":\"ListItem\",\"position\":3,\"name\":\"Coffret de Calligraphie Harry Potter\"}]},{\"@type\":\"WebSite\",\"@id\":\"https:\\\/\\\/repliquemangacine.fr\\\/#website\",\"url\":\"https:\\\/\\\/repliquemangacine.fr\\\/\",\"name\":\"R\u00e9plique Manga Cin\u00e9\",\"description\":\"\",\"publisher\":{\"@id\":\"https:\\\/\\\/repliquemangacine.fr\\\/#organization\"},\"potentialAction\":[{\"@type\":\"SearchAction\",\"target\":{\"@type\":\"EntryPoint\",\"urlTemplate\":\"https:\\\/\\\/repliquemangacine.fr\\\/?s={search_term_string}\"},\"query-input\":{\"@type\":\"PropertyValueSpecification\",\"valueRequired\":true,\"valueName\":\"search_term_string\"}}],\"inLanguage\":\"es\"},{\"@type\":\"Organization\",\"@id\":\"https:\\\/\\\/repliquemangacine.fr\\\/#organization\",\"name\":\"R\u00e9plique Manga Cin\u00e9\",\"url\":\"https:\\\/\\\/repliquemangacine.fr\\\/\",\"logo\":{\"@type\":\"ImageObject\",\"inLanguage\":\"es\",\"@id\":\"https:\\\/\\\/repliquemangacine.fr\\\/#\\\/schema\\\/logo\\\/image\\\/\",\"url\":\"https:\\\/\\\/repliquemangacine.fr\\\/wp-content\\\/uploads\\\/2023\\\/10\\\/RMC-500250.png\",\"contentUrl\":\"https:\\\/\\\/repliquemangacine.fr\\\/wp-content\\\/uploads\\\/2023\\\/10\\\/RMC-500250.png\",\"width\":500,\"height\":250,\"caption\":\"R\u00e9plique Manga Cin\u00e9\"},\"image\":{\"@id\":\"https:\\\/\\\/repliquemangacine.fr\\\/#\\\/schema\\\/logo\\\/image\\\/\"},\"sameAs\":[\"https:\\\/\\\/www.facebook.com\\\/RepliqueMangaCine\",\"https:\\\/\\\/www.instagram.com\\\/repliquemangacine.fr\\\/\"]}]}<\/script>\n<!-- \/ Yoast SEO plugin. -->","yoast_head_json":{"title":"Juego de caligraf\u00eda Harry Potter | R\u00e9plique Manga Cin\u00e9","description":"\u00a1Exclusivo! Magn\u00edfica caja de caligraf\u00eda de Harry Potter a precio reducido. Encontrar\u00e1s 14 piezas con los colores de la saga. Pluma y fuente, sello, cera","robots":{"index":"index","follow":"follow","max-snippet":"max-snippet:-1","max-image-preview":"max-image-preview:large","max-video-preview":"max-video-preview:-1"},"canonical":"https:\/\/repliquemangacine.fr\/es\/coleccionistas-y-objetos-de-harry-potter\/juego-de-caligrafia-harry-potter\/","og_locale":"es_ES","og_type":"article","og_title":"Coffret de Calligraphie Harry Potter | R\u00e9plique Manga Cin\u00e9","og_description":"En exclusivit\u00e9 ! Magnifique Coffret de Calligraphie Harry Potter \u00e0 prix bas. Vous trouverez 14 pi\u00e8ces aux couleurs de la saga. Stylo et Plumes, tampon, cire","og_url":"https:\/\/repliquemangacine.fr\/es\/coleccionistas-y-objetos-de-harry-potter\/juego-de-caligrafia-harry-potter\/","og_site_name":"R\u00e9plique Manga Cin\u00e9","article_publisher":"https:\/\/www.facebook.com\/RepliqueMangaCine","article_modified_time":"2025-11-18T13:51:14+00:00","og_image":[{"width":500,"height":500,"url":"https:\/\/repliquemangacine.fr\/wp-content\/uploads\/2024\/02\/coffret-ecriture-Harry-Potter.jpg","type":"image\/jpeg"}],"twitter_card":"summary_large_image","twitter_misc":{"Tiempo de lectura":"3 minutos"},"schema":{"@context":"https:\/\/schema.org","@graph":[{"@type":"WebPage","@id":"https:\/\/repliquemangacine.fr\/collectors-et-goodies-harry-potter\/coffret-de-calligraphie-harry-potter\/","url":"https:\/\/repliquemangacine.fr\/collectors-et-goodies-harry-potter\/coffret-de-calligraphie-harry-potter\/","name":"Juego de caligraf\u00eda Harry Potter | R\u00e9plique Manga Cin\u00e9","isPartOf":{"@id":"https:\/\/repliquemangacine.fr\/#website"},"primaryImageOfPage":{"@id":"https:\/\/repliquemangacine.fr\/collectors-et-goodies-harry-potter\/coffret-de-calligraphie-harry-potter\/#primaryimage"},"image":{"@id":"https:\/\/repliquemangacine.fr\/collectors-et-goodies-harry-potter\/coffret-de-calligraphie-harry-potter\/#primaryimage"},"thumbnailUrl":"https:\/\/repliquemangacine.fr\/wp-content\/uploads\/2024\/02\/coffret-ecriture-Harry-Potter.jpg","datePublished":"2024-02-01T11:12:00+00:00","dateModified":"2025-11-18T13:51:14+00:00","description":"\u00a1Exclusivo! Magn\u00edfica caja de caligraf\u00eda de Harry Potter a precio reducido. Encontrar\u00e1s 14 piezas con los colores de la saga. Pluma y fuente, sello, cera","breadcrumb":{"@id":"https:\/\/repliquemangacine.fr\/collectors-et-goodies-harry-potter\/coffret-de-calligraphie-harry-potter\/#breadcrumb"},"inLanguage":"es","potentialAction":[{"@type":"ReadAction","target":["https:\/\/repliquemangacine.fr\/collectors-et-goodies-harry-potter\/coffret-de-calligraphie-harry-potter\/"]}]},{"@type":"ImageObject","inLanguage":"es","@id":"https:\/\/repliquemangacine.fr\/collectors-et-goodies-harry-potter\/coffret-de-calligraphie-harry-potter\/#primaryimage","url":"https:\/\/repliquemangacine.fr\/wp-content\/uploads\/2024\/02\/coffret-ecriture-Harry-Potter.jpg","contentUrl":"https:\/\/repliquemangacine.fr\/wp-content\/uploads\/2024\/02\/coffret-ecriture-Harry-Potter.jpg","width":500,"height":500,"caption":"Coffret Calligraphie Harry Potter"},{"@type":"BreadcrumbList","@id":"https:\/\/repliquemangacine.fr\/collectors-et-goodies-harry-potter\/coffret-de-calligraphie-harry-potter\/#breadcrumb","itemListElement":[{"@type":"ListItem","position":1,"name":"Accueil","item":"https:\/\/repliquemangacine.fr\/"},{"@type":"ListItem","position":2,"name":"Produits","item":"https:\/\/repliquemangacine.fr\/boutique\/"},{"@type":"ListItem","position":3,"name":"Coffret de Calligraphie Harry Potter"}]},{"@type":"WebSite","@id":"https:\/\/repliquemangacine.fr\/#website","url":"https:\/\/repliquemangacine.fr\/","name":"R\u00e9plique Manga Cin\u00e9","description":"","publisher":{"@id":"https:\/\/repliquemangacine.fr\/#organization"},"potentialAction":[{"@type":"SearchAction","target":{"@type":"EntryPoint","urlTemplate":"https:\/\/repliquemangacine.fr\/?s={search_term_string}"},"query-input":{"@type":"PropertyValueSpecification","valueRequired":true,"valueName":"search_term_string"}}],"inLanguage":"es"},{"@type":"Organization","@id":"https:\/\/repliquemangacine.fr\/#organization","name":"R\u00e9plique Manga Cin\u00e9","url":"https:\/\/repliquemangacine.fr\/","logo":{"@type":"ImageObject","inLanguage":"es","@id":"https:\/\/repliquemangacine.fr\/#\/schema\/logo\/image\/","url":"https:\/\/repliquemangacine.fr\/wp-content\/uploads\/2023\/10\/RMC-500250.png","contentUrl":"https:\/\/repliquemangacine.fr\/wp-content\/uploads\/2023\/10\/RMC-500250.png","width":500,"height":250,"caption":"R\u00e9plique Manga Cin\u00e9"},"image":{"@id":"https:\/\/repliquemangacine.fr\/#\/schema\/logo\/image\/"},"sameAs":["https:\/\/www.facebook.com\/RepliqueMangaCine","https:\/\/www.instagram.com\/repliquemangacine.fr\/"]}]}},"_links":{"self":[{"href":"https:\/\/repliquemangacine.fr\/es\/wp-json\/wp\/v2\/product\/68780","targetHints":{"allow":["GET"]}}],"collection":[{"href":"https:\/\/repliquemangacine.fr\/es\/wp-json\/wp\/v2\/product"}],"about":[{"href":"https:\/\/repliquemangacine.fr\/es\/wp-json\/wp\/v2\/types\/product"}],"wp:featuredmedia":[{"embeddable":true,"href":"https:\/\/repliquemangacine.fr\/es\/wp-json\/wp\/v2\/media\/68781"}],"wp:attachment":[{"href":"https:\/\/repliquemangacine.fr\/es\/wp-json\/wp\/v2\/media?parent=68780"}],"wp:term":[{"taxonomy":"product_brand","embeddable":true,"href":"https:\/\/repliquemangacine.fr\/es\/wp-json\/wp\/v2\/product_brand?post=68780"},{"taxonomy":"product_cat","embeddable":true,"href":"https:\/\/repliquemangacine.fr\/es\/wp-json\/wp\/v2\/product_cat?post=68780"},{"taxonomy":"product_tag","embeddable":true,"href":"https:\/\/repliquemangacine.fr\/es\/wp-json\/wp\/v2\/product_tag?post=68780"}],"curies":[{"name":"wp","href":"https:\/\/api.w.org\/{rel}","templated":true}]}}