





{"id":68747,"date":"2024-01-31T12:32:53","date_gmt":"2024-01-31T11:32:53","guid":{"rendered":"https:\/\/repliquemangacine.fr\/?post_type=product&#038;p=68747"},"modified":"2026-03-02T19:30:22","modified_gmt":"2026-03-02T18:30:22","slug":"taza-gryffindor-600-ml","status":"publish","type":"product","link":"https:\/\/repliquemangacine.fr\/es\/collectors-et-goodies-harry-potter\/mug-gryffondor-600-ml\/","title":{"rendered":"Taza Gryffindor 600 ml"},"content":{"rendered":"<h2>Taza de Gryffindor: una pieza de coleccionista \u00fanica<\/h2>\n<p>En primer lugar, el \"<strong>Taza de Gryffindor<\/strong>\u201d es una creaci\u00f3n excepcional para los fans de Harry Potter, que combina est\u00e9tica y calidad. Con una capacidad de 600 ml, esta taza de resina pintada a mano es una aut\u00e9ntica obra maestra. Su llamativo dise\u00f1o presenta un fondo rojo vivo, color emblem\u00e1tico de la casa Gryffindor, sobre el que se alza con orgullo el escudo de la casa, s\u00edmbolo de valent\u00eda y coraje. En el otro lado de la taza, la cabeza del le\u00f3n, emblema de Gryffindor, est\u00e1 representada con especial atenci\u00f3n al detalle, capturando el esp\u00edritu heroico y la fuerza de car\u00e1cter de la casa. El asa en forma de le\u00f3n a\u00f1ade un toque distintivo y ergon\u00f3mico, haciendo que cada uso de la taza sea \u00fanico.<\/p>\n<p>Cabe destacar que el interior de aluminio de la taza no es solo una elecci\u00f3n est\u00e9tica, sino tambi\u00e9n pr\u00e1ctica. De hecho, garantiza la durabilidad de la taza y su capacidad para mantener la temperatura de las bebidas, ya sean fr\u00edas o calientes. Esta taza no es solo un objeto utilitario, es una pieza de colecci\u00f3n. Refleja la audacia y la nobleza de Gryffindor. Ideal para el uso diario o como elemento decorativo. La \u201cTaza Gryffindor\u201d es un regalo perfecto para los admiradores de la saga, ya que combina calidad y una excelente relaci\u00f3n calidad-precio.<\/p>\n<h2>Descubra nuestra amplia colecci\u00f3n de Harry Potter<\/h2>\n<p>Adem\u00e1s del espl\u00e9ndido \"<strong>Taza de Gryffindor<\/strong>\"Nuestra tienda ofrece una amplia gama de productos relacionados con Harry Potter, dise\u00f1ados para cautivar los corazones de magos y brujas en ciernes. Nuestros tesoros incluyen r\u00e9plicas de <a href=\"https:\/\/repliquemangacine.fr\/es\/varitas-de-personajes-de-harry-potter\/\">palillos de caracteres<\/a> emblem\u00e1ticos como Harry, Hermione y Ron. Cada varita es una fiel reproducci\u00f3n de las utilizadas en las pel\u00edculas, lo que ofrece una experiencia aut\u00e9ntica a los fans. Tambi\u00e9n ofrecemos el peluche de Hedwig, la fiel lechuza de Harry, perfecto para acompa\u00f1ar a los j\u00f3venes magos.<\/p>\n<p>Para los coleccionistas, nuestros <a href=\"https:\/\/repliquemangacine.fr\/es\/varias-golosinas\/harry-potter-juego-de-14-piezas\/\">cajas de colecci\u00f3n<\/a> son imprescindibles. Son una forma elegante y pr\u00e1ctica de llevar contigo un trocito de la magia de Harry Potter all\u00e1 donde vayas. Adem\u00e1s, nuestros <a href=\"https:\/\/repliquemangacine.fr\/es\/varias-golosinas\/tablero-de-ajedrez-de-los-magos-juego-de-ajedrez-hp\/\">Tablero de ajedrez de Harry Potter<\/a> es una excepcional pieza de coleccionista. Disponible oficialmente en <a href=\"https:\/\/noblecollection.fr\/produits-issus-univers-harry-potter-c-163_10.html\" target=\"_blank\" rel=\"noopener noreferrer\">Colecci\u00f3n Noble<\/a>Este tablero de ajedrez es un magn\u00edfico objeto decorativo. Con estos productos y muchos m\u00e1s, nuestra tienda es el destino ideal para todos los fans del universo Harry Potter, ya que ofrece calidad, autenticidad y una amplia variedad de art\u00edculos para satisfacer todos los deseos m\u00e1gicos.<\/p>\n<h2>Taza Gryffindor y colecci\u00f3n diversificada: calidad y precio asequibles<\/h2>\n<p>El \"<strong>Taza de Gryffindor<\/strong>\u201d es solo el comienzo de nuestra gama de productos Harry Potter con una excelente relaci\u00f3n calidad-precio. Adem\u00e1s de esta taza llena de detalles y car\u00e1cter, nos enorgullece presentar una variada selecci\u00f3n de art\u00edculos para todos los fans a precios asequibles. Nuestra colecci\u00f3n incluye sets de disfraces para ni\u00f1os, perfectos para que los m\u00e1s peque\u00f1os se pongan en la piel de sus personajes favoritos y vivan sus propias aventuras m\u00e1gicas. Estos sets est\u00e1n dise\u00f1ados para ser divertidos y seguros, garantizando horas de juego y descubrimiento.<\/p>\n<p>Adem\u00e1s, ofrecemos una serie de figuras cautivadoras, entre las que se incluye a Hedwig, la elegante lechuza de Harry. Tambi\u00e9n est\u00e1 el medall\u00f3n de Salazar, uno de los siete Horrocruxes creados por Voldemort. Y el famoso Sombrero Seleccionador, conocido por distribuir a los alumnos entre las diferentes casas de Hogwarts.<\/p>\n<p>En conclusi\u00f3n, encontrar\u00e1s art\u00edculos que celebran la magia de Harry Potter a precios asequibles para todos.<\/p>\n<p>&nbsp;<\/p>","protected":false},"excerpt":{"rendered":"<p>Magn\u00edfica taza que representa a la casa Gryffindor<\/p>\n<ul>\n<li>Interior de aluminio<\/li>\n<li>La taza est\u00e1 hecha de resina ricamente decorada<\/li>\n<li>Pintado a mano<\/li>\n<li>El mango tiene forma de le\u00f3n<\/li>\n<li>Capacidad: 600 ml<\/li>\n<li>Altura: 15 cm - Di\u00e1metro: 9,5 cm<\/li>\n<\/ul>","protected":false},"featured_media":68748,"template":"","meta":[],"product_brand":[896],"product_cat":[87,41],"product_tag":[],"class_list":{"0":"post-68747","1":"product","2":"type-product","3":"status-publish","4":"has-post-thumbnail","6":"product_brand-replique-manga-cine","7":"product_cat-collectors-et-goodies-harry-potter","8":"product_cat-baguettes-et-goodies-harry-potter","10":"first","11":"instock","12":"taxable","13":"shipping-taxable","14":"purchasable","15":"product-type-simple"},"yoast_head":"<!-- This site is optimized with the Yoast SEO plugin v27.4 - https:\/\/yoast.com\/product\/yoast-seo-wordpress\/ -->\n<title>Mug Gryffondor 600 ml - Harry Potter | R\u00e9plique Manga Cin\u00e9<\/title>\n<meta name=\"description\" content=\"D\u00e9couvrez ce splendide Mug Gryffondor de 600 ml au meilleur prix. Int\u00e9rieur en aluminium. Richement d\u00e9cor\u00e9 du lion de la maison. Peint \u00e0 la main.\" \/>\n<meta name=\"robots\" content=\"index, follow, max-snippet:-1, max-image-preview:large, max-video-preview:-1\" \/>\n<link rel=\"canonical\" href=\"https:\/\/repliquemangacine.fr\/es\/coleccionistas-y-objetos-de-harry-potter\/taza-gryffindor-600-ml\/\" \/>\n<meta property=\"og:locale\" content=\"es_ES\" \/>\n<meta property=\"og:type\" content=\"article\" \/>\n<meta property=\"og:title\" content=\"Mug Gryffondor 600 ml - Harry Potter | R\u00e9plique Manga Cin\u00e9\" \/>\n<meta property=\"og:description\" content=\"D\u00e9couvrez ce splendide Mug Gryffondor de 600 ml au meilleur prix. Int\u00e9rieur en aluminium. Richement d\u00e9cor\u00e9 du lion de la maison. Peint \u00e0 la main.\" \/>\n<meta property=\"og:url\" content=\"https:\/\/repliquemangacine.fr\/es\/coleccionistas-y-objetos-de-harry-potter\/taza-gryffindor-600-ml\/\" \/>\n<meta property=\"og:site_name\" content=\"R\u00e9plique Manga Cin\u00e9\" \/>\n<meta property=\"article:publisher\" content=\"https:\/\/www.facebook.com\/RepliqueMangaCine\" \/>\n<meta property=\"article:modified_time\" content=\"2026-03-02T18:30:22+00:00\" \/>\n<meta property=\"og:image\" content=\"https:\/\/repliquemangacine.fr\/wp-content\/uploads\/2024\/01\/Mug-Gryffondor-ecusson.jpg\" \/>\n\t<meta property=\"og:image:width\" content=\"500\" \/>\n\t<meta property=\"og:image:height\" content=\"500\" \/>\n\t<meta property=\"og:image:type\" content=\"image\/jpeg\" \/>\n<meta name=\"twitter:card\" content=\"summary_large_image\" \/>\n<meta name=\"twitter:label1\" content=\"Tiempo de lectura\" \/>\n\t<meta name=\"twitter:data1\" content=\"4 minutos\" \/>\n<script type=\"application\/ld+json\" class=\"yoast-schema-graph\">{\"@context\":\"https:\\\/\\\/schema.org\",\"@graph\":[{\"@type\":\"WebPage\",\"@id\":\"https:\\\/\\\/repliquemangacine.fr\\\/collectors-et-goodies-harry-potter\\\/mug-gryffondor-600-ml\\\/\",\"url\":\"https:\\\/\\\/repliquemangacine.fr\\\/collectors-et-goodies-harry-potter\\\/mug-gryffondor-600-ml\\\/\",\"name\":\"Mug Gryffondor 600 ml - Harry Potter | R\u00e9plique Manga Cin\u00e9\",\"isPartOf\":{\"@id\":\"https:\\\/\\\/repliquemangacine.fr\\\/#website\"},\"primaryImageOfPage\":{\"@id\":\"https:\\\/\\\/repliquemangacine.fr\\\/collectors-et-goodies-harry-potter\\\/mug-gryffondor-600-ml\\\/#primaryimage\"},\"image\":{\"@id\":\"https:\\\/\\\/repliquemangacine.fr\\\/collectors-et-goodies-harry-potter\\\/mug-gryffondor-600-ml\\\/#primaryimage\"},\"thumbnailUrl\":\"https:\\\/\\\/repliquemangacine.fr\\\/wp-content\\\/uploads\\\/2024\\\/01\\\/Mug-Gryffondor-ecusson.jpg\",\"datePublished\":\"2024-01-31T11:32:53+00:00\",\"dateModified\":\"2026-03-02T18:30:22+00:00\",\"description\":\"D\u00e9couvrez ce splendide Mug Gryffondor de 600 ml au meilleur prix. Int\u00e9rieur en aluminium. Richement d\u00e9cor\u00e9 du lion de la maison. Peint \u00e0 la main.\",\"breadcrumb\":{\"@id\":\"https:\\\/\\\/repliquemangacine.fr\\\/collectors-et-goodies-harry-potter\\\/mug-gryffondor-600-ml\\\/#breadcrumb\"},\"inLanguage\":\"es\",\"potentialAction\":[{\"@type\":\"ReadAction\",\"target\":[\"https:\\\/\\\/repliquemangacine.fr\\\/collectors-et-goodies-harry-potter\\\/mug-gryffondor-600-ml\\\/\"]}]},{\"@type\":\"ImageObject\",\"inLanguage\":\"es\",\"@id\":\"https:\\\/\\\/repliquemangacine.fr\\\/collectors-et-goodies-harry-potter\\\/mug-gryffondor-600-ml\\\/#primaryimage\",\"url\":\"https:\\\/\\\/repliquemangacine.fr\\\/wp-content\\\/uploads\\\/2024\\\/01\\\/Mug-Gryffondor-ecusson.jpg\",\"contentUrl\":\"https:\\\/\\\/repliquemangacine.fr\\\/wp-content\\\/uploads\\\/2024\\\/01\\\/Mug-Gryffondor-ecusson.jpg\",\"width\":500,\"height\":500,\"caption\":\"Mug Gryffondor 600 ml\"},{\"@type\":\"BreadcrumbList\",\"@id\":\"https:\\\/\\\/repliquemangacine.fr\\\/collectors-et-goodies-harry-potter\\\/mug-gryffondor-600-ml\\\/#breadcrumb\",\"itemListElement\":[{\"@type\":\"ListItem\",\"position\":1,\"name\":\"Accueil\",\"item\":\"https:\\\/\\\/repliquemangacine.fr\\\/\"},{\"@type\":\"ListItem\",\"position\":2,\"name\":\"Produits\",\"item\":\"https:\\\/\\\/repliquemangacine.fr\\\/boutique\\\/\"},{\"@type\":\"ListItem\",\"position\":3,\"name\":\"Mug Gryffondor 600 ml\"}]},{\"@type\":\"WebSite\",\"@id\":\"https:\\\/\\\/repliquemangacine.fr\\\/#website\",\"url\":\"https:\\\/\\\/repliquemangacine.fr\\\/\",\"name\":\"R\u00e9plique Manga Cin\u00e9\",\"description\":\"\",\"publisher\":{\"@id\":\"https:\\\/\\\/repliquemangacine.fr\\\/#organization\"},\"potentialAction\":[{\"@type\":\"SearchAction\",\"target\":{\"@type\":\"EntryPoint\",\"urlTemplate\":\"https:\\\/\\\/repliquemangacine.fr\\\/?s={search_term_string}\"},\"query-input\":{\"@type\":\"PropertyValueSpecification\",\"valueRequired\":true,\"valueName\":\"search_term_string\"}}],\"inLanguage\":\"es\"},{\"@type\":\"Organization\",\"@id\":\"https:\\\/\\\/repliquemangacine.fr\\\/#organization\",\"name\":\"R\u00e9plique Manga Cin\u00e9\",\"url\":\"https:\\\/\\\/repliquemangacine.fr\\\/\",\"logo\":{\"@type\":\"ImageObject\",\"inLanguage\":\"es\",\"@id\":\"https:\\\/\\\/repliquemangacine.fr\\\/#\\\/schema\\\/logo\\\/image\\\/\",\"url\":\"https:\\\/\\\/repliquemangacine.fr\\\/wp-content\\\/uploads\\\/2023\\\/10\\\/RMC-500250.png\",\"contentUrl\":\"https:\\\/\\\/repliquemangacine.fr\\\/wp-content\\\/uploads\\\/2023\\\/10\\\/RMC-500250.png\",\"width\":500,\"height\":250,\"caption\":\"R\u00e9plique Manga Cin\u00e9\"},\"image\":{\"@id\":\"https:\\\/\\\/repliquemangacine.fr\\\/#\\\/schema\\\/logo\\\/image\\\/\"},\"sameAs\":[\"https:\\\/\\\/www.facebook.com\\\/RepliqueMangaCine\",\"https:\\\/\\\/www.instagram.com\\\/repliquemangacine.fr\\\/\"]}]}<\/script>\n<!-- \/ Yoast SEO plugin. -->","yoast_head_json":{"title":"Taza Gryffindor 600 ml - Harry Potter | R\u00e9plique Manga Cin\u00e9","description":"Descubre esta espl\u00e9ndida Taza Gryffindor de 600 ml al mejor precio. Interior de aluminio. Profusamente decorada con el le\u00f3n de la casa. Pintada a mano.","robots":{"index":"index","follow":"follow","max-snippet":"max-snippet:-1","max-image-preview":"max-image-preview:large","max-video-preview":"max-video-preview:-1"},"canonical":"https:\/\/repliquemangacine.fr\/es\/coleccionistas-y-objetos-de-harry-potter\/taza-gryffindor-600-ml\/","og_locale":"es_ES","og_type":"article","og_title":"Mug Gryffondor 600 ml - Harry Potter | R\u00e9plique Manga Cin\u00e9","og_description":"D\u00e9couvrez ce splendide Mug Gryffondor de 600 ml au meilleur prix. Int\u00e9rieur en aluminium. Richement d\u00e9cor\u00e9 du lion de la maison. Peint \u00e0 la main.","og_url":"https:\/\/repliquemangacine.fr\/es\/coleccionistas-y-objetos-de-harry-potter\/taza-gryffindor-600-ml\/","og_site_name":"R\u00e9plique Manga Cin\u00e9","article_publisher":"https:\/\/www.facebook.com\/RepliqueMangaCine","article_modified_time":"2026-03-02T18:30:22+00:00","og_image":[{"width":500,"height":500,"url":"https:\/\/repliquemangacine.fr\/wp-content\/uploads\/2024\/01\/Mug-Gryffondor-ecusson.jpg","type":"image\/jpeg"}],"twitter_card":"summary_large_image","twitter_misc":{"Tiempo de lectura":"4 minutos"},"schema":{"@context":"https:\/\/schema.org","@graph":[{"@type":"WebPage","@id":"https:\/\/repliquemangacine.fr\/collectors-et-goodies-harry-potter\/mug-gryffondor-600-ml\/","url":"https:\/\/repliquemangacine.fr\/collectors-et-goodies-harry-potter\/mug-gryffondor-600-ml\/","name":"Taza Gryffindor 600 ml - Harry Potter | R\u00e9plique Manga Cin\u00e9","isPartOf":{"@id":"https:\/\/repliquemangacine.fr\/#website"},"primaryImageOfPage":{"@id":"https:\/\/repliquemangacine.fr\/collectors-et-goodies-harry-potter\/mug-gryffondor-600-ml\/#primaryimage"},"image":{"@id":"https:\/\/repliquemangacine.fr\/collectors-et-goodies-harry-potter\/mug-gryffondor-600-ml\/#primaryimage"},"thumbnailUrl":"https:\/\/repliquemangacine.fr\/wp-content\/uploads\/2024\/01\/Mug-Gryffondor-ecusson.jpg","datePublished":"2024-01-31T11:32:53+00:00","dateModified":"2026-03-02T18:30:22+00:00","description":"Descubre esta espl\u00e9ndida Taza Gryffindor de 600 ml al mejor precio. Interior de aluminio. Profusamente decorada con el le\u00f3n de la casa. Pintada a mano.","breadcrumb":{"@id":"https:\/\/repliquemangacine.fr\/collectors-et-goodies-harry-potter\/mug-gryffondor-600-ml\/#breadcrumb"},"inLanguage":"es","potentialAction":[{"@type":"ReadAction","target":["https:\/\/repliquemangacine.fr\/collectors-et-goodies-harry-potter\/mug-gryffondor-600-ml\/"]}]},{"@type":"ImageObject","inLanguage":"es","@id":"https:\/\/repliquemangacine.fr\/collectors-et-goodies-harry-potter\/mug-gryffondor-600-ml\/#primaryimage","url":"https:\/\/repliquemangacine.fr\/wp-content\/uploads\/2024\/01\/Mug-Gryffondor-ecusson.jpg","contentUrl":"https:\/\/repliquemangacine.fr\/wp-content\/uploads\/2024\/01\/Mug-Gryffondor-ecusson.jpg","width":500,"height":500,"caption":"Mug Gryffondor 600 ml"},{"@type":"BreadcrumbList","@id":"https:\/\/repliquemangacine.fr\/collectors-et-goodies-harry-potter\/mug-gryffondor-600-ml\/#breadcrumb","itemListElement":[{"@type":"ListItem","position":1,"name":"Accueil","item":"https:\/\/repliquemangacine.fr\/"},{"@type":"ListItem","position":2,"name":"Produits","item":"https:\/\/repliquemangacine.fr\/boutique\/"},{"@type":"ListItem","position":3,"name":"Mug Gryffondor 600 ml"}]},{"@type":"WebSite","@id":"https:\/\/repliquemangacine.fr\/#website","url":"https:\/\/repliquemangacine.fr\/","name":"R\u00e9plique Manga Cin\u00e9","description":"","publisher":{"@id":"https:\/\/repliquemangacine.fr\/#organization"},"potentialAction":[{"@type":"SearchAction","target":{"@type":"EntryPoint","urlTemplate":"https:\/\/repliquemangacine.fr\/?s={search_term_string}"},"query-input":{"@type":"PropertyValueSpecification","valueRequired":true,"valueName":"search_term_string"}}],"inLanguage":"es"},{"@type":"Organization","@id":"https:\/\/repliquemangacine.fr\/#organization","name":"R\u00e9plique Manga Cin\u00e9","url":"https:\/\/repliquemangacine.fr\/","logo":{"@type":"ImageObject","inLanguage":"es","@id":"https:\/\/repliquemangacine.fr\/#\/schema\/logo\/image\/","url":"https:\/\/repliquemangacine.fr\/wp-content\/uploads\/2023\/10\/RMC-500250.png","contentUrl":"https:\/\/repliquemangacine.fr\/wp-content\/uploads\/2023\/10\/RMC-500250.png","width":500,"height":250,"caption":"R\u00e9plique Manga Cin\u00e9"},"image":{"@id":"https:\/\/repliquemangacine.fr\/#\/schema\/logo\/image\/"},"sameAs":["https:\/\/www.facebook.com\/RepliqueMangaCine","https:\/\/www.instagram.com\/repliquemangacine.fr\/"]}]}},"_links":{"self":[{"href":"https:\/\/repliquemangacine.fr\/es\/wp-json\/wp\/v2\/product\/68747","targetHints":{"allow":["GET"]}}],"collection":[{"href":"https:\/\/repliquemangacine.fr\/es\/wp-json\/wp\/v2\/product"}],"about":[{"href":"https:\/\/repliquemangacine.fr\/es\/wp-json\/wp\/v2\/types\/product"}],"wp:featuredmedia":[{"embeddable":true,"href":"https:\/\/repliquemangacine.fr\/es\/wp-json\/wp\/v2\/media\/68748"}],"wp:attachment":[{"href":"https:\/\/repliquemangacine.fr\/es\/wp-json\/wp\/v2\/media?parent=68747"}],"wp:term":[{"taxonomy":"product_brand","embeddable":true,"href":"https:\/\/repliquemangacine.fr\/es\/wp-json\/wp\/v2\/product_brand?post=68747"},{"taxonomy":"product_cat","embeddable":true,"href":"https:\/\/repliquemangacine.fr\/es\/wp-json\/wp\/v2\/product_cat?post=68747"},{"taxonomy":"product_tag","embeddable":true,"href":"https:\/\/repliquemangacine.fr\/es\/wp-json\/wp\/v2\/product_tag?post=68747"}],"curies":[{"name":"wp","href":"https:\/\/api.w.org\/{rel}","templated":true}]}}