





{"id":68116,"date":"2024-01-17T14:27:23","date_gmt":"2024-01-17T13:27:23","guid":{"rendered":"https:\/\/repliquemangacine.fr\/?post_type=product&#038;p=68116"},"modified":"2026-03-21T09:28:40","modified_gmt":"2026-03-21T08:28:40","slug":"kit-de-mantenimiento-de-katana","status":"publish","type":"product","link":"https:\/\/repliquemangacine.fr\/es\/katana-forge\/kit-dentretien-pour-katana\/","title":{"rendered":"Kit de mantenimiento de Katana"},"content":{"rendered":"<h2>Mantenimiento de Katanas<\/h2>\n<p>En primer lugar, el <strong>Kit de mantenimiento de Katana<\/strong> es esencial para preservar su belleza y funcionalidad.<\/p>\n<p>El mantenimiento de un <a href=\"https:\/\/www.ici-japon.com\/culture-japonaise\/arts-martiaux-japonais\/les-sabres-japonais\/\" target=\"_blank\" rel=\"noopener noreferrer\">sable<\/a> es un arte en s\u00ed mismo, que requiere cuidado y precisi\u00f3n. Lo que ofrecemos est\u00e1 especialmente dise\u00f1ado para satisfacer todas las necesidades de su preciada espada. Incluye todo lo necesario: aceite de alta calidad para proteger la hoja, un pa\u00f1o suave de mantenimiento, polvo para pulir, as\u00ed como un peque\u00f1o martillo y un mekugi de repuesto. Este kit no s\u00f3lo mantendr\u00e1 su katana con el mejor aspecto, sino que tambi\u00e9n garantizar\u00e1 su longevidad y buen funcionamiento.<\/p>\n<h2>\u00bfPor qu\u00e9 elegir nuestro kit de mantenimiento de katanas?<\/h2>\n<p>A la hora de elegir un kit de mantenimiento para tu katana, es importante seleccionar productos de alta calidad. Un buen kit prolongar\u00e1 la vida \u00fatil de tu espada y garantizar\u00e1 que siga siendo un objeto de orgullo y rendimiento.<\/p>\n<p>Nuestro kit de mantenimiento para katana destaca por la calidad de sus componentes. En primer lugar, el aceite de ch\u00f4ji, esencial para proteger la hoja de la corrosi\u00f3n y la humedad. A continuaci\u00f3n, el papel de arroz o el pa\u00f1o suave, utilizado para aplicar el aceite y pulir la hoja. Tambi\u00e9n se incluye un martillo de madera (mekugi-nuki) para desmontar la katana, lo que permite una limpieza y un mantenimiento en profundidad. Por \u00faltimo, el polvo de pulido (uchiko) sirve para preservar la hoja y eliminar las capas antiguas de aceite, garantizando as\u00ed un brillo y una protecci\u00f3n \u00f3ptimos.<\/p>\n<h2>Ventajas del mantenimiento regular con nuestro kit<\/h2>\n<p>El uso regular de nuestro kit de mantenimiento para katanas es fundamental para mantener su espada en perfecto estado. Con un mantenimiento mensual, evitar\u00e1 la corrosi\u00f3n y preservar\u00e1 el filo de la hoja. Nuestro kit tambi\u00e9n est\u00e1 dise\u00f1ado para ser f\u00e1cil de usar, tanto si es un experto como un novato en el cuidado de las katanas. Cada componente del kit ha sido seleccionado por su facilidad de uso y eficacia. Le permitir\u00e1 mantener su katana como un aut\u00e9ntico samur\u00e1i.<\/p>\n<p>En conclusi\u00f3n, por este motivo, puede exponer su katana en un <a href=\"https:\/\/repliquemangacine.fr\/es\/accesorios-para-katanas\/soporte-de-katana-montado-en-la-pared-de-1-plaza\/\">soporte de pared<\/a> u oficina y adm\u00edrelo como se debe. Descubra nuestra gama de <a href=\"https:\/\/repliquemangacine.fr\/es\/forja-de-katanas\/\">katana forjada<\/a> al mejor precio.<\/p>","protected":false},"excerpt":{"rendered":"<p>Este kit de mantenimiento de katana incluye :<\/p>\n<ul>\n<li>Un pa\u00f1o<\/li>\n<li>Aceite para la cuchilla<\/li>\n<li>Una bola de polvo de pulir<\/li>\n<li>Un peque\u00f1o martillo<\/li>\n<li>En caja de madera<\/li>\n<\/ul>","protected":false},"featured_media":68117,"template":"","meta":[],"product_brand":[896],"product_cat":[50,38],"product_tag":[],"class_list":{"0":"post-68116","1":"product","2":"type-product","3":"status-publish","4":"has-post-thumbnail","6":"product_brand-replique-manga-cine","7":"product_cat-accessoires-katana","8":"product_cat-katana-forge","10":"first","11":"instock","12":"taxable","13":"shipping-taxable","14":"purchasable","15":"product-type-simple"},"yoast_head":"<!-- This site is optimized with the Yoast SEO plugin v27.4 - https:\/\/yoast.com\/product\/yoast-seo-wordpress\/ -->\n<title>Kit d&#039;entretien pour katana | R\u00e9plique Manga Cin\u00e9<\/title>\n<meta name=\"description\" content=\"D\u00e9couvrez notre Kit d&#039;entretien pour katana : Haute qualit\u00e9, facile d&#039;utilisation. Efficacit\u00e9 et tradition pour un entretien impeccable !\" \/>\n<meta name=\"robots\" content=\"index, follow, max-snippet:-1, max-image-preview:large, max-video-preview:-1\" \/>\n<link rel=\"canonical\" href=\"https:\/\/repliquemangacine.fr\/es\/forja-de-katanas\/kit-de-mantenimiento-de-katana\/\" \/>\n<meta property=\"og:locale\" content=\"es_ES\" \/>\n<meta property=\"og:type\" content=\"article\" \/>\n<meta property=\"og:title\" content=\"Kit d&#039;entretien pour katana | R\u00e9plique Manga Cin\u00e9\" \/>\n<meta property=\"og:description\" content=\"D\u00e9couvrez notre Kit d&#039;entretien pour katana : Haute qualit\u00e9, facile d&#039;utilisation. Efficacit\u00e9 et tradition pour un entretien impeccable !\" \/>\n<meta property=\"og:url\" content=\"https:\/\/repliquemangacine.fr\/es\/forja-de-katanas\/kit-de-mantenimiento-de-katana\/\" \/>\n<meta property=\"og:site_name\" content=\"R\u00e9plique Manga Cin\u00e9\" \/>\n<meta property=\"article:publisher\" content=\"https:\/\/www.facebook.com\/RepliqueMangaCine\" \/>\n<meta property=\"article:modified_time\" content=\"2026-03-21T08:28:40+00:00\" \/>\n<meta property=\"og:image\" content=\"https:\/\/repliquemangacine.fr\/wp-content\/uploads\/2024\/01\/kit-dentretien-katana.jpg\" \/>\n\t<meta property=\"og:image:width\" content=\"500\" \/>\n\t<meta property=\"og:image:height\" content=\"500\" \/>\n\t<meta property=\"og:image:type\" content=\"image\/jpeg\" \/>\n<meta name=\"twitter:card\" content=\"summary_large_image\" \/>\n<meta name=\"twitter:label1\" content=\"Tiempo de lectura\" \/>\n\t<meta name=\"twitter:data1\" content=\"3 minutos\" \/>\n<script type=\"application\/ld+json\" class=\"yoast-schema-graph\">{\"@context\":\"https:\\\/\\\/schema.org\",\"@graph\":[{\"@type\":\"WebPage\",\"@id\":\"https:\\\/\\\/repliquemangacine.fr\\\/katana-forge\\\/kit-dentretien-pour-katana\\\/\",\"url\":\"https:\\\/\\\/repliquemangacine.fr\\\/katana-forge\\\/kit-dentretien-pour-katana\\\/\",\"name\":\"Kit d'entretien pour katana | R\u00e9plique Manga Cin\u00e9\",\"isPartOf\":{\"@id\":\"https:\\\/\\\/repliquemangacine.fr\\\/#website\"},\"primaryImageOfPage\":{\"@id\":\"https:\\\/\\\/repliquemangacine.fr\\\/katana-forge\\\/kit-dentretien-pour-katana\\\/#primaryimage\"},\"image\":{\"@id\":\"https:\\\/\\\/repliquemangacine.fr\\\/katana-forge\\\/kit-dentretien-pour-katana\\\/#primaryimage\"},\"thumbnailUrl\":\"https:\\\/\\\/repliquemangacine.fr\\\/wp-content\\\/uploads\\\/2024\\\/01\\\/kit-dentretien-katana.jpg\",\"datePublished\":\"2024-01-17T13:27:23+00:00\",\"dateModified\":\"2026-03-21T08:28:40+00:00\",\"description\":\"D\u00e9couvrez notre Kit d'entretien pour katana : Haute qualit\u00e9, facile d'utilisation. Efficacit\u00e9 et tradition pour un entretien impeccable !\",\"breadcrumb\":{\"@id\":\"https:\\\/\\\/repliquemangacine.fr\\\/katana-forge\\\/kit-dentretien-pour-katana\\\/#breadcrumb\"},\"inLanguage\":\"es\",\"potentialAction\":[{\"@type\":\"ReadAction\",\"target\":[\"https:\\\/\\\/repliquemangacine.fr\\\/katana-forge\\\/kit-dentretien-pour-katana\\\/\"]}]},{\"@type\":\"ImageObject\",\"inLanguage\":\"es\",\"@id\":\"https:\\\/\\\/repliquemangacine.fr\\\/katana-forge\\\/kit-dentretien-pour-katana\\\/#primaryimage\",\"url\":\"https:\\\/\\\/repliquemangacine.fr\\\/wp-content\\\/uploads\\\/2024\\\/01\\\/kit-dentretien-katana.jpg\",\"contentUrl\":\"https:\\\/\\\/repliquemangacine.fr\\\/wp-content\\\/uploads\\\/2024\\\/01\\\/kit-dentretien-katana.jpg\",\"width\":500,\"height\":500,\"caption\":\"Kit d'entretien pour katana\"},{\"@type\":\"BreadcrumbList\",\"@id\":\"https:\\\/\\\/repliquemangacine.fr\\\/katana-forge\\\/kit-dentretien-pour-katana\\\/#breadcrumb\",\"itemListElement\":[{\"@type\":\"ListItem\",\"position\":1,\"name\":\"Accueil\",\"item\":\"https:\\\/\\\/repliquemangacine.fr\\\/\"},{\"@type\":\"ListItem\",\"position\":2,\"name\":\"Produits\",\"item\":\"https:\\\/\\\/repliquemangacine.fr\\\/boutique\\\/\"},{\"@type\":\"ListItem\",\"position\":3,\"name\":\"Kit d&#8217;entretien pour katana\"}]},{\"@type\":\"WebSite\",\"@id\":\"https:\\\/\\\/repliquemangacine.fr\\\/#website\",\"url\":\"https:\\\/\\\/repliquemangacine.fr\\\/\",\"name\":\"R\u00e9plique Manga Cin\u00e9\",\"description\":\"\",\"publisher\":{\"@id\":\"https:\\\/\\\/repliquemangacine.fr\\\/#organization\"},\"potentialAction\":[{\"@type\":\"SearchAction\",\"target\":{\"@type\":\"EntryPoint\",\"urlTemplate\":\"https:\\\/\\\/repliquemangacine.fr\\\/?s={search_term_string}\"},\"query-input\":{\"@type\":\"PropertyValueSpecification\",\"valueRequired\":true,\"valueName\":\"search_term_string\"}}],\"inLanguage\":\"es\"},{\"@type\":\"Organization\",\"@id\":\"https:\\\/\\\/repliquemangacine.fr\\\/#organization\",\"name\":\"R\u00e9plique Manga Cin\u00e9\",\"url\":\"https:\\\/\\\/repliquemangacine.fr\\\/\",\"logo\":{\"@type\":\"ImageObject\",\"inLanguage\":\"es\",\"@id\":\"https:\\\/\\\/repliquemangacine.fr\\\/#\\\/schema\\\/logo\\\/image\\\/\",\"url\":\"https:\\\/\\\/repliquemangacine.fr\\\/wp-content\\\/uploads\\\/2023\\\/10\\\/RMC-500250.png\",\"contentUrl\":\"https:\\\/\\\/repliquemangacine.fr\\\/wp-content\\\/uploads\\\/2023\\\/10\\\/RMC-500250.png\",\"width\":500,\"height\":250,\"caption\":\"R\u00e9plique Manga Cin\u00e9\"},\"image\":{\"@id\":\"https:\\\/\\\/repliquemangacine.fr\\\/#\\\/schema\\\/logo\\\/image\\\/\"},\"sameAs\":[\"https:\\\/\\\/www.facebook.com\\\/RepliqueMangaCine\",\"https:\\\/\\\/www.instagram.com\\\/repliquemangacine.fr\\\/\"]}]}<\/script>\n<!-- \/ Yoast SEO plugin. -->","yoast_head_json":{"title":"Kit de mantenimiento Katana | R\u00e9plique Manga Cin\u00e9","description":"Descubra nuestro kit de cuidado de katanas: de alta calidad y f\u00e1cil de usar. \u00a1Eficacia y tradici\u00f3n para un mantenimiento impecable!","robots":{"index":"index","follow":"follow","max-snippet":"max-snippet:-1","max-image-preview":"max-image-preview:large","max-video-preview":"max-video-preview:-1"},"canonical":"https:\/\/repliquemangacine.fr\/es\/forja-de-katanas\/kit-de-mantenimiento-de-katana\/","og_locale":"es_ES","og_type":"article","og_title":"Kit d'entretien pour katana | R\u00e9plique Manga Cin\u00e9","og_description":"D\u00e9couvrez notre Kit d'entretien pour katana : Haute qualit\u00e9, facile d'utilisation. Efficacit\u00e9 et tradition pour un entretien impeccable !","og_url":"https:\/\/repliquemangacine.fr\/es\/forja-de-katanas\/kit-de-mantenimiento-de-katana\/","og_site_name":"R\u00e9plique Manga Cin\u00e9","article_publisher":"https:\/\/www.facebook.com\/RepliqueMangaCine","article_modified_time":"2026-03-21T08:28:40+00:00","og_image":[{"width":500,"height":500,"url":"https:\/\/repliquemangacine.fr\/wp-content\/uploads\/2024\/01\/kit-dentretien-katana.jpg","type":"image\/jpeg"}],"twitter_card":"summary_large_image","twitter_misc":{"Tiempo de lectura":"3 minutos"},"schema":{"@context":"https:\/\/schema.org","@graph":[{"@type":"WebPage","@id":"https:\/\/repliquemangacine.fr\/katana-forge\/kit-dentretien-pour-katana\/","url":"https:\/\/repliquemangacine.fr\/katana-forge\/kit-dentretien-pour-katana\/","name":"Kit de mantenimiento Katana | R\u00e9plique Manga Cin\u00e9","isPartOf":{"@id":"https:\/\/repliquemangacine.fr\/#website"},"primaryImageOfPage":{"@id":"https:\/\/repliquemangacine.fr\/katana-forge\/kit-dentretien-pour-katana\/#primaryimage"},"image":{"@id":"https:\/\/repliquemangacine.fr\/katana-forge\/kit-dentretien-pour-katana\/#primaryimage"},"thumbnailUrl":"https:\/\/repliquemangacine.fr\/wp-content\/uploads\/2024\/01\/kit-dentretien-katana.jpg","datePublished":"2024-01-17T13:27:23+00:00","dateModified":"2026-03-21T08:28:40+00:00","description":"Descubra nuestro kit de cuidado de katanas: de alta calidad y f\u00e1cil de usar. \u00a1Eficacia y tradici\u00f3n para un mantenimiento impecable!","breadcrumb":{"@id":"https:\/\/repliquemangacine.fr\/katana-forge\/kit-dentretien-pour-katana\/#breadcrumb"},"inLanguage":"es","potentialAction":[{"@type":"ReadAction","target":["https:\/\/repliquemangacine.fr\/katana-forge\/kit-dentretien-pour-katana\/"]}]},{"@type":"ImageObject","inLanguage":"es","@id":"https:\/\/repliquemangacine.fr\/katana-forge\/kit-dentretien-pour-katana\/#primaryimage","url":"https:\/\/repliquemangacine.fr\/wp-content\/uploads\/2024\/01\/kit-dentretien-katana.jpg","contentUrl":"https:\/\/repliquemangacine.fr\/wp-content\/uploads\/2024\/01\/kit-dentretien-katana.jpg","width":500,"height":500,"caption":"Kit d'entretien pour katana"},{"@type":"BreadcrumbList","@id":"https:\/\/repliquemangacine.fr\/katana-forge\/kit-dentretien-pour-katana\/#breadcrumb","itemListElement":[{"@type":"ListItem","position":1,"name":"Accueil","item":"https:\/\/repliquemangacine.fr\/"},{"@type":"ListItem","position":2,"name":"Produits","item":"https:\/\/repliquemangacine.fr\/boutique\/"},{"@type":"ListItem","position":3,"name":"Kit d&#8217;entretien pour katana"}]},{"@type":"WebSite","@id":"https:\/\/repliquemangacine.fr\/#website","url":"https:\/\/repliquemangacine.fr\/","name":"R\u00e9plique Manga Cin\u00e9","description":"","publisher":{"@id":"https:\/\/repliquemangacine.fr\/#organization"},"potentialAction":[{"@type":"SearchAction","target":{"@type":"EntryPoint","urlTemplate":"https:\/\/repliquemangacine.fr\/?s={search_term_string}"},"query-input":{"@type":"PropertyValueSpecification","valueRequired":true,"valueName":"search_term_string"}}],"inLanguage":"es"},{"@type":"Organization","@id":"https:\/\/repliquemangacine.fr\/#organization","name":"R\u00e9plique Manga Cin\u00e9","url":"https:\/\/repliquemangacine.fr\/","logo":{"@type":"ImageObject","inLanguage":"es","@id":"https:\/\/repliquemangacine.fr\/#\/schema\/logo\/image\/","url":"https:\/\/repliquemangacine.fr\/wp-content\/uploads\/2023\/10\/RMC-500250.png","contentUrl":"https:\/\/repliquemangacine.fr\/wp-content\/uploads\/2023\/10\/RMC-500250.png","width":500,"height":250,"caption":"R\u00e9plique Manga Cin\u00e9"},"image":{"@id":"https:\/\/repliquemangacine.fr\/#\/schema\/logo\/image\/"},"sameAs":["https:\/\/www.facebook.com\/RepliqueMangaCine","https:\/\/www.instagram.com\/repliquemangacine.fr\/"]}]}},"_links":{"self":[{"href":"https:\/\/repliquemangacine.fr\/es\/wp-json\/wp\/v2\/product\/68116","targetHints":{"allow":["GET"]}}],"collection":[{"href":"https:\/\/repliquemangacine.fr\/es\/wp-json\/wp\/v2\/product"}],"about":[{"href":"https:\/\/repliquemangacine.fr\/es\/wp-json\/wp\/v2\/types\/product"}],"wp:featuredmedia":[{"embeddable":true,"href":"https:\/\/repliquemangacine.fr\/es\/wp-json\/wp\/v2\/media\/68117"}],"wp:attachment":[{"href":"https:\/\/repliquemangacine.fr\/es\/wp-json\/wp\/v2\/media?parent=68116"}],"wp:term":[{"taxonomy":"product_brand","embeddable":true,"href":"https:\/\/repliquemangacine.fr\/es\/wp-json\/wp\/v2\/product_brand?post=68116"},{"taxonomy":"product_cat","embeddable":true,"href":"https:\/\/repliquemangacine.fr\/es\/wp-json\/wp\/v2\/product_cat?post=68116"},{"taxonomy":"product_tag","embeddable":true,"href":"https:\/\/repliquemangacine.fr\/es\/wp-json\/wp\/v2\/product_tag?post=68116"}],"curies":[{"name":"wp","href":"https:\/\/api.w.org\/{rel}","templated":true}]}}