





{"id":68021,"date":"2024-01-13T17:35:50","date_gmt":"2024-01-13T16:35:50","guid":{"rendered":"https:\/\/repliquemangacine.fr\/?post_type=product&#038;p=68021"},"modified":"2026-02-01T21:27:19","modified_gmt":"2026-02-01T20:27:19","slug":"robin-des-bois-espada","status":"publish","type":"product","link":"https:\/\/repliquemangacine.fr\/es\/epee-templier-medievale\/epee-robin-des-bois\/","title":{"rendered":"Espada Robin Hood"},"content":{"rendered":"<h2>Descubre la espada de Robin Hood de Russell Crowe<\/h2>\n<p>Empieza por sumergirte en el mundo de Ridley Scott, con el<strong>La espada de Robin Hood<\/strong> llevada por Russell Crowe. Esta r\u00e9plica, no oficial, es un homenaje a la aclamada pel\u00edcula de 2010 y ofrece una calidad extraordinaria a un precio asequible. La espada captura el esp\u00edritu del aventurero medieval y aporta un toque de autenticidad a tu colecci\u00f3n.<\/p>\n<p>La espada de<a href=\"https:\/\/wikidoublage.fandom.com\/fr\/wiki\/Robin_des_Bois_(2010)\" target=\"_blank\" rel=\"noopener noreferrer\"> Robin Hood<\/a> La espada que aqu\u00ed se propone combina h\u00e1bilmente la calidad con un precio atractivo. Fabricada con materiales de primera calidad, est\u00e1 dise\u00f1ada para resistir el paso del tiempo sin dejar de ser asequible. Adem\u00e1s, la atenci\u00f3n al detalle se refleja en cada aspecto de esta espada. Desde la guarda hasta la punta de la hoja, ofrece una r\u00e9plica fiel a la utilizada por Russell Crowe en la pel\u00edcula.<\/p>\n<p>Perfecto para los amantes de las armas medievales, los aficionados al cine o los coleccionistas que buscan un art\u00edculo de calidad sin arruinarse.<\/p>\n<h2>Una pieza de coleccionista imprescindible<\/h2>\n<p>L'<strong>La espada de Robin Hood<\/strong> es m\u00e1s que una simple r\u00e9plica: es un aut\u00e9ntico objeto de colecci\u00f3n. Har\u00e1 las delicias de los fans de la leyenda de Robin Hood y los admiradores de la pel\u00edcula de Ridley Scott. Adem\u00e1s, cada detalle de esta espada refleja el car\u00e1cter audaz y la nobleza de Robin Hood, tal y como lo interpreta Russell Crowe. Esta pieza \u00fanica a\u00f1adir\u00e1 valor hist\u00f3rico y cinematogr\u00e1fico a cualquier colecci\u00f3n de armas o recuerdos de pel\u00edculas.<\/p>\n<p>Por lo tanto, es la oportunidad perfecta para adquirir una pieza de la historia del cine y de la leyenda de Robin Hood a un precio excepcional. As\u00ed que no pierda la oportunidad de incorporar esta emblem\u00e1tica espada a su colecci\u00f3n.<\/p>\n<h2>\u00bfC\u00f3mo mantengo la hoja de mi espada Robin Hood?<\/h2>\n<p>Las espadas de colecci\u00f3n y decorativas se fabrican y ensamblan de forma simplificada. Como su uso es decorativo, no cuentan con los elementos de seguridad necesarios para una espada japonesa destinada al entrenamiento.<\/p>\n<p>Sin embargo, su <strong>La espada de Robin Hood<\/strong> a una hoja de acero que hay que mantener para evitar que se da\u00f1e con el tiempo. Cuando expongas tu espada, tus amigos sentir\u00e1n curiosidad por ver la hoja y tocarla. Aqu\u00ed es donde debes tener cuidado. Vale la pena se\u00f1alar que la acidez de los dedos es muy perjudicial para el acero, sea cual sea su calidad. Si esto ocurre, no te asustes, todo lo que necesitas es un pa\u00f1o humedecido con un poco de<a href=\"https:\/\/repliquemangacine.fr\/es\/armas-historicas\/aceite-ballistol-universal\/\">Aceite universal Ballistol<\/a> y limpie las huellas dactilares. Si haces esto, tu espada durar\u00e1 mucho tiempo.<\/p>","protected":false},"excerpt":{"rendered":"<p>Magn\u00edfica r\u00e9plica de la espada de Russell Crowe en la pel\u00edcula de Ridley Scott Robin Hood<\/p>\n<ul>\n<li>Hoja de acero inoxidable 440 con ranura central<\/li>\n<li>Doble filo buen filo<\/li>\n<li>Grabado en ambos lados \"Robin Hood en el centro de la hoja<\/li>\n<li>Pomo de acero macizo con cruz templaria en relieve<\/li>\n<li>Asa de metal y PVC adornada con perla roja<\/li>\n<li>Guarda de acero macizo envejecido<\/li>\n<li>Se suministra con soporte mural de madera<\/li>\n<li>Longitud de la hoja: 73,5 cm - Longitud total: 95 cm<\/li>\n<li>Peso 1005 g<\/li>\n<\/ul>","protected":false},"featured_media":68022,"template":"","meta":[],"product_brand":[896],"product_cat":[91,66,84],"product_tag":[],"class_list":{"0":"post-68021","1":"product","2":"type-product","3":"status-publish","4":"has-post-thumbnail","6":"product_brand-replique-manga-cine","7":"product_cat-katana-les-epees-de-films-et-series","8":"product_cat-repliques-d-armes-films-et-series","9":"product_cat-epee-templier-medievale","11":"first","12":"instock","13":"taxable","14":"shipping-taxable","15":"purchasable","16":"product-type-simple"},"yoast_head":"<!-- This site is optimized with the Yoast SEO plugin v27.4 - https:\/\/yoast.com\/product\/yoast-seo-wordpress\/ -->\n<title>\u00c9p\u00e9e Robin des Bois | R\u00e9plique Manga Cin\u00e9<\/title>\n<meta name=\"description\" content=\"D\u00e9couvrez l&#039;\u00c9p\u00e9e Robin des Bois, r\u00e9plique de qualit\u00e9 inspir\u00e9e du film avec Russell Crowe. Un objet de collection unique \u00e0 prix abordable. 95 cm\" \/>\n<meta name=\"robots\" content=\"index, follow, max-snippet:-1, max-image-preview:large, max-video-preview:-1\" \/>\n<link rel=\"canonical\" href=\"https:\/\/repliquemangacine.fr\/es\/espada-templaria-medieval\/robin-des-bois-espada\/\" \/>\n<meta property=\"og:locale\" content=\"es_ES\" \/>\n<meta property=\"og:type\" content=\"article\" \/>\n<meta property=\"og:title\" content=\"\u00c9p\u00e9e Robin des Bois | R\u00e9plique Manga Cin\u00e9\" \/>\n<meta property=\"og:description\" content=\"D\u00e9couvrez l&#039;\u00c9p\u00e9e Robin des Bois, r\u00e9plique de qualit\u00e9 inspir\u00e9e du film avec Russell Crowe. Un objet de collection unique \u00e0 prix abordable. 95 cm\" \/>\n<meta property=\"og:url\" content=\"https:\/\/repliquemangacine.fr\/es\/espada-templaria-medieval\/robin-des-bois-espada\/\" \/>\n<meta property=\"og:site_name\" content=\"R\u00e9plique Manga Cin\u00e9\" \/>\n<meta property=\"article:publisher\" content=\"https:\/\/www.facebook.com\/RepliqueMangaCine\" \/>\n<meta property=\"article:modified_time\" content=\"2026-02-01T20:27:19+00:00\" \/>\n<meta property=\"og:image\" content=\"https:\/\/repliquemangacine.fr\/wp-content\/uploads\/2024\/01\/Epee-Robin-des-bois-ridley-scott.jpg\" \/>\n\t<meta property=\"og:image:width\" content=\"500\" \/>\n\t<meta property=\"og:image:height\" content=\"500\" \/>\n\t<meta property=\"og:image:type\" content=\"image\/jpeg\" \/>\n<meta name=\"twitter:card\" content=\"summary_large_image\" \/>\n<meta name=\"twitter:label1\" content=\"Tiempo de lectura\" \/>\n\t<meta name=\"twitter:data1\" content=\"3 minutos\" \/>\n<script type=\"application\/ld+json\" class=\"yoast-schema-graph\">{\"@context\":\"https:\\\/\\\/schema.org\",\"@graph\":[{\"@type\":\"WebPage\",\"@id\":\"https:\\\/\\\/repliquemangacine.fr\\\/epee-templier-medievale\\\/epee-robin-des-bois\\\/\",\"url\":\"https:\\\/\\\/repliquemangacine.fr\\\/epee-templier-medievale\\\/epee-robin-des-bois\\\/\",\"name\":\"\u00c9p\u00e9e Robin des Bois | R\u00e9plique Manga Cin\u00e9\",\"isPartOf\":{\"@id\":\"https:\\\/\\\/repliquemangacine.fr\\\/#website\"},\"primaryImageOfPage\":{\"@id\":\"https:\\\/\\\/repliquemangacine.fr\\\/epee-templier-medievale\\\/epee-robin-des-bois\\\/#primaryimage\"},\"image\":{\"@id\":\"https:\\\/\\\/repliquemangacine.fr\\\/epee-templier-medievale\\\/epee-robin-des-bois\\\/#primaryimage\"},\"thumbnailUrl\":\"https:\\\/\\\/repliquemangacine.fr\\\/wp-content\\\/uploads\\\/2024\\\/01\\\/Epee-Robin-des-bois-ridley-scott.jpg\",\"datePublished\":\"2024-01-13T16:35:50+00:00\",\"dateModified\":\"2026-02-01T20:27:19+00:00\",\"description\":\"D\u00e9couvrez l'\u00c9p\u00e9e Robin des Bois, r\u00e9plique de qualit\u00e9 inspir\u00e9e du film avec Russell Crowe. Un objet de collection unique \u00e0 prix abordable. 95 cm\",\"breadcrumb\":{\"@id\":\"https:\\\/\\\/repliquemangacine.fr\\\/epee-templier-medievale\\\/epee-robin-des-bois\\\/#breadcrumb\"},\"inLanguage\":\"es\",\"potentialAction\":[{\"@type\":\"ReadAction\",\"target\":[\"https:\\\/\\\/repliquemangacine.fr\\\/epee-templier-medievale\\\/epee-robin-des-bois\\\/\"]}]},{\"@type\":\"ImageObject\",\"inLanguage\":\"es\",\"@id\":\"https:\\\/\\\/repliquemangacine.fr\\\/epee-templier-medievale\\\/epee-robin-des-bois\\\/#primaryimage\",\"url\":\"https:\\\/\\\/repliquemangacine.fr\\\/wp-content\\\/uploads\\\/2024\\\/01\\\/Epee-Robin-des-bois-ridley-scott.jpg\",\"contentUrl\":\"https:\\\/\\\/repliquemangacine.fr\\\/wp-content\\\/uploads\\\/2024\\\/01\\\/Epee-Robin-des-bois-ridley-scott.jpg\",\"width\":500,\"height\":500,\"caption\":\"\u00c9p\u00e9e de Robin des Bois\"},{\"@type\":\"BreadcrumbList\",\"@id\":\"https:\\\/\\\/repliquemangacine.fr\\\/epee-templier-medievale\\\/epee-robin-des-bois\\\/#breadcrumb\",\"itemListElement\":[{\"@type\":\"ListItem\",\"position\":1,\"name\":\"Accueil\",\"item\":\"https:\\\/\\\/repliquemangacine.fr\\\/\"},{\"@type\":\"ListItem\",\"position\":2,\"name\":\"Produits\",\"item\":\"https:\\\/\\\/repliquemangacine.fr\\\/boutique\\\/\"},{\"@type\":\"ListItem\",\"position\":3,\"name\":\"\u00c9p\u00e9e Robin des Bois\"}]},{\"@type\":\"WebSite\",\"@id\":\"https:\\\/\\\/repliquemangacine.fr\\\/#website\",\"url\":\"https:\\\/\\\/repliquemangacine.fr\\\/\",\"name\":\"R\u00e9plique Manga Cin\u00e9\",\"description\":\"\",\"publisher\":{\"@id\":\"https:\\\/\\\/repliquemangacine.fr\\\/#organization\"},\"potentialAction\":[{\"@type\":\"SearchAction\",\"target\":{\"@type\":\"EntryPoint\",\"urlTemplate\":\"https:\\\/\\\/repliquemangacine.fr\\\/?s={search_term_string}\"},\"query-input\":{\"@type\":\"PropertyValueSpecification\",\"valueRequired\":true,\"valueName\":\"search_term_string\"}}],\"inLanguage\":\"es\"},{\"@type\":\"Organization\",\"@id\":\"https:\\\/\\\/repliquemangacine.fr\\\/#organization\",\"name\":\"R\u00e9plique Manga Cin\u00e9\",\"url\":\"https:\\\/\\\/repliquemangacine.fr\\\/\",\"logo\":{\"@type\":\"ImageObject\",\"inLanguage\":\"es\",\"@id\":\"https:\\\/\\\/repliquemangacine.fr\\\/#\\\/schema\\\/logo\\\/image\\\/\",\"url\":\"https:\\\/\\\/repliquemangacine.fr\\\/wp-content\\\/uploads\\\/2023\\\/10\\\/RMC-500250.png\",\"contentUrl\":\"https:\\\/\\\/repliquemangacine.fr\\\/wp-content\\\/uploads\\\/2023\\\/10\\\/RMC-500250.png\",\"width\":500,\"height\":250,\"caption\":\"R\u00e9plique Manga Cin\u00e9\"},\"image\":{\"@id\":\"https:\\\/\\\/repliquemangacine.fr\\\/#\\\/schema\\\/logo\\\/image\\\/\"},\"sameAs\":[\"https:\\\/\\\/www.facebook.com\\\/RepliqueMangaCine\",\"https:\\\/\\\/www.instagram.com\\\/repliquemangacine.fr\\\/\"]}]}<\/script>\n<!-- \/ Yoast SEO plugin. -->","yoast_head_json":{"title":"Espada Robin Hood | R\u00e9plique Manga Cin\u00e9","description":"Descubra la Espada Robin Hood, una r\u00e9plica de calidad inspirada en la pel\u00edcula protagonizada por Russell Crowe. Una pieza de coleccionista \u00fanica a un precio asequible. 95 cm.","robots":{"index":"index","follow":"follow","max-snippet":"max-snippet:-1","max-image-preview":"max-image-preview:large","max-video-preview":"max-video-preview:-1"},"canonical":"https:\/\/repliquemangacine.fr\/es\/espada-templaria-medieval\/robin-des-bois-espada\/","og_locale":"es_ES","og_type":"article","og_title":"\u00c9p\u00e9e Robin des Bois | R\u00e9plique Manga Cin\u00e9","og_description":"D\u00e9couvrez l'\u00c9p\u00e9e Robin des Bois, r\u00e9plique de qualit\u00e9 inspir\u00e9e du film avec Russell Crowe. Un objet de collection unique \u00e0 prix abordable. 95 cm","og_url":"https:\/\/repliquemangacine.fr\/es\/espada-templaria-medieval\/robin-des-bois-espada\/","og_site_name":"R\u00e9plique Manga Cin\u00e9","article_publisher":"https:\/\/www.facebook.com\/RepliqueMangaCine","article_modified_time":"2026-02-01T20:27:19+00:00","og_image":[{"width":500,"height":500,"url":"https:\/\/repliquemangacine.fr\/wp-content\/uploads\/2024\/01\/Epee-Robin-des-bois-ridley-scott.jpg","type":"image\/jpeg"}],"twitter_card":"summary_large_image","twitter_misc":{"Tiempo de lectura":"3 minutos"},"schema":{"@context":"https:\/\/schema.org","@graph":[{"@type":"WebPage","@id":"https:\/\/repliquemangacine.fr\/epee-templier-medievale\/epee-robin-des-bois\/","url":"https:\/\/repliquemangacine.fr\/epee-templier-medievale\/epee-robin-des-bois\/","name":"Espada Robin Hood | R\u00e9plique Manga Cin\u00e9","isPartOf":{"@id":"https:\/\/repliquemangacine.fr\/#website"},"primaryImageOfPage":{"@id":"https:\/\/repliquemangacine.fr\/epee-templier-medievale\/epee-robin-des-bois\/#primaryimage"},"image":{"@id":"https:\/\/repliquemangacine.fr\/epee-templier-medievale\/epee-robin-des-bois\/#primaryimage"},"thumbnailUrl":"https:\/\/repliquemangacine.fr\/wp-content\/uploads\/2024\/01\/Epee-Robin-des-bois-ridley-scott.jpg","datePublished":"2024-01-13T16:35:50+00:00","dateModified":"2026-02-01T20:27:19+00:00","description":"Descubra la Espada Robin Hood, una r\u00e9plica de calidad inspirada en la pel\u00edcula protagonizada por Russell Crowe. Una pieza de coleccionista \u00fanica a un precio asequible. 95 cm.","breadcrumb":{"@id":"https:\/\/repliquemangacine.fr\/epee-templier-medievale\/epee-robin-des-bois\/#breadcrumb"},"inLanguage":"es","potentialAction":[{"@type":"ReadAction","target":["https:\/\/repliquemangacine.fr\/epee-templier-medievale\/epee-robin-des-bois\/"]}]},{"@type":"ImageObject","inLanguage":"es","@id":"https:\/\/repliquemangacine.fr\/epee-templier-medievale\/epee-robin-des-bois\/#primaryimage","url":"https:\/\/repliquemangacine.fr\/wp-content\/uploads\/2024\/01\/Epee-Robin-des-bois-ridley-scott.jpg","contentUrl":"https:\/\/repliquemangacine.fr\/wp-content\/uploads\/2024\/01\/Epee-Robin-des-bois-ridley-scott.jpg","width":500,"height":500,"caption":"\u00c9p\u00e9e de Robin des Bois"},{"@type":"BreadcrumbList","@id":"https:\/\/repliquemangacine.fr\/epee-templier-medievale\/epee-robin-des-bois\/#breadcrumb","itemListElement":[{"@type":"ListItem","position":1,"name":"Accueil","item":"https:\/\/repliquemangacine.fr\/"},{"@type":"ListItem","position":2,"name":"Produits","item":"https:\/\/repliquemangacine.fr\/boutique\/"},{"@type":"ListItem","position":3,"name":"\u00c9p\u00e9e Robin des Bois"}]},{"@type":"WebSite","@id":"https:\/\/repliquemangacine.fr\/#website","url":"https:\/\/repliquemangacine.fr\/","name":"R\u00e9plique Manga Cin\u00e9","description":"","publisher":{"@id":"https:\/\/repliquemangacine.fr\/#organization"},"potentialAction":[{"@type":"SearchAction","target":{"@type":"EntryPoint","urlTemplate":"https:\/\/repliquemangacine.fr\/?s={search_term_string}"},"query-input":{"@type":"PropertyValueSpecification","valueRequired":true,"valueName":"search_term_string"}}],"inLanguage":"es"},{"@type":"Organization","@id":"https:\/\/repliquemangacine.fr\/#organization","name":"R\u00e9plique Manga Cin\u00e9","url":"https:\/\/repliquemangacine.fr\/","logo":{"@type":"ImageObject","inLanguage":"es","@id":"https:\/\/repliquemangacine.fr\/#\/schema\/logo\/image\/","url":"https:\/\/repliquemangacine.fr\/wp-content\/uploads\/2023\/10\/RMC-500250.png","contentUrl":"https:\/\/repliquemangacine.fr\/wp-content\/uploads\/2023\/10\/RMC-500250.png","width":500,"height":250,"caption":"R\u00e9plique Manga Cin\u00e9"},"image":{"@id":"https:\/\/repliquemangacine.fr\/#\/schema\/logo\/image\/"},"sameAs":["https:\/\/www.facebook.com\/RepliqueMangaCine","https:\/\/www.instagram.com\/repliquemangacine.fr\/"]}]}},"_links":{"self":[{"href":"https:\/\/repliquemangacine.fr\/es\/wp-json\/wp\/v2\/product\/68021","targetHints":{"allow":["GET"]}}],"collection":[{"href":"https:\/\/repliquemangacine.fr\/es\/wp-json\/wp\/v2\/product"}],"about":[{"href":"https:\/\/repliquemangacine.fr\/es\/wp-json\/wp\/v2\/types\/product"}],"wp:featuredmedia":[{"embeddable":true,"href":"https:\/\/repliquemangacine.fr\/es\/wp-json\/wp\/v2\/media\/68022"}],"wp:attachment":[{"href":"https:\/\/repliquemangacine.fr\/es\/wp-json\/wp\/v2\/media?parent=68021"}],"wp:term":[{"taxonomy":"product_brand","embeddable":true,"href":"https:\/\/repliquemangacine.fr\/es\/wp-json\/wp\/v2\/product_brand?post=68021"},{"taxonomy":"product_cat","embeddable":true,"href":"https:\/\/repliquemangacine.fr\/es\/wp-json\/wp\/v2\/product_cat?post=68021"},{"taxonomy":"product_tag","embeddable":true,"href":"https:\/\/repliquemangacine.fr\/es\/wp-json\/wp\/v2\/product_tag?post=68021"}],"curies":[{"name":"wp","href":"https:\/\/api.w.org\/{rel}","templated":true}]}}