





{"id":67998,"date":"2024-01-13T14:14:57","date_gmt":"2024-01-13T13:14:57","guid":{"rendered":"https:\/\/repliquemangacine.fr\/?post_type=product&#038;p=67998"},"modified":"2026-01-21T11:32:42","modified_gmt":"2026-01-21T10:32:42","slug":"legendaria-espada-corroida","status":"publish","type":"product","link":"https:\/\/repliquemangacine.fr\/es\/epee-zelda\/epee-de-legende-corrodee\/","title":{"rendered":"Espada Leyenda Corro\u00edda"},"content":{"rendered":"<h2>La Espada de la Leyenda Corro\u00edda: un tesoro para los fans de Zelda<\/h2>\n<p>En primer lugar, la nueva r\u00e9plica del<strong>Espada Corro\u00edda Legendaria<\/strong> (Decayed Master Sword) de \u201cThe Legend of Zelda: Tears of the Kingdom\u201d es una pieza imprescindible para todos los amantes de la saga Zelda. Esta espada, marcada por las pruebas y las \u00e9picas batallas de Link, simboliza tanto la resistencia como el coraje frente a la adversidad.<\/p>\n<p>Adem\u00e1s, aunque no es oficial, esta r\u00e9plica est\u00e1 fabricada con una meticulosa atenci\u00f3n al detalle, lo que garantiza una calidad excepcional y una impresionante fidelidad al dise\u00f1o original del juego. La hoja, cuidadosamente envejecida para reflejar su estado corro\u00eddo, confiere a esta pieza un encanto \u00fanico y aut\u00e9ntico.<\/p>\n<h3>Calidad y fidelidad de dise\u00f1o excepcionales<\/h3>\n<p>Cabe destacar que cada detalle, desde la textura de la hoja hasta el acabado del pomo, refleja fielmente el arma emblem\u00e1tica que aparece en \u201cTears of the Kingdom\u201d.<br \/>\nEsta espada de otra \u00e9poca no es solo un objeto de colecci\u00f3n, es una obra de arte que har\u00e1 las delicias de los aficionados m\u00e1s exigentes.<\/p>\n<h2>El Escudo Hyliano: un complemento perfecto<\/h2>\n<p>Para apoyar la<strong>Espada Corro\u00edda Legendaria<\/strong>no olvides el <a href=\"https:\/\/repliquemangacine.fr\/es\/espada-de-zelda\/escudo-hylian-zelda\/\">Escudo Hyliano<\/a>otro elemento ic\u00f3nico del universo Zelda. El escudo, con su distintivo dise\u00f1o del escudo de la Trifuerza, es el compa\u00f1ero perfecto de la espada. Al igual que la espada, el escudo est\u00e1 fabricado con materiales de la m\u00e1s alta calidad. Es visualmente fiel y lo bastante robusto para los coleccionistas. La combinaci\u00f3n de espada y escudo ofrece una inmersi\u00f3n total en el mundo de <a href=\"https:\/\/zelda.fandom.com\/fr\/wiki\/%C3%89p%C3%A9e_de_L%C3%A9gende\" target=\"_blank\" rel=\"noopener noreferrer\">Zelda<\/a>.<\/p>\n<h3>Inmersi\u00f3n total en el universo Zelda<\/h3>\n<p>Al poseer la Espada de la Leyenda Corro\u00edda y el Escudo de Hylia, los fans pueden sumergirse en el mundo de Zelda. Ya sea para una exposici\u00f3n, un cosplay o simplemente por el placer de poseer una pieza de The Legend of Zelda. Por eso, estas r\u00e9plicas son adquisiciones inestimables para cualquier fan de la serie.<\/p>\n<h2>La legendaria espada corro\u00edda: un objeto raro y preciado<\/h2>\n<p>L'<strong>Espada Corro\u00edda Legendaria<\/strong> The Legend of Zelda: Tears of the Kingdom\" es una rara pieza de coleccionista. Su limitada disponibilidad lo hace a\u00fan m\u00e1s especial, ya que solo unos pocos privilegiados tendr\u00e1n la oportunidad de adquirirlo. Esta exclusividad contribuye a su valor y lo convierte en un objeto codiciado por coleccionistas y fans de la serie Zelda. Su rareza es garant\u00eda de distinci\u00f3n y singularidad. Convirtiendo cada espada adquirida no s\u00f3lo en una inversi\u00f3n, sino tambi\u00e9n en un tesoro personal.<\/p>\n<h3>La importancia de la exclusividad y la calidad<\/h3>\n<p>La exclusividad de la Espada Leyenda Corro\u00edda la diferencia de otras r\u00e9plicas del mercado. Al ser uno de los pocos minoristas que ofrecen esta espada. Te ofrecemos una oportunidad \u00fanica de poseer algo verdaderamente especial. En conclusi\u00f3n, esta pieza de coleccionista no es solo para los fans ac\u00e9rrimos de Zelda, sino tambi\u00e9n para los coleccionistas.<\/p>","protected":false},"excerpt":{"rendered":"<p>R\u00e9plica id\u00e9ntica de la Espada de la Leyenda Corro\u00edda en Zelda Tears of the Kingdom 2023<\/p>\n<ul>\n<li>Hoja de acero con una parte da\u00f1ada, acabado corro\u00eddo en el extremo de la hoja.<\/li>\n<li>Trifuerza en la base<\/li>\n<li>Asa de metal entrelazada con una correa de cuero verde<\/li>\n<li>Guarda de acero macizo con forma espec\u00edfica<\/li>\n<li>Se suministra con funda de cuero de imitaci\u00f3n<\/li>\n<li>Longitud de la hoja: 33 cm - Longitud total: 61,5 cm<\/li>\n<li>Peso: 975 g<\/li>\n<\/ul>\n<p><strong>Advertencia: foto incorrecta, sin soporte.<\/strong><\/p>","protected":false},"featured_media":68000,"template":"","meta":[],"product_brand":[896],"product_cat":[56],"product_tag":[],"class_list":{"0":"post-67998","1":"product","2":"type-product","3":"status-publish","4":"has-post-thumbnail","6":"product_brand-replique-manga-cine","7":"product_cat-epee-zelda","9":"first","10":"instock","11":"sale","12":"taxable","13":"shipping-taxable","14":"purchasable","15":"product-type-simple"},"yoast_head":"<!-- This site is optimized with the Yoast SEO plugin v27.4 - https:\/\/yoast.com\/product\/yoast-seo-wordpress\/ -->\n<title>\u00c9p\u00e9e de L\u00e9gende corrod\u00e9e - Zelda Master Sword | RMC<\/title>\n<meta name=\"description\" content=\"D\u00e9couvrez la rare et magnifique \u00c9p\u00e9e de L\u00e9gende Corrod\u00e9e dans Zelda &quot;Tears of the Kingdom&quot;. Haute qualit\u00e9 pour collectionneurs et fans passionn\u00e9s.\" \/>\n<meta name=\"robots\" content=\"index, follow, max-snippet:-1, max-image-preview:large, max-video-preview:-1\" \/>\n<link rel=\"canonical\" href=\"https:\/\/repliquemangacine.fr\/es\/espada-de-zelda\/legendaria-espada-corroida\/\" \/>\n<meta property=\"og:locale\" content=\"es_ES\" \/>\n<meta property=\"og:type\" content=\"article\" \/>\n<meta property=\"og:title\" content=\"\u00c9p\u00e9e de L\u00e9gende corrod\u00e9e - Zelda Master Sword | RMC\" \/>\n<meta property=\"og:description\" content=\"D\u00e9couvrez la rare et magnifique \u00c9p\u00e9e de L\u00e9gende Corrod\u00e9e dans Zelda &quot;Tears of the Kingdom&quot;. Haute qualit\u00e9 pour collectionneurs et fans passionn\u00e9s.\" \/>\n<meta property=\"og:url\" content=\"https:\/\/repliquemangacine.fr\/es\/espada-de-zelda\/legendaria-espada-corroida\/\" \/>\n<meta property=\"og:site_name\" content=\"R\u00e9plique Manga Cin\u00e9\" \/>\n<meta property=\"article:publisher\" content=\"https:\/\/www.facebook.com\/RepliqueMangaCine\" \/>\n<meta property=\"article:modified_time\" content=\"2026-01-21T10:32:42+00:00\" \/>\n<meta property=\"og:image\" content=\"https:\/\/repliquemangacine.fr\/wp-content\/uploads\/2024\/01\/Epee-du-Maitre-de-Zelda-du-jeu-Tears-of-the-Kingdom.jpg\" \/>\n\t<meta property=\"og:image:width\" content=\"500\" \/>\n\t<meta property=\"og:image:height\" content=\"500\" \/>\n\t<meta property=\"og:image:type\" content=\"image\/jpeg\" \/>\n<meta name=\"twitter:card\" content=\"summary_large_image\" \/>\n<meta name=\"twitter:label1\" content=\"Tiempo de lectura\" \/>\n\t<meta name=\"twitter:data1\" content=\"3 minutos\" \/>\n<script type=\"application\/ld+json\" class=\"yoast-schema-graph\">{\"@context\":\"https:\\\/\\\/schema.org\",\"@graph\":[{\"@type\":\"WebPage\",\"@id\":\"https:\\\/\\\/repliquemangacine.fr\\\/epee-zelda\\\/epee-de-legende-corrodee\\\/\",\"url\":\"https:\\\/\\\/repliquemangacine.fr\\\/epee-zelda\\\/epee-de-legende-corrodee\\\/\",\"name\":\"\u00c9p\u00e9e de L\u00e9gende corrod\u00e9e - Zelda Master Sword | RMC\",\"isPartOf\":{\"@id\":\"https:\\\/\\\/repliquemangacine.fr\\\/#website\"},\"primaryImageOfPage\":{\"@id\":\"https:\\\/\\\/repliquemangacine.fr\\\/epee-zelda\\\/epee-de-legende-corrodee\\\/#primaryimage\"},\"image\":{\"@id\":\"https:\\\/\\\/repliquemangacine.fr\\\/epee-zelda\\\/epee-de-legende-corrodee\\\/#primaryimage\"},\"thumbnailUrl\":\"https:\\\/\\\/repliquemangacine.fr\\\/wp-content\\\/uploads\\\/2024\\\/01\\\/Epee-du-Maitre-de-Zelda-du-jeu-Tears-of-the-Kingdom.jpg\",\"datePublished\":\"2024-01-13T13:14:57+00:00\",\"dateModified\":\"2026-01-21T10:32:42+00:00\",\"description\":\"D\u00e9couvrez la rare et magnifique \u00c9p\u00e9e de L\u00e9gende Corrod\u00e9e dans Zelda \\\"Tears of the Kingdom\\\". Haute qualit\u00e9 pour collectionneurs et fans passionn\u00e9s.\",\"breadcrumb\":{\"@id\":\"https:\\\/\\\/repliquemangacine.fr\\\/epee-zelda\\\/epee-de-legende-corrodee\\\/#breadcrumb\"},\"inLanguage\":\"es\",\"potentialAction\":[{\"@type\":\"ReadAction\",\"target\":[\"https:\\\/\\\/repliquemangacine.fr\\\/epee-zelda\\\/epee-de-legende-corrodee\\\/\"]}]},{\"@type\":\"ImageObject\",\"inLanguage\":\"es\",\"@id\":\"https:\\\/\\\/repliquemangacine.fr\\\/epee-zelda\\\/epee-de-legende-corrodee\\\/#primaryimage\",\"url\":\"https:\\\/\\\/repliquemangacine.fr\\\/wp-content\\\/uploads\\\/2024\\\/01\\\/Epee-du-Maitre-de-Zelda-du-jeu-Tears-of-the-Kingdom.jpg\",\"contentUrl\":\"https:\\\/\\\/repliquemangacine.fr\\\/wp-content\\\/uploads\\\/2024\\\/01\\\/Epee-du-Maitre-de-Zelda-du-jeu-Tears-of-the-Kingdom.jpg\",\"width\":500,\"height\":500,\"caption\":\"\u00c9p\u00e9e de L\u00e9gende Corrod\u00e9e\"},{\"@type\":\"BreadcrumbList\",\"@id\":\"https:\\\/\\\/repliquemangacine.fr\\\/epee-zelda\\\/epee-de-legende-corrodee\\\/#breadcrumb\",\"itemListElement\":[{\"@type\":\"ListItem\",\"position\":1,\"name\":\"Accueil\",\"item\":\"https:\\\/\\\/repliquemangacine.fr\\\/\"},{\"@type\":\"ListItem\",\"position\":2,\"name\":\"Produits\",\"item\":\"https:\\\/\\\/repliquemangacine.fr\\\/boutique\\\/\"},{\"@type\":\"ListItem\",\"position\":3,\"name\":\"\u00c9p\u00e9e de L\u00e9gende corrod\u00e9e\"}]},{\"@type\":\"WebSite\",\"@id\":\"https:\\\/\\\/repliquemangacine.fr\\\/#website\",\"url\":\"https:\\\/\\\/repliquemangacine.fr\\\/\",\"name\":\"R\u00e9plique Manga Cin\u00e9\",\"description\":\"\",\"publisher\":{\"@id\":\"https:\\\/\\\/repliquemangacine.fr\\\/#organization\"},\"potentialAction\":[{\"@type\":\"SearchAction\",\"target\":{\"@type\":\"EntryPoint\",\"urlTemplate\":\"https:\\\/\\\/repliquemangacine.fr\\\/?s={search_term_string}\"},\"query-input\":{\"@type\":\"PropertyValueSpecification\",\"valueRequired\":true,\"valueName\":\"search_term_string\"}}],\"inLanguage\":\"es\"},{\"@type\":\"Organization\",\"@id\":\"https:\\\/\\\/repliquemangacine.fr\\\/#organization\",\"name\":\"R\u00e9plique Manga Cin\u00e9\",\"url\":\"https:\\\/\\\/repliquemangacine.fr\\\/\",\"logo\":{\"@type\":\"ImageObject\",\"inLanguage\":\"es\",\"@id\":\"https:\\\/\\\/repliquemangacine.fr\\\/#\\\/schema\\\/logo\\\/image\\\/\",\"url\":\"https:\\\/\\\/repliquemangacine.fr\\\/wp-content\\\/uploads\\\/2023\\\/10\\\/RMC-500250.png\",\"contentUrl\":\"https:\\\/\\\/repliquemangacine.fr\\\/wp-content\\\/uploads\\\/2023\\\/10\\\/RMC-500250.png\",\"width\":500,\"height\":250,\"caption\":\"R\u00e9plique Manga Cin\u00e9\"},\"image\":{\"@id\":\"https:\\\/\\\/repliquemangacine.fr\\\/#\\\/schema\\\/logo\\\/image\\\/\"},\"sameAs\":[\"https:\\\/\\\/www.facebook.com\\\/RepliqueMangaCine\",\"https:\\\/\\\/www.instagram.com\\\/repliquemangacine.fr\\\/\"]}]}<\/script>\n<!-- \/ Yoast SEO plugin. -->","yoast_head_json":{"title":"Espada Leyenda Corro\u00edda - Espada maestra de Zelda | RMC","description":"Descubre la rara y magn\u00edfica Espada de Leyenda Corro\u00edda de Zelda \"L\u00e1grimas del Reino\". Alta calidad para coleccionistas y fans apasionados.","robots":{"index":"index","follow":"follow","max-snippet":"max-snippet:-1","max-image-preview":"max-image-preview:large","max-video-preview":"max-video-preview:-1"},"canonical":"https:\/\/repliquemangacine.fr\/es\/espada-de-zelda\/legendaria-espada-corroida\/","og_locale":"es_ES","og_type":"article","og_title":"\u00c9p\u00e9e de L\u00e9gende corrod\u00e9e - Zelda Master Sword | RMC","og_description":"D\u00e9couvrez la rare et magnifique \u00c9p\u00e9e de L\u00e9gende Corrod\u00e9e dans Zelda \"Tears of the Kingdom\". Haute qualit\u00e9 pour collectionneurs et fans passionn\u00e9s.","og_url":"https:\/\/repliquemangacine.fr\/es\/espada-de-zelda\/legendaria-espada-corroida\/","og_site_name":"R\u00e9plique Manga Cin\u00e9","article_publisher":"https:\/\/www.facebook.com\/RepliqueMangaCine","article_modified_time":"2026-01-21T10:32:42+00:00","og_image":[{"width":500,"height":500,"url":"https:\/\/repliquemangacine.fr\/wp-content\/uploads\/2024\/01\/Epee-du-Maitre-de-Zelda-du-jeu-Tears-of-the-Kingdom.jpg","type":"image\/jpeg"}],"twitter_card":"summary_large_image","twitter_misc":{"Tiempo de lectura":"3 minutos"},"schema":{"@context":"https:\/\/schema.org","@graph":[{"@type":"WebPage","@id":"https:\/\/repliquemangacine.fr\/epee-zelda\/epee-de-legende-corrodee\/","url":"https:\/\/repliquemangacine.fr\/epee-zelda\/epee-de-legende-corrodee\/","name":"Espada Leyenda Corro\u00edda - Espada maestra de Zelda | RMC","isPartOf":{"@id":"https:\/\/repliquemangacine.fr\/#website"},"primaryImageOfPage":{"@id":"https:\/\/repliquemangacine.fr\/epee-zelda\/epee-de-legende-corrodee\/#primaryimage"},"image":{"@id":"https:\/\/repliquemangacine.fr\/epee-zelda\/epee-de-legende-corrodee\/#primaryimage"},"thumbnailUrl":"https:\/\/repliquemangacine.fr\/wp-content\/uploads\/2024\/01\/Epee-du-Maitre-de-Zelda-du-jeu-Tears-of-the-Kingdom.jpg","datePublished":"2024-01-13T13:14:57+00:00","dateModified":"2026-01-21T10:32:42+00:00","description":"Descubre la rara y magn\u00edfica Espada de Leyenda Corro\u00edda de Zelda \"L\u00e1grimas del Reino\". Alta calidad para coleccionistas y fans apasionados.","breadcrumb":{"@id":"https:\/\/repliquemangacine.fr\/epee-zelda\/epee-de-legende-corrodee\/#breadcrumb"},"inLanguage":"es","potentialAction":[{"@type":"ReadAction","target":["https:\/\/repliquemangacine.fr\/epee-zelda\/epee-de-legende-corrodee\/"]}]},{"@type":"ImageObject","inLanguage":"es","@id":"https:\/\/repliquemangacine.fr\/epee-zelda\/epee-de-legende-corrodee\/#primaryimage","url":"https:\/\/repliquemangacine.fr\/wp-content\/uploads\/2024\/01\/Epee-du-Maitre-de-Zelda-du-jeu-Tears-of-the-Kingdom.jpg","contentUrl":"https:\/\/repliquemangacine.fr\/wp-content\/uploads\/2024\/01\/Epee-du-Maitre-de-Zelda-du-jeu-Tears-of-the-Kingdom.jpg","width":500,"height":500,"caption":"\u00c9p\u00e9e de L\u00e9gende Corrod\u00e9e"},{"@type":"BreadcrumbList","@id":"https:\/\/repliquemangacine.fr\/epee-zelda\/epee-de-legende-corrodee\/#breadcrumb","itemListElement":[{"@type":"ListItem","position":1,"name":"Accueil","item":"https:\/\/repliquemangacine.fr\/"},{"@type":"ListItem","position":2,"name":"Produits","item":"https:\/\/repliquemangacine.fr\/boutique\/"},{"@type":"ListItem","position":3,"name":"\u00c9p\u00e9e de L\u00e9gende corrod\u00e9e"}]},{"@type":"WebSite","@id":"https:\/\/repliquemangacine.fr\/#website","url":"https:\/\/repliquemangacine.fr\/","name":"R\u00e9plique Manga Cin\u00e9","description":"","publisher":{"@id":"https:\/\/repliquemangacine.fr\/#organization"},"potentialAction":[{"@type":"SearchAction","target":{"@type":"EntryPoint","urlTemplate":"https:\/\/repliquemangacine.fr\/?s={search_term_string}"},"query-input":{"@type":"PropertyValueSpecification","valueRequired":true,"valueName":"search_term_string"}}],"inLanguage":"es"},{"@type":"Organization","@id":"https:\/\/repliquemangacine.fr\/#organization","name":"R\u00e9plique Manga Cin\u00e9","url":"https:\/\/repliquemangacine.fr\/","logo":{"@type":"ImageObject","inLanguage":"es","@id":"https:\/\/repliquemangacine.fr\/#\/schema\/logo\/image\/","url":"https:\/\/repliquemangacine.fr\/wp-content\/uploads\/2023\/10\/RMC-500250.png","contentUrl":"https:\/\/repliquemangacine.fr\/wp-content\/uploads\/2023\/10\/RMC-500250.png","width":500,"height":250,"caption":"R\u00e9plique Manga Cin\u00e9"},"image":{"@id":"https:\/\/repliquemangacine.fr\/#\/schema\/logo\/image\/"},"sameAs":["https:\/\/www.facebook.com\/RepliqueMangaCine","https:\/\/www.instagram.com\/repliquemangacine.fr\/"]}]}},"_links":{"self":[{"href":"https:\/\/repliquemangacine.fr\/es\/wp-json\/wp\/v2\/product\/67998","targetHints":{"allow":["GET"]}}],"collection":[{"href":"https:\/\/repliquemangacine.fr\/es\/wp-json\/wp\/v2\/product"}],"about":[{"href":"https:\/\/repliquemangacine.fr\/es\/wp-json\/wp\/v2\/types\/product"}],"wp:featuredmedia":[{"embeddable":true,"href":"https:\/\/repliquemangacine.fr\/es\/wp-json\/wp\/v2\/media\/68000"}],"wp:attachment":[{"href":"https:\/\/repliquemangacine.fr\/es\/wp-json\/wp\/v2\/media?parent=67998"}],"wp:term":[{"taxonomy":"product_brand","embeddable":true,"href":"https:\/\/repliquemangacine.fr\/es\/wp-json\/wp\/v2\/product_brand?post=67998"},{"taxonomy":"product_cat","embeddable":true,"href":"https:\/\/repliquemangacine.fr\/es\/wp-json\/wp\/v2\/product_cat?post=67998"},{"taxonomy":"product_tag","embeddable":true,"href":"https:\/\/repliquemangacine.fr\/es\/wp-json\/wp\/v2\/product_tag?post=67998"}],"curies":[{"name":"wp","href":"https:\/\/api.w.org\/{rel}","templated":true}]}}