





{"id":67958,"date":"2024-01-11T17:28:12","date_gmt":"2024-01-11T16:28:12","guid":{"rendered":"https:\/\/repliquemangacine.fr\/?post_type=product&#038;p=67958"},"modified":"2025-11-18T15:17:17","modified_gmt":"2025-11-18T14:17:17","slug":"mauser-c96-grip-case","status":"publish","type":"product","link":"https:\/\/repliquemangacine.fr\/es\/reproductions-armes-seconde-guerre-mondiale-denix\/mauser-c96-etui-crosse\/","title":{"rendered":"Funda Mauser C96"},"content":{"rendered":"<h2>Mauser C96 Etui-Crosse de Denix: un cl\u00e1sico reinventado<\/h2>\n<p>En primer lugar, sum\u00e9rjase en el mundo de las armas hist\u00f3ricas con el <strong>Funda Mauser C96<\/strong>. Esta pieza emblem\u00e1tica est\u00e1 fabricada por Denix, marca reconocida por su saber hacer. Imprescindible para coleccionistas y amantes de la historia militar. Fiel al original, esta r\u00e9plica ofrece un realismo sorprendente, combinando belleza y autenticidad. El Mauser C96 con culata se distingue por su elegante dise\u00f1o y su rica historia, por lo que es perfecto para a\u00f1adir a su colecci\u00f3n o como regalo \u00fanico para un entusiasta.<\/p>\n<h3>Otros iconos de la historia militar<\/h3>\n<p>Adem\u00e1s del Mauser C96, descubra r\u00e9plicas de otras armas legendarias como el<a href=\"https:\/\/repliquemangacine.fr\/es\/reproduccion-armas-segunda-guerra-mundial-denix\/fusil-m1-garand\/\"> Fusil Garand M1<\/a> y el <a href=\"https:\/\/repliquemangacine.fr\/es\/denix\/subametralladora-mp40\/\">Subfusil MP40<\/a>tambi\u00e9n disponible en R\u00e9plique Manga Cin\u00e9. Estas armas desempe\u00f1aron un papel crucial en los desembarcos y batallas de la Segunda Guerra Mundial, capturando la esencia de ese periodo hist\u00f3rico.<\/p>\n<h2>Calidad y acabado : La promesa Denix<\/h2>\n<p>En RMC, entendemos la importancia de la calidad. Por eso elegimos el Mauser C96 de <a href=\"https:\/\/www.denix.fr\/fr\/catalogue\/guerres-mondiales-1914-1945\/pistolets\/1025\/\" target=\"_blank\" rel=\"noopener noreferrer\">Denix<\/a>una marca famosa por sus acabados impecables. De hecho, cada r\u00e9plica est\u00e1 dise\u00f1ada con una meticulosa atenci\u00f3n al detalle. Garantizando un asombroso parecido con el arma original. Ya sea usted un recreador hist\u00f3rico, un coleccionista o simplemente un amante de las piezas excepcionales, esta r\u00e9plica le impresionar\u00e1 por su calidad y autenticidad.<\/p>\n<h3>Denix: la perfecci\u00f3n en los detalles<\/h3>\n<p>Las r\u00e9plicas Denix se distinguen por su atenci\u00f3n al detalle. Las texturas, pesos y mecanismos est\u00e1n dise\u00f1ados para reproducir fielmente la experiencia de un arma real, ofreciendo una inmersi\u00f3n total en la historia.<\/p>\n<h2>Funda para culata Mauser C96: El mejor precio a un valor imbatible<\/h2>\n<p>RMC se compromete a ofrecerle el <strong>Funda Mauser C96<\/strong> a un precio competitivo, sin comprometer la calidad. Creemos que todo aficionado merece tener acceso a r\u00e9plicas excepcionales. Por eso ofrecemos esta obra maestra a un precio asequible. Adem\u00e1s, invertir en esta r\u00e9plica significa elegir un art\u00edculo de coleccionista de alta calidad a un precio inmejorable. Cuando nos compra, no s\u00f3lo se beneficia de un producto excepcional, sino tambi\u00e9n de un servicio de atenci\u00f3n al cliente experto y dedicado, dispuesto a acompa\u00f1arle en su pasi\u00f3n por las r\u00e9plicas hist\u00f3ricas.<\/p>\n<h3>Explore toda la gama<\/h3>\n<p>Descubra toda la gama de r\u00e9plicas hist\u00f3ricas en R\u00e9plique Manga Cin\u00e9. Incluyendo no s\u00f3lo el Mauser C96, sino tambi\u00e9n armas emblem\u00e1ticas como el <a href=\"https:\/\/repliquemangacine.fr\/es\/denix\/culata-colt-m1911a1-desmontable-denix-checkered\/\">Colt M1911A1<\/a> desmontable. Cada r\u00e9plica es una ventana abierta a la historia, que ofrece una experiencia \u00fanica y envolvente.<\/p>","protected":false},"excerpt":{"rendered":"<p>Reproducci\u00f3n id\u00e9ntica de la pistola semiautom\u00e1tica Mauser C96 de 1896 con funda.<\/p>\n<ul>\n<li>La carcasa est\u00e1 en Zamac.<\/li>\n<li>Placas de madera maciza de color marr\u00f3n oscuro.<\/li>\n<li>Se dispara a s\u00ed mismo y acierta, pero est\u00e1 totalmente incapacitado para disparar.<\/li>\n<li>Estuche de madera te\u00f1ida<\/li>\n<li>Carril para montar la culata<\/li>\n<li>No se requiere autorizaci\u00f3n. Venta y posesi\u00f3n libres<\/li>\n<li>Dimensiones: 32 cm - 65 cm con estuche de cepillo<\/li>\n<li>Peso del arma: 1120 gramos - Peso de la funda y la pistola: 1541 g<\/li>\n<\/ul>","protected":false},"featured_media":67960,"template":"","meta":[],"product_brand":[896],"product_cat":[102,54,40,28,76],"product_tag":[],"class_list":{"0":"post-67958","1":"product","2":"type-product","3":"status-publish","4":"has-post-thumbnail","6":"product_brand-replique-manga-cine","7":"product_cat-denix","8":"product_cat-armes-accessoires-guerre-mondiale","9":"product_cat-pistolet-moderne","10":"product_cat-repliques-darmes","11":"product_cat-reproductions-armes-seconde-guerre-mondiale-denix","13":"first","14":"instock","15":"taxable","16":"shipping-taxable","17":"purchasable","18":"product-type-simple"},"yoast_head":"<!-- This site is optimized with the Yoast SEO plugin v27.4 - https:\/\/yoast.com\/product\/yoast-seo-wordpress\/ -->\n<title>Mauser C96 Etui-Crosse - R\u00e9plique Manga Cin\u00e9<\/title>\n<meta name=\"description\" content=\"D\u00e9couvrez des r\u00e9pliques uniques chez RMC : Mauser C96 Etui-Crosse, Garand M1, MP40. Haute Qualit\u00e9, prix comp\u00e9titifs, immersion historique garantie.\" \/>\n<meta name=\"robots\" content=\"index, follow, max-snippet:-1, max-image-preview:large, max-video-preview:-1\" \/>\n<link rel=\"canonical\" href=\"https:\/\/repliquemangacine.fr\/es\/reproduccion-armas-segunda-guerra-mundial-denix\/mauser-c96-grip-case\/\" \/>\n<meta property=\"og:locale\" content=\"es_ES\" \/>\n<meta property=\"og:type\" content=\"article\" \/>\n<meta property=\"og:title\" content=\"Mauser C96 Etui-Crosse - R\u00e9plique Manga Cin\u00e9\" \/>\n<meta property=\"og:description\" content=\"D\u00e9couvrez des r\u00e9pliques uniques chez RMC : Mauser C96 Etui-Crosse, Garand M1, MP40. Haute Qualit\u00e9, prix comp\u00e9titifs, immersion historique garantie.\" \/>\n<meta property=\"og:url\" content=\"https:\/\/repliquemangacine.fr\/es\/reproduccion-armas-segunda-guerra-mundial-denix\/mauser-c96-grip-case\/\" \/>\n<meta property=\"og:site_name\" content=\"R\u00e9plique Manga Cin\u00e9\" \/>\n<meta property=\"article:publisher\" content=\"https:\/\/www.facebook.com\/RepliqueMangaCine\" \/>\n<meta property=\"article:modified_time\" content=\"2025-11-18T14:17:17+00:00\" \/>\n<meta property=\"og:image\" content=\"https:\/\/repliquemangacine.fr\/wp-content\/uploads\/2024\/01\/Pistolet-mauser-C96-avec-crosse-en-bois-amovible.jpg\" \/>\n\t<meta property=\"og:image:width\" content=\"500\" \/>\n\t<meta property=\"og:image:height\" content=\"500\" \/>\n\t<meta property=\"og:image:type\" content=\"image\/jpeg\" \/>\n<meta name=\"twitter:card\" content=\"summary_large_image\" \/>\n<meta name=\"twitter:label1\" content=\"Tiempo de lectura\" \/>\n\t<meta name=\"twitter:data1\" content=\"3 minutos\" \/>\n<script type=\"application\/ld+json\" class=\"yoast-schema-graph\">{\"@context\":\"https:\\\/\\\/schema.org\",\"@graph\":[{\"@type\":\"WebPage\",\"@id\":\"https:\\\/\\\/repliquemangacine.fr\\\/reproductions-armes-seconde-guerre-mondiale-denix\\\/mauser-c96-etui-crosse\\\/\",\"url\":\"https:\\\/\\\/repliquemangacine.fr\\\/reproductions-armes-seconde-guerre-mondiale-denix\\\/mauser-c96-etui-crosse\\\/\",\"name\":\"Mauser C96 Etui-Crosse - R\u00e9plique Manga Cin\u00e9\",\"isPartOf\":{\"@id\":\"https:\\\/\\\/repliquemangacine.fr\\\/#website\"},\"primaryImageOfPage\":{\"@id\":\"https:\\\/\\\/repliquemangacine.fr\\\/reproductions-armes-seconde-guerre-mondiale-denix\\\/mauser-c96-etui-crosse\\\/#primaryimage\"},\"image\":{\"@id\":\"https:\\\/\\\/repliquemangacine.fr\\\/reproductions-armes-seconde-guerre-mondiale-denix\\\/mauser-c96-etui-crosse\\\/#primaryimage\"},\"thumbnailUrl\":\"https:\\\/\\\/repliquemangacine.fr\\\/wp-content\\\/uploads\\\/2024\\\/01\\\/Pistolet-mauser-C96-avec-crosse-en-bois-amovible.jpg\",\"datePublished\":\"2024-01-11T16:28:12+00:00\",\"dateModified\":\"2025-11-18T14:17:17+00:00\",\"description\":\"D\u00e9couvrez des r\u00e9pliques uniques chez RMC : Mauser C96 Etui-Crosse, Garand M1, MP40. Haute Qualit\u00e9, prix comp\u00e9titifs, immersion historique garantie.\",\"breadcrumb\":{\"@id\":\"https:\\\/\\\/repliquemangacine.fr\\\/reproductions-armes-seconde-guerre-mondiale-denix\\\/mauser-c96-etui-crosse\\\/#breadcrumb\"},\"inLanguage\":\"es\",\"potentialAction\":[{\"@type\":\"ReadAction\",\"target\":[\"https:\\\/\\\/repliquemangacine.fr\\\/reproductions-armes-seconde-guerre-mondiale-denix\\\/mauser-c96-etui-crosse\\\/\"]}]},{\"@type\":\"ImageObject\",\"inLanguage\":\"es\",\"@id\":\"https:\\\/\\\/repliquemangacine.fr\\\/reproductions-armes-seconde-guerre-mondiale-denix\\\/mauser-c96-etui-crosse\\\/#primaryimage\",\"url\":\"https:\\\/\\\/repliquemangacine.fr\\\/wp-content\\\/uploads\\\/2024\\\/01\\\/Pistolet-mauser-C96-avec-crosse-en-bois-amovible.jpg\",\"contentUrl\":\"https:\\\/\\\/repliquemangacine.fr\\\/wp-content\\\/uploads\\\/2024\\\/01\\\/Pistolet-mauser-C96-avec-crosse-en-bois-amovible.jpg\",\"width\":500,\"height\":500,\"caption\":\"Mauser C96 Etui-Crosse amovible\"},{\"@type\":\"BreadcrumbList\",\"@id\":\"https:\\\/\\\/repliquemangacine.fr\\\/reproductions-armes-seconde-guerre-mondiale-denix\\\/mauser-c96-etui-crosse\\\/#breadcrumb\",\"itemListElement\":[{\"@type\":\"ListItem\",\"position\":1,\"name\":\"Accueil\",\"item\":\"https:\\\/\\\/repliquemangacine.fr\\\/\"},{\"@type\":\"ListItem\",\"position\":2,\"name\":\"Produits\",\"item\":\"https:\\\/\\\/repliquemangacine.fr\\\/boutique\\\/\"},{\"@type\":\"ListItem\",\"position\":3,\"name\":\"Mauser C96 Etui-Crosse\"}]},{\"@type\":\"WebSite\",\"@id\":\"https:\\\/\\\/repliquemangacine.fr\\\/#website\",\"url\":\"https:\\\/\\\/repliquemangacine.fr\\\/\",\"name\":\"R\u00e9plique Manga Cin\u00e9\",\"description\":\"\",\"publisher\":{\"@id\":\"https:\\\/\\\/repliquemangacine.fr\\\/#organization\"},\"potentialAction\":[{\"@type\":\"SearchAction\",\"target\":{\"@type\":\"EntryPoint\",\"urlTemplate\":\"https:\\\/\\\/repliquemangacine.fr\\\/?s={search_term_string}\"},\"query-input\":{\"@type\":\"PropertyValueSpecification\",\"valueRequired\":true,\"valueName\":\"search_term_string\"}}],\"inLanguage\":\"es\"},{\"@type\":\"Organization\",\"@id\":\"https:\\\/\\\/repliquemangacine.fr\\\/#organization\",\"name\":\"R\u00e9plique Manga Cin\u00e9\",\"url\":\"https:\\\/\\\/repliquemangacine.fr\\\/\",\"logo\":{\"@type\":\"ImageObject\",\"inLanguage\":\"es\",\"@id\":\"https:\\\/\\\/repliquemangacine.fr\\\/#\\\/schema\\\/logo\\\/image\\\/\",\"url\":\"https:\\\/\\\/repliquemangacine.fr\\\/wp-content\\\/uploads\\\/2023\\\/10\\\/RMC-500250.png\",\"contentUrl\":\"https:\\\/\\\/repliquemangacine.fr\\\/wp-content\\\/uploads\\\/2023\\\/10\\\/RMC-500250.png\",\"width\":500,\"height\":250,\"caption\":\"R\u00e9plique Manga Cin\u00e9\"},\"image\":{\"@id\":\"https:\\\/\\\/repliquemangacine.fr\\\/#\\\/schema\\\/logo\\\/image\\\/\"},\"sameAs\":[\"https:\\\/\\\/www.facebook.com\\\/RepliqueMangaCine\",\"https:\\\/\\\/www.instagram.com\\\/repliquemangacine.fr\\\/\"]}]}<\/script>\n<!-- \/ Yoast SEO plugin. -->","yoast_head_json":{"title":"Funda Culata Mauser C96 - R\u00e9plique Manga Cin\u00e9","description":"Descubra r\u00e9plicas \u00fanicas en RMC: Mauser C96 Etui-Crosse, Garand M1, MP40. Alta calidad, precios competitivos, inmersi\u00f3n hist\u00f3rica garantizada.","robots":{"index":"index","follow":"follow","max-snippet":"max-snippet:-1","max-image-preview":"max-image-preview:large","max-video-preview":"max-video-preview:-1"},"canonical":"https:\/\/repliquemangacine.fr\/es\/reproduccion-armas-segunda-guerra-mundial-denix\/mauser-c96-grip-case\/","og_locale":"es_ES","og_type":"article","og_title":"Mauser C96 Etui-Crosse - R\u00e9plique Manga Cin\u00e9","og_description":"D\u00e9couvrez des r\u00e9pliques uniques chez RMC : Mauser C96 Etui-Crosse, Garand M1, MP40. Haute Qualit\u00e9, prix comp\u00e9titifs, immersion historique garantie.","og_url":"https:\/\/repliquemangacine.fr\/es\/reproduccion-armas-segunda-guerra-mundial-denix\/mauser-c96-grip-case\/","og_site_name":"R\u00e9plique Manga Cin\u00e9","article_publisher":"https:\/\/www.facebook.com\/RepliqueMangaCine","article_modified_time":"2025-11-18T14:17:17+00:00","og_image":[{"width":500,"height":500,"url":"https:\/\/repliquemangacine.fr\/wp-content\/uploads\/2024\/01\/Pistolet-mauser-C96-avec-crosse-en-bois-amovible.jpg","type":"image\/jpeg"}],"twitter_card":"summary_large_image","twitter_misc":{"Tiempo de lectura":"3 minutos"},"schema":{"@context":"https:\/\/schema.org","@graph":[{"@type":"WebPage","@id":"https:\/\/repliquemangacine.fr\/reproductions-armes-seconde-guerre-mondiale-denix\/mauser-c96-etui-crosse\/","url":"https:\/\/repliquemangacine.fr\/reproductions-armes-seconde-guerre-mondiale-denix\/mauser-c96-etui-crosse\/","name":"Funda Culata Mauser C96 - R\u00e9plique Manga Cin\u00e9","isPartOf":{"@id":"https:\/\/repliquemangacine.fr\/#website"},"primaryImageOfPage":{"@id":"https:\/\/repliquemangacine.fr\/reproductions-armes-seconde-guerre-mondiale-denix\/mauser-c96-etui-crosse\/#primaryimage"},"image":{"@id":"https:\/\/repliquemangacine.fr\/reproductions-armes-seconde-guerre-mondiale-denix\/mauser-c96-etui-crosse\/#primaryimage"},"thumbnailUrl":"https:\/\/repliquemangacine.fr\/wp-content\/uploads\/2024\/01\/Pistolet-mauser-C96-avec-crosse-en-bois-amovible.jpg","datePublished":"2024-01-11T16:28:12+00:00","dateModified":"2025-11-18T14:17:17+00:00","description":"Descubra r\u00e9plicas \u00fanicas en RMC: Mauser C96 Etui-Crosse, Garand M1, MP40. Alta calidad, precios competitivos, inmersi\u00f3n hist\u00f3rica garantizada.","breadcrumb":{"@id":"https:\/\/repliquemangacine.fr\/reproductions-armes-seconde-guerre-mondiale-denix\/mauser-c96-etui-crosse\/#breadcrumb"},"inLanguage":"es","potentialAction":[{"@type":"ReadAction","target":["https:\/\/repliquemangacine.fr\/reproductions-armes-seconde-guerre-mondiale-denix\/mauser-c96-etui-crosse\/"]}]},{"@type":"ImageObject","inLanguage":"es","@id":"https:\/\/repliquemangacine.fr\/reproductions-armes-seconde-guerre-mondiale-denix\/mauser-c96-etui-crosse\/#primaryimage","url":"https:\/\/repliquemangacine.fr\/wp-content\/uploads\/2024\/01\/Pistolet-mauser-C96-avec-crosse-en-bois-amovible.jpg","contentUrl":"https:\/\/repliquemangacine.fr\/wp-content\/uploads\/2024\/01\/Pistolet-mauser-C96-avec-crosse-en-bois-amovible.jpg","width":500,"height":500,"caption":"Mauser C96 Etui-Crosse amovible"},{"@type":"BreadcrumbList","@id":"https:\/\/repliquemangacine.fr\/reproductions-armes-seconde-guerre-mondiale-denix\/mauser-c96-etui-crosse\/#breadcrumb","itemListElement":[{"@type":"ListItem","position":1,"name":"Accueil","item":"https:\/\/repliquemangacine.fr\/"},{"@type":"ListItem","position":2,"name":"Produits","item":"https:\/\/repliquemangacine.fr\/boutique\/"},{"@type":"ListItem","position":3,"name":"Mauser C96 Etui-Crosse"}]},{"@type":"WebSite","@id":"https:\/\/repliquemangacine.fr\/#website","url":"https:\/\/repliquemangacine.fr\/","name":"R\u00e9plique Manga Cin\u00e9","description":"","publisher":{"@id":"https:\/\/repliquemangacine.fr\/#organization"},"potentialAction":[{"@type":"SearchAction","target":{"@type":"EntryPoint","urlTemplate":"https:\/\/repliquemangacine.fr\/?s={search_term_string}"},"query-input":{"@type":"PropertyValueSpecification","valueRequired":true,"valueName":"search_term_string"}}],"inLanguage":"es"},{"@type":"Organization","@id":"https:\/\/repliquemangacine.fr\/#organization","name":"R\u00e9plique Manga Cin\u00e9","url":"https:\/\/repliquemangacine.fr\/","logo":{"@type":"ImageObject","inLanguage":"es","@id":"https:\/\/repliquemangacine.fr\/#\/schema\/logo\/image\/","url":"https:\/\/repliquemangacine.fr\/wp-content\/uploads\/2023\/10\/RMC-500250.png","contentUrl":"https:\/\/repliquemangacine.fr\/wp-content\/uploads\/2023\/10\/RMC-500250.png","width":500,"height":250,"caption":"R\u00e9plique Manga Cin\u00e9"},"image":{"@id":"https:\/\/repliquemangacine.fr\/#\/schema\/logo\/image\/"},"sameAs":["https:\/\/www.facebook.com\/RepliqueMangaCine","https:\/\/www.instagram.com\/repliquemangacine.fr\/"]}]}},"_links":{"self":[{"href":"https:\/\/repliquemangacine.fr\/es\/wp-json\/wp\/v2\/product\/67958","targetHints":{"allow":["GET"]}}],"collection":[{"href":"https:\/\/repliquemangacine.fr\/es\/wp-json\/wp\/v2\/product"}],"about":[{"href":"https:\/\/repliquemangacine.fr\/es\/wp-json\/wp\/v2\/types\/product"}],"wp:featuredmedia":[{"embeddable":true,"href":"https:\/\/repliquemangacine.fr\/es\/wp-json\/wp\/v2\/media\/67960"}],"wp:attachment":[{"href":"https:\/\/repliquemangacine.fr\/es\/wp-json\/wp\/v2\/media?parent=67958"}],"wp:term":[{"taxonomy":"product_brand","embeddable":true,"href":"https:\/\/repliquemangacine.fr\/es\/wp-json\/wp\/v2\/product_brand?post=67958"},{"taxonomy":"product_cat","embeddable":true,"href":"https:\/\/repliquemangacine.fr\/es\/wp-json\/wp\/v2\/product_cat?post=67958"},{"taxonomy":"product_tag","embeddable":true,"href":"https:\/\/repliquemangacine.fr\/es\/wp-json\/wp\/v2\/product_tag?post=67958"}],"curies":[{"name":"wp","href":"https:\/\/api.w.org\/{rel}","templated":true}]}}