





{"id":67885,"date":"2024-01-09T17:57:50","date_gmt":"2024-01-09T16:57:50","guid":{"rendered":"https:\/\/repliquemangacine.fr\/?post_type=product&#038;p=67885"},"modified":"2026-03-19T17:11:44","modified_gmt":"2026-03-19T16:11:44","slug":"animales-fantasticos-peluche-niffleur","status":"publish","type":"product","link":"https:\/\/repliquemangacine.fr\/es\/les-animaux-fantastiques\/peluche-niffleur-les-animaux-fantastiques\/","title":{"rendered":"Peluche Niffleur - Fantastic Beasts"},"content":{"rendered":"<h2>Peluche Niffleur: el fiel compa\u00f1ero de los fans de Animales Fant\u00e1sticos<\/h2>\n<p>Para empezar, si eres fan de las criaturas m\u00e1gicas de Fantastic Beasts, entonces nuestro <strong>Peluche Niffleur<\/strong> no puede faltar en tu colecci\u00f3n. Estamos encantados de presentarte este adorable peluche inspirado en el <a href=\"https:\/\/harrypotter.fandom.com\/fr\/wiki\/Niffleur\" target=\"_blank\" rel=\"noopener noreferrer\">Niffler.<\/a> A esta traviesa criatura le encantan los objetos brillantes del mundo m\u00e1gico. Encarna el esp\u00edritu aventurero y juguet\u00f3n de este universo m\u00e1gico y har\u00e1 las delicias de todos los fans de Fantastic Beasts.<\/p>\n<h3>Descubre nuestro peluche Niffleur en Fantastic Beasts<\/h3>\n<p>De hecho, nuestro peluche captura a la perfecci\u00f3n el aspecto y la traviesa personalidad de esta criatura favorita de los fans. Con sus ojos inquisitivos y su tendencia a buscar tesoros, el Niffler se ha convertido en uno de los personajes favoritos de Animales Fant\u00e1sticos. Aunque no es oficial, est\u00e1 dise\u00f1ado con gran atenci\u00f3n al detalle para ofrecerte una r\u00e9plica de calidad.<\/p>\n<h2>Peluche Niffleur barato: un compa\u00f1ero travieso a bajo precio<\/h2>\n<p>Si siempre ha so\u00f1ado con adoptar un Niffleur, esa traviesa criatura, sin arruinarse, \u00a1ha llegado al lugar adecuado! Le presentamos nuestro <strong>Peluche Niffleur<\/strong> barata. Adem\u00e1s, es una opci\u00f3n econ\u00f3mica para todos los amantes de las criaturas m\u00e1gicas.<\/p>\n<p>Niffleur captura el esp\u00edritu juguet\u00f3n y travieso de esta criatura que busca objetos brillantes. Con sus ojos curiosos y su aire p\u00edcaro, es dif\u00edcil no sucumbir a su encanto.<\/p>\n<h3>Adopte su propio Niffleur: \u00a1un peluche barato e irresistible!<\/h3>\n<p>Es importante se\u00f1alar que nuestro <strong>Peluche Niffleur<\/strong> No es una edici\u00f3n oficial, pero est\u00e1 dise\u00f1ada con atenci\u00f3n al detalle y calidad.<\/p>\n<p>Tanto si desea ampliar su colecci\u00f3n de criaturas m\u00e1gicas como si quiere hacer un regalo m\u00e1gico a un amigo, nuestro <strong>Peluche Niffleur<\/strong> es la elecci\u00f3n perfecta. Encarna el encantador mundo de las Bestias Fant\u00e1sticas sin salirse del presupuesto.<\/p>\n<h2>Varitas m\u00e1gicas Animales fant\u00e1sticos: Magia de las criaturas<\/h2>\n<p>Sum\u00e9rgete en el fascinante mundo de Fantastic Beasts con nuestra exclusiva colecci\u00f3n de varitas m\u00e1gicas inspiradas en los ic\u00f3nicos personajes de la serie de pel\u00edculas. Por eso te ofrecemos nuestra gama completa de varitas especialmente dise\u00f1adas para los fans de Fantastic Beasts. Cada una de nuestras varitas encarna la magia de los h\u00e9roes y hero\u00ednas de este encantador universo.<\/p>\n<h3>Explore nuestra colecci\u00f3n de varitas de personajes<\/h3>\n<p>Tanto si le fascinan las aventuras de <a href=\"https:\/\/repliquemangacine.fr\/es\/animales-fantasticos\/varita-norbert-dragonneau-nucleo-metalico\/\">Newt Scamander<\/a>Tina Goldstein, as\u00ed como <a href=\"https:\/\/repliquemangacine.fr\/es\/animales-fantasticos\/varita-de-queenie-goldstein-animales-fantasticos\/\">La batuta de Queenie Goldstein<\/a>, u otros personajes memorables. Nuestras varitas rinden homenaje a su esencia m\u00e1gica. Cada varita es una r\u00e9plica fiel de los modelos utilizados en las pel\u00edculas, con una minuciosa atenci\u00f3n al detalle.<\/p>\n<p>Si eres coleccionista o amante de la magia, nuestras varitas son una forma fascinante de conectarte con este universo extraordinario.<\/p>\n<p>En conclusi\u00f3n, ampl\u00ede su colecci\u00f3n y viva la magia de sus personajes favoritos.<\/p>","protected":false},"excerpt":{"rendered":"<p>Magn\u00edfica r\u00e9plica no oficial del peluche Niffleur de Animales Fant\u00e1sticos.<\/p>\n<ul>\n<li>Todo fibra de poli\u00e9ster<\/li>\n<li>Altura: 23 cm<\/li>\n<li>Limpieza de superficies s\u00f3lo a mano<\/li>\n<li><strong>No apto para ni\u00f1os menores de 36 meses<\/strong><\/li>\n<\/ul>","protected":false},"featured_media":67886,"template":"","meta":[],"product_brand":[896],"product_cat":[104],"product_tag":[],"class_list":{"0":"post-67885","1":"product","2":"type-product","3":"status-publish","4":"has-post-thumbnail","6":"product_brand-replique-manga-cine","7":"product_cat-les-animaux-fantastiques","9":"first","10":"instock","11":"taxable","12":"shipping-taxable","13":"purchasable","14":"product-type-simple"},"yoast_head":"<!-- This site is optimized with the Yoast SEO plugin v27.4 - https:\/\/yoast.com\/product\/yoast-seo-wordpress\/ -->\n<title>Peluche Niffleur - Les Animaux Fantastiques - R\u00e9plique Manga Cin\u00e9<\/title>\n<meta name=\"description\" content=\"Venez d\u00e9couvrir cette Peluche Niffleur des Animaux Fantastiques au meilleur prix. Tout en fibres Polyester. Hauteur : 23 cm. Envoi 24\/48h\" \/>\n<meta name=\"robots\" content=\"index, follow, max-snippet:-1, max-image-preview:large, max-video-preview:-1\" \/>\n<link rel=\"canonical\" href=\"https:\/\/repliquemangacine.fr\/es\/animales-fantasticos\/animales-fantasticos-peluche-niffleur\/\" \/>\n<meta property=\"og:locale\" content=\"es_ES\" \/>\n<meta property=\"og:type\" content=\"article\" \/>\n<meta property=\"og:title\" content=\"Peluche Niffleur - Les Animaux Fantastiques - R\u00e9plique Manga Cin\u00e9\" \/>\n<meta property=\"og:description\" content=\"Venez d\u00e9couvrir cette Peluche Niffleur des Animaux Fantastiques au meilleur prix. Tout en fibres Polyester. Hauteur : 23 cm. Envoi 24\/48h\" \/>\n<meta property=\"og:url\" content=\"https:\/\/repliquemangacine.fr\/es\/animales-fantasticos\/animales-fantasticos-peluche-niffleur\/\" \/>\n<meta property=\"og:site_name\" content=\"R\u00e9plique Manga Cin\u00e9\" \/>\n<meta property=\"article:publisher\" content=\"https:\/\/www.facebook.com\/RepliqueMangaCine\" \/>\n<meta property=\"article:modified_time\" content=\"2026-03-19T16:11:44+00:00\" \/>\n<meta property=\"og:image\" content=\"https:\/\/repliquemangacine.fr\/wp-content\/uploads\/2024\/01\/peluche-niffleur.jpg\" \/>\n\t<meta property=\"og:image:width\" content=\"500\" \/>\n\t<meta property=\"og:image:height\" content=\"500\" \/>\n\t<meta property=\"og:image:type\" content=\"image\/jpeg\" \/>\n<meta name=\"twitter:card\" content=\"summary_large_image\" \/>\n<meta name=\"twitter:label1\" content=\"Tiempo de lectura\" \/>\n\t<meta name=\"twitter:data1\" content=\"3 minutos\" \/>\n<script type=\"application\/ld+json\" class=\"yoast-schema-graph\">{\"@context\":\"https:\\\/\\\/schema.org\",\"@graph\":[{\"@type\":\"WebPage\",\"@id\":\"https:\\\/\\\/repliquemangacine.fr\\\/les-animaux-fantastiques\\\/peluche-niffleur-les-animaux-fantastiques\\\/\",\"url\":\"https:\\\/\\\/repliquemangacine.fr\\\/les-animaux-fantastiques\\\/peluche-niffleur-les-animaux-fantastiques\\\/\",\"name\":\"Peluche Niffleur - Les Animaux Fantastiques - R\u00e9plique Manga Cin\u00e9\",\"isPartOf\":{\"@id\":\"https:\\\/\\\/repliquemangacine.fr\\\/#website\"},\"primaryImageOfPage\":{\"@id\":\"https:\\\/\\\/repliquemangacine.fr\\\/les-animaux-fantastiques\\\/peluche-niffleur-les-animaux-fantastiques\\\/#primaryimage\"},\"image\":{\"@id\":\"https:\\\/\\\/repliquemangacine.fr\\\/les-animaux-fantastiques\\\/peluche-niffleur-les-animaux-fantastiques\\\/#primaryimage\"},\"thumbnailUrl\":\"https:\\\/\\\/repliquemangacine.fr\\\/wp-content\\\/uploads\\\/2024\\\/01\\\/peluche-niffleur.jpg\",\"datePublished\":\"2024-01-09T16:57:50+00:00\",\"dateModified\":\"2026-03-19T16:11:44+00:00\",\"description\":\"Venez d\u00e9couvrir cette Peluche Niffleur des Animaux Fantastiques au meilleur prix. Tout en fibres Polyester. Hauteur : 23 cm. Envoi 24\\\/48h\",\"breadcrumb\":{\"@id\":\"https:\\\/\\\/repliquemangacine.fr\\\/les-animaux-fantastiques\\\/peluche-niffleur-les-animaux-fantastiques\\\/#breadcrumb\"},\"inLanguage\":\"es\",\"potentialAction\":[{\"@type\":\"ReadAction\",\"target\":[\"https:\\\/\\\/repliquemangacine.fr\\\/les-animaux-fantastiques\\\/peluche-niffleur-les-animaux-fantastiques\\\/\"]}]},{\"@type\":\"ImageObject\",\"inLanguage\":\"es\",\"@id\":\"https:\\\/\\\/repliquemangacine.fr\\\/les-animaux-fantastiques\\\/peluche-niffleur-les-animaux-fantastiques\\\/#primaryimage\",\"url\":\"https:\\\/\\\/repliquemangacine.fr\\\/wp-content\\\/uploads\\\/2024\\\/01\\\/peluche-niffleur.jpg\",\"contentUrl\":\"https:\\\/\\\/repliquemangacine.fr\\\/wp-content\\\/uploads\\\/2024\\\/01\\\/peluche-niffleur.jpg\",\"width\":500,\"height\":500,\"caption\":\"Peluche Niffleur des Animaux Fantastiques\"},{\"@type\":\"BreadcrumbList\",\"@id\":\"https:\\\/\\\/repliquemangacine.fr\\\/les-animaux-fantastiques\\\/peluche-niffleur-les-animaux-fantastiques\\\/#breadcrumb\",\"itemListElement\":[{\"@type\":\"ListItem\",\"position\":1,\"name\":\"Accueil\",\"item\":\"https:\\\/\\\/repliquemangacine.fr\\\/\"},{\"@type\":\"ListItem\",\"position\":2,\"name\":\"Produits\",\"item\":\"https:\\\/\\\/repliquemangacine.fr\\\/boutique\\\/\"},{\"@type\":\"ListItem\",\"position\":3,\"name\":\"Peluche Niffleur &#8211; Les Animaux Fantastiques\"}]},{\"@type\":\"WebSite\",\"@id\":\"https:\\\/\\\/repliquemangacine.fr\\\/#website\",\"url\":\"https:\\\/\\\/repliquemangacine.fr\\\/\",\"name\":\"R\u00e9plique Manga Cin\u00e9\",\"description\":\"\",\"publisher\":{\"@id\":\"https:\\\/\\\/repliquemangacine.fr\\\/#organization\"},\"potentialAction\":[{\"@type\":\"SearchAction\",\"target\":{\"@type\":\"EntryPoint\",\"urlTemplate\":\"https:\\\/\\\/repliquemangacine.fr\\\/?s={search_term_string}\"},\"query-input\":{\"@type\":\"PropertyValueSpecification\",\"valueRequired\":true,\"valueName\":\"search_term_string\"}}],\"inLanguage\":\"es\"},{\"@type\":\"Organization\",\"@id\":\"https:\\\/\\\/repliquemangacine.fr\\\/#organization\",\"name\":\"R\u00e9plique Manga Cin\u00e9\",\"url\":\"https:\\\/\\\/repliquemangacine.fr\\\/\",\"logo\":{\"@type\":\"ImageObject\",\"inLanguage\":\"es\",\"@id\":\"https:\\\/\\\/repliquemangacine.fr\\\/#\\\/schema\\\/logo\\\/image\\\/\",\"url\":\"https:\\\/\\\/repliquemangacine.fr\\\/wp-content\\\/uploads\\\/2023\\\/10\\\/RMC-500250.png\",\"contentUrl\":\"https:\\\/\\\/repliquemangacine.fr\\\/wp-content\\\/uploads\\\/2023\\\/10\\\/RMC-500250.png\",\"width\":500,\"height\":250,\"caption\":\"R\u00e9plique Manga Cin\u00e9\"},\"image\":{\"@id\":\"https:\\\/\\\/repliquemangacine.fr\\\/#\\\/schema\\\/logo\\\/image\\\/\"},\"sameAs\":[\"https:\\\/\\\/www.facebook.com\\\/RepliqueMangaCine\",\"https:\\\/\\\/www.instagram.com\\\/repliquemangacine.fr\\\/\"]}]}<\/script>\n<!-- \/ Yoast SEO plugin. -->","yoast_head_json":{"title":"Peluche Niffleur - Fantastic Beasts - R\u00e9plique Manga Cin\u00e9","description":"Ven a descubrir este peluche Niffleur de Animales Fant\u00e1sticos al mejor precio. Todo en fibras de Poli\u00e9ster. Altura : 23 cm. Entrega 24\/48h","robots":{"index":"index","follow":"follow","max-snippet":"max-snippet:-1","max-image-preview":"max-image-preview:large","max-video-preview":"max-video-preview:-1"},"canonical":"https:\/\/repliquemangacine.fr\/es\/animales-fantasticos\/animales-fantasticos-peluche-niffleur\/","og_locale":"es_ES","og_type":"article","og_title":"Peluche Niffleur - Les Animaux Fantastiques - R\u00e9plique Manga Cin\u00e9","og_description":"Venez d\u00e9couvrir cette Peluche Niffleur des Animaux Fantastiques au meilleur prix. Tout en fibres Polyester. Hauteur : 23 cm. Envoi 24\/48h","og_url":"https:\/\/repliquemangacine.fr\/es\/animales-fantasticos\/animales-fantasticos-peluche-niffleur\/","og_site_name":"R\u00e9plique Manga Cin\u00e9","article_publisher":"https:\/\/www.facebook.com\/RepliqueMangaCine","article_modified_time":"2026-03-19T16:11:44+00:00","og_image":[{"width":500,"height":500,"url":"https:\/\/repliquemangacine.fr\/wp-content\/uploads\/2024\/01\/peluche-niffleur.jpg","type":"image\/jpeg"}],"twitter_card":"summary_large_image","twitter_misc":{"Tiempo de lectura":"3 minutos"},"schema":{"@context":"https:\/\/schema.org","@graph":[{"@type":"WebPage","@id":"https:\/\/repliquemangacine.fr\/les-animaux-fantastiques\/peluche-niffleur-les-animaux-fantastiques\/","url":"https:\/\/repliquemangacine.fr\/les-animaux-fantastiques\/peluche-niffleur-les-animaux-fantastiques\/","name":"Peluche Niffleur - Fantastic Beasts - R\u00e9plique Manga Cin\u00e9","isPartOf":{"@id":"https:\/\/repliquemangacine.fr\/#website"},"primaryImageOfPage":{"@id":"https:\/\/repliquemangacine.fr\/les-animaux-fantastiques\/peluche-niffleur-les-animaux-fantastiques\/#primaryimage"},"image":{"@id":"https:\/\/repliquemangacine.fr\/les-animaux-fantastiques\/peluche-niffleur-les-animaux-fantastiques\/#primaryimage"},"thumbnailUrl":"https:\/\/repliquemangacine.fr\/wp-content\/uploads\/2024\/01\/peluche-niffleur.jpg","datePublished":"2024-01-09T16:57:50+00:00","dateModified":"2026-03-19T16:11:44+00:00","description":"Ven a descubrir este peluche Niffleur de Animales Fant\u00e1sticos al mejor precio. Todo en fibras de Poli\u00e9ster. Altura : 23 cm. Entrega 24\/48h","breadcrumb":{"@id":"https:\/\/repliquemangacine.fr\/les-animaux-fantastiques\/peluche-niffleur-les-animaux-fantastiques\/#breadcrumb"},"inLanguage":"es","potentialAction":[{"@type":"ReadAction","target":["https:\/\/repliquemangacine.fr\/les-animaux-fantastiques\/peluche-niffleur-les-animaux-fantastiques\/"]}]},{"@type":"ImageObject","inLanguage":"es","@id":"https:\/\/repliquemangacine.fr\/les-animaux-fantastiques\/peluche-niffleur-les-animaux-fantastiques\/#primaryimage","url":"https:\/\/repliquemangacine.fr\/wp-content\/uploads\/2024\/01\/peluche-niffleur.jpg","contentUrl":"https:\/\/repliquemangacine.fr\/wp-content\/uploads\/2024\/01\/peluche-niffleur.jpg","width":500,"height":500,"caption":"Peluche Niffleur des Animaux Fantastiques"},{"@type":"BreadcrumbList","@id":"https:\/\/repliquemangacine.fr\/les-animaux-fantastiques\/peluche-niffleur-les-animaux-fantastiques\/#breadcrumb","itemListElement":[{"@type":"ListItem","position":1,"name":"Accueil","item":"https:\/\/repliquemangacine.fr\/"},{"@type":"ListItem","position":2,"name":"Produits","item":"https:\/\/repliquemangacine.fr\/boutique\/"},{"@type":"ListItem","position":3,"name":"Peluche Niffleur &#8211; Les Animaux Fantastiques"}]},{"@type":"WebSite","@id":"https:\/\/repliquemangacine.fr\/#website","url":"https:\/\/repliquemangacine.fr\/","name":"R\u00e9plique Manga Cin\u00e9","description":"","publisher":{"@id":"https:\/\/repliquemangacine.fr\/#organization"},"potentialAction":[{"@type":"SearchAction","target":{"@type":"EntryPoint","urlTemplate":"https:\/\/repliquemangacine.fr\/?s={search_term_string}"},"query-input":{"@type":"PropertyValueSpecification","valueRequired":true,"valueName":"search_term_string"}}],"inLanguage":"es"},{"@type":"Organization","@id":"https:\/\/repliquemangacine.fr\/#organization","name":"R\u00e9plique Manga Cin\u00e9","url":"https:\/\/repliquemangacine.fr\/","logo":{"@type":"ImageObject","inLanguage":"es","@id":"https:\/\/repliquemangacine.fr\/#\/schema\/logo\/image\/","url":"https:\/\/repliquemangacine.fr\/wp-content\/uploads\/2023\/10\/RMC-500250.png","contentUrl":"https:\/\/repliquemangacine.fr\/wp-content\/uploads\/2023\/10\/RMC-500250.png","width":500,"height":250,"caption":"R\u00e9plique Manga Cin\u00e9"},"image":{"@id":"https:\/\/repliquemangacine.fr\/#\/schema\/logo\/image\/"},"sameAs":["https:\/\/www.facebook.com\/RepliqueMangaCine","https:\/\/www.instagram.com\/repliquemangacine.fr\/"]}]}},"_links":{"self":[{"href":"https:\/\/repliquemangacine.fr\/es\/wp-json\/wp\/v2\/product\/67885","targetHints":{"allow":["GET"]}}],"collection":[{"href":"https:\/\/repliquemangacine.fr\/es\/wp-json\/wp\/v2\/product"}],"about":[{"href":"https:\/\/repliquemangacine.fr\/es\/wp-json\/wp\/v2\/types\/product"}],"wp:featuredmedia":[{"embeddable":true,"href":"https:\/\/repliquemangacine.fr\/es\/wp-json\/wp\/v2\/media\/67886"}],"wp:attachment":[{"href":"https:\/\/repliquemangacine.fr\/es\/wp-json\/wp\/v2\/media?parent=67885"}],"wp:term":[{"taxonomy":"product_brand","embeddable":true,"href":"https:\/\/repliquemangacine.fr\/es\/wp-json\/wp\/v2\/product_brand?post=67885"},{"taxonomy":"product_cat","embeddable":true,"href":"https:\/\/repliquemangacine.fr\/es\/wp-json\/wp\/v2\/product_cat?post=67885"},{"taxonomy":"product_tag","embeddable":true,"href":"https:\/\/repliquemangacine.fr\/es\/wp-json\/wp\/v2\/product_tag?post=67885"}],"curies":[{"name":"wp","href":"https:\/\/api.w.org\/{rel}","templated":true}]}}