





{"id":67874,"date":"2024-01-09T14:49:05","date_gmt":"2024-01-09T13:49:05","guid":{"rendered":"https:\/\/repliquemangacine.fr\/?post_type=product&#038;p=67874"},"modified":"2025-12-16T15:34:33","modified_gmt":"2025-12-16T14:34:33","slug":"piedra-filosofal-harry-potter","status":"publish","type":"product","link":"https:\/\/repliquemangacine.fr\/es\/collectors-et-goodies-harry-potter\/pierre-philosophale-harry-potter\/","title":{"rendered":"La piedra filosofal Harry Potter"},"content":{"rendered":"<h2>La piedra filosofal: un artefacto m\u00edtico en el universo de Harry Potter<\/h2>\n<p>Para empezar, el <strong>La piedra filosofal en Harry Potter<\/strong>, un artefacto legendario en el coraz\u00f3n de este universo, fascina a los fans desde hace a\u00f1os. De hecho, en nuestra colecci\u00f3n de productos, te ofrecemos una r\u00e9plica fiel de este emblem\u00e1tico objeto m\u00e1gico.<br \/>\nTanto si eres un mago en ciernes como un coleccionista apasionado, esta r\u00e9plica de la Piedra Filosofal es imprescindible. Fabricada con un cuidado por los detalles sin igual, captura la esencia de la obra de J. K. Rowling de una manera impresionante.<\/p>\n<h3>Descubre la piedra filosofal de Harry Potter<\/h3>\n<p>D\u00e9jese transportar al encantador mundo de Harry Potter poseyendo esta r\u00e9plica \u00fanica. Imagina las aventuras de Harry, Ron y Hermione en su b\u00fasqueda de esta misteriosa piedra para alcanzar la inmortalidad. Tanto si quieres exhibirla con orgullo en tu colecci\u00f3n como lucirla en tus eventos de cosplay, nuestra r\u00e9plica te garantiza una experiencia aut\u00e9ntica.<\/p>\n<h2>La piedra filosofal barata Harry Potter: Una r\u00e9plica de calidad<\/h2>\n<p>En busca de una r\u00e9plica del <a href=\"https:\/\/harrypotter.fandom.com\/fr\/wiki\/Pierre_philosophale\" target=\"_blank\" rel=\"noopener noreferrer\">La piedra filosofal<\/a> \u00bfBuscas Harry Potter barato sin sacrificar la calidad? \u00a1Est\u00e1s en el lugar adecuado!<br \/>\nEn R\u00e9plique Manga Cin\u00e9, nos enorgullece presentarles nuestra r\u00e9plica asequible de la Piedra Filosofal. De hecho, entendemos que no todos los magos y fans de Harry Potter pueden permitirse gastar una fortuna para poseer este m\u00edtico artefacto.<\/p>\n<h3>\u00a1Descubra la Piedra Filosofal a un precio asequible!<\/h3>\n<p>Cabe destacar que nuestra r\u00e9plica de la Piedra Filosofal est\u00e1 dise\u00f1ada con gran precisi\u00f3n en los detalles. Sin embargo, es importante se\u00f1alar que nuestra r\u00e9plica no es una joya oficial de la saga, pero es de gran calidad.<\/p>\n<p>Creemos en la magia de la imaginaci\u00f3n. Esta r\u00e9plica es perfecta para los fans que quieren a\u00f1adir un toque de magia a su colecci\u00f3n sin vaciar su bolsillo.<\/p>\n<h2>Varita de Harry Potter y otros objetos de colecci\u00f3n<\/h2>\n<p>En RMC, no nos conformamos con ofrecerle la <strong>La piedra filosofal Harry Potter<\/strong>. Tambi\u00e9n contamos con una impresionante selecci\u00f3n de varitas m\u00e1gicas y otros productos de colecci\u00f3n.<br \/>\nTanto si eres un aspirante a mago en busca de la varita perfecta como un coleccionista apasionado, nuestra colecci\u00f3n tiene todo lo que necesitas.<\/p>\n<h3>Explore nuestra gama de productos para colectores<\/h3>\n<p>Sum\u00e9rgete en el encantador mundo de Harry Potter descubriendo nuestra gama de varitas de personajes como la <a href=\"https:\/\/repliquemangacine.fr\/es\/varitas-de-personajes-de-harry-potter\/varita-de-harry-potter-nucleo-de-metal-de-alta-calidad\/\">La varita de Harry<\/a>Hermione o cualquier otro personaje. Tambi\u00e9n est\u00e1 el peluche de Edwige, as\u00ed como el <a href=\"https:\/\/repliquemangacine.fr\/es\/coleccionistas-y-objetos-de-harry-potter\/harry-potter-escoba-de-fuego\/\">Escoba Firebolt<\/a>. En conclusi\u00f3n, nuestra tienda online es un aut\u00e9ntico tesoro para los fans de Harry Potter. Seguro que encuentras algo que enriquecer\u00e1 tu colecci\u00f3n.<\/p>\n<p>Descubre hoy mismo nuestra gama completa de varitas m\u00e1gicas de Harry Potter y otros productos de coleccionista.<\/p>","protected":false},"excerpt":{"rendered":"<p>Magn\u00edfica r\u00e9plica barata del collar de la Piedra Filosofal de Harry Potter<\/p>\n<ul>\n<li>Piedra de resina<\/li>\n<li>Cadena de acero dorado<\/li>\n<li>Se entrega en una bolsa de terciopelo negro de Harry Potter<\/li>\n<\/ul>","protected":false},"featured_media":67875,"template":"","meta":[],"product_brand":[],"product_cat":[87],"product_tag":[],"class_list":{"0":"post-67874","1":"product","2":"type-product","3":"status-publish","4":"has-post-thumbnail","6":"product_cat-collectors-et-goodies-harry-potter","8":"first","9":"instock","10":"taxable","11":"shipping-taxable","12":"purchasable","13":"product-type-simple"},"yoast_head":"<!-- This site is optimized with the Yoast SEO plugin v27.5 - https:\/\/yoast.com\/product\/yoast-seo-wordpress\/ -->\n<title>Pierre Philosophale Harry Potter - Collier collector | R\u00e9plique Manga Cin\u00e9<\/title>\n<meta name=\"description\" content=\"Venez d\u00e9couvrir ce pendentif Pierre Philosophale Harry Potter pas cher. Chaine en zinc dor\u00e9. Pierre en r\u00e9sine. Livr\u00e9 avec sa pochette Harry Potter\" \/>\n<meta name=\"robots\" content=\"index, follow, max-snippet:-1, max-image-preview:large, max-video-preview:-1\" \/>\n<link rel=\"canonical\" href=\"https:\/\/repliquemangacine.fr\/es\/coleccionistas-y-objetos-de-harry-potter\/piedra-filosofal-harry-potter\/\" \/>\n<meta property=\"og:locale\" content=\"es_ES\" \/>\n<meta property=\"og:type\" content=\"article\" \/>\n<meta property=\"og:title\" content=\"Pierre Philosophale Harry Potter - Collier collector | R\u00e9plique Manga Cin\u00e9\" \/>\n<meta property=\"og:description\" content=\"Venez d\u00e9couvrir ce pendentif Pierre Philosophale Harry Potter pas cher. Chaine en zinc dor\u00e9. Pierre en r\u00e9sine. Livr\u00e9 avec sa pochette Harry Potter\" \/>\n<meta property=\"og:url\" content=\"https:\/\/repliquemangacine.fr\/es\/coleccionistas-y-objetos-de-harry-potter\/piedra-filosofal-harry-potter\/\" \/>\n<meta property=\"og:site_name\" content=\"R\u00e9plique Manga Cin\u00e9\" \/>\n<meta property=\"article:publisher\" content=\"https:\/\/www.facebook.com\/RepliqueMangaCine\" \/>\n<meta property=\"article:modified_time\" content=\"2025-12-16T14:34:33+00:00\" \/>\n<meta property=\"og:image\" content=\"https:\/\/repliquemangacine.fr\/wp-content\/uploads\/2024\/01\/pierre-philosophale-harry-potter.jpg\" \/>\n\t<meta property=\"og:image:width\" content=\"500\" \/>\n\t<meta property=\"og:image:height\" content=\"500\" \/>\n\t<meta property=\"og:image:type\" content=\"image\/jpeg\" \/>\n<meta name=\"twitter:card\" content=\"summary_large_image\" \/>\n<meta name=\"twitter:label1\" content=\"Tiempo de lectura\" \/>\n\t<meta name=\"twitter:data1\" content=\"3 minutos\" \/>\n<script type=\"application\/ld+json\" class=\"yoast-schema-graph\">{\"@context\":\"https:\\\/\\\/schema.org\",\"@graph\":[{\"@type\":\"WebPage\",\"@id\":\"https:\\\/\\\/repliquemangacine.fr\\\/collectors-et-goodies-harry-potter\\\/pierre-philosophale-harry-potter\\\/\",\"url\":\"https:\\\/\\\/repliquemangacine.fr\\\/collectors-et-goodies-harry-potter\\\/pierre-philosophale-harry-potter\\\/\",\"name\":\"Pierre Philosophale Harry Potter - Collier collector | R\u00e9plique Manga Cin\u00e9\",\"isPartOf\":{\"@id\":\"https:\\\/\\\/repliquemangacine.fr\\\/#website\"},\"primaryImageOfPage\":{\"@id\":\"https:\\\/\\\/repliquemangacine.fr\\\/collectors-et-goodies-harry-potter\\\/pierre-philosophale-harry-potter\\\/#primaryimage\"},\"image\":{\"@id\":\"https:\\\/\\\/repliquemangacine.fr\\\/collectors-et-goodies-harry-potter\\\/pierre-philosophale-harry-potter\\\/#primaryimage\"},\"thumbnailUrl\":\"https:\\\/\\\/repliquemangacine.fr\\\/wp-content\\\/uploads\\\/2024\\\/01\\\/pierre-philosophale-harry-potter.jpg\",\"datePublished\":\"2024-01-09T13:49:05+00:00\",\"dateModified\":\"2025-12-16T14:34:33+00:00\",\"description\":\"Venez d\u00e9couvrir ce pendentif Pierre Philosophale Harry Potter pas cher. Chaine en zinc dor\u00e9. Pierre en r\u00e9sine. Livr\u00e9 avec sa pochette Harry Potter\",\"breadcrumb\":{\"@id\":\"https:\\\/\\\/repliquemangacine.fr\\\/collectors-et-goodies-harry-potter\\\/pierre-philosophale-harry-potter\\\/#breadcrumb\"},\"inLanguage\":\"es\",\"potentialAction\":[{\"@type\":\"ReadAction\",\"target\":[\"https:\\\/\\\/repliquemangacine.fr\\\/collectors-et-goodies-harry-potter\\\/pierre-philosophale-harry-potter\\\/\"]}]},{\"@type\":\"ImageObject\",\"inLanguage\":\"es\",\"@id\":\"https:\\\/\\\/repliquemangacine.fr\\\/collectors-et-goodies-harry-potter\\\/pierre-philosophale-harry-potter\\\/#primaryimage\",\"url\":\"https:\\\/\\\/repliquemangacine.fr\\\/wp-content\\\/uploads\\\/2024\\\/01\\\/pierre-philosophale-harry-potter.jpg\",\"contentUrl\":\"https:\\\/\\\/repliquemangacine.fr\\\/wp-content\\\/uploads\\\/2024\\\/01\\\/pierre-philosophale-harry-potter.jpg\",\"width\":500,\"height\":500,\"caption\":\"Pierre Philosophale Harry Potter\"},{\"@type\":\"BreadcrumbList\",\"@id\":\"https:\\\/\\\/repliquemangacine.fr\\\/collectors-et-goodies-harry-potter\\\/pierre-philosophale-harry-potter\\\/#breadcrumb\",\"itemListElement\":[{\"@type\":\"ListItem\",\"position\":1,\"name\":\"Accueil\",\"item\":\"https:\\\/\\\/repliquemangacine.fr\\\/\"},{\"@type\":\"ListItem\",\"position\":2,\"name\":\"Produits\",\"item\":\"https:\\\/\\\/repliquemangacine.fr\\\/boutique\\\/\"},{\"@type\":\"ListItem\",\"position\":3,\"name\":\"Pierre Philosophale Harry Potter\"}]},{\"@type\":\"WebSite\",\"@id\":\"https:\\\/\\\/repliquemangacine.fr\\\/#website\",\"url\":\"https:\\\/\\\/repliquemangacine.fr\\\/\",\"name\":\"R\u00e9plique Manga Cin\u00e9\",\"description\":\"\",\"publisher\":{\"@id\":\"https:\\\/\\\/repliquemangacine.fr\\\/#organization\"},\"potentialAction\":[{\"@type\":\"SearchAction\",\"target\":{\"@type\":\"EntryPoint\",\"urlTemplate\":\"https:\\\/\\\/repliquemangacine.fr\\\/?s={search_term_string}\"},\"query-input\":{\"@type\":\"PropertyValueSpecification\",\"valueRequired\":true,\"valueName\":\"search_term_string\"}}],\"inLanguage\":\"es\"},{\"@type\":\"Organization\",\"@id\":\"https:\\\/\\\/repliquemangacine.fr\\\/#organization\",\"name\":\"R\u00e9plique Manga Cin\u00e9\",\"url\":\"https:\\\/\\\/repliquemangacine.fr\\\/\",\"logo\":{\"@type\":\"ImageObject\",\"inLanguage\":\"es\",\"@id\":\"https:\\\/\\\/repliquemangacine.fr\\\/#\\\/schema\\\/logo\\\/image\\\/\",\"url\":\"https:\\\/\\\/repliquemangacine.fr\\\/wp-content\\\/uploads\\\/2023\\\/10\\\/RMC-500250.png\",\"contentUrl\":\"https:\\\/\\\/repliquemangacine.fr\\\/wp-content\\\/uploads\\\/2023\\\/10\\\/RMC-500250.png\",\"width\":500,\"height\":250,\"caption\":\"R\u00e9plique Manga Cin\u00e9\"},\"image\":{\"@id\":\"https:\\\/\\\/repliquemangacine.fr\\\/#\\\/schema\\\/logo\\\/image\\\/\"},\"sameAs\":[\"https:\\\/\\\/www.facebook.com\\\/RepliqueMangaCine\",\"https:\\\/\\\/www.instagram.com\\\/repliquemangacine.fr\\\/\"]}]}<\/script>\n<!-- \/ Yoast SEO plugin. -->","yoast_head_json":{"title":"Piedra Filosofal Harry Potter - Collar de coleccionista | R\u00e9plique Manga Cin\u00e9","description":"Ven a descubrir este colgante de la Piedra Filosofal de Harry Potter. Cadena de zinc dorado. Piedra de resina. Se entrega con su bolsa Harry Potter","robots":{"index":"index","follow":"follow","max-snippet":"max-snippet:-1","max-image-preview":"max-image-preview:large","max-video-preview":"max-video-preview:-1"},"canonical":"https:\/\/repliquemangacine.fr\/es\/coleccionistas-y-objetos-de-harry-potter\/piedra-filosofal-harry-potter\/","og_locale":"es_ES","og_type":"article","og_title":"Pierre Philosophale Harry Potter - Collier collector | R\u00e9plique Manga Cin\u00e9","og_description":"Venez d\u00e9couvrir ce pendentif Pierre Philosophale Harry Potter pas cher. Chaine en zinc dor\u00e9. Pierre en r\u00e9sine. Livr\u00e9 avec sa pochette Harry Potter","og_url":"https:\/\/repliquemangacine.fr\/es\/coleccionistas-y-objetos-de-harry-potter\/piedra-filosofal-harry-potter\/","og_site_name":"R\u00e9plique Manga Cin\u00e9","article_publisher":"https:\/\/www.facebook.com\/RepliqueMangaCine","article_modified_time":"2025-12-16T14:34:33+00:00","og_image":[{"width":500,"height":500,"url":"https:\/\/repliquemangacine.fr\/wp-content\/uploads\/2024\/01\/pierre-philosophale-harry-potter.jpg","type":"image\/jpeg"}],"twitter_card":"summary_large_image","twitter_misc":{"Tiempo de lectura":"3 minutos"},"schema":{"@context":"https:\/\/schema.org","@graph":[{"@type":"WebPage","@id":"https:\/\/repliquemangacine.fr\/collectors-et-goodies-harry-potter\/pierre-philosophale-harry-potter\/","url":"https:\/\/repliquemangacine.fr\/collectors-et-goodies-harry-potter\/pierre-philosophale-harry-potter\/","name":"Piedra Filosofal Harry Potter - Collar de coleccionista | R\u00e9plique Manga Cin\u00e9","isPartOf":{"@id":"https:\/\/repliquemangacine.fr\/#website"},"primaryImageOfPage":{"@id":"https:\/\/repliquemangacine.fr\/collectors-et-goodies-harry-potter\/pierre-philosophale-harry-potter\/#primaryimage"},"image":{"@id":"https:\/\/repliquemangacine.fr\/collectors-et-goodies-harry-potter\/pierre-philosophale-harry-potter\/#primaryimage"},"thumbnailUrl":"https:\/\/repliquemangacine.fr\/wp-content\/uploads\/2024\/01\/pierre-philosophale-harry-potter.jpg","datePublished":"2024-01-09T13:49:05+00:00","dateModified":"2025-12-16T14:34:33+00:00","description":"Ven a descubrir este colgante de la Piedra Filosofal de Harry Potter. Cadena de zinc dorado. Piedra de resina. Se entrega con su bolsa Harry Potter","breadcrumb":{"@id":"https:\/\/repliquemangacine.fr\/collectors-et-goodies-harry-potter\/pierre-philosophale-harry-potter\/#breadcrumb"},"inLanguage":"es","potentialAction":[{"@type":"ReadAction","target":["https:\/\/repliquemangacine.fr\/collectors-et-goodies-harry-potter\/pierre-philosophale-harry-potter\/"]}]},{"@type":"ImageObject","inLanguage":"es","@id":"https:\/\/repliquemangacine.fr\/collectors-et-goodies-harry-potter\/pierre-philosophale-harry-potter\/#primaryimage","url":"https:\/\/repliquemangacine.fr\/wp-content\/uploads\/2024\/01\/pierre-philosophale-harry-potter.jpg","contentUrl":"https:\/\/repliquemangacine.fr\/wp-content\/uploads\/2024\/01\/pierre-philosophale-harry-potter.jpg","width":500,"height":500,"caption":"Pierre Philosophale Harry Potter"},{"@type":"BreadcrumbList","@id":"https:\/\/repliquemangacine.fr\/collectors-et-goodies-harry-potter\/pierre-philosophale-harry-potter\/#breadcrumb","itemListElement":[{"@type":"ListItem","position":1,"name":"Accueil","item":"https:\/\/repliquemangacine.fr\/"},{"@type":"ListItem","position":2,"name":"Produits","item":"https:\/\/repliquemangacine.fr\/boutique\/"},{"@type":"ListItem","position":3,"name":"Pierre Philosophale Harry Potter"}]},{"@type":"WebSite","@id":"https:\/\/repliquemangacine.fr\/#website","url":"https:\/\/repliquemangacine.fr\/","name":"R\u00e9plique Manga Cin\u00e9","description":"","publisher":{"@id":"https:\/\/repliquemangacine.fr\/#organization"},"potentialAction":[{"@type":"SearchAction","target":{"@type":"EntryPoint","urlTemplate":"https:\/\/repliquemangacine.fr\/?s={search_term_string}"},"query-input":{"@type":"PropertyValueSpecification","valueRequired":true,"valueName":"search_term_string"}}],"inLanguage":"es"},{"@type":"Organization","@id":"https:\/\/repliquemangacine.fr\/#organization","name":"R\u00e9plique Manga Cin\u00e9","url":"https:\/\/repliquemangacine.fr\/","logo":{"@type":"ImageObject","inLanguage":"es","@id":"https:\/\/repliquemangacine.fr\/#\/schema\/logo\/image\/","url":"https:\/\/repliquemangacine.fr\/wp-content\/uploads\/2023\/10\/RMC-500250.png","contentUrl":"https:\/\/repliquemangacine.fr\/wp-content\/uploads\/2023\/10\/RMC-500250.png","width":500,"height":250,"caption":"R\u00e9plique Manga Cin\u00e9"},"image":{"@id":"https:\/\/repliquemangacine.fr\/#\/schema\/logo\/image\/"},"sameAs":["https:\/\/www.facebook.com\/RepliqueMangaCine","https:\/\/www.instagram.com\/repliquemangacine.fr\/"]}]}},"_links":{"self":[{"href":"https:\/\/repliquemangacine.fr\/es\/wp-json\/wp\/v2\/product\/67874","targetHints":{"allow":["GET"]}}],"collection":[{"href":"https:\/\/repliquemangacine.fr\/es\/wp-json\/wp\/v2\/product"}],"about":[{"href":"https:\/\/repliquemangacine.fr\/es\/wp-json\/wp\/v2\/types\/product"}],"wp:featuredmedia":[{"embeddable":true,"href":"https:\/\/repliquemangacine.fr\/es\/wp-json\/wp\/v2\/media\/67875"}],"wp:attachment":[{"href":"https:\/\/repliquemangacine.fr\/es\/wp-json\/wp\/v2\/media?parent=67874"}],"wp:term":[{"taxonomy":"product_brand","embeddable":true,"href":"https:\/\/repliquemangacine.fr\/es\/wp-json\/wp\/v2\/product_brand?post=67874"},{"taxonomy":"product_cat","embeddable":true,"href":"https:\/\/repliquemangacine.fr\/es\/wp-json\/wp\/v2\/product_cat?post=67874"},{"taxonomy":"product_tag","embeddable":true,"href":"https:\/\/repliquemangacine.fr\/es\/wp-json\/wp\/v2\/product_tag?post=67874"}],"curies":[{"name":"wp","href":"https:\/\/api.w.org\/{rel}","templated":true}]}}